

{"id":207127,"date":"2023-09-27T10:34:30","date_gmt":"2023-09-27T13:34:30","guid":{"rendered":"https:\/\/goias.gov.br\/detran\/?page_id=207127"},"modified":"2026-01-22T15:55:02","modified_gmt":"2026-01-22T18:55:02","slug":"projetos-de-inovacao-no-servico-publico","status":"publish","type":"page","link":"https:\/\/goias.gov.br\/detran\/projetos-de-inovacao-no-servico-publico\/","title":{"rendered":"Projetos de Inova\u00e7\u00e3o no Servi\u00e7o P\u00fablico"},"content":{"rendered":"\t\t<div data-elementor-type=\"wp-page\" data-elementor-id=\"207127\" class=\"elementor elementor-207127\">\n\t\t\t\t<div class=\"elementor-element elementor-element-80cdc30 e-flex e-con-boxed e-con e-parent\" data-id=\"80cdc30\" data-element_type=\"container\" data-e-type=\"container\">\n\t\t\t\t\t<div class=\"e-con-inner\">\n\t\t\t\t<div class=\"elementor-element elementor-element-3f697d7 elementor-widget elementor-widget-text-editor\" data-id=\"3f697d7\" data-element_type=\"widget\" data-e-type=\"widget\" data-widget_type=\"text-editor.default\">\n\t\t\t\t\t\t\t\t\t<p><i class=\"far fa-clock\" aria-hidden=\"true\"><\/i>\u00a0<span class=\"meta-prefix\">\u00daltima Atualiza\u00e7\u00e3o em <\/span><a href=\"https:\/\/goias.gov.br\/detran\/projetos-de-inovacao-no-servico-publico\/\">8 de maio de 2024<\/a><\/p>\t\t\t\t\t\t\t\t<\/div>\n\t\t\t\t\t<\/div>\n\t\t\t\t<\/div>\n\t\t<div class=\"elementor-element elementor-element-3406079 e-flex e-con-boxed e-con e-parent\" data-id=\"3406079\" data-element_type=\"container\" data-e-type=\"container\">\n\t\t\t\t\t<div class=\"e-con-inner\">\n\t\t<div class=\"elementor-element elementor-element-b15ac08 e-con-full e-flex e-con e-child\" data-id=\"b15ac08\" data-element_type=\"container\" data-e-type=\"container\" data-settings=\"{&quot;background_background&quot;:&quot;classic&quot;}\">\n\t\t\t\t<div class=\"elementor-element elementor-element-b5f1026 elementor-widget elementor-widget-heading\" data-id=\"b5f1026\" data-element_type=\"widget\" data-e-type=\"widget\" data-widget_type=\"heading.default\">\n\t\t\t\t\t<h4 class=\"elementor-heading-title elementor-size-default\"><a href=\"https:\/\/goias.gov.br\/detran\/1904\/\">Detran Acess\u00edvel<\/a><\/h4>\t\t\t\t<\/div>\n\t\t\t\t<div class=\"elementor-element elementor-element-0dd2001 elementor-widget-divider--view-line elementor-widget elementor-widget-divider\" data-id=\"0dd2001\" data-element_type=\"widget\" data-e-type=\"widget\" data-widget_type=\"divider.default\">\n\t\t\t\t\t\t\t<div class=\"elementor-divider\">\n\t\t\t<span class=\"elementor-divider-separator\">\n\t\t\t\t\t\t<\/span>\n\t\t<\/div>\n\t\t\t\t\t\t<\/div>\n\t\t\t\t<div class=\"elementor-element elementor-element-1971014 elementor-widget elementor-widget-text-editor\" data-id=\"1971014\" data-element_type=\"widget\" data-e-type=\"widget\" data-widget_type=\"text-editor.default\">\n\t\t\t\t\t\t\t\t\t<div class=\"wppb-column-parent wppb-column-parent-view wppb-col-1688734413138 \"><div class=\"wppb-column\"><div class=\"wppb-builder-addons\"><div class=\"wppb-builder-addon wppb-addon-1688734413139\" data-addon-id=\"1688734413139\"><div class=\"wppb-addon\"><div class=\"wppb-feature-box-addon\"><div class=\"wppb-feature-box-content\"><div class=\"feature-icontitle-six\"><div class=\"wppb-feature-box-intro\" style=\"text-align: justify;\">Projeto inovador no atendimento remoto em libras para surdos, que busca promover a inclus\u00e3o e resgatar a cidadania da pessoa com defici\u00eancia, oferecendo servi\u00e7os de qualidade.<\/div><\/div><\/div><\/div><\/div><\/div><\/div><\/div><\/div>\t\t\t\t\t\t\t\t<\/div>\n\t\t\t\t<\/div>\n\t\t\t\t\t<\/div>\n\t\t\t\t<\/div>\n\t\t\t\t<\/div>\n\t\t","protected":false},"excerpt":{"rendered":"<p>\u00a0\u00daltima Atualiza\u00e7\u00e3o em 8 de maio de 2024 Detran Acess\u00edvel Projeto inovador no atendimento remoto em libras para surdos, que busca promover a inclus\u00e3o e resgatar a cidadania da pessoa com defici\u00eancia, oferecendo servi\u00e7os de qualidade.<\/p>\n","protected":false},"author":39,"featured_media":0,"parent":0,"menu_order":0,"comment_status":"closed","ping_status":"closed","template":"","meta":{"footnotes":"","_links_to":"","_links_to_target":""},"class_list":["post-207127","page","type-page","status-publish","hentry"],"rttpg_featured_image_url":null,"rttpg_author":{"display_name":"matheuspires","author_link":"https:\/\/goias.gov.br\/detran\/author\/matheusbp\/"},"rttpg_comment":0,"rttpg_category":null,"rttpg_excerpt":"\u00a0\u00daltima Atualiza\u00e7\u00e3o em 8 de maio de 2024 Detran Acess\u00edvel Projeto inovador no atendimento remoto em libras para surdos, que busca promover a inclus\u00e3o e resgatar a cidadania da pessoa com defici\u00eancia, oferecendo servi\u00e7os de qualidade.","_links":{"self":[{"href":"https:\/\/goias.gov.br\/detran\/wp-json\/wp\/v2\/pages\/207127","targetHints":{"allow":["GET"]}}],"collection":[{"href":"https:\/\/goias.gov.br\/detran\/wp-json\/wp\/v2\/pages"}],"about":[{"href":"https:\/\/goias.gov.br\/detran\/wp-json\/wp\/v2\/types\/page"}],"author":[{"embeddable":true,"href":"https:\/\/goias.gov.br\/detran\/wp-json\/wp\/v2\/users\/39"}],"replies":[{"embeddable":true,"href":"https:\/\/goias.gov.br\/detran\/wp-json\/wp\/v2\/comments?post=207127"}],"version-history":[{"count":3,"href":"https:\/\/goias.gov.br\/detran\/wp-json\/wp\/v2\/pages\/207127\/revisions"}],"predecessor-version":[{"id":365715,"href":"https:\/\/goias.gov.br\/detran\/wp-json\/wp\/v2\/pages\/207127\/revisions\/365715"}],"wp:attachment":[{"href":"https:\/\/goias.gov.br\/detran\/wp-json\/wp\/v2\/media?parent=207127"}],"curies":[{"name":"wp","href":"https:\/\/api.w.org\/{rel}","templated":true}]}}