

{"id":207121,"date":"2023-09-27T10:27:26","date_gmt":"2023-09-27T13:27:26","guid":{"rendered":"https:\/\/goias.gov.br\/detran\/?page_id=207121"},"modified":"2026-03-03T14:19:45","modified_gmt":"2026-03-03T17:19:45","slug":"projetos-de-participacao-social","status":"publish","type":"page","link":"https:\/\/goias.gov.br\/detran\/projetos-de-participacao-social\/","title":{"rendered":"Projetos de Participa\u00e7\u00e3o Social"},"content":{"rendered":"\t\t<div data-elementor-type=\"wp-page\" data-elementor-id=\"207121\" class=\"elementor elementor-207121\">\n\t\t\t\t<div class=\"elementor-element elementor-element-dc19e5a e-flex e-con-boxed e-con e-parent\" data-id=\"dc19e5a\" data-element_type=\"container\" data-e-type=\"container\">\n\t\t\t\t\t<div class=\"e-con-inner\">\n\t\t\t\t<div class=\"elementor-element elementor-element-b54c6c3 elementor-widget elementor-widget-text-editor\" data-id=\"b54c6c3\" data-element_type=\"widget\" data-e-type=\"widget\" data-widget_type=\"text-editor.default\">\n\t\t\t\t\t\t\t\t\t<p><i class=\"far fa-clock\" aria-hidden=\"true\"><\/i>\u00a0<span class=\"meta-prefix\">\u00daltima Atualiza\u00e7\u00e3o em\u00a0<\/span><a href=\"https:\/\/goias.gov.br\/detran\/projetos-de-participacao-social\/\">3 de mar\u00e7o de 2026<\/a><\/p>\t\t\t\t\t\t\t\t<\/div>\n\t\t\t\t\t<\/div>\n\t\t\t\t<\/div>\n\t\t<div class=\"elementor-element elementor-element-e1808a3 e-flex e-con-boxed e-con e-parent\" data-id=\"e1808a3\" data-element_type=\"container\" data-e-type=\"container\">\n\t\t\t\t\t<div class=\"e-con-inner\">\n\t\t<div class=\"elementor-element elementor-element-15a7707 e-con-full e-flex e-con e-child\" data-id=\"15a7707\" data-element_type=\"container\" data-e-type=\"container\" data-settings=\"{&quot;background_background&quot;:&quot;classic&quot;}\">\n\t\t\t\t<div class=\"elementor-element elementor-element-b3ca8dd elementor-widget elementor-widget-heading\" data-id=\"b3ca8dd\" data-element_type=\"widget\" data-e-type=\"widget\" data-widget_type=\"heading.default\">\n\t\t\t\t\t<h4 class=\"elementor-heading-title elementor-size-default\"><a href=\"https:\/\/goias.gov.br\/detran\/1904\/\">Detran Acess\u00edvel<\/a><\/h4>\t\t\t\t<\/div>\n\t\t\t\t<div class=\"elementor-element elementor-element-d6eaeae elementor-widget-divider--view-line elementor-widget elementor-widget-divider\" data-id=\"d6eaeae\" data-element_type=\"widget\" data-e-type=\"widget\" data-widget_type=\"divider.default\">\n\t\t\t\t\t\t\t<div class=\"elementor-divider\">\n\t\t\t<span class=\"elementor-divider-separator\">\n\t\t\t\t\t\t<\/span>\n\t\t<\/div>\n\t\t\t\t\t\t<\/div>\n\t\t\t\t<div class=\"elementor-element elementor-element-3b66ccb elementor-widget elementor-widget-text-editor\" data-id=\"3b66ccb\" data-element_type=\"widget\" data-e-type=\"widget\" data-widget_type=\"text-editor.default\">\n\t\t\t\t\t\t\t\t\t<div class=\"wppb-column-parent wppb-column-parent-view wppb-col-1688734413138 \"><div class=\"wppb-column\" style=\"text-align: justify;\"><div class=\"wppb-builder-addons\"><div class=\"wppb-builder-addon wppb-addon-1688734413139\" data-addon-id=\"1688734413139\"><div class=\"wppb-addon\"><div class=\"wppb-feature-box-addon\"><div class=\"wppb-feature-box-content\"><div class=\"feature-icontitle-six\"><div class=\"wppb-feature-box-intro\" style=\"text-align: justify;\">Projeto inovador no atendimento remoto em libras para surdos, que busca promover a inclus\u00e3o e resgatar a cidadania da pessoa com defici\u00eancia, oferecendo servi\u00e7os de qualidade.<\/div><\/div><\/div><\/div><\/div><\/div><\/div><\/div><\/div>\t\t\t\t\t\t\t\t<\/div>\n\t\t\t\t<\/div>\n\t\t<div class=\"elementor-element elementor-element-9c86997 e-con-full e-flex e-con e-child\" data-id=\"9c86997\" data-element_type=\"container\" data-e-type=\"container\" data-settings=\"{&quot;background_background&quot;:&quot;classic&quot;}\">\n\t\t\t\t<div class=\"elementor-element elementor-element-a592ba5 elementor-widget elementor-widget-heading\" data-id=\"a592ba5\" data-element_type=\"widget\" data-e-type=\"widget\" data-widget_type=\"heading.default\">\n\t\t\t\t\t<h4 class=\"elementor-heading-title elementor-size-default\"><a href=\"https:\/\/goias.gov.br\/detran\/cei-fernanda-reis\/\">Centro de Educa\u00e7\u00e3o Infantil \u2013 CEI Fernanda Reis<\/a><\/h4>\t\t\t\t<\/div>\n\t\t\t\t<div class=\"elementor-element elementor-element-f73f2b9 elementor-widget-divider--view-line elementor-widget elementor-widget-divider\" data-id=\"f73f2b9\" data-element_type=\"widget\" data-e-type=\"widget\" data-widget_type=\"divider.default\">\n\t\t\t\t\t\t\t<div class=\"elementor-divider\">\n\t\t\t<span class=\"elementor-divider-separator\">\n\t\t\t\t\t\t<\/span>\n\t\t<\/div>\n\t\t\t\t\t\t<\/div>\n\t\t\t\t<div class=\"elementor-element elementor-element-825865a elementor-widget elementor-widget-text-editor\" data-id=\"825865a\" data-element_type=\"widget\" data-e-type=\"widget\" data-widget_type=\"text-editor.default\">\n\t\t\t\t\t\t\t\t\t<div class=\"wppb-column-parent wppb-column-parent-view wppb-col-1688734413138 \"><div class=\"wppb-column\" style=\"text-align: justify;\"><div class=\"wppb-builder-addons\"><div class=\"wppb-builder-addon wppb-addon-1688734413139\" data-addon-id=\"1688734413139\"><div class=\"wppb-addon\"><div class=\"wppb-feature-box-addon\"><div class=\"wppb-feature-box-content\"><div class=\"feature-icontitle-six\"><div class=\"wppb-feature-box-intro\">O DETRAN\/GO (Departamento Estadual de Tr\u00e2nsito de Goi\u00e1s) foi pioneiro, no \u00e2mbito da Administra\u00e7\u00e3o Estadual, em criar uma creche especialmente para acolher os filhos de seus servidores.<\/div><\/div><\/div><\/div><\/div><\/div><\/div><\/div><\/div>\t\t\t\t\t\t\t\t<\/div>\n\t\t\t\t<\/div>\n\t\t\t\t\t<\/div>\n\t\t\t\t<\/div>\n\t\t<div class=\"elementor-element elementor-element-be7b25f e-flex e-con-boxed e-con e-parent\" data-id=\"be7b25f\" data-element_type=\"container\" data-e-type=\"container\">\n\t\t\t\t\t<div class=\"e-con-inner\">\n\t\t<div class=\"elementor-element elementor-element-fbf10a7 e-con-full e-flex e-con e-child\" data-id=\"fbf10a7\" data-element_type=\"container\" data-e-type=\"container\" data-settings=\"{&quot;background_background&quot;:&quot;classic&quot;}\">\n\t\t\t\t<div class=\"elementor-element elementor-element-3e0bf6f elementor-widget elementor-widget-heading\" data-id=\"3e0bf6f\" data-element_type=\"widget\" data-e-type=\"widget\" data-widget_type=\"heading.default\">\n\t\t\t\t\t<h4 class=\"elementor-heading-title elementor-size-default\"><a href=\"https:\/\/goias.gov.br\/detran\/participe-da-construcao-do-codigo-de-etica-e-conduta-do-detran-go\/\">C\u00f3digo de \u00c9tica e conduta do DETRAN-GO<\/a><\/h4>\t\t\t\t<\/div>\n\t\t\t\t<div class=\"elementor-element elementor-element-545cb92 elementor-widget-divider--view-line elementor-widget elementor-widget-divider\" data-id=\"545cb92\" data-element_type=\"widget\" data-e-type=\"widget\" data-widget_type=\"divider.default\">\n\t\t\t\t\t\t\t<div class=\"elementor-divider\">\n\t\t\t<span class=\"elementor-divider-separator\">\n\t\t\t\t\t\t<\/span>\n\t\t<\/div>\n\t\t\t\t\t\t<\/div>\n\t\t\t\t<div class=\"elementor-element elementor-element-be008ba elementor-widget elementor-widget-text-editor\" data-id=\"be008ba\" data-element_type=\"widget\" data-e-type=\"widget\" data-widget_type=\"text-editor.default\">\n\t\t\t\t\t\t\t\t\t<div class=\"wppb-column-parent wppb-column-parent-view wppb-col-1688734413138 \"><div class=\"wppb-column\" style=\"text-align: justify;\"><div class=\"wppb-builder-addons\"><div class=\"wppb-builder-addon wppb-addon-1688734413139\" data-addon-id=\"1688734413139\"><div class=\"wppb-addon\"><div class=\"wppb-feature-box-addon\"><div class=\"wppb-feature-box-content\"><div class=\"feature-icontitle-six\"><div class=\"wppb-feature-box-intro\">Participa\u00e7\u00e3o social em sua elabora\u00e7\u00e3o. No programa que tem como objetivo identificar a conduta esperada tanto pelo cidad\u00e3o, quanto pelo servidor do departamento.<\/div><\/div><\/div><\/div><\/div><\/div><\/div><\/div><\/div>\t\t\t\t\t\t\t\t<\/div>\n\t\t\t\t<\/div>\n\t\t<div class=\"elementor-element elementor-element-d59c627 e-con-full e-flex e-con e-child\" data-id=\"d59c627\" data-element_type=\"container\" data-e-type=\"container\" data-settings=\"{&quot;background_background&quot;:&quot;classic&quot;}\">\n\t\t\t\t<div class=\"elementor-element elementor-element-85664fd elementor-widget elementor-widget-heading\" data-id=\"85664fd\" data-element_type=\"widget\" data-e-type=\"widget\" data-widget_type=\"heading.default\">\n\t\t\t\t\t<h4 class=\"elementor-heading-title elementor-size-default\"><a href=\"https:\/\/goias.gov.br\/detran\/detran-inova-e-convida-permissionarios-e-sociedade-para-discutir-regulamentacao-de-servicos\/\">Revisa DETRAN<\/a><\/h4>\t\t\t\t<\/div>\n\t\t\t\t<div class=\"elementor-element elementor-element-95fb858 elementor-widget-divider--view-line elementor-widget elementor-widget-divider\" data-id=\"95fb858\" data-element_type=\"widget\" data-e-type=\"widget\" data-widget_type=\"divider.default\">\n\t\t\t\t\t\t\t<div class=\"elementor-divider\">\n\t\t\t<span class=\"elementor-divider-separator\">\n\t\t\t\t\t\t<\/span>\n\t\t<\/div>\n\t\t\t\t\t\t<\/div>\n\t\t\t\t<div class=\"elementor-element elementor-element-19cd6e1 elementor-widget elementor-widget-text-editor\" data-id=\"19cd6e1\" data-element_type=\"widget\" data-e-type=\"widget\" data-widget_type=\"text-editor.default\">\n\t\t\t\t\t\t\t\t\t<div class=\"wppb-column-parent wppb-column-parent-view wppb-col-1688734413138 \"><div class=\"wppb-column\" style=\"text-align: justify;\"><div class=\"wppb-builder-addons\"><div class=\"wppb-builder-addon wppb-addon-1688734413139\" data-addon-id=\"1688734413139\"><div class=\"wppb-addon\"><div class=\"wppb-feature-box-addon\"><div class=\"wppb-feature-box-content\"><div class=\"feature-icontitle-six\"><div class=\"wppb-feature-box-intro\" style=\"text-align: justify;\">A iniciativa agrega esfor\u00e7os de representantes de permission\u00e1rios, da Ordem dos Advogados do Brasil (OAB), sindicatos, associa\u00e7\u00f5es e sociedade com objetivo de revisar as portarias vigentes.<\/div><\/div><\/div><\/div><\/div><\/div><\/div><\/div><\/div>\t\t\t\t\t\t\t\t<\/div>\n\t\t\t\t<\/div>\n\t\t\t\t\t<\/div>\n\t\t\t\t<\/div>\n\t\t\t\t<\/div>\n\t\t","protected":false},"excerpt":{"rendered":"<p>\u00a0\u00daltima Atualiza\u00e7\u00e3o em\u00a03 de mar\u00e7o de 2026 Detran Acess\u00edvel Projeto inovador no atendimento remoto em libras para surdos, que busca promover a inclus\u00e3o e resgatar a cidadania da pessoa com defici\u00eancia, oferecendo servi\u00e7os de qualidade. Centro de Educa\u00e7\u00e3o Infantil \u2013 CEI Fernanda Reis O DETRAN\/GO (Departamento Estadual de Tr\u00e2nsito de Goi\u00e1s) foi pioneiro, no \u00e2mbito [&hellip;]<\/p>\n","protected":false},"author":39,"featured_media":0,"parent":0,"menu_order":0,"comment_status":"closed","ping_status":"closed","template":"","meta":{"footnotes":"","_links_to":"","_links_to_target":""},"class_list":["post-207121","page","type-page","status-publish","hentry"],"rttpg_featured_image_url":null,"rttpg_author":{"display_name":"matheuspires","author_link":"https:\/\/goias.gov.br\/detran\/author\/matheusbp\/"},"rttpg_comment":0,"rttpg_category":null,"rttpg_excerpt":"\u00a0\u00daltima Atualiza\u00e7\u00e3o em\u00a03 de mar\u00e7o de 2026 Detran Acess\u00edvel Projeto inovador no atendimento remoto em libras para surdos, que busca promover a inclus\u00e3o e resgatar a cidadania da pessoa com defici\u00eancia, oferecendo servi\u00e7os de qualidade. Centro de Educa\u00e7\u00e3o Infantil \u2013 CEI Fernanda Reis O DETRAN\/GO (Departamento Estadual de Tr\u00e2nsito de Goi\u00e1s) foi pioneiro, no \u00e2mbito&hellip;","_links":{"self":[{"href":"https:\/\/goias.gov.br\/detran\/wp-json\/wp\/v2\/pages\/207121","targetHints":{"allow":["GET"]}}],"collection":[{"href":"https:\/\/goias.gov.br\/detran\/wp-json\/wp\/v2\/pages"}],"about":[{"href":"https:\/\/goias.gov.br\/detran\/wp-json\/wp\/v2\/types\/page"}],"author":[{"embeddable":true,"href":"https:\/\/goias.gov.br\/detran\/wp-json\/wp\/v2\/users\/39"}],"replies":[{"embeddable":true,"href":"https:\/\/goias.gov.br\/detran\/wp-json\/wp\/v2\/comments?post=207121"}],"version-history":[{"count":2,"href":"https:\/\/goias.gov.br\/detran\/wp-json\/wp\/v2\/pages\/207121\/revisions"}],"predecessor-version":[{"id":385411,"href":"https:\/\/goias.gov.br\/detran\/wp-json\/wp\/v2\/pages\/207121\/revisions\/385411"}],"wp:attachment":[{"href":"https:\/\/goias.gov.br\/detran\/wp-json\/wp\/v2\/media?parent=207121"}],"curies":[{"name":"wp","href":"https:\/\/api.w.org\/{rel}","templated":true}]}}