

{"id":200405,"date":"2023-02-24T16:54:02","date_gmt":"2023-02-24T19:54:02","guid":{"rendered":"https:\/\/wwwhomolog.detran.go.gov.br\/?page_id=200405"},"modified":"2026-02-05T11:04:06","modified_gmt":"2026-02-05T14:04:06","slug":"educacao","status":"publish","type":"page","link":"https:\/\/goias.gov.br\/detran\/educacao\/","title":{"rendered":"Educa\u00e7\u00e3o"},"content":{"rendered":"\t\t<div data-elementor-type=\"wp-page\" data-elementor-id=\"200405\" class=\"elementor elementor-200405\">\n\t\t\t\t<div class=\"elementor-element elementor-element-28dedfb e-flex e-con-boxed e-con e-parent\" data-id=\"28dedfb\" data-element_type=\"container\" data-e-type=\"container\">\n\t\t\t\t\t<div class=\"e-con-inner\">\n\t\t<div class=\"elementor-element elementor-element-e799b9c e-con-full e-flex e-con e-child\" data-id=\"e799b9c\" data-element_type=\"container\" data-e-type=\"container\" data-settings=\"{&quot;background_background&quot;:&quot;classic&quot;}\">\n\t\t\t\t<div class=\"elementor-element elementor-element-a9a981c elementor-widget elementor-widget-heading\" data-id=\"a9a981c\" data-element_type=\"widget\" data-e-type=\"widget\" data-widget_type=\"heading.default\">\n\t\t\t\t\t<h4 class=\"elementor-heading-title elementor-size-default\"><a href=\"https:\/\/servicos.detran.go.gov.br\/sgcp\/rest\/docflow\/anexo\/295698870\/pdf\">Atualiza\u00e7\u00e3o de CTB<\/a><\/h4>\t\t\t\t<\/div>\n\t\t\t\t<div class=\"elementor-element elementor-element-f418b5a elementor-widget-divider--view-line elementor-widget elementor-widget-divider\" data-id=\"f418b5a\" data-element_type=\"widget\" data-e-type=\"widget\" data-widget_type=\"divider.default\">\n\t\t\t\t\t\t\t<div class=\"elementor-divider\">\n\t\t\t<span class=\"elementor-divider-separator\">\n\t\t\t\t\t\t<\/span>\n\t\t<\/div>\n\t\t\t\t\t\t<\/div>\n\t\t\t\t<div class=\"elementor-element elementor-element-81c943d elementor-widget elementor-widget-text-editor\" data-id=\"81c943d\" data-element_type=\"widget\" data-e-type=\"widget\" data-widget_type=\"text-editor.default\">\n\t\t\t\t\t\t\t\t\t<div class=\"wppb-column-parent wppb-column-parent-view wppb-col-1688734413138  \"><div class=\"wppb-column\"><div class=\"wppb-builder-addons\"><div class=\"wppb-builder-addon wppb-addon-1688734413139\" data-addon-id=\"1688734413139\"><div class=\"wppb-addon\"><div class=\"wppb-feature-box-addon\"><div class=\"wppb-feature-box-content\"><div class=\"feature-icontitle-six\"><div class=\"wppb-feature-box-intro\">Atualiza\u00e7\u00e3o do C\u00f3digo de Tr\u00e2nsito Brasileiro.<\/div><\/div><\/div><\/div><\/div><\/div><\/div><\/div><\/div>\t\t\t\t\t\t\t\t<\/div>\n\t\t\t\t<\/div>\n\t\t<div class=\"elementor-element elementor-element-5b269a5 e-con-full e-flex e-con e-child\" data-id=\"5b269a5\" data-element_type=\"container\" data-e-type=\"container\" data-settings=\"{&quot;background_background&quot;:&quot;classic&quot;}\">\n\t\t\t\t<div class=\"elementor-element elementor-element-351804d elementor-widget elementor-widget-heading\" data-id=\"351804d\" data-element_type=\"widget\" data-e-type=\"widget\" data-widget_type=\"heading.default\">\n\t\t\t\t\t<h4 class=\"elementor-heading-title elementor-size-default\"><a href=\"https:\/\/goias.gov.br\/detran\/palestras-em-empresas-ou-instituicoes\/\">Palestras em Empresas ou Institui\u00e7\u00f5es<\/a><\/h4>\t\t\t\t<\/div>\n\t\t\t\t<div class=\"elementor-element elementor-element-fba67fc elementor-widget-divider--view-line elementor-widget elementor-widget-divider\" data-id=\"fba67fc\" data-element_type=\"widget\" data-e-type=\"widget\" data-widget_type=\"divider.default\">\n\t\t\t\t\t\t\t<div class=\"elementor-divider\">\n\t\t\t<span class=\"elementor-divider-separator\">\n\t\t\t\t\t\t<\/span>\n\t\t<\/div>\n\t\t\t\t\t\t<\/div>\n\t\t\t\t<div class=\"elementor-element elementor-element-ce80a5d elementor-widget elementor-widget-text-editor\" data-id=\"ce80a5d\" data-element_type=\"widget\" data-e-type=\"widget\" data-widget_type=\"text-editor.default\">\n\t\t\t\t\t\t\t\t\t<div class=\"wppb-column-parent wppb-column-parent-view wppb-col-1688734413138 \"><div class=\"wppb-column\"><div class=\"wppb-builder-addons\"><div class=\"wppb-builder-addon wppb-addon-1688734413139\" data-addon-id=\"1688734413139\"><div class=\"wppb-addon\"><div class=\"wppb-feature-box-addon\"><div class=\"wppb-feature-box-content\"><div class=\"feature-icontitle-six\"><div class=\"wppb-feature-box-intro\" style=\"text-align: justify;\">Palestras gratuitas sobre dire\u00e7\u00e3o defensiva e relacionamento interpessoal.<\/div><\/div><\/div><\/div><\/div><\/div><\/div><\/div><\/div>\t\t\t\t\t\t\t\t<\/div>\n\t\t\t\t<\/div>\n\t\t\t\t\t<\/div>\n\t\t\t\t<\/div>\n\t\t<div class=\"elementor-element elementor-element-2ae8945 e-flex e-con-boxed e-con e-parent\" data-id=\"2ae8945\" data-element_type=\"container\" data-e-type=\"container\">\n\t\t\t\t\t<div class=\"e-con-inner\">\n\t\t<div class=\"elementor-element elementor-element-fd6b1ec e-con-full e-flex e-con e-child\" data-id=\"fd6b1ec\" data-element_type=\"container\" data-e-type=\"container\" data-settings=\"{&quot;background_background&quot;:&quot;classic&quot;}\">\n\t\t\t\t<div class=\"elementor-element elementor-element-00bbe7b elementor-widget elementor-widget-heading\" data-id=\"00bbe7b\" data-element_type=\"widget\" data-e-type=\"widget\" data-widget_type=\"heading.default\">\n\t\t\t\t\t<h4 class=\"elementor-heading-title elementor-size-default\"><a href=\"https:\/\/goias.gov.br\/detran\/cursos-especializados\/\">Cursos Especializados<\/a><\/h4>\t\t\t\t<\/div>\n\t\t\t\t<div class=\"elementor-element elementor-element-0b94e7f elementor-widget-divider--view-line elementor-widget elementor-widget-divider\" data-id=\"0b94e7f\" data-element_type=\"widget\" data-e-type=\"widget\" data-widget_type=\"divider.default\">\n\t\t\t\t\t\t\t<div class=\"elementor-divider\">\n\t\t\t<span class=\"elementor-divider-separator\">\n\t\t\t\t\t\t<\/span>\n\t\t<\/div>\n\t\t\t\t\t\t<\/div>\n\t\t\t\t<div class=\"elementor-element elementor-element-355b665 elementor-widget elementor-widget-text-editor\" data-id=\"355b665\" data-element_type=\"widget\" data-e-type=\"widget\" data-widget_type=\"text-editor.default\">\n\t\t\t\t\t\t\t\t\t<div class=\"wppb-column-parent wppb-column-parent-view wppb-col-1688734413138 \"><div class=\"wppb-column\"><div class=\"wppb-builder-addons\"><div class=\"wppb-builder-addon wppb-addon-1688734413139\" data-addon-id=\"1688734413139\"><div class=\"wppb-addon\"><div class=\"wppb-feature-box-addon\"><div class=\"wppb-feature-box-content\"><div class=\"feature-icontitle-six\"><div class=\"wppb-feature-box-intro\">Cursos especializados para condutores de ve\u00edculos.<\/div><\/div><\/div><\/div><\/div><\/div><\/div><\/div><\/div>\t\t\t\t\t\t\t\t<\/div>\n\t\t\t\t<\/div>\n\t\t<div class=\"elementor-element elementor-element-0485d03 e-con-full e-flex e-con e-child\" data-id=\"0485d03\" data-element_type=\"container\" data-e-type=\"container\" data-settings=\"{&quot;background_background&quot;:&quot;classic&quot;}\">\n\t\t\t\t<div class=\"elementor-element elementor-element-ca7b4df elementor-widget elementor-widget-heading\" data-id=\"ca7b4df\" data-element_type=\"widget\" data-e-type=\"widget\" data-widget_type=\"heading.default\">\n\t\t\t\t\t<h4 class=\"elementor-heading-title elementor-size-default\"><a href=\"https:\/\/goias.gov.br\/detran\/balada-responsavel-educativa\/\">Balada Respons\u00e1vel Educativa<\/a><\/h4>\t\t\t\t<\/div>\n\t\t\t\t<div class=\"elementor-element elementor-element-5c8ebea elementor-widget-divider--view-line elementor-widget elementor-widget-divider\" data-id=\"5c8ebea\" data-element_type=\"widget\" data-e-type=\"widget\" data-widget_type=\"divider.default\">\n\t\t\t\t\t\t\t<div class=\"elementor-divider\">\n\t\t\t<span class=\"elementor-divider-separator\">\n\t\t\t\t\t\t<\/span>\n\t\t<\/div>\n\t\t\t\t\t\t<\/div>\n\t\t\t\t<div class=\"elementor-element elementor-element-f95e2be elementor-widget elementor-widget-text-editor\" data-id=\"f95e2be\" data-element_type=\"widget\" data-e-type=\"widget\" data-widget_type=\"text-editor.default\">\n\t\t\t\t\t\t\t\t\t<div style=\"text-align: justify;\">Campanhas educativas de tr\u00e2nsito em todo o estado de Goi\u00e1s.<\/div>\t\t\t\t\t\t\t\t<\/div>\n\t\t\t\t<\/div>\n\t\t\t\t\t<\/div>\n\t\t\t\t<\/div>\n\t\t<div class=\"elementor-element elementor-element-3ec882b e-flex e-con-boxed e-con e-parent\" data-id=\"3ec882b\" data-element_type=\"container\" data-e-type=\"container\">\n\t\t\t\t\t<div class=\"e-con-inner\">\n\t\t<div class=\"elementor-element elementor-element-9c7f7fe e-con-full e-flex e-con e-child\" data-id=\"9c7f7fe\" data-element_type=\"container\" data-e-type=\"container\" data-settings=\"{&quot;background_background&quot;:&quot;classic&quot;}\">\n\t\t\t\t<div class=\"elementor-element elementor-element-92877d2 elementor-widget elementor-widget-heading\" data-id=\"92877d2\" data-element_type=\"widget\" data-e-type=\"widget\" data-widget_type=\"heading.default\">\n\t\t\t\t\t<h4 class=\"elementor-heading-title elementor-size-default\"><a href=\"https:\/\/goias.gov.br\/detran\/campanhas-publicitarias\/\">Campanhas Publicit\u00e1rias<\/a><\/h4>\t\t\t\t<\/div>\n\t\t\t\t<div class=\"elementor-element elementor-element-8b829aa elementor-widget-divider--view-line elementor-widget elementor-widget-divider\" data-id=\"8b829aa\" data-element_type=\"widget\" data-e-type=\"widget\" data-widget_type=\"divider.default\">\n\t\t\t\t\t\t\t<div class=\"elementor-divider\">\n\t\t\t<span class=\"elementor-divider-separator\">\n\t\t\t\t\t\t<\/span>\n\t\t<\/div>\n\t\t\t\t\t\t<\/div>\n\t\t\t\t<div class=\"elementor-element elementor-element-a32d2e9 elementor-widget elementor-widget-text-editor\" data-id=\"a32d2e9\" data-element_type=\"widget\" data-e-type=\"widget\" data-widget_type=\"text-editor.default\">\n\t\t\t\t\t\t\t\t\t<div style=\"text-align: justify;\">Campanhas para educar, conscientizar e promover seguran\u00e7a no tr\u00e2nsito.<\/div>\t\t\t\t\t\t\t\t<\/div>\n\t\t\t\t<\/div>\n\t\t<div class=\"elementor-element elementor-element-a5d436e e-con-full e-flex e-con e-child\" data-id=\"a5d436e\" data-element_type=\"container\" data-e-type=\"container\" data-settings=\"{&quot;background_background&quot;:&quot;classic&quot;}\">\n\t\t\t\t<div class=\"elementor-element elementor-element-64f82bb elementor-widget elementor-widget-heading\" data-id=\"64f82bb\" data-element_type=\"widget\" data-e-type=\"widget\" data-widget_type=\"heading.default\">\n\t\t\t\t\t<h4 class=\"elementor-heading-title elementor-size-default\"><a href=\"https:\/\/www.youtube.com\/@detrangoias.oficial\" target=\"_blank\">Youtube<\/a><\/h4>\t\t\t\t<\/div>\n\t\t\t\t<div class=\"elementor-element elementor-element-e9844c4 elementor-widget-divider--view-line elementor-widget elementor-widget-divider\" data-id=\"e9844c4\" data-element_type=\"widget\" data-e-type=\"widget\" data-widget_type=\"divider.default\">\n\t\t\t\t\t\t\t<div class=\"elementor-divider\">\n\t\t\t<span class=\"elementor-divider-separator\">\n\t\t\t\t\t\t<\/span>\n\t\t<\/div>\n\t\t\t\t\t\t<\/div>\n\t\t\t\t<div class=\"elementor-element elementor-element-818dd24 elementor-widget elementor-widget-text-editor\" data-id=\"818dd24\" data-element_type=\"widget\" data-e-type=\"widget\" data-widget_type=\"text-editor.default\">\n\t\t\t\t\t\t\t\t\t<div style=\"text-align: justify;\">Canal oficial do DETRAN-GO.<\/div>\t\t\t\t\t\t\t\t<\/div>\n\t\t\t\t<\/div>\n\t\t\t\t\t<\/div>\n\t\t\t\t<\/div>\n\t\t<div class=\"elementor-element elementor-element-f74fabc e-flex e-con-boxed e-con e-parent\" data-id=\"f74fabc\" data-element_type=\"container\" data-e-type=\"container\">\n\t\t\t\t\t<div class=\"e-con-inner\">\n\t\t<div class=\"elementor-element elementor-element-250f1ff e-con-full e-flex e-con e-child\" data-id=\"250f1ff\" data-element_type=\"container\" data-e-type=\"container\" data-settings=\"{&quot;background_background&quot;:&quot;classic&quot;}\">\n\t\t\t\t<div class=\"elementor-element elementor-element-72b1808 elementor-widget elementor-widget-heading\" data-id=\"72b1808\" data-element_type=\"widget\" data-e-type=\"widget\" data-widget_type=\"heading.default\">\n\t\t\t\t\t<h4 class=\"elementor-heading-title elementor-size-default\"><a href=\"\/detran\/detranzinho\/\">Detranzinho<\/a><\/h4>\t\t\t\t<\/div>\n\t\t\t\t<div class=\"elementor-element elementor-element-d3e47ac elementor-widget-divider--view-line elementor-widget elementor-widget-divider\" data-id=\"d3e47ac\" data-element_type=\"widget\" data-e-type=\"widget\" data-widget_type=\"divider.default\">\n\t\t\t\t\t\t\t<div class=\"elementor-divider\">\n\t\t\t<span class=\"elementor-divider-separator\">\n\t\t\t\t\t\t<\/span>\n\t\t<\/div>\n\t\t\t\t\t\t<\/div>\n\t\t\t\t<div class=\"elementor-element elementor-element-fded113 elementor-widget elementor-widget-text-editor\" data-id=\"fded113\" data-element_type=\"widget\" data-e-type=\"widget\" data-widget_type=\"text-editor.default\">\n\t\t\t\t\t\t\t\t\t<div style=\"text-align: justify;\">Projeto que leva a\u00e7\u00f5es educativas de tr\u00e2nsito para todas as escolas no estado de Goi\u00e1s.<\/div>\t\t\t\t\t\t\t\t<\/div>\n\t\t\t\t<\/div>\n\t\t<div class=\"elementor-element elementor-element-8644713 e-con-full e-flex e-con e-child\" data-id=\"8644713\" data-element_type=\"container\" data-e-type=\"container\" data-settings=\"{&quot;background_background&quot;:&quot;classic&quot;}\">\n\t\t\t\t<div class=\"elementor-element elementor-element-93efd1d elementor-widget elementor-widget-heading\" data-id=\"93efd1d\" data-element_type=\"widget\" data-e-type=\"widget\" data-widget_type=\"heading.default\">\n\t\t\t\t\t<h4 class=\"elementor-heading-title elementor-size-default\"><a href=\"https:\/\/goias.gov.br\/detran\/minicidade\/\" target=\"_blank\">Mini Cidade<\/a><\/h4>\t\t\t\t<\/div>\n\t\t\t\t<div class=\"elementor-element elementor-element-fedb81d elementor-widget-divider--view-line elementor-widget elementor-widget-divider\" data-id=\"fedb81d\" data-element_type=\"widget\" data-e-type=\"widget\" data-widget_type=\"divider.default\">\n\t\t\t\t\t\t\t<div class=\"elementor-divider\">\n\t\t\t<span class=\"elementor-divider-separator\">\n\t\t\t\t\t\t<\/span>\n\t\t<\/div>\n\t\t\t\t\t\t<\/div>\n\t\t\t\t<div class=\"elementor-element elementor-element-ab63feb elementor-widget elementor-widget-text-editor\" data-id=\"ab63feb\" data-element_type=\"widget\" data-e-type=\"widget\" data-widget_type=\"text-editor.default\">\n\t\t\t\t\t\t\t\t\t<div style=\"text-align: justify;\">Projeto educativo do DETRAN-GO que ensina, de forma divertida, o respeito e a seguran\u00e7a no tr\u00e2nsito.<\/div>\t\t\t\t\t\t\t\t<\/div>\n\t\t\t\t<\/div>\n\t\t\t\t\t<\/div>\n\t\t\t\t<\/div>\n\t\t\t\t<\/div>\n\t\t","protected":false},"excerpt":{"rendered":"<p>Atualiza\u00e7\u00e3o de CTB Atualiza\u00e7\u00e3o do C\u00f3digo de Tr\u00e2nsito Brasileiro. Palestras em Empresas ou Institui\u00e7\u00f5es Palestras gratuitas sobre dire\u00e7\u00e3o defensiva e relacionamento interpessoal. Cursos Especializados Cursos especializados para condutores de ve\u00edculos. Balada Respons\u00e1vel Educativa Campanhas educativas de tr\u00e2nsito em todo o estado de Goi\u00e1s. Campanhas Publicit\u00e1rias Campanhas para educar, conscientizar e promover seguran\u00e7a no tr\u00e2nsito. Youtube [&hellip;]<\/p>\n","protected":false},"author":39,"featured_media":0,"parent":0,"menu_order":0,"comment_status":"closed","ping_status":"closed","template":"","meta":{"footnotes":"","_links_to":"","_links_to_target":""},"class_list":["post-200405","page","type-page","status-publish","hentry"],"rttpg_featured_image_url":null,"rttpg_author":{"display_name":"matheuspires","author_link":"https:\/\/goias.gov.br\/detran\/author\/matheusbp\/"},"rttpg_comment":0,"rttpg_category":null,"rttpg_excerpt":"Atualiza\u00e7\u00e3o de CTB Atualiza\u00e7\u00e3o do C\u00f3digo de Tr\u00e2nsito Brasileiro. Palestras em Empresas ou Institui\u00e7\u00f5es Palestras gratuitas sobre dire\u00e7\u00e3o defensiva e relacionamento interpessoal. Cursos Especializados Cursos especializados para condutores de ve\u00edculos. Balada Respons\u00e1vel Educativa Campanhas educativas de tr\u00e2nsito em todo o estado de Goi\u00e1s. Campanhas Publicit\u00e1rias Campanhas para educar, conscientizar e promover seguran\u00e7a no tr\u00e2nsito. Youtube&hellip;","_links":{"self":[{"href":"https:\/\/goias.gov.br\/detran\/wp-json\/wp\/v2\/pages\/200405","targetHints":{"allow":["GET"]}}],"collection":[{"href":"https:\/\/goias.gov.br\/detran\/wp-json\/wp\/v2\/pages"}],"about":[{"href":"https:\/\/goias.gov.br\/detran\/wp-json\/wp\/v2\/types\/page"}],"author":[{"embeddable":true,"href":"https:\/\/goias.gov.br\/detran\/wp-json\/wp\/v2\/users\/39"}],"replies":[{"embeddable":true,"href":"https:\/\/goias.gov.br\/detran\/wp-json\/wp\/v2\/comments?post=200405"}],"version-history":[{"count":2,"href":"https:\/\/goias.gov.br\/detran\/wp-json\/wp\/v2\/pages\/200405\/revisions"}],"predecessor-version":[{"id":372542,"href":"https:\/\/goias.gov.br\/detran\/wp-json\/wp\/v2\/pages\/200405\/revisions\/372542"}],"wp:attachment":[{"href":"https:\/\/goias.gov.br\/detran\/wp-json\/wp\/v2\/media?parent=200405"}],"curies":[{"name":"wp","href":"https:\/\/api.w.org\/{rel}","templated":true}]}}