

{"id":200389,"date":"2023-02-23T17:01:40","date_gmt":"2023-02-23T20:01:40","guid":{"rendered":"https:\/\/wwwhomolog.detran.go.gov.br\/?page_id=200389"},"modified":"2026-01-22T15:30:17","modified_gmt":"2026-01-22T18:30:17","slug":"habilitacao","status":"publish","type":"page","link":"https:\/\/goias.gov.br\/detran\/habilitacao\/","title":{"rendered":"Habilita\u00e7\u00e3o"},"content":{"rendered":"\t\t<div data-elementor-type=\"wp-page\" data-elementor-id=\"200389\" class=\"elementor elementor-200389\">\n\t\t\t\t<div class=\"elementor-element elementor-element-dfd0766 e-flex e-con-boxed e-con e-parent\" data-id=\"dfd0766\" data-element_type=\"container\" data-e-type=\"container\">\n\t\t\t\t\t<div class=\"e-con-inner\">\n\t\t<div class=\"elementor-element elementor-element-4a5e743 e-con-full e-flex e-con e-child\" data-id=\"4a5e743\" data-element_type=\"container\" data-e-type=\"container\" data-settings=\"{&quot;background_background&quot;:&quot;classic&quot;}\">\n\t\t\t\t<div class=\"elementor-element elementor-element-13d9a70 elementor-widget elementor-widget-heading\" data-id=\"13d9a70\" data-element_type=\"widget\" data-e-type=\"widget\" data-widget_type=\"heading.default\">\n\t\t\t\t\t<h4 class=\"elementor-heading-title elementor-size-default\"><a href=\"https:\/\/goias.gov.br\/detran\/informacoes-sobre-cnh\/\">Sobre CNH<\/a><\/h4>\t\t\t\t<\/div>\n\t\t\t\t<div class=\"elementor-element elementor-element-7cb7a44 elementor-widget-divider--view-line elementor-widget elementor-widget-divider\" data-id=\"7cb7a44\" data-element_type=\"widget\" data-e-type=\"widget\" data-widget_type=\"divider.default\">\n\t\t\t\t\t\t\t<div class=\"elementor-divider\">\n\t\t\t<span class=\"elementor-divider-separator\">\n\t\t\t\t\t\t<\/span>\n\t\t<\/div>\n\t\t\t\t\t\t<\/div>\n\t\t\t\t<div class=\"elementor-element elementor-element-9d784fe elementor-widget elementor-widget-text-editor\" data-id=\"9d784fe\" data-element_type=\"widget\" data-e-type=\"widget\" data-widget_type=\"text-editor.default\">\n\t\t\t\t\t\t\t\t\t<div class=\"wppb-column-parent wppb-column-parent-view wppb-col-1688734413138 \"><div class=\"wppb-column\"><div class=\"wppb-builder-addons\"><div class=\"wppb-builder-addon wppb-addon-1688734413139\" data-addon-id=\"1688734413139\"><div class=\"wppb-addon\"><div class=\"wppb-feature-box-addon\"><div class=\"wppb-feature-box-content\"><div class=\"feature-icontitle-six\"><div class=\"wppb-feature-box-intro\">Informa\u00e7\u00f5es sobre servi\u00e7os de CNH<\/div><\/div><\/div><\/div><\/div><\/div><\/div><\/div><\/div>\t\t\t\t\t\t\t\t<\/div>\n\t\t\t\t<\/div>\n\t\t<div class=\"elementor-element elementor-element-2ce5699 e-con-full e-flex e-con e-child\" data-id=\"2ce5699\" data-element_type=\"container\" data-e-type=\"container\" data-settings=\"{&quot;background_background&quot;:&quot;classic&quot;}\">\n\t\t\t\t<div class=\"elementor-element elementor-element-f50a348 elementor-widget elementor-widget-heading\" data-id=\"f50a348\" data-element_type=\"widget\" data-e-type=\"widget\" data-widget_type=\"heading.default\">\n\t\t\t\t\t<h4 class=\"elementor-heading-title elementor-size-default\"><a href=\"https:\/\/goias.gov.br\/detran\/cartilhas-para-renovacao-da-cnh\/\">Cartilhas para Renova\u00e7\u00e3o da CNH<\/a><\/h4>\t\t\t\t<\/div>\n\t\t\t\t<div class=\"elementor-element elementor-element-2aa2b9e elementor-widget-divider--view-line elementor-widget elementor-widget-divider\" data-id=\"2aa2b9e\" data-element_type=\"widget\" data-e-type=\"widget\" data-widget_type=\"divider.default\">\n\t\t\t\t\t\t\t<div class=\"elementor-divider\">\n\t\t\t<span class=\"elementor-divider-separator\">\n\t\t\t\t\t\t<\/span>\n\t\t<\/div>\n\t\t\t\t\t\t<\/div>\n\t\t\t\t<div class=\"elementor-element elementor-element-320cdbd elementor-widget elementor-widget-text-editor\" data-id=\"320cdbd\" data-element_type=\"widget\" data-e-type=\"widget\" data-widget_type=\"text-editor.default\">\n\t\t\t\t\t\t\t\t\t<div class=\"wppb-column-parent wppb-column-parent-view wppb-col-1688734413138 \"><div class=\"wppb-column\"><div class=\"wppb-builder-addons\"><div class=\"wppb-builder-addon wppb-addon-1688734413139\" data-addon-id=\"1688734413139\"><div class=\"wppb-addon\"><div class=\"wppb-feature-box-addon\"><div class=\"wppb-feature-box-content\"><div class=\"feature-icontitle-six\"><div class=\"wppb-feature-box-intro\" style=\"text-align: justify;\"><div class=\"wppb-row-parent  wppb-row-1688997415478 \"><div class=\"wppb-container \"><div class=\"wppb-row\"><div class=\"wppb-column-parent wppb-column-parent-view wppb-col-1688997415481  \"><div class=\"wppb-column\"><div class=\"wppb-builder-addons\"><div id=\"page-servico\" class=\"wppb-builder-addon wppb-addon-1688997415487\" data-addon-id=\"1688997415487\"><div class=\"wppb-addon\"><div class=\"wppb-feature-box-addon\"><div class=\"wppb-feature-box-content\"><div class=\"feature-icontitle-six\"><div class=\"wppb-feature-box-intro\">Cartilhas educativas sobre dire\u00e7\u00e3o defensiva e primeira CNH.<\/div><\/div><\/div><\/div><\/div><\/div><\/div><\/div><\/div><\/div><\/div><\/div><\/div><\/div><\/div><\/div><\/div><\/div><\/div><\/div><\/div>\t\t\t\t\t\t\t\t<\/div>\n\t\t\t\t<\/div>\n\t\t\t\t\t<\/div>\n\t\t\t\t<\/div>\n\t\t<div class=\"elementor-element elementor-element-4b48bb1 e-flex e-con-boxed e-con e-parent\" data-id=\"4b48bb1\" data-element_type=\"container\" data-e-type=\"container\">\n\t\t\t\t\t<div class=\"e-con-inner\">\n\t\t<div class=\"elementor-element elementor-element-7d4c978 e-con-full e-flex e-con e-child\" data-id=\"7d4c978\" data-element_type=\"container\" data-e-type=\"container\" data-settings=\"{&quot;background_background&quot;:&quot;classic&quot;}\">\n\t\t\t\t<div class=\"elementor-element elementor-element-9bb4f55 elementor-widget elementor-widget-heading\" data-id=\"9bb4f55\" data-element_type=\"widget\" data-e-type=\"widget\" data-widget_type=\"heading.default\">\n\t\t\t\t\t<h4 class=\"elementor-heading-title elementor-size-default\"><a href=\"https:\/\/goias.gov.br\/detran\/informacao-sobre-habilitacao-estrangeira\/\">Informa\u00e7\u00e3o sobre Habilita\u00e7\u00e3o Estrangeira<\/a><\/h4>\t\t\t\t<\/div>\n\t\t\t\t<div class=\"elementor-element elementor-element-d4f1826 elementor-widget-divider--view-line elementor-widget elementor-widget-divider\" data-id=\"d4f1826\" data-element_type=\"widget\" data-e-type=\"widget\" data-widget_type=\"divider.default\">\n\t\t\t\t\t\t\t<div class=\"elementor-divider\">\n\t\t\t<span class=\"elementor-divider-separator\">\n\t\t\t\t\t\t<\/span>\n\t\t<\/div>\n\t\t\t\t\t\t<\/div>\n\t\t\t\t<div class=\"elementor-element elementor-element-b9745be elementor-widget elementor-widget-text-editor\" data-id=\"b9745be\" data-element_type=\"widget\" data-e-type=\"widget\" data-widget_type=\"text-editor.default\">\n\t\t\t\t\t\t\t\t\t<div class=\"wppb-column-parent wppb-column-parent-view wppb-col-1688734413138 \"><div class=\"wppb-column\"><div class=\"wppb-builder-addons\"><div class=\"wppb-builder-addon wppb-addon-1688734413139\" data-addon-id=\"1688734413139\"><div class=\"wppb-addon\"><div class=\"wppb-feature-box-addon\"><div class=\"wppb-feature-box-content\"><div class=\"feature-icontitle-six\"><div class=\"wppb-feature-box-intro\">Portaria n\u00b01063\/2021 &#8211; Compilada &#8211; Habilita\u00e7\u00e3o Estrangeira Pa\u00edses Signat\u00e1rios da Conven\u00e7\u00e3o de Viena e com Acordos de Reciprocidade<\/div><\/div><\/div><\/div><\/div><\/div><\/div><\/div><\/div>\t\t\t\t\t\t\t\t<\/div>\n\t\t\t\t<\/div>\n\t\t<div class=\"elementor-element elementor-element-ac9ba58 e-con-full e-flex e-con e-child\" data-id=\"ac9ba58\" data-element_type=\"container\" data-e-type=\"container\" data-settings=\"{&quot;background_background&quot;:&quot;classic&quot;}\">\n\t\t\t\t<div class=\"elementor-element elementor-element-95faad0 elementor-widget elementor-widget-heading\" data-id=\"95faad0\" data-element_type=\"widget\" data-e-type=\"widget\" data-widget_type=\"heading.default\">\n\t\t\t\t\t<h4 class=\"elementor-heading-title elementor-size-default\"><a href=\"https:\/\/www.gov.br\/infraestrutura\/pt-br\/assuntos\/transito\/conteudo-Senatran\/exame-toxicologico\">Laborat\u00f3rios de Exames Toxicol\u00f3gicos Credenciados<\/a><\/h4>\t\t\t\t<\/div>\n\t\t\t\t<div class=\"elementor-element elementor-element-b4e5d71 elementor-widget-divider--view-line elementor-widget elementor-widget-divider\" data-id=\"b4e5d71\" data-element_type=\"widget\" data-e-type=\"widget\" data-widget_type=\"divider.default\">\n\t\t\t\t\t\t\t<div class=\"elementor-divider\">\n\t\t\t<span class=\"elementor-divider-separator\">\n\t\t\t\t\t\t<\/span>\n\t\t<\/div>\n\t\t\t\t\t\t<\/div>\n\t\t\t\t<div class=\"elementor-element elementor-element-66ba248 elementor-widget elementor-widget-text-editor\" data-id=\"66ba248\" data-element_type=\"widget\" data-e-type=\"widget\" data-widget_type=\"text-editor.default\">\n\t\t\t\t\t\t\t\t\t<div class=\"wppb-column-parent wppb-column-parent-view wppb-col-1688734413138 \"><div class=\"wppb-column\"><div class=\"wppb-builder-addons\"><div class=\"wppb-builder-addon wppb-addon-1688734413139\" data-addon-id=\"1688734413139\"><div class=\"wppb-addon\"><div class=\"wppb-feature-box-addon\"><div class=\"wppb-feature-box-content\"><div class=\"feature-icontitle-six\"><div class=\"wppb-feature-box-intro\" style=\"text-align: justify;\"><div class=\"wppb-row-parent wppb-row-1688997415478 \"><div class=\"wppb-container \"><div class=\"wppb-row\"><div class=\"wppb-column-parent wppb-column-parent-view wppb-col-1688997415481 \"><div class=\"wppb-column\"><div class=\"wppb-builder-addons\"><div id=\"page-servico\" class=\"wppb-builder-addon wppb-addon-1688997415487\" data-addon-id=\"1688997415487\"><div class=\"wppb-addon\"><div class=\"wppb-feature-box-addon\"><div class=\"wppb-feature-box-content\"><div class=\"feature-icontitle-six\"><div class=\"wppb-feature-box-intro\">O Exame Toxicol\u00f3gico \u00e9 destinado \u00e0 verifica\u00e7\u00e3o do consumo, ativo ou n\u00e3o, de subst\u00e2ncias psicoativas, com an\u00e1lise retrospectiva m\u00ednima de 90 (noventa) dias.<\/div><\/div><\/div><\/div><\/div><\/div><\/div><\/div><\/div><\/div><\/div><\/div><\/div><\/div><\/div><\/div><\/div><\/div><\/div><\/div><\/div>\t\t\t\t\t\t\t\t<\/div>\n\t\t\t\t<\/div>\n\t\t\t\t\t<\/div>\n\t\t\t\t<\/div>\n\t\t<div class=\"elementor-element elementor-element-60d3442 e-flex e-con-boxed e-con e-parent\" data-id=\"60d3442\" data-element_type=\"container\" data-e-type=\"container\">\n\t\t\t\t\t<div class=\"e-con-inner\">\n\t\t<div class=\"elementor-element elementor-element-09f4ccf e-con-full e-flex e-con e-child\" data-id=\"09f4ccf\" data-element_type=\"container\" data-e-type=\"container\" data-settings=\"{&quot;background_background&quot;:&quot;classic&quot;}\">\n\t\t\t\t<div class=\"elementor-element elementor-element-ce205d4 elementor-widget elementor-widget-heading\" data-id=\"ce205d4\" data-element_type=\"widget\" data-e-type=\"widget\" data-widget_type=\"heading.default\">\n\t\t\t\t\t<h4 class=\"elementor-heading-title elementor-size-default\"><a href=\"https:\/\/goias.gov.br\/detran\/transferencia-de-pontuacao\/\">Transfer\u00eancia de Pontua\u00e7\u00e3o<\/a><\/h4>\t\t\t\t<\/div>\n\t\t\t\t<div class=\"elementor-element elementor-element-8290ca8 elementor-widget-divider--view-line elementor-widget elementor-widget-divider\" data-id=\"8290ca8\" data-element_type=\"widget\" data-e-type=\"widget\" data-widget_type=\"divider.default\">\n\t\t\t\t\t\t\t<div class=\"elementor-divider\">\n\t\t\t<span class=\"elementor-divider-separator\">\n\t\t\t\t\t\t<\/span>\n\t\t<\/div>\n\t\t\t\t\t\t<\/div>\n\t\t\t\t<div class=\"elementor-element elementor-element-40ee5e1 elementor-widget elementor-widget-text-editor\" data-id=\"40ee5e1\" data-element_type=\"widget\" data-e-type=\"widget\" data-widget_type=\"text-editor.default\">\n\t\t\t\t\t\t\t\t\t<div class=\"wppb-column-parent wppb-column-parent-view wppb-col-1688734413138 \"><div class=\"wppb-column\"><div class=\"wppb-builder-addons\"><div class=\"wppb-builder-addon wppb-addon-1688734413139\" data-addon-id=\"1688734413139\"><div class=\"wppb-addon\"><div class=\"wppb-feature-box-addon\"><div class=\"wppb-feature-box-content\"><div class=\"feature-icontitle-six\"><div class=\"wppb-feature-box-intro\">Baixe o formul\u00e1rio de identifica\u00e7\u00e3o do condutor infrator.<\/div><\/div><\/div><\/div><\/div><\/div><\/div><\/div><\/div>\t\t\t\t\t\t\t\t<\/div>\n\t\t\t\t<\/div>\n\t\t<div class=\"elementor-element elementor-element-f488466 e-con-full e-flex e-con e-child\" data-id=\"f488466\" data-element_type=\"container\" data-e-type=\"container\" data-settings=\"{&quot;background_background&quot;:&quot;classic&quot;}\">\n\t\t\t\t<div class=\"elementor-element elementor-element-bf4c481 elementor-widget elementor-widget-heading\" data-id=\"bf4c481\" data-element_type=\"widget\" data-e-type=\"widget\" data-widget_type=\"heading.default\">\n\t\t\t\t\t<h4 class=\"elementor-heading-title elementor-size-default\"><a href=\"https:\/\/goias.gov.br\/detran\/calendarioPD\/\">Calend\u00e1rio de Bancas (Provas)<\/a><\/h4>\t\t\t\t<\/div>\n\t\t\t\t<div class=\"elementor-element elementor-element-00a6f69 elementor-widget-divider--view-line elementor-widget elementor-widget-divider\" data-id=\"00a6f69\" data-element_type=\"widget\" data-e-type=\"widget\" data-widget_type=\"divider.default\">\n\t\t\t\t\t\t\t<div class=\"elementor-divider\">\n\t\t\t<span class=\"elementor-divider-separator\">\n\t\t\t\t\t\t<\/span>\n\t\t<\/div>\n\t\t\t\t\t\t<\/div>\n\t\t\t\t<div class=\"elementor-element elementor-element-73a9359 elementor-widget elementor-widget-text-editor\" data-id=\"73a9359\" data-element_type=\"widget\" data-e-type=\"widget\" data-widget_type=\"text-editor.default\">\n\t\t\t\t\t\t\t\t\t<div class=\"wppb-column-parent wppb-column-parent-view wppb-col-1688734413138 \"><div class=\"wppb-column\"><div class=\"wppb-builder-addons\"><div class=\"wppb-builder-addon wppb-addon-1688734413139\" data-addon-id=\"1688734413139\"><div class=\"wppb-addon\"><div class=\"wppb-feature-box-addon\"><div class=\"wppb-feature-box-content\"><div class=\"feature-icontitle-six\"><div class=\"wppb-feature-box-intro\" style=\"text-align: justify;\"><div class=\"wppb-row-parent wppb-row-1688997415478 \"><div class=\"wppb-container \"><div class=\"wppb-row\"><div class=\"wppb-column-parent wppb-column-parent-view wppb-col-1688997415481 \"><div class=\"wppb-column\"><div class=\"wppb-builder-addons\"><div id=\"page-servico\" class=\"wppb-builder-addon wppb-addon-1688997415487\" data-addon-id=\"1688997415487\"><div class=\"wppb-addon\"><div class=\"wppb-feature-box-addon\"><div class=\"wppb-feature-box-content\"><div class=\"feature-icontitle-six\"><div class=\"wppb-feature-box-intro\">Calend\u00e1rios de Provas Pr\u00e1ticas de Dire\u00e7\u00e3o, de Legisla\u00e7\u00e3o de Tr\u00e2nsito e de Junta T\u00e9cnica.<\/div><\/div><\/div><\/div><\/div><\/div><\/div><\/div><\/div><\/div><\/div><\/div><\/div><\/div><\/div><\/div><\/div><\/div><\/div><\/div><\/div>\t\t\t\t\t\t\t\t<\/div>\n\t\t\t\t<\/div>\n\t\t\t\t\t<\/div>\n\t\t\t\t<\/div>\n\t\t\t\t<\/div>\n\t\t","protected":false},"excerpt":{"rendered":"<p>Sobre CNH Informa\u00e7\u00f5es sobre servi\u00e7os de CNH Cartilhas para Renova\u00e7\u00e3o da CNH Cartilhas educativas sobre dire\u00e7\u00e3o defensiva e primeira CNH. Informa\u00e7\u00e3o sobre Habilita\u00e7\u00e3o Estrangeira Portaria n\u00b01063\/2021 &#8211; Compilada &#8211; Habilita\u00e7\u00e3o Estrangeira Pa\u00edses Signat\u00e1rios da Conven\u00e7\u00e3o de Viena e com Acordos de Reciprocidade Laborat\u00f3rios de Exames Toxicol\u00f3gicos Credenciados O Exame Toxicol\u00f3gico \u00e9 destinado \u00e0 verifica\u00e7\u00e3o do [&hellip;]<\/p>\n","protected":false},"author":39,"featured_media":0,"parent":0,"menu_order":0,"comment_status":"closed","ping_status":"closed","template":"","meta":{"footnotes":"","_links_to":"","_links_to_target":""},"class_list":["post-200389","page","type-page","status-publish","hentry"],"rttpg_featured_image_url":null,"rttpg_author":{"display_name":"matheuspires","author_link":"https:\/\/goias.gov.br\/detran\/author\/matheusbp\/"},"rttpg_comment":0,"rttpg_category":null,"rttpg_excerpt":"Sobre CNH Informa\u00e7\u00f5es sobre servi\u00e7os de CNH Cartilhas para Renova\u00e7\u00e3o da CNH Cartilhas educativas sobre dire\u00e7\u00e3o defensiva e primeira CNH. Informa\u00e7\u00e3o sobre Habilita\u00e7\u00e3o Estrangeira Portaria n\u00b01063\/2021 &#8211; Compilada &#8211; Habilita\u00e7\u00e3o Estrangeira Pa\u00edses Signat\u00e1rios da Conven\u00e7\u00e3o de Viena e com Acordos de Reciprocidade Laborat\u00f3rios de Exames Toxicol\u00f3gicos Credenciados O Exame Toxicol\u00f3gico \u00e9 destinado \u00e0 verifica\u00e7\u00e3o do&hellip;","_links":{"self":[{"href":"https:\/\/goias.gov.br\/detran\/wp-json\/wp\/v2\/pages\/200389","targetHints":{"allow":["GET"]}}],"collection":[{"href":"https:\/\/goias.gov.br\/detran\/wp-json\/wp\/v2\/pages"}],"about":[{"href":"https:\/\/goias.gov.br\/detran\/wp-json\/wp\/v2\/types\/page"}],"author":[{"embeddable":true,"href":"https:\/\/goias.gov.br\/detran\/wp-json\/wp\/v2\/users\/39"}],"replies":[{"embeddable":true,"href":"https:\/\/goias.gov.br\/detran\/wp-json\/wp\/v2\/comments?post=200389"}],"version-history":[{"count":2,"href":"https:\/\/goias.gov.br\/detran\/wp-json\/wp\/v2\/pages\/200389\/revisions"}],"predecessor-version":[{"id":364990,"href":"https:\/\/goias.gov.br\/detran\/wp-json\/wp\/v2\/pages\/200389\/revisions\/364990"}],"wp:attachment":[{"href":"https:\/\/goias.gov.br\/detran\/wp-json\/wp\/v2\/media?parent=200389"}],"curies":[{"name":"wp","href":"https:\/\/api.w.org\/{rel}","templated":true}]}}