

{"id":200343,"date":"2023-02-16T16:48:20","date_gmt":"2023-02-16T19:48:20","guid":{"rendered":"https:\/\/wwwhomolog.detran.go.gov.br\/?page_id=200343"},"modified":"2026-01-22T16:19:07","modified_gmt":"2026-01-22T19:19:07","slug":"veiculos","status":"publish","type":"page","link":"https:\/\/goias.gov.br\/detran\/veiculos\/","title":{"rendered":"Ve\u00edculos"},"content":{"rendered":"\t\t<div data-elementor-type=\"wp-page\" data-elementor-id=\"200343\" class=\"elementor elementor-200343\">\n\t\t\t\t<div class=\"elementor-element elementor-element-2141931 e-flex e-con-boxed e-con e-parent\" data-id=\"2141931\" data-element_type=\"container\" data-e-type=\"container\">\n\t\t\t\t\t<div class=\"e-con-inner\">\n\t\t<div class=\"elementor-element elementor-element-cdf6c29 e-con-full e-flex e-con e-child\" data-id=\"cdf6c29\" data-element_type=\"container\" data-e-type=\"container\" data-settings=\"{&quot;background_background&quot;:&quot;classic&quot;}\">\n\t\t\t\t<div class=\"elementor-element elementor-element-95f5c6f elementor-widget elementor-widget-heading\" data-id=\"95f5c6f\" data-element_type=\"widget\" data-e-type=\"widget\" data-widget_type=\"heading.default\">\n\t\t\t\t\t<h4 class=\"elementor-heading-title elementor-size-default\"><a href=\"https:\/\/goias.gov.br\/detran\/consulta-empresas-de-parcelamento-de-debitos\/\">Consulta Empresas de Parcelamento de D\u00e9bitos<\/a><\/h4>\t\t\t\t<\/div>\n\t\t\t\t<div class=\"elementor-element elementor-element-62b8427 elementor-widget-divider--view-line elementor-widget elementor-widget-divider\" data-id=\"62b8427\" data-element_type=\"widget\" data-e-type=\"widget\" data-widget_type=\"divider.default\">\n\t\t\t\t\t\t\t<div class=\"elementor-divider\">\n\t\t\t<span class=\"elementor-divider-separator\">\n\t\t\t\t\t\t<\/span>\n\t\t<\/div>\n\t\t\t\t\t\t<\/div>\n\t\t\t\t<div class=\"elementor-element elementor-element-e955323 elementor-widget elementor-widget-text-editor\" data-id=\"e955323\" data-element_type=\"widget\" data-e-type=\"widget\" data-widget_type=\"text-editor.default\">\n\t\t\t\t\t\t\t\t\t<div class=\"wppb-column-parent wppb-column-parent-view wppb-col-1688734413138 \"><div class=\"wppb-column\"><div class=\"wppb-builder-addons\"><div class=\"wppb-builder-addon wppb-addon-1688734413139\" data-addon-id=\"1688734413139\"><div class=\"wppb-addon\"><div class=\"wppb-feature-box-addon\"><div class=\"wppb-feature-box-content\"><div class=\"feature-icontitle-six\"><div class=\"wppb-feature-box-intro\" style=\"text-align: justify;\">Consulta empresas que realizam parcelamento de d\u00e9bitos veiculares no cart\u00e3o de cr\u00e9dito.<\/div><\/div><\/div><\/div><\/div><\/div><\/div><\/div><\/div>\t\t\t\t\t\t\t\t<\/div>\n\t\t\t\t<\/div>\n\t\t<div class=\"elementor-element elementor-element-47e5159 e-con-full e-flex e-con e-child\" data-id=\"47e5159\" data-element_type=\"container\" data-e-type=\"container\" data-settings=\"{&quot;background_background&quot;:&quot;classic&quot;}\">\n\t\t\t\t<div class=\"elementor-element elementor-element-b1d9c43 elementor-widget elementor-widget-heading\" data-id=\"b1d9c43\" data-element_type=\"widget\" data-e-type=\"widget\" data-widget_type=\"heading.default\">\n\t\t\t\t\t<h4 class=\"elementor-heading-title elementor-size-default\"><a href=\"https:\/\/goias.gov.br\/detran\/calendario-licenciamento-ipva\/\">Calend\u00e1rio Licenciamento\/IPVA<\/a><\/h4>\t\t\t\t<\/div>\n\t\t\t\t<div class=\"elementor-element elementor-element-04f663e elementor-widget-divider--view-line elementor-widget elementor-widget-divider\" data-id=\"04f663e\" data-element_type=\"widget\" data-e-type=\"widget\" data-widget_type=\"divider.default\">\n\t\t\t\t\t\t\t<div class=\"elementor-divider\">\n\t\t\t<span class=\"elementor-divider-separator\">\n\t\t\t\t\t\t<\/span>\n\t\t<\/div>\n\t\t\t\t\t\t<\/div>\n\t\t\t\t<div class=\"elementor-element elementor-element-4c2fdff elementor-widget elementor-widget-text-editor\" data-id=\"4c2fdff\" data-element_type=\"widget\" data-e-type=\"widget\" data-widget_type=\"text-editor.default\">\n\t\t\t\t\t\t\t\t\t<div class=\"wppb-column-parent wppb-column-parent-view wppb-col-1688734413138 \"><div class=\"wppb-column\" style=\"text-align: justify;\"><div class=\"wppb-builder-addons\"><div class=\"wppb-builder-addon wppb-addon-1688734413139\" data-addon-id=\"1688734413139\"><div class=\"wppb-addon\"><div class=\"wppb-feature-box-addon\"><div class=\"wppb-feature-box-content\"><div class=\"feature-icontitle-six\"><div class=\"wppb-feature-box-intro\" style=\"text-align: justify;\"><div class=\"wppb-row-parent  wppb-row-1688997118159 \"><div class=\"wppb-container \"><div class=\"wppb-row\"><div class=\"wppb-column-parent wppb-column-parent-view wppb-col-1688997118162  \"><div class=\"wppb-column\"><div class=\"wppb-builder-addons\"><div class=\"wppb-builder-addon wppb-addon-1688997118163\" data-addon-id=\"1688997118163\"><div class=\"wppb-addon\"><div class=\"wppb-feature-box-addon\"><div class=\"wppb-feature-box-content\"><div class=\"feature-icontitle-six\"><div class=\"wppb-feature-box-intro\">Calend\u00e1rio de vencimentos do IPVA por final de placa.<\/div><\/div><\/div><\/div><\/div><\/div><\/div><\/div><\/div><\/div><\/div><\/div><\/div><\/div><\/div><\/div><\/div><\/div><\/div><\/div><\/div>\t\t\t\t\t\t\t\t<\/div>\n\t\t\t\t<\/div>\n\t\t\t\t\t<\/div>\n\t\t\t\t<\/div>\n\t\t<div class=\"elementor-element elementor-element-ce34c7d e-flex e-con-boxed e-con e-parent\" data-id=\"ce34c7d\" data-element_type=\"container\" data-e-type=\"container\">\n\t\t\t\t\t<div class=\"e-con-inner\">\n\t\t<div class=\"elementor-element elementor-element-8dc97e5 e-con-full e-flex e-con e-child\" data-id=\"8dc97e5\" data-element_type=\"container\" data-e-type=\"container\" data-settings=\"{&quot;background_background&quot;:&quot;classic&quot;}\">\n\t\t\t\t<div class=\"elementor-element elementor-element-01cac08 elementor-widget elementor-widget-heading\" data-id=\"01cac08\" data-element_type=\"widget\" data-e-type=\"widget\" data-widget_type=\"heading.default\">\n\t\t\t\t\t<h4 class=\"elementor-heading-title elementor-size-default\"><a href=\"https:\/\/goias.gov.br\/detran\/sobre-multas\/\">Sobre Multas<\/a><\/h4>\t\t\t\t<\/div>\n\t\t\t\t<div class=\"elementor-element elementor-element-b6edf47 elementor-widget-divider--view-line elementor-widget elementor-widget-divider\" data-id=\"b6edf47\" data-element_type=\"widget\" data-e-type=\"widget\" data-widget_type=\"divider.default\">\n\t\t\t\t\t\t\t<div class=\"elementor-divider\">\n\t\t\t<span class=\"elementor-divider-separator\">\n\t\t\t\t\t\t<\/span>\n\t\t<\/div>\n\t\t\t\t\t\t<\/div>\n\t\t\t\t<\/div>\n\t\t<div class=\"elementor-element elementor-element-986c965 e-con-full e-flex e-con e-child\" data-id=\"986c965\" data-element_type=\"container\" data-e-type=\"container\" data-settings=\"{&quot;background_background&quot;:&quot;classic&quot;}\">\n\t\t\t\t<div class=\"elementor-element elementor-element-8d4d014 elementor-widget elementor-widget-heading\" data-id=\"8d4d014\" data-element_type=\"widget\" data-e-type=\"widget\" data-widget_type=\"heading.default\">\n\t\t\t\t\t<h4 class=\"elementor-heading-title elementor-size-default\"><a href=\"https:\/\/goias.gov.br\/detran\/informacoes-sobre-servicos-veiculos\/\">Sobre Ve\u00edculos<\/a><\/h4>\t\t\t\t<\/div>\n\t\t\t\t<div class=\"elementor-element elementor-element-0bed1a3 elementor-widget-divider--view-line elementor-widget elementor-widget-divider\" data-id=\"0bed1a3\" data-element_type=\"widget\" data-e-type=\"widget\" data-widget_type=\"divider.default\">\n\t\t\t\t\t\t\t<div class=\"elementor-divider\">\n\t\t\t<span class=\"elementor-divider-separator\">\n\t\t\t\t\t\t<\/span>\n\t\t<\/div>\n\t\t\t\t\t\t<\/div>\n\t\t\t\t<div class=\"elementor-element elementor-element-e57882c elementor-widget elementor-widget-text-editor\" data-id=\"e57882c\" data-element_type=\"widget\" data-e-type=\"widget\" data-widget_type=\"text-editor.default\">\n\t\t\t\t\t\t\t\t\t<div class=\"wppb-column-parent wppb-column-parent-view wppb-col-1688734413138 \"><div class=\"wppb-column\" style=\"text-align: justify;\"><div class=\"wppb-builder-addons\"><div class=\"wppb-builder-addon wppb-addon-1688734413139\" data-addon-id=\"1688734413139\"><div class=\"wppb-addon\"><div class=\"wppb-feature-box-addon\"><div class=\"wppb-feature-box-content\"><div class=\"feature-icontitle-six\"><div class=\"wppb-feature-box-intro\" style=\"text-align: justify;\"><div class=\"wppb-row-parent wppb-row-1688997118159 \"><div class=\"wppb-container \"><div class=\"wppb-row\"><div class=\"wppb-column-parent wppb-column-parent-view wppb-col-1688997118162 \"><div class=\"wppb-column\"><div class=\"wppb-builder-addons\"><div class=\"wppb-builder-addon wppb-addon-1688997118163\" data-addon-id=\"1688997118163\"><div class=\"wppb-addon\"><div class=\"wppb-feature-box-addon\"><div class=\"wppb-feature-box-content\"><div class=\"feature-icontitle-six\"><div class=\"wppb-feature-box-intro\"><div id=\"\" class=\"wppb-row-parent  wppb-row-1688997118164 \"><div class=\"wppb-container \"><div class=\"wppb-row\"><div class=\"wppb-column-parent wppb-column-parent-view wppb-col-1688997118167  \"><div class=\"wppb-column\"><div class=\"wppb-builder-addons\"><div id=\"\" class=\"wppb-builder-addon wppb-addon-1688997118168\" data-addon-id=\"1688997118168\"><div class=\"wppb-addon\"><div class=\"wppb-feature-box-addon\"><div class=\"wppb-feature-box-content\"><div class=\"feature-icontitle-six\"><div class=\"wppb-feature-box-intro\">Informa\u00e7\u00f5es Sobre Servi\u00e7os de Ve\u00edculo.<\/div><\/div><\/div><\/div><\/div><\/div><\/div><\/div><\/div><\/div><\/div><\/div><\/div><\/div><\/div><\/div><\/div><\/div><\/div><\/div><\/div><\/div><\/div><\/div><\/div><\/div><\/div><\/div><\/div><\/div><\/div><\/div><\/div>\t\t\t\t\t\t\t\t<\/div>\n\t\t\t\t<\/div>\n\t\t\t\t\t<\/div>\n\t\t\t\t<\/div>\n\t\t<div class=\"elementor-element elementor-element-49949a4 e-flex e-con-boxed e-con e-parent\" data-id=\"49949a4\" data-element_type=\"container\" data-e-type=\"container\">\n\t\t\t\t\t<div class=\"e-con-inner\">\n\t\t<div class=\"elementor-element elementor-element-26c579c e-con-full e-flex e-con e-child\" data-id=\"26c579c\" data-element_type=\"container\" data-e-type=\"container\" data-settings=\"{&quot;background_background&quot;:&quot;classic&quot;}\">\n\t\t\t\t<div class=\"elementor-element elementor-element-81329fd elementor-widget elementor-widget-heading\" data-id=\"81329fd\" data-element_type=\"widget\" data-e-type=\"widget\" data-widget_type=\"heading.default\">\n\t\t\t\t\t<h4 class=\"elementor-heading-title elementor-size-default\"><a href=\"https:\/\/www.youtube.com\/watch?v=lMCTXNbBiYE\">Saiba como emitir o CRLV-e<\/a><\/h4>\t\t\t\t<\/div>\n\t\t\t\t<div class=\"elementor-element elementor-element-b4ef1c2 elementor-widget-divider--view-line elementor-widget elementor-widget-divider\" data-id=\"b4ef1c2\" data-element_type=\"widget\" data-e-type=\"widget\" data-widget_type=\"divider.default\">\n\t\t\t\t\t\t\t<div class=\"elementor-divider\">\n\t\t\t<span class=\"elementor-divider-separator\">\n\t\t\t\t\t\t<\/span>\n\t\t<\/div>\n\t\t\t\t\t\t<\/div>\n\t\t\t\t<div class=\"elementor-element elementor-element-438cd6e elementor-widget elementor-widget-text-editor\" data-id=\"438cd6e\" data-element_type=\"widget\" data-e-type=\"widget\" data-widget_type=\"text-editor.default\">\n\t\t\t\t\t\t\t\t\t<div class=\"wppb-column-parent wppb-column-parent-view wppb-col-1688734413138 \"><div class=\"wppb-column\" style=\"text-align: justify;\"><div class=\"wppb-builder-addons\"><div class=\"wppb-builder-addon wppb-addon-1688734413139\" data-addon-id=\"1688734413139\"><div class=\"wppb-addon\"><div class=\"wppb-feature-box-addon\"><div class=\"wppb-feature-box-content\"><div class=\"feature-icontitle-six\"><div class=\"wppb-feature-box-intro\" style=\"text-align: justify;\"><div class=\"wppb-row-parent wppb-row-1688997118159 \"><div class=\"wppb-container \"><div class=\"wppb-row\"><div class=\"wppb-column-parent wppb-column-parent-view wppb-col-1688997118162 \"><div class=\"wppb-column\"><div class=\"wppb-builder-addons\"><div class=\"wppb-builder-addon wppb-addon-1688997118163\" data-addon-id=\"1688997118163\"><div class=\"wppb-addon\"><div class=\"wppb-feature-box-addon\"><div class=\"wppb-feature-box-content\"><div class=\"feature-icontitle-six\"><div class=\"wppb-feature-box-intro\"><div id=\"\" class=\"wppb-row-parent wppb-row-1688997118164 \"><div class=\"wppb-container \"><div class=\"wppb-row\"><div class=\"wppb-column-parent wppb-column-parent-view wppb-col-1688997118167 \"><div class=\"wppb-column\"><div class=\"wppb-builder-addons\"><div id=\"\" class=\"wppb-builder-addon wppb-addon-1688997118168\" data-addon-id=\"1688997118168\"><div class=\"wppb-addon\"><div class=\"wppb-feature-box-addon\"><div class=\"wppb-feature-box-content\"><div class=\"feature-icontitle-six\"><div class=\"wppb-feature-box-intro\">O CRLV, mais conhecido como verdinho, e digital. O documento n\u00e3o mais impresso pelo \u00f3rg\u00e3o.<\/div><\/div><\/div><\/div><\/div><\/div><\/div><\/div><\/div><\/div><\/div><\/div><\/div><\/div><\/div><\/div><\/div><\/div><\/div><\/div><\/div><\/div><\/div><\/div><\/div><\/div><\/div><\/div><\/div><\/div><\/div><\/div><\/div>\t\t\t\t\t\t\t\t<\/div>\n\t\t\t\t<\/div>\n\t\t<div class=\"elementor-element elementor-element-4677976 e-con-full e-flex e-con e-child\" data-id=\"4677976\" data-element_type=\"container\" data-e-type=\"container\" data-settings=\"{&quot;background_background&quot;:&quot;classic&quot;}\">\n\t\t\t\t<div class=\"elementor-element elementor-element-7a4340f elementor-widget elementor-widget-heading\" data-id=\"7a4340f\" data-element_type=\"widget\" data-e-type=\"widget\" data-widget_type=\"heading.default\">\n\t\t\t\t\t<h4 class=\"elementor-heading-title elementor-size-default\"><a href=\"https:\/\/www.youtube.com\/watch?v=2J2QwfVP2wk\">Saiba como fazer o comunicado de venda do seu ve\u00edculo<\/a><\/h4>\t\t\t\t<\/div>\n\t\t\t\t<div class=\"elementor-element elementor-element-00bc627 elementor-widget-divider--view-line elementor-widget elementor-widget-divider\" data-id=\"00bc627\" data-element_type=\"widget\" data-e-type=\"widget\" data-widget_type=\"divider.default\">\n\t\t\t\t\t\t\t<div class=\"elementor-divider\">\n\t\t\t<span class=\"elementor-divider-separator\">\n\t\t\t\t\t\t<\/span>\n\t\t<\/div>\n\t\t\t\t\t\t<\/div>\n\t\t\t\t<div class=\"elementor-element elementor-element-a70585b elementor-widget elementor-widget-text-editor\" data-id=\"a70585b\" data-element_type=\"widget\" data-e-type=\"widget\" data-widget_type=\"text-editor.default\">\n\t\t\t\t\t\t\t\t\t<div id=\"wppb-builder-container\" class=\"wppb-builder-container\"><div class=\"wppb-row-parent  wppb-row-1688997118169 \"><div class=\"wppb-container \"><div class=\"wppb-row\"><div class=\"wppb-column-parent wppb-column-parent-view wppb-col-1688997118172  \"><div class=\"wppb-column\"><div class=\"wppb-builder-addons\"><div class=\"wppb-builder-addon wppb-addon-1688997118173\" data-addon-id=\"1688997118173\"><div class=\"wppb-addon\"><div class=\"wppb-feature-box-addon\"><div class=\"wppb-feature-box-content\"><div class=\"feature-icontitle-six\"><div class=\"wppb-feature-box-intro\">Saiba como fazer o comunicado de venda do seu ve\u00edculo.<\/div><\/div><\/div><\/div><\/div><\/div><\/div><\/div><\/div><\/div><\/div><\/div><\/div>\t\t\t\t\t\t\t\t<\/div>\n\t\t\t\t<\/div>\n\t\t\t\t\t<\/div>\n\t\t\t\t<\/div>\n\t\t\t\t<\/div>\n\t\t","protected":false},"excerpt":{"rendered":"<p>Consulta Empresas de Parcelamento de D\u00e9bitos Consulta empresas que realizam parcelamento de d\u00e9bitos veiculares no cart\u00e3o de cr\u00e9dito. Calend\u00e1rio Licenciamento\/IPVA Calend\u00e1rio de vencimentos do IPVA por final de placa. Sobre Multas Sobre Ve\u00edculos Informa\u00e7\u00f5es Sobre Servi\u00e7os de Ve\u00edculo. Saiba como emitir o CRLV-e O CRLV, mais conhecido como verdinho, e digital. O documento n\u00e3o mais [&hellip;]<\/p>\n","protected":false},"author":39,"featured_media":0,"parent":0,"menu_order":0,"comment_status":"closed","ping_status":"closed","template":"","meta":{"footnotes":"","_links_to":"","_links_to_target":""},"class_list":["post-200343","page","type-page","status-publish","hentry"],"rttpg_featured_image_url":null,"rttpg_author":{"display_name":"matheuspires","author_link":"https:\/\/goias.gov.br\/detran\/author\/matheusbp\/"},"rttpg_comment":0,"rttpg_category":null,"rttpg_excerpt":"Consulta Empresas de Parcelamento de D\u00e9bitos Consulta empresas que realizam parcelamento de d\u00e9bitos veiculares no cart\u00e3o de cr\u00e9dito. Calend\u00e1rio Licenciamento\/IPVA Calend\u00e1rio de vencimentos do IPVA por final de placa. Sobre Multas Sobre Ve\u00edculos Informa\u00e7\u00f5es Sobre Servi\u00e7os de Ve\u00edculo. Saiba como emitir o CRLV-e O CRLV, mais conhecido como verdinho, e digital. O documento n\u00e3o mais&hellip;","_links":{"self":[{"href":"https:\/\/goias.gov.br\/detran\/wp-json\/wp\/v2\/pages\/200343","targetHints":{"allow":["GET"]}}],"collection":[{"href":"https:\/\/goias.gov.br\/detran\/wp-json\/wp\/v2\/pages"}],"about":[{"href":"https:\/\/goias.gov.br\/detran\/wp-json\/wp\/v2\/types\/page"}],"author":[{"embeddable":true,"href":"https:\/\/goias.gov.br\/detran\/wp-json\/wp\/v2\/users\/39"}],"replies":[{"embeddable":true,"href":"https:\/\/goias.gov.br\/detran\/wp-json\/wp\/v2\/comments?post=200343"}],"version-history":[{"count":2,"href":"https:\/\/goias.gov.br\/detran\/wp-json\/wp\/v2\/pages\/200343\/revisions"}],"predecessor-version":[{"id":366320,"href":"https:\/\/goias.gov.br\/detran\/wp-json\/wp\/v2\/pages\/200343\/revisions\/366320"}],"wp:attachment":[{"href":"https:\/\/goias.gov.br\/detran\/wp-json\/wp\/v2\/media?parent=200343"}],"curies":[{"name":"wp","href":"https:\/\/api.w.org\/{rel}","templated":true}]}}