

{"id":200128,"date":"2023-01-11T14:58:56","date_gmt":"2023-01-11T17:58:56","guid":{"rendered":"http:\/\/localhost\/multisites\/modelo\/?page_id=45"},"modified":"2026-01-22T16:06:56","modified_gmt":"2026-01-22T19:06:56","slug":"pagina-de-servicos","status":"publish","type":"page","link":"https:\/\/goias.gov.br\/detran\/pagina-de-servicos\/","title":{"rendered":"Servi\u00e7os"},"content":{"rendered":"\t\t<div data-elementor-type=\"wp-page\" data-elementor-id=\"200128\" class=\"elementor elementor-200128\">\n\t\t\t\t<div class=\"elementor-element elementor-element-c61a469 e-grid e-con-full e-con e-parent\" data-id=\"c61a469\" data-element_type=\"container\" data-e-type=\"container\">\n\t\t\t\t<div class=\"elementor-element elementor-element-bd57d9a elementor-widget elementor-widget-heading\" data-id=\"bd57d9a\" data-element_type=\"widget\" data-e-type=\"widget\" data-widget_type=\"heading.default\">\n\t\t\t\t\t<h3 class=\"elementor-heading-title elementor-size-default\"><a href=\"\/detran\/agendamento-do-exame-teorico\/\">Agendamento do Exame Te\u00f3rico<\/a><\/h3>\t\t\t\t<\/div>\n\t\t\t\t<div class=\"elementor-element elementor-element-bb69438 elementor-widget elementor-widget-heading\" data-id=\"bb69438\" data-element_type=\"widget\" data-e-type=\"widget\" data-widget_type=\"heading.default\">\n\t\t\t\t\t<h3 class=\"elementor-heading-title elementor-size-default\"><a href=\"\/detran\/agendamento-detran\/\">Agendar Atendimento Presencial - Detran<\/a><\/h3>\t\t\t\t<\/div>\n\t\t\t\t<\/div>\n\t\t<div class=\"elementor-element elementor-element-b65645d e-grid e-con-boxed e-con e-parent\" data-id=\"b65645d\" data-element_type=\"container\" data-e-type=\"container\">\n\t\t\t\t\t<div class=\"e-con-inner\">\n\t\t\t\t<div class=\"elementor-element elementor-element-7b5d5a5 elementor-widget elementor-widget-heading\" data-id=\"7b5d5a5\" data-element_type=\"widget\" data-e-type=\"widget\" data-widget_type=\"heading.default\">\n\t\t\t\t\t<h3 class=\"elementor-heading-title elementor-size-default\"><a href=\"https:\/\/www.go.gov.br\/servicos\/servico\/agendar-atendimento-presencial-no-vapt-vupt\">Agendar Vapt Vupt<\/a><\/h3>\t\t\t\t<\/div>\n\t\t\t\t<div class=\"elementor-element elementor-element-2e9a8bc elementor-widget elementor-widget-heading\" data-id=\"2e9a8bc\" data-element_type=\"widget\" data-e-type=\"widget\" data-widget_type=\"heading.default\">\n\t\t\t\t\t<h3 class=\"elementor-heading-title elementor-size-default\"><a href=\"\/detran\/agendamento-de-vistorias-veiculares\/\">Agendar Vistorias Veiculares<\/a><\/h3>\t\t\t\t<\/div>\n\t\t\t\t\t<\/div>\n\t\t\t\t<\/div>\n\t\t<div class=\"elementor-element elementor-element-ca90dda e-grid e-con-boxed e-con e-parent\" data-id=\"ca90dda\" data-element_type=\"container\" data-e-type=\"container\">\n\t\t\t\t\t<div class=\"e-con-inner\">\n\t\t\t\t<div class=\"elementor-element elementor-element-9760ead elementor-widget elementor-widget-heading\" data-id=\"9760ead\" data-element_type=\"widget\" data-e-type=\"widget\" data-widget_type=\"heading.default\">\n\t\t\t\t\t<h3 class=\"elementor-heading-title elementor-size-default\"><a href=\"\/detran\/alterar-endereco-do-veiculo\/\">Alterar Endere\u00e7o dos Ve\u00edculos dentro do mesmo Munic\u00edpio<\/a><\/h3>\t\t\t\t<\/div>\n\t\t\t\t<div class=\"elementor-element elementor-element-75663c5 elementor-widget elementor-widget-heading\" data-id=\"75663c5\" data-element_type=\"widget\" data-e-type=\"widget\" data-widget_type=\"heading.default\">\n\t\t\t\t\t<h3 class=\"elementor-heading-title elementor-size-default\"><a href=\"\/detran\/baixar-crlv-eletronico\/\">Baixar CRLV Eletr\u00f4nico<\/a><\/h3>\t\t\t\t<\/div>\n\t\t\t\t\t<\/div>\n\t\t\t\t<\/div>\n\t\t<div class=\"elementor-element elementor-element-cdcbc2a e-grid e-con-boxed e-con e-parent\" data-id=\"cdcbc2a\" data-element_type=\"container\" data-e-type=\"container\">\n\t\t\t\t\t<div class=\"e-con-inner\">\n\t\t\t\t<div class=\"elementor-element elementor-element-e221678 elementor-widget elementor-widget-heading\" data-id=\"e221678\" data-element_type=\"widget\" data-e-type=\"widget\" data-widget_type=\"heading.default\">\n\t\t\t\t\t<h3 class=\"elementor-heading-title elementor-size-default\"><a href=\"\/detran\/calendario-licenciamento-ipva\/\">Calend\u00e1rio Licenciamento\/IPVA<\/a><\/h3>\t\t\t\t<\/div>\n\t\t\t\t<div class=\"elementor-element elementor-element-8e94a14 elementor-widget elementor-widget-heading\" data-id=\"8e94a14\" data-element_type=\"widget\" data-e-type=\"widget\" data-widget_type=\"heading.default\">\n\t\t\t\t\t<h3 class=\"elementor-heading-title elementor-size-default\"><a href=\"\/detran\/consulta--de-registro-de-contrato\/\">Consulta de Registro de Contrato<\/a><\/h3>\t\t\t\t<\/div>\n\t\t\t\t\t<\/div>\n\t\t\t\t<\/div>\n\t\t<div class=\"elementor-element elementor-element-4f232e9 e-grid e-con-boxed e-con e-parent\" data-id=\"4f232e9\" data-element_type=\"container\" data-e-type=\"container\">\n\t\t\t\t\t<div class=\"e-con-inner\">\n\t\t\t\t<div class=\"elementor-element elementor-element-eec2fc5 elementor-widget elementor-widget-heading\" data-id=\"eec2fc5\" data-element_type=\"widget\" data-e-type=\"widget\" data-widget_type=\"heading.default\">\n\t\t\t\t\t<h3 class=\"elementor-heading-title elementor-size-default\"><a href=\"\/detran\/consulta-de-cnh\/\">Consultar CNH<\/a><\/h3>\t\t\t\t<\/div>\n\t\t\t\t<div class=\"elementor-element elementor-element-e5f1228 elementor-widget elementor-widget-heading\" data-id=\"e5f1228\" data-element_type=\"widget\" data-e-type=\"widget\" data-widget_type=\"heading.default\">\n\t\t\t\t\t<h3 class=\"elementor-heading-title elementor-size-default\"><a href=\"\/detran\/consulta-de-divida-ativa\/\">Consultar D\u00edvida Ativa<\/a><\/h3>\t\t\t\t<\/div>\n\t\t\t\t\t<\/div>\n\t\t\t\t<\/div>\n\t\t<div class=\"elementor-element elementor-element-2d8e307 e-grid e-con-boxed e-con e-parent\" data-id=\"2d8e307\" data-element_type=\"container\" data-e-type=\"container\">\n\t\t\t\t\t<div class=\"e-con-inner\">\n\t\t\t\t<div class=\"elementor-element elementor-element-071ab3b elementor-widget elementor-widget-heading\" data-id=\"071ab3b\" data-element_type=\"widget\" data-e-type=\"widget\" data-widget_type=\"heading.default\">\n\t\t\t\t\t<h3 class=\"elementor-heading-title elementor-size-default\"><a href=\"\/detran\/consulta-edital-de-notificacao\/\">Consultar Edital de Notifica\u00e7\u00e3o<\/a><\/h3>\t\t\t\t<\/div>\n\t\t\t\t<div class=\"elementor-element elementor-element-031b165 elementor-widget elementor-widget-heading\" data-id=\"031b165\" data-element_type=\"widget\" data-e-type=\"widget\" data-widget_type=\"heading.default\">\n\t\t\t\t\t<h3 class=\"elementor-heading-title elementor-size-default\"><a href=\"\/detran\/consulta-empresas-de-parcelamento-de-debitos\/\">Consultar Empresas de Parcelamento de D\u00e9bitos<\/a><\/h3>\t\t\t\t<\/div>\n\t\t\t\t\t<\/div>\n\t\t\t\t<\/div>\n\t\t<div class=\"elementor-element elementor-element-dcf4ed3 e-grid e-con-boxed e-con e-parent\" data-id=\"dcf4ed3\" data-element_type=\"container\" data-e-type=\"container\">\n\t\t\t\t\t<div class=\"e-con-inner\">\n\t\t\t\t<div class=\"elementor-element elementor-element-6d8a7de elementor-widget elementor-widget-heading\" data-id=\"6d8a7de\" data-element_type=\"widget\" data-e-type=\"widget\" data-widget_type=\"heading.default\">\n\t\t\t\t\t<h3 class=\"elementor-heading-title elementor-size-default\"><a href=\"\/detran\/consulta-estampadores-credenciados\/\">Consultar Estampadores Credenciados<\/a><\/h3>\t\t\t\t<\/div>\n\t\t\t\t<div class=\"elementor-element elementor-element-40dc9de elementor-widget elementor-widget-heading\" data-id=\"40dc9de\" data-element_type=\"widget\" data-e-type=\"widget\" data-widget_type=\"heading.default\">\n\t\t\t\t\t<h3 class=\"elementor-heading-title elementor-size-default\"><a href=\"\/detran\/consulta-de-gravame\/\">Consultar Gravame<\/a><\/h3>\t\t\t\t<\/div>\n\t\t\t\t\t<\/div>\n\t\t\t\t<\/div>\n\t\t<div class=\"elementor-element elementor-element-6577682 e-grid e-con-boxed e-con e-parent\" data-id=\"6577682\" data-element_type=\"container\" data-e-type=\"container\">\n\t\t\t\t\t<div class=\"e-con-inner\">\n\t\t\t\t<div class=\"elementor-element elementor-element-5bc8ec1 elementor-widget elementor-widget-heading\" data-id=\"5bc8ec1\" data-element_type=\"widget\" data-e-type=\"widget\" data-widget_type=\"heading.default\">\n\t\t\t\t\t<h3 class=\"elementor-heading-title elementor-size-default\"><a href=\"\/detran\/consulta-multas-de-veiculo-de-outra-uf\/\">Consultar Multas de Ve\u00edculo de Outra UF<\/a><\/h3>\t\t\t\t<\/div>\n\t\t\t\t<div class=\"elementor-element elementor-element-3ce2fa0 elementor-widget elementor-widget-heading\" data-id=\"3ce2fa0\" data-element_type=\"widget\" data-e-type=\"widget\" data-widget_type=\"heading.default\">\n\t\t\t\t\t<h3 class=\"elementor-heading-title elementor-size-default\"><a href=\"https:\/\/www.go.gov.br\/servicos\/servico\/consultar-processo-detran-protocolo\">Consultar Processo (Protocolo)<\/a><\/h3>\t\t\t\t<\/div>\n\t\t\t\t\t<\/div>\n\t\t\t\t<\/div>\n\t\t<div class=\"elementor-element elementor-element-5ab639e e-grid e-con-boxed e-con e-parent\" data-id=\"5ab639e\" data-element_type=\"container\" data-e-type=\"container\">\n\t\t\t\t\t<div class=\"e-con-inner\">\n\t\t\t\t<div class=\"elementor-element elementor-element-05b03d9 elementor-widget elementor-widget-heading\" data-id=\"05b03d9\" data-element_type=\"widget\" data-e-type=\"widget\" data-widget_type=\"heading.default\">\n\t\t\t\t\t<h3 class=\"elementor-heading-title elementor-size-default\"><a href=\"\/detran\/consulta-de-renach\/\">Consultar Processo de CNH (Renach)<\/a><\/h3>\t\t\t\t<\/div>\n\t\t\t\t<div class=\"elementor-element elementor-element-25baa4f elementor-widget elementor-widget-heading\" data-id=\"25baa4f\" data-element_type=\"widget\" data-e-type=\"widget\" data-widget_type=\"heading.default\">\n\t\t\t\t\t<h3 class=\"elementor-heading-title elementor-size-default\"><a href=\"https:\/\/sei.go.gov.br\/sei\/modulos\/pesquisa\/md_pesq_processo_pesquisar.php?acao_externa=protocolo_pesquisar&#038;acao_origem_externa=protocolo_pesquisar&#038;id_orgao_acesso_externo=1\">Consultar Processo SEI<\/a><\/h3>\t\t\t\t<\/div>\n\t\t\t\t\t<\/div>\n\t\t\t\t<\/div>\n\t\t<div class=\"elementor-element elementor-element-cad5b86 e-grid e-con-boxed e-con e-parent\" data-id=\"cad5b86\" data-element_type=\"container\" data-e-type=\"container\">\n\t\t\t\t\t<div class=\"e-con-inner\">\n\t\t\t\t<div class=\"elementor-element elementor-element-b0316f4 elementor-widget elementor-widget-heading\" data-id=\"b0316f4\" data-element_type=\"widget\" data-e-type=\"widget\" data-widget_type=\"heading.default\">\n\t\t\t\t\t<h3 class=\"elementor-heading-title elementor-size-default\"><a href=\"\/detran\/consulta-resultado-de-exame-teorico\/\">Consultar Resultado de Exame Te\u00f3rico<\/a><\/h3>\t\t\t\t<\/div>\n\t\t\t\t<div class=\"elementor-element elementor-element-1d75e6c elementor-widget elementor-widget-heading\" data-id=\"1d75e6c\" data-element_type=\"widget\" data-e-type=\"widget\" data-widget_type=\"heading.default\">\n\t\t\t\t\t<h3 class=\"elementor-heading-title elementor-size-default\"><a href=\"\/detran\/consulta-de-veiculo\/\">Consultar Ve\u00edculo (IPVA e CRLV)<\/a><\/h3>\t\t\t\t<\/div>\n\t\t\t\t\t<\/div>\n\t\t\t\t<\/div>\n\t\t<div class=\"elementor-element elementor-element-cf45c3c e-grid e-con-boxed e-con e-parent\" data-id=\"cf45c3c\" data-element_type=\"container\" data-e-type=\"container\">\n\t\t\t\t\t<div class=\"e-con-inner\">\n\t\t\t\t<div class=\"elementor-element elementor-element-be829c8 elementor-widget elementor-widget-heading\" data-id=\"be829c8\" data-element_type=\"widget\" data-e-type=\"widget\" data-widget_type=\"heading.default\">\n\t\t\t\t\t<h3 class=\"elementor-heading-title elementor-size-default\"><a href=\"\/detran\/cursos-oferecidos-pela-escola-publica-de-transito\/\">Cursos oferecidos pela Escola P\u00fablica de Tr\u00e2nsito<\/a><\/h3>\t\t\t\t<\/div>\n\t\t\t\t<div class=\"elementor-element elementor-element-908be01 elementor-widget elementor-widget-heading\" data-id=\"908be01\" data-element_type=\"widget\" data-e-type=\"widget\" data-widget_type=\"heading.default\">\n\t\t\t\t\t<h3 class=\"elementor-heading-title elementor-size-default\"><a href=\"\/detran\/emitir-certidao-de-propriedade-veicular\/\">Emitir Certid\u00e3o de Propriedade Veicular<\/a><\/h3>\t\t\t\t<\/div>\n\t\t\t\t\t<\/div>\n\t\t\t\t<\/div>\n\t\t<div class=\"elementor-element elementor-element-9f891a6 e-grid e-con-boxed e-con e-parent\" data-id=\"9f891a6\" data-element_type=\"container\" data-e-type=\"container\">\n\t\t\t\t\t<div class=\"e-con-inner\">\n\t\t\t\t<div class=\"elementor-element elementor-element-cf9ef6d elementor-widget elementor-widget-heading\" data-id=\"cf9ef6d\" data-element_type=\"widget\" data-e-type=\"widget\" data-widget_type=\"heading.default\">\n\t\t\t\t\t<h3 class=\"elementor-heading-title elementor-size-default\"><a href=\"\/detran\/emissao-de-laudo-medico-pericial\/\">Emitir Laudo M\u00e9dico Pericial<\/a><\/h3>\t\t\t\t<\/div>\n\t\t\t\t<div class=\"elementor-element elementor-element-0ad1eab elementor-widget elementor-widget-heading\" data-id=\"0ad1eab\" data-element_type=\"widget\" data-e-type=\"widget\" data-widget_type=\"heading.default\">\n\t\t\t\t\t<h3 class=\"elementor-heading-title elementor-size-default\"><a href=\"\/detran\/emissao-da-taxa-de-reteste-do-exame-teorico-ou-pratico\/\">Emitir Taxa de Reteste do Exame Te\u00f3rico ou Pr\u00e1tico<\/a><\/h3>\t\t\t\t<\/div>\n\t\t\t\t\t<\/div>\n\t\t\t\t<\/div>\n\t\t<div class=\"elementor-element elementor-element-d99374d e-grid e-con-boxed e-con e-parent\" data-id=\"d99374d\" data-element_type=\"container\" data-e-type=\"container\">\n\t\t\t\t\t<div class=\"e-con-inner\">\n\t\t\t\t<div class=\"elementor-element elementor-element-62cf640 elementor-widget elementor-widget-heading\" data-id=\"62cf640\" data-element_type=\"widget\" data-e-type=\"widget\" data-widget_type=\"heading.default\">\n\t\t\t\t\t<h3 class=\"elementor-heading-title elementor-size-default\"><a href=\"\/detran\/fazer-curso-de-reciclagem\/\">Fazer Curso de Reciclagem\u00a0<\/a><\/h3>\t\t\t\t<\/div>\n\t\t\t\t<div class=\"elementor-element elementor-element-1a481f4 elementor-widget elementor-widget-heading\" data-id=\"1a481f4\" data-element_type=\"widget\" data-e-type=\"widget\" data-widget_type=\"heading.default\">\n\t\t\t\t\t<h3 class=\"elementor-heading-title elementor-size-default\"><a href=\"\/detran\/transferencia-pontuacao-dirc\/\">Indicar Real Condutor (Transferir Pontua\u00e7\u00e3o)<\/a><\/h3>\t\t\t\t<\/div>\n\t\t\t\t\t<\/div>\n\t\t\t\t<\/div>\n\t\t<div class=\"elementor-element elementor-element-afec45e e-grid e-con-boxed e-con e-parent\" data-id=\"afec45e\" data-element_type=\"container\" data-e-type=\"container\">\n\t\t\t\t\t<div class=\"e-con-inner\">\n\t\t\t\t<div class=\"elementor-element elementor-element-91433ef elementor-widget elementor-widget-heading\" data-id=\"91433ef\" data-element_type=\"widget\" data-e-type=\"widget\" data-widget_type=\"heading.default\">\n\t\t\t\t\t<h3 class=\"elementor-heading-title elementor-size-default\"><a href=\"\/detran\/obter-a-primeira-via-da-carteira-nacional-de-habilitacao-cnh\/\">Obter a Primeira Via da Carteira Nacional de Habilita\u00e7\u00e3o - CNH<\/a><\/h3>\t\t\t\t<\/div>\n\t\t\t\t<div class=\"elementor-element elementor-element-f6eca19 elementor-widget elementor-widget-heading\" data-id=\"f6eca19\" data-element_type=\"widget\" data-e-type=\"widget\" data-widget_type=\"heading.default\">\n\t\t\t\t\t<h3 class=\"elementor-heading-title elementor-size-default\"><a href=\"\/detran\/obter-certidao-de-acidente-de-transito-estadual\/\">Obter certid\u00e3o de acidente de tr\u00e2nsito Estadual<\/a><\/h3>\t\t\t\t<\/div>\n\t\t\t\t\t<\/div>\n\t\t\t\t<\/div>\n\t\t<div class=\"elementor-element elementor-element-6e6977e e-grid e-con-boxed e-con e-parent\" data-id=\"6e6977e\" data-element_type=\"container\" data-e-type=\"container\">\n\t\t\t\t\t<div class=\"e-con-inner\">\n\t\t\t\t<div class=\"elementor-element elementor-element-95e5bf2 elementor-widget elementor-widget-heading\" data-id=\"95e5bf2\" data-element_type=\"widget\" data-e-type=\"widget\" data-widget_type=\"heading.default\">\n\t\t\t\t\t<h3 class=\"elementor-heading-title elementor-size-default\"><a href=\"\/detran\/obter-certidao-de-prontuario-da-cnh-para-emprego-seguro-ou-aposentadoria\/\">Obter certid\u00e3o de prontu\u00e1rio da CNH para emprego, seguro ou aposentadoria\u00a0<\/a><\/h3>\t\t\t\t<\/div>\n\t\t\t\t<div class=\"elementor-element elementor-element-430c597 elementor-widget elementor-widget-heading\" data-id=\"430c597\" data-element_type=\"widget\" data-e-type=\"widget\" data-widget_type=\"heading.default\">\n\t\t\t\t\t<h3 class=\"elementor-heading-title elementor-size-default\"><a href=\"\/detran\/obter-licenciamento-anual-de-veiculo\/\">Obter Licenciamento Anual de Ve\u00edculo<\/a><\/h3>\t\t\t\t<\/div>\n\t\t\t\t\t<\/div>\n\t\t\t\t<\/div>\n\t\t<div class=\"elementor-element elementor-element-074bae1 e-grid e-con-boxed e-con e-parent\" data-id=\"074bae1\" data-element_type=\"container\" data-e-type=\"container\">\n\t\t\t\t\t<div class=\"e-con-inner\">\n\t\t<div class=\"elementor-element elementor-element-300762f e-con-full e-flex e-con e-child\" data-id=\"300762f\" data-element_type=\"container\" data-e-type=\"container\">\n\t\t\t\t<div class=\"elementor-element elementor-element-eca3b1b elementor-widget elementor-widget-heading\" data-id=\"eca3b1b\" data-element_type=\"widget\" data-e-type=\"widget\" data-widget_type=\"heading.default\">\n\t\t\t\t\t<h3 class=\"elementor-heading-title elementor-size-default\"><a href=\"\/detran\/obter-licenciamento-anual-de-veiculo\/\">Obter Licenciamento Anual de Ve\u00edculo<\/a><\/h3>\t\t\t\t<\/div>\n\t\t\t\t<div class=\"elementor-element elementor-element-13d5839 elementor-widget elementor-widget-text-editor\" data-id=\"13d5839\" data-element_type=\"widget\" data-e-type=\"widget\" data-widget_type=\"text-editor.default\">\n\t\t\t\t\t\t\t\t\t<p><span style=\"font-size: 10pt;\"><b>&#8220;N\u00e3o existe etapa de sele\u00e7\u00e3o aberta para novos cadastros no programa cnh social, quando houver a disponibilidade, as condi\u00e7\u00f5es ser\u00e3o divulgadas via imprensa e canais eletr\u00f4nicos do detran&#8221; Cuidado com as fake news!<\/b><\/span><\/p>\t\t\t\t\t\t\t\t<\/div>\n\t\t\t\t<\/div>\n\t\t\t\t<div class=\"elementor-element elementor-element-f0d5001 elementor-widget elementor-widget-heading\" data-id=\"f0d5001\" data-element_type=\"widget\" data-e-type=\"widget\" data-widget_type=\"heading.default\">\n\t\t\t\t\t<h3 class=\"elementor-heading-title elementor-size-default\"><a href=\"\/detran\/registro-de-contrato\/\">Registro de Contrato<\/a><\/h3>\t\t\t\t<\/div>\n\t\t\t\t\t<\/div>\n\t\t\t\t<\/div>\n\t\t<div class=\"elementor-element elementor-element-35ad823 e-grid e-con-boxed e-con e-parent\" data-id=\"35ad823\" data-element_type=\"container\" data-e-type=\"container\">\n\t\t\t\t\t<div class=\"e-con-inner\">\n\t\t\t\t<div class=\"elementor-element elementor-element-f502b23 elementor-widget elementor-widget-heading\" data-id=\"f502b23\" data-element_type=\"widget\" data-e-type=\"widget\" data-widget_type=\"heading.default\">\n\t\t\t\t\t<h3 class=\"elementor-heading-title elementor-size-default\"><a href=\"\/detran\/solicitar-2o-via-de-cnh\/\">Solicitar 2\u00ba Via de CNH<\/a><\/h3>\t\t\t\t<\/div>\n\t\t\t\t<div class=\"elementor-element elementor-element-afb4ced elementor-widget elementor-widget-heading\" data-id=\"afb4ced\" data-element_type=\"widget\" data-e-type=\"widget\" data-widget_type=\"heading.default\">\n\t\t\t\t\t<h3 class=\"elementor-heading-title elementor-size-default\"><a href=\"\/detran\/solicitar-certificado-de-registro-e-licenciamento-de-veiculo-crlv-e\/\">Solicitar Certificado de Registro e Licenciamento de Ve\u00edculo - CRLV-e<\/a><\/h3>\t\t\t\t<\/div>\n\t\t\t\t\t<\/div>\n\t\t\t\t<\/div>\n\t\t<div class=\"elementor-element elementor-element-4dd864c e-grid e-con-boxed e-con e-parent\" data-id=\"4dd864c\" data-element_type=\"container\" data-e-type=\"container\">\n\t\t\t\t\t<div class=\"e-con-inner\">\n\t\t\t\t<div class=\"elementor-element elementor-element-7065ed7 elementor-widget elementor-widget-heading\" data-id=\"7065ed7\" data-element_type=\"widget\" data-e-type=\"widget\" data-widget_type=\"heading.default\">\n\t\t\t\t\t<h3 class=\"elementor-heading-title elementor-size-default\"><a href=\"\/detran\/solicitar-exame-na-junta-medica-especial-detran\/\">Solicitar Exame na Junta M\u00e9dica Especial (DETRAN)<\/a><\/h3>\t\t\t\t<\/div>\n\t\t\t\t<div class=\"elementor-element elementor-element-ab38a72 elementor-widget elementor-widget-heading\" data-id=\"ab38a72\" data-element_type=\"widget\" data-e-type=\"widget\" data-widget_type=\"heading.default\">\n\t\t\t\t\t<h3 class=\"elementor-heading-title elementor-size-default\"><a href=\"https:\/\/goias.gov.br\/detran\/aviso\/\">Solicitar Permiss\u00e3o Internacional para Dirigir - PID<\/a><\/h3>\t\t\t\t<\/div>\n\t\t\t\t\t<\/div>\n\t\t\t\t<\/div>\n\t\t<div class=\"elementor-element elementor-element-67bc673 e-grid e-con-boxed e-con e-parent\" data-id=\"67bc673\" data-element_type=\"container\" data-e-type=\"container\">\n\t\t\t\t\t<div class=\"e-con-inner\">\n\t\t\t\t<div class=\"elementor-element elementor-element-c6f5afe elementor-widget elementor-widget-heading\" data-id=\"c6f5afe\" data-element_type=\"widget\" data-e-type=\"widget\" data-widget_type=\"heading.default\">\n\t\t\t\t\t<h3 class=\"elementor-heading-title elementor-size-default\"><a href=\"https:\/\/www.go.gov.br\/servicos\/servico\/solicitar-recurso-de-multa-de-transito\">Solicitar Recurso de Multa de Tr\u00e2nsito<\/a><\/h3>\t\t\t\t<\/div>\n\t\t\t\t<div class=\"elementor-element elementor-element-e280508 elementor-widget elementor-widget-heading\" data-id=\"e280508\" data-element_type=\"widget\" data-e-type=\"widget\" data-widget_type=\"heading.default\">\n\t\t\t\t\t<h3 class=\"elementor-heading-title elementor-size-default\"><a href=\"\/detran\/solicitar-transferencia-de-municipio-do-veiculo-dentro-do-estado-de-goias\/\">Solicitar Transfer\u00eancia de Munic\u00edpio do Ve\u00edculo dentro do estado de Goi\u00e1s<\/a><\/h3>\t\t\t\t<\/div>\n\t\t\t\t\t<\/div>\n\t\t\t\t<\/div>\n\t\t<div class=\"elementor-element elementor-element-d3e5444 e-grid e-con-boxed e-con e-parent\" data-id=\"d3e5444\" data-element_type=\"container\" data-e-type=\"container\">\n\t\t\t\t\t<div class=\"e-con-inner\">\n\t\t\t\t<div class=\"elementor-element elementor-element-962544a elementor-widget elementor-widget-heading\" data-id=\"962544a\" data-element_type=\"widget\" data-e-type=\"widget\" data-widget_type=\"heading.default\">\n\t\t\t\t\t<h3 class=\"elementor-heading-title elementor-size-default\"><a href=\"\/detran\/solicitar-transferencia-de-propriedade-do-veiculo\/\">Solicitar Transfer\u00eancia de Propriedade do Ve\u00edculo<\/a><\/h3>\t\t\t\t<\/div>\n\t\t\t\t<div class=\"elementor-element elementor-element-d0dd4d2 elementor-widget elementor-widget-heading\" data-id=\"d0dd4d2\" data-element_type=\"widget\" data-e-type=\"widget\" data-widget_type=\"heading.default\">\n\t\t\t\t\t<h3 class=\"elementor-heading-title elementor-size-default\"><a href=\"\/detran\/solicitar-transferencia-de-veiculo-de-outro-estado-para-goias-uf\/\">Solicitar Transfer\u00eancia de Ve\u00edculo de outro Estado para Goi\u00e1s (UF)<\/a><\/h3>\t\t\t\t<\/div>\n\t\t\t\t\t<\/div>\n\t\t\t\t<\/div>\n\t\t<div class=\"elementor-element elementor-element-dff21fd e-grid e-con-boxed e-con e-parent\" data-id=\"dff21fd\" data-element_type=\"container\" data-e-type=\"container\">\n\t\t\t\t\t<div class=\"e-con-inner\">\n\t\t\t\t<div class=\"elementor-element elementor-element-c6414ff elementor-widget elementor-widget-heading\" data-id=\"c6414ff\" data-element_type=\"widget\" data-e-type=\"widget\" data-widget_type=\"heading.default\">\n\t\t\t\t\t<h3 class=\"elementor-heading-title elementor-size-default\"><a href=\"\/detran\/trocar-cnh-provisoria-pela-definitiva\/\">Solicitar Troca da CNH Provis\u00f3ria pela Definitiva\u00a0<\/a><\/h3>\t\t\t\t<\/div>\n\t\t\t\t<div class=\"elementor-element elementor-element-8747413 elementor-widget elementor-widget-heading\" data-id=\"8747413\" data-element_type=\"widget\" data-e-type=\"widget\" data-widget_type=\"heading.default\">\n\t\t\t\t\t<h3 class=\"elementor-heading-title elementor-size-default\"><a href=\"\/detran\/validacao-do-prontuario-de-cnh\/\">Validar Prontu\u00e1rio de CNH<\/a><\/h3>\t\t\t\t<\/div>\n\t\t\t\t\t<\/div>\n\t\t\t\t<\/div>\n\t\t\t\t<\/div>\n\t\t","protected":false},"excerpt":{"rendered":"<p>Agendamento do Exame Te\u00f3rico Agendar Atendimento Presencial &#8211; Detran Agendar Vapt Vupt Agendar Vistorias Veiculares Alterar Endere\u00e7o dos Ve\u00edculos dentro do mesmo Munic\u00edpio Baixar CRLV Eletr\u00f4nico Calend\u00e1rio Licenciamento\/IPVA Consulta de Registro de Contrato Consultar CNH Consultar D\u00edvida Ativa Consultar Edital de Notifica\u00e7\u00e3o Consultar Empresas de Parcelamento de D\u00e9bitos Consultar Estampadores Credenciados Consultar Gravame Consultar Multas [&hellip;]<\/p>\n","protected":false},"author":39,"featured_media":0,"parent":0,"menu_order":0,"comment_status":"closed","ping_status":"closed","template":"","meta":{"footnotes":"","_links_to":"","_links_to_target":""},"class_list":["post-200128","page","type-page","status-publish","hentry"],"rttpg_featured_image_url":null,"rttpg_author":{"display_name":"matheuspires","author_link":"https:\/\/goias.gov.br\/detran\/author\/matheusbp\/"},"rttpg_comment":0,"rttpg_category":null,"rttpg_excerpt":"Agendamento do Exame Te\u00f3rico Agendar Atendimento Presencial &#8211; Detran Agendar Vapt Vupt Agendar Vistorias Veiculares Alterar Endere\u00e7o dos Ve\u00edculos dentro do mesmo Munic\u00edpio Baixar CRLV Eletr\u00f4nico Calend\u00e1rio Licenciamento\/IPVA Consulta de Registro de Contrato Consultar CNH Consultar D\u00edvida Ativa Consultar Edital de Notifica\u00e7\u00e3o Consultar Empresas de Parcelamento de D\u00e9bitos Consultar Estampadores Credenciados Consultar Gravame Consultar Multas&hellip;","_links":{"self":[{"href":"https:\/\/goias.gov.br\/detran\/wp-json\/wp\/v2\/pages\/200128","targetHints":{"allow":["GET"]}}],"collection":[{"href":"https:\/\/goias.gov.br\/detran\/wp-json\/wp\/v2\/pages"}],"about":[{"href":"https:\/\/goias.gov.br\/detran\/wp-json\/wp\/v2\/types\/page"}],"author":[{"embeddable":true,"href":"https:\/\/goias.gov.br\/detran\/wp-json\/wp\/v2\/users\/39"}],"replies":[{"embeddable":true,"href":"https:\/\/goias.gov.br\/detran\/wp-json\/wp\/v2\/comments?post=200128"}],"version-history":[{"count":2,"href":"https:\/\/goias.gov.br\/detran\/wp-json\/wp\/v2\/pages\/200128\/revisions"}],"predecessor-version":[{"id":366038,"href":"https:\/\/goias.gov.br\/detran\/wp-json\/wp\/v2\/pages\/200128\/revisions\/366038"}],"wp:attachment":[{"href":"https:\/\/goias.gov.br\/detran\/wp-json\/wp\/v2\/media?parent=200128"}],"curies":[{"name":"wp","href":"https:\/\/api.w.org\/{rel}","templated":true}]}}