

{"id":53103,"date":"2024-09-20T13:31:51","date_gmt":"2024-09-20T16:31:51","guid":{"rendered":"https:\/\/goias.gov.br\/cultura\/?page_id=53103"},"modified":"2026-03-25T16:53:01","modified_gmt":"2026-03-25T19:53:01","slug":"museu-da-imagem-e-do-som","status":"publish","type":"page","link":"https:\/\/goias.gov.br\/cultura\/museu-da-imagem-e-do-som\/","title":{"rendered":"Museu da Imagem e do Som"},"content":{"rendered":"\t\t<div data-elementor-type=\"wp-page\" data-elementor-id=\"53103\" class=\"elementor elementor-53103\">\n\t\t\t\t<div class=\"elementor-element elementor-element-fa65f87 e-flex e-con-boxed e-con e-parent\" data-id=\"fa65f87\" data-element_type=\"container\" data-e-type=\"container\">\n\t\t\t\t\t<div class=\"e-con-inner\">\n\t\t\t\t<div class=\"elementor-element elementor-element-cfb66e2 elementor-widget elementor-widget-image\" data-id=\"cfb66e2\" data-element_type=\"widget\" data-e-type=\"widget\" data-widget_type=\"image.default\">\n\t\t\t\t<div class=\"elementor-widget-container\">\n\t\t\t\t\t\t\t\t\t\t\t\t\t\t\t<img decoding=\"async\" src=\"https:\/\/goias.gov.br\/cultura\/wp-content\/uploads\/sites\/25\/2024\/09\/WhatsApp-Image-2024-02-09-at-09.20.42-scaled.jpeg\" title=\"\" alt=\"\" loading=\"lazy\" \/>\t\t\t\t\t\t\t\t\t\t\t\t\t\t\t<\/div>\n\t\t\t\t<\/div>\n\t\t\t\t\t<\/div>\n\t\t\t\t<\/div>\n\t\t<div class=\"elementor-element elementor-element-be1eca6 e-flex e-con-boxed e-con e-parent\" data-id=\"be1eca6\" data-element_type=\"container\" data-e-type=\"container\">\n\t\t\t\t\t<div class=\"e-con-inner\">\n\t\t\t\t<div class=\"elementor-element elementor-element-ff7f7bd elementor-widget elementor-widget-text-editor\" data-id=\"ff7f7bd\" data-element_type=\"widget\" data-e-type=\"widget\" data-widget_type=\"text-editor.default\">\n\t\t\t\t<div class=\"elementor-widget-container\">\n\t\t\t\t\t\t\t\t\t<p><span style=\"font-weight: 400;\">O Museu da Imagem e do Som de Goi\u00e1s foi criado em 1988 com o objetivo de reunir, preservar, produzir e divulgar as formas de express\u00e3o hist\u00f3rica, art\u00edstica e cultural do Estado registradas em \u00e1udio, v\u00eddeo e imagem.<\/span><\/p><p><span style=\"font-weight: 400;\">O Acervo da unidade \u00e9 constitu\u00eddo de cole\u00e7\u00f5es de discos, fitas cassete, fitas magn\u00e9ticas de \u00e1udio e de v\u00eddeo, pel\u00edculas, fotografias, documentos textuais e bibliogr\u00e1ficos.\u00a0<\/span><\/p><p><span style=\"font-weight: 400;\">O museu desenvolve a\u00e7\u00f5es musicol\u00f3gicas de pesquisa, preserva\u00e7\u00e3o e comunica\u00e7\u00e3o, que abrangem as cole\u00e7\u00f5es dos acervos fotogr\u00e1ficos, fonogr\u00e1fico e videogr\u00e1fico via projetos patrocinados pela Secult e por institui\u00e7\u00f5es nacionais como o Banco Nacional de Desenvolvimento (Bnds), a Petrobras e o Minist\u00e9rio da Cultura (MibC). Esses projetos e editais de incentivo a cultura possibilitaram a realiza\u00e7\u00e3o da higieniza\u00e7\u00e3o, acondicionamento, guarda e digitaliza\u00e7\u00e3o de parte do acervo. Al\u00e9m da produ\u00e7\u00e3o e publica\u00e7\u00e3o de cat\u00e1logos e document\u00e1rios<\/span><\/p>\t\t\t\t\t\t\t\t<\/div>\n\t\t\t\t<\/div>\n\t\t\t\t\t<\/div>\n\t\t\t\t<\/div>\n\t\t<div class=\"elementor-element elementor-element-1b0745c e-flex e-con-boxed e-con e-parent\" data-id=\"1b0745c\" data-element_type=\"container\" data-e-type=\"container\">\n\t\t\t\t\t<div class=\"e-con-inner\">\n\t\t\t\t<div class=\"elementor-element elementor-element-2800650 elementor-widget elementor-widget-image\" data-id=\"2800650\" data-element_type=\"widget\" data-e-type=\"widget\" data-widget_type=\"image.default\">\n\t\t\t\t<div class=\"elementor-widget-container\">\n\t\t\t\t\t\t\t\t\t\t\t\t\t\t\t<img decoding=\"async\" src=\"https:\/\/goias.gov.br\/cultura\/wp-content\/uploads\/sites\/25\/2024\/09\/20220928_130502059_iOS-scaled.jpg\" title=\"\" alt=\"\" loading=\"lazy\" \/>\t\t\t\t\t\t\t\t\t\t\t\t\t\t\t<\/div>\n\t\t\t\t<\/div>\n\t\t\t\t\t<\/div>\n\t\t\t\t<\/div>\n\t\t<div class=\"elementor-element elementor-element-0403530 e-flex e-con-boxed e-con e-parent\" data-id=\"0403530\" data-element_type=\"container\" data-e-type=\"container\">\n\t\t\t\t\t<div class=\"e-con-inner\">\n\t\t\t\t<div class=\"elementor-element elementor-element-64bdda8 elementor-widget elementor-widget-heading\" data-id=\"64bdda8\" data-element_type=\"widget\" data-e-type=\"widget\" data-widget_type=\"heading.default\">\n\t\t\t\t<div class=\"elementor-widget-container\">\n\t\t\t\t\t<h2 class=\"elementor-heading-title elementor-size-default\">Acervos<\/h2>\t\t\t\t<\/div>\n\t\t\t\t<\/div>\n\t\t\t\t<div class=\"elementor-element elementor-element-caba50a elementor-widget elementor-widget-text-editor\" data-id=\"caba50a\" data-element_type=\"widget\" data-e-type=\"widget\" data-widget_type=\"text-editor.default\">\n\t\t\t\t<div class=\"elementor-widget-container\">\n\t\t\t\t\t\t\t\t\t<p><span style=\"font-weight: 400;\">Fotogr\u00e1fico, videogr\u00e1fico e fonogr\u00e1fico<\/span><\/p>\t\t\t\t\t\t\t\t<\/div>\n\t\t\t\t<\/div>\n\t\t\t\t<div class=\"elementor-element elementor-element-6c51a02 elementor-widget elementor-widget-heading\" data-id=\"6c51a02\" data-element_type=\"widget\" data-e-type=\"widget\" data-widget_type=\"heading.default\">\n\t\t\t\t<div class=\"elementor-widget-container\">\n\t\t\t\t\t<h2 class=\"elementor-heading-title elementor-size-default\">Como funcionam as exposi\u00e7\u00f5es?<\/h2>\t\t\t\t<\/div>\n\t\t\t\t<\/div>\n\t\t\t\t<div class=\"elementor-element elementor-element-62835bf elementor-widget elementor-widget-text-editor\" data-id=\"62835bf\" data-element_type=\"widget\" data-e-type=\"widget\" data-widget_type=\"text-editor.default\">\n\t\t\t\t<div class=\"elementor-widget-container\">\n\t\t\t\t\t\t\t\t\t<p><span style=\"font-weight: 400;\">O MIS tamb\u00e9m abriga a Sala de Exposi\u00e7\u00e3o Alois Feichtenberger, localizada no primeiro piso do Centro Cultural Marietta Telles Machado, na Pra\u00e7a C\u00edvica, em Goi\u00e2nia.<br \/><br \/><\/span><span style=\"font-weight: 400;\">O MIS n\u00e3o possue uma exposi\u00e7\u00e3o de longa dura\u00e7\u00e3o, s\u00e3o varias exposi\u00e7\u00f5es de curta e m\u00e9dia dura\u00e7\u00e3o recebidas e\/ou promovidas ao longo do ano.<\/span><\/p>\t\t\t\t\t\t\t\t<\/div>\n\t\t\t\t<\/div>\n\t\t\t\t\t<\/div>\n\t\t\t\t<\/div>\n\t\t<div class=\"elementor-element elementor-element-8c58f95 e-flex e-con-boxed e-con e-parent\" data-id=\"8c58f95\" data-element_type=\"container\" data-e-type=\"container\">\n\t\t\t\t\t<div class=\"e-con-inner\">\n\t\t\t\t<div class=\"elementor-element elementor-element-fbf8b23 elementor-widget elementor-widget-heading\" data-id=\"fbf8b23\" data-element_type=\"widget\" data-e-type=\"widget\" data-widget_type=\"heading.default\">\n\t\t\t\t<div class=\"elementor-widget-container\">\n\t\t\t\t\t<h2 class=\"elementor-heading-title elementor-size-default\">Como funcionam as atividades?<\/h2>\t\t\t\t<\/div>\n\t\t\t\t<\/div>\n\t\t\t\t<div class=\"elementor-element elementor-element-66ae196 elementor-widget elementor-widget-text-editor\" data-id=\"66ae196\" data-element_type=\"widget\" data-e-type=\"widget\" data-widget_type=\"text-editor.default\">\n\t\t\t\t<div class=\"elementor-widget-container\">\n\t\t\t\t\t\t\t\t\t<p><span style=\"font-weight: 400;\">O MIS pode ceder seu espa\u00e7o da sala Multimeios de forma gratuita para atividades de cunho educativo e cultural propostas pela comunidade e organiza\u00e7\u00f5es, mediante agendamento.<\/span><\/p>\t\t\t\t\t\t\t\t<\/div>\n\t\t\t\t<\/div>\n\t\t\t\t\t<\/div>\n\t\t\t\t<\/div>\n\t\t<div class=\"elementor-element elementor-element-128e7ef e-flex e-con-boxed e-con e-parent\" data-id=\"128e7ef\" data-element_type=\"container\" data-e-type=\"container\">\n\t\t\t\t\t<div class=\"e-con-inner\">\n\t\t\t\t<div class=\"elementor-element elementor-element-0e514d2 elementor-widget elementor-widget-heading\" data-id=\"0e514d2\" data-element_type=\"widget\" data-e-type=\"widget\" data-widget_type=\"heading.default\">\n\t\t\t\t<div class=\"elementor-widget-container\">\n\t\t\t\t\t<h2 class=\"elementor-heading-title elementor-size-default\">Capacidade<\/h2>\t\t\t\t<\/div>\n\t\t\t\t<\/div>\n\t\t\t\t<div class=\"elementor-element elementor-element-1f2a0ae elementor-widget elementor-widget-counter\" data-id=\"1f2a0ae\" data-element_type=\"widget\" data-e-type=\"widget\" data-widget_type=\"counter.default\">\n\t\t\t\t<div class=\"elementor-widget-container\">\n\t\t\t\t\t\t\t<div class=\"elementor-counter\">\n\t\t\t<div class=\"elementor-counter-title\">PESSOAS<\/div>\t\t\t<div class=\"elementor-counter-number-wrapper\">\n\t\t\t\t<span class=\"elementor-counter-number-prefix\"><\/span>\n\t\t\t\t<span class=\"elementor-counter-number\" data-duration=\"2000\" data-to-value=\"70\" data-from-value=\"0\" data-delimiter=\",\">0<\/span>\n\t\t\t\t<span class=\"elementor-counter-number-suffix\"><\/span>\n\t\t\t<\/div>\n\t\t<\/div>\n\t\t\t\t\t\t<\/div>\n\t\t\t\t<\/div>\n\t\t\t\t<div class=\"elementor-element elementor-element-769b50c elementor-widget elementor-widget-text-editor\" data-id=\"769b50c\" data-element_type=\"widget\" data-e-type=\"widget\" data-widget_type=\"text-editor.default\">\n\t\t\t\t<div class=\"elementor-widget-container\">\n\t\t\t\t\t\t\t\t\t<div class=\"wppb-builder-addon wppb-addon-1726672975292\" data-addon-id=\"1726672975292\"><div class=\"wppb-addon\"><div class=\"wppb-blocknumber-addon\"><div class=\"wppb-blocknumber-addon-content\"><div class=\"wppb-blocknumber-media\"><div class=\"wppb-blocknumber-body\"><div class=\"wppb-builder-addon wppb-addon-1726685735329\" data-addon-id=\"1726685735329\"><div class=\"wppb-addon\"><div class=\"wppb-blocknumber-addon\"><div class=\"wppb-blocknumber-addon-content\"><div class=\"wppb-blocknumber-media\"><div class=\"wppb-blocknumber-body\"><div class=\"wppb-builder-addon wppb-addon-1726674689074\" data-addon-id=\"1726674689074\"><div class=\"wppb-addon\"><div class=\"wppb-blocknumber-addon\"><div class=\"wppb-blocknumber-addon-content\"><div class=\"wppb-blocknumber-media\"><div class=\"wppb-blocknumber-body\"><div class=\"wppb-builder-addon wppb-addon-1726683875995\" data-addon-id=\"1726683875995\"><div class=\"wppb-addon\"><div class=\"wppb-blocknumber-addon\"><div class=\"wppb-blocknumber-addon-content\"><div class=\"wppb-blocknumber-media\"><div class=\"wppb-blocknumber-body\"><div class=\"wppb-builder-addon wppb-addon-1727096454045\" data-addon-id=\"1727096454045\"><div class=\"wppb-addon\"><div class=\"wppb-blocknumber-addon\"><div class=\"wppb-blocknumber-addon-content\"><div class=\"wppb-blocknumber-media\"><div class=\"wppb-blocknumber-body\"><p><span style=\"font-weight: 400;\"><strong>Endere\u00e7o:\u00a0<\/strong><br \/><\/span><span style=\"font-weight: 400;\">Centro Cultural Marietta Telles Machado Pra\u00e7a C\u00edvica, n\u00ba 2, Centro \u2013 Goi\u00e2nia \u2013 Goi\u00e1s<\/span><\/p><p><span style=\"font-weight: 400;\"><strong>Telefone:<\/strong><br \/><\/span><span style=\"font-weight: 400;\">(62) 3201-4625<\/span><\/p><p><span style=\"font-weight: 400;\"><strong>Hor\u00e1rio:<\/strong><br \/><\/span><span style=\"font-weight: 400;\"><em>Administra\u00e7\u00e3o:<\/em> Segunda a sexta-feira:\u00a0 das 8 \u00e0s 18h\u00a0<\/span><\/p><p><span style=\"font-weight: 400;\"><em>Sal\u00e3o expositivo:<\/em> Segunda a sexta-feira: das 9 \u00e0s 17h | S\u00e1bado : das 9h \u00e0s 12h (fecha \u00e0s 13h)<\/span><\/p><p class=\"wppb-blocknumber-title\"><em><span style=\"font-weight: 400;\">E-mail: <\/span><\/em><a href=\"mailto:mis.cultura@goias.gov.br\"><span style=\"font-weight: 400;\">mis.cultura@goias.gov.br<\/span><\/a><\/p><\/div><\/div><\/div><\/div><\/div><\/div><\/div><\/div><\/div><\/div><\/div><\/div><\/div><\/div><\/div><\/div><\/div><\/div><\/div><\/div><\/div><\/div><\/div><\/div><\/div><\/div><\/div><\/div><\/div><\/div>\t\t\t\t\t\t\t\t<\/div>\n\t\t\t\t<\/div>\n\t\t\t\t\t<\/div>\n\t\t\t\t<\/div>\n\t\t<div class=\"elementor-element elementor-element-a4b9115 e-flex e-con-boxed e-con e-parent\" data-id=\"a4b9115\" data-element_type=\"container\" data-e-type=\"container\">\n\t\t\t\t\t<div class=\"e-con-inner\">\n\t\t\t\t<div class=\"elementor-element elementor-element-66f58b7 elementor-widget elementor-widget-html\" data-id=\"66f58b7\" data-element_type=\"widget\" data-e-type=\"widget\" data-widget_type=\"html.default\">\n\t\t\t\t<div class=\"elementor-widget-container\">\n\t\t\t\t\t<iframe width=\"560\" height=\"620\" src=\"https:\/\/www.youtube.com\/embed\/videoseries?si=VVuv19AkaQDl2UvO&amp;list=PLZmGnKKxxxr6rMrJEJKtsWumYbm4exP5l\" title=\"YouTube video player\" frameborder=\"0\" allow=\"accelerometer; autoplay; clipboard-write; encrypted-media; gyroscope; picture-in-picture; web-share\" referrerpolicy=\"strict-origin-when-cross-origin\" allowfullscreen><\/iframe>\t\t\t\t<\/div>\n\t\t\t\t<\/div>\n\t\t\t\t\t<\/div>\n\t\t\t\t<\/div>\n\t\t<div class=\"elementor-element elementor-element-415e467 e-flex e-con-boxed e-con e-parent\" data-id=\"415e467\" data-element_type=\"container\" data-e-type=\"container\">\n\t\t\t\t\t<div class=\"e-con-inner\">\n\t\t\t\t<div class=\"elementor-element elementor-element-6769045 elementor-widget elementor-widget-button\" data-id=\"6769045\" data-element_type=\"widget\" data-e-type=\"widget\" data-widget_type=\"button.default\">\n\t\t\t\t<div class=\"elementor-widget-container\">\n\t\t\t\t\t\t\t\t\t<div class=\"elementor-button-wrapper\">\n\t\t\t\t\t<a class=\"elementor-button elementor-button-link elementor-size-sm\" href=\"https:\/\/www.instagram.com\/misgoias\">\n\t\t\t\t\t\t<span class=\"elementor-button-content-wrapper\">\n\t\t\t\t\t\t<span class=\"elementor-button-icon\">\n\t\t\t\t<svg aria-hidden=\"true\" class=\"e-font-icon-svg e-fab-instagram\" viewBox=\"0 0 448 512\" xmlns=\"http:\/\/www.w3.org\/2000\/svg\"><path d=\"M224.1 141c-63.6 0-114.9 51.3-114.9 114.9s51.3 114.9 114.9 114.9S339 319.5 339 255.9 287.7 141 224.1 141zm0 189.6c-41.1 0-74.7-33.5-74.7-74.7s33.5-74.7 74.7-74.7 74.7 33.5 74.7 74.7-33.6 74.7-74.7 74.7zm146.4-194.3c0 14.9-12 26.8-26.8 26.8-14.9 0-26.8-12-26.8-26.8s12-26.8 26.8-26.8 26.8 12 26.8 26.8zm76.1 27.2c-1.7-35.9-9.9-67.7-36.2-93.9-26.2-26.2-58-34.4-93.9-36.2-37-2.1-147.9-2.1-184.9 0-35.8 1.7-67.6 9.9-93.9 36.1s-34.4 58-36.2 93.9c-2.1 37-2.1 147.9 0 184.9 1.7 35.9 9.9 67.7 36.2 93.9s58 34.4 93.9 36.2c37 2.1 147.9 2.1 184.9 0 35.9-1.7 67.7-9.9 93.9-36.2 26.2-26.2 34.4-58 36.2-93.9 2.1-37 2.1-147.8 0-184.8zM398.8 388c-7.8 19.6-22.9 34.7-42.6 42.6-29.5 11.7-99.5 9-132.1 9s-102.7 2.6-132.1-9c-19.6-7.8-34.7-22.9-42.6-42.6-11.7-29.5-9-99.5-9-132.1s-2.6-102.7 9-132.1c7.8-19.6 22.9-34.7 42.6-42.6 29.5-11.7 99.5-9 132.1-9s102.7-2.6 132.1 9c19.6 7.8 34.7 22.9 42.6 42.6 11.7 29.5 9 99.5 9 132.1s2.7 102.7-9 132.1z\"><\/path><\/svg>\t\t\t<\/span>\n\t\t\t\t\t\t\t\t\t<span class=\"elementor-button-text\">Instagram<\/span>\n\t\t\t\t\t<\/span>\n\t\t\t\t\t<\/a>\n\t\t\t\t<\/div>\n\t\t\t\t\t\t\t\t<\/div>\n\t\t\t\t<\/div>\n\t\t\t\t<div class=\"elementor-element elementor-element-7147f6a elementor-widget elementor-widget-button\" data-id=\"7147f6a\" data-element_type=\"widget\" data-e-type=\"widget\" data-widget_type=\"button.default\">\n\t\t\t\t<div class=\"elementor-widget-container\">\n\t\t\t\t\t\t\t\t\t<div class=\"elementor-button-wrapper\">\n\t\t\t\t\t<a class=\"elementor-button elementor-button-link elementor-size-sm\" href=\"https:\/\/www.youtube.com\/@secultgoiasoficial\">\n\t\t\t\t\t\t<span class=\"elementor-button-content-wrapper\">\n\t\t\t\t\t\t<span class=\"elementor-button-icon\">\n\t\t\t\t<svg aria-hidden=\"true\" class=\"e-font-icon-svg e-fab-youtube\" viewBox=\"0 0 576 512\" xmlns=\"http:\/\/www.w3.org\/2000\/svg\"><path d=\"M549.655 124.083c-6.281-23.65-24.787-42.276-48.284-48.597C458.781 64 288 64 288 64S117.22 64 74.629 75.486c-23.497 6.322-42.003 24.947-48.284 48.597-11.412 42.867-11.412 132.305-11.412 132.305s0 89.438 11.412 132.305c6.281 23.65 24.787 41.5 48.284 47.821C117.22 448 288 448 288 448s170.78 0 213.371-11.486c23.497-6.321 42.003-24.171 48.284-47.821 11.412-42.867 11.412-132.305 11.412-132.305s0-89.438-11.412-132.305zm-317.51 213.508V175.185l142.739 81.205-142.739 81.201z\"><\/path><\/svg>\t\t\t<\/span>\n\t\t\t\t\t\t\t\t\t<span class=\"elementor-button-text\">Youtube<\/span>\n\t\t\t\t\t<\/span>\n\t\t\t\t\t<\/a>\n\t\t\t\t<\/div>\n\t\t\t\t\t\t\t\t<\/div>\n\t\t\t\t<\/div>\n\t\t\t\t\t<\/div>\n\t\t\t\t<\/div>\n\t\t\t\t<\/div>\n\t\t","protected":false},"excerpt":{"rendered":"<p>O Museu da Imagem e do Som de Goi\u00e1s foi criado em 1988 com o objetivo de reunir, preservar, produzir e divulgar as formas de express\u00e3o hist\u00f3rica, art\u00edstica e cultural do Estado registradas em \u00e1udio, v\u00eddeo e imagem. O Acervo da unidade \u00e9 constitu\u00eddo de cole\u00e7\u00f5es de discos, fitas cassete, fitas magn\u00e9ticas de \u00e1udio e [&hellip;]<\/p>\n","protected":false},"author":322,"featured_media":0,"parent":0,"menu_order":0,"comment_status":"closed","ping_status":"closed","template":"","meta":{"footnotes":""},"class_list":["post-53103","page","type-page","status-publish","hentry"],"rttpg_featured_image_url":null,"rttpg_author":{"display_name":"alessandraferreira","author_link":"https:\/\/goias.gov.br\/cultura\/author\/alessandraferreira\/"},"rttpg_comment":0,"rttpg_category":null,"rttpg_excerpt":"O Museu da Imagem e do Som de Goi\u00e1s foi criado em 1988 com o objetivo de reunir, preservar, produzir e divulgar as formas de express\u00e3o hist\u00f3rica, art\u00edstica e cultural do Estado registradas em \u00e1udio, v\u00eddeo e imagem. O Acervo da unidade \u00e9 constitu\u00eddo de cole\u00e7\u00f5es de discos, fitas cassete, fitas magn\u00e9ticas de \u00e1udio e&hellip;","_links":{"self":[{"href":"https:\/\/goias.gov.br\/cultura\/wp-json\/wp\/v2\/pages\/53103","targetHints":{"allow":["GET"]}}],"collection":[{"href":"https:\/\/goias.gov.br\/cultura\/wp-json\/wp\/v2\/pages"}],"about":[{"href":"https:\/\/goias.gov.br\/cultura\/wp-json\/wp\/v2\/types\/page"}],"author":[{"embeddable":true,"href":"https:\/\/goias.gov.br\/cultura\/wp-json\/wp\/v2\/users\/322"}],"replies":[{"embeddable":true,"href":"https:\/\/goias.gov.br\/cultura\/wp-json\/wp\/v2\/comments?post=53103"}],"version-history":[{"count":2,"href":"https:\/\/goias.gov.br\/cultura\/wp-json\/wp\/v2\/pages\/53103\/revisions"}],"predecessor-version":[{"id":345066,"href":"https:\/\/goias.gov.br\/cultura\/wp-json\/wp\/v2\/pages\/53103\/revisions\/345066"}],"wp:attachment":[{"href":"https:\/\/goias.gov.br\/cultura\/wp-json\/wp\/v2\/media?parent=53103"}],"curies":[{"name":"wp","href":"https:\/\/api.w.org\/{rel}","templated":true}]}}