

{"id":50757,"date":"2024-09-18T16:40:46","date_gmt":"2024-09-18T19:40:46","guid":{"rendered":"https:\/\/goias.gov.br\/cultura\/?page_id=50757"},"modified":"2025-11-28T15:04:10","modified_gmt":"2025-11-28T18:04:10","slug":"biblioteca-estadual-pio-vargas","status":"publish","type":"page","link":"https:\/\/goias.gov.br\/cultura\/biblioteca-estadual-pio-vargas\/","title":{"rendered":"Biblioteca Estadual Pio Vargas"},"content":{"rendered":"\t\t<div data-elementor-type=\"wp-page\" data-elementor-id=\"50757\" class=\"elementor elementor-50757\">\n\t\t\t\t<div class=\"elementor-element elementor-element-589dc40 e-flex e-con-boxed e-con e-parent\" data-id=\"589dc40\" data-element_type=\"container\" data-e-type=\"container\">\n\t\t\t\t\t<div class=\"e-con-inner\">\n\t\t\t\t<div class=\"elementor-element elementor-element-b75c4e3 elementor-widget elementor-widget-heading\" data-id=\"b75c4e3\" data-element_type=\"widget\" data-e-type=\"widget\" data-widget_type=\"heading.default\">\n\t\t\t\t<div class=\"elementor-widget-container\">\n\t\t\t\t\t<h2 class=\"elementor-heading-title elementor-size-default\">A unidade<\/h2>\t\t\t\t<\/div>\n\t\t\t\t<\/div>\n\t\t\t\t\t<\/div>\n\t\t\t\t<\/div>\n\t\t<div class=\"elementor-element elementor-element-ebf7a94 e-flex e-con-boxed e-con e-parent\" data-id=\"ebf7a94\" data-element_type=\"container\" data-e-type=\"container\">\n\t\t\t\t\t<div class=\"e-con-inner\">\n\t\t\t\t<div class=\"elementor-element elementor-element-43444ca elementor-widget elementor-widget-text-editor\" data-id=\"43444ca\" data-element_type=\"widget\" data-e-type=\"widget\" data-widget_type=\"text-editor.default\">\n\t\t\t\t<div class=\"elementor-widget-container\">\n\t\t\t\t\t\t\t\t\t<p>Um dos espa\u00e7os mais frequentados da Secretaria de Estado da\u00a0Cultura (Secult Goi\u00e1s) \u00e9 a Biblioteca Estadual Pio Vargas, situada na Pra\u00e7a C\u00edvica. A unidade foi criada pela Lei n.\u00ba 6623, de 28 de junho de 1967. Durante o per\u00edodo de 1976 a outubro de 1985, ficou instalada na Av. Goi\u00e1s, n\u00ba 346, 1\u00ba e 2\u00ba andares. De outubro de 1985 a 1989, funcionou na sobreloja do Edif\u00edcio Parthenon Center, numa \u00e1rea de 1700 m2. Foi instalada definitivamente, onde funciona atualmente, no Centro Cultural Marietta Telles.<\/p><p>O acervo inicial da Biblioteca foi formado por obras da extinta Biblioteca P\u00fablica, \u00f3rg\u00e3o do Departamento Estadual de Cultura. O acervo era constitu\u00eddo de 2.800 livros.<\/p><p>A partir de 22 de abril de 1991, a Biblioteca P\u00fablica passou a ser conhecida por Biblioteca Estadual Escritor Pio Vargas.<\/p><p>Nas 82 estantes do sal\u00e3o est\u00e3o distribu\u00eddos cerca de 83 mil t\u00edtulos.<\/p>\t\t\t\t\t\t\t\t<\/div>\n\t\t\t\t<\/div>\n\t\t\t\t\t<\/div>\n\t\t\t\t<\/div>\n\t\t<div class=\"elementor-element elementor-element-3782770 e-flex e-con-boxed e-con e-parent\" data-id=\"3782770\" data-element_type=\"container\" data-e-type=\"container\">\n\t\t\t\t\t<div class=\"e-con-inner\">\n\t\t\t\t<div class=\"elementor-element elementor-element-1b7201b elementor-widget elementor-widget-image\" data-id=\"1b7201b\" data-element_type=\"widget\" data-e-type=\"widget\" data-widget_type=\"image.default\">\n\t\t\t\t<div class=\"elementor-widget-container\">\n\t\t\t\t\t\t\t\t\t\t\t\t\t\t\t<img decoding=\"async\" src=\"https:\/\/goias.gov.br\/cultura\/wp-content\/uploads\/sites\/25\/2024\/09\/BIBL.-PIO-VARGAS-1A.jpg\" title=\"\" alt=\"\" loading=\"lazy\" \/>\t\t\t\t\t\t\t\t\t\t\t\t\t\t\t<\/div>\n\t\t\t\t<\/div>\n\t\t\t\t\t<\/div>\n\t\t\t\t<\/div>\n\t\t<div class=\"elementor-element elementor-element-29e2b82 e-flex e-con-boxed e-con e-parent\" data-id=\"29e2b82\" data-element_type=\"container\" data-e-type=\"container\">\n\t\t\t\t\t<div class=\"e-con-inner\">\n\t\t\t\t<div class=\"elementor-element elementor-element-9000ff3 elementor-widget elementor-widget-text-editor\" data-id=\"9000ff3\" data-element_type=\"widget\" data-e-type=\"widget\" data-widget_type=\"text-editor.default\">\n\t\t\t\t<div class=\"elementor-widget-container\">\n\t\t\t\t\t\t\t\t\t<div class=\"wppb-builder-addon wppb-addon-1726688844638\" data-addon-id=\"1726688844638\"><div class=\"wppb-addon\"><div class=\"wppb-headline-addon\"><div class=\"wppb-headline-content\"><h2 class=\"wppb-addon-title\">Import\u00e2ncia Sociocultural<\/h2><\/div><\/div><\/div><\/div><div class=\"wppb-builder-addon wppb-addon-1726688857808\" data-addon-id=\"1726688857808\"><div class=\"wppb-addon\"><div class=\"wppb-text-block-addon\"><div class=\"wppb-text-block-content 0\"><p>A biblioteca funciona como centro de informa\u00e7\u00e3o e cultura. Oferece seu acervo e servi\u00e7os bibliogr\u00e1ficos, contribuindo assim para a forma\u00e7\u00e3o do h\u00e1bito de leitura na comunidade. O usu\u00e1rio tem acesso a todo o acervo dispon\u00edvel, mas o empr\u00e9stimo est\u00e1 restrito \u00e0s \u00e1reas de literatura, filosofia, pol\u00edtica, sociologia, psicologia, religi\u00e3o, biografia e m\u00fasica.<\/p><p>Para se beneficiar desses servi\u00e7os, o usu\u00e1rio deve levar \u00e0 se\u00e7\u00e3o de empr\u00e9stimo comprovante de endere\u00e7o e identidade para fazer o cadastro, o que d\u00e1 direito de retirar tr\u00eas livros de cada vez. O leitor tem sete dias para devolver o livro.<\/p><\/div><\/div><\/div><\/div>\t\t\t\t\t\t\t\t<\/div>\n\t\t\t\t<\/div>\n\t\t\t\t\t<\/div>\n\t\t\t\t<\/div>\n\t\t<div class=\"elementor-element elementor-element-79c623b e-flex e-con-boxed e-con e-parent\" data-id=\"79c623b\" data-element_type=\"container\" data-e-type=\"container\">\n\t\t\t\t\t<div class=\"e-con-inner\">\n\t\t\t\t<div class=\"elementor-element elementor-element-95ccf9b elementor-widget elementor-widget-heading\" data-id=\"95ccf9b\" data-element_type=\"widget\" data-e-type=\"widget\" data-widget_type=\"heading.default\">\n\t\t\t\t<div class=\"elementor-widget-container\">\n\t\t\t\t\t<h2 class=\"elementor-heading-title elementor-size-default\">Capacidade<\/h2>\t\t\t\t<\/div>\n\t\t\t\t<\/div>\n\t\t\t\t\t<\/div>\n\t\t\t\t<\/div>\n\t\t<div class=\"elementor-element elementor-element-bc8e060 e-flex e-con-boxed e-con e-parent\" data-id=\"bc8e060\" data-element_type=\"container\" data-e-type=\"container\">\n\t\t\t\t\t<div class=\"e-con-inner\">\n\t\t\t\t<div class=\"elementor-element elementor-element-b83d4c5 elementor-widget elementor-widget-counter\" data-id=\"b83d4c5\" data-element_type=\"widget\" data-e-type=\"widget\" data-widget_type=\"counter.default\">\n\t\t\t\t<div class=\"elementor-widget-container\">\n\t\t\t\t\t\t\t<div class=\"elementor-counter\">\n\t\t\t<div class=\"elementor-counter-title\">PESSOAS<\/div>\t\t\t<div class=\"elementor-counter-number-wrapper\">\n\t\t\t\t<span class=\"elementor-counter-number-prefix\"><\/span>\n\t\t\t\t<span class=\"elementor-counter-number\" data-duration=\"2000\" data-to-value=\"10\" data-from-value=\"0\" data-delimiter=\",\">0<\/span>\n\t\t\t\t<span class=\"elementor-counter-number-suffix\"><\/span>\n\t\t\t<\/div>\n\t\t<\/div>\n\t\t\t\t\t\t<\/div>\n\t\t\t\t<\/div>\n\t\t\t\t\t<\/div>\n\t\t\t\t<\/div>\n\t\t<div class=\"elementor-element elementor-element-0729d2a e-flex e-con-boxed e-con e-parent\" data-id=\"0729d2a\" data-element_type=\"container\" data-e-type=\"container\">\n\t\t\t\t\t<div class=\"e-con-inner\">\n\t\t\t\t<div class=\"elementor-element elementor-element-28b1978 elementor-widget elementor-widget-text-editor\" data-id=\"28b1978\" data-element_type=\"widget\" data-e-type=\"widget\" data-widget_type=\"text-editor.default\">\n\t\t\t\t<div class=\"elementor-widget-container\">\n\t\t\t\t\t\t\t\t\t<div class=\"wppb-builder-addon wppb-addon-1726682056982\" data-addon-id=\"1726682056982\"><div class=\"wppb-addon\"><div class=\"wppb-blocknumber-addon\"><div class=\"wppb-blocknumber-addon-content\"><div class=\"wppb-blocknumber-media\"><div class=\"wppb-blocknumber-body\"><div class=\"wppb-builder-addon wppb-addon-1726688765797\" data-addon-id=\"1726688765797\"><div class=\"wppb-addon\"><div class=\"wppb-blocknumber-addon\"><div class=\"wppb-blocknumber-addon-content\"><div class=\"wppb-blocknumber-media\"><div class=\"wppb-blocknumber-body\"><h5 class=\"wppb-blocknumber-title\">Endere\u00e7o:<\/h5><div class=\"wppb-blocknumber-desc\">Centro Cultural Marietta Telles Machado , Pra\u00e7a C\u00edvica (Pra\u00e7a Pedro Ludovico Teixeira) n\u00ba 2 \u2013 Centro<\/div><\/div><\/div><\/div><\/div><\/div><\/div><div class=\"wppb-builder-addon wppb-addon-1726688765800\" data-addon-id=\"1726688765800\"><div class=\"wppb-addon\"><div class=\"wppb-blocknumber-addon\"><div class=\"wppb-blocknumber-addon-content\"><div class=\"wppb-blocknumber-media\"><div class=\"wppb-blocknumber-body\"><h5 class=\"wppb-blocknumber-title\">Telefone:<\/h5><div class=\"wppb-blocknumber-desc\">(62) 3201-4653<\/div><\/div><\/div><\/div><\/div><\/div><\/div><div class=\"wppb-builder-addon wppb-addon-1726688765803\" data-addon-id=\"1726688765803\"><div class=\"wppb-addon\"><div class=\"wppb-blocknumber-addon\"><div class=\"wppb-blocknumber-addon-content\"><div class=\"wppb-blocknumber-media\"><div class=\"wppb-blocknumber-body\"><h5 class=\"wppb-blocknumber-title\">Hor\u00e1rio:<\/h5><div class=\"wppb-blocknumber-desc\">segunda a sexta 8h \u00e0s 17h<\/div><\/div><\/div><\/div><\/div><\/div><\/div><div class=\"wppb-builder-addon wppb-addon-1726688765806\" data-addon-id=\"1726688765806\"><div class=\"wppb-addon\"><div class=\"wppb-blocknumber-addon\"><div class=\"wppb-blocknumber-addon-content\"><div class=\"wppb-blocknumber-media\"><div class=\"wppb-blocknumber-body\"><h5 class=\"wppb-blocknumber-title\">E-mail:<\/h5><div class=\"wppb-blocknumber-desc\">bibliotecapiovargas.cultura@goias.gov.br<\/div><\/div><\/div><\/div><\/div><\/div><\/div><\/div><\/div><\/div><\/div><\/div><\/div>\t\t\t\t\t\t\t\t<\/div>\n\t\t\t\t<\/div>\n\t\t\t\t\t<\/div>\n\t\t\t\t<\/div>\n\t\t<div class=\"elementor-element elementor-element-f6b3c65 e-flex e-con-boxed e-con e-parent\" data-id=\"f6b3c65\" data-element_type=\"container\" data-e-type=\"container\">\n\t\t\t\t\t<div class=\"e-con-inner\">\n\t\t\t\t<div class=\"elementor-element elementor-element-1629c62 elementor-widget elementor-widget-button\" data-id=\"1629c62\" data-element_type=\"widget\" data-e-type=\"widget\" data-widget_type=\"button.default\">\n\t\t\t\t<div class=\"elementor-widget-container\">\n\t\t\t\t\t\t\t\t\t<div class=\"elementor-button-wrapper\">\n\t\t\t\t\t<a class=\"elementor-button elementor-button-link elementor-size-sm\" href=\"https:\/\/www.instagram.com\/bibliotecaestadualpiovargas\/\">\n\t\t\t\t\t\t<span class=\"elementor-button-content-wrapper\">\n\t\t\t\t\t\t<span class=\"elementor-button-icon\">\n\t\t\t\t<svg aria-hidden=\"true\" class=\"e-font-icon-svg e-fab-instagram\" viewBox=\"0 0 448 512\" xmlns=\"http:\/\/www.w3.org\/2000\/svg\"><path d=\"M224.1 141c-63.6 0-114.9 51.3-114.9 114.9s51.3 114.9 114.9 114.9S339 319.5 339 255.9 287.7 141 224.1 141zm0 189.6c-41.1 0-74.7-33.5-74.7-74.7s33.5-74.7 74.7-74.7 74.7 33.5 74.7 74.7-33.6 74.7-74.7 74.7zm146.4-194.3c0 14.9-12 26.8-26.8 26.8-14.9 0-26.8-12-26.8-26.8s12-26.8 26.8-26.8 26.8 12 26.8 26.8zm76.1 27.2c-1.7-35.9-9.9-67.7-36.2-93.9-26.2-26.2-58-34.4-93.9-36.2-37-2.1-147.9-2.1-184.9 0-35.8 1.7-67.6 9.9-93.9 36.1s-34.4 58-36.2 93.9c-2.1 37-2.1 147.9 0 184.9 1.7 35.9 9.9 67.7 36.2 93.9s58 34.4 93.9 36.2c37 2.1 147.9 2.1 184.9 0 35.9-1.7 67.7-9.9 93.9-36.2 26.2-26.2 34.4-58 36.2-93.9 2.1-37 2.1-147.8 0-184.8zM398.8 388c-7.8 19.6-22.9 34.7-42.6 42.6-29.5 11.7-99.5 9-132.1 9s-102.7 2.6-132.1-9c-19.6-7.8-34.7-22.9-42.6-42.6-11.7-29.5-9-99.5-9-132.1s-2.6-102.7 9-132.1c7.8-19.6 22.9-34.7 42.6-42.6 29.5-11.7 99.5-9 132.1-9s102.7-2.6 132.1 9c19.6 7.8 34.7 22.9 42.6 42.6 11.7 29.5 9 99.5 9 132.1s2.7 102.7-9 132.1z\"><\/path><\/svg>\t\t\t<\/span>\n\t\t\t\t\t\t\t\t\t<span class=\"elementor-button-text\">Instagram<\/span>\n\t\t\t\t\t<\/span>\n\t\t\t\t\t<\/a>\n\t\t\t\t<\/div>\n\t\t\t\t\t\t\t\t<\/div>\n\t\t\t\t<\/div>\n\t\t\t\t<div class=\"elementor-element elementor-element-7e3cbb3 elementor-widget elementor-widget-button\" data-id=\"7e3cbb3\" data-element_type=\"widget\" data-e-type=\"widget\" data-widget_type=\"button.default\">\n\t\t\t\t<div class=\"elementor-widget-container\">\n\t\t\t\t\t\t\t\t\t<div class=\"elementor-button-wrapper\">\n\t\t\t\t\t<a class=\"elementor-button elementor-button-link elementor-size-sm\" href=\"https:\/\/www.youtube.com\/@secultgoiasoficial\">\n\t\t\t\t\t\t<span class=\"elementor-button-content-wrapper\">\n\t\t\t\t\t\t<span class=\"elementor-button-icon\">\n\t\t\t\t<svg aria-hidden=\"true\" class=\"e-font-icon-svg e-fab-youtube\" viewBox=\"0 0 576 512\" xmlns=\"http:\/\/www.w3.org\/2000\/svg\"><path d=\"M549.655 124.083c-6.281-23.65-24.787-42.276-48.284-48.597C458.781 64 288 64 288 64S117.22 64 74.629 75.486c-23.497 6.322-42.003 24.947-48.284 48.597-11.412 42.867-11.412 132.305-11.412 132.305s0 89.438 11.412 132.305c6.281 23.65 24.787 41.5 48.284 47.821C117.22 448 288 448 288 448s170.78 0 213.371-11.486c23.497-6.321 42.003-24.171 48.284-47.821 11.412-42.867 11.412-132.305 11.412-132.305s0-89.438-11.412-132.305zm-317.51 213.508V175.185l142.739 81.205-142.739 81.201z\"><\/path><\/svg>\t\t\t<\/span>\n\t\t\t\t\t\t\t\t\t<span class=\"elementor-button-text\">Youtube<\/span>\n\t\t\t\t\t<\/span>\n\t\t\t\t\t<\/a>\n\t\t\t\t<\/div>\n\t\t\t\t\t\t\t\t<\/div>\n\t\t\t\t<\/div>\n\t\t\t\t\t<\/div>\n\t\t\t\t<\/div>\n\t\t<div class=\"elementor-element elementor-element-40ddda4 e-flex e-con-boxed e-con e-parent\" data-id=\"40ddda4\" data-element_type=\"container\" data-e-type=\"container\">\n\t\t\t\t\t<div class=\"e-con-inner\">\n\t\t\t\t<div class=\"elementor-element elementor-element-e2b24e1 elementor-widget elementor-widget-image\" data-id=\"e2b24e1\" data-element_type=\"widget\" data-e-type=\"widget\" data-widget_type=\"image.default\">\n\t\t\t\t<div class=\"elementor-widget-container\">\n\t\t\t\t\t\t\t\t\t\t\t\t\t\t\t<img decoding=\"async\" src=\"https:\/\/goias.gov.br\/cultura\/wp-content\/uploads\/sites\/25\/2024\/09\/Sala-de-estudos-e-auditorio-4.jpeg\" title=\"\" alt=\"\" loading=\"lazy\" \/>\t\t\t\t\t\t\t\t\t\t\t\t\t\t\t<\/div>\n\t\t\t\t<\/div>\n\t\t\t\t\t<\/div>\n\t\t\t\t<\/div>\n\t\t<div class=\"elementor-element elementor-element-516a365 e-flex e-con-boxed e-con e-parent\" data-id=\"516a365\" data-element_type=\"container\" data-e-type=\"container\">\n\t\t\t\t\t<div class=\"e-con-inner\">\n\t\t\t\t<div class=\"elementor-element elementor-element-ca44b00 elementor-widget__width-initial elementor-widget elementor-widget-image\" data-id=\"ca44b00\" data-element_type=\"widget\" data-e-type=\"widget\" data-widget_type=\"image.default\">\n\t\t\t\t<div class=\"elementor-widget-container\">\n\t\t\t\t\t\t\t\t\t\t\t\t\t\t\t\t<a href=\"https:\/\/goias.gov.br\/ocupagoias\/\">\n\t\t\t\t\t\t\t<img decoding=\"async\" src=\"https:\/\/goias.gov.br\/cultura\/wp-content\/uploads\/sites\/25\/2024\/09\/Design-sem-nome.png\" title=\"\" alt=\"\" loading=\"lazy\" \/>\t\t\t\t\t\t\t\t<\/a>\n\t\t\t\t\t\t\t\t\t\t\t\t\t\t\t<\/div>\n\t\t\t\t<\/div>\n\t\t<div class=\"elementor-element elementor-element-0322073 e-con-full e-flex e-con e-child\" data-id=\"0322073\" data-element_type=\"container\" data-e-type=\"container\">\n\t\t\t\t<div class=\"elementor-element elementor-element-e416c85 elementor-widget elementor-widget-text-editor\" data-id=\"e416c85\" data-element_type=\"widget\" data-e-type=\"widget\" data-widget_type=\"text-editor.default\">\n\t\t\t\t<div class=\"elementor-widget-container\">\n\t\t\t\t\t\t\t\t\t<h1><span class=\"wppb-person-name\"><a class=\"\" href=\"https:\/\/goias.gov.br\/ocupagoias\" target=\"_blank\" rel=\"noopener\">OCUPA GOI\u00c1S<\/a><\/span><\/h1><div class=\"wppb-person-introtext\">Programa\u00e7\u00e3o completa de todas as unidades da Secult Goi\u00e1s<\/div>\t\t\t\t\t\t\t\t<\/div>\n\t\t\t\t<\/div>\n\t\t\t\t<\/div>\n\t\t\t\t\t<\/div>\n\t\t\t\t<\/div>\n\t\t\t\t<\/div>\n\t\t","protected":false},"excerpt":{"rendered":"<p>A unidade Um dos espa\u00e7os mais frequentados da Secretaria de Estado da\u00a0Cultura (Secult Goi\u00e1s) \u00e9 a Biblioteca Estadual Pio Vargas, situada na Pra\u00e7a C\u00edvica. A unidade foi criada pela Lei n.\u00ba 6623, de 28 de junho de 1967. Durante o per\u00edodo de 1976 a outubro de 1985, ficou instalada na Av. Goi\u00e1s, n\u00ba 346, 1\u00ba [&hellip;]<\/p>\n","protected":false},"author":322,"featured_media":0,"parent":0,"menu_order":0,"comment_status":"closed","ping_status":"closed","template":"","meta":{"footnotes":""},"class_list":["post-50757","page","type-page","status-publish","hentry"],"rttpg_featured_image_url":null,"rttpg_author":{"display_name":"alessandraferreira","author_link":"https:\/\/goias.gov.br\/cultura\/author\/alessandraferreira\/"},"rttpg_comment":0,"rttpg_category":null,"rttpg_excerpt":"A unidade Um dos espa\u00e7os mais frequentados da Secretaria de Estado da\u00a0Cultura (Secult Goi\u00e1s) \u00e9 a Biblioteca Estadual Pio Vargas, situada na Pra\u00e7a C\u00edvica. A unidade foi criada pela Lei n.\u00ba 6623, de 28 de junho de 1967. Durante o per\u00edodo de 1976 a outubro de 1985, ficou instalada na Av. Goi\u00e1s, n\u00ba 346, 1\u00ba&hellip;","_links":{"self":[{"href":"https:\/\/goias.gov.br\/cultura\/wp-json\/wp\/v2\/pages\/50757","targetHints":{"allow":["GET"]}}],"collection":[{"href":"https:\/\/goias.gov.br\/cultura\/wp-json\/wp\/v2\/pages"}],"about":[{"href":"https:\/\/goias.gov.br\/cultura\/wp-json\/wp\/v2\/types\/page"}],"author":[{"embeddable":true,"href":"https:\/\/goias.gov.br\/cultura\/wp-json\/wp\/v2\/users\/322"}],"replies":[{"embeddable":true,"href":"https:\/\/goias.gov.br\/cultura\/wp-json\/wp\/v2\/comments?post=50757"}],"version-history":[{"count":2,"href":"https:\/\/goias.gov.br\/cultura\/wp-json\/wp\/v2\/pages\/50757\/revisions"}],"predecessor-version":[{"id":286427,"href":"https:\/\/goias.gov.br\/cultura\/wp-json\/wp\/v2\/pages\/50757\/revisions\/286427"}],"wp:attachment":[{"href":"https:\/\/goias.gov.br\/cultura\/wp-json\/wp\/v2\/media?parent=50757"}],"curies":[{"name":"wp","href":"https:\/\/api.w.org\/{rel}","templated":true}]}}