

{"id":50323,"date":"2024-09-18T15:41:15","date_gmt":"2024-09-18T18:41:15","guid":{"rendered":"https:\/\/goias.gov.br\/cultura\/?page_id=50323"},"modified":"2025-12-02T10:13:11","modified_gmt":"2025-12-02T13:13:11","slug":"teatro-goiania","status":"publish","type":"page","link":"https:\/\/goias.gov.br\/cultura\/teatro-goiania\/","title":{"rendered":"Teatro Goi\u00e2nia"},"content":{"rendered":"\t\t<div data-elementor-type=\"wp-page\" data-elementor-id=\"50323\" class=\"elementor elementor-50323\">\n\t\t\t\t<div class=\"elementor-element elementor-element-7f2fa9f e-flex e-con-boxed e-con e-parent\" data-id=\"7f2fa9f\" data-element_type=\"container\" data-e-type=\"container\">\n\t\t\t\t\t<div class=\"e-con-inner\">\n\t\t<div class=\"elementor-element elementor-element-8b00551 e-con-full e-flex e-con e-child\" data-id=\"8b00551\" data-element_type=\"container\" data-e-type=\"container\">\n\t\t\t\t<div class=\"elementor-element elementor-element-5f86eb5 elementor-widget elementor-widget-heading\" data-id=\"5f86eb5\" data-element_type=\"widget\" data-e-type=\"widget\" data-widget_type=\"heading.default\">\n\t\t\t\t<div class=\"elementor-widget-container\">\n\t\t\t\t\t<h2 class=\"elementor-heading-title elementor-size-default\">O Espa\u00e7o<\/h2>\t\t\t\t<\/div>\n\t\t\t\t<\/div>\n\t\t\t\t<div class=\"elementor-element elementor-element-34b1e5c elementor-widget elementor-widget-text-editor\" data-id=\"34b1e5c\" data-element_type=\"widget\" data-e-type=\"widget\" data-widget_type=\"text-editor.default\">\n\t\t\t\t<div class=\"elementor-widget-container\">\n\t\t\t\t\t\t\t\t\t<p>Em estilo art d\u00e9co, o mais nobre e tradicional espa\u00e7o cultural da cidade foi criado em 1942, com o nome de Cine Teatro Goi\u00e2nia, durante o Batismo Cultural da capital. Seu projeto leva assinatura do arquiteto Jorge F\u00e9lix, e o espa\u00e7o mant\u00e9m os detalhes arquitet\u00f4nicos de sua concep\u00e7\u00e3o original.<\/p><p>Tombado como Patrim\u00f4nio Hist\u00f3rico pelo Instituto do Patrim\u00f4nio Hist\u00f3rico e Art\u00edstico Nacional (Iphan), o Teatro Goi\u00e2nia foi palco de memor\u00e1veis solenidades hist\u00f3ricas. Desde ent\u00e3o, tem abrigado grandes e m\u00e9dios espet\u00e1culos. De concertos e\u00a0recitais a pe\u00e7as teatrais, shows e festivais de audiovisual e dan\u00e7a.<\/p>\t\t\t\t\t\t\t\t<\/div>\n\t\t\t\t<\/div>\n\t\t\t\t<div class=\"elementor-element elementor-element-aba59b8 elementor-widget elementor-widget-image\" data-id=\"aba59b8\" data-element_type=\"widget\" data-e-type=\"widget\" data-widget_type=\"image.default\">\n\t\t\t\t<div class=\"elementor-widget-container\">\n\t\t\t\t\t\t\t\t\t\t\t\t\t\t\t<img decoding=\"async\" src=\"https:\/\/goias.gov.br\/cultura\/wp-content\/uploads\/sites\/25\/2024\/09\/foto-39-scaled.jpg\" title=\"\" alt=\"\" loading=\"lazy\" \/>\t\t\t\t\t\t\t\t\t\t\t\t\t\t\t<\/div>\n\t\t\t\t<\/div>\n\t\t\t\t<div class=\"elementor-element elementor-element-4e94aba elementor-widget elementor-widget-heading\" data-id=\"4e94aba\" data-element_type=\"widget\" data-e-type=\"widget\" data-widget_type=\"heading.default\">\n\t\t\t\t<div class=\"elementor-widget-container\">\n\t\t\t\t\t<h2 class=\"elementor-heading-title elementor-size-default\">Homenagens<\/h2>\t\t\t\t<\/div>\n\t\t\t\t<\/div>\n\t\t\t\t<div class=\"elementor-element elementor-element-4e99c75 elementor-widget elementor-widget-text-editor\" data-id=\"4e99c75\" data-element_type=\"widget\" data-e-type=\"widget\" data-widget_type=\"text-editor.default\">\n\t\t\t\t<div class=\"elementor-widget-container\">\n\t\t\t\t\t\t\t\t\t<p>O Teatro Goi\u00e2nia recebeu o nome de \u201cCentro Cultural Jo\u00e3o Bennio\u201d.\u00a0O hall de entrada do Teatro recebeu o nome de \u201cTia Am\u00e9lia\u201d. Trata-se de homenagem a Am\u00e9lia Brand\u00e3o, que come\u00e7ou a tocar piano aos quatro anos de idade e morreu aos 90 anos. Am\u00e9lia Brand\u00e3o foi uma das mais famosas int\u00e9rpretes do choro no Brasil. Produziu 300 m\u00fasicas e 20 discos, gravados desde 1928. Depois de seis anos da morte de Tia Am\u00e9lia, a Secult, decidiu homenagear a artista dando seu nome \u00e0 sala de entrada do Teatro Goi\u00e2nia.<\/p>\t\t\t\t\t\t\t\t<\/div>\n\t\t\t\t<\/div>\n\t\t\t\t<div class=\"elementor-element elementor-element-f3baf3e elementor-widget elementor-widget-heading\" data-id=\"f3baf3e\" data-element_type=\"widget\" data-e-type=\"widget\" data-widget_type=\"heading.default\">\n\t\t\t\t<div class=\"elementor-widget-container\">\n\t\t\t\t\t<h2 class=\"elementor-heading-title elementor-size-default\">Homenagens<\/h2>\t\t\t\t<\/div>\n\t\t\t\t<\/div>\n\t\t\t\t<div class=\"elementor-element elementor-element-5d78a9c elementor-widget elementor-widget-text-editor\" data-id=\"5d78a9c\" data-element_type=\"widget\" data-e-type=\"widget\" data-widget_type=\"text-editor.default\">\n\t\t\t\t<div class=\"elementor-widget-container\">\n\t\t\t\t\t\t\t\t\t<p>Criado em 1942, com o nome de Cine Teatro Goi\u00e2nia, durante o Batismo Cultural da nova capital, o Teatro Goi\u00e2nia mant\u00e9m os detalhes arquitet\u00f4nicos de sua concep\u00e7\u00e3o original. Sua \u00faltima reforma, foi em 1998, com reinaugura\u00e7\u00e3o em 28 de novembro. Na reforma geral, recebeu 100 novos lugares. Com isso, passou a acolher 710\u00a0pessoas. Outro aspecto de reforma foi a retirada da antiga lanchonete que funcionava em suas depend\u00eancias, descaracterizando o projeto original. Em 2003, o espa\u00e7o cultural foi tombado como patrim\u00f4nio hist\u00f3rico pelo Instituto do Patrim\u00f4nio Hist\u00f3rico e Art\u00edstico Nacional (Iphan).<\/p>\t\t\t\t\t\t\t\t<\/div>\n\t\t\t\t<\/div>\n\t\t\t\t<div class=\"elementor-element elementor-element-c7f090d elementor-widget elementor-widget-heading\" data-id=\"c7f090d\" data-element_type=\"widget\" data-e-type=\"widget\" data-widget_type=\"heading.default\">\n\t\t\t\t<div class=\"elementor-widget-container\">\n\t\t\t\t\t<h2 class=\"elementor-heading-title elementor-size-default\">Capacidade<\/h2>\t\t\t\t<\/div>\n\t\t\t\t<\/div>\n\t\t\t\t<div class=\"elementor-element elementor-element-69aaa1e elementor-widget elementor-widget-counter\" data-id=\"69aaa1e\" data-element_type=\"widget\" data-e-type=\"widget\" data-widget_type=\"counter.default\">\n\t\t\t\t<div class=\"elementor-widget-container\">\n\t\t\t\t\t\t\t<div class=\"elementor-counter\">\n\t\t\t<div class=\"elementor-counter-title\">N\u00famero legal<\/div>\t\t\t<div class=\"elementor-counter-number-wrapper\">\n\t\t\t\t<span class=\"elementor-counter-number-prefix\"><\/span>\n\t\t\t\t<span class=\"elementor-counter-number\" data-duration=\"2000\" data-to-value=\"700\" data-from-value=\"0\" data-delimiter=\",\">0<\/span>\n\t\t\t\t<span class=\"elementor-counter-number-suffix\"><\/span>\n\t\t\t<\/div>\n\t\t<\/div>\n\t\t\t\t\t\t<\/div>\n\t\t\t\t<\/div>\n\t\t\t\t<div class=\"elementor-element elementor-element-dfffbae elementor-widget elementor-widget-text-editor\" data-id=\"dfffbae\" data-element_type=\"widget\" data-e-type=\"widget\" data-widget_type=\"text-editor.default\">\n\t\t\t\t<div class=\"elementor-widget-container\">\n\t\t\t\t\t\t\t\t\t<div class=\"wppb-builder-addon wppb-addon-1726843962462\" data-addon-id=\"1726843962462\"><div class=\"wppb-addon\"><div class=\"wppb-blocknumber-addon\"><div class=\"wppb-blocknumber-addon-content\"><div class=\"wppb-blocknumber-media\"><div class=\"wppb-blocknumber-body\"><div class=\"wppb-builder-addon wppb-addon-1726685020098\" data-addon-id=\"1726685020098\"><div class=\"wppb-addon\"><div class=\"wppb-blocknumber-addon\"><div class=\"wppb-blocknumber-addon-content\"><div class=\"wppb-blocknumber-media\"><div class=\"wppb-blocknumber-body\"><h5 class=\"wppb-blocknumber-title\">Endere\u00e7o:<\/h5><div class=\"wppb-blocknumber-desc\">Rua 23, 252 \u2013 St. Central, Goi\u00e2nia \u2013 GO, 74015-120<\/div><\/div><\/div><\/div><\/div><\/div><\/div><div class=\"wppb-builder-addon wppb-addon-1726685020101\" data-addon-id=\"1726685020101\"><div class=\"wppb-addon\"><div class=\"wppb-blocknumber-addon\"><div class=\"wppb-blocknumber-addon-content\"><div class=\"wppb-blocknumber-media\"><div class=\"wppb-blocknumber-body\"><h5 class=\"wppb-blocknumber-title\">Telefone:<\/h5><div class=\"wppb-blocknumber-desc\">(62) 3201-4684<\/div><\/div><\/div><\/div><\/div><\/div><\/div><div class=\"wppb-builder-addon wppb-addon-1726685020104\" data-addon-id=\"1726685020104\"><div class=\"wppb-addon\"><div class=\"wppb-blocknumber-addon\"><div class=\"wppb-blocknumber-addon-content\"><div class=\"wppb-blocknumber-media\"><div class=\"wppb-blocknumber-body\"><h5 class=\"wppb-blocknumber-title\">Hor\u00e1rio da administra\u00e7\u00e3o:<\/h5><div class=\"wppb-blocknumber-desc\">de segunda a sexta-feira, das 8h \u00e0s 18hEspet\u00e1culos \u2013 de segunda a domingo, de acordo com o agendamento.<\/div><\/div><\/div><\/div><\/div><\/div><\/div><div class=\"wppb-builder-addon wppb-addon-1726685020107\" data-addon-id=\"1726685020107\"><div class=\"wppb-addon\"><div class=\"wppb-blocknumber-addon\"><div class=\"wppb-blocknumber-addon-content\"><div class=\"wppb-blocknumber-media\"><div class=\"wppb-blocknumber-body\"><h5 class=\"wppb-blocknumber-title\">E-mail:<\/h5><div class=\"wppb-blocknumber-desc\">teatrogoiania@goias.gov.br<\/div><\/div><\/div><\/div><\/div><\/div><\/div><div class=\"wppb-builder-addon wppb-addon-1726685020249\" data-addon-id=\"1726685020249\"><div class=\"wppb-addon\"><div class=\"wppb-blocknumber-addon\"><div class=\"wppb-blocknumber-addon-content\"><div class=\"wppb-blocknumber-media\"><div class=\"wppb-blocknumber-body\"><h5 class=\"wppb-blocknumber-title\">Agendamentos de eventos e espet\u00e1culos:<\/h5><div class=\"wppb-blocknumber-desc\">Ligue para (62) 3201-4691 ou mande e-mail para reservas.cultura@goias.gov.br. Nossa equipe analisar\u00e1 a disponibilidade de datas e em qual tipo de desconto sua iniciativa se encaixa.<\/div><\/div><\/div><\/div><\/div><\/div><\/div><\/div><\/div><\/div><\/div><\/div><\/div>\t\t\t\t\t\t\t\t<\/div>\n\t\t\t\t<\/div>\n\t\t<div class=\"elementor-element elementor-element-aec6f83 e-con-full e-flex e-con e-child\" data-id=\"aec6f83\" data-element_type=\"container\" data-e-type=\"container\">\n\t\t\t\t<div class=\"elementor-element elementor-element-083198f elementor-widget elementor-widget-button\" data-id=\"083198f\" data-element_type=\"widget\" data-e-type=\"widget\" data-widget_type=\"button.default\">\n\t\t\t\t<div class=\"elementor-widget-container\">\n\t\t\t\t\t\t\t\t\t<div class=\"elementor-button-wrapper\">\n\t\t\t\t\t<a class=\"elementor-button elementor-button-link elementor-size-sm\" href=\"https:\/\/www.instagram.com\/teatrogoiania\/#\">\n\t\t\t\t\t\t<span class=\"elementor-button-content-wrapper\">\n\t\t\t\t\t\t<span class=\"elementor-button-icon\">\n\t\t\t\t<svg aria-hidden=\"true\" class=\"e-font-icon-svg e-fab-instagram\" viewBox=\"0 0 448 512\" xmlns=\"http:\/\/www.w3.org\/2000\/svg\"><path d=\"M224.1 141c-63.6 0-114.9 51.3-114.9 114.9s51.3 114.9 114.9 114.9S339 319.5 339 255.9 287.7 141 224.1 141zm0 189.6c-41.1 0-74.7-33.5-74.7-74.7s33.5-74.7 74.7-74.7 74.7 33.5 74.7 74.7-33.6 74.7-74.7 74.7zm146.4-194.3c0 14.9-12 26.8-26.8 26.8-14.9 0-26.8-12-26.8-26.8s12-26.8 26.8-26.8 26.8 12 26.8 26.8zm76.1 27.2c-1.7-35.9-9.9-67.7-36.2-93.9-26.2-26.2-58-34.4-93.9-36.2-37-2.1-147.9-2.1-184.9 0-35.8 1.7-67.6 9.9-93.9 36.1s-34.4 58-36.2 93.9c-2.1 37-2.1 147.9 0 184.9 1.7 35.9 9.9 67.7 36.2 93.9s58 34.4 93.9 36.2c37 2.1 147.9 2.1 184.9 0 35.9-1.7 67.7-9.9 93.9-36.2 26.2-26.2 34.4-58 36.2-93.9 2.1-37 2.1-147.8 0-184.8zM398.8 388c-7.8 19.6-22.9 34.7-42.6 42.6-29.5 11.7-99.5 9-132.1 9s-102.7 2.6-132.1-9c-19.6-7.8-34.7-22.9-42.6-42.6-11.7-29.5-9-99.5-9-132.1s-2.6-102.7 9-132.1c7.8-19.6 22.9-34.7 42.6-42.6 29.5-11.7 99.5-9 132.1-9s102.7-2.6 132.1 9c19.6 7.8 34.7 22.9 42.6 42.6 11.7 29.5 9 99.5 9 132.1s2.7 102.7-9 132.1z\"><\/path><\/svg>\t\t\t<\/span>\n\t\t\t\t\t\t\t\t\t<span class=\"elementor-button-text\">Instagram<\/span>\n\t\t\t\t\t<\/span>\n\t\t\t\t\t<\/a>\n\t\t\t\t<\/div>\n\t\t\t\t\t\t\t\t<\/div>\n\t\t\t\t<\/div>\n\t\t\t\t<div class=\"elementor-element elementor-element-ffe5f4b elementor-widget elementor-widget-button\" data-id=\"ffe5f4b\" data-element_type=\"widget\" data-e-type=\"widget\" data-widget_type=\"button.default\">\n\t\t\t\t<div class=\"elementor-widget-container\">\n\t\t\t\t\t\t\t\t\t<div class=\"elementor-button-wrapper\">\n\t\t\t\t\t<a class=\"elementor-button elementor-button-link elementor-size-sm\" href=\"https:\/\/www.youtube.com\/@secultgoiasoficial\">\n\t\t\t\t\t\t<span class=\"elementor-button-content-wrapper\">\n\t\t\t\t\t\t<span class=\"elementor-button-icon\">\n\t\t\t\t<svg aria-hidden=\"true\" class=\"e-font-icon-svg e-fab-youtube\" viewBox=\"0 0 576 512\" xmlns=\"http:\/\/www.w3.org\/2000\/svg\"><path d=\"M549.655 124.083c-6.281-23.65-24.787-42.276-48.284-48.597C458.781 64 288 64 288 64S117.22 64 74.629 75.486c-23.497 6.322-42.003 24.947-48.284 48.597-11.412 42.867-11.412 132.305-11.412 132.305s0 89.438 11.412 132.305c6.281 23.65 24.787 41.5 48.284 47.821C117.22 448 288 448 288 448s170.78 0 213.371-11.486c23.497-6.321 42.003-24.171 48.284-47.821 11.412-42.867 11.412-132.305 11.412-132.305s0-89.438-11.412-132.305zm-317.51 213.508V175.185l142.739 81.205-142.739 81.201z\"><\/path><\/svg>\t\t\t<\/span>\n\t\t\t\t\t\t\t\t\t<span class=\"elementor-button-text\">Youtube<\/span>\n\t\t\t\t\t<\/span>\n\t\t\t\t\t<\/a>\n\t\t\t\t<\/div>\n\t\t\t\t\t\t\t\t<\/div>\n\t\t\t\t<\/div>\n\t\t\t\t<\/div>\n\t\t\t\t<div class=\"elementor-element elementor-element-013129e elementor-widget elementor-widget-image\" data-id=\"013129e\" data-element_type=\"widget\" data-e-type=\"widget\" data-widget_type=\"image.default\">\n\t\t\t\t<div class=\"elementor-widget-container\">\n\t\t\t\t\t\t\t\t\t\t\t\t\t\t\t<img decoding=\"async\" src=\"https:\/\/goias.gov.br\/cultura\/wp-content\/uploads\/sites\/25\/2024\/09\/WhatsApp-Image-2024-06-04-at-12.55.59.jpeg\" title=\"\" alt=\"\" loading=\"lazy\" \/>\t\t\t\t\t\t\t\t\t\t\t\t\t\t\t<\/div>\n\t\t\t\t<\/div>\n\t\t\t\t<\/div>\n\t\t\t\t\t<\/div>\n\t\t\t\t<\/div>\n\t\t<div class=\"elementor-element elementor-element-b7f3297 e-flex e-con-boxed e-con e-parent\" data-id=\"b7f3297\" data-element_type=\"container\" data-e-type=\"container\">\n\t\t\t\t\t<div class=\"e-con-inner\">\n\t\t<div class=\"elementor-element elementor-element-72c939d e-con-full e-flex e-con e-child\" data-id=\"72c939d\" data-element_type=\"container\" data-e-type=\"container\">\n\t\t\t\t<div class=\"elementor-element elementor-element-940ae4a elementor-widget elementor-widget-image\" data-id=\"940ae4a\" data-element_type=\"widget\" data-e-type=\"widget\" data-widget_type=\"image.default\">\n\t\t\t\t<div class=\"elementor-widget-container\">\n\t\t\t\t\t\t\t\t\t\t\t\t\t\t\t<img decoding=\"async\" src=\"https:\/\/goias.gov.br\/cultura\/wp-content\/uploads\/sites\/25\/2024\/09\/Design-sem-nome.png\" title=\"\" alt=\"\" loading=\"lazy\" \/>\t\t\t\t\t\t\t\t\t\t\t\t\t\t\t<\/div>\n\t\t\t\t<\/div>\n\t\t\t\t<\/div>\n\t\t<div class=\"elementor-element elementor-element-a2c2a28 e-con-full e-flex e-con e-child\" data-id=\"a2c2a28\" data-element_type=\"container\" data-e-type=\"container\">\n\t\t\t\t<div class=\"elementor-element elementor-element-6edc0ab elementor-widget elementor-widget-text-editor\" data-id=\"6edc0ab\" data-element_type=\"widget\" data-e-type=\"widget\" data-widget_type=\"text-editor.default\">\n\t\t\t\t<div class=\"elementor-widget-container\">\n\t\t\t\t\t\t\t\t\t<p><a href=\"https:\/\/goias.gov.br\/ocupagoias\">OCUPA GOI\u00c1S<\/a><\/p>\t\t\t\t\t\t\t\t<\/div>\n\t\t\t\t<\/div>\n\t\t\t\t<div class=\"elementor-element elementor-element-5d5fdf2 elementor-widget__width-inherit elementor-widget elementor-widget-text-editor\" data-id=\"5d5fdf2\" data-element_type=\"widget\" data-e-type=\"widget\" data-widget_type=\"text-editor.default\">\n\t\t\t\t<div class=\"elementor-widget-container\">\n\t\t\t\t\t\t\t\t\t<p>Programa\u00e7\u00e3o completa de todas as unidades da Secult Goi\u00e1s<\/p>\t\t\t\t\t\t\t\t<\/div>\n\t\t\t\t<\/div>\n\t\t\t\t<\/div>\n\t\t\t\t\t<\/div>\n\t\t\t\t<\/div>\n\t\t\t\t<\/div>\n\t\t","protected":false},"excerpt":{"rendered":"<p>O Espa\u00e7o Em estilo art d\u00e9co, o mais nobre e tradicional espa\u00e7o cultural da cidade foi criado em 1942, com o nome de Cine Teatro Goi\u00e2nia, durante o Batismo Cultural da capital. Seu projeto leva assinatura do arquiteto Jorge F\u00e9lix, e o espa\u00e7o mant\u00e9m os detalhes arquitet\u00f4nicos de sua concep\u00e7\u00e3o original. Tombado como Patrim\u00f4nio Hist\u00f3rico [&hellip;]<\/p>\n","protected":false},"author":322,"featured_media":0,"parent":0,"menu_order":0,"comment_status":"closed","ping_status":"closed","template":"","meta":{"footnotes":""},"class_list":["post-50323","page","type-page","status-publish","hentry"],"rttpg_featured_image_url":null,"rttpg_author":{"display_name":"alessandraferreira","author_link":"https:\/\/goias.gov.br\/cultura\/author\/alessandraferreira\/"},"rttpg_comment":0,"rttpg_category":null,"rttpg_excerpt":"O Espa\u00e7o Em estilo art d\u00e9co, o mais nobre e tradicional espa\u00e7o cultural da cidade foi criado em 1942, com o nome de Cine Teatro Goi\u00e2nia, durante o Batismo Cultural da capital. Seu projeto leva assinatura do arquiteto Jorge F\u00e9lix, e o espa\u00e7o mant\u00e9m os detalhes arquitet\u00f4nicos de sua concep\u00e7\u00e3o original. Tombado como Patrim\u00f4nio Hist\u00f3rico&hellip;","_links":{"self":[{"href":"https:\/\/goias.gov.br\/cultura\/wp-json\/wp\/v2\/pages\/50323","targetHints":{"allow":["GET"]}}],"collection":[{"href":"https:\/\/goias.gov.br\/cultura\/wp-json\/wp\/v2\/pages"}],"about":[{"href":"https:\/\/goias.gov.br\/cultura\/wp-json\/wp\/v2\/types\/page"}],"author":[{"embeddable":true,"href":"https:\/\/goias.gov.br\/cultura\/wp-json\/wp\/v2\/users\/322"}],"replies":[{"embeddable":true,"href":"https:\/\/goias.gov.br\/cultura\/wp-json\/wp\/v2\/comments?post=50323"}],"version-history":[{"count":3,"href":"https:\/\/goias.gov.br\/cultura\/wp-json\/wp\/v2\/pages\/50323\/revisions"}],"predecessor-version":[{"id":291497,"href":"https:\/\/goias.gov.br\/cultura\/wp-json\/wp\/v2\/pages\/50323\/revisions\/291497"}],"wp:attachment":[{"href":"https:\/\/goias.gov.br\/cultura\/wp-json\/wp\/v2\/media?parent=50323"}],"curies":[{"name":"wp","href":"https:\/\/api.w.org\/{rel}","templated":true}]}}