

{"id":50053,"date":"2024-09-18T15:15:24","date_gmt":"2024-09-18T18:15:24","guid":{"rendered":"https:\/\/goias.gov.br\/cultura\/?page_id=50053"},"modified":"2025-12-01T16:27:19","modified_gmt":"2025-12-01T19:27:19","slug":"orquestra-de-violeiros","status":"publish","type":"page","link":"https:\/\/goias.gov.br\/cultura\/orquestra-de-violeiros\/","title":{"rendered":"Orquestra de Violeiros"},"content":{"rendered":"\t\t<div data-elementor-type=\"wp-page\" data-elementor-id=\"50053\" class=\"elementor elementor-50053\">\n\t\t\t\t<div class=\"elementor-element elementor-element-b5c9f4b e-flex e-con-boxed e-con e-parent\" data-id=\"b5c9f4b\" data-element_type=\"container\" data-e-type=\"container\">\n\t\t\t\t\t<div class=\"e-con-inner\">\n\t\t\t\t<div class=\"elementor-element elementor-element-36d3409 elementor-widget elementor-widget-heading\" data-id=\"36d3409\" data-element_type=\"widget\" data-e-type=\"widget\" data-widget_type=\"heading.default\">\n\t\t\t\t<div class=\"elementor-widget-container\">\n\t\t\t\t\t<h2 class=\"elementor-heading-title elementor-size-default\">Hist\u00f3rico<\/h2>\t\t\t\t<\/div>\n\t\t\t\t<\/div>\n\t\t\t\t<div class=\"elementor-element elementor-element-831c4a0 elementor-widget elementor-widget-text-editor\" data-id=\"831c4a0\" data-element_type=\"widget\" data-e-type=\"widget\" data-widget_type=\"text-editor.default\">\n\t\t\t\t<div class=\"elementor-widget-container\">\n\t\t\t\t\t\t\t\t\t<p>A corpora\u00e7\u00e3o \u00e9 o grupo musical da Secult Goi\u00e1s voltado para um g\u00eanero bem espec\u00edfico: a m\u00fasica que canta a vida no campo, fala das aventuras e desventuras do homem da ro\u00e7a, o chamado estilo \u201cm\u00fasica de raiz\u201d. A Orquestra surgiu em 1982. Seu fundador foi o radialista pernambucano Augusto Saraiva Ten\u00f3rio, conhecido como Ted Jones, que tamb\u00e9m foi coordenador da corpora\u00e7\u00e3o. A primeira regente da orquestra foi Mara Santos (nome art\u00edstico de Altiva da Silva Saraiva, mulher de Ted Jones).<\/p><p>A corpora\u00e7\u00e3o tem como coordenador e maestro, outro tamb\u00e9m pernambucano, Geraldo Alves. Atualmente, 18 m\u00fasicos integram a orquestra. O grupo se apresenta em locais como espa\u00e7os p\u00fablicos, eventos privados, universidades, institui\u00e7\u00f5es, escolas e entre outros.\u00a0 Seu principal objetivo \u00e9 valorizar e manter viva a moda de viola, que \u00e9 a aut\u00eantica m\u00fasica do sert\u00e3o.<\/p>\t\t\t\t\t\t\t\t<\/div>\n\t\t\t\t<\/div>\n\t\t\t\t<div class=\"elementor-element elementor-element-113f92b elementor-widget elementor-widget-image\" data-id=\"113f92b\" data-element_type=\"widget\" data-e-type=\"widget\" data-widget_type=\"image.default\">\n\t\t\t\t<div class=\"elementor-widget-container\">\n\t\t\t\t\t\t\t\t\t\t\t\t\t\t\t<img decoding=\"async\" src=\"https:\/\/goias.gov.br\/cultura\/wp-content\/uploads\/sites\/25\/2024\/09\/20230519_092239-scaled.jpg\" title=\"\" alt=\"\" loading=\"lazy\" \/>\t\t\t\t\t\t\t\t\t\t\t\t\t\t\t<\/div>\n\t\t\t\t<\/div>\n\t\t\t\t<div class=\"elementor-element elementor-element-c85fbb2 elementor-widget elementor-widget-text-editor\" data-id=\"c85fbb2\" data-element_type=\"widget\" data-e-type=\"widget\" data-widget_type=\"text-editor.default\">\n\t\t\t\t<div class=\"elementor-widget-container\">\n\t\t\t\t\t\t\t\t\t<p><strong>Agendamento:<\/strong>\u00a0<a href=\"mailto:sufic.secult@goias.gov.br\">sufic.secult@goias.gov.br<\/a>.<\/p>\t\t\t\t\t\t\t\t<\/div>\n\t\t\t\t<\/div>\n\t\t\t\t<div class=\"elementor-element elementor-element-a17c84f elementor-widget elementor-widget-heading\" data-id=\"a17c84f\" data-element_type=\"widget\" data-e-type=\"widget\" data-widget_type=\"heading.default\">\n\t\t\t\t<div class=\"elementor-widget-container\">\n\t\t\t\t\t<h2 class=\"elementor-heading-title elementor-size-default\">Integrantes da Orquestra<\/h2>\t\t\t\t<\/div>\n\t\t\t\t<\/div>\n\t\t\t\t<div class=\"elementor-element elementor-element-080c52c elementor-widget elementor-widget-text-editor\" data-id=\"080c52c\" data-element_type=\"widget\" data-e-type=\"widget\" data-widget_type=\"text-editor.default\">\n\t\t\t\t<div class=\"elementor-widget-container\">\n\t\t\t\t\t\t\t\t\t<ul><li>Geraldo Alves Pereira (maetro)<\/li><li>Alexsander Navarro Lustoza<\/li><li>Ant\u00f4nio Ferreira Gomes<\/li><li>Ant\u00f4nio Jos\u00e9 Severino<\/li><li>Dalvo Martins Arruda<\/li><li>Divino Lucimar de Lima<\/li><li>Duirdes Camargo da Silva<\/li><li>Edvaldina Teixeira de Brito<\/li><li>Geraldo Luiz Machado<\/li><li>Jair Rosa da Silva<\/li><li>Jo\u00e3o Fagundes da Silva<\/li><li>Liony Navarro Lustoza<\/li><li>Lucimar Claudino Badar\u00f3<\/li><li>Maria da Concei\u00e7\u00e3o Coelho<\/li><li>Manoel Ferreira Lustoza<\/li><li>Rafael Silverio da Silva<\/li><li>Odaes Rosa da Silva<\/li><li>Waldir dos Santos<\/li><\/ul>\t\t\t\t\t\t\t\t<\/div>\n\t\t\t\t<\/div>\n\t\t\t\t<div class=\"elementor-element elementor-element-e54ef29 elementor-widget elementor-widget-image\" data-id=\"e54ef29\" data-element_type=\"widget\" data-e-type=\"widget\" data-widget_type=\"image.default\">\n\t\t\t\t<div class=\"elementor-widget-container\">\n\t\t\t\t\t\t\t\t\t\t\t\t\t\t\t<img decoding=\"async\" src=\"https:\/\/goias.gov.br\/cultura\/wp-content\/uploads\/sites\/25\/2024\/09\/WhatsApp-Image-2023-02-27-at-15.51.56-3.jpeg\" title=\"\" alt=\"\" loading=\"lazy\" \/>\t\t\t\t\t\t\t\t\t\t\t\t\t\t\t<\/div>\n\t\t\t\t<\/div>\n\t\t\t\t\t<\/div>\n\t\t\t\t<\/div>\n\t\t<div class=\"elementor-element elementor-element-eeb90c6 e-flex e-con-boxed e-con e-parent\" data-id=\"eeb90c6\" data-element_type=\"container\" data-e-type=\"container\">\n\t\t\t\t\t<div class=\"e-con-inner\">\n\t\t<div class=\"elementor-element elementor-element-7070094 e-con-full e-flex e-con e-child\" data-id=\"7070094\" data-element_type=\"container\" data-e-type=\"container\">\n\t\t\t\t<div class=\"elementor-element elementor-element-75a521d elementor-widget elementor-widget-image\" data-id=\"75a521d\" data-element_type=\"widget\" data-e-type=\"widget\" data-widget_type=\"image.default\">\n\t\t\t\t<div class=\"elementor-widget-container\">\n\t\t\t\t\t\t\t\t\t\t\t\t\t\t\t<img decoding=\"async\" src=\"https:\/\/goias.gov.br\/cultura\/wp-content\/uploads\/sites\/25\/2024\/09\/Design-sem-nome.png\" title=\"\" alt=\"\" loading=\"lazy\" \/>\t\t\t\t\t\t\t\t\t\t\t\t\t\t\t<\/div>\n\t\t\t\t<\/div>\n\t\t\t\t<\/div>\n\t\t<div class=\"elementor-element elementor-element-89d1811 e-con-full e-flex e-con e-child\" data-id=\"89d1811\" data-element_type=\"container\" data-e-type=\"container\">\n\t\t\t\t<div class=\"elementor-element elementor-element-2402dbb elementor-widget elementor-widget-text-editor\" data-id=\"2402dbb\" data-element_type=\"widget\" data-e-type=\"widget\" data-widget_type=\"text-editor.default\">\n\t\t\t\t<div class=\"elementor-widget-container\">\n\t\t\t\t\t\t\t\t\t<p><a href=\"https:\/\/goias.gov.br\/ocupagoias\">OCUPA GOI\u00c1S<\/a><\/p>\t\t\t\t\t\t\t\t<\/div>\n\t\t\t\t<\/div>\n\t\t\t\t<div class=\"elementor-element elementor-element-344a2b3 elementor-widget__width-inherit elementor-widget elementor-widget-text-editor\" data-id=\"344a2b3\" data-element_type=\"widget\" data-e-type=\"widget\" data-widget_type=\"text-editor.default\">\n\t\t\t\t<div class=\"elementor-widget-container\">\n\t\t\t\t\t\t\t\t\t<p>Programa\u00e7\u00e3o completa de todas as unidades da Secult Goi\u00e1s<\/p>\t\t\t\t\t\t\t\t<\/div>\n\t\t\t\t<\/div>\n\t\t\t\t<\/div>\n\t\t\t\t\t<\/div>\n\t\t\t\t<\/div>\n\t\t\t\t<\/div>\n\t\t","protected":false},"excerpt":{"rendered":"<p>Hist\u00f3rico A corpora\u00e7\u00e3o \u00e9 o grupo musical da Secult Goi\u00e1s voltado para um g\u00eanero bem espec\u00edfico: a m\u00fasica que canta a vida no campo, fala das aventuras e desventuras do homem da ro\u00e7a, o chamado estilo \u201cm\u00fasica de raiz\u201d. A Orquestra surgiu em 1982. Seu fundador foi o radialista pernambucano Augusto Saraiva Ten\u00f3rio, conhecido como [&hellip;]<\/p>\n","protected":false},"author":322,"featured_media":0,"parent":0,"menu_order":0,"comment_status":"closed","ping_status":"closed","template":"","meta":{"footnotes":""},"class_list":["post-50053","page","type-page","status-publish","hentry"],"rttpg_featured_image_url":null,"rttpg_author":{"display_name":"alessandraferreira","author_link":"https:\/\/goias.gov.br\/cultura\/author\/alessandraferreira\/"},"rttpg_comment":0,"rttpg_category":null,"rttpg_excerpt":"Hist\u00f3rico A corpora\u00e7\u00e3o \u00e9 o grupo musical da Secult Goi\u00e1s voltado para um g\u00eanero bem espec\u00edfico: a m\u00fasica que canta a vida no campo, fala das aventuras e desventuras do homem da ro\u00e7a, o chamado estilo \u201cm\u00fasica de raiz\u201d. A Orquestra surgiu em 1982. Seu fundador foi o radialista pernambucano Augusto Saraiva Ten\u00f3rio, conhecido como&hellip;","_links":{"self":[{"href":"https:\/\/goias.gov.br\/cultura\/wp-json\/wp\/v2\/pages\/50053","targetHints":{"allow":["GET"]}}],"collection":[{"href":"https:\/\/goias.gov.br\/cultura\/wp-json\/wp\/v2\/pages"}],"about":[{"href":"https:\/\/goias.gov.br\/cultura\/wp-json\/wp\/v2\/types\/page"}],"author":[{"embeddable":true,"href":"https:\/\/goias.gov.br\/cultura\/wp-json\/wp\/v2\/users\/322"}],"replies":[{"embeddable":true,"href":"https:\/\/goias.gov.br\/cultura\/wp-json\/wp\/v2\/comments?post=50053"}],"version-history":[{"count":2,"href":"https:\/\/goias.gov.br\/cultura\/wp-json\/wp\/v2\/pages\/50053\/revisions"}],"predecessor-version":[{"id":289852,"href":"https:\/\/goias.gov.br\/cultura\/wp-json\/wp\/v2\/pages\/50053\/revisions\/289852"}],"wp:attachment":[{"href":"https:\/\/goias.gov.br\/cultura\/wp-json\/wp\/v2\/media?parent=50053"}],"curies":[{"name":"wp","href":"https:\/\/api.w.org\/{rel}","templated":true}]}}