

{"id":49191,"date":"2024-09-18T12:21:38","date_gmt":"2024-09-18T15:21:38","guid":{"rendered":"https:\/\/goias.gov.br\/cultura\/?page_id=49191"},"modified":"2025-12-01T16:38:58","modified_gmt":"2025-12-01T19:38:58","slug":"palacio-conde-dos-arcos","status":"publish","type":"page","link":"https:\/\/goias.gov.br\/cultura\/palacio-conde-dos-arcos\/","title":{"rendered":"Pal\u00e1cio Conde dos Arcos"},"content":{"rendered":"\t\t<div data-elementor-type=\"wp-page\" data-elementor-id=\"49191\" class=\"elementor elementor-49191\">\n\t\t\t\t<div class=\"elementor-element elementor-element-d8e2391 e-flex e-con-boxed e-con e-parent\" data-id=\"d8e2391\" data-element_type=\"container\" data-e-type=\"container\">\n\t\t\t\t\t<div class=\"e-con-inner\">\n\t\t\t\t<div class=\"elementor-element elementor-element-e5561da elementor-widget elementor-widget-heading\" data-id=\"e5561da\" data-element_type=\"widget\" data-e-type=\"widget\" data-widget_type=\"heading.default\">\n\t\t\t\t<div class=\"elementor-widget-container\">\n\t\t\t\t\t<h2 class=\"elementor-heading-title elementor-size-default\">Hist\u00f3rico<\/h2>\t\t\t\t<\/div>\n\t\t\t\t<\/div>\n\t\t\t\t<div class=\"elementor-element elementor-element-85271f7 elementor-widget elementor-widget-image\" data-id=\"85271f7\" data-element_type=\"widget\" data-e-type=\"widget\" data-widget_type=\"image.default\">\n\t\t\t\t<div class=\"elementor-widget-container\">\n\t\t\t\t\t\t\t\t\t\t\t\t\t\t\t<img decoding=\"async\" src=\"https:\/\/goias.gov.br\/cultura\/wp-content\/uploads\/sites\/25\/2024\/09\/WhatsApp-Image-2023-02-27-at-11.41.03-1.jpeg\" title=\"\" alt=\"\" loading=\"lazy\" \/>\t\t\t\t\t\t\t\t\t\t\t\t\t\t\t<\/div>\n\t\t\t\t<\/div>\n\t\t\t\t<div class=\"elementor-element elementor-element-007aecc elementor-widget elementor-widget-text-editor\" data-id=\"007aecc\" data-element_type=\"widget\" data-e-type=\"widget\" data-widget_type=\"text-editor.default\">\n\t\t\t\t<div class=\"elementor-widget-container\">\n\t\t\t\t\t\t\t\t\t<p>O Museu Pal\u00e1cio Conde dos Arcos, situado na cidade de Goi\u00e1s, antiga sede do governo do Estado, e leva o seu nome em homenagem ao primeiro governador da ent\u00e3o capitania de Goi\u00e1s, Dom Marcos de Noronha, o Conde dos Arcos.<\/p><p>O Conde dos Arcos chegou a Vila Boa de Goi\u00e1s, e como n\u00e3o encontrou nenhuma resid\u00eancia dispon\u00edvel, \u00e0 altura para acolher um governador, comunicou o fato a Dom Jo\u00e3o, que autorizou, em 1750, a constru\u00e7\u00e3o da resid\u00eancia oficial.<\/p><p>Em 1752 foram compradas de Domingos Lopes Foga\u00e7a cinco casas por 6.333 oitavas de ouro, como consta da escritura lavrada em 20 de julho de 1751. Essas casas foram demolidas e no local foi levantado o Pal\u00e1cio do Governo. Sua constru\u00e7\u00e3o teve in\u00edcio com o Conde dos Arcos, e foi conclu\u00edda pelo seu sucessor, Conde S\u00e3o Miguel. Inicialmente, o pr\u00e9dio mais parecia um armaz\u00e9m.<\/p><p>Na primeira reforma, em 1854, foi acrescido um refeit\u00f3rio. Em 1867, o pr\u00e9dio foi ampliado com a constru\u00e7\u00e3o de um terra\u00e7o lateral. Foram colocados, nos pilares que sustentam o pr\u00e9dio, o guarda-corpo ou grandes esculturas de tr\u00eas bustos de fil\u00f3sofos e deuses da mitologia grega. Foi colocada tamb\u00e9m uma mesa, toda em pedra-sab\u00e3o feita pelo artista Cincinato da Mota Pedreira, e que atualmente est\u00e1 exposta no Museu das Bandeiras, tamb\u00e9m na Cidade de Goi\u00e1s.<\/p><p>Em 1937, com a mudan\u00e7a da capital para Goi\u00e2nia, o pr\u00e9dio passou a abrigar a Prefeitura Municipal de Goi\u00e1s. J\u00e1 em 1961, no governo Mauro Borges Teixeira, atrav\u00e9s do Decreto n\u00ba 48 de 26 de julho, o local foi transformado em monumento hist\u00f3rico e resid\u00eancia de inverno dos governadores. Em obedi\u00eancia ao Decreto-lei n\u00ba 3635, de 10 de outubro de 1961, simbolicamente a capital \u00e9 transferida, por alguns dias, para a Cidade de Goi\u00e1s, por ocasi\u00e3o do anivers\u00e1rio da cidade, em 25 de julho.<\/p><p>O Pal\u00e1cio Conde dos Arcos passou por outra grande reforma, em 1962, para algumas modifica\u00e7\u00f5es e adapta\u00e7\u00f5es, visando oferecer mais comodidade \u00e0s autoridades do governo. Na ocasi\u00e3o, foram adquiridas algumas pe\u00e7as de mobili\u00e1rio antigo junto a fam\u00edlias vilaboenses.<\/p><p>No governo Ot\u00e1vio Lage Siqueira, em 1969, com a reforma do Pal\u00e1cio das Esmeraldas, em Goi\u00e2nia, o pal\u00e1cio recebeu parte de seu mobili\u00e1rio, composto por algumas pe\u00e7as.<\/p><p>Em 1972, o pal\u00e1cio sofreu uma reforma geral. Ganhou dois telhados, um interno de telha de amianto, para evitar infiltra\u00e7\u00f5es, tapetes e uma variedade de lustres, que j\u00e1 n\u00e3o fazem parte do seu acervo.<\/p><p>Em 1985, o pr\u00e9dio ganhou assoalho e forros. Foi adquirida em antiqu\u00e1rios a maioria dos atuais m\u00f3veis, em variados estilos art\u00edsticos. Por meio do Decreto n\u00ba 2787, de 26 de julho de 1987, o governador Henrique Santillo transformou em centro cultural Pal\u00e1cio Conde dos Arcos, como forma de incentivar as cria\u00e7\u00f5es art\u00edsticas e estimular a presen\u00e7a de visitantes.<\/p><p>Desde o in\u00edcio da coloniza\u00e7\u00e3o, em 1722, a Capitania de Goi\u00e1s foi governada pela Capitania de S\u00e3o Paulo. Somente em 1748, quando foi criada oficialmente a Capitania de Goi\u00e1s passou a ter governos pr\u00f3prios. O primeiro governador foi Dom Marcos de Noronha, o Conde dos Arcos. Desde ent\u00e3o, at\u00e9 \u00e0 Independ\u00eancia do Brasil, em 1822, Goi\u00e1s teve 14 governadores. Dessa \u00e9poca, a denomina\u00e7\u00e3o da capitania \u00e9 alterada para prov\u00edncia e a de governador para presidente da prov\u00edncia.<\/p><p>At\u00e9 \u00e0 Proclama\u00e7\u00e3o da Rep\u00fablica, em 1889, foram mais de 38 presidentes. Novamente foram mudadas as denomina\u00e7\u00f5es. Prov\u00edncia passou a ser chamada de governadoria. No per\u00edodo de 1889 a 1937, \u00e9poca em que se deu a mudan\u00e7a da capital para Goi\u00e2nia, o Estado teve 46 governadores. S\u00e3o 98 os governantes que atuaram nesse pal\u00e1cio de 40 c\u00f4modos.<\/p>\t\t\t\t\t\t\t\t<\/div>\n\t\t\t\t<\/div>\n\t\t\t\t<div class=\"elementor-element elementor-element-a972105 elementor-widget elementor-widget-heading\" data-id=\"a972105\" data-element_type=\"widget\" data-e-type=\"widget\" data-widget_type=\"heading.default\">\n\t\t\t\t<div class=\"elementor-widget-container\">\n\t\t\t\t\t<h2 class=\"elementor-heading-title elementor-size-default\">Import\u00e2ncia Sociocultural<\/h2>\t\t\t\t<\/div>\n\t\t\t\t<\/div>\n\t\t\t\t<div class=\"elementor-element elementor-element-da2758e elementor-widget elementor-widget-text-editor\" data-id=\"da2758e\" data-element_type=\"widget\" data-e-type=\"widget\" data-widget_type=\"text-editor.default\">\n\t\t\t\t<div class=\"elementor-widget-container\">\n\t\t\t\t\t\t\t\t\t<p>O Pal\u00e1cio Conde dos Arcos foi a primeira sede dos governadores da Prov\u00edncia (1748). O pr\u00e9dio conta a hist\u00f3ria dos governantes de Goi\u00e1s, foi constitu\u00eddo em 1751 pelo primeiro governador privativo de Goi\u00e1s, Dom Marcos de Noronha (1749-1755), conhecido como \u201cConde dos Arcos\u201d. O Pal\u00e1cio no entanto, foi inaugurado pelo sucessor do governador, Conde de S\u00e3o Miguel.<\/p><p>A partir da\u00ed, sofreu v\u00e1rias reformas, restaura\u00e7\u00f5es, remodela\u00e7\u00f5es e amplia\u00e7\u00f5es, mas conservou suas caracter\u00edsticas originais e import\u00e2ncia hist\u00f3rica. Hoje funciona como centro de atividades culturais. Possui mais de 30 c\u00f4modos, tr\u00eas p\u00e1tios com jardins o maior deles, em estilo portugu\u00eas. Al\u00e9m de riqueza do acervo de mobili\u00e1rio e pe\u00e7as antigas.<\/p>\t\t\t\t\t\t\t\t<\/div>\n\t\t\t\t<\/div>\n\t\t\t\t<div class=\"elementor-element elementor-element-e1cf432 elementor-widget elementor-widget-heading\" data-id=\"e1cf432\" data-element_type=\"widget\" data-e-type=\"widget\" data-widget_type=\"heading.default\">\n\t\t\t\t<div class=\"elementor-widget-container\">\n\t\t\t\t\t<h2 class=\"elementor-heading-title elementor-size-default\">Capacidade<\/h2>\t\t\t\t<\/div>\n\t\t\t\t<\/div>\n\t\t<div class=\"elementor-element elementor-element-86d1af7 e-grid e-con-full e-con e-child\" data-id=\"86d1af7\" data-element_type=\"container\" data-e-type=\"container\">\n\t\t\t\t<div class=\"elementor-element elementor-element-e2d5cd0 elementor-widget elementor-widget-counter\" data-id=\"e2d5cd0\" data-element_type=\"widget\" data-e-type=\"widget\" data-widget_type=\"counter.default\">\n\t\t\t\t<div class=\"elementor-widget-container\">\n\t\t\t\t\t\t\t<div class=\"elementor-counter\">\n\t\t\t<div class=\"elementor-counter-title\">EXPOSI\u00c7\u00c3O PERMANETE \u200b<\/div>\t\t\t<div class=\"elementor-counter-number-wrapper\">\n\t\t\t\t<span class=\"elementor-counter-number-prefix\"><\/span>\n\t\t\t\t<span class=\"elementor-counter-number\" data-duration=\"2000\" data-to-value=\"30\" data-from-value=\"0\" data-delimiter=\",\">0<\/span>\n\t\t\t\t<span class=\"elementor-counter-number-suffix\">pessoas<\/span>\n\t\t\t<\/div>\n\t\t<\/div>\n\t\t\t\t\t\t<\/div>\n\t\t\t\t<\/div>\n\t\t\t\t<div class=\"elementor-element elementor-element-39b440b elementor-widget elementor-widget-counter\" data-id=\"39b440b\" data-element_type=\"widget\" data-e-type=\"widget\" data-widget_type=\"counter.default\">\n\t\t\t\t<div class=\"elementor-widget-container\">\n\t\t\t\t\t\t\t<div class=\"elementor-counter\">\n\t\t\t<div class=\"elementor-counter-title\">SALA DE EXPOSI\u00c7\u00c3O<\/div>\t\t\t<div class=\"elementor-counter-number-wrapper\">\n\t\t\t\t<span class=\"elementor-counter-number-prefix\"><\/span>\n\t\t\t\t<span class=\"elementor-counter-number\" data-duration=\"2000\" data-to-value=\"60\" data-from-value=\"0\" data-delimiter=\",\">0<\/span>\n\t\t\t\t<span class=\"elementor-counter-number-suffix\">pessoas<\/span>\n\t\t\t<\/div>\n\t\t<\/div>\n\t\t\t\t\t\t<\/div>\n\t\t\t\t<\/div>\n\t\t\t\t<div class=\"elementor-element elementor-element-1f89698 elementor-widget elementor-widget-counter\" data-id=\"1f89698\" data-element_type=\"widget\" data-e-type=\"widget\" data-widget_type=\"counter.default\">\n\t\t\t\t<div class=\"elementor-widget-container\">\n\t\t\t\t\t\t\t<div class=\"elementor-counter\">\n\t\t\t<div class=\"elementor-counter-title\">JARDIM<\/div>\t\t\t<div class=\"elementor-counter-number-wrapper\">\n\t\t\t\t<span class=\"elementor-counter-number-prefix\"><\/span>\n\t\t\t\t<span class=\"elementor-counter-number\" data-duration=\"2000\" data-to-value=\"500\" data-from-value=\"0\" data-delimiter=\",\">0<\/span>\n\t\t\t\t<span class=\"elementor-counter-number-suffix\">pessoas<\/span>\n\t\t\t<\/div>\n\t\t<\/div>\n\t\t\t\t\t\t<\/div>\n\t\t\t\t<\/div>\n\t\t\t\t<\/div>\n\t\t\t\t<div class=\"elementor-element elementor-element-6959849 elementor-widget elementor-widget-text-editor\" data-id=\"6959849\" data-element_type=\"widget\" data-e-type=\"widget\" data-widget_type=\"text-editor.default\">\n\t\t\t\t<div class=\"elementor-widget-container\">\n\t\t\t\t\t\t\t\t\t<div class=\"wppb-builder-addon wppb-addon-1726672975292\" data-addon-id=\"1726672975292\"><div class=\"wppb-addon\"><div class=\"wppb-blocknumber-addon\"><div class=\"wppb-blocknumber-addon-content\"><div class=\"wppb-blocknumber-media\"><div class=\"wppb-blocknumber-body\"><h5 class=\"wppb-blocknumber-title\">Endere\u00e7o:<\/h5><div class=\"wppb-blocknumber-desc\">Pra\u00e7a Tasso Camargo, 1 \u2013 Centro, Goi\u00e1s \u2013 GO, 76600-000<\/div><\/div><\/div><\/div><\/div><\/div><\/div><div class=\"wppb-builder-addon wppb-addon-1726672975295\" data-addon-id=\"1726672975295\"><div class=\"wppb-addon\"><div class=\"wppb-blocknumber-addon\"><div class=\"wppb-blocknumber-addon-content\"><div class=\"wppb-blocknumber-media\"><div class=\"wppb-blocknumber-body\"><h5 class=\"wppb-blocknumber-title\">Telefone:<\/h5><div class=\"wppb-blocknumber-desc\">(62) 3371-1200<\/div><\/div><\/div><\/div><\/div><\/div><\/div><div class=\"wppb-builder-addon wppb-addon-1726672975298\" data-addon-id=\"1726672975298\"><div class=\"wppb-addon\"><div class=\"wppb-blocknumber-addon\"><div class=\"wppb-blocknumber-addon-content\"><div class=\"wppb-blocknumber-media\"><div class=\"wppb-blocknumber-body\"><h5 class=\"wppb-blocknumber-title\">Hor\u00e1rio:<\/h5><div class=\"wppb-blocknumber-desc\">De ter\u00e7a a s\u00e1bado, das 08h \u00e0s 17h | domingos e feriados, das 08h \u00e0s 13h<\/div><\/div><\/div><\/div><\/div><\/div><\/div>\t\t\t\t\t\t\t\t<\/div>\n\t\t\t\t<\/div>\n\t\t\t\t\t<\/div>\n\t\t\t\t<\/div>\n\t\t<div class=\"elementor-element elementor-element-af661fe e-flex e-con-boxed e-con e-parent\" data-id=\"af661fe\" data-element_type=\"container\" data-e-type=\"container\">\n\t\t\t\t\t<div class=\"e-con-inner\">\n\t\t\t\t<div class=\"elementor-element elementor-element-9ff00e0 elementor-widget elementor-widget-button\" data-id=\"9ff00e0\" data-element_type=\"widget\" data-e-type=\"widget\" data-widget_type=\"button.default\">\n\t\t\t\t<div class=\"elementor-widget-container\">\n\t\t\t\t\t\t\t\t\t<div class=\"elementor-button-wrapper\">\n\t\t\t\t\t<a class=\"elementor-button elementor-button-link elementor-size-sm\" href=\"https:\/\/www.instagram.com\/palaciocondedosarcos\/\">\n\t\t\t\t\t\t<span class=\"elementor-button-content-wrapper\">\n\t\t\t\t\t\t<span class=\"elementor-button-icon\">\n\t\t\t\t<svg aria-hidden=\"true\" class=\"e-font-icon-svg e-fab-instagram\" viewBox=\"0 0 448 512\" xmlns=\"http:\/\/www.w3.org\/2000\/svg\"><path d=\"M224.1 141c-63.6 0-114.9 51.3-114.9 114.9s51.3 114.9 114.9 114.9S339 319.5 339 255.9 287.7 141 224.1 141zm0 189.6c-41.1 0-74.7-33.5-74.7-74.7s33.5-74.7 74.7-74.7 74.7 33.5 74.7 74.7-33.6 74.7-74.7 74.7zm146.4-194.3c0 14.9-12 26.8-26.8 26.8-14.9 0-26.8-12-26.8-26.8s12-26.8 26.8-26.8 26.8 12 26.8 26.8zm76.1 27.2c-1.7-35.9-9.9-67.7-36.2-93.9-26.2-26.2-58-34.4-93.9-36.2-37-2.1-147.9-2.1-184.9 0-35.8 1.7-67.6 9.9-93.9 36.1s-34.4 58-36.2 93.9c-2.1 37-2.1 147.9 0 184.9 1.7 35.9 9.9 67.7 36.2 93.9s58 34.4 93.9 36.2c37 2.1 147.9 2.1 184.9 0 35.9-1.7 67.7-9.9 93.9-36.2 26.2-26.2 34.4-58 36.2-93.9 2.1-37 2.1-147.8 0-184.8zM398.8 388c-7.8 19.6-22.9 34.7-42.6 42.6-29.5 11.7-99.5 9-132.1 9s-102.7 2.6-132.1-9c-19.6-7.8-34.7-22.9-42.6-42.6-11.7-29.5-9-99.5-9-132.1s-2.6-102.7 9-132.1c7.8-19.6 22.9-34.7 42.6-42.6 29.5-11.7 99.5-9 132.1-9s102.7-2.6 132.1 9c19.6 7.8 34.7 22.9 42.6 42.6 11.7 29.5 9 99.5 9 132.1s2.7 102.7-9 132.1z\"><\/path><\/svg>\t\t\t<\/span>\n\t\t\t\t\t\t\t\t\t<span class=\"elementor-button-text\">Instagram<\/span>\n\t\t\t\t\t<\/span>\n\t\t\t\t\t<\/a>\n\t\t\t\t<\/div>\n\t\t\t\t\t\t\t\t<\/div>\n\t\t\t\t<\/div>\n\t\t\t\t<div class=\"elementor-element elementor-element-f684818 elementor-widget elementor-widget-button\" data-id=\"f684818\" data-element_type=\"widget\" data-e-type=\"widget\" data-widget_type=\"button.default\">\n\t\t\t\t<div class=\"elementor-widget-container\">\n\t\t\t\t\t\t\t\t\t<div class=\"elementor-button-wrapper\">\n\t\t\t\t\t<a class=\"elementor-button elementor-button-link elementor-size-sm\" href=\"https:\/\/www.youtube.com\/playlist?list=PLZmGnKKxxxr7k0LmqPoKZ4nZwgZe3Rxlv\">\n\t\t\t\t\t\t<span class=\"elementor-button-content-wrapper\">\n\t\t\t\t\t\t<span class=\"elementor-button-icon\">\n\t\t\t\t<svg aria-hidden=\"true\" class=\"e-font-icon-svg e-fab-youtube\" viewBox=\"0 0 576 512\" xmlns=\"http:\/\/www.w3.org\/2000\/svg\"><path d=\"M549.655 124.083c-6.281-23.65-24.787-42.276-48.284-48.597C458.781 64 288 64 288 64S117.22 64 74.629 75.486c-23.497 6.322-42.003 24.947-48.284 48.597-11.412 42.867-11.412 132.305-11.412 132.305s0 89.438 11.412 132.305c6.281 23.65 24.787 41.5 48.284 47.821C117.22 448 288 448 288 448s170.78 0 213.371-11.486c23.497-6.321 42.003-24.171 48.284-47.821 11.412-42.867 11.412-132.305 11.412-132.305s0-89.438-11.412-132.305zm-317.51 213.508V175.185l142.739 81.205-142.739 81.201z\"><\/path><\/svg>\t\t\t<\/span>\n\t\t\t\t\t\t\t\t\t<span class=\"elementor-button-text\">Youtube<\/span>\n\t\t\t\t\t<\/span>\n\t\t\t\t\t<\/a>\n\t\t\t\t<\/div>\n\t\t\t\t\t\t\t\t<\/div>\n\t\t\t\t<\/div>\n\t\t\t\t\t<\/div>\n\t\t\t\t<\/div>\n\t\t<div class=\"elementor-element elementor-element-4706931 e-flex e-con-boxed e-con e-parent\" data-id=\"4706931\" data-element_type=\"container\" data-e-type=\"container\">\n\t\t\t\t\t<div class=\"e-con-inner\">\n\t\t\t\t<div class=\"elementor-element elementor-element-c8e19a8 elementor-widget elementor-widget-image\" data-id=\"c8e19a8\" data-element_type=\"widget\" data-e-type=\"widget\" data-widget_type=\"image.default\">\n\t\t\t\t<div class=\"elementor-widget-container\">\n\t\t\t\t\t\t\t\t\t\t\t\t\t\t\t<img decoding=\"async\" src=\"https:\/\/goias.gov.br\/cultura\/wp-content\/uploads\/sites\/25\/2024\/09\/WhatsApp-Image-2023-03-27-at-16.24.40-3.jpeg\" title=\"\" alt=\"\" loading=\"lazy\" \/>\t\t\t\t\t\t\t\t\t\t\t\t\t\t\t<\/div>\n\t\t\t\t<\/div>\n\t\t\t\t\t<\/div>\n\t\t\t\t<\/div>\n\t\t<div class=\"elementor-element elementor-element-66fe463 e-flex e-con-boxed e-con e-parent\" data-id=\"66fe463\" data-element_type=\"container\" data-e-type=\"container\">\n\t\t\t\t\t<div class=\"e-con-inner\">\n\t\t<div class=\"elementor-element elementor-element-28d825f e-con-full e-flex e-con e-child\" data-id=\"28d825f\" data-element_type=\"container\" data-e-type=\"container\">\n\t\t\t\t<div class=\"elementor-element elementor-element-706d1e7 elementor-widget elementor-widget-image\" data-id=\"706d1e7\" data-element_type=\"widget\" data-e-type=\"widget\" data-widget_type=\"image.default\">\n\t\t\t\t<div class=\"elementor-widget-container\">\n\t\t\t\t\t\t\t\t\t\t\t\t\t\t\t<img decoding=\"async\" src=\"https:\/\/goias.gov.br\/cultura\/wp-content\/uploads\/sites\/25\/2024\/09\/Design-sem-nome.png\" title=\"\" alt=\"\" loading=\"lazy\" \/>\t\t\t\t\t\t\t\t\t\t\t\t\t\t\t<\/div>\n\t\t\t\t<\/div>\n\t\t\t\t<\/div>\n\t\t<div class=\"elementor-element elementor-element-ab6b67e e-con-full e-flex e-con e-child\" data-id=\"ab6b67e\" data-element_type=\"container\" data-e-type=\"container\">\n\t\t\t\t<div class=\"elementor-element elementor-element-a5ee5ef elementor-widget elementor-widget-text-editor\" data-id=\"a5ee5ef\" data-element_type=\"widget\" data-e-type=\"widget\" data-widget_type=\"text-editor.default\">\n\t\t\t\t<div class=\"elementor-widget-container\">\n\t\t\t\t\t\t\t\t\t<p><a href=\"https:\/\/goias.gov.br\/ocupagoias\">OCUPA GOI\u00c1S<\/a><\/p>\t\t\t\t\t\t\t\t<\/div>\n\t\t\t\t<\/div>\n\t\t\t\t<div class=\"elementor-element elementor-element-9b56d32 elementor-widget__width-inherit elementor-widget elementor-widget-text-editor\" data-id=\"9b56d32\" data-element_type=\"widget\" data-e-type=\"widget\" data-widget_type=\"text-editor.default\">\n\t\t\t\t<div class=\"elementor-widget-container\">\n\t\t\t\t\t\t\t\t\t<p>Programa\u00e7\u00e3o completa de todas as unidades da Secult Goi\u00e1s<\/p>\t\t\t\t\t\t\t\t<\/div>\n\t\t\t\t<\/div>\n\t\t\t\t<\/div>\n\t\t\t\t\t<\/div>\n\t\t\t\t<\/div>\n\t\t\t\t<\/div>\n\t\t","protected":false},"excerpt":{"rendered":"<p>Hist\u00f3rico O Museu Pal\u00e1cio Conde dos Arcos, situado na cidade de Goi\u00e1s, antiga sede do governo do Estado, e leva o seu nome em homenagem ao primeiro governador da ent\u00e3o capitania de Goi\u00e1s, Dom Marcos de Noronha, o Conde dos Arcos. O Conde dos Arcos chegou a Vila Boa de Goi\u00e1s, e como n\u00e3o encontrou [&hellip;]<\/p>\n","protected":false},"author":322,"featured_media":0,"parent":0,"menu_order":0,"comment_status":"closed","ping_status":"closed","template":"","meta":{"footnotes":""},"class_list":["post-49191","page","type-page","status-publish","hentry"],"rttpg_featured_image_url":null,"rttpg_author":{"display_name":"alessandraferreira","author_link":"https:\/\/goias.gov.br\/cultura\/author\/alessandraferreira\/"},"rttpg_comment":0,"rttpg_category":null,"rttpg_excerpt":"Hist\u00f3rico O Museu Pal\u00e1cio Conde dos Arcos, situado na cidade de Goi\u00e1s, antiga sede do governo do Estado, e leva o seu nome em homenagem ao primeiro governador da ent\u00e3o capitania de Goi\u00e1s, Dom Marcos de Noronha, o Conde dos Arcos. O Conde dos Arcos chegou a Vila Boa de Goi\u00e1s, e como n\u00e3o encontrou&hellip;","_links":{"self":[{"href":"https:\/\/goias.gov.br\/cultura\/wp-json\/wp\/v2\/pages\/49191","targetHints":{"allow":["GET"]}}],"collection":[{"href":"https:\/\/goias.gov.br\/cultura\/wp-json\/wp\/v2\/pages"}],"about":[{"href":"https:\/\/goias.gov.br\/cultura\/wp-json\/wp\/v2\/types\/page"}],"author":[{"embeddable":true,"href":"https:\/\/goias.gov.br\/cultura\/wp-json\/wp\/v2\/users\/322"}],"replies":[{"embeddable":true,"href":"https:\/\/goias.gov.br\/cultura\/wp-json\/wp\/v2\/comments?post=49191"}],"version-history":[{"count":2,"href":"https:\/\/goias.gov.br\/cultura\/wp-json\/wp\/v2\/pages\/49191\/revisions"}],"predecessor-version":[{"id":289976,"href":"https:\/\/goias.gov.br\/cultura\/wp-json\/wp\/v2\/pages\/49191\/revisions\/289976"}],"wp:attachment":[{"href":"https:\/\/goias.gov.br\/cultura\/wp-json\/wp\/v2\/media?parent=49191"}],"curies":[{"name":"wp","href":"https:\/\/api.w.org\/{rel}","templated":true}]}}