

{"id":47885,"date":"2024-09-17T16:12:26","date_gmt":"2024-09-17T19:12:26","guid":{"rendered":"https:\/\/goias.gov.br\/cultura\/?page_id=47885"},"modified":"2025-12-02T08:07:35","modified_gmt":"2025-12-02T11:07:35","slug":"transparencia","status":"publish","type":"page","link":"https:\/\/goias.gov.br\/cultura\/pnab\/transparencia\/","title":{"rendered":"Transpar\u00eancia &#8211; PNAB"},"content":{"rendered":"\t\t<div data-elementor-type=\"wp-page\" data-elementor-id=\"47885\" class=\"elementor elementor-47885\">\n\t\t\t\t<div class=\"elementor-element elementor-element-fa07176 e-flex e-con-boxed e-con e-parent\" data-id=\"fa07176\" data-element_type=\"container\" data-e-type=\"container\">\n\t\t\t\t\t<div class=\"e-con-inner\">\n\t\t\t\t<div class=\"elementor-element elementor-element-394a715 elementor-widget elementor-widget-text-editor\" data-id=\"394a715\" data-element_type=\"widget\" data-e-type=\"widget\" data-widget_type=\"text-editor.default\">\n\t\t\t\t<div class=\"elementor-widget-container\">\n\t\t\t\t\t\t\t\t\t<ul><li><a href=\"https:\/\/goias.gov.br\/cultura\/wp-content\/uploads\/sites\/25\/files\/LAB2022\/RELATORIO_TRANSPARENCIA_VERSAO_FINAL.pdf\"><span class=\"elementor-icon-list-text\">Balan\u00e7o das A\u00e7\u00f5es e Transpar\u00eancia<\/span><\/a><\/li><li><a href=\"https:\/\/goias.gov.br\/cultura\/wp-content\/uploads\/sites\/25\/files\/LAB2022\/LISTAGEM_DE_BENEFICIARIOS-INCISO_I_AUXILIO_EMERGENCIAL-Versao_Final.pdf\"><span class=\"elementor-icon-list-text\">Listagem de Benefici\u00e1rios \u2013 Inciso I Aux\u00edlio Emergencial<\/span><\/a><\/li><li><a href=\"https:\/\/goias.gov.br\/cultura\/wp-content\/uploads\/sites\/25\/files\/LAB2021_PrestacaoContas\/RECURSOS_RECEBIDOS_DE_MUNICIPIOS_Reversao.pdf\"><span class=\"elementor-icon-list-text\">Revers\u00e3o dos Munic\u00edpios<\/span><\/a><\/li><\/ul>\t\t\t\t\t\t\t\t<\/div>\n\t\t\t\t<\/div>\n\t\t\t\t\t<\/div>\n\t\t\t\t<\/div>\n\t\t\t\t<\/div>\n\t\t","protected":false},"excerpt":{"rendered":"<p>Balan\u00e7o das A\u00e7\u00f5es e Transpar\u00eancia Listagem de Benefici\u00e1rios \u2013 Inciso I Aux\u00edlio Emergencial Revers\u00e3o dos Munic\u00edpios<\/p>\n","protected":false},"author":561,"featured_media":0,"parent":47823,"menu_order":0,"comment_status":"closed","ping_status":"closed","template":"","meta":{"footnotes":""},"class_list":["post-47885","page","type-page","status-publish","hentry"],"rttpg_featured_image_url":null,"rttpg_author":{"display_name":"denisebastos","author_link":"https:\/\/goias.gov.br\/cultura\/author\/denisebastos\/"},"rttpg_comment":0,"rttpg_category":null,"rttpg_excerpt":"Balan\u00e7o das A\u00e7\u00f5es e Transpar\u00eancia Listagem de Benefici\u00e1rios \u2013 Inciso I Aux\u00edlio Emergencial Revers\u00e3o dos Munic\u00edpios","_links":{"self":[{"href":"https:\/\/goias.gov.br\/cultura\/wp-json\/wp\/v2\/pages\/47885","targetHints":{"allow":["GET"]}}],"collection":[{"href":"https:\/\/goias.gov.br\/cultura\/wp-json\/wp\/v2\/pages"}],"about":[{"href":"https:\/\/goias.gov.br\/cultura\/wp-json\/wp\/v2\/types\/page"}],"author":[{"embeddable":true,"href":"https:\/\/goias.gov.br\/cultura\/wp-json\/wp\/v2\/users\/561"}],"replies":[{"embeddable":true,"href":"https:\/\/goias.gov.br\/cultura\/wp-json\/wp\/v2\/comments?post=47885"}],"version-history":[{"count":3,"href":"https:\/\/goias.gov.br\/cultura\/wp-json\/wp\/v2\/pages\/47885\/revisions"}],"predecessor-version":[{"id":290530,"href":"https:\/\/goias.gov.br\/cultura\/wp-json\/wp\/v2\/pages\/47885\/revisions\/290530"}],"up":[{"embeddable":true,"href":"https:\/\/goias.gov.br\/cultura\/wp-json\/wp\/v2\/pages\/47823"}],"wp:attachment":[{"href":"https:\/\/goias.gov.br\/cultura\/wp-json\/wp\/v2\/media?parent=47885"}],"curies":[{"name":"wp","href":"https:\/\/api.w.org\/{rel}","templated":true}]}}