

{"id":47867,"date":"2024-09-17T16:10:29","date_gmt":"2024-09-17T19:10:29","guid":{"rendered":"https:\/\/goias.gov.br\/cultura\/?page_id=47867"},"modified":"2025-12-02T07:41:34","modified_gmt":"2025-12-02T10:41:34","slug":"legislacao","status":"publish","type":"page","link":"https:\/\/goias.gov.br\/cultura\/pnab\/legislacao\/","title":{"rendered":"Legisla\u00e7\u00e3o &#8211; PNAB"},"content":{"rendered":"\t\t<div data-elementor-type=\"wp-page\" data-elementor-id=\"47867\" class=\"elementor elementor-47867\">\n\t\t\t\t<div class=\"elementor-element elementor-element-a09a08d e-flex e-con-boxed e-con e-parent\" data-id=\"a09a08d\" data-element_type=\"container\" data-e-type=\"container\">\n\t\t\t\t\t<div class=\"e-con-inner\">\n\t\t\t\t<div class=\"elementor-element elementor-element-2ba5fd0 elementor-widget elementor-widget-text-editor\" data-id=\"2ba5fd0\" data-element_type=\"widget\" data-e-type=\"widget\" data-widget_type=\"text-editor.default\">\n\t\t\t\t<div class=\"elementor-widget-container\">\n\t\t\t\t\t\t\t\t\t<ul class=\"elementor-icon-list-items\"><li class=\"elementor-icon-list-item\"><a href=\"https:\/\/www.planalto.gov.br\/ccivil_03\/_ato2019-2022\/2022\/lei\/l14399.htm\"><span class=\"elementor-icon-list-text\">Pol\u00edtica Nacional Aldir Blanc de Fomento \u00e0 Cultura \u2013 2022<\/span><\/a><\/li><li class=\"elementor-icon-list-item\"><a href=\"https:\/\/goias.gov.br\/cultura\/wp-content\/uploads\/sites\/25\/2020\/08\/LEI_ALDIR_BLANC_LEI_14017_29_06_2020-aed.pdf\"><span class=\"elementor-icon-list-text\">Lei Aldir Blanc \u2013 2020<\/span><\/a><\/li><li class=\"elementor-icon-list-item\"><a href=\"https:\/\/goias.gov.br\/cultura\/wp-content\/uploads\/sites\/25\/2020\/08\/Lei_Estadual_Aldir_Blanc_Decreto_9719_29_09-bca.pdf\"><span class=\"elementor-icon-list-text\">Decreto Estadual N\u00ba 9.719 \u2013 2020<\/span><\/a><\/li><li><a href=\"https:\/\/goias.gov.br\/cultura\/wp-content\/uploads\/sites\/25\/2025\/03\/Portaria722025Secult.pdf\">Portaria N\u00ba 72 \/ 2025 &#8211; SECULT &#8211; Comiss\u00e3o de<\/a><br \/><a href=\"https:\/\/goias.gov.br\/cultura\/wp-content\/uploads\/sites\/25\/2025\/03\/Portaria722025Secult.pdf\">Heteroidentifica\u00e7\u00e3o<\/a><\/li><\/ul>\t\t\t\t\t\t\t\t<\/div>\n\t\t\t\t<\/div>\n\t\t\t\t\t<\/div>\n\t\t\t\t<\/div>\n\t\t\t\t<\/div>\n\t\t","protected":false},"excerpt":{"rendered":"<p>Pol\u00edtica Nacional Aldir Blanc de Fomento \u00e0 Cultura \u2013 2022 Lei Aldir Blanc \u2013 2020 Decreto Estadual N\u00ba 9.719 \u2013 2020 Portaria N\u00ba 72 \/ 2025 &#8211; SECULT &#8211; Comiss\u00e3o deHeteroidentifica\u00e7\u00e3o<\/p>\n","protected":false},"author":561,"featured_media":0,"parent":47823,"menu_order":0,"comment_status":"closed","ping_status":"closed","template":"","meta":{"footnotes":""},"class_list":["post-47867","page","type-page","status-publish","hentry"],"rttpg_featured_image_url":null,"rttpg_author":{"display_name":"denisebastos","author_link":"https:\/\/goias.gov.br\/cultura\/author\/denisebastos\/"},"rttpg_comment":0,"rttpg_category":null,"rttpg_excerpt":"Pol\u00edtica Nacional Aldir Blanc de Fomento \u00e0 Cultura \u2013 2022 Lei Aldir Blanc \u2013 2020 Decreto Estadual N\u00ba 9.719 \u2013 2020 Portaria N\u00ba 72 \/ 2025 &#8211; SECULT &#8211; Comiss\u00e3o deHeteroidentifica\u00e7\u00e3o","_links":{"self":[{"href":"https:\/\/goias.gov.br\/cultura\/wp-json\/wp\/v2\/pages\/47867","targetHints":{"allow":["GET"]}}],"collection":[{"href":"https:\/\/goias.gov.br\/cultura\/wp-json\/wp\/v2\/pages"}],"about":[{"href":"https:\/\/goias.gov.br\/cultura\/wp-json\/wp\/v2\/types\/page"}],"author":[{"embeddable":true,"href":"https:\/\/goias.gov.br\/cultura\/wp-json\/wp\/v2\/users\/561"}],"replies":[{"embeddable":true,"href":"https:\/\/goias.gov.br\/cultura\/wp-json\/wp\/v2\/comments?post=47867"}],"version-history":[{"count":3,"href":"https:\/\/goias.gov.br\/cultura\/wp-json\/wp\/v2\/pages\/47867\/revisions"}],"predecessor-version":[{"id":290425,"href":"https:\/\/goias.gov.br\/cultura\/wp-json\/wp\/v2\/pages\/47867\/revisions\/290425"}],"up":[{"embeddable":true,"href":"https:\/\/goias.gov.br\/cultura\/wp-json\/wp\/v2\/pages\/47823"}],"wp:attachment":[{"href":"https:\/\/goias.gov.br\/cultura\/wp-json\/wp\/v2\/media?parent=47867"}],"curies":[{"name":"wp","href":"https:\/\/api.w.org\/{rel}","templated":true}]}}