

{"id":47843,"date":"2024-09-17T16:07:02","date_gmt":"2024-09-17T19:07:02","guid":{"rendered":"https:\/\/goias.gov.br\/cultura\/?page_id=47843"},"modified":"2025-12-02T08:04:39","modified_gmt":"2025-12-02T11:04:39","slug":"sobre","status":"publish","type":"page","link":"https:\/\/goias.gov.br\/cultura\/pnab\/sobre\/","title":{"rendered":"Sobre &#8211; PNAB"},"content":{"rendered":"\t\t<div data-elementor-type=\"wp-page\" data-elementor-id=\"47843\" class=\"elementor elementor-47843\">\n\t\t\t\t<div class=\"elementor-element elementor-element-46560e0 e-flex e-con-boxed e-con e-parent\" data-id=\"46560e0\" data-element_type=\"container\" data-e-type=\"container\">\n\t\t\t\t\t<div class=\"e-con-inner\">\n\t\t\t\t<div class=\"elementor-element elementor-element-ae1b063 elementor-widget elementor-widget-text-editor\" data-id=\"ae1b063\" data-element_type=\"widget\" data-e-type=\"widget\" data-widget_type=\"text-editor.default\">\n\t\t\t\t<div class=\"elementor-widget-container\">\n\t\t\t\t\t\t\t\t\t<p dir=\"ltr\">A PNAB \u00e9 uma oportunidade hist\u00f3rica de estruturar o sistema federativo de financiamento \u00e0 cultura mediante os repasses da Uni\u00e3o aos Estados, Distrito Federal e Munic\u00edpios de forma continuada.<\/p>\n<p dir=\"ltr\">Por meio dessa pol\u00edtica, ser\u00e1 poss\u00edvel investir regularmente em projetos e programas, n\u00e3o s\u00f3 de modo emergencial, como foi na Lei Aldir Blanc 1 e na Lei Paulo Gustavo. Os entes federativos ir\u00e3o implementar a\u00e7\u00f5es p\u00fablicas em editais e chamamentos abertos para os\/as trabalhadores(as) da \u00e1rea da cultura. Assim como poder\u00e3o executar os recursos nas pol\u00edticas culturais locais de maneira direta.<\/p>\t\t\t\t\t\t\t\t<\/div>\n\t\t\t\t<\/div>\n\t\t\t\t\t<\/div>\n\t\t\t\t<\/div>\n\t\t\t\t<\/div>\n\t\t","protected":false},"excerpt":{"rendered":"<p>A PNAB \u00e9 uma oportunidade hist\u00f3rica de estruturar o sistema federativo de financiamento \u00e0 cultura mediante os repasses da Uni\u00e3o aos Estados, Distrito Federal e Munic\u00edpios de forma continuada. Por meio dessa pol\u00edtica, ser\u00e1 poss\u00edvel investir regularmente em projetos e programas, n\u00e3o s\u00f3 de modo emergencial, como foi na Lei Aldir Blanc 1 e na [&hellip;]<\/p>\n","protected":false},"author":561,"featured_media":0,"parent":47823,"menu_order":0,"comment_status":"closed","ping_status":"closed","template":"","meta":{"footnotes":""},"class_list":["post-47843","page","type-page","status-publish","hentry"],"rttpg_featured_image_url":null,"rttpg_author":{"display_name":"denisebastos","author_link":"https:\/\/goias.gov.br\/cultura\/author\/denisebastos\/"},"rttpg_comment":0,"rttpg_category":null,"rttpg_excerpt":"A PNAB \u00e9 uma oportunidade hist\u00f3rica de estruturar o sistema federativo de financiamento \u00e0 cultura mediante os repasses da Uni\u00e3o aos Estados, Distrito Federal e Munic\u00edpios de forma continuada. Por meio dessa pol\u00edtica, ser\u00e1 poss\u00edvel investir regularmente em projetos e programas, n\u00e3o s\u00f3 de modo emergencial, como foi na Lei Aldir Blanc 1 e na&hellip;","_links":{"self":[{"href":"https:\/\/goias.gov.br\/cultura\/wp-json\/wp\/v2\/pages\/47843","targetHints":{"allow":["GET"]}}],"collection":[{"href":"https:\/\/goias.gov.br\/cultura\/wp-json\/wp\/v2\/pages"}],"about":[{"href":"https:\/\/goias.gov.br\/cultura\/wp-json\/wp\/v2\/types\/page"}],"author":[{"embeddable":true,"href":"https:\/\/goias.gov.br\/cultura\/wp-json\/wp\/v2\/users\/561"}],"replies":[{"embeddable":true,"href":"https:\/\/goias.gov.br\/cultura\/wp-json\/wp\/v2\/comments?post=47843"}],"version-history":[{"count":2,"href":"https:\/\/goias.gov.br\/cultura\/wp-json\/wp\/v2\/pages\/47843\/revisions"}],"predecessor-version":[{"id":290504,"href":"https:\/\/goias.gov.br\/cultura\/wp-json\/wp\/v2\/pages\/47843\/revisions\/290504"}],"up":[{"embeddable":true,"href":"https:\/\/goias.gov.br\/cultura\/wp-json\/wp\/v2\/pages\/47823"}],"wp:attachment":[{"href":"https:\/\/goias.gov.br\/cultura\/wp-json\/wp\/v2\/media?parent=47843"}],"curies":[{"name":"wp","href":"https:\/\/api.w.org\/{rel}","templated":true}]}}