

{"id":47475,"date":"2024-09-17T15:09:30","date_gmt":"2024-09-17T18:09:30","guid":{"rendered":"https:\/\/goias.gov.br\/cultura\/?page_id=47475"},"modified":"2026-01-23T12:20:46","modified_gmt":"2026-01-23T15:20:46","slug":"sobre","status":"publish","type":"page","link":"https:\/\/goias.gov.br\/cultura\/programa-goyazes\/sobre\/","title":{"rendered":"Sobre &#8211; Goyazes"},"content":{"rendered":"\t\t<div data-elementor-type=\"wp-page\" data-elementor-id=\"47475\" class=\"elementor elementor-47475\">\n\t\t\t\t<div class=\"elementor-element elementor-element-223c5adf e-flex e-con-boxed e-con e-parent\" data-id=\"223c5adf\" data-element_type=\"container\" data-e-type=\"container\">\n\t\t\t\t\t<div class=\"e-con-inner\">\n\t\t\t\t<div class=\"elementor-element elementor-element-15d8172f elementor-widget elementor-widget-text-editor\" data-id=\"15d8172f\" data-element_type=\"widget\" data-e-type=\"widget\" data-widget_type=\"text-editor.default\">\n\t\t\t\t<div class=\"elementor-widget-container\">\n\t\t\t\t\t\t\t\t\t\n<p>O Programa Estadual de Incentivo \u00e0 Cultura \u2013 Goyazes visa incentivar o apoio de projetos culturais por parte de empresas privadas contribuintes do Imposto sobre Opera\u00e7\u00f5es relativas \u00e0 Circula\u00e7\u00e3o de Mercadorias e Presta\u00e7\u00e3o de Servi\u00e7os de Transporte Interestadual e Intermunicipal e de Comunica\u00e7\u00e3o (ICMS) por meio do abatimento do imposto.<\/p>\n<p>O programa foi criado em 16 de maio de 2000 pela Lei n\u00b0 13.613, mas foi extinto em 2018, quando o Conselho Nacional de Pol\u00edtica Fazend\u00e1ria (Confaz) deliberou pelo fim do benef\u00edcio. Em 2019, foi liberada a capta\u00e7\u00e3o de R$ 1,7 milh\u00e3o para quitar os d\u00e9bitos do edital do ano anterior.<\/p>\n<p>Em novembro de 2021, o Conselho Nacional de Pol\u00edtica Fazend\u00e1ria (Confaz) atendeu a solicita\u00e7\u00e3o do Estado e autorizou o retorno da aplica\u00e7\u00e3o da legisla\u00e7\u00e3o em Goi\u00e1s. Entre 2022 e 2025, o programa aprovou 472 projetos culturais, com fomento de R$ 127 milh\u00f5es em cr\u00e9ditos de ICMS e impulso cont\u00ednuo \u00e0 economia criativa em todas as regi\u00f5es do estado. Somente em 2025, mais de 900 projetos foram inscritos para concorrer aos R$ 40 milh\u00f5es disponibilizados para financiamento de a\u00e7\u00f5es culturais.<\/p>\n<p>Em 2026, o Programa Goyazes vai destinar R$ 40 milh\u00f5es para financiar projetos culturais relevantes para o Estado com o objetivo de preservar e divulgar o patrim\u00f4nio cultural, hist\u00f3rico e art\u00edstico do Estado; incentivar e apoiar a produ\u00e7\u00e3o cultural e art\u00edstica goiana; e ainda democratizar o acesso \u00e0 cultura e o pleno exerc\u00edcio dos direitos culturais, garantindo a diversidade cultural.<\/p>\n\t\t\t\t\t\t\t\t<\/div>\n\t\t\t\t<\/div>\n\t\t\t\t\t<\/div>\n\t\t\t\t<\/div>\n\t\t\t\t<\/div>\n\t\t","protected":false},"excerpt":{"rendered":"<p>O Programa Estadual de Incentivo \u00e0 Cultura \u2013 Goyazes visa incentivar o apoio de projetos culturais por parte de empresas privadas contribuintes do Imposto sobre Opera\u00e7\u00f5es relativas \u00e0 Circula\u00e7\u00e3o de Mercadorias e Presta\u00e7\u00e3o de Servi\u00e7os de Transporte Interestadual e Intermunicipal e de Comunica\u00e7\u00e3o (ICMS) por meio do abatimento do imposto. O programa foi criado em [&hellip;]<\/p>\n","protected":false},"author":561,"featured_media":0,"parent":45955,"menu_order":0,"comment_status":"closed","ping_status":"closed","template":"","meta":{"footnotes":""},"class_list":["post-47475","page","type-page","status-publish","hentry"],"rttpg_featured_image_url":null,"rttpg_author":{"display_name":"denisebastos","author_link":"https:\/\/goias.gov.br\/cultura\/author\/denisebastos\/"},"rttpg_comment":0,"rttpg_category":null,"rttpg_excerpt":"O Programa Estadual de Incentivo \u00e0 Cultura \u2013 Goyazes visa incentivar o apoio de projetos culturais por parte de empresas privadas contribuintes do Imposto sobre Opera\u00e7\u00f5es relativas \u00e0 Circula\u00e7\u00e3o de Mercadorias e Presta\u00e7\u00e3o de Servi\u00e7os de Transporte Interestadual e Intermunicipal e de Comunica\u00e7\u00e3o (ICMS) por meio do abatimento do imposto. O programa foi criado em&hellip;","_links":{"self":[{"href":"https:\/\/goias.gov.br\/cultura\/wp-json\/wp\/v2\/pages\/47475","targetHints":{"allow":["GET"]}}],"collection":[{"href":"https:\/\/goias.gov.br\/cultura\/wp-json\/wp\/v2\/pages"}],"about":[{"href":"https:\/\/goias.gov.br\/cultura\/wp-json\/wp\/v2\/types\/page"}],"author":[{"embeddable":true,"href":"https:\/\/goias.gov.br\/cultura\/wp-json\/wp\/v2\/users\/561"}],"replies":[{"embeddable":true,"href":"https:\/\/goias.gov.br\/cultura\/wp-json\/wp\/v2\/comments?post=47475"}],"version-history":[{"count":2,"href":"https:\/\/goias.gov.br\/cultura\/wp-json\/wp\/v2\/pages\/47475\/revisions"}],"predecessor-version":[{"id":313120,"href":"https:\/\/goias.gov.br\/cultura\/wp-json\/wp\/v2\/pages\/47475\/revisions\/313120"}],"up":[{"embeddable":true,"href":"https:\/\/goias.gov.br\/cultura\/wp-json\/wp\/v2\/pages\/45955"}],"wp:attachment":[{"href":"https:\/\/goias.gov.br\/cultura\/wp-json\/wp\/v2\/media?parent=47475"}],"curies":[{"name":"wp","href":"https:\/\/api.w.org\/{rel}","templated":true}]}}