

{"id":47437,"date":"2024-09-17T15:06:23","date_gmt":"2024-09-17T18:06:23","guid":{"rendered":"https:\/\/goias.gov.br\/cultura\/?page_id=47437"},"modified":"2026-01-23T12:28:11","modified_gmt":"2026-01-23T15:28:11","slug":"para-empresarios","status":"publish","type":"page","link":"https:\/\/goias.gov.br\/cultura\/programa-goyazes\/para-empresarios\/","title":{"rendered":"Para Empres\u00e1rios &#8211; Goyazes"},"content":{"rendered":"\t\t<div data-elementor-type=\"wp-page\" data-elementor-id=\"47437\" class=\"elementor elementor-47437\">\n\t\t\t\t<div class=\"elementor-element elementor-element-ba5524e e-flex e-con-boxed e-con e-parent\" data-id=\"ba5524e\" data-element_type=\"container\" data-e-type=\"container\">\n\t\t\t\t\t<div class=\"e-con-inner\">\n\t\t\t\t<div class=\"elementor-element elementor-element-f136f73 elementor-widget elementor-widget-text-editor\" data-id=\"f136f73\" data-element_type=\"widget\" data-e-type=\"widget\" data-widget_type=\"text-editor.default\">\n\t\t\t\t<div class=\"elementor-widget-container\">\n\t\t\t\t\t\t\t\t\t<p>Em 2026, ser\u00e1 disponibilizado o montante global de R$ 40 milh\u00f5es pelo Programa Goyazes para abatimento de ICMS \u00e0s empresas que financiarem projetos art\u00edstico-culturais no Estado de Goi\u00e1s.<\/p><p>Os recursos ser\u00e3o distribu\u00eddos em 3 (tr\u00eas) categorias, conforme abaixo:<\/p><p>I \u2013 A\u00e7\u00f5es Culturais dos Munic\u00edpios do Estado de Goi\u00e1s e projetos em car\u00e1ter excepcional (conforme descrito na Se\u00e7\u00e3o IV):<br \/>Correspondem a 37,5% (trinta e sete e meio por cento) dos benef\u00edcios concedidos no ano fiscal, totalizando R$ 15 milh\u00f5es.<\/p><p>II \u2013 Festivais:\u00a0<br \/>Correspondem a 25% (vinte e cinco por cento) dos benef\u00edcios concedidos no ano fiscal, totalizando R$ 10 milh\u00f5es.<\/p><p>III \u2013 Demais \u00e1reas art\u00edstico-culturais:<br \/>Correspondem a 37,5% (trinta e sete e meio por cento) dos benef\u00edcios concedidos no ano fiscal, totalizando R$ 15 milh\u00f5es.<\/p><p><strong><span style=\"font-size: 14pt;\">Limites m\u00e1ximos de valor por projeto<\/span><\/strong><\/p><p>I \u2013 Pessoa F\u00edsica:<\/p><p>At\u00e9 R$ 200.000,00 (duzentos mil reais), para projetos de qualquer natureza art\u00edstico-cultural, incluindo os projetos inscritos em car\u00e1ter excepcional.<\/p><p>II \u2013 Pessoa Jur\u00eddica, inclusive MEI, com finalidade cultural comprovada, at\u00e9:<\/p><ol><li>a) R$ 1.000.000,00 (um milh\u00e3o de reais) para a\u00e7\u00f5es culturais dos munic\u00edpios do Estado de Goi\u00e1s;<\/li><li>b) R$ 1.000.000,00 (um milh\u00e3o de reais) para festivais;<\/li><li>c) R$ 500.000,00 (quinhentos mil reais) para os demais segmentos art\u00edstico-culturais;<\/li><li>d) R$ 300.000,00 (trezentos mil reais) para projetos inscritos em car\u00e1ter excepcional, salvo o caso previsto no art. 24, inciso I.<\/li><\/ol><h3><strong>Documentos importantes<\/strong><\/h3><ul><li><a href=\"https:\/\/goias.gov.br\/cultura\/wp-content\/uploads\/sites\/25\/2022\/02\/1Empresarios_Manual_Programa_Goyazes-e1a.pdf\">Manual do Programa Goyazes (passo a passo)<\/a><\/li><li><a href=\"https:\/\/goias.gov.br\/cultura\/wp-content\/uploads\/sites\/25\/2022\/02\/Guia_Como_Funciona_Programa_Goyazes-dc6.pdf\">Guia &#8211; como funciona o Programa Goyazes<\/a><\/li><li><a href=\"https:\/\/goias.gov.br\/cultura\/wp-content\/uploads\/sites\/25\/2022\/02\/MAIORES_DO_ICMS_OFICIAL_2021-762.pdf\">Maiores contribuintes do ICMS em Goi\u00e1s<\/a><\/li><\/ul>\t\t\t\t\t\t\t\t<\/div>\n\t\t\t\t<\/div>\n\t\t\t\t\t<\/div>\n\t\t\t\t<\/div>\n\t\t\t\t<\/div>\n\t\t","protected":false},"excerpt":{"rendered":"<p>Em 2026, ser\u00e1 disponibilizado o montante global de R$ 40 milh\u00f5es pelo Programa Goyazes para abatimento de ICMS \u00e0s empresas que financiarem projetos art\u00edstico-culturais no Estado de Goi\u00e1s. Os recursos ser\u00e3o distribu\u00eddos em 3 (tr\u00eas) categorias, conforme abaixo: I \u2013 A\u00e7\u00f5es Culturais dos Munic\u00edpios do Estado de Goi\u00e1s e projetos em car\u00e1ter excepcional (conforme descrito [&hellip;]<\/p>\n","protected":false},"author":561,"featured_media":0,"parent":45955,"menu_order":0,"comment_status":"closed","ping_status":"closed","template":"","meta":{"footnotes":""},"class_list":["post-47437","page","type-page","status-publish","hentry"],"rttpg_featured_image_url":null,"rttpg_author":{"display_name":"denisebastos","author_link":"https:\/\/goias.gov.br\/cultura\/author\/denisebastos\/"},"rttpg_comment":0,"rttpg_category":null,"rttpg_excerpt":"Em 2026, ser\u00e1 disponibilizado o montante global de R$ 40 milh\u00f5es pelo Programa Goyazes para abatimento de ICMS \u00e0s empresas que financiarem projetos art\u00edstico-culturais no Estado de Goi\u00e1s. Os recursos ser\u00e3o distribu\u00eddos em 3 (tr\u00eas) categorias, conforme abaixo: I \u2013 A\u00e7\u00f5es Culturais dos Munic\u00edpios do Estado de Goi\u00e1s e projetos em car\u00e1ter excepcional (conforme descrito&hellip;","_links":{"self":[{"href":"https:\/\/goias.gov.br\/cultura\/wp-json\/wp\/v2\/pages\/47437","targetHints":{"allow":["GET"]}}],"collection":[{"href":"https:\/\/goias.gov.br\/cultura\/wp-json\/wp\/v2\/pages"}],"about":[{"href":"https:\/\/goias.gov.br\/cultura\/wp-json\/wp\/v2\/types\/page"}],"author":[{"embeddable":true,"href":"https:\/\/goias.gov.br\/cultura\/wp-json\/wp\/v2\/users\/561"}],"replies":[{"embeddable":true,"href":"https:\/\/goias.gov.br\/cultura\/wp-json\/wp\/v2\/comments?post=47437"}],"version-history":[{"count":2,"href":"https:\/\/goias.gov.br\/cultura\/wp-json\/wp\/v2\/pages\/47437\/revisions"}],"predecessor-version":[{"id":313165,"href":"https:\/\/goias.gov.br\/cultura\/wp-json\/wp\/v2\/pages\/47437\/revisions\/313165"}],"up":[{"embeddable":true,"href":"https:\/\/goias.gov.br\/cultura\/wp-json\/wp\/v2\/pages\/45955"}],"wp:attachment":[{"href":"https:\/\/goias.gov.br\/cultura\/wp-json\/wp\/v2\/media?parent=47437"}],"curies":[{"name":"wp","href":"https:\/\/api.w.org\/{rel}","templated":true}]}}