

{"id":47396,"date":"2024-09-17T15:01:05","date_gmt":"2024-09-17T18:01:05","guid":{"rendered":"https:\/\/goias.gov.br\/cultura\/?page_id=47396"},"modified":"2026-01-27T09:29:45","modified_gmt":"2026-01-27T12:29:45","slug":"documentos","status":"publish","type":"page","link":"https:\/\/goias.gov.br\/cultura\/programa-goyazes\/documentos\/","title":{"rendered":"Documentos &#8211; Programa Goyazes"},"content":{"rendered":"\t\t<div data-elementor-type=\"wp-page\" data-elementor-id=\"47396\" class=\"elementor elementor-47396\">\n\t\t\t\t<div class=\"elementor-element elementor-element-5650846 e-flex e-con-boxed e-con e-parent\" data-id=\"5650846\" data-element_type=\"container\" data-e-type=\"container\">\n\t\t\t\t\t<div class=\"e-con-inner\">\n\t\t\t\t<div class=\"elementor-element elementor-element-2a4a36e elementor-widget elementor-widget-text-editor\" data-id=\"2a4a36e\" data-element_type=\"widget\" data-e-type=\"widget\" data-widget_type=\"text-editor.default\">\n\t\t\t\t<div class=\"elementor-widget-container\">\n\t\t\t\t\t\t\t\t\t<p><span class=\"elementor-icon-list-text\">\u2022 <a href=\"https:\/\/goias.gov.br\/cultura\/wp-content\/uploads\/sites\/25\/2026\/01\/Formulario-de-Inscricao.docx\">Formul\u00e1rio de Inscri\u00e7\u00e3o<\/a><\/span><\/p><p><span class=\"elementor-icon-list-text\">\u2022 <a href=\"https:\/\/goias.gov.br\/cultura\/wp-content\/uploads\/sites\/25\/2026\/01\/Carta-de-Aceite-de-Participacao-no-Projeto-1.doc\">Carta de Aceite de Participa\u00e7\u00e3o no Projeto<\/a><\/span><\/p><p><span class=\"elementor-icon-list-text\">\u2022\u00a0<a href=\"https:\/\/goias.gov.br\/cultura\/wp-content\/uploads\/sites\/25\/2026\/01\/Carta-de-Anuencia-de-Espacos-1-1.doc\">Carta de Anu\u00eancia de Espa\u00e7os<\/a><\/span><\/p><p><span class=\"elementor-icon-list-text\">\u2022\u00a0<a href=\"https:\/\/goias.gov.br\/cultura\/wp-content\/uploads\/sites\/25\/2026\/01\/Carta-de-Autorizacao-de-Direitos-Autorais-1.doc\">Carta de Autoriza\u00e7\u00e3o de Direitos Autorais<\/a><\/span><\/p><p><span class=\"elementor-icon-list-text\">\u2022\u00a0<a href=\"https:\/\/goias.gov.br\/cultura\/wp-content\/uploads\/sites\/25\/2026\/01\/Declaracao-de-Direitos-Autorais-1.doc\">Declara\u00e7\u00e3o de Direitos Autorais<\/a><\/span><\/p><p><span class=\"elementor-icon-list-text\">\u2022\u00a0<a href=\"https:\/\/goias.gov.br\/cultura\/wp-content\/uploads\/sites\/25\/2026\/01\/Declaracao-de-Propriedade-Intelectual-1.doc\">Declara\u00e7\u00e3o de Propriedade Intelectual<\/a><\/span><\/p><p><span class=\"elementor-icon-list-text\">\u2022\u00a0<a href=\"https:\/\/goias.gov.br\/cultura\/wp-content\/uploads\/sites\/25\/2026\/01\/Oficio_Carta-de-Intencao-de-Patrocinio-da-Empresa.doc\">Of\u00edcio Carta de Inten\u00e7\u00e3o de Patroc\u00ednio da Empresa<\/a><\/span><\/p><p><span class=\"elementor-icon-list-text\">\u2022 <a href=\"https:\/\/goias.gov.br\/cultura\/wp-content\/uploads\/sites\/25\/2026\/01\/Planilha-Orcamentaria.xlsx\">Planilha Or\u00e7ament\u00e1ria<\/a><\/span><\/p><p><span class=\"elementor-icon-list-text\">\u2022\u00a0<\/span><a href=\"https:\/\/goias.gov.br\/cultura\/wp-content\/uploads\/sites\/25\/2026\/01\/Formulario-de-Solicitacao-de-Alteracao-de-Projeto-2025.docx\">Formul\u00e1rio de Solicita\u00e7\u00e3o de Altera\u00e7\u00e3o de Projeto<\/a><\/p><p><span class=\"elementor-icon-list-text\">\u2022\u00a0<a href=\"https:\/\/goias.gov.br\/cultura\/wp-content\/uploads\/sites\/25\/2026\/01\/Modelo-Oficio-Excepcionalidade.doc\">Modelo Of\u00edcio Excepcionalidade<\/a><\/span><\/p>\t\t\t\t\t\t\t\t<\/div>\n\t\t\t\t<\/div>\n\t\t\t\t\t<\/div>\n\t\t\t\t<\/div>\n\t\t\t\t<\/div>\n\t\t","protected":false},"excerpt":{"rendered":"<p>\u2022 Formul\u00e1rio de Inscri\u00e7\u00e3o \u2022 Carta de Aceite de Participa\u00e7\u00e3o no Projeto \u2022\u00a0Carta de Anu\u00eancia de Espa\u00e7os \u2022\u00a0Carta de Autoriza\u00e7\u00e3o de Direitos Autorais \u2022\u00a0Declara\u00e7\u00e3o de Direitos Autorais \u2022\u00a0Declara\u00e7\u00e3o de Propriedade Intelectual \u2022\u00a0Of\u00edcio Carta de Inten\u00e7\u00e3o de Patroc\u00ednio da Empresa \u2022 Planilha Or\u00e7ament\u00e1ria \u2022\u00a0Formul\u00e1rio de Solicita\u00e7\u00e3o de Altera\u00e7\u00e3o de Projeto \u2022\u00a0Modelo Of\u00edcio Excepcionalidade<\/p>\n","protected":false},"author":561,"featured_media":0,"parent":45955,"menu_order":0,"comment_status":"closed","ping_status":"closed","template":"","meta":{"footnotes":""},"class_list":["post-47396","page","type-page","status-publish","hentry"],"rttpg_featured_image_url":null,"rttpg_author":{"display_name":"denisebastos","author_link":"https:\/\/goias.gov.br\/cultura\/author\/denisebastos\/"},"rttpg_comment":0,"rttpg_category":null,"rttpg_excerpt":"\u2022 Formul\u00e1rio de Inscri\u00e7\u00e3o \u2022 Carta de Aceite de Participa\u00e7\u00e3o no Projeto \u2022\u00a0Carta de Anu\u00eancia de Espa\u00e7os \u2022\u00a0Carta de Autoriza\u00e7\u00e3o de Direitos Autorais \u2022\u00a0Declara\u00e7\u00e3o de Direitos Autorais \u2022\u00a0Declara\u00e7\u00e3o de Propriedade Intelectual \u2022\u00a0Of\u00edcio Carta de Inten\u00e7\u00e3o de Patroc\u00ednio da Empresa \u2022 Planilha Or\u00e7ament\u00e1ria \u2022\u00a0Formul\u00e1rio de Solicita\u00e7\u00e3o de Altera\u00e7\u00e3o de Projeto \u2022\u00a0Modelo Of\u00edcio Excepcionalidade","_links":{"self":[{"href":"https:\/\/goias.gov.br\/cultura\/wp-json\/wp\/v2\/pages\/47396","targetHints":{"allow":["GET"]}}],"collection":[{"href":"https:\/\/goias.gov.br\/cultura\/wp-json\/wp\/v2\/pages"}],"about":[{"href":"https:\/\/goias.gov.br\/cultura\/wp-json\/wp\/v2\/types\/page"}],"author":[{"embeddable":true,"href":"https:\/\/goias.gov.br\/cultura\/wp-json\/wp\/v2\/users\/561"}],"replies":[{"embeddable":true,"href":"https:\/\/goias.gov.br\/cultura\/wp-json\/wp\/v2\/comments?post=47396"}],"version-history":[{"count":2,"href":"https:\/\/goias.gov.br\/cultura\/wp-json\/wp\/v2\/pages\/47396\/revisions"}],"predecessor-version":[{"id":315090,"href":"https:\/\/goias.gov.br\/cultura\/wp-json\/wp\/v2\/pages\/47396\/revisions\/315090"}],"up":[{"embeddable":true,"href":"https:\/\/goias.gov.br\/cultura\/wp-json\/wp\/v2\/pages\/45955"}],"wp:attachment":[{"href":"https:\/\/goias.gov.br\/cultura\/wp-json\/wp\/v2\/media?parent=47396"}],"curies":[{"name":"wp","href":"https:\/\/api.w.org\/{rel}","templated":true}]}}