

{"id":47377,"date":"2024-09-17T14:58:39","date_gmt":"2024-09-17T17:58:39","guid":{"rendered":"https:\/\/goias.gov.br\/cultura\/?page_id=47377"},"modified":"2026-02-02T15:05:14","modified_gmt":"2026-02-02T18:05:14","slug":"aplicacao-de-logomarca","status":"publish","type":"page","link":"https:\/\/goias.gov.br\/cultura\/programa-goyazes\/aplicacao-de-logomarca\/","title":{"rendered":"Aplica\u00e7\u00e3o de Logomarca &#8211; Goyazes"},"content":{"rendered":"\t\t<div data-elementor-type=\"wp-page\" data-elementor-id=\"47377\" class=\"elementor elementor-47377\">\n\t\t\t\t<div class=\"elementor-element elementor-element-0de535c e-flex e-con-boxed e-con e-parent\" data-id=\"0de535c\" data-element_type=\"container\" data-e-type=\"container\">\n\t\t\t\t\t<div class=\"e-con-inner\">\n\t\t\t\t<div class=\"elementor-element elementor-element-f2e3411 elementor-widget elementor-widget-text-editor\" data-id=\"f2e3411\" data-element_type=\"widget\" data-e-type=\"widget\" data-widget_type=\"text-editor.default\">\n\t\t\t\t<div class=\"elementor-widget-container\">\n\t\t\t\t\t\t\t\t\t<p>A aplica\u00e7\u00e3o de logotipos oficiais do Governo do Estado de Goi\u00e1s e do Programa Goyazes, fazem-se obrigat\u00f3rias em todo material de divulga\u00e7\u00e3o e promo\u00e7\u00e3o dos processos incentivados, bem como nos produtos culturais oriundos da execu\u00e7\u00e3o de projetos beneficiados conforme dita o Art. 69 da Instru\u00e7\u00e3o Normativa n\u00ba 005\/2016.<\/p><p><a href=\"https:\/\/drive.google.com\/drive\/folders\/1lzhpyOa0RifCCBV43BTT5xSjsBceavv8?usp=sharing\" target=\"_blank\" rel=\"noopener\"><strong class=\"\">Logotipos Secretaria de Estado da Cultura &#8211; SECULT GOI\u00c1S<\/strong><\/a><\/p><div class=\"wp-block-buttons\"><div class=\"wp-block-button\"><p><strong>Secult -&gt;\u00a0uso em documentos, sites e impressos:<\/strong><\/p><p><a href=\"http:\/\/goias.gov.br\/cultura\/wp-content\/uploads\/sites\/25\/2020\/01\/SECULT_Horizontal_positivo-701.png\">Logomarca horizontal positiva<\/a><br \/><a href=\"http:\/\/goias.gov.br\/cultura\/wp-content\/uploads\/sites\/25\/2020\/01\/SECULT_Horizontal_negativototal-4c0.png\">Logomarca horizontal negativa<\/a><br \/><a href=\"https:\/\/goias.gov.br\/cultura\/wp-content\/uploads\/sites\/25\/2024\/03\/Logomarca-Vertical-GOIAS_Secult-positiva.png\">Logomarca completa vertical \u2013 positiva<\/a><br \/><a href=\"https:\/\/goias.gov.br\/cultura\/wp-content\/uploads\/sites\/25\/2024\/03\/Logomarca-Vertical-GOIAS_Secult-negativa.png\">Logomarca completa vertical \u2013 negativa<\/a><\/p><p><strong>Secult -&gt;\u00a0uso exclusivo\u00a0para redes sociais:<\/strong><\/p><p><a href=\"http:\/\/goias.gov.br\/cultura\/wp-content\/uploads\/sites\/25\/2020\/01\/SECULT_Abreviada_positivo-923.png\">Logomarca abreviada positiva<\/a><br \/><a href=\"http:\/\/goias.gov.br\/cultura\/wp-content\/uploads\/sites\/25\/2020\/01\/SECULT_Abreviada_negativototal-f5a.png\">Logomarca abreviada negativa<\/a><br \/><a href=\"https:\/\/goias.gov.br\/cultura\/wp-content\/uploads\/sites\/25\/2024\/03\/Logomarca-Vertical-Abreviada-Secult-positiva.png\">Logomarca abreviada vertical \u2013 positiva<\/a><br \/><a href=\"https:\/\/goias.gov.br\/cultura\/wp-content\/uploads\/sites\/25\/2024\/03\/Logomarca-Vertical-Abreviada-Secult-negativa.png\">Logomarca abreviada vertical \u2013 negativa<\/a><\/p><\/div><\/div><div class=\"wp-block-buttons\"><div>\u00a0<\/div><\/div><div class=\"wp-block-buttons\"><div class=\"wp-block-button\"><a href=\"https:\/\/goias.gov.br\/cultura\/wp-content\/uploads\/sites\/25\/2026\/02\/Manual-de-Comunicacao-do-Programa-Goyazes-2026_v2.pdf\"><strong>Manual de Comunicac\u0327a\u0303o da Goyazes<\/strong><\/a><\/div><\/div>\t\t\t\t\t\t\t\t<\/div>\n\t\t\t\t<\/div>\n\t\t\t\t\t<\/div>\n\t\t\t\t<\/div>\n\t\t\t\t<\/div>\n\t\t","protected":false},"excerpt":{"rendered":"<p>A aplica\u00e7\u00e3o de logotipos oficiais do Governo do Estado de Goi\u00e1s e do Programa Goyazes, fazem-se obrigat\u00f3rias em todo material de divulga\u00e7\u00e3o e promo\u00e7\u00e3o dos processos incentivados, bem como nos produtos culturais oriundos da execu\u00e7\u00e3o de projetos beneficiados conforme dita o Art. 69 da Instru\u00e7\u00e3o Normativa n\u00ba 005\/2016. Logotipos Secretaria de Estado da Cultura &#8211; [&hellip;]<\/p>\n","protected":false},"author":561,"featured_media":0,"parent":45955,"menu_order":0,"comment_status":"closed","ping_status":"closed","template":"","meta":{"footnotes":""},"class_list":["post-47377","page","type-page","status-publish","hentry"],"rttpg_featured_image_url":null,"rttpg_author":{"display_name":"denisebastos","author_link":"https:\/\/goias.gov.br\/cultura\/author\/denisebastos\/"},"rttpg_comment":0,"rttpg_category":null,"rttpg_excerpt":"A aplica\u00e7\u00e3o de logotipos oficiais do Governo do Estado de Goi\u00e1s e do Programa Goyazes, fazem-se obrigat\u00f3rias em todo material de divulga\u00e7\u00e3o e promo\u00e7\u00e3o dos processos incentivados, bem como nos produtos culturais oriundos da execu\u00e7\u00e3o de projetos beneficiados conforme dita o Art. 69 da Instru\u00e7\u00e3o Normativa n\u00ba 005\/2016. Logotipos Secretaria de Estado da Cultura &#8211;&hellip;","_links":{"self":[{"href":"https:\/\/goias.gov.br\/cultura\/wp-json\/wp\/v2\/pages\/47377","targetHints":{"allow":["GET"]}}],"collection":[{"href":"https:\/\/goias.gov.br\/cultura\/wp-json\/wp\/v2\/pages"}],"about":[{"href":"https:\/\/goias.gov.br\/cultura\/wp-json\/wp\/v2\/types\/page"}],"author":[{"embeddable":true,"href":"https:\/\/goias.gov.br\/cultura\/wp-json\/wp\/v2\/users\/561"}],"replies":[{"embeddable":true,"href":"https:\/\/goias.gov.br\/cultura\/wp-json\/wp\/v2\/comments?post=47377"}],"version-history":[{"count":2,"href":"https:\/\/goias.gov.br\/cultura\/wp-json\/wp\/v2\/pages\/47377\/revisions"}],"predecessor-version":[{"id":317733,"href":"https:\/\/goias.gov.br\/cultura\/wp-json\/wp\/v2\/pages\/47377\/revisions\/317733"}],"up":[{"embeddable":true,"href":"https:\/\/goias.gov.br\/cultura\/wp-json\/wp\/v2\/pages\/45955"}],"wp:attachment":[{"href":"https:\/\/goias.gov.br\/cultura\/wp-json\/wp\/v2\/media?parent=47377"}],"curies":[{"name":"wp","href":"https:\/\/api.w.org\/{rel}","templated":true}]}}