

{"id":45398,"date":"2024-09-16T15:05:33","date_gmt":"2024-09-16T18:05:33","guid":{"rendered":"https:\/\/goias.gov.br\/cultura\/?page_id=45398"},"modified":"2025-12-01T11:21:24","modified_gmt":"2025-12-01T14:21:24","slug":"a-lei","status":"publish","type":"page","link":"https:\/\/goias.gov.br\/cultura\/lei-paulo-gustavo\/a-lei\/","title":{"rendered":"A Lei &#8211; LPG"},"content":{"rendered":"\t\t<div data-elementor-type=\"wp-page\" data-elementor-id=\"45398\" class=\"elementor elementor-45398\">\n\t\t\t\t<div class=\"elementor-element elementor-element-113eaec e-flex e-con-boxed e-con e-parent\" data-id=\"113eaec\" data-element_type=\"container\" data-e-type=\"container\">\n\t\t\t\t\t<div class=\"e-con-inner\">\n\t\t\t\t<div class=\"elementor-element elementor-element-a77e3ca elementor-widget elementor-widget-n-accordion\" data-id=\"a77e3ca\" data-element_type=\"widget\" data-e-type=\"widget\" data-settings=\"{&quot;default_state&quot;:&quot;expanded&quot;,&quot;max_items_expended&quot;:&quot;one&quot;,&quot;n_accordion_animation_duration&quot;:{&quot;unit&quot;:&quot;ms&quot;,&quot;size&quot;:400,&quot;sizes&quot;:[]}}\" data-widget_type=\"nested-accordion.default\">\n\t\t\t\t<div class=\"elementor-widget-container\">\n\t\t\t\t\t\t\t<div class=\"e-n-accordion\" aria-label=\"Accordion. Open links with Enter or Space, close with Escape, and navigate with Arrow Keys\">\n\t\t\t\t\t\t<details id=\"e-n-accordion-item-1750\" class=\"e-n-accordion-item\" open>\n\t\t\t\t<summary class=\"e-n-accordion-item-title\" data-accordion-index=\"1\" tabindex=\"0\" aria-expanded=\"true\" aria-controls=\"e-n-accordion-item-1750\" >\n\t\t\t\t\t<span class='e-n-accordion-item-title-header'><div class=\"e-n-accordion-item-title-text\"> Conhe\u00e7a a Lei <\/div><\/span>\n\t\t\t\t\t\t\t<span class='e-n-accordion-item-title-icon'>\n\t\t\t<span class='e-opened' ><svg aria-hidden=\"true\" class=\"e-font-icon-svg e-fas-minus\" viewBox=\"0 0 448 512\" xmlns=\"http:\/\/www.w3.org\/2000\/svg\"><path d=\"M416 208H32c-17.67 0-32 14.33-32 32v32c0 17.67 14.33 32 32 32h384c17.67 0 32-14.33 32-32v-32c0-17.67-14.33-32-32-32z\"><\/path><\/svg><\/span>\n\t\t\t<span class='e-closed'><svg aria-hidden=\"true\" class=\"e-font-icon-svg e-fas-plus\" viewBox=\"0 0 448 512\" xmlns=\"http:\/\/www.w3.org\/2000\/svg\"><path d=\"M416 208H272V64c0-17.67-14.33-32-32-32h-32c-17.67 0-32 14.33-32 32v144H32c-17.67 0-32 14.33-32 32v32c0 17.67 14.33 32 32 32h144v144c0 17.67 14.33 32 32 32h32c17.67 0 32-14.33 32-32V304h144c17.67 0 32-14.33 32-32v-32c0-17.67-14.33-32-32-32z\"><\/path><\/svg><\/span>\n\t\t<\/span>\n\n\t\t\t\t\t\t<\/summary>\n\t\t\t\t<div role=\"region\" aria-labelledby=\"e-n-accordion-item-1750\" class=\"elementor-element elementor-element-2155612 e-con-full e-flex e-con e-child\" data-id=\"2155612\" data-element_type=\"container\" data-e-type=\"container\">\n\t\t<div role=\"region\" aria-labelledby=\"e-n-accordion-item-1750\" class=\"elementor-element elementor-element-4c97419 e-flex e-con-boxed e-con e-child\" data-id=\"4c97419\" data-element_type=\"container\" data-e-type=\"container\">\n\t\t\t\t\t<div class=\"e-con-inner\">\n\t\t\t\t<div class=\"elementor-element elementor-element-dec01b6 elementor-widget elementor-widget-text-editor\" data-id=\"dec01b6\" data-element_type=\"widget\" data-e-type=\"widget\" data-widget_type=\"text-editor.default\">\n\t\t\t\t<div class=\"elementor-widget-container\">\n\t\t\t\t\t\t\t\t\t<p><strong>O que \u00e9 a Lei Paulo Gustavo (LPG)?<\/strong><\/p><p>\u00c9 a Lei Complementar n\u00b0 195, de 2022, criada para incentivar a cultura e garantir a\u00e7\u00f5es emergenciais, em especial demandadas pelas consequ\u00eancias do per\u00edodo pand\u00eamico, que impactou significativamente o setor nos \u00faltimos dois anos. A popularmente conhecida como Lei Paulo Gustavo direciona R$ 3,86 bilh\u00f5es do super\u00e1vit financeiro do Fundo Nacional de Cultura (FNC) a Estados, Munic\u00edpios e o Distrito Federal para fomento de atividades e produtos culturais.<\/p><p>\u00a0<\/p><p><strong>Quanto deste recurso Goi\u00e1s deve receber?<\/strong><\/p><p>O Estado de Goi\u00e1s dever\u00e1 receber R$ 129 milh\u00f5es oriundos da Lei Paulo Gustavo para fomentar suas atividades culturais e art\u00edsticas. Do total previsto para Goi\u00e1s, R$ 66 milh\u00f5es devem ser destinados ao Estado e o restante aos munic\u00edpios.<\/p><p>\u00a0<\/p><p><strong>Quem n\u00e3o pode receber pela Lei Paulo Gustavo?<\/strong><\/p><p>N\u00e3o poder\u00e1 ser efetuado repasse da LPG a benefici\u00e1rios que usufruam de quaisquer a\u00e7\u00f5es emergenciais da LEI ALDIR BLANC caso a previs\u00e3o de repasses da LPG implique duplicidade de ajuda financeira nos mesmos meses de compet\u00eancia.<\/p>\t\t\t\t\t\t\t\t<\/div>\n\t\t\t\t<\/div>\n\t\t\t\t\t<\/div>\n\t\t\t\t<\/div>\n\t\t\t\t<\/div>\n\t\t\t\t\t<\/details>\n\t\t\t\t\t\t<details id=\"e-n-accordion-item-1751\" class=\"e-n-accordion-item\" >\n\t\t\t\t<summary class=\"e-n-accordion-item-title\" data-accordion-index=\"2\" tabindex=\"-1\" aria-expanded=\"false\" aria-controls=\"e-n-accordion-item-1751\" >\n\t\t\t\t\t<span class='e-n-accordion-item-title-header'><div class=\"e-n-accordion-item-title-text\"> Como funciona a Lei Paulo Gustavo? <\/div><\/span>\n\t\t\t\t\t\t\t<span class='e-n-accordion-item-title-icon'>\n\t\t\t<span class='e-opened' ><svg aria-hidden=\"true\" class=\"e-font-icon-svg e-fas-minus\" viewBox=\"0 0 448 512\" xmlns=\"http:\/\/www.w3.org\/2000\/svg\"><path d=\"M416 208H32c-17.67 0-32 14.33-32 32v32c0 17.67 14.33 32 32 32h384c17.67 0 32-14.33 32-32v-32c0-17.67-14.33-32-32-32z\"><\/path><\/svg><\/span>\n\t\t\t<span class='e-closed'><svg aria-hidden=\"true\" class=\"e-font-icon-svg e-fas-plus\" viewBox=\"0 0 448 512\" xmlns=\"http:\/\/www.w3.org\/2000\/svg\"><path d=\"M416 208H272V64c0-17.67-14.33-32-32-32h-32c-17.67 0-32 14.33-32 32v144H32c-17.67 0-32 14.33-32 32v32c0 17.67 14.33 32 32 32h144v144c0 17.67 14.33 32 32 32h32c17.67 0 32-14.33 32-32V304h144c17.67 0 32-14.33 32-32v-32c0-17.67-14.33-32-32-32z\"><\/path><\/svg><\/span>\n\t\t<\/span>\n\n\t\t\t\t\t\t<\/summary>\n\t\t\t\t<div role=\"region\" aria-labelledby=\"e-n-accordion-item-1751\" class=\"elementor-element elementor-element-2846797 e-con-full e-flex e-con e-child\" data-id=\"2846797\" data-element_type=\"container\" data-e-type=\"container\">\n\t\t<div role=\"region\" aria-labelledby=\"e-n-accordion-item-1751\" class=\"elementor-element elementor-element-7129270 e-flex e-con-boxed e-con e-child\" data-id=\"7129270\" data-element_type=\"container\" data-e-type=\"container\">\n\t\t\t\t\t<div class=\"e-con-inner\">\n\t\t\t\t<div class=\"elementor-element elementor-element-37ad76d elementor-widget elementor-widget-text-editor\" data-id=\"37ad76d\" data-element_type=\"widget\" data-e-type=\"widget\" data-widget_type=\"text-editor.default\">\n\t\t\t\t<div class=\"elementor-widget-container\">\n\t\t\t\t\t\t\t\t\t<p>Os recursos ser\u00e3o divididos entre a\u00e7\u00f5es relacionadas ao audiovisual e para as demais manifesta\u00e7\u00f5es culturais.<\/p><p>O artigo 5\u00ba detalha que R$ 2.797.000.000,00 dever\u00e3o ser destinados exclusivamente a a\u00e7\u00f5es no setor audiovisual, da seguinte forma:\u00a0<\/p><p>I \u2013 R$ 1.957.000.000,00 para a\u00e7\u00f5es de apoio a produ\u00e7\u00f5es audiovisuais, de forma exclusiva ou em complemento a outras formas de\u00a0financiamento, inclusive aquelas com origem em recursos p\u00fablicos ou financiamento estrangeiro;\u00a0<\/p><p>II \u2013 R$ 447.500.000,00 para as a\u00e7\u00f5es de apoio a reformas, a\u00a0restauros, a manuten\u00e7\u00e3o e a funcionamento de salas de cinema, inclu\u00edda a\u00a0adequa\u00e7\u00e3o a protocolos sanit\u00e1rios relativos \u00e0 pandemia da covid-19, sejam elas\u00a0p\u00fablicas ou privadas, bem como de cinemas de rua e de cinemas itinerantes;\u00a0<\/p><p>III \u2013 R$ 224.700.000,00 para as a\u00e7\u00f5es de capacita\u00e7\u00e3o,\u00a0forma\u00e7\u00e3o e qualifica\u00e7\u00e3o no audiovisual, apoio a cineclubes e \u00e0 realiza\u00e7\u00e3o de\u00a0festivais e mostras de produ\u00e7\u00f5es audiovisuais, preferencialmente por meio\u00a0digital, bem como realiza\u00e7\u00e3o de rodadas de neg\u00f3cios para o setor audiovisual e\u00a0para a mem\u00f3ria, a preserva\u00e7\u00e3o e a digitaliza\u00e7\u00e3o de obras ou acervos<br \/>audiovisuais, ou ainda apoio a observat\u00f3rios, a publica\u00e7\u00f5es especializadas e a\u00a0pesquisas sobre audiovisual e ao desenvolvimento de cidades de loca\u00e7\u00e3o;\u00a0<\/p><p>IV \u2013 R$ 167.800.000,00 para as a\u00e7\u00f5es de apoio \u00e0s\u00a0microempresas e \u00e0s pequenas empresas do setor audiovisual, aos servi\u00e7os\u00a0independentes de v\u00eddeo por demanda cujo cat\u00e1logo de obras seja composto por\u00a0pelo menos 70% de produ\u00e7\u00f5es nacionais, ao licenciamento de produ\u00e7\u00f5es\u00a0audiovisuais nacionais para exibi\u00e7\u00e3o em redes de televis\u00e3o p\u00fablicas e \u00e0<br \/>distribui\u00e7\u00e3o de produ\u00e7\u00f5es audiovisuais nacionais.<\/p><p>\u00a0<\/p><p>J\u00e1 o artigo 8 trata dos recursos que ser\u00e3o distribu\u00eddos \u00e0s\u00a0demais manifesta\u00e7\u00f5es culturais. Ser\u00e3o R$ 1.065.000.000,00 que dever\u00e3o ser\u00a0destinados da seguinte forma:\u00a0<\/p><p>I \u2013 apoio ao desenvolvimento de atividades de economia\u00a0criativa e de economia solid\u00e1ria;\u00a0<\/p><p>II \u2013 apoio, de forma exclusiva ou em complemento a outras formas de financiamento, a agentes, a iniciativas, a cursos ou produ\u00e7\u00f5es ou a\u00a0manifesta\u00e7\u00f5es culturais, inclusive a realiza\u00e7\u00e3o de atividades art\u00edsticas e\u00a0culturais que possam ser transmitidas pela internet ou disponibilizadas por\u00a0meio de redes sociais e outras plataformas digitais e a circula\u00e7\u00e3o de<br \/>atividades art\u00edsticas e culturais j\u00e1 existentes;\u00a0<\/p><p>III \u2013 desenvolvimento de espa\u00e7os art\u00edsticos e culturais, de\u00a0microempreendedores individuais, de microempresas e de pequenas empresas\u00a0culturais, de cooperativas, de institui\u00e7\u00f5es e de organiza\u00e7\u00f5es culturais\u00a0comunit\u00e1rias que tiveram as suas atividades interrompidas por for\u00e7a das medidas\u00a0de isolamento social determinadas para o enfrentamento da pandemia da covid-19.<\/p><p>\u00a0<\/p><p>Os recursos ser\u00e3o assim distribu\u00eddos:\u00a0<\/p><p>a) 50% aos Estados e ao Distrito Federal, dos quais 20% de\u00a0acordo com os crit\u00e9rios de rateio do Fundo de Participa\u00e7\u00e3o dos Estados e do\u00a0Distrito Federal (FPE) e 80% proporcionalmente \u00e0 popula\u00e7\u00e3o;\u00a0<\/p><p>b) 50% aos Munic\u00edpios e ao Distrito Federal, dos quais 20%\u00a0de acordo com os crit\u00e9rios de rateio do Fundo de Participa\u00e7\u00e3o dos Munic\u00edpios\u00a0(FPM) e 80% proporcionalmente \u00e0 popula\u00e7\u00e3o;<\/p><p>\u00a0<\/p><p><b>Aten\u00e7\u00e3o:<\/b>\u00a0Os munic\u00edpios que n\u00e3o conseguirem realizar os\u00a0procedimentos para solicita\u00e7\u00e3o da verba dentro do prazo estabelecido perder\u00e3o\u00a0seus recursos, que ser\u00e3o redistribu\u00eddos pela Uni\u00e3o aos munic\u00edpios que\u00a0conseguiram fazer o procedimento dentro do prazo.<\/p>\t\t\t\t\t\t\t\t<\/div>\n\t\t\t\t<\/div>\n\t\t\t\t\t<\/div>\n\t\t\t\t<\/div>\n\t\t\t\t<\/div>\n\t\t\t\t\t<\/details>\n\t\t\t\t\t\t<details id=\"e-n-accordion-item-1752\" class=\"e-n-accordion-item\" >\n\t\t\t\t<summary class=\"e-n-accordion-item-title\" data-accordion-index=\"3\" tabindex=\"-1\" aria-expanded=\"false\" aria-controls=\"e-n-accordion-item-1752\" >\n\t\t\t\t\t<span class='e-n-accordion-item-title-header'><div class=\"e-n-accordion-item-title-text\"> Contrapartida social <\/div><\/span>\n\t\t\t\t\t\t\t<span class='e-n-accordion-item-title-icon'>\n\t\t\t<span class='e-opened' ><svg aria-hidden=\"true\" class=\"e-font-icon-svg e-fas-minus\" viewBox=\"0 0 448 512\" xmlns=\"http:\/\/www.w3.org\/2000\/svg\"><path d=\"M416 208H32c-17.67 0-32 14.33-32 32v32c0 17.67 14.33 32 32 32h384c17.67 0 32-14.33 32-32v-32c0-17.67-14.33-32-32-32z\"><\/path><\/svg><\/span>\n\t\t\t<span class='e-closed'><svg aria-hidden=\"true\" class=\"e-font-icon-svg e-fas-plus\" viewBox=\"0 0 448 512\" xmlns=\"http:\/\/www.w3.org\/2000\/svg\"><path d=\"M416 208H272V64c0-17.67-14.33-32-32-32h-32c-17.67 0-32 14.33-32 32v144H32c-17.67 0-32 14.33-32 32v32c0 17.67 14.33 32 32 32h144v144c0 17.67 14.33 32 32 32h32c17.67 0 32-14.33 32-32V304h144c17.67 0 32-14.33 32-32v-32c0-17.67-14.33-32-32-32z\"><\/path><\/svg><\/span>\n\t\t<\/span>\n\n\t\t\t\t\t\t<\/summary>\n\t\t\t\t<div role=\"region\" aria-labelledby=\"e-n-accordion-item-1752\" class=\"elementor-element elementor-element-e863c15 e-con-full e-flex e-con e-child\" data-id=\"e863c15\" data-element_type=\"container\" data-e-type=\"container\">\n\t\t<div role=\"region\" aria-labelledby=\"e-n-accordion-item-1752\" class=\"elementor-element elementor-element-a59d80f e-flex e-con-boxed e-con e-child\" data-id=\"a59d80f\" data-element_type=\"container\" data-e-type=\"container\">\n\t\t\t\t\t<div class=\"e-con-inner\">\n\t\t\t\t<div class=\"elementor-element elementor-element-ae24a3c elementor-widget elementor-widget-text-editor\" data-id=\"ae24a3c\" data-element_type=\"widget\" data-e-type=\"widget\" data-widget_type=\"text-editor.default\">\n\t\t\t\t<div class=\"elementor-widget-container\">\n\t\t\t\t\t\t\t\t\t<p>Os benefici\u00e1rios da LPG devem apresentar contrapartida\u00a0social, a ser pactuada com o ente federativo, assim como o seu prazo de\u00a0execu\u00e7\u00e3o.\u00a0 A contrapartida deve ser\u00a0gratuita e assegurar acessibilidade aos grupos com restri\u00e7\u00f5es, bem como o\u00a0direcionamento para a rede de ensino local.<\/p><p>Em caso de salas de cinemas, como contrapartida, estar\u00e3o\u00a0obrigadas a exibir obras nacionais em um n\u00famero de dias 10% superior ao\u00a0estabelecido pelo Decreto n\u00ba 10.190, de 24 de dezembro de 2019.<\/p><p>Em caso de premia\u00e7\u00f5es\u00a0em reconhecimento a personalidades ou a iniciativas de relev\u00e2ncia no ente\u00a0federativo, a realiza\u00e7\u00e3o da contrapartida N\u00c3O ser\u00e1 obrigat\u00f3ria.<\/p>\t\t\t\t\t\t\t\t<\/div>\n\t\t\t\t<\/div>\n\t\t\t\t\t<\/div>\n\t\t\t\t<\/div>\n\t\t\t\t<\/div>\n\t\t\t\t\t<\/details>\n\t\t\t\t\t<\/div>\n\t\t\t\t\t\t<\/div>\n\t\t\t\t<\/div>\n\t\t\t\t\t<\/div>\n\t\t\t\t<\/div>\n\t\t\t\t<\/div>\n\t\t","protected":false},"excerpt":{"rendered":"<p>Conhe\u00e7a a Lei O que \u00e9 a Lei Paulo Gustavo (LPG)? \u00c9 a Lei Complementar n\u00b0 195, de 2022, criada para incentivar a cultura e garantir a\u00e7\u00f5es emergenciais, em especial demandadas pelas consequ\u00eancias do per\u00edodo pand\u00eamico, que impactou significativamente o setor nos \u00faltimos dois anos. A popularmente conhecida como Lei Paulo Gustavo direciona R$ 3,86 [&hellip;]<\/p>\n","protected":false},"author":561,"featured_media":0,"parent":41398,"menu_order":0,"comment_status":"closed","ping_status":"closed","template":"","meta":{"footnotes":""},"class_list":["post-45398","page","type-page","status-publish","hentry"],"rttpg_featured_image_url":null,"rttpg_author":{"display_name":"denisebastos","author_link":"https:\/\/goias.gov.br\/cultura\/author\/denisebastos\/"},"rttpg_comment":0,"rttpg_category":null,"rttpg_excerpt":"Conhe\u00e7a a Lei O que \u00e9 a Lei Paulo Gustavo (LPG)? \u00c9 a Lei Complementar n\u00b0 195, de 2022, criada para incentivar a cultura e garantir a\u00e7\u00f5es emergenciais, em especial demandadas pelas consequ\u00eancias do per\u00edodo pand\u00eamico, que impactou significativamente o setor nos \u00faltimos dois anos. A popularmente conhecida como Lei Paulo Gustavo direciona R$ 3,86&hellip;","_links":{"self":[{"href":"https:\/\/goias.gov.br\/cultura\/wp-json\/wp\/v2\/pages\/45398","targetHints":{"allow":["GET"]}}],"collection":[{"href":"https:\/\/goias.gov.br\/cultura\/wp-json\/wp\/v2\/pages"}],"about":[{"href":"https:\/\/goias.gov.br\/cultura\/wp-json\/wp\/v2\/types\/page"}],"author":[{"embeddable":true,"href":"https:\/\/goias.gov.br\/cultura\/wp-json\/wp\/v2\/users\/561"}],"replies":[{"embeddable":true,"href":"https:\/\/goias.gov.br\/cultura\/wp-json\/wp\/v2\/comments?post=45398"}],"version-history":[{"count":3,"href":"https:\/\/goias.gov.br\/cultura\/wp-json\/wp\/v2\/pages\/45398\/revisions"}],"predecessor-version":[{"id":288530,"href":"https:\/\/goias.gov.br\/cultura\/wp-json\/wp\/v2\/pages\/45398\/revisions\/288530"}],"up":[{"embeddable":true,"href":"https:\/\/goias.gov.br\/cultura\/wp-json\/wp\/v2\/pages\/41398"}],"wp:attachment":[{"href":"https:\/\/goias.gov.br\/cultura\/wp-json\/wp\/v2\/media?parent=45398"}],"curies":[{"name":"wp","href":"https:\/\/api.w.org\/{rel}","templated":true}]}}