

{"id":41398,"date":"2024-09-05T16:10:59","date_gmt":"2024-09-05T19:10:59","guid":{"rendered":"https:\/\/goias.gov.br\/cultura\/?page_id=41398"},"modified":"2025-12-01T11:18:39","modified_gmt":"2025-12-01T14:18:39","slug":"lei-paulo-gustavo","status":"publish","type":"page","link":"https:\/\/goias.gov.br\/cultura\/lei-paulo-gustavo\/","title":{"rendered":"Lei Paulo Gustavo"},"content":{"rendered":"\t\t<div data-elementor-type=\"wp-page\" data-elementor-id=\"41398\" class=\"elementor elementor-41398\">\n\t\t\t\t<div class=\"elementor-element elementor-element-413e767 e-flex e-con-boxed e-con e-parent\" data-id=\"413e767\" data-element_type=\"container\" data-e-type=\"container\">\n\t\t\t\t\t<div class=\"e-con-inner\">\n\t\t\t\t<div class=\"elementor-element elementor-element-19083a9 elementor-widget elementor-widget-image\" data-id=\"19083a9\" data-element_type=\"widget\" data-e-type=\"widget\" data-widget_type=\"image.default\">\n\t\t\t\t<div class=\"elementor-widget-container\">\n\t\t\t\t\t\t\t\t\t\t\t\t\t\t\t\t<a href=\"https:\/\/leipaulogustavo.cultura.go.gov.br\/editais-em-breve\/\">\n\t\t\t\t\t\t\t<img decoding=\"async\" src=\"https:\/\/goias.gov.br\/cultura\/wp-content\/uploads\/sites\/25\/2024\/09\/01-4-2048x1152.png\" title=\"\" alt=\"\" loading=\"lazy\" \/>\t\t\t\t\t\t\t\t<\/a>\n\t\t\t\t\t\t\t\t\t\t\t\t\t\t\t<\/div>\n\t\t\t\t<\/div>\n\t\t\t\t\t<\/div>\n\t\t\t\t<\/div>\n\t\t<div class=\"elementor-element elementor-element-1d6d7af e-flex e-con-boxed e-con e-parent\" data-id=\"1d6d7af\" data-element_type=\"container\" data-e-type=\"container\">\n\t\t\t\t\t<div class=\"e-con-inner\">\n\t\t<div class=\"elementor-element elementor-element-6604f00 e-con-full e-flex e-con e-child\" data-id=\"6604f00\" data-element_type=\"container\" data-e-type=\"container\">\n\t\t<div class=\"elementor-element elementor-element-e190353 e-con-full e-flex e-con e-child\" data-id=\"e190353\" data-element_type=\"container\" data-e-type=\"container\" data-settings=\"{&quot;background_background&quot;:&quot;classic&quot;}\">\n\t\t\t\t<div class=\"elementor-element elementor-element-a036784 elementor-widget elementor-widget-image\" data-id=\"a036784\" data-element_type=\"widget\" data-e-type=\"widget\" data-widget_type=\"image.default\">\n\t\t\t\t<div class=\"elementor-widget-container\">\n\t\t\t\t\t\t\t\t\t\t\t\t\t\t\t\t<a href=\"https:\/\/goias.gov.br\/cultura\/edital-2025-lei-paulo-gustavo\/\">\n\t\t\t\t\t\t\t<img decoding=\"async\" src=\"https:\/\/goias.gov.br\/cultura\/wp-content\/uploads\/sites\/25\/2024\/09\/1-1-1024x1024-1.png\" title=\"\" alt=\"\" loading=\"lazy\" \/>\t\t\t\t\t\t\t\t<\/a>\n\t\t\t\t\t\t\t\t\t\t\t\t\t\t\t<\/div>\n\t\t\t\t<\/div>\n\t\t\t\t<\/div>\n\t\t\t\t<div class=\"elementor-element elementor-element-43e17e0 elementor-widget elementor-widget-text-editor\" data-id=\"43e17e0\" data-element_type=\"widget\" data-e-type=\"widget\" data-widget_type=\"text-editor.default\">\n\t\t\t\t<div class=\"elementor-widget-container\">\n\t\t\t\t\t\t\t\t\tEDITAL 2025\n\t\t\t\t\t\t\t\t<\/div>\n\t\t\t\t<\/div>\n\t\t\t\t<\/div>\n\t\t<div class=\"elementor-element elementor-element-4cc8995 e-con-full e-flex e-con e-child\" data-id=\"4cc8995\" data-element_type=\"container\" data-e-type=\"container\">\n\t\t<div class=\"elementor-element elementor-element-efdfb9c e-con-full e-flex e-con e-child\" data-id=\"efdfb9c\" data-element_type=\"container\" data-e-type=\"container\" data-settings=\"{&quot;background_background&quot;:&quot;classic&quot;}\">\n\t\t\t\t<div class=\"elementor-element elementor-element-a2513a0 elementor-widget elementor-widget-image\" data-id=\"a2513a0\" data-element_type=\"widget\" data-e-type=\"widget\" data-widget_type=\"image.default\">\n\t\t\t\t<div class=\"elementor-widget-container\">\n\t\t\t\t\t\t\t\t\t\t\t\t\t\t\t\t<a href=\"https:\/\/goias.gov.br\/cultura\/lei-paulo-gustavo\/editais-2023\/\">\n\t\t\t\t\t\t\t<img decoding=\"async\" src=\"https:\/\/goias.gov.br\/cultura\/wp-content\/uploads\/sites\/25\/2024\/09\/1-1-1024x1024-1.png\" title=\"\" alt=\"\" loading=\"lazy\" \/>\t\t\t\t\t\t\t\t<\/a>\n\t\t\t\t\t\t\t\t\t\t\t\t\t\t\t<\/div>\n\t\t\t\t<\/div>\n\t\t\t\t<\/div>\n\t\t\t\t<div class=\"elementor-element elementor-element-f7ed5b7 elementor-widget elementor-widget-text-editor\" data-id=\"f7ed5b7\" data-element_type=\"widget\" data-e-type=\"widget\" data-widget_type=\"text-editor.default\">\n\t\t\t\t<div class=\"elementor-widget-container\">\n\t\t\t\t\t\t\t\t\t<p>EDITAL 2023<\/p>\t\t\t\t\t\t\t\t<\/div>\n\t\t\t\t<\/div>\n\t\t\t\t<\/div>\n\t\t<div class=\"elementor-element elementor-element-203cf0e e-con-full e-flex e-con e-child\" data-id=\"203cf0e\" data-element_type=\"container\" data-e-type=\"container\">\n\t\t<div class=\"elementor-element elementor-element-90bec48 e-con-full e-flex e-con e-child\" data-id=\"90bec48\" data-element_type=\"container\" data-e-type=\"container\" data-settings=\"{&quot;background_background&quot;:&quot;classic&quot;}\">\n\t\t\t\t<div class=\"elementor-element elementor-element-27648b2 elementor-widget elementor-widget-image\" data-id=\"27648b2\" data-element_type=\"widget\" data-e-type=\"widget\" data-widget_type=\"image.default\">\n\t\t\t\t<div class=\"elementor-widget-container\">\n\t\t\t\t\t\t\t\t\t\t\t\t\t\t\t\t<a href=\"https:\/\/goias.gov.br\/cultura\/lei-paulo-gustavo\/aplicacao-da-marca\/\">\n\t\t\t\t\t\t\t<img decoding=\"async\" src=\"https:\/\/goias.gov.br\/cultura\/wp-content\/uploads\/sites\/25\/2024\/09\/2-1024x1024-1.png\" title=\"\" alt=\"\" loading=\"lazy\" \/>\t\t\t\t\t\t\t\t<\/a>\n\t\t\t\t\t\t\t\t\t\t\t\t\t\t\t<\/div>\n\t\t\t\t<\/div>\n\t\t\t\t<\/div>\n\t\t\t\t<div class=\"elementor-element elementor-element-70a0378 elementor-widget elementor-widget-text-editor\" data-id=\"70a0378\" data-element_type=\"widget\" data-e-type=\"widget\" data-widget_type=\"text-editor.default\">\n\t\t\t\t<div class=\"elementor-widget-container\">\n\t\t\t\t\t\t\t\t\tAPLICA\u00c7\u00c3O DA MARCA\t\t\t\t\t\t\t\t<\/div>\n\t\t\t\t<\/div>\n\t\t\t\t<\/div>\n\t\t<div class=\"elementor-element elementor-element-19dc429 e-con-full e-flex e-con e-child\" data-id=\"19dc429\" data-element_type=\"container\" data-e-type=\"container\">\n\t\t<div class=\"elementor-element elementor-element-c39cd55 e-con-full e-flex e-con e-child\" data-id=\"c39cd55\" data-element_type=\"container\" data-e-type=\"container\" data-settings=\"{&quot;background_background&quot;:&quot;classic&quot;}\">\n\t\t\t\t<div class=\"elementor-element elementor-element-50ee971 elementor-widget elementor-widget-image\" data-id=\"50ee971\" data-element_type=\"widget\" data-e-type=\"widget\" data-widget_type=\"image.default\">\n\t\t\t\t<div class=\"elementor-widget-container\">\n\t\t\t\t\t\t\t\t\t\t\t\t\t\t\t\t<a href=\"https:\/\/goias.gov.br\/cultura\/lei-paulo-gustavo\/legislacao\/\">\n\t\t\t\t\t\t\t<img decoding=\"async\" src=\"https:\/\/goias.gov.br\/cultura\/wp-content\/uploads\/sites\/25\/2024\/09\/3-1-1024x1024-1.png\" title=\"\" alt=\"\" loading=\"lazy\" \/>\t\t\t\t\t\t\t\t<\/a>\n\t\t\t\t\t\t\t\t\t\t\t\t\t\t\t<\/div>\n\t\t\t\t<\/div>\n\t\t\t\t<\/div>\n\t\t\t\t<div class=\"elementor-element elementor-element-39309b5 elementor-widget elementor-widget-text-editor\" data-id=\"39309b5\" data-element_type=\"widget\" data-e-type=\"widget\" data-widget_type=\"text-editor.default\">\n\t\t\t\t<div class=\"elementor-widget-container\">\n\t\t\t\t\t\t\t\t\tCONHE\u00c7A A LEGISLA\u00c7\u00c3O\t\t\t\t\t\t\t\t<\/div>\n\t\t\t\t<\/div>\n\t\t\t\t<\/div>\n\t\t<div class=\"elementor-element elementor-element-276b7e9 e-con-full e-flex e-con e-child\" data-id=\"276b7e9\" data-element_type=\"container\" data-e-type=\"container\">\n\t\t<div class=\"elementor-element elementor-element-7b0f28c e-con-full e-flex e-con e-child\" data-id=\"7b0f28c\" data-element_type=\"container\" data-e-type=\"container\" data-settings=\"{&quot;background_background&quot;:&quot;classic&quot;}\">\n\t\t\t\t<div class=\"elementor-element elementor-element-878a07b elementor-widget elementor-widget-image\" data-id=\"878a07b\" data-element_type=\"widget\" data-e-type=\"widget\" data-widget_type=\"image.default\">\n\t\t\t\t<div class=\"elementor-widget-container\">\n\t\t\t\t\t\t\t\t\t\t\t\t\t\t\t\t<a href=\"https:\/\/goias.gov.br\/cultura\/lei-paulo-gustavo\/perguntas-frequentes\/\">\n\t\t\t\t\t\t\t<img decoding=\"async\" src=\"https:\/\/goias.gov.br\/cultura\/wp-content\/uploads\/sites\/25\/2024\/09\/4-1024x1024-1.png\" title=\"\" alt=\"\" loading=\"lazy\" \/>\t\t\t\t\t\t\t\t<\/a>\n\t\t\t\t\t\t\t\t\t\t\t\t\t\t\t<\/div>\n\t\t\t\t<\/div>\n\t\t\t\t<\/div>\n\t\t\t\t<div class=\"elementor-element elementor-element-3acd6b8 elementor-widget elementor-widget-text-editor\" data-id=\"3acd6b8\" data-element_type=\"widget\" data-e-type=\"widget\" data-widget_type=\"text-editor.default\">\n\t\t\t\t<div class=\"elementor-widget-container\">\n\t\t\t\t\t\t\t\t\tPERGUNTAS FREQUENTES\t\t\t\t\t\t\t\t<\/div>\n\t\t\t\t<\/div>\n\t\t\t\t<\/div>\n\t\t\t\t\t<\/div>\n\t\t\t\t<\/div>\n\t\t<div class=\"elementor-element elementor-element-732146c e-flex e-con-boxed e-con e-parent\" data-id=\"732146c\" data-element_type=\"container\" data-e-type=\"container\">\n\t\t\t\t\t<div class=\"e-con-inner\">\n\t\t\t\t<div class=\"elementor-element elementor-element-61e5da7 elementor-widget elementor-widget-heading\" data-id=\"61e5da7\" data-element_type=\"widget\" data-e-type=\"widget\" data-widget_type=\"heading.default\">\n\t\t\t\t<div class=\"elementor-widget-container\">\n\t\t\t\t\t<h2 class=\"elementor-heading-title elementor-size-default\">NOT\u00cdCIAS<\/h2>\t\t\t\t<\/div>\n\t\t\t\t<\/div>\n\t\t\t\t<div class=\"elementor-element elementor-element-5659488 elementor-widget elementor-widget-shortcode\" data-id=\"5659488\" data-element_type=\"widget\" data-e-type=\"widget\" data-widget_type=\"shortcode.default\">\n\t\t\t\t<div class=\"elementor-widget-container\">\n\t\t\t\t\t\t\t<div class=\"elementor-shortcode\"><style type='text\/css' media='all'>#rt-tpg-container-2874842520 .rt-holder .rt-woo-info .price{color:#0367bf;}body .rt-tpg-container .rt-tpg-isotope-buttons .selected,\n\t\t\t\t\t#rt-tpg-container-2874842520 .layout12 .rt-holder:hover .rt-detail,\n\t\t\t\t\t#rt-tpg-container-2874842520 .isotope8 .rt-holder:hover .rt-detail,\n\t\t\t\t\t#rt-tpg-container-2874842520 .carousel8 .rt-holder:hover .rt-detail,\n\t\t\t\t\t#rt-tpg-container-2874842520 .layout13 .rt-holder .overlay .post-info,\n\t\t\t\t\t#rt-tpg-container-2874842520 .isotope9 .rt-holder .overlay .post-info,\n\t\t\t\t\t#rt-tpg-container-2874842520.rt-tpg-container .layout4 .rt-holder .rt-detail,\n\t\t\t\t\t.rt-modal-2874842520 .md-content,\n\t\t\t\t\t.rt-modal-2874842520 .md-content > .rt-md-content-holder .rt-md-content,\n\t\t\t\t\t.rt-popup-wrap-2874842520.rt-popup-wrap .rt-popup-navigation-wrap,\n\t\t\t\t\t#rt-tpg-container-2874842520 .carousel9 .rt-holder .overlay .post-info{background-color:#0367bf;}#rt-tpg-container-2874842520 .layout5 .rt-holder .overlay, #rt-tpg-container-2874842520 .isotope2 .rt-holder .overlay, #rt-tpg-container-2874842520 .carousel2 .rt-holder .overlay,#rt-tpg-container-2874842520 .layout15 .rt-holder h3, #rt-tpg-container-2874842520 .isotope11 .rt-holder h3, #rt-tpg-container-2874842520 .carousel11 .rt-holder h3, #rt-tpg-container-2874842520 .layout16 .rt-holder h3,\n\t\t\t\t\t#rt-tpg-container-2874842520 .isotope12 .rt-holder h3, #rt-tpg-container-2874842520 .carousel12 .rt-holder h3 {background-color:rgba(3,103,191,0.8);}#rt-tpg-container-2874842520 .read-more a{border-radius:px;}#rt-tpg-container-2874842520 .rt-img-holder img.rt-img-responsive,#rt-tpg-container-2874842520 .rt-img-holder,\n\t\t\t\t\t#rt-tpg-container-2874842520 .rt-post-overlay .post-img,\n\t\t\t\t\t#rt-tpg-container-2874842520 .post-sm .post-img,\n\t\t\t\t\t#rt-tpg-container-2874842520 .rt-post-grid .post-img,\n\t\t\t\t\t#rt-tpg-container-2874842520 .post-img img {border-radius:px;}<\/style><div class='rt-container-fluid rt-tpg-container tpg-shortcode-main-wrapper ' id='rt-tpg-container-2874842520'   data-layout='layout1' data-grid-style='even' data-desktop-col='3'  data-tab-col='2'  data-mobile-col='1' data-sc-id='276915'><div data-title='Loading ...' class='rt-row rt-content-loader   layout1 tpg-even '><div class=\"rt-col-md-4 rt-col-sm-6 rt-col-xs-12 even-grid-item rt-grid-item\" data-id=\"328559\"><div class=\"rt-holder\"><div class=\"rt-img-holder\"><a data-id=\"328559\" class=\"\" href=\"https:\/\/goias.gov.br\/cultura\/curta-goiano-ganha-destaque-na-europa-e-disputa-premio-em-festival-italiano\/\"><img fetchpriority=\"high\" decoding=\"async\" width=\"5376\" height=\"3024\" src=\"https:\/\/goias.gov.br\/cultura\/wp-content\/uploads\/sites\/25\/2026\/02\/STILL.00_05_56_16.Still002.jpg\" class=\"rt-img-responsive \" alt=\"\" \/><\/a><\/div><div class='rt-detail'><h3 class=\"entry-title\"><a data-id=\"328559\" class=\"\" href=\"https:\/\/goias.gov.br\/cultura\/curta-goiano-ganha-destaque-na-europa-e-disputa-premio-em-festival-italiano\/\">Curta goiano ganha destaque na Europa e disputa pr\u00eamio em festival italiano<\/a><\/h3><div class='post-meta-user  '><span class='date'><i class='far fa-calendar-alt '><\/i>23 de fevereiro de 2026<\/span><\/div><div class='tpg-excerpt'>&#8220;Casca de Ferida&#8221; chega \u00e0 13\u00aa sele\u00e7\u00e3o oficial e concorre no Grifo Festival, refor\u00e7ando a...<\/div><div class='post-meta '><span class='read-more'><a data-id='328559' class='' href='https:\/\/goias.gov.br\/cultura\/curta-goiano-ganha-destaque-na-europa-e-disputa-premio-em-festival-italiano\/'>Leia Mais...<\/a><\/span><\/div><\/div><\/div><\/div><div class=\"rt-col-md-4 rt-col-sm-6 rt-col-xs-12 even-grid-item rt-grid-item\" data-id=\"298027\"><div class=\"rt-holder\"><div class=\"rt-img-holder\"><a data-id=\"298027\" class=\"\" href=\"https:\/\/goias.gov.br\/cultura\/secult-goias-prorroga-execucao-de-mais-categorias-especificas-da-lei-paulo-gustavo\/\"><img decoding=\"async\" width=\"1170\" height=\"700\" src=\"https:\/\/goias.gov.br\/cultura\/wp-content\/uploads\/sites\/25\/2022\/08\/lei_paulo_gustavo_reproducao-0fa.png\" class=\"rt-img-responsive \" alt=\"\" \/><\/a><\/div><div class='rt-detail'><h3 class=\"entry-title\"><a data-id=\"298027\" class=\"\" href=\"https:\/\/goias.gov.br\/cultura\/secult-goias-prorroga-execucao-de-mais-categorias-especificas-da-lei-paulo-gustavo\/\">Secult Goi\u00e1s prorroga execu\u00e7\u00e3o de mais categorias espec\u00edficas da Lei Paulo Gustavo<\/a><\/h3><div class='post-meta-user  '><span class='date'><i class='far fa-calendar-alt '><\/i>17 de dezembro de 2025<\/span><\/div><div class='tpg-excerpt'>A Secretaria de Estado da Cultura (Secult Goi\u00e1s) informa nova prorroga\u00e7\u00e3o do prazo de execu\u00e7\u00e3o...<\/div><div class='post-meta '><span class='read-more'><a data-id='298027' class='' href='https:\/\/goias.gov.br\/cultura\/secult-goias-prorroga-execucao-de-mais-categorias-especificas-da-lei-paulo-gustavo\/'>Leia Mais...<\/a><\/span><\/div><\/div><\/div><\/div><div class=\"rt-col-md-4 rt-col-sm-6 rt-col-xs-12 even-grid-item rt-grid-item\" data-id=\"295121\"><div class=\"rt-holder\"><div class=\"rt-img-holder\"><a data-id=\"295121\" class=\"\" href=\"https:\/\/goias.gov.br\/cultura\/curta-casca-de-ferida-alcanca-sua-12a-selecao-em-festivais-no-brasil-e-no-exterior\/\"><img decoding=\"async\" width=\"5376\" height=\"3024\" src=\"https:\/\/goias.gov.br\/cultura\/wp-content\/uploads\/sites\/25\/2025\/12\/STILL.00_25_52_16.Still030.jpg\" class=\"rt-img-responsive \" alt=\"\" \/><\/a><\/div><div class='rt-detail'><h3 class=\"entry-title\"><a data-id=\"295121\" class=\"\" href=\"https:\/\/goias.gov.br\/cultura\/curta-casca-de-ferida-alcanca-sua-12a-selecao-em-festivais-no-brasil-e-no-exterior\/\">Curta \u201cCasca de Ferida\u201d alcan\u00e7a sua 12\u00aa sele\u00e7\u00e3o em festivais no Brasil e no exterior<\/a><\/h3><div class='post-meta-user  '><span class='date'><i class='far fa-calendar-alt '><\/i>11 de dezembro de 2025<\/span><\/div><div class='tpg-excerpt'>Filme segue ampliando sua presen\u00e7a no circuito e consolida-se como uma das obras recentes de...<\/div><div class='post-meta '><span class='read-more'><a data-id='295121' class='' href='https:\/\/goias.gov.br\/cultura\/curta-casca-de-ferida-alcanca-sua-12a-selecao-em-festivais-no-brasil-e-no-exterior\/'>Leia Mais...<\/a><\/span><\/div><\/div><\/div><\/div><\/div><\/div><\/div>\n\t\t\t\t\t\t<\/div>\n\t\t\t\t<\/div>\n\t\t\t\t\t<\/div>\n\t\t\t\t<\/div>\n\t\t<div class=\"elementor-element elementor-element-75c6408 e-flex e-con-boxed e-con e-parent\" data-id=\"75c6408\" data-element_type=\"container\" data-e-type=\"container\">\n\t\t\t\t\t<div class=\"e-con-inner\">\n\t\t\t\t<div class=\"elementor-element elementor-element-b0995f4 elementor-widget elementor-widget-text-editor\" data-id=\"b0995f4\" data-element_type=\"widget\" data-e-type=\"widget\" data-widget_type=\"text-editor.default\">\n\t\t\t\t<div class=\"elementor-widget-container\">\n\t\t\t\t\t\t\t\t\t<h2 class=\"has-text-align-center wp-block-post-title\">Fale Conosco<\/h2><p><strong>ENDERE\u00c7O<\/strong><\/p><div><p>Centro Cultural Marietta Telles Machado, Anexo 2, Pra\u00e7a Dr. Pedro Ludovico Teixeira, Setor Central, Goi\u00e2nia \u2013 GO, CEP. 74003010<\/p><\/div><p><strong>E-MAIL<\/strong><\/p><p>informacoeslpg.cultura@goias.gov.br<\/p><p><strong>TELEFONES<\/strong><\/p><div><ul><li>(62) 3201-4666 \u2013 Ger\u00eancia de Fomento ao \u00c1udio Visual e as Salas de Cinema<\/li><li>(62) 3201-4622 \u2013 Ger\u00eancia de Editais de\u00a0Arte\u00a0e\u00a0Cultura<\/li><li>(62) 3201-4658 \u2013 Ger\u00eancia de Planejamento e Monitoramento de Projetos Culturais e Art\u00edsticos<\/li><\/ul><\/div>\t\t\t\t\t\t\t\t<\/div>\n\t\t\t\t<\/div>\n\t\t\t\t\t<\/div>\n\t\t\t\t<\/div>\n\t\t<div class=\"elementor-element elementor-element-8e5df8d e-flex e-con-boxed e-con e-parent\" data-id=\"8e5df8d\" data-element_type=\"container\" data-e-type=\"container\">\n\t\t\t\t\t<div class=\"e-con-inner\">\n\t\t\t\t<div class=\"elementor-element elementor-element-955f989 elementor-widget elementor-widget-html\" data-id=\"955f989\" data-element_type=\"widget\" data-e-type=\"widget\" data-widget_type=\"html.default\">\n\t\t\t\t<div class=\"elementor-widget-container\">\n\t\t\t\t\t<iframe src=\"https:\/\/www.google.com\/maps\/embed?pb=!1m18!1m12!1m3!1d4533.563015554177!2d-49.259120790597954!3d-16.680486687013076!2m3!1f0!2f0!3f0!3m2!1i1024!2i768!4f13.1!3m3!1m2!1s0x935ef1643f8d4173%3A0xf02f0c22a7f2b5f1!2sSecretaria%20de%20Estado%20de%20Cultura%20de%20Goi%C3%A1s%20%7C%20Secult!5e1!3m2!1spt-BR!2sbr!4v1762430177600!5m2!1spt-BR!2sbr\" width=\"600\" height=\"450\" style=\"border:0;\" allowfullscreen=\"\" loading=\"lazy\" referrerpolicy=\"no-referrer-when-downgrade\"><\/iframe>\t\t\t\t<\/div>\n\t\t\t\t<\/div>\n\t\t\t\t\t<\/div>\n\t\t\t\t<\/div>\n\t\t<div class=\"elementor-element elementor-element-7de0be6 e-flex e-con-boxed e-con e-parent\" data-id=\"7de0be6\" data-element_type=\"container\" data-e-type=\"container\">\n\t\t\t\t\t<div class=\"e-con-inner\">\n\t\t<div class=\"elementor-element elementor-element-3533552 e-con-full e-flex e-con e-child\" data-id=\"3533552\" data-element_type=\"container\" data-e-type=\"container\">\n\t\t\t\t<div class=\"elementor-element elementor-element-e0d7955 elementor-widget elementor-widget-text-editor\" data-id=\"e0d7955\" data-element_type=\"widget\" data-e-type=\"widget\" data-widget_type=\"text-editor.default\">\n\t\t\t\t<div class=\"elementor-widget-container\">\n\t\t\t\t\t\t\t\t\t<h2 class=\"wp-block-heading has-background-color has-text-color\">LPG Goi\u00e1s<\/h2><div class=\"wp-block-group is-layout-flow wp-block-group-is-layout-flow\"><ul class=\"wp-block-page-list\"><li class=\"wp-block-pages-list__item\"><a class=\"wp-block-pages-list__item__link\" href=\"https:\/\/goias.gov.br\/cultura\/lei-paulo-gustavo\/a-lei\/\">A Lei<\/a><\/li><li class=\"wp-block-pages-list__item\"><a class=\"wp-block-pages-list__item__link\" href=\"https:\/\/goias.gov.br\/cultura\/lei-paulo-gustavo\/aplicacao-da-marca\/\">Aplica\u00e7\u00e3o da Marca<\/a><\/li><li class=\"wp-block-pages-list__item\"><a class=\"wp-block-pages-list__item__link\" href=\"https:\/\/goias.gov.br\/cultura\/lei-paulo-gustavo\/documentos\/\">Documentos<\/a><\/li><li class=\"wp-block-pages-list__item\"><a class=\"wp-block-pages-list__item__link\" href=\"https:\/\/goias.gov.br\/cultura\/lei-paulo-gustavo\/editais-2023\/\">Editais 2023<\/a><\/li><li class=\"wp-block-pages-list__item\"><a class=\"wp-block-pages-list__item__link\" href=\"https:\/\/goias.gov.br\/cultura\/lei-paulo-gustavo\/\">Fale Conosco<\/a><\/li><li class=\"wp-block-pages-list__item current-menu-item menu-item-home\"><a class=\"wp-block-pages-list__item__link\" href=\"https:\/\/goias.gov.br\/cultura\/lei-paulo-gustavo\/\" aria-current=\"page\">Home<\/a><\/li><li class=\"wp-block-pages-list__item\"><a class=\"wp-block-pages-list__item__link\" href=\"https:\/\/goias.gov.br\/cultura\/lei-paulo-gustavo\/legislacao\/\">Legisla\u00e7\u00e3o<\/a><\/li><li class=\"wp-block-pages-list__item\"><a class=\"wp-block-pages-list__item__link\" href=\"https:\/\/goias.gov.br\/cultura\/lei-paulo-gustavo\/links-importantes\/\">Links Importantes<\/a><\/li><li class=\"wp-block-pages-list__item\"><a class=\"wp-block-pages-list__item__link\" href=\"https:\/\/goias.gov.br\/cultura\/lei-paulo-gustavo\/noticias\/\">Not\u00edcias<\/a><\/li><li class=\"wp-block-pages-list__item\"><a class=\"wp-block-pages-list__item__link\" href=\"https:\/\/goias.gov.br\/cultura\/lei-paulo-gustavo\/perguntas-frequentes\/\">Perguntas Frequentes<\/a><\/li><li class=\"wp-block-pages-list__item\"><a class=\"wp-block-pages-list__item__link\" href=\"https:\/\/leipaulogustavo.cultura.go.gov.br\/politica-de-privacidade\/\">Pol\u00edtica de privacidade<\/a><\/li><li class=\"wp-block-pages-list__item\"><a class=\"wp-block-pages-list__item__link\" href=\"https:\/\/goias.gov.br\/cultura\/lei-paulo-gustavo\/transparencia\/\">Transpar\u00eancia<\/a><\/li><\/ul><\/div>\t\t\t\t\t\t\t\t<\/div>\n\t\t\t\t<\/div>\n\t\t\t\t<\/div>\n\t\t<div class=\"elementor-element elementor-element-8a3868b e-con-full e-flex e-con e-child\" data-id=\"8a3868b\" data-element_type=\"container\" data-e-type=\"container\">\n\t\t\t\t<div class=\"elementor-element elementor-element-daf2f36 elementor-widget elementor-widget-text-editor\" data-id=\"daf2f36\" data-element_type=\"widget\" data-e-type=\"widget\" data-widget_type=\"text-editor.default\">\n\t\t\t\t<div class=\"elementor-widget-container\">\n\t\t\t\t\t\t\t\t\t<h2 class=\"wp-block-heading has-background-color has-text-color\">Links Importantes<\/h2><ul class=\"wp-block-list\"><li class=\"gutenify-section-443eea20-0451-11ee-8f66-976efd0e821b\"><a href=\"https:\/\/www.cultura.go.gov.br\/\" data-type=\"link\" data-id=\"https:\/\/www.cultura.go.gov.br\/\">Secult \u2013 Goi\u00e1s<\/a><\/li><li class=\"gutenify-section-443f1130-0451-11ee-8f66-976efd0e821b\"><a href=\"http:\/\/portalsnc.cultura.gov.br\/auxilio-cultura\/lei-paulo-gustavo\/\" data-type=\"link\" data-id=\"http:\/\/portalsnc.cultura.gov.br\/auxilio-cultura\/lei-paulo-gustavo\/\">Sistema Nacional de Cultura \u2013 SNC<\/a><\/li><li class=\"gutenify-section-443f1131-0451-11ee-8f66-976efd0e821b\"><a href=\"https:\/\/www.gov.br\/cultura\/pt-br\/assuntos\/lei-paulo-gustavo\" data-type=\"link\" data-id=\"https:\/\/www.gov.br\/cultura\/pt-br\/assuntos\/lei-paulo-gustavo\">Lei Paulo Gustavo \u2013 Minist\u00e9rio da Cultura<\/a><\/li><li class=\"gutenify-section-443f1131-0451-11ee-8f66-976efd0e821b\"><a href=\"https:\/\/mapagoiano.cultura.go.gov.br\/\" data-type=\"link\" data-id=\"https:\/\/mapagoiano.cultura.go.gov.br\/\">Mapa Goiano<\/a><\/li><\/ul>\t\t\t\t\t\t\t\t<\/div>\n\t\t\t\t<\/div>\n\t\t\t\t<\/div>\n\t\t\t\t\t<\/div>\n\t\t\t\t<\/div>\n\t\t\t\t<\/div>\n\t\t","protected":false},"excerpt":{"rendered":"<p>EDITAL 2025 EDITAL 2023 APLICA\u00c7\u00c3O DA MARCA CONHE\u00c7A A LEGISLA\u00c7\u00c3O PERGUNTAS FREQUENTES NOT\u00cdCIAS Fale Conosco ENDERE\u00c7O Centro Cultural Marietta Telles Machado, Anexo 2, Pra\u00e7a Dr. Pedro Ludovico Teixeira, Setor Central, Goi\u00e2nia \u2013 GO, CEP. 74003010 E-MAIL informacoeslpg.cultura@goias.gov.br TELEFONES (62) 3201-4666 \u2013 Ger\u00eancia de Fomento ao \u00c1udio Visual e as Salas de Cinema (62) 3201-4622 \u2013 [&hellip;]<\/p>\n","protected":false},"author":561,"featured_media":0,"parent":0,"menu_order":0,"comment_status":"closed","ping_status":"closed","template":"","meta":{"footnotes":""},"class_list":["post-41398","page","type-page","status-publish","hentry"],"rttpg_featured_image_url":null,"rttpg_author":{"display_name":"denisebastos","author_link":"https:\/\/goias.gov.br\/cultura\/author\/denisebastos\/"},"rttpg_comment":0,"rttpg_category":"","rttpg_excerpt":"EDITAL 2025 EDITAL 2023 APLICA\u00c7\u00c3O DA MARCA CONHE\u00c7A A LEGISLA\u00c7\u00c3O PERGUNTAS FREQUENTES NOT\u00cdCIAS Fale Conosco ENDERE\u00c7O Centro Cultural Marietta Telles Machado, Anexo 2, Pra\u00e7a Dr. Pedro Ludovico Teixeira, Setor Central, Goi\u00e2nia \u2013 GO, CEP. 74003010 E-MAIL informacoeslpg.cultura@goias.gov.br TELEFONES (62) 3201-4666 \u2013 Ger\u00eancia de Fomento ao \u00c1udio Visual e as Salas de Cinema (62) 3201-4622 \u2013&hellip;","_links":{"self":[{"href":"https:\/\/goias.gov.br\/cultura\/wp-json\/wp\/v2\/pages\/41398","targetHints":{"allow":["GET"]}}],"collection":[{"href":"https:\/\/goias.gov.br\/cultura\/wp-json\/wp\/v2\/pages"}],"about":[{"href":"https:\/\/goias.gov.br\/cultura\/wp-json\/wp\/v2\/types\/page"}],"author":[{"embeddable":true,"href":"https:\/\/goias.gov.br\/cultura\/wp-json\/wp\/v2\/users\/561"}],"replies":[{"embeddable":true,"href":"https:\/\/goias.gov.br\/cultura\/wp-json\/wp\/v2\/comments?post=41398"}],"version-history":[{"count":3,"href":"https:\/\/goias.gov.br\/cultura\/wp-json\/wp\/v2\/pages\/41398\/revisions"}],"predecessor-version":[{"id":288495,"href":"https:\/\/goias.gov.br\/cultura\/wp-json\/wp\/v2\/pages\/41398\/revisions\/288495"}],"wp:attachment":[{"href":"https:\/\/goias.gov.br\/cultura\/wp-json\/wp\/v2\/media?parent=41398"}],"curies":[{"name":"wp","href":"https:\/\/api.w.org\/{rel}","templated":true}]}}