

{"id":303,"date":"2024-03-14T08:28:43","date_gmt":"2024-03-14T11:28:43","guid":{"rendered":"https:\/\/semanasantaemgoias.cultura.go.gov.br\/?page_id=303"},"modified":"2025-12-02T09:58:41","modified_gmt":"2025-12-02T12:58:41","slug":"procissao-e-domingo-de-ramos","status":"publish","type":"page","link":"https:\/\/goias.gov.br\/cultura\/semana-santa-em-goias\/procissoes\/procissao-e-domingo-de-ramos\/","title":{"rendered":"Prociss\u00e3o e Domingo de Ramos"},"content":{"rendered":"\t\t<div data-elementor-type=\"wp-page\" data-elementor-id=\"303\" class=\"elementor elementor-303\">\n\t\t\t\t<div class=\"elementor-element elementor-element-b189c6e e-flex e-con-boxed e-con e-parent\" data-id=\"b189c6e\" data-element_type=\"container\" data-e-type=\"container\">\n\t\t\t\t\t<div class=\"e-con-inner\">\n\t\t\t\t<div class=\"elementor-element elementor-element-90a3360 elementor-widget elementor-widget-image\" data-id=\"90a3360\" data-element_type=\"widget\" data-e-type=\"widget\" data-widget_type=\"image.default\">\n\t\t\t\t<div class=\"elementor-widget-container\">\n\t\t\t\t\t\t\t\t\t\t\t\t\t\t\t<img decoding=\"async\" src=\"https:\/\/goias.gov.br\/cultura\/wp-content\/uploads\/sites\/25\/2024\/09\/banner-ranos.jpg\" title=\"\" alt=\"\" loading=\"lazy\" \/>\t\t\t\t\t\t\t\t\t\t\t\t\t\t\t<\/div>\n\t\t\t\t<\/div>\n\t\t\t\t<div class=\"elementor-element elementor-element-234fc20 elementor-widget elementor-widget-text-editor\" data-id=\"234fc20\" data-element_type=\"widget\" data-e-type=\"widget\" data-widget_type=\"text-editor.default\">\n\t\t\t\t<div class=\"elementor-widget-container\">\n\t\t\t\t\t\t\t\t\t<p>O Domingo de Ramos d\u00e1 in\u00edcio \u00e0s celebra\u00e7\u00f5es da Semana Santa, uma semana antes da P\u00e1scoa. Nele, se celebra a entrada de Jesus em Jerusal\u00e9m como rei de Israel. Na tradi\u00e7\u00e3o, os devotos carregam ramos de oliveiras ou salgueiros, sendo que em localidades onde \u00e9 dif\u00edcil consegui-las, os fi\u00e9is coletam ramos de diversas \u00e1rvores.\u00a0<\/p>\n<p>Neste dia, s\u00e3o realizadas diversas missas e prociss\u00f5es. Na cidade de Goi\u00e1s, a sa\u00edda do cortejo \u00e9 na Cruz do Anhanguera rumo ao Santu\u00e1rio Nossa Senhora do Ros\u00e1rio, onde \u00e9 celebrada a primeira missa, seguida de prociss\u00e3o at\u00e9 a Catedral de Sant\u2019Ana. Durante todo o dia at\u00e9 o in\u00edcio da noite, s\u00e3o realizadas outras missas nas igrejas vilaboenses seguidas de prociss\u00e3o.\u00a0<\/p>\n<p>Parte do folclore local e j\u00e1 inserido na cultura popular vilaboense, muitos devotos guardam os ramos bentos da prociss\u00e3o como sinal de prote\u00e7\u00e3o para a casa e para a fam\u00edlia. Outro costume \u00e9 queim\u00e1-los pedindo prote\u00e7\u00e3o quando acontecem tempestades e ventanias.<\/p>\t\t\t\t\t\t\t\t<\/div>\n\t\t\t\t<\/div>\n\t\t\t\t\t<\/div>\n\t\t\t\t<\/div>\n\t\t\t\t<\/div>\n\t\t","protected":false},"excerpt":{"rendered":"<p>O Domingo de Ramos d\u00e1 in\u00edcio \u00e0s celebra\u00e7\u00f5es da Semana Santa, uma semana antes da P\u00e1scoa. Nele, se celebra a entrada de Jesus em Jerusal\u00e9m como rei de Israel. Na tradi\u00e7\u00e3o, os devotos carregam ramos de oliveiras ou salgueiros, sendo que em localidades onde \u00e9 dif\u00edcil consegui-las, os fi\u00e9is coletam ramos de diversas \u00e1rvores.\u00a0 Neste [&hellip;]<\/p>\n","protected":false},"author":532,"featured_media":0,"parent":50283,"menu_order":0,"comment_status":"closed","ping_status":"closed","template":"","meta":{"footnotes":""},"class_list":["post-303","page","type-page","status-publish","hentry"],"rttpg_featured_image_url":null,"rttpg_author":{"display_name":"victorsouza","author_link":"https:\/\/goias.gov.br\/cultura\/author\/victorsouza\/"},"rttpg_comment":0,"rttpg_category":null,"rttpg_excerpt":"O Domingo de Ramos d\u00e1 in\u00edcio \u00e0s celebra\u00e7\u00f5es da Semana Santa, uma semana antes da P\u00e1scoa. Nele, se celebra a entrada de Jesus em Jerusal\u00e9m como rei de Israel. Na tradi\u00e7\u00e3o, os devotos carregam ramos de oliveiras ou salgueiros, sendo que em localidades onde \u00e9 dif\u00edcil consegui-las, os fi\u00e9is coletam ramos de diversas \u00e1rvores.\u00a0 Neste&hellip;","_links":{"self":[{"href":"https:\/\/goias.gov.br\/cultura\/wp-json\/wp\/v2\/pages\/303","targetHints":{"allow":["GET"]}}],"collection":[{"href":"https:\/\/goias.gov.br\/cultura\/wp-json\/wp\/v2\/pages"}],"about":[{"href":"https:\/\/goias.gov.br\/cultura\/wp-json\/wp\/v2\/types\/page"}],"author":[{"embeddable":true,"href":"https:\/\/goias.gov.br\/cultura\/wp-json\/wp\/v2\/users\/532"}],"replies":[{"embeddable":true,"href":"https:\/\/goias.gov.br\/cultura\/wp-json\/wp\/v2\/comments?post=303"}],"version-history":[{"count":2,"href":"https:\/\/goias.gov.br\/cultura\/wp-json\/wp\/v2\/pages\/303\/revisions"}],"predecessor-version":[{"id":291382,"href":"https:\/\/goias.gov.br\/cultura\/wp-json\/wp\/v2\/pages\/303\/revisions\/291382"}],"up":[{"embeddable":true,"href":"https:\/\/goias.gov.br\/cultura\/wp-json\/wp\/v2\/pages\/50283"}],"wp:attachment":[{"href":"https:\/\/goias.gov.br\/cultura\/wp-json\/wp\/v2\/media?parent=303"}],"curies":[{"name":"wp","href":"https:\/\/api.w.org\/{rel}","templated":true}]}}