

{"id":261249,"date":"2025-10-29T10:34:25","date_gmt":"2025-10-29T13:34:25","guid":{"rendered":"https:\/\/goias.gov.br\/cultura\/?page_id=261249"},"modified":"2026-03-12T14:33:53","modified_gmt":"2026-03-12T17:33:53","slug":"cine-ferroviario-pires-do-rio","status":"publish","type":"page","link":"https:\/\/goias.gov.br\/cultura\/museuferroviario\/cine-ferroviario-pires-do-rio\/","title":{"rendered":"Cine Ferrovi\u00e1rio Pires do Rio"},"content":{"rendered":"\t\t<div data-elementor-type=\"wp-page\" data-elementor-id=\"261249\" class=\"elementor elementor-261249\">\n\t\t\t\t<div class=\"elementor-element elementor-element-93648c4 e-flex e-con-boxed e-con e-parent\" data-id=\"93648c4\" data-element_type=\"container\" data-e-type=\"container\" data-settings=\"{&quot;background_background&quot;:&quot;classic&quot;}\">\n\t\t\t\t\t<div class=\"e-con-inner\">\n\t\t\t\t<div class=\"elementor-element elementor-element-899e072 elementor-widget elementor-widget-heading\" data-id=\"899e072\" data-element_type=\"widget\" data-e-type=\"widget\" data-widget_type=\"heading.default\">\n\t\t\t\t<div class=\"elementor-widget-container\">\n\t\t\t\t\t<h3 class=\"elementor-heading-title elementor-size-default\">PROGRAMA\u00c7\u00c3O<\/h3>\t\t\t\t<\/div>\n\t\t\t\t<\/div>\n\t\t\t\t<div class=\"elementor-element elementor-element-298c441 e-n-tabs-mobile elementor-widget elementor-widget-n-tabs\" data-id=\"298c441\" data-element_type=\"widget\" data-e-type=\"widget\" data-settings=\"{&quot;tabs_justify_horizontal&quot;:&quot;start&quot;,&quot;horizontal_scroll&quot;:&quot;enable&quot;}\" data-widget_type=\"nested-tabs.default\">\n\t\t\t\t<div class=\"elementor-widget-container\">\n\t\t\t\t\t\t\t<div class=\"e-n-tabs\" data-widget-number=\"43566145\" aria-label=\"Abas. Abra itens com &quot;Enter&quot; ou &quot;Espa\u00e7o&quot;, feche com &quot;Escape&quot; e navegue usando as teclas de &quot;Seta&quot;.\">\n\t\t\t<div class=\"e-n-tabs-heading\" role=\"tablist\">\n\t\t\t\t\t<button id=\"e-n-tab-title-435661451\" data-tab-title-id=\"e-n-tab-title-435661451\" class=\"e-n-tab-title\" aria-selected=\"true\" data-tab-index=\"1\" role=\"tab\" tabindex=\"0\" aria-controls=\"e-n-tab-content-435661451\" style=\"--n-tabs-title-order: 1;\">\n\t\t\t\t\t\t<span class=\"e-n-tab-title-text\">\n\t\t\t\tDia 13\/03 - Sexta-feira \t\t\t<\/span>\n\t\t<\/button>\n\t\t\t\t<button id=\"e-n-tab-title-435661452\" data-tab-title-id=\"e-n-tab-title-435661452\" class=\"e-n-tab-title\" aria-selected=\"false\" data-tab-index=\"2\" role=\"tab\" tabindex=\"-1\" aria-controls=\"e-n-tab-content-435661452\" style=\"--n-tabs-title-order: 2;\">\n\t\t\t\t\t\t<span class=\"e-n-tab-title-text\">\n\t\t\t\tDia 14\/03 - S\u00e1bado \t\t\t<\/span>\n\t\t<\/button>\n\t\t\t\t\t<\/div>\n\t\t\t<div class=\"e-n-tabs-content\">\n\t\t\t\t<div id=\"e-n-tab-content-435661451\" role=\"tabpanel\" aria-labelledby=\"e-n-tab-title-435661451\" data-tab-index=\"1\" style=\"--n-tabs-title-order: 1;\" class=\"e-active elementor-element elementor-element-77526f9 e-con-full e-flex e-con e-child\" data-id=\"77526f9\" data-element_type=\"container\" data-e-type=\"container\" data-settings=\"{&quot;background_background&quot;:&quot;classic&quot;}\">\n\t\t<div class=\"elementor-element elementor-element-0346e8b e-flex e-con-boxed e-con e-child\" data-id=\"0346e8b\" data-element_type=\"container\" data-e-type=\"container\">\n\t\t\t\t\t<div class=\"e-con-inner\">\n\t\t\t\t<div class=\"elementor-element elementor-element-491e3c7 elementor-widget elementor-widget-text-editor\" data-id=\"491e3c7\" data-element_type=\"widget\" data-e-type=\"widget\" data-widget_type=\"text-editor.default\">\n\t\t\t\t<div class=\"elementor-widget-container\">\n\t\t\t\t\t\t\t\t\t<p>19 horas &#8211; SESS\u00c3O SURPRESA DE TERROR<\/p>\t\t\t\t\t\t\t\t<\/div>\n\t\t\t\t<\/div>\n\t\t\t\t\t<\/div>\n\t\t\t\t<\/div>\n\t\t\t\t<\/div>\n\t\t<div id=\"e-n-tab-content-435661452\" role=\"tabpanel\" aria-labelledby=\"e-n-tab-title-435661452\" data-tab-index=\"2\" style=\"--n-tabs-title-order: 2;\" class=\" elementor-element elementor-element-1b2624a e-con-full e-flex e-con e-child\" data-id=\"1b2624a\" data-element_type=\"container\" data-e-type=\"container\" data-settings=\"{&quot;background_background&quot;:&quot;classic&quot;}\">\n\t\t<div class=\"elementor-element elementor-element-b8af11d e-flex e-con-boxed e-con e-child\" data-id=\"b8af11d\" data-element_type=\"container\" data-e-type=\"container\">\n\t\t\t\t\t<div class=\"e-con-inner\">\n\t\t\t\t<div class=\"elementor-element elementor-element-fc4a54b elementor-widget elementor-widget-text-editor\" data-id=\"fc4a54b\" data-element_type=\"widget\" data-e-type=\"widget\" data-widget_type=\"text-editor.default\">\n\t\t\t\t<div class=\"elementor-widget-container\">\n\t\t\t\t\t\t\t\t\t<p>16 horas &#8211; Um Broto Legal<\/p>\t\t\t\t\t\t\t\t<\/div>\n\t\t\t\t<\/div>\n\t\t\t\t\t<\/div>\n\t\t\t\t<\/div>\n\t\t\t\t<\/div>\n\t\t\t\t\t<\/div>\n\t\t<\/div>\n\t\t\t\t\t\t<\/div>\n\t\t\t\t<\/div>\n\t\t\t\t\t<\/div>\n\t\t\t\t<\/div>\n\t\t<div class=\"elementor-element elementor-element-b0722ee e-flex e-con-boxed e-con e-parent\" data-id=\"b0722ee\" data-element_type=\"container\" data-e-type=\"container\">\n\t\t\t\t\t<div class=\"e-con-inner\">\n\t\t\t\t<div class=\"elementor-element elementor-element-82d7e04 elementor-widget-divider--view-line elementor-widget elementor-widget-divider\" data-id=\"82d7e04\" data-element_type=\"widget\" data-e-type=\"widget\" data-widget_type=\"divider.default\">\n\t\t\t\t<div class=\"elementor-widget-container\">\n\t\t\t\t\t\t\t<div class=\"elementor-divider\">\n\t\t\t<span class=\"elementor-divider-separator\">\n\t\t\t\t\t\t<\/span>\n\t\t<\/div>\n\t\t\t\t\t\t<\/div>\n\t\t\t\t<\/div>\n\t\t\t\t\t<\/div>\n\t\t\t\t<\/div>\n\t\t<div class=\"elementor-element elementor-element-4d2a3fc e-flex e-con-boxed e-con e-parent\" data-id=\"4d2a3fc\" data-element_type=\"container\" data-e-type=\"container\">\n\t\t\t\t\t<div class=\"e-con-inner\">\n\t\t<div class=\"elementor-element elementor-element-10d6712 e-con-full e-flex e-con e-child\" data-id=\"10d6712\" data-element_type=\"container\" data-e-type=\"container\">\n\t\t\t\t<div class=\"elementor-element elementor-element-0085c55 elementor-widget elementor-widget-html\" data-id=\"0085c55\" data-element_type=\"widget\" data-e-type=\"widget\" data-widget_type=\"html.default\">\n\t\t\t\t<div class=\"elementor-widget-container\">\n\t\t\t\t\t<!DOCTYPE html>\n<html lang=\"pt-br\">\n<head>\n<meta charset=\"UTF-8\" \/>\n<meta name=\"viewport\" content=\"width=device-width, initial-scale=1.0\" \/>\n<title>Filme em Cartaz<\/title>\n\n<style>\n:root{\n  --bg:#f5f5f5;\n  --card:#ffffff;\n  --text:#222;\n  --muted:#666;\n  --border:#1c1c1c;\n  --shadow:0 6px 18px rgba(0,0,0,0.14);\n}\n\n*{box-sizing:border-box;}\n\nbody{\n  margin:0;\n  font-family:Arial, sans-serif;\n  background:var(--bg);\n  color:var(--text);\n}\n\n.container{\n  max-width:1100px;\n  margin:0 auto;\n  padding:30px 20px;\n}\n\n.filme{\n  background:var(--card);\n  border-radius:14px;\n  box-shadow:var(--shadow);\n  overflow:hidden;\n  transition:.2s;\n}\n\n.filme summary{\n  list-style:none;\n  cursor:pointer;\n  padding:22px;\n  display:flex;\n  gap:18px;\n  align-items:center;\n}\n\n.filme summary::-webkit-details-marker{\n  display:none;\n}\n\n.poster{\n  width:120px;\n  height:170px;\n  border-radius:12px;\n  object-fit:cover;\n  border:4px solid var(--border);\n}\n\n.meta{\n  flex:1;\n}\n\n.titulo{\n  margin:0 0 6px 0;\n  font-size:22px;\n}\n\n.linha-info{\n  margin:0;\n  font-style:italic;\n  color:var(--muted);\n}\n\n.status{\n  margin-top:10px;\n  font-size:13px;\n  color:var(--muted);\n}\n\n.chevron{\n  width:42px;\n  height:42px;\n  border-radius:999px;\n  display:flex;\n  align-items:center;\n  justify-content:center;\n  background:rgba(0,0,0,0.08);\n  font-size:18px;\n  transition:.2s;\n}\n\ndetails[open] .chevron{\n  transform:rotate(180deg);\n}\n\n.conteudo{\n  padding:0 22px 22px 22px;\n  border-top:1px solid rgba(0,0,0,0.08);\n}\n\n.conteudo p{\n  margin:14px 0;\n  line-height:1.7;\n}\n\n.horarios-titulo{\n  margin:18px 0 8px 0;\n  font-weight:bold;\n}\n\n.horarios{\n  margin:0 0 20px 18px;\n  padding:0;\n}\n\n.horarios li{\n  margin:6px 0;\n}\n\n.trailer iframe{\n  width:100%;\n  max-width:700px;\n  height:400px;\n  border-radius:10px;\n  border:none;\n}\n\n@media(max-width:720px){\n  .poster{\n    width:95px;\n    height:140px;\n  }\n  .trailer iframe{\n    height:240px;\n  }\n}\n<\/style>\n<\/head>\n\n<body>\n<div class=\"container\">\n\n<details class=\"filme\">\n  <summary>\n<img decoding=\"async\" class=\"poster\" src=\"https:\/\/goias.gov.br\/cultura\/wp-content\/uploads\/sites\/25\/2026\/03\/Cinema-Posters-galeria-1.jpg\" alt=\"O Castelo Animado\">\n    <div class=\"meta\">\n      <h3 class=\"titulo\">Um broto legal <\/h3>\n      <p class=\"linha-info\">2022, Brasil, 12 anos, 94 min<\/p>\n       <p class=\"linha-info\">Dir:  Luiz Alberto Pereira<\/p>\n      <div class=\"status\">Clique para ver sinopse, hor\u00e1rios e trailer<\/div>\n    <\/div>\n    <div class=\"chevron\">\u2304<\/div>\n  <\/summary>\n\n  <div class=\"conteudo\">\n    <p>\n      Um Broto Legal conta a hist\u00f3ria da primeira cantora de rock nacional, Celly Campello. No final dos anos 50, C\u00e9lia Campello \u00e9 uma jovem de 16 anos em Taubat\u00e9, interior de S\u00e3o Paulo. Uma esp\u00e9cie de celebridade local, ela canta na r\u00e1dio da cidade, onde tem um p\u00fablico cativo. Seu irm\u00e3o, aspirante a cantor, acaba se mudando para S\u00e3o Paulo, onde \u00e9 descoberto por um ca\u00e7a-talentos. Depois, ser\u00e1 a vez dela. E esse \u00e9 s\u00f3 come\u00e7o da carreira daquela que ficou conhecida como Celly Campello, precursora do rock no Brasil, e respons\u00e1vel por hits como Banho de Lua e Est\u00fapido Cupido. Ela, junto ao seu irm\u00e3o Tony Campello, tem sua hist\u00f3ria e trajet\u00f3ria contada, desde Taubat\u00e9 at\u00e9 conquistar todo o Brasil.   \n    <\/p>\n\n    <div class=\"horarios-titulo\">Hor\u00e1rios:<\/div>\n    <ul class=\"horarios\">\n      <li>14\/03 - 16 horas<\/li>\n \n         <\/ul>\n\n    <div class=\"horarios-titulo\">Trailer:<\/div>\n    <div class=\"trailer\">\n    <iframe width=\"560\" height=\"315\" src=\"https:\/\/www.youtube.com\/embed\/62ZXEwH0SQE?si=Nbk6ne7JHNOT2O_5\" title=\"YouTube video player\" frameborder=\"0\" allow=\"accelerometer; autoplay; clipboard-write; encrypted-media; gyroscope; picture-in-picture; web-share\" referrerpolicy=\"strict-origin-when-cross-origin\" allowfullscreen><\/iframe>\n    <\/div>\n  <\/div>\n<\/details>\n\n<\/div>\n\n<script>\ndocument.addEventListener(\"click\", function(event){\n  const details = document.querySelectorAll(\".filme\");\n\n  details.forEach(item => {\n    if(item.open && !item.contains(event.target)){\n      item.removeAttribute(\"open\");\n    }\n  });\n});\n<\/script>\n\n<\/body>\n<\/html>\t\t\t\t<\/div>\n\t\t\t\t<\/div>\n\t\t\t\t<\/div>\n\t\t\t\t\t<\/div>\n\t\t\t\t<\/div>\n\t\t\t\t<\/div>\n\t\t","protected":false},"excerpt":{"rendered":"<p>PROGRAMA\u00c7\u00c3O Dia 13\/03 &#8211; Sexta-feira Dia 14\/03 &#8211; S\u00e1bado 19 horas &#8211; SESS\u00c3O SURPRESA DE TERROR 16 horas &#8211; Um Broto Legal 19 horas &#8211; SESS\u00c3O SURPRESA DE TERROR 16 horas &#8211; Um Broto Legal Filme em Cartaz Um broto legal 2022, Brasil, 12 anos, 94 min Dir: Luiz Alberto Pereira Clique para ver sinopse, [&hellip;]<\/p>\n","protected":false},"author":683,"featured_media":0,"parent":50453,"menu_order":0,"comment_status":"closed","ping_status":"closed","template":"","meta":{"footnotes":""},"class_list":["post-261249","page","type-page","status-publish","hentry"],"rttpg_featured_image_url":null,"rttpg_author":{"display_name":"stefanymachado","author_link":"https:\/\/goias.gov.br\/cultura\/author\/stefanymachado\/"},"rttpg_comment":0,"rttpg_category":null,"rttpg_excerpt":"PROGRAMA\u00c7\u00c3O Dia 13\/03 &#8211; Sexta-feira Dia 14\/03 &#8211; S\u00e1bado 19 horas &#8211; SESS\u00c3O SURPRESA DE TERROR 16 horas &#8211; Um Broto Legal 19 horas &#8211; SESS\u00c3O SURPRESA DE TERROR 16 horas &#8211; Um Broto Legal Filme em Cartaz Um broto legal 2022, Brasil, 12 anos, 94 min Dir: Luiz Alberto Pereira Clique para ver sinopse,&hellip;","_links":{"self":[{"href":"https:\/\/goias.gov.br\/cultura\/wp-json\/wp\/v2\/pages\/261249","targetHints":{"allow":["GET"]}}],"collection":[{"href":"https:\/\/goias.gov.br\/cultura\/wp-json\/wp\/v2\/pages"}],"about":[{"href":"https:\/\/goias.gov.br\/cultura\/wp-json\/wp\/v2\/types\/page"}],"author":[{"embeddable":true,"href":"https:\/\/goias.gov.br\/cultura\/wp-json\/wp\/v2\/users\/683"}],"replies":[{"embeddable":true,"href":"https:\/\/goias.gov.br\/cultura\/wp-json\/wp\/v2\/comments?post=261249"}],"version-history":[{"count":2,"href":"https:\/\/goias.gov.br\/cultura\/wp-json\/wp\/v2\/pages\/261249\/revisions"}],"predecessor-version":[{"id":339956,"href":"https:\/\/goias.gov.br\/cultura\/wp-json\/wp\/v2\/pages\/261249\/revisions\/339956"}],"up":[{"embeddable":true,"href":"https:\/\/goias.gov.br\/cultura\/wp-json\/wp\/v2\/pages\/50453"}],"wp:attachment":[{"href":"https:\/\/goias.gov.br\/cultura\/wp-json\/wp\/v2\/media?parent=261249"}],"curies":[{"name":"wp","href":"https:\/\/api.w.org\/{rel}","templated":true}]}}