

{"id":260553,"date":"2025-10-28T15:51:17","date_gmt":"2025-10-28T18:51:17","guid":{"rendered":"https:\/\/goias.gov.br\/cultura\/?page_id=260553"},"modified":"2025-12-01T15:06:30","modified_gmt":"2025-12-01T18:06:30","slug":"sinos-ferroviarios","status":"publish","type":"page","link":"https:\/\/goias.gov.br\/cultura\/museuferroviario\/sinos-ferroviarios\/","title":{"rendered":"Sinos ferrovi\u00e1rios"},"content":{"rendered":"\t\t<div data-elementor-type=\"wp-page\" data-elementor-id=\"260553\" class=\"elementor elementor-260553\">\n\t\t\t\t<div class=\"elementor-element elementor-element-6f4e4ba e-flex e-con-boxed e-con e-parent\" data-id=\"6f4e4ba\" data-element_type=\"container\" data-e-type=\"container\">\n\t\t\t\t\t<div class=\"e-con-inner\">\n\t\t<div class=\"elementor-element elementor-element-6dbf232 e-grid e-con-full e-con e-child\" data-id=\"6dbf232\" data-element_type=\"container\" data-e-type=\"container\">\n\t\t<div class=\"elementor-element elementor-element-c35b0f8 e-con-full e-flex e-con e-child\" data-id=\"c35b0f8\" data-element_type=\"container\" data-e-type=\"container\">\n\t\t\t\t<div class=\"elementor-element elementor-element-cffd04c elementor-widget elementor-widget-wp-widget-media_audio\" data-id=\"cffd04c\" data-element_type=\"widget\" data-e-type=\"widget\" data-widget_type=\"wp-widget-media_audio.default\">\n\t\t\t\t<div class=\"elementor-widget-container\">\n\t\t\t\t\t<audio class=\"wp-audio-shortcode\" id=\"audio-260553-1\" preload=\"none\" style=\"width: 100%;\" controls=\"controls\"><source type=\"audio\/mpeg\" src=\"https:\/\/dutton.com.br\/goias\/wp-content\/uploads\/2025\/11\/Sino-1.mp3?_=1\" \/><source type=\"audio\/mpeg\" src=\"https:\/\/dutton.com.br\/goias\/wp-content\/uploads\/2025\/11\/Sino-1.mp3?_=1\" \/><a href=\"https:\/\/dutton.com.br\/goias\/wp-content\/uploads\/2025\/11\/Sino-1.mp3\">https:\/\/dutton.com.br\/goias\/wp-content\/uploads\/2025\/11\/Sino-1.mp3<\/a><\/audio>\t\t\t\t<\/div>\n\t\t\t\t<\/div>\n\t\t\t\t<\/div>\n\t\t\t\t<div class=\"elementor-element elementor-element-4528fc9 elementor-widget elementor-widget-video\" data-id=\"4528fc9\" data-element_type=\"widget\" data-e-type=\"widget\" data-settings=\"{&quot;youtube_url&quot;:&quot;https:\\\/\\\/youtu.be\\\/sERbevZ8EqM&quot;,&quot;video_type&quot;:&quot;youtube&quot;,&quot;controls&quot;:&quot;yes&quot;}\" data-widget_type=\"video.default\">\n\t\t\t\t<div class=\"elementor-widget-container\">\n\t\t\t\t\t\t\t<div class=\"elementor-wrapper elementor-open-inline\">\n\t\t\t<div class=\"elementor-video\"><\/div>\t\t<\/div>\n\t\t\t\t\t\t<\/div>\n\t\t\t\t<\/div>\n\t\t\t\t<\/div>\n\t\t\t\t\t<\/div>\n\t\t\t\t<\/div>\n\t\t<div class=\"elementor-element elementor-element-12ddd33 e-flex e-con-boxed e-con e-parent\" data-id=\"12ddd33\" data-element_type=\"container\" data-e-type=\"container\">\n\t\t\t\t\t<div class=\"e-con-inner\">\n\t\t\t\t<div class=\"elementor-element elementor-element-06426fb elementor-widget elementor-widget-text-editor\" data-id=\"06426fb\" data-element_type=\"widget\" data-e-type=\"widget\" data-widget_type=\"text-editor.default\">\n\t\t\t\t<div class=\"elementor-widget-container\">\n\t\t\t\t\t\t\t\t\t<p>Antes das tecnologias modernas de comunica\u00e7\u00e3o, o som do sino era essencial nas ferrovias. Cada toque tinha um prop\u00f3sito: anunciar a partida ou a chegada dos trens, sinalizar manobras nas linhas ou alertar trabalhadores e passageiros.<\/p><p>O Museu Ferrovi\u00e1rio de Pires do Rio preserva quatro sinos originais desse per\u00edodo. Tr\u00eas deles eram utilizados na esta\u00e7\u00e3o, enquanto o menor seguia junto \u00e0 locomotiva, auxiliando a comunica\u00e7\u00e3o entre maquinistas e equipes ao longo das viagens.<\/p>\t\t\t\t\t\t\t\t<\/div>\n\t\t\t\t<\/div>\n\t\t\t\t\t<\/div>\n\t\t\t\t<\/div>\n\t\t\t\t<\/div>\n\t\t","protected":false},"excerpt":{"rendered":"<p>https:\/\/youtu.be\/sERbevZ8EqM Antes das tecnologias modernas de comunica\u00e7\u00e3o, o som do sino era essencial nas ferrovias. Cada toque tinha um prop\u00f3sito: anunciar a partida ou a chegada dos trens, sinalizar manobras nas linhas ou alertar trabalhadores e passageiros. O Museu Ferrovi\u00e1rio de Pires do Rio preserva quatro sinos originais desse per\u00edodo. Tr\u00eas deles eram utilizados na [&hellip;]<\/p>\n","protected":false},"author":322,"featured_media":0,"parent":50453,"menu_order":0,"comment_status":"closed","ping_status":"closed","template":"","meta":{"footnotes":""},"class_list":["post-260553","page","type-page","status-publish","hentry"],"rttpg_featured_image_url":null,"rttpg_author":{"display_name":"alessandraferreira","author_link":"https:\/\/goias.gov.br\/cultura\/author\/alessandraferreira\/"},"rttpg_comment":0,"rttpg_category":null,"rttpg_excerpt":"https:\/\/youtu.be\/sERbevZ8EqM Antes das tecnologias modernas de comunica\u00e7\u00e3o, o som do sino era essencial nas ferrovias. Cada toque tinha um prop\u00f3sito: anunciar a partida ou a chegada dos trens, sinalizar manobras nas linhas ou alertar trabalhadores e passageiros. O Museu Ferrovi\u00e1rio de Pires do Rio preserva quatro sinos originais desse per\u00edodo. Tr\u00eas deles eram utilizados na&hellip;","_links":{"self":[{"href":"https:\/\/goias.gov.br\/cultura\/wp-json\/wp\/v2\/pages\/260553","targetHints":{"allow":["GET"]}}],"collection":[{"href":"https:\/\/goias.gov.br\/cultura\/wp-json\/wp\/v2\/pages"}],"about":[{"href":"https:\/\/goias.gov.br\/cultura\/wp-json\/wp\/v2\/types\/page"}],"author":[{"embeddable":true,"href":"https:\/\/goias.gov.br\/cultura\/wp-json\/wp\/v2\/users\/322"}],"replies":[{"embeddable":true,"href":"https:\/\/goias.gov.br\/cultura\/wp-json\/wp\/v2\/comments?post=260553"}],"version-history":[{"count":2,"href":"https:\/\/goias.gov.br\/cultura\/wp-json\/wp\/v2\/pages\/260553\/revisions"}],"predecessor-version":[{"id":289527,"href":"https:\/\/goias.gov.br\/cultura\/wp-json\/wp\/v2\/pages\/260553\/revisions\/289527"}],"up":[{"embeddable":true,"href":"https:\/\/goias.gov.br\/cultura\/wp-json\/wp\/v2\/pages\/50453"}],"wp:attachment":[{"href":"https:\/\/goias.gov.br\/cultura\/wp-json\/wp\/v2\/media?parent=260553"}],"curies":[{"name":"wp","href":"https:\/\/api.w.org\/{rel}","templated":true}]}}