

{"id":260077,"date":"2025-10-28T11:17:25","date_gmt":"2025-10-28T14:17:25","guid":{"rendered":"https:\/\/goias.gov.br\/cultura\/?page_id=260077"},"modified":"2025-12-01T14:09:15","modified_gmt":"2025-12-01T17:09:15","slug":"conjunto-de-adressografo","status":"publish","type":"page","link":"https:\/\/goias.gov.br\/cultura\/museuferroviario\/conjunto-de-adressografo\/","title":{"rendered":"Conjunto de adress\u00f3grafo"},"content":{"rendered":"\t\t<div data-elementor-type=\"wp-page\" data-elementor-id=\"260077\" class=\"elementor elementor-260077\">\n\t\t\t\t<div class=\"elementor-element elementor-element-49a520b e-flex e-con-boxed e-con e-parent\" data-id=\"49a520b\" data-element_type=\"container\" data-e-type=\"container\">\n\t\t\t\t\t<div class=\"e-con-inner\">\n\t\t<div class=\"elementor-element elementor-element-ec6ff87 e-grid e-con-full e-con e-child\" data-id=\"ec6ff87\" data-element_type=\"container\" data-e-type=\"container\">\n\t\t<div class=\"elementor-element elementor-element-ea64aa9 e-con-full e-flex e-con e-child\" data-id=\"ea64aa9\" data-element_type=\"container\" data-e-type=\"container\">\n\t\t\t\t<div class=\"elementor-element elementor-element-ab3c6f5 elementor-widget elementor-widget-wp-widget-media_audio\" data-id=\"ab3c6f5\" data-element_type=\"widget\" data-e-type=\"widget\" data-widget_type=\"wp-widget-media_audio.default\">\n\t\t\t\t<div class=\"elementor-widget-container\">\n\t\t\t\t\t<audio class=\"wp-audio-shortcode\" id=\"audio-260077-1\" preload=\"none\" style=\"width: 100%;\" controls=\"controls\"><source type=\"audio\/mpeg\" src=\"https:\/\/dutton.com.br\/goias\/wp-content\/uploads\/2025\/11\/Conjunto-de-adressografo.mp3?_=1\" \/><source type=\"audio\/mpeg\" src=\"https:\/\/dutton.com.br\/goias\/wp-content\/uploads\/2025\/11\/Conjunto-de-adressografo.mp3?_=1\" \/><a href=\"https:\/\/dutton.com.br\/goias\/wp-content\/uploads\/2025\/11\/Conjunto-de-adressografo.mp3\">https:\/\/dutton.com.br\/goias\/wp-content\/uploads\/2025\/11\/Conjunto-de-adressografo.mp3<\/a><\/audio>\t\t\t\t<\/div>\n\t\t\t\t<\/div>\n\t\t\t\t<\/div>\n\t\t\t\t<div class=\"elementor-element elementor-element-6330a64 elementor-widget elementor-widget-video\" data-id=\"6330a64\" data-element_type=\"widget\" data-e-type=\"widget\" data-settings=\"{&quot;youtube_url&quot;:&quot;https:\\\/\\\/youtu.be\\\/Ew8Di5C9fyA&quot;,&quot;video_type&quot;:&quot;youtube&quot;,&quot;controls&quot;:&quot;yes&quot;}\" data-widget_type=\"video.default\">\n\t\t\t\t<div class=\"elementor-widget-container\">\n\t\t\t\t\t\t\t<div class=\"elementor-wrapper elementor-open-inline\">\n\t\t\t<div class=\"elementor-video\"><\/div>\t\t<\/div>\n\t\t\t\t\t\t<\/div>\n\t\t\t\t<\/div>\n\t\t\t\t<\/div>\n\t\t\t\t\t<\/div>\n\t\t\t\t<\/div>\n\t\t<div class=\"elementor-element elementor-element-4af8578 e-flex e-con-boxed e-con e-parent\" data-id=\"4af8578\" data-element_type=\"container\" data-e-type=\"container\">\n\t\t\t\t\t<div class=\"e-con-inner\">\n\t\t\t\t<div class=\"elementor-element elementor-element-080ba95 elementor-widget elementor-widget-text-editor\" data-id=\"080ba95\" data-element_type=\"widget\" data-e-type=\"widget\" data-widget_type=\"text-editor.default\">\n\t\t\t\t<div class=\"elementor-widget-container\">\n\t\t\t\t\t\t\t\t\t<p>O adress\u00f3grafo era um equipamento mec\u00e2nico utilizado nas antigas esta\u00e7\u00f5es ferrovi\u00e1rias brasileiras para imprimir tal\u00f5es de cheques e cart\u00f5es de cr\u00e9dito ferrovi\u00e1rio. Funcionava por meio de chapas met\u00e1licas ou cart\u00f5es gravados com os dados fixos (como nome, n\u00famero de conta, esta\u00e7\u00e3o ou setor) que eram inseridos na m\u00e1quina. Ao acionar uma alavanca, o adress\u00f3grafo transferia essas informa\u00e7\u00f5es para o papel atrav\u00e9s de press\u00e3o e tinta, criando uma impress\u00e3o em relevo ou por decalque.<\/p><p>Com a moderniza\u00e7\u00e3o dos sistemas de impress\u00e3o e o avan\u00e7o dos computadores, o uso do adress\u00f3grafo foi gradualmente substitu\u00eddo por m\u00e9todos eletr\u00f4nicos, mas o equipamento permanece como s\u00edmbolo da era mecanogr\u00e1fica da administra\u00e7\u00e3o ferrovi\u00e1ria brasileira.<\/p>\t\t\t\t\t\t\t\t<\/div>\n\t\t\t\t<\/div>\n\t\t\t\t\t<\/div>\n\t\t\t\t<\/div>\n\t\t\t\t<\/div>\n\t\t","protected":false},"excerpt":{"rendered":"<p>https:\/\/youtu.be\/Ew8Di5C9fyA O adress\u00f3grafo era um equipamento mec\u00e2nico utilizado nas antigas esta\u00e7\u00f5es ferrovi\u00e1rias brasileiras para imprimir tal\u00f5es de cheques e cart\u00f5es de cr\u00e9dito ferrovi\u00e1rio. Funcionava por meio de chapas met\u00e1licas ou cart\u00f5es gravados com os dados fixos (como nome, n\u00famero de conta, esta\u00e7\u00e3o ou setor) que eram inseridos na m\u00e1quina. Ao acionar uma alavanca, o adress\u00f3grafo [&hellip;]<\/p>\n","protected":false},"author":322,"featured_media":0,"parent":50453,"menu_order":0,"comment_status":"closed","ping_status":"closed","template":"","meta":{"footnotes":""},"class_list":["post-260077","page","type-page","status-publish","hentry"],"rttpg_featured_image_url":null,"rttpg_author":{"display_name":"alessandraferreira","author_link":"https:\/\/goias.gov.br\/cultura\/author\/alessandraferreira\/"},"rttpg_comment":0,"rttpg_category":null,"rttpg_excerpt":"https:\/\/youtu.be\/Ew8Di5C9fyA O adress\u00f3grafo era um equipamento mec\u00e2nico utilizado nas antigas esta\u00e7\u00f5es ferrovi\u00e1rias brasileiras para imprimir tal\u00f5es de cheques e cart\u00f5es de cr\u00e9dito ferrovi\u00e1rio. Funcionava por meio de chapas met\u00e1licas ou cart\u00f5es gravados com os dados fixos (como nome, n\u00famero de conta, esta\u00e7\u00e3o ou setor) que eram inseridos na m\u00e1quina. Ao acionar uma alavanca, o adress\u00f3grafo&hellip;","_links":{"self":[{"href":"https:\/\/goias.gov.br\/cultura\/wp-json\/wp\/v2\/pages\/260077","targetHints":{"allow":["GET"]}}],"collection":[{"href":"https:\/\/goias.gov.br\/cultura\/wp-json\/wp\/v2\/pages"}],"about":[{"href":"https:\/\/goias.gov.br\/cultura\/wp-json\/wp\/v2\/types\/page"}],"author":[{"embeddable":true,"href":"https:\/\/goias.gov.br\/cultura\/wp-json\/wp\/v2\/users\/322"}],"replies":[{"embeddable":true,"href":"https:\/\/goias.gov.br\/cultura\/wp-json\/wp\/v2\/comments?post=260077"}],"version-history":[{"count":3,"href":"https:\/\/goias.gov.br\/cultura\/wp-json\/wp\/v2\/pages\/260077\/revisions"}],"predecessor-version":[{"id":289014,"href":"https:\/\/goias.gov.br\/cultura\/wp-json\/wp\/v2\/pages\/260077\/revisions\/289014"}],"up":[{"embeddable":true,"href":"https:\/\/goias.gov.br\/cultura\/wp-json\/wp\/v2\/pages\/50453"}],"wp:attachment":[{"href":"https:\/\/goias.gov.br\/cultura\/wp-json\/wp\/v2\/media?parent=260077"}],"curies":[{"name":"wp","href":"https:\/\/api.w.org\/{rel}","templated":true}]}}