

{"id":260061,"date":"2025-10-28T11:13:19","date_gmt":"2025-10-28T14:13:19","guid":{"rendered":"https:\/\/goias.gov.br\/cultura\/?page_id=260061"},"modified":"2025-12-01T15:09:37","modified_gmt":"2025-12-01T18:09:37","slug":"staff-eletrico","status":"publish","type":"page","link":"https:\/\/goias.gov.br\/cultura\/museuferroviario\/staff-eletrico\/","title":{"rendered":"Staff El\u00e9trico"},"content":{"rendered":"\t\t<div data-elementor-type=\"wp-page\" data-elementor-id=\"260061\" class=\"elementor elementor-260061\">\n\t\t\t\t<div class=\"elementor-element elementor-element-73269be e-flex e-con-boxed e-con e-parent\" data-id=\"73269be\" data-element_type=\"container\" data-e-type=\"container\">\n\t\t\t\t\t<div class=\"e-con-inner\">\n\t\t<div class=\"elementor-element elementor-element-fbbdbe1 e-grid e-con-full e-con e-child\" data-id=\"fbbdbe1\" data-element_type=\"container\" data-e-type=\"container\">\n\t\t<div class=\"elementor-element elementor-element-0926e90 e-grid e-con-full e-con e-child\" data-id=\"0926e90\" data-element_type=\"container\" data-e-type=\"container\">\n\t\t<div class=\"elementor-element elementor-element-9cf8aad e-con-full e-flex e-con e-child\" data-id=\"9cf8aad\" data-element_type=\"container\" data-e-type=\"container\">\n\t\t\t\t<\/div>\n\t\t<div class=\"elementor-element elementor-element-47dcd5a e-con-full e-flex e-con e-child\" data-id=\"47dcd5a\" data-element_type=\"container\" data-e-type=\"container\">\n\t\t\t\t<div class=\"elementor-element elementor-element-8596aeb elementor-widget elementor-widget-video\" data-id=\"8596aeb\" data-element_type=\"widget\" data-e-type=\"widget\" data-settings=\"{&quot;youtube_url&quot;:&quot;https:\\\/\\\/youtu.be\\\/Fkgx6Td_ctE&quot;,&quot;video_type&quot;:&quot;youtube&quot;,&quot;controls&quot;:&quot;yes&quot;}\" data-widget_type=\"video.default\">\n\t\t\t\t<div class=\"elementor-widget-container\">\n\t\t\t\t\t\t\t<div class=\"elementor-wrapper elementor-open-inline\">\n\t\t\t<div class=\"elementor-video\"><\/div>\t\t<\/div>\n\t\t\t\t\t\t<\/div>\n\t\t\t\t<\/div>\n\t\t\t\t<\/div>\n\t\t\t\t<\/div>\n\t\t\t\t<\/div>\n\t\t\t\t\t<\/div>\n\t\t\t\t<\/div>\n\t\t<div class=\"elementor-element elementor-element-ddd8d34 e-flex e-con-boxed e-con e-parent\" data-id=\"ddd8d34\" data-element_type=\"container\" data-e-type=\"container\">\n\t\t\t\t\t<div class=\"e-con-inner\">\n\t\t\t\t<div class=\"elementor-element elementor-element-15eb8e6 elementor-widget elementor-widget-text-editor\" data-id=\"15eb8e6\" data-element_type=\"widget\" data-e-type=\"widget\" data-widget_type=\"text-editor.default\">\n\t\t\t\t<div class=\"elementor-widget-container\">\n\t\t\t\t\t\t\t\t\t<p>O staff \u00e9 o equipamento utilizado para liberar a circula\u00e7\u00e3o de um trem em determinado trecho. O staff \u00e9 constitu\u00eddo de bast\u00f5es met\u00e1licos que s\u00e3o transportados entre uma esta\u00e7\u00e3o e outra, indicando a presen\u00e7a de um trem naquele trecho da linha f\u00e9rrea. O staff estava sempre acompanhado do suporte de staff. Neste sistema, a libera\u00e7\u00e3o de uma composi\u00e7\u00e3o era feita por um bast\u00e3o, retirado do staff, somente se a linha que o trem deveria seguir estivesse livre. Dessa forma, a opera\u00e7\u00e3o seguia com seguran\u00e7a e rapidez.<\/p>\t\t\t\t\t\t\t\t<\/div>\n\t\t\t\t<\/div>\n\t\t\t\t\t<\/div>\n\t\t\t\t<\/div>\n\t\t\t\t<\/div>\n\t\t","protected":false},"excerpt":{"rendered":"<p>https:\/\/youtu.be\/Fkgx6Td_ctE O staff \u00e9 o equipamento utilizado para liberar a circula\u00e7\u00e3o de um trem em determinado trecho. O staff \u00e9 constitu\u00eddo de bast\u00f5es met\u00e1licos que s\u00e3o transportados entre uma esta\u00e7\u00e3o e outra, indicando a presen\u00e7a de um trem naquele trecho da linha f\u00e9rrea. O staff estava sempre acompanhado do suporte de staff. Neste sistema, a [&hellip;]<\/p>\n","protected":false},"author":322,"featured_media":0,"parent":50453,"menu_order":0,"comment_status":"closed","ping_status":"closed","template":"","meta":{"footnotes":""},"class_list":["post-260061","page","type-page","status-publish","hentry"],"rttpg_featured_image_url":null,"rttpg_author":{"display_name":"alessandraferreira","author_link":"https:\/\/goias.gov.br\/cultura\/author\/alessandraferreira\/"},"rttpg_comment":0,"rttpg_category":null,"rttpg_excerpt":"https:\/\/youtu.be\/Fkgx6Td_ctE O staff \u00e9 o equipamento utilizado para liberar a circula\u00e7\u00e3o de um trem em determinado trecho. O staff \u00e9 constitu\u00eddo de bast\u00f5es met\u00e1licos que s\u00e3o transportados entre uma esta\u00e7\u00e3o e outra, indicando a presen\u00e7a de um trem naquele trecho da linha f\u00e9rrea. O staff estava sempre acompanhado do suporte de staff. Neste sistema, a&hellip;","_links":{"self":[{"href":"https:\/\/goias.gov.br\/cultura\/wp-json\/wp\/v2\/pages\/260061","targetHints":{"allow":["GET"]}}],"collection":[{"href":"https:\/\/goias.gov.br\/cultura\/wp-json\/wp\/v2\/pages"}],"about":[{"href":"https:\/\/goias.gov.br\/cultura\/wp-json\/wp\/v2\/types\/page"}],"author":[{"embeddable":true,"href":"https:\/\/goias.gov.br\/cultura\/wp-json\/wp\/v2\/users\/322"}],"replies":[{"embeddable":true,"href":"https:\/\/goias.gov.br\/cultura\/wp-json\/wp\/v2\/comments?post=260061"}],"version-history":[{"count":3,"href":"https:\/\/goias.gov.br\/cultura\/wp-json\/wp\/v2\/pages\/260061\/revisions"}],"predecessor-version":[{"id":289550,"href":"https:\/\/goias.gov.br\/cultura\/wp-json\/wp\/v2\/pages\/260061\/revisions\/289550"}],"up":[{"embeddable":true,"href":"https:\/\/goias.gov.br\/cultura\/wp-json\/wp\/v2\/pages\/50453"}],"wp:attachment":[{"href":"https:\/\/goias.gov.br\/cultura\/wp-json\/wp\/v2\/media?parent=260061"}],"curies":[{"name":"wp","href":"https:\/\/api.w.org\/{rel}","templated":true}]}}