

{"id":254577,"date":"2026-03-09T12:20:01","date_gmt":"2026-03-09T15:20:01","guid":{"rendered":"https:\/\/goias.gov.br\/cultura\/?page_id=254577"},"modified":"2026-03-27T14:39:47","modified_gmt":"2026-03-27T17:39:47","slug":"cineteatrosaojoaquim","status":"publish","type":"page","link":"https:\/\/goias.gov.br\/cultura\/cineteatrosaojoaquim\/","title":{"rendered":"Cine Teatro S\u00e3o Joaquim Elementor"},"content":{"rendered":"\t\t<div data-elementor-type=\"wp-page\" data-elementor-id=\"254577\" class=\"elementor elementor-254577\">\n\t\t\t\t<div class=\"elementor-element elementor-element-71ce700 e-flex e-con-boxed e-con e-parent\" data-id=\"71ce700\" data-element_type=\"container\" data-e-type=\"container\" data-settings=\"{&quot;background_background&quot;:&quot;classic&quot;}\">\n\t\t\t\t\t<div class=\"e-con-inner\">\n\t\t\t\t<div class=\"elementor-element elementor-element-b91cf7e elementor-widget elementor-widget-heading\" data-id=\"b91cf7e\" data-element_type=\"widget\" data-e-type=\"widget\" data-widget_type=\"heading.default\">\n\t\t\t\t<div class=\"elementor-widget-container\">\n\t\t\t\t\t<h3 class=\"elementor-heading-title elementor-size-default\">Atualmente gerenciado pelo Sesc. \nAcesse as redes sociais da unidade para conferir a programa\u00e7\u00e3o. \n\n@cineteatrosaojoaquim<\/h3>\t\t\t\t<\/div>\n\t\t\t\t<\/div>\n\t\t\t\t\t<\/div>\n\t\t\t\t<\/div>\n\t\t<div class=\"elementor-element elementor-element-302158d e-flex e-con-boxed e-con e-parent\" data-id=\"302158d\" data-element_type=\"container\" data-e-type=\"container\">\n\t\t\t\t\t<div class=\"e-con-inner\">\n\t\t\t\t<div class=\"elementor-element elementor-element-e8b1b2e elementor-widget elementor-widget-text-editor\" data-id=\"e8b1b2e\" data-element_type=\"widget\" data-e-type=\"widget\" data-widget_type=\"text-editor.default\">\n\t\t\t\t<div class=\"elementor-widget-container\">\n\t\t\t\t\t\t\t\t\t<h4>Regulamento de uso e funcionamento do espa\u00e7o: <a href=\"https:\/\/goias.gov.br\/cultura\/wp-content\/uploads\/sites\/25\/2026\/03\/REGULAMENTO_SAO_JOAQUIM__1_.pdf\">Regulamento S\u00e3o Joaquim<\/a><\/h4>\t\t\t\t\t\t\t\t<\/div>\n\t\t\t\t<\/div>\n\t\t\t\t\t<\/div>\n\t\t\t\t<\/div>\n\t\t<div class=\"elementor-element elementor-element-ac2c469 e-flex e-con-boxed e-con e-parent\" data-id=\"ac2c469\" data-element_type=\"container\" data-e-type=\"container\">\n\t\t\t\t\t<div class=\"e-con-inner\">\n\t\t\t\t<div class=\"elementor-element elementor-element-c672bed elementor-widget elementor-widget-spacer\" data-id=\"c672bed\" data-element_type=\"widget\" data-e-type=\"widget\" data-widget_type=\"spacer.default\">\n\t\t\t\t<div class=\"elementor-widget-container\">\n\t\t\t\t\t\t\t<div class=\"elementor-spacer\">\n\t\t\t<div class=\"elementor-spacer-inner\"><\/div>\n\t\t<\/div>\n\t\t\t\t\t\t<\/div>\n\t\t\t\t<\/div>\n\t\t\t\t<div class=\"elementor-element elementor-element-80e45c9 elementor-widget elementor-widget-shortcode\" data-id=\"80e45c9\" data-element_type=\"widget\" data-e-type=\"widget\" data-widget_type=\"shortcode.default\">\n\t\t\t\t<div class=\"elementor-widget-container\">\n\t\t\t\t\t\t\t<div class=\"elementor-shortcode\"><style type='text\/css' media='all'>#rt-tpg-container-3634867815 .rt-holder .rt-woo-info .price{color:#0367bf;}body .rt-tpg-container .rt-tpg-isotope-buttons .selected,\n\t\t\t\t\t#rt-tpg-container-3634867815 .layout12 .rt-holder:hover .rt-detail,\n\t\t\t\t\t#rt-tpg-container-3634867815 .isotope8 .rt-holder:hover .rt-detail,\n\t\t\t\t\t#rt-tpg-container-3634867815 .carousel8 .rt-holder:hover .rt-detail,\n\t\t\t\t\t#rt-tpg-container-3634867815 .layout13 .rt-holder .overlay .post-info,\n\t\t\t\t\t#rt-tpg-container-3634867815 .isotope9 .rt-holder .overlay .post-info,\n\t\t\t\t\t#rt-tpg-container-3634867815.rt-tpg-container .layout4 .rt-holder .rt-detail,\n\t\t\t\t\t.rt-modal-3634867815 .md-content,\n\t\t\t\t\t.rt-modal-3634867815 .md-content > .rt-md-content-holder .rt-md-content,\n\t\t\t\t\t.rt-popup-wrap-3634867815.rt-popup-wrap .rt-popup-navigation-wrap,\n\t\t\t\t\t#rt-tpg-container-3634867815 .carousel9 .rt-holder .overlay .post-info{background-color:#0367bf;}#rt-tpg-container-3634867815 .layout5 .rt-holder .overlay, #rt-tpg-container-3634867815 .isotope2 .rt-holder .overlay, #rt-tpg-container-3634867815 .carousel2 .rt-holder .overlay,#rt-tpg-container-3634867815 .layout15 .rt-holder h3, #rt-tpg-container-3634867815 .isotope11 .rt-holder h3, #rt-tpg-container-3634867815 .carousel11 .rt-holder h3, #rt-tpg-container-3634867815 .layout16 .rt-holder h3,\n\t\t\t\t\t#rt-tpg-container-3634867815 .isotope12 .rt-holder h3, #rt-tpg-container-3634867815 .carousel12 .rt-holder h3 {background-color:rgba(3,103,191,0.8);}#rt-tpg-container-3634867815 .read-more a{border-radius:px;}#rt-tpg-container-3634867815 .rt-img-holder img.rt-img-responsive,#rt-tpg-container-3634867815 .rt-img-holder,\n\t\t\t\t\t#rt-tpg-container-3634867815 .rt-post-overlay .post-img,\n\t\t\t\t\t#rt-tpg-container-3634867815 .post-sm .post-img,\n\t\t\t\t\t#rt-tpg-container-3634867815 .rt-post-grid .post-img,\n\t\t\t\t\t#rt-tpg-container-3634867815 .post-img img {border-radius:px;}<\/style><div class='rt-container-fluid rt-tpg-container tpg-shortcode-main-wrapper ' id='rt-tpg-container-3634867815'   data-layout='layout1' data-grid-style='even' data-desktop-col='3'  data-tab-col='2'  data-mobile-col='1' data-sc-id='254663'><div data-title='Loading ...' class='rt-row rt-content-loader   layout1 tpg-even '><div class=\"rt-col-md-4 rt-col-sm-6 rt-col-xs-12 even-grid-item rt-grid-item\" data-id=\"344150\"><div class=\"rt-holder\"><div class=\"rt-img-holder\"><a data-id=\"344150\" class=\"\" href=\"https:\/\/goias.gov.br\/cultura\/animacao-francesa-encanta-o-publico-infantil-no-cine-ferroviario-neste-fim-de-semana\/\"><img fetchpriority=\"high\" decoding=\"async\" width=\"800\" height=\"430\" src=\"https:\/\/goias.gov.br\/cultura\/wp-content\/uploads\/sites\/25\/2026\/03\/A-VIAGEM-DE-ERNESTO-E-CELESTINE.jpg\" class=\"rt-img-responsive \" alt=\"\" \/><\/a><\/div><div class='rt-detail'><h3 class=\"entry-title\"><a data-id=\"344150\" class=\"\" href=\"https:\/\/goias.gov.br\/cultura\/animacao-francesa-encanta-o-publico-infantil-no-cine-ferroviario-neste-fim-de-semana\/\">Anima\u00e7\u00e3o francesa encanta o p\u00fablico infantil no Cine Ferrovi\u00e1rio neste fim de semana<\/a><\/h3><div class='post-meta-user  '><span class='date'><i class='far fa-calendar-alt '><\/i>25 de mar\u00e7o de 2026<\/span><\/div><div class='tpg-excerpt'>Programa\u00e7\u00e3o gratuita em Pires do Rio traz duas sess\u00f5es do filme A Viagem de Ernesto...<\/div><div class='post-meta '><span class='read-more'><a data-id='344150' class='' href='https:\/\/goias.gov.br\/cultura\/animacao-francesa-encanta-o-publico-infantil-no-cine-ferroviario-neste-fim-de-semana\/'>Leia Mais...<\/a><\/span><\/div><\/div><\/div><\/div><div class=\"rt-col-md-4 rt-col-sm-6 rt-col-xs-12 even-grid-item rt-grid-item\" data-id=\"292857\"><div class=\"rt-holder\"><div class=\"rt-img-holder\"><a data-id=\"292857\" class=\"\" href=\"https:\/\/goias.gov.br\/cultura\/suspense-emocao-e-grandes-historias-no-cine-teatro-sao-joaquim\/\"><img decoding=\"async\" width=\"1920\" height=\"1080\" src=\"https:\/\/goias.gov.br\/cultura\/wp-content\/uploads\/sites\/25\/2025\/12\/o-agente-secreto-1.jpg\" class=\"rt-img-responsive \" alt=\"\" \/><\/a><\/div><div class='rt-detail'><h3 class=\"entry-title\"><a data-id=\"292857\" class=\"\" href=\"https:\/\/goias.gov.br\/cultura\/suspense-emocao-e-grandes-historias-no-cine-teatro-sao-joaquim\/\">Suspense, emo\u00e7\u00e3o e grandes hist\u00f3rias no Cine Teatro S\u00e3o Joaquim<\/a><\/h3><div class='post-meta-user  '><span class='date'><i class='far fa-calendar-alt '><\/i>3 de dezembro de 2025<\/span><\/div><div class='tpg-excerpt'>Programa\u00e7\u00e3o do fim de semana exibe filmes impactantes com tramas cheias de tens\u00e3o e drama...<\/div><div class='post-meta '><span class='read-more'><a data-id='292857' class='' href='https:\/\/goias.gov.br\/cultura\/suspense-emocao-e-grandes-historias-no-cine-teatro-sao-joaquim\/'>Leia Mais...<\/a><\/span><\/div><\/div><\/div><\/div><div class=\"rt-col-md-4 rt-col-sm-6 rt-col-xs-12 even-grid-item rt-grid-item\" data-id=\"286945\"><div class=\"rt-holder\"><div class=\"rt-img-holder\"><a data-id=\"286945\" class=\"\" href=\"https:\/\/goias.gov.br\/cultura\/programacao-cultural-do-fim-de-semana-em-goias-conta-com-espetaculos-cinema-e-exposicoes-de-arte\/\"><img decoding=\"async\" width=\"1280\" height=\"851\" src=\"https:\/\/goias.gov.br\/cultura\/wp-content\/uploads\/sites\/25\/2025\/11\/Cine-Teatro-Sao-Joaquim_Secult-4-1.jpeg\" class=\"rt-img-responsive \" alt=\"\" \/><\/a><\/div><div class='rt-detail'><h3 class=\"entry-title\"><a data-id=\"286945\" class=\"\" href=\"https:\/\/goias.gov.br\/cultura\/programacao-cultural-do-fim-de-semana-em-goias-conta-com-espetaculos-cinema-e-exposicoes-de-arte\/\">Programa\u00e7\u00e3o cultural do fim de semana em Goi\u00e1s conta com espet\u00e1culos, cinema e exposi\u00e7\u00f5es de arte<\/a><\/h3><div class='post-meta-user  '><span class='date'><i class='far fa-calendar-alt '><\/i>28 de novembro de 2025<\/span><\/div><div class='tpg-excerpt'>Agenda da Secult Goi\u00e1s oferece op\u00e7\u00f5es gratuitas e variadas na capital e no interior A...<\/div><div class='post-meta '><span class='read-more'><a data-id='286945' class='' href='https:\/\/goias.gov.br\/cultura\/programacao-cultural-do-fim-de-semana-em-goias-conta-com-espetaculos-cinema-e-exposicoes-de-arte\/'>Leia Mais...<\/a><\/span><\/div><\/div><\/div><\/div><\/div><\/div><\/div>\n\t\t\t\t\t\t<\/div>\n\t\t\t\t<\/div>\n\t\t\t\t\t<\/div>\n\t\t\t\t<\/div>\n\t\t\t\t<\/div>\n\t\t","protected":false},"excerpt":{"rendered":"<p>Atualmente gerenciado pelo Sesc. Acesse as redes sociais da unidade para conferir a programa\u00e7\u00e3o. @cineteatrosaojoaquim Regulamento de uso e funcionamento do espa\u00e7o: Regulamento S\u00e3o Joaquim<\/p>\n","protected":false},"author":82,"featured_media":0,"parent":0,"menu_order":0,"comment_status":"closed","ping_status":"closed","template":"","meta":{"footnotes":""},"class_list":["post-254577","page","type-page","status-publish","hentry"],"rttpg_featured_image_url":null,"rttpg_author":{"display_name":"andredutton","author_link":"https:\/\/goias.gov.br\/cultura\/author\/andre-duttonfornecedores-goias-gov-br\/"},"rttpg_comment":0,"rttpg_category":"","rttpg_excerpt":"Atualmente gerenciado pelo Sesc. Acesse as redes sociais da unidade para conferir a programa\u00e7\u00e3o. @cineteatrosaojoaquim Regulamento de uso e funcionamento do espa\u00e7o: Regulamento S\u00e3o Joaquim","_links":{"self":[{"href":"https:\/\/goias.gov.br\/cultura\/wp-json\/wp\/v2\/pages\/254577","targetHints":{"allow":["GET"]}}],"collection":[{"href":"https:\/\/goias.gov.br\/cultura\/wp-json\/wp\/v2\/pages"}],"about":[{"href":"https:\/\/goias.gov.br\/cultura\/wp-json\/wp\/v2\/types\/page"}],"author":[{"embeddable":true,"href":"https:\/\/goias.gov.br\/cultura\/wp-json\/wp\/v2\/users\/82"}],"replies":[{"embeddable":true,"href":"https:\/\/goias.gov.br\/cultura\/wp-json\/wp\/v2\/comments?post=254577"}],"version-history":[{"count":2,"href":"https:\/\/goias.gov.br\/cultura\/wp-json\/wp\/v2\/pages\/254577\/revisions"}],"predecessor-version":[{"id":345921,"href":"https:\/\/goias.gov.br\/cultura\/wp-json\/wp\/v2\/pages\/254577\/revisions\/345921"}],"wp:attachment":[{"href":"https:\/\/goias.gov.br\/cultura\/wp-json\/wp\/v2\/media?parent=254577"}],"curies":[{"name":"wp","href":"https:\/\/api.w.org\/{rel}","templated":true}]}}