

{"id":242231,"date":"2025-09-29T11:27:24","date_gmt":"2025-09-29T14:27:24","guid":{"rendered":"https:\/\/goias.gov.br\/cultura\/?page_id=242231"},"modified":"2025-12-01T09:42:28","modified_gmt":"2025-12-01T12:42:28","slug":"edital-de-selecao-de-apresentacoes-artisticas-do-natal-do-bem-2025","status":"publish","type":"page","link":"https:\/\/goias.gov.br\/cultura\/edital-de-selecao-de-apresentacoes-artisticas-do-natal-do-bem-2025\/","title":{"rendered":"Edital de sele\u00e7\u00e3o de apresenta\u00e7\u00f5es art\u00edsticas do NATAL DO BEM 2025"},"content":{"rendered":"\n<figure><img decoding=\"async\" src=\"https:\/\/goias.gov.br\/cultura\/wp-content\/uploads\/sites\/25\/2025\/09\/OVG-NATAL-DO-BEM-2024-1024x682.jpg\" alt=\"\"\/><\/figure>\n\n\n<p>A Secretaria de Estado da Cultura (Secult), em parceria com a Universidade Federal de Goi\u00e1s (UFG) e a Funda\u00e7\u00e3o RTVE, torna p\u00fablico o Chamamento P\u00fablico n\u00ba 01\/2025, edital que seleciona artistas e grupos culturais que ir\u00e3o compor a programa\u00e7\u00e3o do Natal do Bem 2025, realizado pela Organiza\u00e7\u00e3o das Volunt\u00e1rias de Goi\u00e1s (OVG).<\/p>\n\n\n<p>O edital visa valorizar a cultura goiana e incentivar a participa\u00e7\u00e3o de artistas locais em um dos maiores eventos natalinos do Estado, que acontece entre 14 de novembro de 2025 e 4 de janeiro de 2026, no Centro Cultural Oscar Niemeyer, em Goi\u00e2nia. Ao todo, ser\u00e3o selecionados 52 espet\u00e1culos com cach\u00eas de R$ 5 mil a R$ 20 mil.<\/p>\n\n\n<p><\/p>\n\t\t\n\t\t\t\t\t<a href=\"https:\/\/web.ufg.br\/plateia-editais\/#\/edital\/chamamento-publico-n012025-edital-de-credenciamento-e-selecao-de-apresentacoes-artisticas-para-compor-a-programacao-do-natal-do-bem-2025\">\n\t\t\t\t\t\t\t\t\tFA\u00c7A AQUI SUA INSCRI\u00c7\u00c3O AQUI\n\t\t\t\t\t<\/a>","protected":false},"excerpt":{"rendered":"<p>A Secretaria de Estado da Cultura (Secult), em parceria com a Universidade Federal de Goi\u00e1s (UFG) e a Funda\u00e7\u00e3o RTVE, torna p\u00fablico o Chamamento P\u00fablico n\u00ba 01\/2025, edital que seleciona artistas e grupos culturais que ir\u00e3o compor a programa\u00e7\u00e3o do Natal do Bem 2025, realizado pela Organiza\u00e7\u00e3o das Volunt\u00e1rias de Goi\u00e1s (OVG). O edital visa [&hellip;]<\/p>\n","protected":false},"author":322,"featured_media":0,"parent":0,"menu_order":0,"comment_status":"closed","ping_status":"closed","template":"","meta":{"footnotes":""},"class_list":["post-242231","page","type-page","status-publish","hentry"],"rttpg_featured_image_url":null,"rttpg_author":{"display_name":"alessandraferreira","author_link":"https:\/\/goias.gov.br\/cultura\/author\/alessandraferreira\/"},"rttpg_comment":0,"rttpg_category":null,"rttpg_excerpt":"A Secretaria de Estado da Cultura (Secult), em parceria com a Universidade Federal de Goi\u00e1s (UFG) e a Funda\u00e7\u00e3o RTVE, torna p\u00fablico o Chamamento P\u00fablico n\u00ba 01\/2025, edital que seleciona artistas e grupos culturais que ir\u00e3o compor a programa\u00e7\u00e3o do Natal do Bem 2025, realizado pela Organiza\u00e7\u00e3o das Volunt\u00e1rias de Goi\u00e1s (OVG). O edital visa&hellip;","_links":{"self":[{"href":"https:\/\/goias.gov.br\/cultura\/wp-json\/wp\/v2\/pages\/242231","targetHints":{"allow":["GET"]}}],"collection":[{"href":"https:\/\/goias.gov.br\/cultura\/wp-json\/wp\/v2\/pages"}],"about":[{"href":"https:\/\/goias.gov.br\/cultura\/wp-json\/wp\/v2\/types\/page"}],"author":[{"embeddable":true,"href":"https:\/\/goias.gov.br\/cultura\/wp-json\/wp\/v2\/users\/322"}],"replies":[{"embeddable":true,"href":"https:\/\/goias.gov.br\/cultura\/wp-json\/wp\/v2\/comments?post=242231"}],"version-history":[{"count":2,"href":"https:\/\/goias.gov.br\/cultura\/wp-json\/wp\/v2\/pages\/242231\/revisions"}],"predecessor-version":[{"id":242310,"href":"https:\/\/goias.gov.br\/cultura\/wp-json\/wp\/v2\/pages\/242231\/revisions\/242310"}],"wp:attachment":[{"href":"https:\/\/goias.gov.br\/cultura\/wp-json\/wp\/v2\/media?parent=242231"}],"curies":[{"name":"wp","href":"https:\/\/api.w.org\/{rel}","templated":true}]}}