

{"id":23939,"date":"2024-03-22T10:09:06","date_gmt":"2024-03-22T13:09:06","guid":{"rendered":"https:\/\/goias.gov.br\/cultura\/?page_id=23939"},"modified":"2024-03-22T10:09:06","modified_gmt":"2024-03-22T13:09:06","slug":"sesmt","status":"publish","type":"page","link":"https:\/\/goias.gov.br\/cultura\/sesmt\/","title":{"rendered":"SESMT"},"content":{"rendered":"\n<h2 class=\"wp-block-heading\">Servi\u00e7o Especializado em Engenharia de Seguran\u00e7a e em Medicina do Trabalho<\/h2>\n\n\n\n<p>A sigla SESMT significa Servi\u00e7os Especializados em Engenharia de Seguran\u00e7a e em Medicina do Trabalho, sendo regulamentado pela Norma Regulamentadora n\u00ba 04 (NR-04) da Portaria MTb n\u00ba 3.214, de 08 de junho de 1978.<\/p>\n\n\n\n<div class=\"wp-block-media-text is-stacked-on-mobile\" style=\"grid-template-columns:37% auto\"><figure class=\"wp-block-media-text__media\"><img fetchpriority=\"high\" decoding=\"async\" width=\"576\" height=\"769\" src=\"https:\/\/goias.gov.br\/cultura\/wp-content\/uploads\/sites\/25\/2024\/03\/Foto-Rosana-para-perfil.jpg\" alt=\"\" class=\"wp-image-23916 size-full\"\/><\/figure><div class=\"wp-block-media-text__content\">\n<p><strong>&nbsp;Profissionais Integrantes:<\/strong><\/p>\n\n\n\n<ul class=\"wp-block-list\">\n<li>Coordenadora do SESMT SECULT: Rosana Ara\u00fajo<\/li>\n<\/ul>\n\n\n\n<p>Integrantes do SESMT: T\u00e9cnico em Gest\u00e3o P\u00fablica \u2013 T\u00e9cnica em Seguran\u00e7a do Trabalho: Rosana Ara\u00fajo.<\/p>\n\n\n\n<p><strong>&nbsp;Telefone de contato<\/strong>: 62 3201-5388<\/p>\n\n\n\n<p><strong>Celular:<\/strong> 62 9 81612781<\/p>\n<\/div><\/div>\n\n\n\n<p>O servi\u00e7o pode incluir os seguintes profissionais:&nbsp;<\/p>\n\n\n\n<ul class=\"wp-block-list\">\n<li>M\u00e9dico do trabalho;<\/li>\n\n\n\n<li>Enfermeiro do trabalho;<\/li>\n\n\n\n<li>T\u00e9cnico de enfermagem do trabalho;<\/li>\n\n\n\n<li>Engenheiro de seguran\u00e7a do trabalho&nbsp;e<\/li>\n\n\n\n<li>T\u00e9cnico de seguran\u00e7a do trabalho.<\/li>\n<\/ul>\n\n\n\n<p>O SESMT (Servi\u00e7o Especializado em Engenharia de Seguran\u00e7a e em Medicina do Trabalho) desempenha um papel crucial na promo\u00e7\u00e3o da seguran\u00e7a e do bem-estar no ambiente de trabalho, evitando acidentes, doen\u00e7as e gastos desnecess\u00e1rios. Com uma equipe qualificada, dispon\u00edvel para resolver quaisquer obst\u00e1culos que possam surgir, o ambiente de trabalho se torna mais agrad\u00e1vel e produtivo, promovendo um senso de coletividade e prepara\u00e7\u00e3o para futuros projetos. Al\u00e9m disso, o SESMT facilita a implementa\u00e7\u00e3o de programas de preven\u00e7\u00e3o e conscientiza\u00e7\u00e3o, resultando em melhorias percept\u00edveis sem necessidade de outras interven\u00e7\u00f5es externas.<\/p>\n\n\n\n<h2 class=\"wp-block-heading\"><strong>CIPA<\/strong><\/h2>\n\n\n\n<p>A Comiss\u00e3o Interna de Preven\u00e7\u00e3o de Acidentes (CIPA) tem como objetivo promover a seguran\u00e7a e sa\u00fade ocupacional dos colaboradores, incluindo a preven\u00e7\u00e3o do ass\u00e9dio sexual no ambiente de trabalho desde 2023. Ela atua como canal de comunica\u00e7\u00e3o entre os funcion\u00e1rios e a administra\u00e7\u00e3o, promovendo a conscientiza\u00e7\u00e3o sobre seguran\u00e7a laboral. Ao controlar os riscos, a CIPA protege a sa\u00fade dos colaboradores, reduzindo acidentes e afastamentos, e promove um ambiente de trabalho mais saud\u00e1vel e produtivo.<\/p>\n\n\n\n<ul class=\"wp-block-list\">\n<li><strong>NR 5 &#8211; COMISS\u00c3O INTERNA DE PREVEN\u00c7\u00c3O DE ACIDENTES \u2013 norma atualizada \u00a0<\/strong><\/li>\n<\/ul>\n\n\n\n<div data-wp-interactive=\"core\/file\" class=\"wp-block-file\"><object data-wp-bind--hidden=\"!state.hasPdfPreview\" hidden class=\"wp-block-file__embed\" data=\"https:\/\/goias.gov.br\/cultura\/wp-content\/uploads\/sites\/25\/2024\/03\/nr-05-atualizada-2021-1-1-CIPA.pdf\" type=\"application\/pdf\" style=\"width:100%;height:600px\" aria-label=\"Incorporado de nr-05-atualizada-2021-1-1 CIPA.\"><\/object><a id=\"wp-block-file--media-6699f590-da42-4b6d-b184-ecc93e00eb95\" href=\"https:\/\/goias.gov.br\/cultura\/wp-content\/uploads\/sites\/25\/2024\/03\/nr-05-atualizada-2021-1-1-CIPA.pdf\">nr-05-atualizada-2021-1-1 CIPA<\/a><a href=\"https:\/\/goias.gov.br\/cultura\/wp-content\/uploads\/sites\/25\/2024\/03\/nr-05-atualizada-2021-1-1-CIPA.pdf\" class=\"wp-block-file__button wp-element-button\" download aria-describedby=\"wp-block-file--media-6699f590-da42-4b6d-b184-ecc93e00eb95\">Baixar<\/a><\/div>\n\n\n\n<ul class=\"wp-block-list\">\n<li><strong>Portaria de Instru\u00e7\u00e3o Normativa para CIPAs no Estado de Goi\u00e1s<\/strong><\/li>\n<\/ul>\n\n\n\n<div data-wp-interactive=\"core\/file\" class=\"wp-block-file\"><object data-wp-bind--hidden=\"!state.hasPdfPreview\" hidden class=\"wp-block-file__embed\" data=\"https:\/\/goias.gov.br\/cultura\/wp-content\/uploads\/sites\/25\/2024\/03\/in-003-2018-direitos-e-benefIcios-dos-integrantes-de-cipa-3-CIPA-INSTRUCAO-NORMATIVA-NO-DIARIO.pdf\" type=\"application\/pdf\" style=\"width:100%;height:600px\" aria-label=\"Incorporado de in-003-2018-direitos-e-benefIcios-dos-integrantes-de-cipa-3 CIPA INSTRU\u00c7\u00c3O NORMATIVA NO DI\u00c1RIO.\"><\/object><a id=\"wp-block-file--media-b4b38c0f-ce8e-429d-a486-a7c229ad71b2\" href=\"https:\/\/goias.gov.br\/cultura\/wp-content\/uploads\/sites\/25\/2024\/03\/in-003-2018-direitos-e-benefIcios-dos-integrantes-de-cipa-3-CIPA-INSTRUCAO-NORMATIVA-NO-DIARIO.pdf\">in-003-2018-direitos-e-benefIcios-dos-integrantes-de-cipa-3 CIPA INSTRU\u00c7\u00c3O NORMATIVA NO DI\u00c1RIO<\/a><a href=\"https:\/\/goias.gov.br\/cultura\/wp-content\/uploads\/sites\/25\/2024\/03\/in-003-2018-direitos-e-benefIcios-dos-integrantes-de-cipa-3-CIPA-INSTRUCAO-NORMATIVA-NO-DIARIO.pdf\" class=\"wp-block-file__button wp-element-button\" download aria-describedby=\"wp-block-file--media-b4b38c0f-ce8e-429d-a486-a7c229ad71b2\">Baixar<\/a><\/div>\n\n\n\n<ul class=\"wp-block-list\">\n<li><strong>Como proceder em caso de acidentes<\/strong><\/li>\n<\/ul>\n\n\n\n<div data-wp-interactive=\"core\/file\" class=\"wp-block-file\"><object data-wp-bind--hidden=\"!state.hasPdfPreview\" hidden class=\"wp-block-file__embed\" data=\"https:\/\/goias.gov.br\/cultura\/wp-content\/uploads\/sites\/25\/2024\/03\/ACIDENTE-DO-TRABALHO.pdf\" type=\"application\/pdf\" style=\"width:100%;height:600px\" aria-label=\"Incorporado de ACIDENTE DO TRABALHO.\"><\/object><a id=\"wp-block-file--media-eeb0b7fc-e7f3-427f-a47d-47a4f532d636\" href=\"https:\/\/goias.gov.br\/cultura\/wp-content\/uploads\/sites\/25\/2024\/03\/ACIDENTE-DO-TRABALHO.pdf\">ACIDENTE DO TRABALHO<\/a><a href=\"https:\/\/goias.gov.br\/cultura\/wp-content\/uploads\/sites\/25\/2024\/03\/ACIDENTE-DO-TRABALHO.pdf\" class=\"wp-block-file__button wp-element-button\" download aria-describedby=\"wp-block-file--media-eeb0b7fc-e7f3-427f-a47d-47a4f532d636\">Baixar<\/a><\/div>\n\n\n\n<h2 class=\"wp-block-heading\"><strong>SIPAT<\/strong> \u2013 semana Interna de Preven\u00e7\u00e3o de Acidentes.<\/h2>\n\n\n\n<p>A Semana Interna de Preven\u00e7\u00e3o de Acidentes no Trabalho (SIPAT) \u00e9 um evento realizado anualmente em empresas com o objetivo de promover a conscientiza\u00e7\u00e3o e a preven\u00e7\u00e3o de acidentes e doen\u00e7as ocupacionais entre os colaboradores. Durante a SIPAT, s\u00e3o realizadas palestras, workshops, atividades educativas e pr\u00e1ticas relacionadas \u00e0 seguran\u00e7a e sa\u00fade no trabalho.<\/p>\n\n\n\n<p>O principal prop\u00f3sito da SIPAT \u00e9 educar os funcion\u00e1rios sobre os riscos existentes em seus ambientes de trabalho, bem como sobre as medidas preventivas que devem ser adotadas para garantir sua seguran\u00e7a e bem-estar. Al\u00e9m disso, a SIPAT busca incentivar a participa\u00e7\u00e3o ativa dos colaboradores na promo\u00e7\u00e3o de uma cultura de seguran\u00e7a no ambiente de trabalho.<\/p>\n\n\n\n<p>Ao proporcionar informa\u00e7\u00f5es e treinamentos relevantes, a SIPAT contribui para a redu\u00e7\u00e3o de acidentes, les\u00f5es e doen\u00e7as relacionadas ao trabalho, al\u00e9m de promover a qualidade de vida dos trabalhadores. \u00c9 uma oportunidade para fortalecer o compromisso da empresa com a seguran\u00e7a e sa\u00fade ocupacional, demonstrando preocupa\u00e7\u00e3o com o bem-estar de seus funcion\u00e1rios.<\/p>\n\n\n\n<p><strong>SIPAT SECULT 2022<\/strong><\/p>\n\n\n\n<p><strong>SIPAT SECULT 2023<\/strong><\/p>\n\n\n\n<div data-wp-interactive=\"core\/file\" class=\"wp-block-file\"><object data-wp-bind--hidden=\"!state.hasPdfPreview\" hidden class=\"wp-block-file__embed\" data=\"https:\/\/goias.gov.br\/cultura\/wp-content\/uploads\/sites\/25\/2024\/03\/V-SIPAT-SECULT-2023-18.pdf\" type=\"application\/pdf\" style=\"width:100%;height:600px\" aria-label=\"Incorporado de V SIPAT SECULT 2023 (18).\"><\/object><a id=\"wp-block-file--media-981d20b8-194c-4f0d-80be-17d2b0c92981\" href=\"https:\/\/goias.gov.br\/cultura\/wp-content\/uploads\/sites\/25\/2024\/03\/V-SIPAT-SECULT-2023-18.pdf\">V SIPAT SECULT 2023 (18)<\/a><a href=\"https:\/\/goias.gov.br\/cultura\/wp-content\/uploads\/sites\/25\/2024\/03\/V-SIPAT-SECULT-2023-18.pdf\" class=\"wp-block-file__button wp-element-button\" download aria-describedby=\"wp-block-file--media-981d20b8-194c-4f0d-80be-17d2b0c92981\">Baixar<\/a><\/div>\n\n\n\n<div data-wp-interactive=\"core\/file\" class=\"wp-block-file\"><object data-wp-bind--hidden=\"!state.hasPdfPreview\" hidden class=\"wp-block-file__embed\" data=\"https:\/\/goias.gov.br\/cultura\/wp-content\/uploads\/sites\/25\/2024\/03\/Registros-fotograficos-da-V-SIPAT-da-SECULT-2023.pdf\" type=\"application\/pdf\" style=\"width:100%;height:600px\" aria-label=\"Incorporado de Registros fotograficos da V SIPAT da SECULT 2023.\"><\/object><a id=\"wp-block-file--media-0a9e65a7-dda5-4521-94c2-81b9ed5d8fd6\" href=\"https:\/\/goias.gov.br\/cultura\/wp-content\/uploads\/sites\/25\/2024\/03\/Registros-fotograficos-da-V-SIPAT-da-SECULT-2023.pdf\">Registros fotograficos da V SIPAT da SECULT 2023<\/a><a href=\"https:\/\/goias.gov.br\/cultura\/wp-content\/uploads\/sites\/25\/2024\/03\/Registros-fotograficos-da-V-SIPAT-da-SECULT-2023.pdf\" class=\"wp-block-file__button wp-element-button\" download aria-describedby=\"wp-block-file--media-0a9e65a7-dda5-4521-94c2-81b9ed5d8fd6\">Baixar<\/a><\/div>\n\n\n\n<p><strong>Para maiores informa\u00e7\u00f5es procure por:<\/strong><\/p>\n\n\n\n<ul class=\"wp-block-list\">\n<li><strong><a href=\"https:\/\/goias.gov.br\/administracao\/diretoria-executiva-de-saude-e-seguranca-do-servidor\/\">Diretoria Executiva de Sa\u00fade e Seguran\u00e7a do Servidor<\/a><\/strong><\/li>\n\n\n\n<li><strong><a href=\"https:\/\/goias.gov.br\/administracao\/documentos-sobre-a-legislacao\/\">Documentos sobre a Legisla\u00e7\u00e3o<\/a><\/strong><\/li>\n\n\n\n<li><strong><a href=\"http:\/\/www.portaldoservidor.go.gov.br\/saude-do-servidor\/seguranca-e-saude.html\">Sa\u00fade e Seguran\u00e7a do Servidor, documentos e informa\u00e7\u00f5es<\/a><\/strong><\/li>\n\n\n\n<li><strong><a href=\"https:\/\/goias.gov.br\/administracao\/licenca-decorrente-de-acidente-de-trabalho-ou-doenca-profissional\/\">Licen\u00e7a decorrente de Acidente de Trabalho ou Doen\u00e7a Profissional<\/a><\/strong><\/li>\n<\/ul>\n","protected":false},"excerpt":{"rendered":"<p>Servi\u00e7o Especializado em Engenharia de Seguran\u00e7a e em Medicina do Trabalho A sigla SESMT significa Servi\u00e7os Especializados em Engenharia de Seguran\u00e7a e em Medicina do Trabalho, sendo regulamentado pela Norma Regulamentadora n\u00ba 04 (NR-04) da Portaria MTb n\u00ba 3.214, de 08 de junho de 1978. O servi\u00e7o pode incluir os seguintes profissionais:&nbsp; O SESMT (Servi\u00e7o [&hellip;]<\/p>\n","protected":false},"author":322,"featured_media":0,"parent":0,"menu_order":0,"comment_status":"closed","ping_status":"closed","template":"","meta":{"footnotes":""},"class_list":["post-23939","page","type-page","status-publish","hentry"],"rttpg_featured_image_url":null,"rttpg_author":{"display_name":"alessandraferreira","author_link":"https:\/\/goias.gov.br\/cultura\/author\/alessandraferreira\/"},"rttpg_comment":0,"rttpg_category":null,"rttpg_excerpt":"Servi\u00e7o Especializado em Engenharia de Seguran\u00e7a e em Medicina do Trabalho A sigla SESMT significa Servi\u00e7os Especializados em Engenharia de Seguran\u00e7a e em Medicina do Trabalho, sendo regulamentado pela Norma Regulamentadora n\u00ba 04 (NR-04) da Portaria MTb n\u00ba 3.214, de 08 de junho de 1978. O servi\u00e7o pode incluir os seguintes profissionais:&nbsp; O SESMT (Servi\u00e7o&hellip;","_links":{"self":[{"href":"https:\/\/goias.gov.br\/cultura\/wp-json\/wp\/v2\/pages\/23939","targetHints":{"allow":["GET"]}}],"collection":[{"href":"https:\/\/goias.gov.br\/cultura\/wp-json\/wp\/v2\/pages"}],"about":[{"href":"https:\/\/goias.gov.br\/cultura\/wp-json\/wp\/v2\/types\/page"}],"author":[{"embeddable":true,"href":"https:\/\/goias.gov.br\/cultura\/wp-json\/wp\/v2\/users\/322"}],"replies":[{"embeddable":true,"href":"https:\/\/goias.gov.br\/cultura\/wp-json\/wp\/v2\/comments?post=23939"}],"version-history":[{"count":1,"href":"https:\/\/goias.gov.br\/cultura\/wp-json\/wp\/v2\/pages\/23939\/revisions"}],"predecessor-version":[{"id":23940,"href":"https:\/\/goias.gov.br\/cultura\/wp-json\/wp\/v2\/pages\/23939\/revisions\/23940"}],"wp:attachment":[{"href":"https:\/\/goias.gov.br\/cultura\/wp-json\/wp\/v2\/media?parent=23939"}],"curies":[{"name":"wp","href":"https:\/\/api.w.org\/{rel}","templated":true}]}}