

{"id":23378,"date":"2024-03-01T10:45:34","date_gmt":"2024-03-01T13:45:34","guid":{"rendered":"https:\/\/goias.gov.br\/cultura\/?page_id=23378"},"modified":"2026-03-11T16:35:33","modified_gmt":"2026-03-11T19:35:33","slug":"todas-as-unidades","status":"publish","type":"page","link":"https:\/\/goias.gov.br\/cultura\/todas-as-unidades\/","title":{"rendered":"TODAS AS UNIDADES"},"content":{"rendered":"\t\t<div data-elementor-type=\"wp-page\" data-elementor-id=\"23378\" class=\"elementor elementor-23378\">\n\t\t\t\t<div class=\"elementor-element elementor-element-9201284 e-flex e-con-boxed e-con e-parent\" data-id=\"9201284\" data-element_type=\"container\" data-e-type=\"container\">\n\t\t\t\t\t<div class=\"e-con-inner\">\n\t\t<div class=\"elementor-element elementor-element-1d96b41 e-grid e-con-full e-con e-child\" data-id=\"1d96b41\" data-element_type=\"container\" data-e-type=\"container\">\n\t\t<div class=\"elementor-element elementor-element-7fe347e e-con-full e-flex e-con e-child\" data-id=\"7fe347e\" data-element_type=\"container\" data-e-type=\"container\" data-settings=\"{&quot;background_background&quot;:&quot;classic&quot;}\">\n\t\t\t\t<div class=\"elementor-element elementor-element-3f2a28b elementor-widget elementor-widget-heading\" data-id=\"3f2a28b\" data-element_type=\"widget\" data-e-type=\"widget\" data-widget_type=\"heading.default\">\n\t\t\t\t<div class=\"elementor-widget-container\">\n\t\t\t\t\t<h2 class=\"elementor-heading-title elementor-size-default\"><a href=\"https:\/\/goias.gov.br\/cultura\/arquivo-historico\/\">ARQUIVO<br> HIST\u00d3RICO<\/a><\/h2>\t\t\t\t<\/div>\n\t\t\t\t<\/div>\n\t\t\t\t<\/div>\n\t\t<div class=\"elementor-element elementor-element-7e58307 e-con-full e-flex e-con e-child\" data-id=\"7e58307\" data-element_type=\"container\" data-e-type=\"container\" data-settings=\"{&quot;background_background&quot;:&quot;classic&quot;}\">\n\t\t\t\t<div class=\"elementor-element elementor-element-c345730 elementor-widget elementor-widget-heading\" data-id=\"c345730\" data-element_type=\"widget\" data-e-type=\"widget\" data-widget_type=\"heading.default\">\n\t\t\t\t<div class=\"elementor-widget-container\">\n\t\t\t\t\t<h2 class=\"elementor-heading-title elementor-size-default\"><a href=\"https:\/\/goias.gov.br\/cultura\/biblioteca-braille-jose-alvarez-de-azevedo\/\">BIBLIOTECA BRAILLE JOS\u00c9 \u00c1LVAREZ DE AZEVEDO<\/a><\/h2>\t\t\t\t<\/div>\n\t\t\t\t<\/div>\n\t\t\t\t<\/div>\n\t\t<div class=\"elementor-element elementor-element-9818b64 e-con-full e-flex e-con e-child\" data-id=\"9818b64\" data-element_type=\"container\" data-e-type=\"container\" data-settings=\"{&quot;background_background&quot;:&quot;classic&quot;}\">\n\t\t\t\t<div class=\"elementor-element elementor-element-fa77ef4 elementor-widget elementor-widget-heading\" data-id=\"fa77ef4\" data-element_type=\"widget\" data-e-type=\"widget\" data-widget_type=\"heading.default\">\n\t\t\t\t<div class=\"elementor-widget-container\">\n\t\t\t\t\t<h2 class=\"elementor-heading-title elementor-size-default\"><a href=\"https:\/\/goias.gov.br\/cultura\/biblioteca-estadual-pio-vargas\">BIBLIOTECA PIO VARGAS<\/a><\/h2>\t\t\t\t<\/div>\n\t\t\t\t<\/div>\n\t\t\t\t<\/div>\n\t\t<div class=\"elementor-element elementor-element-bcc8b9b e-con-full e-flex e-con e-child\" data-id=\"bcc8b9b\" data-element_type=\"container\" data-e-type=\"container\" data-settings=\"{&quot;background_background&quot;:&quot;classic&quot;}\">\n\t\t\t\t<div class=\"elementor-element elementor-element-f4b7d76 elementor-widget elementor-widget-heading\" data-id=\"f4b7d76\" data-element_type=\"widget\" data-e-type=\"widget\" data-widget_type=\"heading.default\">\n\t\t\t\t<div class=\"elementor-widget-container\">\n\t\t\t\t\t<h2 class=\"elementor-heading-title elementor-size-default\"><a href=\"https:\/\/goias.gov.br\/cultura\/centro-cultural-marietta-telles-machado\/\">CENTRO CULTURAL MARIETTA TELLES MACHADO<\/a><\/h2>\t\t\t\t<\/div>\n\t\t\t\t<\/div>\n\t\t\t\t<\/div>\n\t\t<div class=\"elementor-element elementor-element-82c7359 e-con-full e-flex e-con e-child\" data-id=\"82c7359\" data-element_type=\"container\" data-e-type=\"container\" data-settings=\"{&quot;background_background&quot;:&quot;classic&quot;}\">\n\t\t\t\t<div class=\"elementor-element elementor-element-3efb989 elementor-widget elementor-widget-heading\" data-id=\"3efb989\" data-element_type=\"widget\" data-e-type=\"widget\" data-widget_type=\"heading.default\">\n\t\t\t\t<div class=\"elementor-widget-container\">\n\t\t\t\t\t<h2 class=\"elementor-heading-title elementor-size-default\"><a href=\"https:\/\/goias.gov.br\/cultura\/centro-cultural-martim-cerere\">CENTRO CULTURAL MARTIM CERER\u00ca<\/a><\/h2>\t\t\t\t<\/div>\n\t\t\t\t<\/div>\n\t\t\t\t<\/div>\n\t\t<div class=\"elementor-element elementor-element-10d97b5 e-con-full e-flex e-con e-child\" data-id=\"10d97b5\" data-element_type=\"container\" data-e-type=\"container\" data-settings=\"{&quot;background_background&quot;:&quot;classic&quot;}\">\n\t\t\t\t<div class=\"elementor-element elementor-element-dd22e5e elementor-widget elementor-widget-heading\" data-id=\"dd22e5e\" data-element_type=\"widget\" data-e-type=\"widget\" data-widget_type=\"heading.default\">\n\t\t\t\t<div class=\"elementor-widget-container\">\n\t\t\t\t\t<h2 class=\"elementor-heading-title elementor-size-default\"><a href=\"https:\/\/goias.gov.br\/cultura\/centro-cultural-octo-marques\/\">CENTRO CULTURAL OCTO MARQUES<\/a><\/h2>\t\t\t\t<\/div>\n\t\t\t\t<\/div>\n\t\t\t\t<\/div>\n\t\t<div class=\"elementor-element elementor-element-bd2fe0e e-con-full e-flex e-con e-child\" data-id=\"bd2fe0e\" data-element_type=\"container\" data-e-type=\"container\" data-settings=\"{&quot;background_background&quot;:&quot;classic&quot;}\">\n\t\t\t\t<div class=\"elementor-element elementor-element-e1a78b0 elementor-widget elementor-widget-heading\" data-id=\"e1a78b0\" data-element_type=\"widget\" data-e-type=\"widget\" data-widget_type=\"heading.default\">\n\t\t\t\t<div class=\"elementor-widget-container\">\n\t\t\t\t\t<h2 class=\"elementor-heading-title elementor-size-default\"><a href=\"https:\/\/goias.gov.br\/cultura\/cinemas\/cine-cultura\/\">CINE CULTURA<\/a><\/h2>\t\t\t\t<\/div>\n\t\t\t\t<\/div>\n\t\t\t\t<\/div>\n\t\t<div class=\"elementor-element elementor-element-9543ae1 e-con-full e-flex e-con e-child\" data-id=\"9543ae1\" data-element_type=\"container\" data-e-type=\"container\" data-settings=\"{&quot;background_background&quot;:&quot;classic&quot;}\">\n\t\t\t\t<div class=\"elementor-element elementor-element-ca9fec7 elementor-widget elementor-widget-heading\" data-id=\"ca9fec7\" data-element_type=\"widget\" data-e-type=\"widget\" data-widget_type=\"heading.default\">\n\t\t\t\t<div class=\"elementor-widget-container\">\n\t\t\t\t\t<h2 class=\"elementor-heading-title elementor-size-default\"><a href=\"https:\/\/goias.gov.br\/cultura\/escola-de-artes-visuais\/\">ESCOLA DE ARTES VISUAIS<\/a><\/h2>\t\t\t\t<\/div>\n\t\t\t\t<\/div>\n\t\t\t\t<\/div>\n\t\t<div class=\"elementor-element elementor-element-2bae425 e-con-full e-flex e-con e-child\" data-id=\"2bae425\" data-element_type=\"container\" data-e-type=\"container\" data-settings=\"{&quot;background_background&quot;:&quot;classic&quot;}\">\n\t\t\t\t<div class=\"elementor-element elementor-element-1f58adf elementor-widget elementor-widget-heading\" data-id=\"1f58adf\" data-element_type=\"widget\" data-e-type=\"widget\" data-widget_type=\"heading.default\">\n\t\t\t\t<div class=\"elementor-widget-container\">\n\t\t\t\t\t<h2 class=\"elementor-heading-title elementor-size-default\"><a href=\"https:\/\/goias.gov.br\/cultura\/gibiteca-jorge-braga\">GIBITECA JORGE BRAGA<\/a><\/h2>\t\t\t\t<\/div>\n\t\t\t\t<\/div>\n\t\t\t\t<\/div>\n\t\t<div class=\"elementor-element elementor-element-e27deba e-con-full e-flex e-con e-child\" data-id=\"e27deba\" data-element_type=\"container\" data-e-type=\"container\" data-settings=\"{&quot;background_background&quot;:&quot;classic&quot;}\">\n\t\t\t\t<div class=\"elementor-element elementor-element-dc80964 elementor-widget elementor-widget-heading\" data-id=\"dc80964\" data-element_type=\"widget\" data-e-type=\"widget\" data-widget_type=\"heading.default\">\n\t\t\t\t<div class=\"elementor-widget-container\">\n\t\t\t\t\t<h2 class=\"elementor-heading-title elementor-size-default\"><a href=\"https:\/\/goias.gov.br\/cultura\/museu-da-imagem-e-do-som\/\">GALERIA DE ARTES FREI NAZARENO CONFALONI\n<\/a><\/h2>\t\t\t\t<\/div>\n\t\t\t\t<\/div>\n\t\t\t\t<\/div>\n\t\t<div class=\"elementor-element elementor-element-97e9e95 e-con-full e-flex e-con e-child\" data-id=\"97e9e95\" data-element_type=\"container\" data-e-type=\"container\" data-settings=\"{&quot;background_background&quot;:&quot;classic&quot;}\">\n\t\t\t\t<div class=\"elementor-element elementor-element-3e4ba2e elementor-widget elementor-widget-heading\" data-id=\"3e4ba2e\" data-element_type=\"widget\" data-e-type=\"widget\" data-widget_type=\"heading.default\">\n\t\t\t\t<div class=\"elementor-widget-container\">\n\t\t\t\t\t<h2 class=\"elementor-heading-title elementor-size-default\"><a href=\"https:\/\/goias.gov.br\/cultura\/centro-cultural-octo-marques\/galeria-sebastiao-dos-reis\/\">GALERIA SEBASTI\u00c3O DOS REIS\n<\/a><\/h2>\t\t\t\t<\/div>\n\t\t\t\t<\/div>\n\t\t\t\t<\/div>\n\t\t<div class=\"elementor-element elementor-element-2583c11 e-con-full e-flex e-con e-child\" data-id=\"2583c11\" data-element_type=\"container\" data-e-type=\"container\" data-settings=\"{&quot;background_background&quot;:&quot;classic&quot;}\">\n\t\t\t\t<div class=\"elementor-element elementor-element-e5b3b7f elementor-widget elementor-widget-heading\" data-id=\"e5b3b7f\" data-element_type=\"widget\" data-e-type=\"widget\" data-widget_type=\"heading.default\">\n\t\t\t\t<div class=\"elementor-widget-container\">\n\t\t\t\t\t<h2 class=\"elementor-heading-title elementor-size-default\"><a href=\"https:\/\/goias.gov.br\/cultura\/instituto-goiano-do-livro\/\">INSTITUTO GOIANO DO LIVRO\n<\/a><\/h2>\t\t\t\t<\/div>\n\t\t\t\t<\/div>\n\t\t\t\t<\/div>\n\t\t<div class=\"elementor-element elementor-element-a9ec96d e-con-full e-flex e-con e-child\" data-id=\"a9ec96d\" data-element_type=\"container\" data-e-type=\"container\" data-settings=\"{&quot;background_background&quot;:&quot;classic&quot;}\">\n\t\t\t\t<div class=\"elementor-element elementor-element-181986a elementor-widget elementor-widget-heading\" data-id=\"181986a\" data-element_type=\"widget\" data-e-type=\"widget\" data-widget_type=\"heading.default\">\n\t\t\t\t<div class=\"elementor-widget-container\">\n\t\t\t\t\t<h2 class=\"elementor-heading-title elementor-size-default\"><a href=\"https:\/\/goias.gov.br\/cultura\/museu-da-imagem-e-do-som\/\">MUSEU DA IMAGEM E DO SOM\n<\/a><\/h2>\t\t\t\t<\/div>\n\t\t\t\t<\/div>\n\t\t\t\t<\/div>\n\t\t<div class=\"elementor-element elementor-element-a05a582 e-con-full e-flex e-con e-child\" data-id=\"a05a582\" data-element_type=\"container\" data-e-type=\"container\" data-settings=\"{&quot;background_background&quot;:&quot;classic&quot;}\">\n\t\t\t\t<div class=\"elementor-element elementor-element-a893382 elementor-widget elementor-widget-heading\" data-id=\"a893382\" data-element_type=\"widget\" data-e-type=\"widget\" data-widget_type=\"heading.default\">\n\t\t\t\t<div class=\"elementor-widget-container\">\n\t\t\t\t\t<h2 class=\"elementor-heading-title elementor-size-default\"><a href=\"https:\/\/goias.gov.br\/cultura\/museu-ferroviario-de-pires-do-rio\/\">MUSEU FERROVI\u00c1RIO DE PIRES DO RIO\n<\/a><\/h2>\t\t\t\t<\/div>\n\t\t\t\t<\/div>\n\t\t\t\t<\/div>\n\t\t<div class=\"elementor-element elementor-element-2266fa5 e-con-full e-flex e-con e-child\" data-id=\"2266fa5\" data-element_type=\"container\" data-e-type=\"container\" data-settings=\"{&quot;background_background&quot;:&quot;classic&quot;}\">\n\t\t\t\t<div class=\"elementor-element elementor-element-25357d5 elementor-widget elementor-widget-heading\" data-id=\"25357d5\" data-element_type=\"widget\" data-e-type=\"widget\" data-widget_type=\"heading.default\">\n\t\t\t\t<div class=\"elementor-widget-container\">\n\t\t\t\t\t<h2 class=\"elementor-heading-title elementor-size-default\"><a href=\"https:\/\/goias.gov.br\/cultura\/museu-pedro-ludovico\/\">MUSEU PEDRO LUDOVICO\n<\/a><\/h2>\t\t\t\t<\/div>\n\t\t\t\t<\/div>\n\t\t\t\t<\/div>\n\t\t<div class=\"elementor-element elementor-element-edb2a5d e-con-full e-flex e-con e-child\" data-id=\"edb2a5d\" data-element_type=\"container\" data-e-type=\"container\" data-settings=\"{&quot;background_background&quot;:&quot;classic&quot;}\">\n\t\t\t\t<div class=\"elementor-element elementor-element-21d4cfd elementor-widget elementor-widget-heading\" data-id=\"21d4cfd\" data-element_type=\"widget\" data-e-type=\"widget\" data-widget_type=\"heading.default\">\n\t\t\t\t<div class=\"elementor-widget-container\">\n\t\t\t\t\t<h2 class=\"elementor-heading-title elementor-size-default\"><a href=\"https:\/\/goias.gov.br\/cultura\/museu-zoroastro-artiaga\/\">MUSEU ZOROASTRO ARTIAGA\n<\/a><\/h2>\t\t\t\t<\/div>\n\t\t\t\t<\/div>\n\t\t\t\t<\/div>\n\t\t<div class=\"elementor-element elementor-element-8254889 e-con-full e-flex e-con e-child\" data-id=\"8254889\" data-element_type=\"container\" data-e-type=\"container\" data-settings=\"{&quot;background_background&quot;:&quot;classic&quot;}\">\n\t\t\t\t<div class=\"elementor-element elementor-element-76c95ba elementor-widget elementor-widget-heading\" data-id=\"76c95ba\" data-element_type=\"widget\" data-e-type=\"widget\" data-widget_type=\"heading.default\">\n\t\t\t\t<div class=\"elementor-widget-container\">\n\t\t\t\t\t<h2 class=\"elementor-heading-title elementor-size-default\"><a href=\"https:\/\/goias.gov.br\/cultura\/orquestra-de-violeiros\/\">ORQUESTRA DE VIOLEIROS\n<\/a><\/h2>\t\t\t\t<\/div>\n\t\t\t\t<\/div>\n\t\t\t\t<\/div>\n\t\t<div class=\"elementor-element elementor-element-9c8c12d e-con-full e-flex e-con e-child\" data-id=\"9c8c12d\" data-element_type=\"container\" data-e-type=\"container\" data-settings=\"{&quot;background_background&quot;:&quot;classic&quot;}\">\n\t\t\t\t<div class=\"elementor-element elementor-element-41e5175 elementor-widget elementor-widget-heading\" data-id=\"41e5175\" data-element_type=\"widget\" data-e-type=\"widget\" data-widget_type=\"heading.default\">\n\t\t\t\t<div class=\"elementor-widget-container\">\n\t\t\t\t\t<h2 class=\"elementor-heading-title elementor-size-default\"><a href=\"https:\/\/goias.gov.br\/cultura\/palacio-conde-dos-arcos\/\">PAL\u00c1CIO CONDE DOS ARCOS\n<\/a><\/h2>\t\t\t\t<\/div>\n\t\t\t\t<\/div>\n\t\t\t\t<\/div>\n\t\t<div class=\"elementor-element elementor-element-02cb51b e-con-full e-flex e-con e-child\" data-id=\"02cb51b\" data-element_type=\"container\" data-e-type=\"container\" data-settings=\"{&quot;background_background&quot;:&quot;classic&quot;}\">\n\t\t\t\t<div class=\"elementor-element elementor-element-cde2031 elementor-widget elementor-widget-heading\" data-id=\"cde2031\" data-element_type=\"widget\" data-e-type=\"widget\" data-widget_type=\"heading.default\">\n\t\t\t\t<div class=\"elementor-widget-container\">\n\t\t\t\t\t<h2 class=\"elementor-heading-title elementor-size-default\"><a href=\"https:\/\/goias.gov.br\/cultura\/sistema-estadual-de-bibliotecas-publicas\/\">SISTEMA ESTADUAL DE BIBLIOTECAS P\u00daBLICAS\n<\/a><\/h2>\t\t\t\t<\/div>\n\t\t\t\t<\/div>\n\t\t\t\t<\/div>\n\t\t<div class=\"elementor-element elementor-element-a4c32ad e-con-full e-flex e-con e-child\" data-id=\"a4c32ad\" data-element_type=\"container\" data-e-type=\"container\" data-settings=\"{&quot;background_background&quot;:&quot;classic&quot;}\">\n\t\t\t\t<div class=\"elementor-element elementor-element-db8e1f6 elementor-widget elementor-widget-heading\" data-id=\"db8e1f6\" data-element_type=\"widget\" data-e-type=\"widget\" data-widget_type=\"heading.default\">\n\t\t\t\t<div class=\"elementor-widget-container\">\n\t\t\t\t\t<h2 class=\"elementor-heading-title elementor-size-default\"><a href=\"https:\/\/goias.gov.br\/cultura\/teatro-goiania\/\">TEATRO GOI\u00c2NIA\n<\/a><\/h2>\t\t\t\t<\/div>\n\t\t\t\t<\/div>\n\t\t\t\t<\/div>\n\t\t<div class=\"elementor-element elementor-element-27d81cb e-con-full e-flex e-con e-child\" data-id=\"27d81cb\" data-element_type=\"container\" data-e-type=\"container\" data-settings=\"{&quot;background_background&quot;:&quot;classic&quot;}\">\n\t\t\t\t<div class=\"elementor-element elementor-element-5935174 elementor-widget elementor-widget-heading\" data-id=\"5935174\" data-element_type=\"widget\" data-e-type=\"widget\" data-widget_type=\"heading.default\">\n\t\t\t\t<div class=\"elementor-widget-container\">\n\t\t\t\t\t<h2 class=\"elementor-heading-title elementor-size-default\"><a href=\"https:\/\/goias.gov.br\/cultura\/vila-cultural-cora-coralina\/\">VILA CULTURAL CORA CORALINA\n<\/a><\/h2>\t\t\t\t<\/div>\n\t\t\t\t<\/div>\n\t\t\t\t<\/div>\n\t\t\t\t<\/div>\n\t\t\t\t\t<\/div>\n\t\t\t\t<\/div>\n\t\t\t\t<\/div>\n\t\t","protected":false},"excerpt":{"rendered":"<p>ARQUIVO HIST\u00d3RICO BIBLIOTECA BRAILLE JOS\u00c9 \u00c1LVAREZ DE AZEVEDO BIBLIOTECA PIO VARGAS CENTRO CULTURAL MARIETTA TELLES MACHADO CENTRO CULTURAL MARTIM CERER\u00ca CENTRO CULTURAL OCTO MARQUES CINE CULTURA ESCOLA DE ARTES VISUAIS GIBITECA JORGE BRAGA GALERIA DE ARTES FREI NAZARENO CONFALONI GALERIA SEBASTI\u00c3O DOS REIS INSTITUTO GOIANO DO LIVRO MUSEU DA IMAGEM E DO SOM MUSEU FERROVI\u00c1RIO [&hellip;]<\/p>\n","protected":false},"author":322,"featured_media":0,"parent":0,"menu_order":0,"comment_status":"closed","ping_status":"closed","template":"wppb_theme_template","meta":{"footnotes":""},"class_list":["post-23378","page","type-page","status-publish","hentry"],"rttpg_featured_image_url":null,"rttpg_author":{"display_name":"alessandraferreira","author_link":"https:\/\/goias.gov.br\/cultura\/author\/alessandraferreira\/"},"rttpg_comment":0,"rttpg_category":null,"rttpg_excerpt":"ARQUIVO HIST\u00d3RICO BIBLIOTECA BRAILLE JOS\u00c9 \u00c1LVAREZ DE AZEVEDO BIBLIOTECA PIO VARGAS CENTRO CULTURAL MARIETTA TELLES MACHADO CENTRO CULTURAL MARTIM CERER\u00ca CENTRO CULTURAL OCTO MARQUES CINE CULTURA ESCOLA DE ARTES VISUAIS GIBITECA JORGE BRAGA GALERIA DE ARTES FREI NAZARENO CONFALONI GALERIA SEBASTI\u00c3O DOS REIS INSTITUTO GOIANO DO LIVRO MUSEU DA IMAGEM E DO SOM MUSEU FERROVI\u00c1RIO&hellip;","_links":{"self":[{"href":"https:\/\/goias.gov.br\/cultura\/wp-json\/wp\/v2\/pages\/23378","targetHints":{"allow":["GET"]}}],"collection":[{"href":"https:\/\/goias.gov.br\/cultura\/wp-json\/wp\/v2\/pages"}],"about":[{"href":"https:\/\/goias.gov.br\/cultura\/wp-json\/wp\/v2\/types\/page"}],"author":[{"embeddable":true,"href":"https:\/\/goias.gov.br\/cultura\/wp-json\/wp\/v2\/users\/322"}],"replies":[{"embeddable":true,"href":"https:\/\/goias.gov.br\/cultura\/wp-json\/wp\/v2\/comments?post=23378"}],"version-history":[{"count":2,"href":"https:\/\/goias.gov.br\/cultura\/wp-json\/wp\/v2\/pages\/23378\/revisions"}],"predecessor-version":[{"id":338904,"href":"https:\/\/goias.gov.br\/cultura\/wp-json\/wp\/v2\/pages\/23378\/revisions\/338904"}],"wp:attachment":[{"href":"https:\/\/goias.gov.br\/cultura\/wp-json\/wp\/v2\/media?parent=23378"}],"curies":[{"name":"wp","href":"https:\/\/api.w.org\/{rel}","templated":true}]}}