

{"id":227,"date":"2024-03-13T15:25:02","date_gmt":"2024-03-13T18:25:02","guid":{"rendered":"https:\/\/semanasantaemgoias.cultura.go.gov.br\/?page_id=227"},"modified":"2025-12-02T09:38:10","modified_gmt":"2025-12-02T12:38:10","slug":"procissao-do-fogareu","status":"publish","type":"page","link":"https:\/\/goias.gov.br\/cultura\/semana-santa-em-goias\/procissoes\/procissao-do-fogareu\/","title":{"rendered":"Prociss\u00e3o do Fogar\u00e9u"},"content":{"rendered":"\t\t<div data-elementor-type=\"wp-page\" data-elementor-id=\"227\" class=\"elementor elementor-227\">\n\t\t\t\t<div class=\"elementor-element elementor-element-82a232b e-flex e-con-boxed e-con e-parent\" data-id=\"82a232b\" data-element_type=\"container\" data-e-type=\"container\">\n\t\t\t\t\t<div class=\"e-con-inner\">\n\t\t\t\t<div class=\"elementor-element elementor-element-0fe66f7 elementor-widget elementor-widget-image\" data-id=\"0fe66f7\" data-element_type=\"widget\" data-e-type=\"widget\" data-widget_type=\"image.default\">\n\t\t\t\t<div class=\"elementor-widget-container\">\n\t\t\t\t\t\t\t\t\t\t\t\t\t\t\t<img decoding=\"async\" src=\"https:\/\/goias.gov.br\/cultura\/wp-content\/uploads\/sites\/25\/2024\/09\/banner-1-pagina-fogareu.jpeg\" title=\"\" alt=\"\" loading=\"lazy\" \/>\t\t\t\t\t\t\t\t\t\t\t\t\t\t\t<\/div>\n\t\t\t\t<\/div>\n\t\t\t\t<div class=\"elementor-element elementor-element-b11f7c7 elementor-widget elementor-widget-text-editor\" data-id=\"b11f7c7\" data-element_type=\"widget\" data-e-type=\"widget\" data-widget_type=\"text-editor.default\">\n\t\t\t\t<div class=\"elementor-widget-container\">\n\t\t\t\t\t\t\t\t\t<p>A Prociss\u00e3o do Fogar\u00e9u, que simboliza a busca e a pris\u00e3o de Jesus Cristo, \u00e9 realizada anualmente durante a Semana Santa, sendo a da cidade de Goi\u00e1s a de maior expressividade local, por atrair in\u00fameros devotos e turistas todos os anos ao munic\u00edpio. Trata-se de uma tradi\u00e7\u00e3o que remonta ao s\u00e9culo XVIII, com registros de sua realiza\u00e7\u00e3o na cidade de Sevilha (Espanha).\u00a0<\/p><p>Em Goi\u00e1s, estima-se que a Prociss\u00e3o do Fogar\u00e9u passou a ser realizada por volta de 1745, at\u00e9 seu desaparecimento no in\u00edcio do s\u00e9culo XX. A partir de 1965, com a funda\u00e7\u00e3o da Organiza\u00e7\u00e3o Vilaboense de Artes e Tradi\u00e7\u00f5es (OVAT), a tradi\u00e7\u00e3o foi reinventada a partir de pesquisas e estudos de seus membros junto \u00e0 popula\u00e7\u00e3o da cidade de Goi\u00e1s, persistindo at\u00e9 os dias atuais.<\/p><p>A Prociss\u00e3o do Fogar\u00e9u, tem in\u00edcio as 00:00h de quinta-feira, tendo seu in\u00edcio na porta do Museu de Arte Sacra da Boa Morte. Saindo do seu ponto de partida, os farricocos, que s\u00e3o homens encapuzados e vestimentas coloridas com tochas acesas, seguem rumo ao Santu\u00e1rio de Nossa Senhora do Ros\u00e1rio. Ao chegarem ao Santu\u00e1rio do Ros\u00e1rio, os farricocos encontram uma mesa, simbolizando a \u00faltima ceia. \u00c9 encenado um pequeno di\u00e1logo entre os farricocos e um hospedeiro. Os farricocos descobrem que Cristo j\u00e1 fez a \u00faltima ceia e n\u00e3o est\u00e1 mais ali, ent\u00e3o retomam as ruas, rumo \u00e0 Igreja S\u00e3o Francisco de Paula, que localizada no alto de um outeiro, simboliza o Monte das Oliveiras. L\u00e1, os farricocos encontram o Cristo e ao som do toque de clarim, o prendem. Nesse ato, o Cristo \u00e9 representado por uma pintura frente e costas feita em linho, pela bisneta de Veiga Valle, a sra. Maria Veiga.<\/p><p>Ap\u00f3s o serm\u00e3o do Bispo Diocesano, os farricocos retomam o percurso em dire\u00e7\u00e3o ao Museu de Arte Sacra da Boa Morte para encerrar a Prociss\u00e3o.\u00a0 Atualmente, a Prociss\u00e3o do Fogar\u00e9u da cidade de Goi\u00e1s \u00e9 considerada Patrim\u00f4nio Cultural e Imaterial por meio da Lei n\u00ba 21.855, publicada no Di\u00e1rio Oficial do Estado (DOE) em 11 de abril de 2023.<\/p><p>A Prociss\u00e3o do Fogar\u00e9u \u00e9 rica em detalhes e beleza pl\u00e1stica. Os farricocos s\u00e3o personagens encapuzados que representam os soldados romanos em persegui\u00e7\u00e3o a Cristo, numa din\u00e2mica que remonta \u00e0s cerim\u00f4nias espanholas de Toledo e Sevilha e ao per\u00edodo da inquisi\u00e7\u00e3o. Na escurid\u00e3o, as tochas, a rapidez e os encapuzados, criam um clima medieval de beleza e suspense \u00edmpares pelas ruas da hist\u00f3rica Vila Boa.\u00a0<\/p>\t\t\t\t\t\t\t\t<\/div>\n\t\t\t\t<\/div>\n\t\t\t\t<div class=\"elementor-element elementor-element-fecbd08 elementor-widget elementor-widget-image\" data-id=\"fecbd08\" data-element_type=\"widget\" data-e-type=\"widget\" data-widget_type=\"image.default\">\n\t\t\t\t<div class=\"elementor-widget-container\">\n\t\t\t\t\t\t\t\t\t\t\t\t\t\t\t<img decoding=\"async\" src=\"https:\/\/goias.gov.br\/cultura\/wp-content\/uploads\/sites\/25\/2024\/09\/banner-2-fogareu.jpg\" title=\"\" alt=\"\" loading=\"lazy\" \/>\t\t\t\t\t\t\t\t\t\t\t\t\t\t\t<\/div>\n\t\t\t\t<\/div>\n\t\t\t\t\t<\/div>\n\t\t\t\t<\/div>\n\t\t\t\t<\/div>\n\t\t","protected":false},"excerpt":{"rendered":"<p>A Prociss\u00e3o do Fogar\u00e9u, que simboliza a busca e a pris\u00e3o de Jesus Cristo, \u00e9 realizada anualmente durante a Semana Santa, sendo a da cidade de Goi\u00e1s a de maior expressividade local, por atrair in\u00fameros devotos e turistas todos os anos ao munic\u00edpio. Trata-se de uma tradi\u00e7\u00e3o que remonta ao s\u00e9culo XVIII, com registros de [&hellip;]<\/p>\n","protected":false},"author":532,"featured_media":0,"parent":50283,"menu_order":0,"comment_status":"closed","ping_status":"closed","template":"","meta":{"footnotes":""},"class_list":["post-227","page","type-page","status-publish","hentry"],"rttpg_featured_image_url":null,"rttpg_author":{"display_name":"victorsouza","author_link":"https:\/\/goias.gov.br\/cultura\/author\/victorsouza\/"},"rttpg_comment":0,"rttpg_category":null,"rttpg_excerpt":"A Prociss\u00e3o do Fogar\u00e9u, que simboliza a busca e a pris\u00e3o de Jesus Cristo, \u00e9 realizada anualmente durante a Semana Santa, sendo a da cidade de Goi\u00e1s a de maior expressividade local, por atrair in\u00fameros devotos e turistas todos os anos ao munic\u00edpio. Trata-se de uma tradi\u00e7\u00e3o que remonta ao s\u00e9culo XVIII, com registros de&hellip;","_links":{"self":[{"href":"https:\/\/goias.gov.br\/cultura\/wp-json\/wp\/v2\/pages\/227","targetHints":{"allow":["GET"]}}],"collection":[{"href":"https:\/\/goias.gov.br\/cultura\/wp-json\/wp\/v2\/pages"}],"about":[{"href":"https:\/\/goias.gov.br\/cultura\/wp-json\/wp\/v2\/types\/page"}],"author":[{"embeddable":true,"href":"https:\/\/goias.gov.br\/cultura\/wp-json\/wp\/v2\/users\/532"}],"replies":[{"embeddable":true,"href":"https:\/\/goias.gov.br\/cultura\/wp-json\/wp\/v2\/comments?post=227"}],"version-history":[{"count":2,"href":"https:\/\/goias.gov.br\/cultura\/wp-json\/wp\/v2\/pages\/227\/revisions"}],"predecessor-version":[{"id":291228,"href":"https:\/\/goias.gov.br\/cultura\/wp-json\/wp\/v2\/pages\/227\/revisions\/291228"}],"up":[{"embeddable":true,"href":"https:\/\/goias.gov.br\/cultura\/wp-json\/wp\/v2\/pages\/50283"}],"wp:attachment":[{"href":"https:\/\/goias.gov.br\/cultura\/wp-json\/wp\/v2\/media?parent=227"}],"curies":[{"name":"wp","href":"https:\/\/api.w.org\/{rel}","templated":true}]}}