

{"id":191180,"date":"2025-07-22T10:50:14","date_gmt":"2025-07-22T13:50:14","guid":{"rendered":"https:\/\/goias.gov.br\/cultura\/?page_id=191180"},"modified":"2025-08-01T15:42:28","modified_gmt":"2025-08-01T18:42:28","slug":"estagiarios","status":"publish","type":"page","link":"https:\/\/goias.gov.br\/cultura\/espaco-do-servidor\/estagiarios\/","title":{"rendered":"Estagi\u00e1rios"},"content":{"rendered":"\t\t<div data-elementor-type=\"wp-page\" data-elementor-id=\"191180\" class=\"elementor elementor-191180\">\n\t\t\t\t<div class=\"elementor-element elementor-element-197ebb0 e-flex e-con-boxed e-con e-parent\" data-id=\"197ebb0\" data-element_type=\"container\" data-e-type=\"container\">\n\t\t\t\t\t<div class=\"e-con-inner\">\n\t\t<div class=\"elementor-element elementor-element-faf0d7c e-con-full e-flex e-con e-child\" data-id=\"faf0d7c\" data-element_type=\"container\" data-e-type=\"container\">\n\t\t\t\t<div class=\"elementor-element elementor-element-69db93e elementor-widget elementor-widget-n-accordion\" data-id=\"69db93e\" data-element_type=\"widget\" data-e-type=\"widget\" data-settings=\"{&quot;default_state&quot;:&quot;all_collapsed&quot;,&quot;max_items_expended&quot;:&quot;one&quot;,&quot;n_accordion_animation_duration&quot;:{&quot;unit&quot;:&quot;ms&quot;,&quot;size&quot;:400,&quot;sizes&quot;:[]}}\" data-widget_type=\"nested-accordion.default\">\n\t\t\t\t<div class=\"elementor-widget-container\">\n\t\t\t\t\t\t\t<div class=\"e-n-accordion\" aria-label=\"Accordion. Open links with Enter or Space, close with Escape, and navigate with Arrow Keys\">\n\t\t\t\t\t\t<details id=\"e-n-accordion-item-1100\" class=\"e-n-accordion-item\" >\n\t\t\t\t<summary class=\"e-n-accordion-item-title\" data-accordion-index=\"1\" tabindex=\"0\" aria-expanded=\"false\" aria-controls=\"e-n-accordion-item-1100\" >\n\t\t\t\t\t<span class='e-n-accordion-item-title-header'><div class=\"e-n-accordion-item-title-text\"> Descri\u00e7\u00e3o <\/div><\/span>\n\t\t\t\t\t\t\t<span class='e-n-accordion-item-title-icon'>\n\t\t\t<span class='e-opened' ><svg aria-hidden=\"true\" class=\"e-font-icon-svg e-fas-minus\" viewBox=\"0 0 448 512\" xmlns=\"http:\/\/www.w3.org\/2000\/svg\"><path d=\"M416 208H32c-17.67 0-32 14.33-32 32v32c0 17.67 14.33 32 32 32h384c17.67 0 32-14.33 32-32v-32c0-17.67-14.33-32-32-32z\"><\/path><\/svg><\/span>\n\t\t\t<span class='e-closed'><svg aria-hidden=\"true\" class=\"e-font-icon-svg e-fas-plus\" viewBox=\"0 0 448 512\" xmlns=\"http:\/\/www.w3.org\/2000\/svg\"><path d=\"M416 208H272V64c0-17.67-14.33-32-32-32h-32c-17.67 0-32 14.33-32 32v144H32c-17.67 0-32 14.33-32 32v32c0 17.67 14.33 32 32 32h144v144c0 17.67 14.33 32 32 32h32c17.67 0 32-14.33 32-32V304h144c17.67 0 32-14.33 32-32v-32c0-17.67-14.33-32-32-32z\"><\/path><\/svg><\/span>\n\t\t<\/span>\n\n\t\t\t\t\t\t<\/summary>\n\t\t\t\t<div role=\"region\" aria-labelledby=\"e-n-accordion-item-1100\" class=\"elementor-element elementor-element-2ff7ae4 e-con-full e-flex e-con e-child\" data-id=\"2ff7ae4\" data-element_type=\"container\" data-e-type=\"container\">\n\t\t\t\t<div class=\"elementor-element elementor-element-0b14769 elementor-widget elementor-widget-text-editor\" data-id=\"0b14769\" data-element_type=\"widget\" data-e-type=\"widget\" data-widget_type=\"text-editor.default\">\n\t\t\t\t<div class=\"elementor-widget-container\">\n\t\t\t\t\t\t\t\t\t<div>O Programa de Est\u00e1gio do Estado de Goi\u00e1s seleciona alunos regularmente matriculados e com comprovada frequ\u00eancia em cursos vinculados ao ensino oficial de educa\u00e7\u00e3o superior e reconhecido pelos \u00f3rg\u00e3os\u00a0regulamentadores para atuar no \u00e2mbito da administra\u00e7\u00e3o direta, aut\u00e1rquica e fundacional do Poder Executivo Estadual.<\/div><div>\u00a0<\/div><div>O Programa de est\u00e1gio do Estado de Goi\u00e1s nasceu fundamentado na macro iniciativa Oportunizar do programa M.O.V.E Decreto Estadual n\u00b0 9.462, de 11 de julho de 2019, revogado pelo <span style=\"color: #0000ff;\">Decreto n\u00ba 10.275,\u00a0de 22 De junho de 2023 e regulamentado pela Lei Federal n\u00ba 11.788, de 25 de setembro de 2008 e Decreto Estadual n\u00ba 9.496, de 14 de agosto de 2019<\/span>.<\/div><div>\u00a0<\/div><div>Neste programa na modalidade de est\u00e1gio n\u00e3o obrigat\u00f3rio \u00e9 o ato educativo escolar supervisionado, desenvolvido no ambiente de trabalho, visando \u00e0 prepara\u00e7\u00e3o do estudante-estagi\u00e1rio para o trabalho\u00a0produtivo e a sua forma\u00e7\u00e3o social e cultural.<\/div><div>\u00a0<\/div><div><strong>Al\u00e9m do ato educativo o estudante \u00e9 beneficiado com<\/strong>:<\/div><div><ul><li>Bolsa est\u00e1gio, no valor de R$ 1.000,00 mensais;<\/li><li>Aux\u00edlio-transporte, no valor de R$ 100,00 mensais;<\/li><li>Seguro contra acidentes pessoais, contendo as seguintes coberturas:<\/li><li>Morte acidental: R$ 10.000,00;<\/li><li>Invalidez permanente total ou parcial por acidente: at\u00e9 R$ 10.000,00;<\/li><li>Despesas m\u00e9dico-hospitalares e odontol\u00f3gicas: at\u00e9 R$ 2.000,00.<\/li><li>Recesso remunerado;<\/li><li>Aus\u00eancias justific\u00e1veis (remuneradas e n\u00e3o remuneradas);<\/li><\/ul><div>Redu\u00e7\u00e3o de jornada (para calend\u00e1rio de avalia\u00e7\u00f5es).<\/div><\/div><div>Os estagi\u00e1rios podem realizar cursos na Escola de Governo, informa\u00e7\u00f5es exaradas no Of\u00edcio Circular n\u00ba 41\/2024\/SECULT (65283153).<\/div>\t\t\t\t\t\t\t\t<\/div>\n\t\t\t\t<\/div>\n\t\t\t\t<\/div>\n\t\t\t\t\t<\/details>\n\t\t\t\t\t<\/div>\n\t\t\t\t\t\t<\/div>\n\t\t\t\t<\/div>\n\t\t\t\t<\/div>\n\t\t<div class=\"elementor-element elementor-element-fcb3625 e-con-full e-flex e-con e-child\" data-id=\"fcb3625\" data-element_type=\"container\" data-e-type=\"container\">\n\t\t<div class=\"elementor-element elementor-element-702de84 e-con-full e-flex e-con e-child\" data-id=\"702de84\" data-element_type=\"container\" data-e-type=\"container\" data-settings=\"{&quot;background_background&quot;:&quot;classic&quot;}\">\n\t\t<a class=\"elementor-element elementor-element-5f07cfa e-con-full e-flex e-con e-child\" data-id=\"5f07cfa\" data-element_type=\"container\" data-e-type=\"container\" data-settings=\"{&quot;background_background&quot;:&quot;classic&quot;}\" href=\"\/cultura\/posse-e-provimento\/\">\n\t\t\t\t<div class=\"elementor-element elementor-element-4e9ee0c elementor-widget elementor-widget-heading\" data-id=\"4e9ee0c\" data-element_type=\"widget\" data-e-type=\"widget\" data-widget_type=\"heading.default\">\n\t\t\t\t<div class=\"elementor-widget-container\">\n\t\t\t\t\t<h5 class=\"elementor-heading-title elementor-size-default\">Posse e Provimento<\/h5>\t\t\t\t<\/div>\n\t\t\t\t<\/div>\n\t\t\t\t<\/a>\n\t\t<a class=\"elementor-element elementor-element-0e1e463 e-con-full e-flex e-con e-child\" data-id=\"0e1e463\" data-element_type=\"container\" data-e-type=\"container\" data-settings=\"{&quot;background_background&quot;:&quot;classic&quot;}\" href=\"\/cultura\/ferias\">\n\t\t\t\t<div class=\"elementor-element elementor-element-1c9f10b elementor-widget elementor-widget-heading\" data-id=\"1c9f10b\" data-element_type=\"widget\" data-e-type=\"widget\" data-widget_type=\"heading.default\">\n\t\t\t\t<div class=\"elementor-widget-container\">\n\t\t\t\t\t<h5 class=\"elementor-heading-title elementor-size-default\">F\u00e9rias<\/h5>\t\t\t\t<\/div>\n\t\t\t\t<\/div>\n\t\t\t\t<\/a>\n\t\t<a class=\"elementor-element elementor-element-2f99fa7 e-con-full e-flex e-con e-child\" data-id=\"2f99fa7\" data-element_type=\"container\" data-e-type=\"container\" data-settings=\"{&quot;background_background&quot;:&quot;classic&quot;}\" href=\"\/cultura\/aposentadoria\">\n\t\t\t\t<div class=\"elementor-element elementor-element-bd50ad1 elementor-widget elementor-widget-heading\" data-id=\"bd50ad1\" data-element_type=\"widget\" data-e-type=\"widget\" data-widget_type=\"heading.default\">\n\t\t\t\t<div class=\"elementor-widget-container\">\n\t\t\t\t\t<h5 class=\"elementor-heading-title elementor-size-default\">Aposentadoria<\/h5>\t\t\t\t<\/div>\n\t\t\t\t<\/div>\n\t\t\t\t<\/a>\n\t\t<a class=\"elementor-element elementor-element-0b233b3 e-con-full e-flex e-con e-child\" data-id=\"0b233b3\" data-element_type=\"container\" data-e-type=\"container\" data-settings=\"{&quot;background_background&quot;:&quot;classic&quot;}\" href=\"\/cultura\/auxilio-funeral\">\n\t\t\t\t<div class=\"elementor-element elementor-element-a1e4542 elementor-widget elementor-widget-heading\" data-id=\"a1e4542\" data-element_type=\"widget\" data-e-type=\"widget\" data-widget_type=\"heading.default\">\n\t\t\t\t<div class=\"elementor-widget-container\">\n\t\t\t\t\t<h5 class=\"elementor-heading-title elementor-size-default\">Aux\u00edlio Funeral<\/h5>\t\t\t\t<\/div>\n\t\t\t\t<\/div>\n\t\t\t\t<\/a>\n\t\t<a class=\"elementor-element elementor-element-32a7193 e-con-full e-flex e-con e-child\" data-id=\"32a7193\" data-element_type=\"container\" data-e-type=\"container\" data-settings=\"{&quot;background_background&quot;:&quot;classic&quot;}\" href=\"\/cultura\/crachas\">\n\t\t\t\t<div class=\"elementor-element elementor-element-2fe3717 elementor-widget elementor-widget-heading\" data-id=\"2fe3717\" data-element_type=\"widget\" data-e-type=\"widget\" data-widget_type=\"heading.default\">\n\t\t\t\t<div class=\"elementor-widget-container\">\n\t\t\t\t\t<h5 class=\"elementor-heading-title elementor-size-default\">Crach\u00e1s<\/h5>\t\t\t\t<\/div>\n\t\t\t\t<\/div>\n\t\t\t\t<\/a>\n\t\t<a class=\"elementor-element elementor-element-25b8667 e-con-full e-flex e-con e-child\" data-id=\"25b8667\" data-element_type=\"container\" data-e-type=\"container\" data-settings=\"{&quot;background_background&quot;:&quot;classic&quot;}\" href=\"\/cultura\/requerimento-diversos\">\n\t\t\t\t<div class=\"elementor-element elementor-element-5d8c60a elementor-widget elementor-widget-heading\" data-id=\"5d8c60a\" data-element_type=\"widget\" data-e-type=\"widget\" data-widget_type=\"heading.default\">\n\t\t\t\t<div class=\"elementor-widget-container\">\n\t\t\t\t\t<h5 class=\"elementor-heading-title elementor-size-default\">Requerimento Diversos<\/h5>\t\t\t\t<\/div>\n\t\t\t\t<\/div>\n\t\t\t\t<\/a>\n\t\t<a class=\"elementor-element elementor-element-7769301 e-con-full e-flex e-con e-child\" data-id=\"7769301\" data-element_type=\"container\" data-e-type=\"container\" data-settings=\"{&quot;background_background&quot;:&quot;classic&quot;}\" href=\"\/cultura\/assistencia-escolar\">\n\t\t\t\t<div class=\"elementor-element elementor-element-b3cb667 elementor-widget elementor-widget-heading\" data-id=\"b3cb667\" data-element_type=\"widget\" data-e-type=\"widget\" data-widget_type=\"heading.default\">\n\t\t\t\t<div class=\"elementor-widget-container\">\n\t\t\t\t\t<h5 class=\"elementor-heading-title elementor-size-default\">Assist\u00eancia Pr\u00e9-Escolar<\/h5>\t\t\t\t<\/div>\n\t\t\t\t<\/div>\n\t\t\t\t<\/a>\n\t\t<a class=\"elementor-element elementor-element-e4a8c9b e-con-full e-flex e-con e-child\" data-id=\"e4a8c9b\" data-element_type=\"container\" data-e-type=\"container\" data-settings=\"{&quot;background_background&quot;:&quot;classic&quot;}\" href=\"\/cultura\/certificado-de-tempo-de-contribuicao-ou-averbacao-de-tempo-de-servico\/\">\n\t\t\t\t<div class=\"elementor-element elementor-element-5b24dc1 elementor-widget elementor-widget-heading\" data-id=\"5b24dc1\" data-element_type=\"widget\" data-e-type=\"widget\" data-widget_type=\"heading.default\">\n\t\t\t\t<div class=\"elementor-widget-container\">\n\t\t\t\t\t<h5 class=\"elementor-heading-title elementor-size-default\">Certificado Tempo Contribui\u00e7\u00e3o ou Averba\u00e7\u00e3o Tempo Servi\u00e7o<\/h5>\t\t\t\t<\/div>\n\t\t\t\t<\/div>\n\t\t\t\t<\/a>\n\t\t<a class=\"elementor-element elementor-element-5843cfc e-con-full e-flex e-con e-child\" data-id=\"5843cfc\" data-element_type=\"container\" data-e-type=\"container\" data-settings=\"{&quot;background_background&quot;:&quot;classic&quot;}\" href=\"\/cultura\/declaracao-de-tempo-de-contribuicao-anexo-iv-inss\">\n\t\t\t\t<div class=\"elementor-element elementor-element-67986ac elementor-widget elementor-widget-heading\" data-id=\"67986ac\" data-element_type=\"widget\" data-e-type=\"widget\" data-widget_type=\"heading.default\">\n\t\t\t\t<div class=\"elementor-widget-container\">\n\t\t\t\t\t<h5 class=\"elementor-heading-title elementor-size-default\">Declara\u00e7\u00e3o Tempo Contribui\u00e7\u00e3o - Anexo IV - INSS<\/h5>\t\t\t\t<\/div>\n\t\t\t\t<\/div>\n\t\t\t\t<\/a>\n\t\t<a class=\"elementor-element elementor-element-2534363 e-con-full e-flex e-con e-child\" data-id=\"2534363\" data-element_type=\"container\" data-e-type=\"container\" data-settings=\"{&quot;background_background&quot;:&quot;classic&quot;}\" href=\"\/cultura\/banco-de-horas-e-compensacao\">\n\t\t\t\t<div class=\"elementor-element elementor-element-a467a7c elementor-widget elementor-widget-heading\" data-id=\"a467a7c\" data-element_type=\"widget\" data-e-type=\"widget\" data-widget_type=\"heading.default\">\n\t\t\t\t<div class=\"elementor-widget-container\">\n\t\t\t\t\t<h5 class=\"elementor-heading-title elementor-size-default\">Banco de Horas e Compensa\u00e7\u00e3o<\/h5>\t\t\t\t<\/div>\n\t\t\t\t<\/div>\n\t\t\t\t<\/a>\n\t\t<a class=\"elementor-element elementor-element-02496d0 e-con-full e-flex e-con e-child\" data-id=\"02496d0\" data-element_type=\"container\" data-e-type=\"container\" data-settings=\"{&quot;background_background&quot;:&quot;classic&quot;}\" href=\"\/cultura\/atestado-e-licenca-medica\">\n\t\t\t\t<div class=\"elementor-element elementor-element-1fd8657 elementor-widget elementor-widget-heading\" data-id=\"1fd8657\" data-element_type=\"widget\" data-e-type=\"widget\" data-widget_type=\"heading.default\">\n\t\t\t\t<div class=\"elementor-widget-container\">\n\t\t\t\t\t<h5 class=\"elementor-heading-title elementor-size-default\">Atestado e Licen\u00e7a M\u00e9dica<\/h5>\t\t\t\t<\/div>\n\t\t\t\t<\/div>\n\t\t\t\t<\/a>\n\t\t<a class=\"elementor-element elementor-element-2acf246 e-con-full e-flex e-con e-child\" data-id=\"2acf246\" data-element_type=\"container\" data-e-type=\"container\" data-settings=\"{&quot;background_background&quot;:&quot;classic&quot;}\" href=\"\/cultura\/atestado-medico\">\n\t\t\t\t<div class=\"elementor-element elementor-element-09ec067 elementor-widget elementor-widget-heading\" data-id=\"09ec067\" data-element_type=\"widget\" data-e-type=\"widget\" data-widget_type=\"heading.default\">\n\t\t\t\t<div class=\"elementor-widget-container\">\n\t\t\t\t\t<h5 class=\"elementor-heading-title elementor-size-default\">Atestado M\u00e9dico<\/h5>\t\t\t\t<\/div>\n\t\t\t\t<\/div>\n\t\t\t\t<\/a>\n\t\t<a class=\"elementor-element elementor-element-8b3bad5 e-con-full e-flex e-con e-child\" data-id=\"8b3bad5\" data-element_type=\"container\" data-e-type=\"container\" data-settings=\"{&quot;background_background&quot;:&quot;classic&quot;}\" href=\"\/cultura\/licenca-maternidade\">\n\t\t\t\t<div class=\"elementor-element elementor-element-e0b144c elementor-widget elementor-widget-heading\" data-id=\"e0b144c\" data-element_type=\"widget\" data-e-type=\"widget\" data-widget_type=\"heading.default\">\n\t\t\t\t<div class=\"elementor-widget-container\">\n\t\t\t\t\t<h5 class=\"elementor-heading-title elementor-size-default\">Licen\u00e7a Maternidade<\/h5>\t\t\t\t<\/div>\n\t\t\t\t<\/div>\n\t\t\t\t<\/a>\n\t\t<a class=\"elementor-element elementor-element-1c8d9ee e-con-full e-flex e-con e-child\" data-id=\"1c8d9ee\" data-element_type=\"container\" data-e-type=\"container\" data-settings=\"{&quot;background_background&quot;:&quot;classic&quot;}\" href=\"\/cultura\/licenca-paternidade\">\n\t\t\t\t<div class=\"elementor-element elementor-element-6c91372 elementor-widget elementor-widget-heading\" data-id=\"6c91372\" data-element_type=\"widget\" data-e-type=\"widget\" data-widget_type=\"heading.default\">\n\t\t\t\t<div class=\"elementor-widget-container\">\n\t\t\t\t\t<h5 class=\"elementor-heading-title elementor-size-default\">Licen\u00e7a Paternidade<\/h5>\t\t\t\t<\/div>\n\t\t\t\t<\/div>\n\t\t\t\t<\/a>\n\t\t<a class=\"elementor-element elementor-element-6299502 e-con-full e-flex e-con e-child\" data-id=\"6299502\" data-element_type=\"container\" data-e-type=\"container\" data-settings=\"{&quot;background_background&quot;:&quot;classic&quot;}\" href=\"\/cultura\/licenca-premio\">\n\t\t\t\t<div class=\"elementor-element elementor-element-6e099ec elementor-widget elementor-widget-heading\" data-id=\"6e099ec\" data-element_type=\"widget\" data-e-type=\"widget\" data-widget_type=\"heading.default\">\n\t\t\t\t<div class=\"elementor-widget-container\">\n\t\t\t\t\t<h5 class=\"elementor-heading-title elementor-size-default\">Licen\u00e7a Pr\u00eamio<\/h5>\t\t\t\t<\/div>\n\t\t\t\t<\/div>\n\t\t\t\t<\/a>\n\t\t<a class=\"elementor-element elementor-element-f5d469f e-con-full e-flex e-con e-child\" data-id=\"f5d469f\" data-element_type=\"container\" data-e-type=\"container\" data-settings=\"{&quot;background_background&quot;:&quot;classic&quot;}\" href=\"\/cultura\/licenca-para-capacitacao\">\n\t\t\t\t<div class=\"elementor-element elementor-element-9e6fd00 elementor-widget elementor-widget-heading\" data-id=\"9e6fd00\" data-element_type=\"widget\" data-e-type=\"widget\" data-widget_type=\"heading.default\">\n\t\t\t\t<div class=\"elementor-widget-container\">\n\t\t\t\t\t<h5 class=\"elementor-heading-title elementor-size-default\">Licen\u00e7a para Capacita\u00e7\u00e3o<\/h5>\t\t\t\t<\/div>\n\t\t\t\t<\/div>\n\t\t\t\t<\/a>\n\t\t<a class=\"elementor-element elementor-element-cbc93d4 e-con-full e-flex e-con e-child\" data-id=\"cbc93d4\" data-element_type=\"container\" data-e-type=\"container\" data-settings=\"{&quot;background_background&quot;:&quot;classic&quot;}\" href=\"\/cultura\/licenca-para-tratar-de-interesses-particulares\">\n\t\t\t\t<div class=\"elementor-element elementor-element-c22c912 elementor-widget elementor-widget-heading\" data-id=\"c22c912\" data-element_type=\"widget\" data-e-type=\"widget\" data-widget_type=\"heading.default\">\n\t\t\t\t<div class=\"elementor-widget-container\">\n\t\t\t\t\t<h5 class=\"elementor-heading-title elementor-size-default\">Licen\u00e7a para Tratar de Interesses Particulares<\/h5>\t\t\t\t<\/div>\n\t\t\t\t<\/div>\n\t\t\t\t<\/a>\n\t\t<a class=\"elementor-element elementor-element-1b3cf62 e-con-full e-flex e-con e-child\" data-id=\"1b3cf62\" data-element_type=\"container\" data-e-type=\"container\" data-settings=\"{&quot;background_background&quot;:&quot;classic&quot;}\" href=\"\/cultura\/licenca-por-motivo-de-doenca-em-pessoa-da-familia-do-servidor\">\n\t\t\t\t<div class=\"elementor-element elementor-element-f26cfc5 elementor-widget elementor-widget-heading\" data-id=\"f26cfc5\" data-element_type=\"widget\" data-e-type=\"widget\" data-widget_type=\"heading.default\">\n\t\t\t\t<div class=\"elementor-widget-container\">\n\t\t\t\t\t<h5 class=\"elementor-heading-title elementor-size-default\">Licen\u00e7a por Motivo de Doen\u00e7a de Pessoa da Fam\u00edlia do Servidor<\/h5>\t\t\t\t<\/div>\n\t\t\t\t<\/div>\n\t\t\t\t<\/a>\n\t\t<a class=\"elementor-element elementor-element-0f6f31c e-con-full e-flex e-con e-child\" data-id=\"0f6f31c\" data-element_type=\"container\" data-e-type=\"container\" data-settings=\"{&quot;background_background&quot;:&quot;classic&quot;}\" href=\"\/cultura\/processo-de-frequencia\">\n\t\t\t\t<div class=\"elementor-element elementor-element-01a2abf elementor-widget elementor-widget-heading\" data-id=\"01a2abf\" data-element_type=\"widget\" data-e-type=\"widget\" data-widget_type=\"heading.default\">\n\t\t\t\t<div class=\"elementor-widget-container\">\n\t\t\t\t\t<h5 class=\"elementor-heading-title elementor-size-default\">Processo de Frequ\u00eancia<\/h5>\t\t\t\t<\/div>\n\t\t\t\t<\/div>\n\t\t\t\t<\/a>\n\t\t<a class=\"elementor-element elementor-element-8eea0b0 e-con-full e-flex e-con e-child\" data-id=\"8eea0b0\" data-element_type=\"container\" data-e-type=\"container\" data-settings=\"{&quot;background_background&quot;:&quot;classic&quot;}\" href=\"\/cultura\/reducao-de-carga-horaria\">\n\t\t\t\t<div class=\"elementor-element elementor-element-01a3771 elementor-widget elementor-widget-heading\" data-id=\"01a3771\" data-element_type=\"widget\" data-e-type=\"widget\" data-widget_type=\"heading.default\">\n\t\t\t\t<div class=\"elementor-widget-container\">\n\t\t\t\t\t<h5 class=\"elementor-heading-title elementor-size-default\">Redu\u00e7\u00e3o de Carga Hor\u00e1ria<\/h5>\t\t\t\t<\/div>\n\t\t\t\t<\/div>\n\t\t\t\t<\/a>\n\t\t<a class=\"elementor-element elementor-element-17e03d3 e-con-full e-flex e-con e-child\" data-id=\"17e03d3\" data-element_type=\"container\" data-e-type=\"container\" data-settings=\"{&quot;background_background&quot;:&quot;classic&quot;}\" href=\"\/cultura\/reducao-de-carga-horaria-servidor-portador-de-deficiencia\">\n\t\t\t\t<div class=\"elementor-element elementor-element-2f1a527 elementor-widget elementor-widget-heading\" data-id=\"2f1a527\" data-element_type=\"widget\" data-e-type=\"widget\" data-widget_type=\"heading.default\">\n\t\t\t\t<div class=\"elementor-widget-container\">\n\t\t\t\t\t<h5 class=\"elementor-heading-title elementor-size-default\">Redu\u00e7\u00e3o de Carga Hor\u00e1ria - Servidor Portador Defici\u00eancia<\/h5>\t\t\t\t<\/div>\n\t\t\t\t<\/div>\n\t\t\t\t<\/a>\n\t\t<a class=\"elementor-element elementor-element-df9221c e-con-full e-flex e-con e-child\" data-id=\"df9221c\" data-element_type=\"container\" data-e-type=\"container\" data-settings=\"{&quot;background_background&quot;:&quot;classic&quot;}\" href=\"\/cultura\/escola-de-governo\">\n\t\t\t\t<div class=\"elementor-element elementor-element-3b097d9 elementor-widget elementor-widget-heading\" data-id=\"3b097d9\" data-element_type=\"widget\" data-e-type=\"widget\" data-widget_type=\"heading.default\">\n\t\t\t\t<div class=\"elementor-widget-container\">\n\t\t\t\t\t<h5 class=\"elementor-heading-title elementor-size-default\">Escola de Governo<\/h5>\t\t\t\t<\/div>\n\t\t\t\t<\/div>\n\t\t\t\t<\/a>\n\t\t<a class=\"elementor-element elementor-element-31eca3a e-con-full e-flex e-con e-child\" data-id=\"31eca3a\" data-element_type=\"container\" data-e-type=\"container\" data-settings=\"{&quot;background_background&quot;:&quot;classic&quot;}\" href=\"\/cultura\/estagiarios\">\n\t\t\t\t<div class=\"elementor-element elementor-element-0aede40 elementor-widget elementor-widget-heading\" data-id=\"0aede40\" data-element_type=\"widget\" data-e-type=\"widget\" data-widget_type=\"heading.default\">\n\t\t\t\t<div class=\"elementor-widget-container\">\n\t\t\t\t\t<h5 class=\"elementor-heading-title elementor-size-default\">Estagi\u00e1rios<\/h5>\t\t\t\t<\/div>\n\t\t\t\t<\/div>\n\t\t\t\t<\/a>\n\t\t<a class=\"elementor-element elementor-element-0bd45e6 e-con-full e-flex e-con e-child\" data-id=\"0bd45e6\" data-element_type=\"container\" data-e-type=\"container\" data-settings=\"{&quot;background_background&quot;:&quot;classic&quot;}\" href=\"\/cultura\/aprendiz-do-futuro\">\n\t\t\t\t<div class=\"elementor-element elementor-element-efbdf5d elementor-widget elementor-widget-heading\" data-id=\"efbdf5d\" data-element_type=\"widget\" data-e-type=\"widget\" data-widget_type=\"heading.default\">\n\t\t\t\t<div class=\"elementor-widget-container\">\n\t\t\t\t\t<h5 class=\"elementor-heading-title elementor-size-default\">Aprendiz do Futuro<\/h5>\t\t\t\t<\/div>\n\t\t\t\t<\/div>\n\t\t\t\t<\/a>\n\t\t\t\t<\/div>\n\t\t\t\t<\/div>\n\t\t\t\t\t<\/div>\n\t\t\t\t<\/div>\n\t\t\t\t<\/div>\n\t\t","protected":false},"excerpt":{"rendered":"<p>Descri\u00e7\u00e3o O Programa de Est\u00e1gio do Estado de Goi\u00e1s seleciona alunos regularmente matriculados e com comprovada frequ\u00eancia em cursos vinculados ao ensino oficial de educa\u00e7\u00e3o superior e reconhecido pelos \u00f3rg\u00e3os\u00a0regulamentadores para atuar no \u00e2mbito da administra\u00e7\u00e3o direta, aut\u00e1rquica e fundacional do Poder Executivo Estadual.\u00a0O Programa de est\u00e1gio do Estado de Goi\u00e1s nasceu fundamentado na macro [&hellip;]<\/p>\n","protected":false},"author":718,"featured_media":0,"parent":172105,"menu_order":0,"comment_status":"closed","ping_status":"closed","template":"","meta":{"footnotes":""},"class_list":["post-191180","page","type-page","status-publish","hentry"],"rttpg_featured_image_url":null,"rttpg_author":{"display_name":"vicentepaulo","author_link":"https:\/\/goias.gov.br\/cultura\/author\/vicentepaulo\/"},"rttpg_comment":0,"rttpg_category":null,"rttpg_excerpt":"Descri\u00e7\u00e3o O Programa de Est\u00e1gio do Estado de Goi\u00e1s seleciona alunos regularmente matriculados e com comprovada frequ\u00eancia em cursos vinculados ao ensino oficial de educa\u00e7\u00e3o superior e reconhecido pelos \u00f3rg\u00e3os\u00a0regulamentadores para atuar no \u00e2mbito da administra\u00e7\u00e3o direta, aut\u00e1rquica e fundacional do Poder Executivo Estadual.\u00a0O Programa de est\u00e1gio do Estado de Goi\u00e1s nasceu fundamentado na macro&hellip;","_links":{"self":[{"href":"https:\/\/goias.gov.br\/cultura\/wp-json\/wp\/v2\/pages\/191180","targetHints":{"allow":["GET"]}}],"collection":[{"href":"https:\/\/goias.gov.br\/cultura\/wp-json\/wp\/v2\/pages"}],"about":[{"href":"https:\/\/goias.gov.br\/cultura\/wp-json\/wp\/v2\/types\/page"}],"author":[{"embeddable":true,"href":"https:\/\/goias.gov.br\/cultura\/wp-json\/wp\/v2\/users\/718"}],"replies":[{"embeddable":true,"href":"https:\/\/goias.gov.br\/cultura\/wp-json\/wp\/v2\/comments?post=191180"}],"version-history":[{"count":2,"href":"https:\/\/goias.gov.br\/cultura\/wp-json\/wp\/v2\/pages\/191180\/revisions"}],"predecessor-version":[{"id":209692,"href":"https:\/\/goias.gov.br\/cultura\/wp-json\/wp\/v2\/pages\/191180\/revisions\/209692"}],"up":[{"embeddable":true,"href":"https:\/\/goias.gov.br\/cultura\/wp-json\/wp\/v2\/pages\/172105"}],"wp:attachment":[{"href":"https:\/\/goias.gov.br\/cultura\/wp-json\/wp\/v2\/media?parent=191180"}],"curies":[{"name":"wp","href":"https:\/\/api.w.org\/{rel}","templated":true}]}}