

{"id":190693,"date":"2025-07-22T10:18:07","date_gmt":"2025-07-22T13:18:07","guid":{"rendered":"https:\/\/goias.gov.br\/cultura\/?page_id=190693"},"modified":"2025-08-01T15:22:45","modified_gmt":"2025-08-01T18:22:45","slug":"processo-de-frequencia","status":"publish","type":"page","link":"https:\/\/goias.gov.br\/cultura\/espaco-do-servidor\/processo-de-frequencia\/","title":{"rendered":"Processo de Frequ\u00eancia"},"content":{"rendered":"\t\t<div data-elementor-type=\"wp-page\" data-elementor-id=\"190693\" class=\"elementor elementor-190693\">\n\t\t\t\t<div class=\"elementor-element elementor-element-0a376d3 e-flex e-con-boxed e-con e-parent\" data-id=\"0a376d3\" data-element_type=\"container\" data-e-type=\"container\">\n\t\t\t\t\t<div class=\"e-con-inner\">\n\t\t<div class=\"elementor-element elementor-element-8b891ed e-con-full e-flex e-con e-child\" data-id=\"8b891ed\" data-element_type=\"container\" data-e-type=\"container\">\n\t\t\t\t<div class=\"elementor-element elementor-element-ada9bb2 elementor-widget elementor-widget-n-accordion\" data-id=\"ada9bb2\" data-element_type=\"widget\" data-e-type=\"widget\" data-settings=\"{&quot;default_state&quot;:&quot;expanded&quot;,&quot;max_items_expended&quot;:&quot;one&quot;,&quot;n_accordion_animation_duration&quot;:{&quot;unit&quot;:&quot;ms&quot;,&quot;size&quot;:400,&quot;sizes&quot;:[]}}\" data-widget_type=\"nested-accordion.default\">\n\t\t\t\t<div class=\"elementor-widget-container\">\n\t\t\t\t\t\t\t<div class=\"e-n-accordion\" aria-label=\"Accordion. Open links with Enter or Space, close with Escape, and navigate with Arrow Keys\">\n\t\t\t\t\t\t<details id=\"e-n-accordion-item-1820\" class=\"e-n-accordion-item\" open>\n\t\t\t\t<summary class=\"e-n-accordion-item-title\" data-accordion-index=\"1\" tabindex=\"0\" aria-expanded=\"true\" aria-controls=\"e-n-accordion-item-1820\" >\n\t\t\t\t\t<span class='e-n-accordion-item-title-header'><div class=\"e-n-accordion-item-title-text\"> Descri\u00e7\u00e3o <\/div><\/span>\n\t\t\t\t\t\t\t<span class='e-n-accordion-item-title-icon'>\n\t\t\t<span class='e-opened' ><svg aria-hidden=\"true\" class=\"e-font-icon-svg e-fas-minus\" viewBox=\"0 0 448 512\" xmlns=\"http:\/\/www.w3.org\/2000\/svg\"><path d=\"M416 208H32c-17.67 0-32 14.33-32 32v32c0 17.67 14.33 32 32 32h384c17.67 0 32-14.33 32-32v-32c0-17.67-14.33-32-32-32z\"><\/path><\/svg><\/span>\n\t\t\t<span class='e-closed'><svg aria-hidden=\"true\" class=\"e-font-icon-svg e-fas-plus\" viewBox=\"0 0 448 512\" xmlns=\"http:\/\/www.w3.org\/2000\/svg\"><path d=\"M416 208H272V64c0-17.67-14.33-32-32-32h-32c-17.67 0-32 14.33-32 32v144H32c-17.67 0-32 14.33-32 32v32c0 17.67 14.33 32 32 32h144v144c0 17.67 14.33 32 32 32h32c17.67 0 32-14.33 32-32V304h144c17.67 0 32-14.33 32-32v-32c0-17.67-14.33-32-32-32z\"><\/path><\/svg><\/span>\n\t\t<\/span>\n\n\t\t\t\t\t\t<\/summary>\n\t\t\t\t<div role=\"region\" aria-labelledby=\"e-n-accordion-item-1820\" class=\"elementor-element elementor-element-8e48db2 e-con-full e-flex e-con e-child\" data-id=\"8e48db2\" data-element_type=\"container\" data-e-type=\"container\">\n\t\t\t\t<div class=\"elementor-element elementor-element-1e64ca7 elementor-widget elementor-widget-text-editor\" data-id=\"1e64ca7\" data-element_type=\"widget\" data-e-type=\"widget\" data-widget_type=\"text-editor.default\">\n\t\t\t\t<div class=\"elementor-widget-container\">\n\t\t\t\t\t\t\t\t\t<p>Cada Unidade Administrativa da SECULT possui um Processo de Frequ\u00eancia no SEI onde dever\u00e3o constar os Relat\u00f3rios de Frequ\u00eancia de seus servidores devidamente assinados pelo pr\u00f3prio servidor e pelo Chefe Imediato.<\/p><p>O prazo estabelecido para a inclus\u00e3o do relat\u00f3rio de Frequ\u00eancia no processo espec\u00edfico de cada unidade \u00e9 de 10 (dez) dias contados ap\u00f3s o t\u00e9rmino do m\u00eas anterior. Esgotado esse prazo, a GGDP far\u00e1 a inclus\u00e3o das faltas e atrasos em Folha de Pagamento.<\/p><p>Todas as ocorr\u00eancias e justificativas dever\u00e3o ser lan\u00e7adas pelo Chefe Imediato\/homologador de frequ\u00eancia da Unidade no Sistema SFR.<\/p><p>Ocorr\u00eancias e Justificativas &#8211; Processo de Frequ\u00eancia SEI.<\/p><p>Todas as justificativas de faltas dever\u00e3o ser anexadas no Processo de Frequ\u00eancia SEI da Unidade atrav\u00e9s dos respectivos formul\u00e1rios:<\/p><ul><li>Formul\u00e1rio de Trabalho Externo ou Viagem a trabalho &#8211; devidamente justificado, comprovado e atestado pelo Chefe Imediato;<\/li><li>Frequ\u00eancia atestada pela Chefia Imediata \u2013 utilizado quando o servidor, por algum motivo, n\u00e3o efetuou 01 (um) registro, dos 04 (quatro) di\u00e1rios na sua frequ\u00eancia, por\u00e9m o Chefe Imediato ATESTA que ele esteve trabalhando normalmente.<\/li><\/ul>\t\t\t\t\t\t\t\t<\/div>\n\t\t\t\t<\/div>\n\t\t\t\t<\/div>\n\t\t\t\t\t<\/details>\n\t\t\t\t\t<\/div>\n\t\t\t\t\t\t<\/div>\n\t\t\t\t<\/div>\n\t\t\t\t<\/div>\n\t\t<div class=\"elementor-element elementor-element-35fb246 e-con-full e-flex e-con e-child\" data-id=\"35fb246\" data-element_type=\"container\" data-e-type=\"container\">\n\t\t<div class=\"elementor-element elementor-element-fbfa1c4 e-con-full e-flex e-con e-child\" data-id=\"fbfa1c4\" data-element_type=\"container\" data-e-type=\"container\" data-settings=\"{&quot;background_background&quot;:&quot;classic&quot;}\">\n\t\t<a class=\"elementor-element elementor-element-991fdea e-con-full e-flex e-con e-child\" data-id=\"991fdea\" data-element_type=\"container\" data-e-type=\"container\" data-settings=\"{&quot;background_background&quot;:&quot;classic&quot;}\" href=\"\/cultura\/posse-e-provimento\/\">\n\t\t\t\t<div class=\"elementor-element elementor-element-9c4697f elementor-widget elementor-widget-heading\" data-id=\"9c4697f\" data-element_type=\"widget\" data-e-type=\"widget\" data-widget_type=\"heading.default\">\n\t\t\t\t<div class=\"elementor-widget-container\">\n\t\t\t\t\t<h5 class=\"elementor-heading-title elementor-size-default\">Posse e Provimento<\/h5>\t\t\t\t<\/div>\n\t\t\t\t<\/div>\n\t\t\t\t<\/a>\n\t\t<a class=\"elementor-element elementor-element-77374ae e-con-full e-flex e-con e-child\" data-id=\"77374ae\" data-element_type=\"container\" data-e-type=\"container\" data-settings=\"{&quot;background_background&quot;:&quot;classic&quot;}\" href=\"\/cultura\/ferias\">\n\t\t\t\t<div class=\"elementor-element elementor-element-35b68bb elementor-widget elementor-widget-heading\" data-id=\"35b68bb\" data-element_type=\"widget\" data-e-type=\"widget\" data-widget_type=\"heading.default\">\n\t\t\t\t<div class=\"elementor-widget-container\">\n\t\t\t\t\t<h5 class=\"elementor-heading-title elementor-size-default\">F\u00e9rias<\/h5>\t\t\t\t<\/div>\n\t\t\t\t<\/div>\n\t\t\t\t<\/a>\n\t\t<a class=\"elementor-element elementor-element-744c166 e-con-full e-flex e-con e-child\" data-id=\"744c166\" data-element_type=\"container\" data-e-type=\"container\" data-settings=\"{&quot;background_background&quot;:&quot;classic&quot;}\" href=\"\/cultura\/aposentadoria\">\n\t\t\t\t<div class=\"elementor-element elementor-element-0825669 elementor-widget elementor-widget-heading\" data-id=\"0825669\" data-element_type=\"widget\" data-e-type=\"widget\" data-widget_type=\"heading.default\">\n\t\t\t\t<div class=\"elementor-widget-container\">\n\t\t\t\t\t<h5 class=\"elementor-heading-title elementor-size-default\">Aposentadoria<\/h5>\t\t\t\t<\/div>\n\t\t\t\t<\/div>\n\t\t\t\t<\/a>\n\t\t<a class=\"elementor-element elementor-element-8d02bde e-con-full e-flex e-con e-child\" data-id=\"8d02bde\" data-element_type=\"container\" data-e-type=\"container\" data-settings=\"{&quot;background_background&quot;:&quot;classic&quot;}\" href=\"\/cultura\/auxilio-funeral\">\n\t\t\t\t<div class=\"elementor-element elementor-element-c3a6168 elementor-widget elementor-widget-heading\" data-id=\"c3a6168\" data-element_type=\"widget\" data-e-type=\"widget\" data-widget_type=\"heading.default\">\n\t\t\t\t<div class=\"elementor-widget-container\">\n\t\t\t\t\t<h5 class=\"elementor-heading-title elementor-size-default\">Aux\u00edlio Funeral<\/h5>\t\t\t\t<\/div>\n\t\t\t\t<\/div>\n\t\t\t\t<\/a>\n\t\t<a class=\"elementor-element elementor-element-bcfb31e e-con-full e-flex e-con e-child\" data-id=\"bcfb31e\" data-element_type=\"container\" data-e-type=\"container\" data-settings=\"{&quot;background_background&quot;:&quot;classic&quot;}\" href=\"\/cultura\/crachas\">\n\t\t\t\t<div class=\"elementor-element elementor-element-465bb67 elementor-widget elementor-widget-heading\" data-id=\"465bb67\" data-element_type=\"widget\" data-e-type=\"widget\" data-widget_type=\"heading.default\">\n\t\t\t\t<div class=\"elementor-widget-container\">\n\t\t\t\t\t<h5 class=\"elementor-heading-title elementor-size-default\">Crach\u00e1s<\/h5>\t\t\t\t<\/div>\n\t\t\t\t<\/div>\n\t\t\t\t<\/a>\n\t\t<a class=\"elementor-element elementor-element-a4fb2ab e-con-full e-flex e-con e-child\" data-id=\"a4fb2ab\" data-element_type=\"container\" data-e-type=\"container\" data-settings=\"{&quot;background_background&quot;:&quot;classic&quot;}\" href=\"\/cultura\/requerimento-diversos\">\n\t\t\t\t<div class=\"elementor-element elementor-element-14399be elementor-widget elementor-widget-heading\" data-id=\"14399be\" data-element_type=\"widget\" data-e-type=\"widget\" data-widget_type=\"heading.default\">\n\t\t\t\t<div class=\"elementor-widget-container\">\n\t\t\t\t\t<h5 class=\"elementor-heading-title elementor-size-default\">Requerimento Diversos<\/h5>\t\t\t\t<\/div>\n\t\t\t\t<\/div>\n\t\t\t\t<\/a>\n\t\t<a class=\"elementor-element elementor-element-338f310 e-con-full e-flex e-con e-child\" data-id=\"338f310\" data-element_type=\"container\" data-e-type=\"container\" data-settings=\"{&quot;background_background&quot;:&quot;classic&quot;}\" href=\"\/cultura\/assistencia-escolar\">\n\t\t\t\t<div class=\"elementor-element elementor-element-1fc7fe7 elementor-widget elementor-widget-heading\" data-id=\"1fc7fe7\" data-element_type=\"widget\" data-e-type=\"widget\" data-widget_type=\"heading.default\">\n\t\t\t\t<div class=\"elementor-widget-container\">\n\t\t\t\t\t<h5 class=\"elementor-heading-title elementor-size-default\">Assist\u00eancia Pr\u00e9-Escolar<\/h5>\t\t\t\t<\/div>\n\t\t\t\t<\/div>\n\t\t\t\t<\/a>\n\t\t<a class=\"elementor-element elementor-element-62f1ec9 e-con-full e-flex e-con e-child\" data-id=\"62f1ec9\" data-element_type=\"container\" data-e-type=\"container\" data-settings=\"{&quot;background_background&quot;:&quot;classic&quot;}\" href=\"\/cultura\/certificado-de-tempo-de-contribuicao-ou-averbacao-de-tempo-de-servico\/\">\n\t\t\t\t<div class=\"elementor-element elementor-element-069838f elementor-widget elementor-widget-heading\" data-id=\"069838f\" data-element_type=\"widget\" data-e-type=\"widget\" data-widget_type=\"heading.default\">\n\t\t\t\t<div class=\"elementor-widget-container\">\n\t\t\t\t\t<h5 class=\"elementor-heading-title elementor-size-default\">Certificado Tempo Contribui\u00e7\u00e3o ou Averba\u00e7\u00e3o Tempo Servi\u00e7o<\/h5>\t\t\t\t<\/div>\n\t\t\t\t<\/div>\n\t\t\t\t<\/a>\n\t\t<a class=\"elementor-element elementor-element-833597c e-con-full e-flex e-con e-child\" data-id=\"833597c\" data-element_type=\"container\" data-e-type=\"container\" data-settings=\"{&quot;background_background&quot;:&quot;classic&quot;}\" href=\"\/cultura\/declaracao-de-tempo-de-contribuicao-anexo-iv-inss\">\n\t\t\t\t<div class=\"elementor-element elementor-element-611249c elementor-widget elementor-widget-heading\" data-id=\"611249c\" data-element_type=\"widget\" data-e-type=\"widget\" data-widget_type=\"heading.default\">\n\t\t\t\t<div class=\"elementor-widget-container\">\n\t\t\t\t\t<h5 class=\"elementor-heading-title elementor-size-default\">Declara\u00e7\u00e3o Tempo Contribui\u00e7\u00e3o - Anexo IV - INSS<\/h5>\t\t\t\t<\/div>\n\t\t\t\t<\/div>\n\t\t\t\t<\/a>\n\t\t<a class=\"elementor-element elementor-element-b9bc30b e-con-full e-flex e-con e-child\" data-id=\"b9bc30b\" data-element_type=\"container\" data-e-type=\"container\" data-settings=\"{&quot;background_background&quot;:&quot;classic&quot;}\" href=\"\/cultura\/banco-de-horas-e-compensacao\">\n\t\t\t\t<div class=\"elementor-element elementor-element-6b15696 elementor-widget elementor-widget-heading\" data-id=\"6b15696\" data-element_type=\"widget\" data-e-type=\"widget\" data-widget_type=\"heading.default\">\n\t\t\t\t<div class=\"elementor-widget-container\">\n\t\t\t\t\t<h5 class=\"elementor-heading-title elementor-size-default\">Banco de Horas e Compensa\u00e7\u00e3o<\/h5>\t\t\t\t<\/div>\n\t\t\t\t<\/div>\n\t\t\t\t<\/a>\n\t\t<a class=\"elementor-element elementor-element-25d619e e-con-full e-flex e-con e-child\" data-id=\"25d619e\" data-element_type=\"container\" data-e-type=\"container\" data-settings=\"{&quot;background_background&quot;:&quot;classic&quot;}\" href=\"\/cultura\/atestado-e-licenca-medica\">\n\t\t\t\t<div class=\"elementor-element elementor-element-8200b99 elementor-widget elementor-widget-heading\" data-id=\"8200b99\" data-element_type=\"widget\" data-e-type=\"widget\" data-widget_type=\"heading.default\">\n\t\t\t\t<div class=\"elementor-widget-container\">\n\t\t\t\t\t<h5 class=\"elementor-heading-title elementor-size-default\">Atestado e Licen\u00e7a M\u00e9dica<\/h5>\t\t\t\t<\/div>\n\t\t\t\t<\/div>\n\t\t\t\t<\/a>\n\t\t<a class=\"elementor-element elementor-element-f4188ca e-con-full e-flex e-con e-child\" data-id=\"f4188ca\" data-element_type=\"container\" data-e-type=\"container\" data-settings=\"{&quot;background_background&quot;:&quot;classic&quot;}\" href=\"\/cultura\/atestado-medico\">\n\t\t\t\t<div class=\"elementor-element elementor-element-e94acd3 elementor-widget elementor-widget-heading\" data-id=\"e94acd3\" data-element_type=\"widget\" data-e-type=\"widget\" data-widget_type=\"heading.default\">\n\t\t\t\t<div class=\"elementor-widget-container\">\n\t\t\t\t\t<h5 class=\"elementor-heading-title elementor-size-default\">Atestado M\u00e9dico<\/h5>\t\t\t\t<\/div>\n\t\t\t\t<\/div>\n\t\t\t\t<\/a>\n\t\t<a class=\"elementor-element elementor-element-8c5874c e-con-full e-flex e-con e-child\" data-id=\"8c5874c\" data-element_type=\"container\" data-e-type=\"container\" data-settings=\"{&quot;background_background&quot;:&quot;classic&quot;}\" href=\"\/cultura\/licenca-maternidade\">\n\t\t\t\t<div class=\"elementor-element elementor-element-0e44fa0 elementor-widget elementor-widget-heading\" data-id=\"0e44fa0\" data-element_type=\"widget\" data-e-type=\"widget\" data-widget_type=\"heading.default\">\n\t\t\t\t<div class=\"elementor-widget-container\">\n\t\t\t\t\t<h5 class=\"elementor-heading-title elementor-size-default\">Licen\u00e7a Maternidade<\/h5>\t\t\t\t<\/div>\n\t\t\t\t<\/div>\n\t\t\t\t<\/a>\n\t\t<a class=\"elementor-element elementor-element-00a11f0 e-con-full e-flex e-con e-child\" data-id=\"00a11f0\" data-element_type=\"container\" data-e-type=\"container\" data-settings=\"{&quot;background_background&quot;:&quot;classic&quot;}\" href=\"\/cultura\/licenca-paternidade\">\n\t\t\t\t<div class=\"elementor-element elementor-element-445e029 elementor-widget elementor-widget-heading\" data-id=\"445e029\" data-element_type=\"widget\" data-e-type=\"widget\" data-widget_type=\"heading.default\">\n\t\t\t\t<div class=\"elementor-widget-container\">\n\t\t\t\t\t<h5 class=\"elementor-heading-title elementor-size-default\">Licen\u00e7a Paternidade<\/h5>\t\t\t\t<\/div>\n\t\t\t\t<\/div>\n\t\t\t\t<\/a>\n\t\t<a class=\"elementor-element elementor-element-56eef02 e-con-full e-flex e-con e-child\" data-id=\"56eef02\" data-element_type=\"container\" data-e-type=\"container\" data-settings=\"{&quot;background_background&quot;:&quot;classic&quot;}\" href=\"\/cultura\/licenca-premio\">\n\t\t\t\t<div class=\"elementor-element elementor-element-e08c35e elementor-widget elementor-widget-heading\" data-id=\"e08c35e\" data-element_type=\"widget\" data-e-type=\"widget\" data-widget_type=\"heading.default\">\n\t\t\t\t<div class=\"elementor-widget-container\">\n\t\t\t\t\t<h5 class=\"elementor-heading-title elementor-size-default\">Licen\u00e7a Pr\u00eamio<\/h5>\t\t\t\t<\/div>\n\t\t\t\t<\/div>\n\t\t\t\t<\/a>\n\t\t<a class=\"elementor-element elementor-element-4b556bf e-con-full e-flex e-con e-child\" data-id=\"4b556bf\" data-element_type=\"container\" data-e-type=\"container\" data-settings=\"{&quot;background_background&quot;:&quot;classic&quot;}\" href=\"\/cultura\/licenca-para-capacitacao\">\n\t\t\t\t<div class=\"elementor-element elementor-element-795e25a elementor-widget elementor-widget-heading\" data-id=\"795e25a\" data-element_type=\"widget\" data-e-type=\"widget\" data-widget_type=\"heading.default\">\n\t\t\t\t<div class=\"elementor-widget-container\">\n\t\t\t\t\t<h5 class=\"elementor-heading-title elementor-size-default\">Licen\u00e7a para Capacita\u00e7\u00e3o<\/h5>\t\t\t\t<\/div>\n\t\t\t\t<\/div>\n\t\t\t\t<\/a>\n\t\t<a class=\"elementor-element elementor-element-e2ae59a e-con-full e-flex e-con e-child\" data-id=\"e2ae59a\" data-element_type=\"container\" data-e-type=\"container\" data-settings=\"{&quot;background_background&quot;:&quot;classic&quot;}\" href=\"\/cultura\/licenca-para-tratar-de-interesses-particulares\">\n\t\t\t\t<div class=\"elementor-element elementor-element-2d362b6 elementor-widget elementor-widget-heading\" data-id=\"2d362b6\" data-element_type=\"widget\" data-e-type=\"widget\" data-widget_type=\"heading.default\">\n\t\t\t\t<div class=\"elementor-widget-container\">\n\t\t\t\t\t<h5 class=\"elementor-heading-title elementor-size-default\">Licen\u00e7a para Tratar de Interesses Particulares<\/h5>\t\t\t\t<\/div>\n\t\t\t\t<\/div>\n\t\t\t\t<\/a>\n\t\t<a class=\"elementor-element elementor-element-aaf2c6c e-con-full e-flex e-con e-child\" data-id=\"aaf2c6c\" data-element_type=\"container\" data-e-type=\"container\" data-settings=\"{&quot;background_background&quot;:&quot;classic&quot;}\" href=\"\/cultura\/licenca-por-motivo-de-doenca-em-pessoa-da-familia-do-servidor\">\n\t\t\t\t<div class=\"elementor-element elementor-element-9ee5a43 elementor-widget elementor-widget-heading\" data-id=\"9ee5a43\" data-element_type=\"widget\" data-e-type=\"widget\" data-widget_type=\"heading.default\">\n\t\t\t\t<div class=\"elementor-widget-container\">\n\t\t\t\t\t<h5 class=\"elementor-heading-title elementor-size-default\">Licen\u00e7a por Motivo de Doen\u00e7a de Pessoa da Fam\u00edlia do Servidor<\/h5>\t\t\t\t<\/div>\n\t\t\t\t<\/div>\n\t\t\t\t<\/a>\n\t\t<a class=\"elementor-element elementor-element-417e60e e-con-full e-flex e-con e-child\" data-id=\"417e60e\" data-element_type=\"container\" data-e-type=\"container\" data-settings=\"{&quot;background_background&quot;:&quot;classic&quot;}\" href=\"\/cultura\/processo-de-frequencia\">\n\t\t\t\t<div class=\"elementor-element elementor-element-c124343 elementor-widget elementor-widget-heading\" data-id=\"c124343\" data-element_type=\"widget\" data-e-type=\"widget\" data-widget_type=\"heading.default\">\n\t\t\t\t<div class=\"elementor-widget-container\">\n\t\t\t\t\t<h5 class=\"elementor-heading-title elementor-size-default\">Processo de Frequ\u00eancia<\/h5>\t\t\t\t<\/div>\n\t\t\t\t<\/div>\n\t\t\t\t<\/a>\n\t\t<a class=\"elementor-element elementor-element-7824e7f e-con-full e-flex e-con e-child\" data-id=\"7824e7f\" data-element_type=\"container\" data-e-type=\"container\" data-settings=\"{&quot;background_background&quot;:&quot;classic&quot;}\" href=\"\/cultura\/reducao-de-carga-horaria\">\n\t\t\t\t<div class=\"elementor-element elementor-element-175b2b5 elementor-widget elementor-widget-heading\" data-id=\"175b2b5\" data-element_type=\"widget\" data-e-type=\"widget\" data-widget_type=\"heading.default\">\n\t\t\t\t<div class=\"elementor-widget-container\">\n\t\t\t\t\t<h5 class=\"elementor-heading-title elementor-size-default\">Redu\u00e7\u00e3o de Carga Hor\u00e1ria<\/h5>\t\t\t\t<\/div>\n\t\t\t\t<\/div>\n\t\t\t\t<\/a>\n\t\t<a class=\"elementor-element elementor-element-070dccd e-con-full e-flex e-con e-child\" data-id=\"070dccd\" data-element_type=\"container\" data-e-type=\"container\" data-settings=\"{&quot;background_background&quot;:&quot;classic&quot;}\" href=\"\/cultura\/reducao-de-carga-horaria-servidor-portador-de-deficiencia\">\n\t\t\t\t<div class=\"elementor-element elementor-element-3624ec4 elementor-widget elementor-widget-heading\" data-id=\"3624ec4\" data-element_type=\"widget\" data-e-type=\"widget\" data-widget_type=\"heading.default\">\n\t\t\t\t<div class=\"elementor-widget-container\">\n\t\t\t\t\t<h5 class=\"elementor-heading-title elementor-size-default\">Redu\u00e7\u00e3o de Carga Hor\u00e1ria - Servidor Portador Defici\u00eancia<\/h5>\t\t\t\t<\/div>\n\t\t\t\t<\/div>\n\t\t\t\t<\/a>\n\t\t<a class=\"elementor-element elementor-element-4384d0e e-con-full e-flex e-con e-child\" data-id=\"4384d0e\" data-element_type=\"container\" data-e-type=\"container\" data-settings=\"{&quot;background_background&quot;:&quot;classic&quot;}\" href=\"\/cultura\/escola-de-governo\">\n\t\t\t\t<div class=\"elementor-element elementor-element-e1c72d2 elementor-widget elementor-widget-heading\" data-id=\"e1c72d2\" data-element_type=\"widget\" data-e-type=\"widget\" data-widget_type=\"heading.default\">\n\t\t\t\t<div class=\"elementor-widget-container\">\n\t\t\t\t\t<h5 class=\"elementor-heading-title elementor-size-default\">Escola de Governo<\/h5>\t\t\t\t<\/div>\n\t\t\t\t<\/div>\n\t\t\t\t<\/a>\n\t\t<a class=\"elementor-element elementor-element-4c7c3fd e-con-full e-flex e-con e-child\" data-id=\"4c7c3fd\" data-element_type=\"container\" data-e-type=\"container\" data-settings=\"{&quot;background_background&quot;:&quot;classic&quot;}\" href=\"\/cultura\/estagiarios\">\n\t\t\t\t<div class=\"elementor-element elementor-element-2819b50 elementor-widget elementor-widget-heading\" data-id=\"2819b50\" data-element_type=\"widget\" data-e-type=\"widget\" data-widget_type=\"heading.default\">\n\t\t\t\t<div class=\"elementor-widget-container\">\n\t\t\t\t\t<h5 class=\"elementor-heading-title elementor-size-default\">Estagi\u00e1rios<\/h5>\t\t\t\t<\/div>\n\t\t\t\t<\/div>\n\t\t\t\t<\/a>\n\t\t<a class=\"elementor-element elementor-element-a3b8178 e-con-full e-flex e-con e-child\" data-id=\"a3b8178\" data-element_type=\"container\" data-e-type=\"container\" data-settings=\"{&quot;background_background&quot;:&quot;classic&quot;}\" href=\"\/cultura\/aprendiz-do-futuro\">\n\t\t\t\t<div class=\"elementor-element elementor-element-f9c224e elementor-widget elementor-widget-heading\" data-id=\"f9c224e\" data-element_type=\"widget\" data-e-type=\"widget\" data-widget_type=\"heading.default\">\n\t\t\t\t<div class=\"elementor-widget-container\">\n\t\t\t\t\t<h5 class=\"elementor-heading-title elementor-size-default\">Aprendiz do Futuro<\/h5>\t\t\t\t<\/div>\n\t\t\t\t<\/div>\n\t\t\t\t<\/a>\n\t\t\t\t<\/div>\n\t\t\t\t<\/div>\n\t\t\t\t\t<\/div>\n\t\t\t\t<\/div>\n\t\t\t\t<\/div>\n\t\t","protected":false},"excerpt":{"rendered":"<p>Descri\u00e7\u00e3o Cada Unidade Administrativa da SECULT possui um Processo de Frequ\u00eancia no SEI onde dever\u00e3o constar os Relat\u00f3rios de Frequ\u00eancia de seus servidores devidamente assinados pelo pr\u00f3prio servidor e pelo Chefe Imediato. O prazo estabelecido para a inclus\u00e3o do relat\u00f3rio de Frequ\u00eancia no processo espec\u00edfico de cada unidade \u00e9 de 10 (dez) dias contados ap\u00f3s [&hellip;]<\/p>\n","protected":false},"author":718,"featured_media":0,"parent":172105,"menu_order":0,"comment_status":"closed","ping_status":"closed","template":"","meta":{"footnotes":""},"class_list":["post-190693","page","type-page","status-publish","hentry"],"rttpg_featured_image_url":null,"rttpg_author":{"display_name":"vicentepaulo","author_link":"https:\/\/goias.gov.br\/cultura\/author\/vicentepaulo\/"},"rttpg_comment":0,"rttpg_category":null,"rttpg_excerpt":"Descri\u00e7\u00e3o Cada Unidade Administrativa da SECULT possui um Processo de Frequ\u00eancia no SEI onde dever\u00e3o constar os Relat\u00f3rios de Frequ\u00eancia de seus servidores devidamente assinados pelo pr\u00f3prio servidor e pelo Chefe Imediato. O prazo estabelecido para a inclus\u00e3o do relat\u00f3rio de Frequ\u00eancia no processo espec\u00edfico de cada unidade \u00e9 de 10 (dez) dias contados ap\u00f3s&hellip;","_links":{"self":[{"href":"https:\/\/goias.gov.br\/cultura\/wp-json\/wp\/v2\/pages\/190693","targetHints":{"allow":["GET"]}}],"collection":[{"href":"https:\/\/goias.gov.br\/cultura\/wp-json\/wp\/v2\/pages"}],"about":[{"href":"https:\/\/goias.gov.br\/cultura\/wp-json\/wp\/v2\/types\/page"}],"author":[{"embeddable":true,"href":"https:\/\/goias.gov.br\/cultura\/wp-json\/wp\/v2\/users\/718"}],"replies":[{"embeddable":true,"href":"https:\/\/goias.gov.br\/cultura\/wp-json\/wp\/v2\/comments?post=190693"}],"version-history":[{"count":2,"href":"https:\/\/goias.gov.br\/cultura\/wp-json\/wp\/v2\/pages\/190693\/revisions"}],"predecessor-version":[{"id":209448,"href":"https:\/\/goias.gov.br\/cultura\/wp-json\/wp\/v2\/pages\/190693\/revisions\/209448"}],"up":[{"embeddable":true,"href":"https:\/\/goias.gov.br\/cultura\/wp-json\/wp\/v2\/pages\/172105"}],"wp:attachment":[{"href":"https:\/\/goias.gov.br\/cultura\/wp-json\/wp\/v2\/media?parent=190693"}],"curies":[{"name":"wp","href":"https:\/\/api.w.org\/{rel}","templated":true}]}}