

{"id":187734,"date":"2025-07-21T14:16:14","date_gmt":"2025-07-21T17:16:14","guid":{"rendered":"https:\/\/goias.gov.br\/cultura\/?page_id=187734"},"modified":"2025-08-01T14:53:51","modified_gmt":"2025-08-01T17:53:51","slug":"licenca-paternidade","status":"publish","type":"page","link":"https:\/\/goias.gov.br\/cultura\/espaco-do-servidor\/licenca-paternidade\/","title":{"rendered":"Licen\u00e7a Paternidade"},"content":{"rendered":"\t\t<div data-elementor-type=\"wp-page\" data-elementor-id=\"187734\" class=\"elementor elementor-187734\">\n\t\t\t\t<div class=\"elementor-element elementor-element-b92af44 e-flex e-con-boxed e-con e-parent\" data-id=\"b92af44\" data-element_type=\"container\" data-e-type=\"container\">\n\t\t\t\t\t<div class=\"e-con-inner\">\n\t\t<div class=\"elementor-element elementor-element-7bbfce4 e-con-full e-flex e-con e-child\" data-id=\"7bbfce4\" data-element_type=\"container\" data-e-type=\"container\">\n\t\t\t\t<div class=\"elementor-element elementor-element-1b4a1bb elementor-widget elementor-widget-n-accordion\" data-id=\"1b4a1bb\" data-element_type=\"widget\" data-e-type=\"widget\" data-settings=\"{&quot;default_state&quot;:&quot;all_collapsed&quot;,&quot;max_items_expended&quot;:&quot;one&quot;,&quot;n_accordion_animation_duration&quot;:{&quot;unit&quot;:&quot;ms&quot;,&quot;size&quot;:400,&quot;sizes&quot;:[]}}\" data-widget_type=\"nested-accordion.default\">\n\t\t\t\t<div class=\"elementor-widget-container\">\n\t\t\t\t\t\t\t<div class=\"e-n-accordion\" aria-label=\"Accordion. Open links with Enter or Space, close with Escape, and navigate with Arrow Keys\">\n\t\t\t\t\t\t<details id=\"e-n-accordion-item-2860\" class=\"e-n-accordion-item\" >\n\t\t\t\t<summary class=\"e-n-accordion-item-title\" data-accordion-index=\"1\" tabindex=\"0\" aria-expanded=\"false\" aria-controls=\"e-n-accordion-item-2860\" >\n\t\t\t\t\t<span class='e-n-accordion-item-title-header'><div class=\"e-n-accordion-item-title-text\"> Descri\u00e7\u00e3o <\/div><\/span>\n\t\t\t\t\t\t\t<span class='e-n-accordion-item-title-icon'>\n\t\t\t<span class='e-opened' ><svg aria-hidden=\"true\" class=\"e-font-icon-svg e-fas-minus\" viewBox=\"0 0 448 512\" xmlns=\"http:\/\/www.w3.org\/2000\/svg\"><path d=\"M416 208H32c-17.67 0-32 14.33-32 32v32c0 17.67 14.33 32 32 32h384c17.67 0 32-14.33 32-32v-32c0-17.67-14.33-32-32-32z\"><\/path><\/svg><\/span>\n\t\t\t<span class='e-closed'><svg aria-hidden=\"true\" class=\"e-font-icon-svg e-fas-plus\" viewBox=\"0 0 448 512\" xmlns=\"http:\/\/www.w3.org\/2000\/svg\"><path d=\"M416 208H272V64c0-17.67-14.33-32-32-32h-32c-17.67 0-32 14.33-32 32v144H32c-17.67 0-32 14.33-32 32v32c0 17.67 14.33 32 32 32h144v144c0 17.67 14.33 32 32 32h32c17.67 0 32-14.33 32-32V304h144c17.67 0 32-14.33 32-32v-32c0-17.67-14.33-32-32-32z\"><\/path><\/svg><\/span>\n\t\t<\/span>\n\n\t\t\t\t\t\t<\/summary>\n\t\t\t\t<div role=\"region\" aria-labelledby=\"e-n-accordion-item-2860\" class=\"elementor-element elementor-element-9d1b9bf e-con-full e-flex e-con e-child\" data-id=\"9d1b9bf\" data-element_type=\"container\" data-e-type=\"container\">\n\t\t\t\t<div class=\"elementor-element elementor-element-2f89df5 elementor-widget elementor-widget-text-editor\" data-id=\"2f89df5\" data-element_type=\"widget\" data-e-type=\"widget\" data-widget_type=\"text-editor.default\">\n\t\t\t\t<div class=\"elementor-widget-container\">\n\t\t\t\t\t\t\t\t\t<div class=\"elementor-element elementor-element-6eb424f e-con-full e-flex e-con e-child\" role=\"region\" aria-labelledby=\"e-n-accordion-item-8270\" data-id=\"6eb424f\" data-element_type=\"container\"><div class=\"elementor-element elementor-element-c342dc1 elementor-widget elementor-widget-text-editor\" data-id=\"c342dc1\" data-element_type=\"widget\" data-widget_type=\"text-editor.default\"><div class=\"elementor-widget-container\"><p>Ao servidor est\u00e1vel, comissionado e contratado temporariamente ser\u00e1 concedida licen\u00e7a remunerada de 20 (vinte) dias, com a remunera\u00e7\u00e3o ou o subs\u00eddio do cargo, em raz\u00e3o de nascimento de filho, ado\u00e7\u00e3o conjunta ou obten\u00e7\u00e3o de guarda judicial para fins de ado\u00e7\u00e3o conjunta de crian\u00e7a ou adolescente, mediante apresenta\u00e7\u00e3o de documento oficial comprobat\u00f3rio do nascimento ou termo oficial de ado\u00e7\u00e3o ou guarda.<\/p><p>A licen\u00e7a \u2013 paternidade ser\u00e1 concedida inclusive em casos de natimorto.<\/p><p>Ao servidor empregado celetista, a previs\u00e3o do art. 473, inciso III da CLT prev\u00ea a Licen\u00e7a-Paternidade por 05 (cinco) dias consecutivos, em caso de nascimento de filho, de ado\u00e7\u00e3o ou de guarda compartilhada.<\/p><p><strong>Of\u00edcio 563 (71222095) SEI 202517645000679 \/ pg. 6 LICEN\u00c7A PATERNIDADE<\/strong><\/p><p><strong>Siga o passo a passo a seguir<\/strong>:<\/p><ul><li>Inicie processo no SEI;<br \/>Escolha o tipo do processo: \u201cLicen\u00e7a\u201d;<br \/>Colocar o seu nome no campo \u201cInteressado\u201d;<br \/>Clicar na op\u00e7\u00e3o \u201cIncluir Documento\u201d e anexar a c\u00f3pia da Certid\u00e3o de Nascimento;<br \/>Encaminhar o processo, via SEI! para a SECULT\/GEGP, atrav\u00e9s do c\u00f3digo 17678, para provid\u00eancias.<\/li><\/ul><p><strong>OBSERVA\u00c7\u00d5ES<\/strong>:<br \/>Comunicar a chefia imediata acerca do requerimento de Licen\u00e7a Paternidade ou solicitar que a GGDP o fa\u00e7a;<br \/>Nas situa\u00e7\u00f5es em que n\u00e3o seja poss\u00edvel a abertura do Processo SEI pelo pr\u00f3prio servidor, encaminhar documenta\u00e7\u00e3o comprobat\u00f3ria para o e-mail: <span style=\"color: #0000ff;\">gerenciagestaopessoas.secult@goias.gov.br<\/span>\u00a0<\/p><\/div><\/div><\/div>\t\t\t\t\t\t\t\t<\/div>\n\t\t\t\t<\/div>\n\t\t\t\t<\/div>\n\t\t\t\t\t<\/details>\n\t\t\t\t\t<\/div>\n\t\t\t\t\t\t<\/div>\n\t\t\t\t<\/div>\n\t\t\t\t<\/div>\n\t\t<div class=\"elementor-element elementor-element-b55cf3c e-con-full e-flex e-con e-child\" data-id=\"b55cf3c\" data-element_type=\"container\" data-e-type=\"container\">\n\t\t<div class=\"elementor-element elementor-element-40022bd e-con-full e-flex e-con e-child\" data-id=\"40022bd\" data-element_type=\"container\" data-e-type=\"container\" data-settings=\"{&quot;background_background&quot;:&quot;classic&quot;}\">\n\t\t<a class=\"elementor-element elementor-element-1225d1c e-con-full e-flex e-con e-child\" data-id=\"1225d1c\" data-element_type=\"container\" data-e-type=\"container\" data-settings=\"{&quot;background_background&quot;:&quot;classic&quot;}\" href=\"\/cultura\/posse-e-provimento\/\">\n\t\t\t\t<div class=\"elementor-element elementor-element-90e9618 elementor-widget elementor-widget-heading\" data-id=\"90e9618\" data-element_type=\"widget\" data-e-type=\"widget\" data-widget_type=\"heading.default\">\n\t\t\t\t<div class=\"elementor-widget-container\">\n\t\t\t\t\t<h5 class=\"elementor-heading-title elementor-size-default\">Posse e Provimento<\/h5>\t\t\t\t<\/div>\n\t\t\t\t<\/div>\n\t\t\t\t<\/a>\n\t\t<a class=\"elementor-element elementor-element-cc271e9 e-con-full e-flex e-con e-child\" data-id=\"cc271e9\" data-element_type=\"container\" data-e-type=\"container\" data-settings=\"{&quot;background_background&quot;:&quot;classic&quot;}\" href=\"\/cultura\/ferias\">\n\t\t\t\t<div class=\"elementor-element elementor-element-11387c9 elementor-widget elementor-widget-heading\" data-id=\"11387c9\" data-element_type=\"widget\" data-e-type=\"widget\" data-widget_type=\"heading.default\">\n\t\t\t\t<div class=\"elementor-widget-container\">\n\t\t\t\t\t<h5 class=\"elementor-heading-title elementor-size-default\">F\u00e9rias<\/h5>\t\t\t\t<\/div>\n\t\t\t\t<\/div>\n\t\t\t\t<\/a>\n\t\t<a class=\"elementor-element elementor-element-cd9f222 e-con-full e-flex e-con e-child\" data-id=\"cd9f222\" data-element_type=\"container\" data-e-type=\"container\" data-settings=\"{&quot;background_background&quot;:&quot;classic&quot;}\" href=\"\/cultura\/aposentadoria\">\n\t\t\t\t<div class=\"elementor-element elementor-element-6c70a16 elementor-widget elementor-widget-heading\" data-id=\"6c70a16\" data-element_type=\"widget\" data-e-type=\"widget\" data-widget_type=\"heading.default\">\n\t\t\t\t<div class=\"elementor-widget-container\">\n\t\t\t\t\t<h5 class=\"elementor-heading-title elementor-size-default\">Aposentadoria<\/h5>\t\t\t\t<\/div>\n\t\t\t\t<\/div>\n\t\t\t\t<\/a>\n\t\t<a class=\"elementor-element elementor-element-612fd38 e-con-full e-flex e-con e-child\" data-id=\"612fd38\" data-element_type=\"container\" data-e-type=\"container\" data-settings=\"{&quot;background_background&quot;:&quot;classic&quot;}\" href=\"\/cultura\/auxilio-funeral\">\n\t\t\t\t<div class=\"elementor-element elementor-element-2e448a4 elementor-widget elementor-widget-heading\" data-id=\"2e448a4\" data-element_type=\"widget\" data-e-type=\"widget\" data-widget_type=\"heading.default\">\n\t\t\t\t<div class=\"elementor-widget-container\">\n\t\t\t\t\t<h5 class=\"elementor-heading-title elementor-size-default\">Aux\u00edlio Funeral<\/h5>\t\t\t\t<\/div>\n\t\t\t\t<\/div>\n\t\t\t\t<\/a>\n\t\t<a class=\"elementor-element elementor-element-fae14f6 e-con-full e-flex e-con e-child\" data-id=\"fae14f6\" data-element_type=\"container\" data-e-type=\"container\" data-settings=\"{&quot;background_background&quot;:&quot;classic&quot;}\" href=\"\/cultura\/crachas\">\n\t\t\t\t<div class=\"elementor-element elementor-element-2a8d19f elementor-widget elementor-widget-heading\" data-id=\"2a8d19f\" data-element_type=\"widget\" data-e-type=\"widget\" data-widget_type=\"heading.default\">\n\t\t\t\t<div class=\"elementor-widget-container\">\n\t\t\t\t\t<h5 class=\"elementor-heading-title elementor-size-default\">Crach\u00e1s<\/h5>\t\t\t\t<\/div>\n\t\t\t\t<\/div>\n\t\t\t\t<\/a>\n\t\t<a class=\"elementor-element elementor-element-b2be70c e-con-full e-flex e-con e-child\" data-id=\"b2be70c\" data-element_type=\"container\" data-e-type=\"container\" data-settings=\"{&quot;background_background&quot;:&quot;classic&quot;}\" href=\"\/cultura\/requerimento-diversos\">\n\t\t\t\t<div class=\"elementor-element elementor-element-e2b010f elementor-widget elementor-widget-heading\" data-id=\"e2b010f\" data-element_type=\"widget\" data-e-type=\"widget\" data-widget_type=\"heading.default\">\n\t\t\t\t<div class=\"elementor-widget-container\">\n\t\t\t\t\t<h5 class=\"elementor-heading-title elementor-size-default\">Requerimento Diversos<\/h5>\t\t\t\t<\/div>\n\t\t\t\t<\/div>\n\t\t\t\t<\/a>\n\t\t<a class=\"elementor-element elementor-element-765c724 e-con-full e-flex e-con e-child\" data-id=\"765c724\" data-element_type=\"container\" data-e-type=\"container\" data-settings=\"{&quot;background_background&quot;:&quot;classic&quot;}\" href=\"\/cultura\/assistencia-escolar\">\n\t\t\t\t<div class=\"elementor-element elementor-element-403b9da elementor-widget elementor-widget-heading\" data-id=\"403b9da\" data-element_type=\"widget\" data-e-type=\"widget\" data-widget_type=\"heading.default\">\n\t\t\t\t<div class=\"elementor-widget-container\">\n\t\t\t\t\t<h5 class=\"elementor-heading-title elementor-size-default\">Assist\u00eancia Pr\u00e9-Escolar<\/h5>\t\t\t\t<\/div>\n\t\t\t\t<\/div>\n\t\t\t\t<\/a>\n\t\t<a class=\"elementor-element elementor-element-cc71f9f e-con-full e-flex e-con e-child\" data-id=\"cc71f9f\" data-element_type=\"container\" data-e-type=\"container\" data-settings=\"{&quot;background_background&quot;:&quot;classic&quot;}\" href=\"\/cultura\/certificado-de-tempo-de-contribuicao-ou-averbacao-de-tempo-de-servico\/\">\n\t\t\t\t<div class=\"elementor-element elementor-element-63a477d elementor-widget elementor-widget-heading\" data-id=\"63a477d\" data-element_type=\"widget\" data-e-type=\"widget\" data-widget_type=\"heading.default\">\n\t\t\t\t<div class=\"elementor-widget-container\">\n\t\t\t\t\t<h5 class=\"elementor-heading-title elementor-size-default\">Certificado Tempo Contribui\u00e7\u00e3o ou Averba\u00e7\u00e3o Tempo Servi\u00e7o<\/h5>\t\t\t\t<\/div>\n\t\t\t\t<\/div>\n\t\t\t\t<\/a>\n\t\t<a class=\"elementor-element elementor-element-533a39f e-con-full e-flex e-con e-child\" data-id=\"533a39f\" data-element_type=\"container\" data-e-type=\"container\" data-settings=\"{&quot;background_background&quot;:&quot;classic&quot;}\" href=\"\/cultura\/declaracao-de-tempo-de-contribuicao-anexo-iv-inss\">\n\t\t\t\t<div class=\"elementor-element elementor-element-f717bb8 elementor-widget elementor-widget-heading\" data-id=\"f717bb8\" data-element_type=\"widget\" data-e-type=\"widget\" data-widget_type=\"heading.default\">\n\t\t\t\t<div class=\"elementor-widget-container\">\n\t\t\t\t\t<h5 class=\"elementor-heading-title elementor-size-default\">Declara\u00e7\u00e3o Tempo Contribui\u00e7\u00e3o - Anexo IV - INSS<\/h5>\t\t\t\t<\/div>\n\t\t\t\t<\/div>\n\t\t\t\t<\/a>\n\t\t<a class=\"elementor-element elementor-element-6778bd8 e-con-full e-flex e-con e-child\" data-id=\"6778bd8\" data-element_type=\"container\" data-e-type=\"container\" data-settings=\"{&quot;background_background&quot;:&quot;classic&quot;}\" href=\"\/cultura\/banco-de-horas-e-compensacao\">\n\t\t\t\t<div class=\"elementor-element elementor-element-b73d504 elementor-widget elementor-widget-heading\" data-id=\"b73d504\" data-element_type=\"widget\" data-e-type=\"widget\" data-widget_type=\"heading.default\">\n\t\t\t\t<div class=\"elementor-widget-container\">\n\t\t\t\t\t<h5 class=\"elementor-heading-title elementor-size-default\">Banco de Horas e Compensa\u00e7\u00e3o<\/h5>\t\t\t\t<\/div>\n\t\t\t\t<\/div>\n\t\t\t\t<\/a>\n\t\t<a class=\"elementor-element elementor-element-0e53edb e-con-full e-flex e-con e-child\" data-id=\"0e53edb\" data-element_type=\"container\" data-e-type=\"container\" data-settings=\"{&quot;background_background&quot;:&quot;classic&quot;}\" href=\"\/cultura\/atestado-e-licenca-medica\">\n\t\t\t\t<div class=\"elementor-element elementor-element-05293b7 elementor-widget elementor-widget-heading\" data-id=\"05293b7\" data-element_type=\"widget\" data-e-type=\"widget\" data-widget_type=\"heading.default\">\n\t\t\t\t<div class=\"elementor-widget-container\">\n\t\t\t\t\t<h5 class=\"elementor-heading-title elementor-size-default\">Atestado e Licen\u00e7a M\u00e9dica<\/h5>\t\t\t\t<\/div>\n\t\t\t\t<\/div>\n\t\t\t\t<\/a>\n\t\t<a class=\"elementor-element elementor-element-00c8caf e-con-full e-flex e-con e-child\" data-id=\"00c8caf\" data-element_type=\"container\" data-e-type=\"container\" data-settings=\"{&quot;background_background&quot;:&quot;classic&quot;}\" href=\"\/cultura\/atestado-medico\">\n\t\t\t\t<div class=\"elementor-element elementor-element-5055532 elementor-widget elementor-widget-heading\" data-id=\"5055532\" data-element_type=\"widget\" data-e-type=\"widget\" data-widget_type=\"heading.default\">\n\t\t\t\t<div class=\"elementor-widget-container\">\n\t\t\t\t\t<h5 class=\"elementor-heading-title elementor-size-default\">Atestado M\u00e9dico<\/h5>\t\t\t\t<\/div>\n\t\t\t\t<\/div>\n\t\t\t\t<\/a>\n\t\t<a class=\"elementor-element elementor-element-4af92e3 e-con-full e-flex e-con e-child\" data-id=\"4af92e3\" data-element_type=\"container\" data-e-type=\"container\" data-settings=\"{&quot;background_background&quot;:&quot;classic&quot;}\" href=\"\/cultura\/licenca-maternidade\">\n\t\t\t\t<div class=\"elementor-element elementor-element-f8cd15c elementor-widget elementor-widget-heading\" data-id=\"f8cd15c\" data-element_type=\"widget\" data-e-type=\"widget\" data-widget_type=\"heading.default\">\n\t\t\t\t<div class=\"elementor-widget-container\">\n\t\t\t\t\t<h5 class=\"elementor-heading-title elementor-size-default\">Licen\u00e7a Maternidade<\/h5>\t\t\t\t<\/div>\n\t\t\t\t<\/div>\n\t\t\t\t<\/a>\n\t\t<a class=\"elementor-element elementor-element-13074f4 e-con-full e-flex e-con e-child\" data-id=\"13074f4\" data-element_type=\"container\" data-e-type=\"container\" data-settings=\"{&quot;background_background&quot;:&quot;classic&quot;}\" href=\"\/cultura\/licenca-paternidade\">\n\t\t\t\t<div class=\"elementor-element elementor-element-4216d75 elementor-widget elementor-widget-heading\" data-id=\"4216d75\" data-element_type=\"widget\" data-e-type=\"widget\" data-widget_type=\"heading.default\">\n\t\t\t\t<div class=\"elementor-widget-container\">\n\t\t\t\t\t<h5 class=\"elementor-heading-title elementor-size-default\">Licen\u00e7a Paternidade<\/h5>\t\t\t\t<\/div>\n\t\t\t\t<\/div>\n\t\t\t\t<\/a>\n\t\t<a class=\"elementor-element elementor-element-81f21da e-con-full e-flex e-con e-child\" data-id=\"81f21da\" data-element_type=\"container\" data-e-type=\"container\" data-settings=\"{&quot;background_background&quot;:&quot;classic&quot;}\" href=\"\/cultura\/licenca-premio\">\n\t\t\t\t<div class=\"elementor-element elementor-element-0d63b59 elementor-widget elementor-widget-heading\" data-id=\"0d63b59\" data-element_type=\"widget\" data-e-type=\"widget\" data-widget_type=\"heading.default\">\n\t\t\t\t<div class=\"elementor-widget-container\">\n\t\t\t\t\t<h5 class=\"elementor-heading-title elementor-size-default\">Licen\u00e7a Pr\u00eamio<\/h5>\t\t\t\t<\/div>\n\t\t\t\t<\/div>\n\t\t\t\t<\/a>\n\t\t<a class=\"elementor-element elementor-element-c8aa368 e-con-full e-flex e-con e-child\" data-id=\"c8aa368\" data-element_type=\"container\" data-e-type=\"container\" data-settings=\"{&quot;background_background&quot;:&quot;classic&quot;}\" href=\"\/cultura\/licenca-para-capacitacao\">\n\t\t\t\t<div class=\"elementor-element elementor-element-19c711b elementor-widget elementor-widget-heading\" data-id=\"19c711b\" data-element_type=\"widget\" data-e-type=\"widget\" data-widget_type=\"heading.default\">\n\t\t\t\t<div class=\"elementor-widget-container\">\n\t\t\t\t\t<h5 class=\"elementor-heading-title elementor-size-default\">Licen\u00e7a para Capacita\u00e7\u00e3o<\/h5>\t\t\t\t<\/div>\n\t\t\t\t<\/div>\n\t\t\t\t<\/a>\n\t\t<a class=\"elementor-element elementor-element-5f6fa51 e-con-full e-flex e-con e-child\" data-id=\"5f6fa51\" data-element_type=\"container\" data-e-type=\"container\" data-settings=\"{&quot;background_background&quot;:&quot;classic&quot;}\" href=\"\/cultura\/licenca-para-tratar-de-interesses-particulares\">\n\t\t\t\t<div class=\"elementor-element elementor-element-662ac04 elementor-widget elementor-widget-heading\" data-id=\"662ac04\" data-element_type=\"widget\" data-e-type=\"widget\" data-widget_type=\"heading.default\">\n\t\t\t\t<div class=\"elementor-widget-container\">\n\t\t\t\t\t<h5 class=\"elementor-heading-title elementor-size-default\">Licen\u00e7a para Tratar de Interesses Particulares<\/h5>\t\t\t\t<\/div>\n\t\t\t\t<\/div>\n\t\t\t\t<\/a>\n\t\t<a class=\"elementor-element elementor-element-95b3255 e-con-full e-flex e-con e-child\" data-id=\"95b3255\" data-element_type=\"container\" data-e-type=\"container\" data-settings=\"{&quot;background_background&quot;:&quot;classic&quot;}\" href=\"\/cultura\/licenca-por-motivo-de-doenca-em-pessoa-da-familia-do-servidor\">\n\t\t\t\t<div class=\"elementor-element elementor-element-7b5d4f1 elementor-widget elementor-widget-heading\" data-id=\"7b5d4f1\" data-element_type=\"widget\" data-e-type=\"widget\" data-widget_type=\"heading.default\">\n\t\t\t\t<div class=\"elementor-widget-container\">\n\t\t\t\t\t<h5 class=\"elementor-heading-title elementor-size-default\">Licen\u00e7a por Motivo de Doen\u00e7a de Pessoa da Fam\u00edlia do Servidor<\/h5>\t\t\t\t<\/div>\n\t\t\t\t<\/div>\n\t\t\t\t<\/a>\n\t\t<a class=\"elementor-element elementor-element-173f33f e-con-full e-flex e-con e-child\" data-id=\"173f33f\" data-element_type=\"container\" data-e-type=\"container\" data-settings=\"{&quot;background_background&quot;:&quot;classic&quot;}\" href=\"\/cultura\/processo-de-frequencia\">\n\t\t\t\t<div class=\"elementor-element elementor-element-797da42 elementor-widget elementor-widget-heading\" data-id=\"797da42\" data-element_type=\"widget\" data-e-type=\"widget\" data-widget_type=\"heading.default\">\n\t\t\t\t<div class=\"elementor-widget-container\">\n\t\t\t\t\t<h5 class=\"elementor-heading-title elementor-size-default\">Processo de Frequ\u00eancia<\/h5>\t\t\t\t<\/div>\n\t\t\t\t<\/div>\n\t\t\t\t<\/a>\n\t\t<a class=\"elementor-element elementor-element-9a8b6de e-con-full e-flex e-con e-child\" data-id=\"9a8b6de\" data-element_type=\"container\" data-e-type=\"container\" data-settings=\"{&quot;background_background&quot;:&quot;classic&quot;}\" href=\"\/cultura\/reducao-de-carga-horaria\">\n\t\t\t\t<div class=\"elementor-element elementor-element-01eb71c elementor-widget elementor-widget-heading\" data-id=\"01eb71c\" data-element_type=\"widget\" data-e-type=\"widget\" data-widget_type=\"heading.default\">\n\t\t\t\t<div class=\"elementor-widget-container\">\n\t\t\t\t\t<h5 class=\"elementor-heading-title elementor-size-default\">Redu\u00e7\u00e3o de Carga Hor\u00e1ria<\/h5>\t\t\t\t<\/div>\n\t\t\t\t<\/div>\n\t\t\t\t<\/a>\n\t\t<a class=\"elementor-element elementor-element-9c299c0 e-con-full e-flex e-con e-child\" data-id=\"9c299c0\" data-element_type=\"container\" data-e-type=\"container\" data-settings=\"{&quot;background_background&quot;:&quot;classic&quot;}\" href=\"\/cultura\/reducao-de-carga-horaria-servidor-portador-de-deficiencia\">\n\t\t\t\t<div class=\"elementor-element elementor-element-61af17f elementor-widget elementor-widget-heading\" data-id=\"61af17f\" data-element_type=\"widget\" data-e-type=\"widget\" data-widget_type=\"heading.default\">\n\t\t\t\t<div class=\"elementor-widget-container\">\n\t\t\t\t\t<h5 class=\"elementor-heading-title elementor-size-default\">Redu\u00e7\u00e3o de Carga Hor\u00e1ria - Servidor Portador Defici\u00eancia<\/h5>\t\t\t\t<\/div>\n\t\t\t\t<\/div>\n\t\t\t\t<\/a>\n\t\t<a class=\"elementor-element elementor-element-0c3325e e-con-full e-flex e-con e-child\" data-id=\"0c3325e\" data-element_type=\"container\" data-e-type=\"container\" data-settings=\"{&quot;background_background&quot;:&quot;classic&quot;}\" href=\"\/cultura\/escola-de-governo\">\n\t\t\t\t<div class=\"elementor-element elementor-element-9235b1f elementor-widget elementor-widget-heading\" data-id=\"9235b1f\" data-element_type=\"widget\" data-e-type=\"widget\" data-widget_type=\"heading.default\">\n\t\t\t\t<div class=\"elementor-widget-container\">\n\t\t\t\t\t<h5 class=\"elementor-heading-title elementor-size-default\">Escola de Governo<\/h5>\t\t\t\t<\/div>\n\t\t\t\t<\/div>\n\t\t\t\t<\/a>\n\t\t<a class=\"elementor-element elementor-element-94f7061 e-con-full e-flex e-con e-child\" data-id=\"94f7061\" data-element_type=\"container\" data-e-type=\"container\" data-settings=\"{&quot;background_background&quot;:&quot;classic&quot;}\" href=\"\/cultura\/estagiarios\">\n\t\t\t\t<div class=\"elementor-element elementor-element-e9f497d elementor-widget elementor-widget-heading\" data-id=\"e9f497d\" data-element_type=\"widget\" data-e-type=\"widget\" data-widget_type=\"heading.default\">\n\t\t\t\t<div class=\"elementor-widget-container\">\n\t\t\t\t\t<h5 class=\"elementor-heading-title elementor-size-default\">Estagi\u00e1rios<\/h5>\t\t\t\t<\/div>\n\t\t\t\t<\/div>\n\t\t\t\t<\/a>\n\t\t<a class=\"elementor-element elementor-element-931b9fd e-con-full e-flex e-con e-child\" data-id=\"931b9fd\" data-element_type=\"container\" data-e-type=\"container\" data-settings=\"{&quot;background_background&quot;:&quot;classic&quot;}\" href=\"\/cultura\/aprendiz-do-futuro\">\n\t\t\t\t<div class=\"elementor-element elementor-element-e1f6013 elementor-widget elementor-widget-heading\" data-id=\"e1f6013\" data-element_type=\"widget\" data-e-type=\"widget\" data-widget_type=\"heading.default\">\n\t\t\t\t<div class=\"elementor-widget-container\">\n\t\t\t\t\t<h5 class=\"elementor-heading-title elementor-size-default\">Aprendiz do Futuro<\/h5>\t\t\t\t<\/div>\n\t\t\t\t<\/div>\n\t\t\t\t<\/a>\n\t\t\t\t<\/div>\n\t\t\t\t<\/div>\n\t\t\t\t\t<\/div>\n\t\t\t\t<\/div>\n\t\t\t\t<\/div>\n\t\t","protected":false},"excerpt":{"rendered":"<p>Descri\u00e7\u00e3o Ao servidor est\u00e1vel, comissionado e contratado temporariamente ser\u00e1 concedida licen\u00e7a remunerada de 20 (vinte) dias, com a remunera\u00e7\u00e3o ou o subs\u00eddio do cargo, em raz\u00e3o de nascimento de filho, ado\u00e7\u00e3o conjunta ou obten\u00e7\u00e3o de guarda judicial para fins de ado\u00e7\u00e3o conjunta de crian\u00e7a ou adolescente, mediante apresenta\u00e7\u00e3o de documento oficial comprobat\u00f3rio do nascimento ou [&hellip;]<\/p>\n","protected":false},"author":718,"featured_media":0,"parent":172105,"menu_order":0,"comment_status":"closed","ping_status":"closed","template":"","meta":{"footnotes":""},"class_list":["post-187734","page","type-page","status-publish","hentry"],"rttpg_featured_image_url":null,"rttpg_author":{"display_name":"vicentepaulo","author_link":"https:\/\/goias.gov.br\/cultura\/author\/vicentepaulo\/"},"rttpg_comment":0,"rttpg_category":null,"rttpg_excerpt":"Descri\u00e7\u00e3o Ao servidor est\u00e1vel, comissionado e contratado temporariamente ser\u00e1 concedida licen\u00e7a remunerada de 20 (vinte) dias, com a remunera\u00e7\u00e3o ou o subs\u00eddio do cargo, em raz\u00e3o de nascimento de filho, ado\u00e7\u00e3o conjunta ou obten\u00e7\u00e3o de guarda judicial para fins de ado\u00e7\u00e3o conjunta de crian\u00e7a ou adolescente, mediante apresenta\u00e7\u00e3o de documento oficial comprobat\u00f3rio do nascimento ou&hellip;","_links":{"self":[{"href":"https:\/\/goias.gov.br\/cultura\/wp-json\/wp\/v2\/pages\/187734","targetHints":{"allow":["GET"]}}],"collection":[{"href":"https:\/\/goias.gov.br\/cultura\/wp-json\/wp\/v2\/pages"}],"about":[{"href":"https:\/\/goias.gov.br\/cultura\/wp-json\/wp\/v2\/types\/page"}],"author":[{"embeddable":true,"href":"https:\/\/goias.gov.br\/cultura\/wp-json\/wp\/v2\/users\/718"}],"replies":[{"embeddable":true,"href":"https:\/\/goias.gov.br\/cultura\/wp-json\/wp\/v2\/comments?post=187734"}],"version-history":[{"count":2,"href":"https:\/\/goias.gov.br\/cultura\/wp-json\/wp\/v2\/pages\/187734\/revisions"}],"predecessor-version":[{"id":209085,"href":"https:\/\/goias.gov.br\/cultura\/wp-json\/wp\/v2\/pages\/187734\/revisions\/209085"}],"up":[{"embeddable":true,"href":"https:\/\/goias.gov.br\/cultura\/wp-json\/wp\/v2\/pages\/172105"}],"wp:attachment":[{"href":"https:\/\/goias.gov.br\/cultura\/wp-json\/wp\/v2\/media?parent=187734"}],"curies":[{"name":"wp","href":"https:\/\/api.w.org\/{rel}","templated":true}]}}