

{"id":185619,"date":"2025-07-21T09:43:18","date_gmt":"2025-07-21T12:43:18","guid":{"rendered":"https:\/\/goias.gov.br\/cultura\/?page_id=185619"},"modified":"2025-08-01T14:37:26","modified_gmt":"2025-08-01T17:37:26","slug":"atestado-e-licenca-medica","status":"publish","type":"page","link":"https:\/\/goias.gov.br\/cultura\/espaco-do-servidor\/atestado-e-licenca-medica\/","title":{"rendered":"Atestado e Licen\u00e7a M\u00e9dica"},"content":{"rendered":"\t\t<div data-elementor-type=\"wp-page\" data-elementor-id=\"185619\" class=\"elementor elementor-185619\">\n\t\t\t\t<div class=\"elementor-element elementor-element-bbba5cf e-flex e-con-boxed e-con e-parent\" data-id=\"bbba5cf\" data-element_type=\"container\" data-e-type=\"container\">\n\t\t\t\t\t<div class=\"e-con-inner\">\n\t\t<div class=\"elementor-element elementor-element-146b7bc e-con-full e-flex e-con e-child\" data-id=\"146b7bc\" data-element_type=\"container\" data-e-type=\"container\">\n\t\t\t\t<div class=\"elementor-element elementor-element-d05d0ef elementor-widget elementor-widget-n-accordion\" data-id=\"d05d0ef\" data-element_type=\"widget\" data-e-type=\"widget\" data-settings=\"{&quot;default_state&quot;:&quot;all_collapsed&quot;,&quot;max_items_expended&quot;:&quot;one&quot;,&quot;n_accordion_animation_duration&quot;:{&quot;unit&quot;:&quot;ms&quot;,&quot;size&quot;:400,&quot;sizes&quot;:[]}}\" data-widget_type=\"nested-accordion.default\">\n\t\t\t\t<div class=\"elementor-widget-container\">\n\t\t\t\t\t\t\t<div class=\"e-n-accordion\" aria-label=\"Accordion. Open links with Enter or Space, close with Escape, and navigate with Arrow Keys\">\n\t\t\t\t\t\t<details id=\"e-n-accordion-item-2180\" class=\"e-n-accordion-item\" >\n\t\t\t\t<summary class=\"e-n-accordion-item-title\" data-accordion-index=\"1\" tabindex=\"0\" aria-expanded=\"false\" aria-controls=\"e-n-accordion-item-2180\" >\n\t\t\t\t\t<span class='e-n-accordion-item-title-header'><div class=\"e-n-accordion-item-title-text\"> Descri\u00e7\u00e3o <\/div><\/span>\n\t\t\t\t\t\t\t<span class='e-n-accordion-item-title-icon'>\n\t\t\t<span class='e-opened' ><svg aria-hidden=\"true\" class=\"e-font-icon-svg e-fas-minus\" viewBox=\"0 0 448 512\" xmlns=\"http:\/\/www.w3.org\/2000\/svg\"><path d=\"M416 208H32c-17.67 0-32 14.33-32 32v32c0 17.67 14.33 32 32 32h384c17.67 0 32-14.33 32-32v-32c0-17.67-14.33-32-32-32z\"><\/path><\/svg><\/span>\n\t\t\t<span class='e-closed'><svg aria-hidden=\"true\" class=\"e-font-icon-svg e-fas-plus\" viewBox=\"0 0 448 512\" xmlns=\"http:\/\/www.w3.org\/2000\/svg\"><path d=\"M416 208H272V64c0-17.67-14.33-32-32-32h-32c-17.67 0-32 14.33-32 32v144H32c-17.67 0-32 14.33-32 32v32c0 17.67 14.33 32 32 32h144v144c0 17.67 14.33 32 32 32h32c17.67 0 32-14.33 32-32V304h144c17.67 0 32-14.33 32-32v-32c0-17.67-14.33-32-32-32z\"><\/path><\/svg><\/span>\n\t\t<\/span>\n\n\t\t\t\t\t\t<\/summary>\n\t\t\t\t<div role=\"region\" aria-labelledby=\"e-n-accordion-item-2180\" class=\"elementor-element elementor-element-894b309 e-con-full e-flex e-con e-child\" data-id=\"894b309\" data-element_type=\"container\" data-e-type=\"container\">\n\t\t\t\t<div class=\"elementor-element elementor-element-75bd9e5 elementor-widget elementor-widget-text-editor\" data-id=\"75bd9e5\" data-element_type=\"widget\" data-e-type=\"widget\" data-widget_type=\"text-editor.default\">\n\t\t\t\t<div class=\"elementor-widget-container\">\n\t\t\t\t\t\t\t\t\t<div class=\"elementor-element elementor-element-194a154 e-con-full e-flex e-con e-child\" role=\"region\" aria-labelledby=\"e-n-accordion-item-1760\" data-id=\"194a154\" data-element_type=\"container\"><div class=\"elementor-element elementor-element-419389e elementor-widget elementor-widget-text-editor\" data-id=\"419389e\" data-element_type=\"widget\" data-widget_type=\"text-editor.default\"><div class=\"elementor-widget-container\"><p>Em cada m\u00eas civil o servidor poder\u00e1 apresentar Atestado M\u00e9dico de at\u00e9 03 (tr\u00eas) dias \u00fateis. Se atingido o limite mensal de afastamento, ou seja, acima de 03 (tr\u00eas) dias no m\u00eas, o atestado ou licen\u00e7a dever\u00e1 ser precedido de per\u00edcia m\u00e9dica pela Junta M\u00e9dica Oficial do Estado de Goi\u00e1s, onde o servidor dever\u00e1 encaminhar para a GGDP do \u00f3rg\u00e3o as documenta\u00e7\u00f5es inerentes para provid\u00eancias de envio da unidade a Junta M\u00e9dica.<\/p><p>A licen\u00e7a m\u00e9dica dependente de inspe\u00e7\u00e3o pela Junta M\u00e9dica Oficial do Estado que dever\u00e1 ser solicitada obrigatoriamente pelo servidor, por representante ou procurador urgentemente, se poss\u00edvel no mesmo dia da data do in\u00edcio de seu afastamento.<\/p><p>Servidores submetidos ao Regime Geral da Previd\u00eancia Social (RGPS), ao Estado compete o pagamento dos 15 (quinze) primeiros dias e, a partir do 16 (d\u00e9cimo sexto) dia de licen\u00e7a, o pagamento fica a cargo do INSS, conforme deferimento da Per\u00edcia M\u00e9dica.<\/p><p>Siga o passo a passo abaixo para requerer a Licen\u00e7a M\u00e9dica:<\/p><p>1. O servidor dever\u00e1 imprimir o formul\u00e1rio Relat\u00f3rio M\u00e9dico \u2013 Solicita\u00e7\u00e3o de Licen\u00e7a M\u00e9dica e levar at\u00e9 o seu m\u00e9dico para que seja devidamente preenchido, assinado e carimbado, link <a href=\"https:\/\/goias.gov.br\/cultura\/wpcontent\/uploads\/sites\/25\/2022\/04\/1_Relatorio_Medico_para_Solicitacao_de_Licenca_Medica-840.pdf\" target=\"_blank\" rel=\"noopener\">https:\/\/goias.gov.br\/cultura\/wpcontent\/uploads\/sites\/25\/2022\/04\/1_Relatorio_Medico_para_Solicitacao_de_Licenca_Medica-840.pdf<\/a>;<\/p><p>2. Autue um processo no Sistema Eletr\u00f4nico de Informa\u00e7\u00f5es \u2013 SEI com o assunto \u201cLicen\u00e7a\u201d;<\/p><p>3. Coloque o seu nome no campo \u201cInteressado\u201d;<\/p><p>4. Para incluir no processo o Relat\u00f3rio M\u00e9dico assinado, clique na op\u00e7\u00e3o \u201cIncluir Documento\u201d;<\/p><p>5. Digite \u201cExterno\u201d na caixa de busca;<\/p><p>6. Ap\u00f3s, uma p\u00e1gina ser\u00e1 aberta para que o Requerimento seja anexado;<\/p><p>7. Em \u201cTipo de Documento\u201d busque a op\u00e7\u00e3o \u201cRelat\u00f3rio M\u00e9dico\u201d e preencha o restante dos campos obrigat\u00f3rios;<\/p><p>8. Ap\u00f3s preenchido, assinado e escaneado, busque e insira o Relat\u00f3rio M\u00e9dico no processo;<\/p><p>9. Junte ao processo a seguinte documenta\u00e7\u00e3o:<br \/>Ficha Cadastral preenchida;<br \/>Relat\u00f3rio M\u00e9dico Assistente (*necess\u00e1rio imprimir frente e verso);<br \/>Declara\u00e7\u00e3o de Interna\u00e7\u00e3o do Hospital (nos casos de Interna\u00e7\u00e3o\/Cirurgia) em papel timbrado do hospital, constando data de entrada e sa\u00edda, carimbo e assinatura do respons\u00e1vel;<br \/>C\u00f3pia de laudos de exames m\u00e9dicos que comprovem a doen\u00e7a; e Documento de Identifica\u00e7\u00e3o original (RG, CNH, Passaporte ou CTPS).<\/p><p>10. Encaminhe o processo, via SEI, para a GECSSS\/SEAD, atrav\u00e9s do c\u00f3digo SEI: 02820.<\/p><p>11. Pronto! Sua solicita\u00e7\u00e3o de licen\u00e7a para tratamento de sa\u00fade foi encaminhada para an\u00e1lise.<\/p><\/div><\/div><\/div>\t\t\t\t\t\t\t\t<\/div>\n\t\t\t\t<\/div>\n\t\t\t\t<\/div>\n\t\t\t\t\t<\/details>\n\t\t\t\t\t<\/div>\n\t\t\t\t\t\t<\/div>\n\t\t\t\t<\/div>\n\t\t\t\t<\/div>\n\t\t<div class=\"elementor-element elementor-element-a13b961 e-con-full e-flex e-con e-child\" data-id=\"a13b961\" data-element_type=\"container\" data-e-type=\"container\">\n\t\t<div class=\"elementor-element elementor-element-fe00830 e-con-full e-flex e-con e-child\" data-id=\"fe00830\" data-element_type=\"container\" data-e-type=\"container\" data-settings=\"{&quot;background_background&quot;:&quot;classic&quot;}\">\n\t\t<a class=\"elementor-element elementor-element-8bb7dfa e-con-full e-flex e-con e-child\" data-id=\"8bb7dfa\" data-element_type=\"container\" data-e-type=\"container\" data-settings=\"{&quot;background_background&quot;:&quot;classic&quot;}\" href=\"\/cultura\/posse-e-provimento\/\">\n\t\t\t\t<div class=\"elementor-element elementor-element-9e50f1d elementor-widget elementor-widget-heading\" data-id=\"9e50f1d\" data-element_type=\"widget\" data-e-type=\"widget\" data-widget_type=\"heading.default\">\n\t\t\t\t<div class=\"elementor-widget-container\">\n\t\t\t\t\t<h5 class=\"elementor-heading-title elementor-size-default\">Posse e Provimento<\/h5>\t\t\t\t<\/div>\n\t\t\t\t<\/div>\n\t\t\t\t<\/a>\n\t\t<a class=\"elementor-element elementor-element-4ab062b e-con-full e-flex e-con e-child\" data-id=\"4ab062b\" data-element_type=\"container\" data-e-type=\"container\" data-settings=\"{&quot;background_background&quot;:&quot;classic&quot;}\" href=\"\/cultura\/ferias\">\n\t\t\t\t<div class=\"elementor-element elementor-element-c7f9a62 elementor-widget elementor-widget-heading\" data-id=\"c7f9a62\" data-element_type=\"widget\" data-e-type=\"widget\" data-widget_type=\"heading.default\">\n\t\t\t\t<div class=\"elementor-widget-container\">\n\t\t\t\t\t<h5 class=\"elementor-heading-title elementor-size-default\">F\u00e9rias<\/h5>\t\t\t\t<\/div>\n\t\t\t\t<\/div>\n\t\t\t\t<\/a>\n\t\t<a class=\"elementor-element elementor-element-c16e6c9 e-con-full e-flex e-con e-child\" data-id=\"c16e6c9\" data-element_type=\"container\" data-e-type=\"container\" data-settings=\"{&quot;background_background&quot;:&quot;classic&quot;}\" href=\"\/cultura\/aposentadoria\">\n\t\t\t\t<div class=\"elementor-element elementor-element-4986c49 elementor-widget elementor-widget-heading\" data-id=\"4986c49\" data-element_type=\"widget\" data-e-type=\"widget\" data-widget_type=\"heading.default\">\n\t\t\t\t<div class=\"elementor-widget-container\">\n\t\t\t\t\t<h5 class=\"elementor-heading-title elementor-size-default\">Aposentadoria<\/h5>\t\t\t\t<\/div>\n\t\t\t\t<\/div>\n\t\t\t\t<\/a>\n\t\t<a class=\"elementor-element elementor-element-19794f2 e-con-full e-flex e-con e-child\" data-id=\"19794f2\" data-element_type=\"container\" data-e-type=\"container\" data-settings=\"{&quot;background_background&quot;:&quot;classic&quot;}\" href=\"\/cultura\/auxilio-funeral\">\n\t\t\t\t<div class=\"elementor-element elementor-element-dd0bd51 elementor-widget elementor-widget-heading\" data-id=\"dd0bd51\" data-element_type=\"widget\" data-e-type=\"widget\" data-widget_type=\"heading.default\">\n\t\t\t\t<div class=\"elementor-widget-container\">\n\t\t\t\t\t<h5 class=\"elementor-heading-title elementor-size-default\">Aux\u00edlio Funeral<\/h5>\t\t\t\t<\/div>\n\t\t\t\t<\/div>\n\t\t\t\t<\/a>\n\t\t<a class=\"elementor-element elementor-element-9e01dab e-con-full e-flex e-con e-child\" data-id=\"9e01dab\" data-element_type=\"container\" data-e-type=\"container\" data-settings=\"{&quot;background_background&quot;:&quot;classic&quot;}\" href=\"\/cultura\/crachas\">\n\t\t\t\t<div class=\"elementor-element elementor-element-7309026 elementor-widget elementor-widget-heading\" data-id=\"7309026\" data-element_type=\"widget\" data-e-type=\"widget\" data-widget_type=\"heading.default\">\n\t\t\t\t<div class=\"elementor-widget-container\">\n\t\t\t\t\t<h5 class=\"elementor-heading-title elementor-size-default\">Crach\u00e1s<\/h5>\t\t\t\t<\/div>\n\t\t\t\t<\/div>\n\t\t\t\t<\/a>\n\t\t<a class=\"elementor-element elementor-element-145b53f e-con-full e-flex e-con e-child\" data-id=\"145b53f\" data-element_type=\"container\" data-e-type=\"container\" data-settings=\"{&quot;background_background&quot;:&quot;classic&quot;}\" href=\"\/cultura\/requerimento-diversos\">\n\t\t\t\t<div class=\"elementor-element elementor-element-7e50963 elementor-widget elementor-widget-heading\" data-id=\"7e50963\" data-element_type=\"widget\" data-e-type=\"widget\" data-widget_type=\"heading.default\">\n\t\t\t\t<div class=\"elementor-widget-container\">\n\t\t\t\t\t<h5 class=\"elementor-heading-title elementor-size-default\">Requerimento Diversos<\/h5>\t\t\t\t<\/div>\n\t\t\t\t<\/div>\n\t\t\t\t<\/a>\n\t\t<a class=\"elementor-element elementor-element-e4af5d1 e-con-full e-flex e-con e-child\" data-id=\"e4af5d1\" data-element_type=\"container\" data-e-type=\"container\" data-settings=\"{&quot;background_background&quot;:&quot;classic&quot;}\" href=\"\/cultura\/assistencia-escolar\">\n\t\t\t\t<div class=\"elementor-element elementor-element-aef16e6 elementor-widget elementor-widget-heading\" data-id=\"aef16e6\" data-element_type=\"widget\" data-e-type=\"widget\" data-widget_type=\"heading.default\">\n\t\t\t\t<div class=\"elementor-widget-container\">\n\t\t\t\t\t<h5 class=\"elementor-heading-title elementor-size-default\">Assist\u00eancia Pr\u00e9-Escolar<\/h5>\t\t\t\t<\/div>\n\t\t\t\t<\/div>\n\t\t\t\t<\/a>\n\t\t<a class=\"elementor-element elementor-element-4b4c620 e-con-full e-flex e-con e-child\" data-id=\"4b4c620\" data-element_type=\"container\" data-e-type=\"container\" data-settings=\"{&quot;background_background&quot;:&quot;classic&quot;}\" href=\"\/cultura\/certificado-de-tempo-de-contribuicao-ou-averbacao-de-tempo-de-servico\/\">\n\t\t\t\t<div class=\"elementor-element elementor-element-6524870 elementor-widget elementor-widget-heading\" data-id=\"6524870\" data-element_type=\"widget\" data-e-type=\"widget\" data-widget_type=\"heading.default\">\n\t\t\t\t<div class=\"elementor-widget-container\">\n\t\t\t\t\t<h5 class=\"elementor-heading-title elementor-size-default\">Certificado Tempo Contribui\u00e7\u00e3o ou Averba\u00e7\u00e3o Tempo Servi\u00e7o<\/h5>\t\t\t\t<\/div>\n\t\t\t\t<\/div>\n\t\t\t\t<\/a>\n\t\t<a class=\"elementor-element elementor-element-67dd249 e-con-full e-flex e-con e-child\" data-id=\"67dd249\" data-element_type=\"container\" data-e-type=\"container\" data-settings=\"{&quot;background_background&quot;:&quot;classic&quot;}\" href=\"\/cultura\/declaracao-de-tempo-de-contribuicao-anexo-iv-inss\">\n\t\t\t\t<div class=\"elementor-element elementor-element-52a894a elementor-widget elementor-widget-heading\" data-id=\"52a894a\" data-element_type=\"widget\" data-e-type=\"widget\" data-widget_type=\"heading.default\">\n\t\t\t\t<div class=\"elementor-widget-container\">\n\t\t\t\t\t<h5 class=\"elementor-heading-title elementor-size-default\">Declara\u00e7\u00e3o Tempo Contribui\u00e7\u00e3o - Anexo IV - INSS<\/h5>\t\t\t\t<\/div>\n\t\t\t\t<\/div>\n\t\t\t\t<\/a>\n\t\t<a class=\"elementor-element elementor-element-f239ff8 e-con-full e-flex e-con e-child\" data-id=\"f239ff8\" data-element_type=\"container\" data-e-type=\"container\" data-settings=\"{&quot;background_background&quot;:&quot;classic&quot;}\" href=\"\/cultura\/banco-de-horas-e-compensacao\">\n\t\t\t\t<div class=\"elementor-element elementor-element-1237b16 elementor-widget elementor-widget-heading\" data-id=\"1237b16\" data-element_type=\"widget\" data-e-type=\"widget\" data-widget_type=\"heading.default\">\n\t\t\t\t<div class=\"elementor-widget-container\">\n\t\t\t\t\t<h5 class=\"elementor-heading-title elementor-size-default\">Banco de Horas e Compensa\u00e7\u00e3o<\/h5>\t\t\t\t<\/div>\n\t\t\t\t<\/div>\n\t\t\t\t<\/a>\n\t\t<a class=\"elementor-element elementor-element-1cb8adf e-con-full e-flex e-con e-child\" data-id=\"1cb8adf\" data-element_type=\"container\" data-e-type=\"container\" data-settings=\"{&quot;background_background&quot;:&quot;classic&quot;}\" href=\"\/cultura\/atestado-e-licenca-medica\">\n\t\t\t\t<div class=\"elementor-element elementor-element-3801e06 elementor-widget elementor-widget-heading\" data-id=\"3801e06\" data-element_type=\"widget\" data-e-type=\"widget\" data-widget_type=\"heading.default\">\n\t\t\t\t<div class=\"elementor-widget-container\">\n\t\t\t\t\t<h5 class=\"elementor-heading-title elementor-size-default\">Atestado e Licen\u00e7a M\u00e9dica<\/h5>\t\t\t\t<\/div>\n\t\t\t\t<\/div>\n\t\t\t\t<\/a>\n\t\t<a class=\"elementor-element elementor-element-4ab47ad e-con-full e-flex e-con e-child\" data-id=\"4ab47ad\" data-element_type=\"container\" data-e-type=\"container\" data-settings=\"{&quot;background_background&quot;:&quot;classic&quot;}\" href=\"\/cultura\/atestado-medico\">\n\t\t\t\t<div class=\"elementor-element elementor-element-590fcc5 elementor-widget elementor-widget-heading\" data-id=\"590fcc5\" data-element_type=\"widget\" data-e-type=\"widget\" data-widget_type=\"heading.default\">\n\t\t\t\t<div class=\"elementor-widget-container\">\n\t\t\t\t\t<h5 class=\"elementor-heading-title elementor-size-default\">Atestado M\u00e9dico<\/h5>\t\t\t\t<\/div>\n\t\t\t\t<\/div>\n\t\t\t\t<\/a>\n\t\t<a class=\"elementor-element elementor-element-32881c4 e-con-full e-flex e-con e-child\" data-id=\"32881c4\" data-element_type=\"container\" data-e-type=\"container\" data-settings=\"{&quot;background_background&quot;:&quot;classic&quot;}\" href=\"\/cultura\/licenca-maternidade\">\n\t\t\t\t<div class=\"elementor-element elementor-element-a191cc5 elementor-widget elementor-widget-heading\" data-id=\"a191cc5\" data-element_type=\"widget\" data-e-type=\"widget\" data-widget_type=\"heading.default\">\n\t\t\t\t<div class=\"elementor-widget-container\">\n\t\t\t\t\t<h5 class=\"elementor-heading-title elementor-size-default\">Licen\u00e7a Maternidade<\/h5>\t\t\t\t<\/div>\n\t\t\t\t<\/div>\n\t\t\t\t<\/a>\n\t\t<a class=\"elementor-element elementor-element-850b50e e-con-full e-flex e-con e-child\" data-id=\"850b50e\" data-element_type=\"container\" data-e-type=\"container\" data-settings=\"{&quot;background_background&quot;:&quot;classic&quot;}\" href=\"\/cultura\/licenca-paternidade\">\n\t\t\t\t<div class=\"elementor-element elementor-element-10f38c6 elementor-widget elementor-widget-heading\" data-id=\"10f38c6\" data-element_type=\"widget\" data-e-type=\"widget\" data-widget_type=\"heading.default\">\n\t\t\t\t<div class=\"elementor-widget-container\">\n\t\t\t\t\t<h5 class=\"elementor-heading-title elementor-size-default\">Licen\u00e7a Paternidade<\/h5>\t\t\t\t<\/div>\n\t\t\t\t<\/div>\n\t\t\t\t<\/a>\n\t\t<a class=\"elementor-element elementor-element-78dc1dd e-con-full e-flex e-con e-child\" data-id=\"78dc1dd\" data-element_type=\"container\" data-e-type=\"container\" data-settings=\"{&quot;background_background&quot;:&quot;classic&quot;}\" href=\"\/cultura\/licenca-premio\">\n\t\t\t\t<div class=\"elementor-element elementor-element-8f72c1c elementor-widget elementor-widget-heading\" data-id=\"8f72c1c\" data-element_type=\"widget\" data-e-type=\"widget\" data-widget_type=\"heading.default\">\n\t\t\t\t<div class=\"elementor-widget-container\">\n\t\t\t\t\t<h5 class=\"elementor-heading-title elementor-size-default\">Licen\u00e7a Pr\u00eamio<\/h5>\t\t\t\t<\/div>\n\t\t\t\t<\/div>\n\t\t\t\t<\/a>\n\t\t<a class=\"elementor-element elementor-element-ffbb281 e-con-full e-flex e-con e-child\" data-id=\"ffbb281\" data-element_type=\"container\" data-e-type=\"container\" data-settings=\"{&quot;background_background&quot;:&quot;classic&quot;}\" href=\"\/cultura\/licenca-para-capacitacao\">\n\t\t\t\t<div class=\"elementor-element elementor-element-4332be6 elementor-widget elementor-widget-heading\" data-id=\"4332be6\" data-element_type=\"widget\" data-e-type=\"widget\" data-widget_type=\"heading.default\">\n\t\t\t\t<div class=\"elementor-widget-container\">\n\t\t\t\t\t<h5 class=\"elementor-heading-title elementor-size-default\">Licen\u00e7a para Capacita\u00e7\u00e3o<\/h5>\t\t\t\t<\/div>\n\t\t\t\t<\/div>\n\t\t\t\t<\/a>\n\t\t<a class=\"elementor-element elementor-element-3cb8b70 e-con-full e-flex e-con e-child\" data-id=\"3cb8b70\" data-element_type=\"container\" data-e-type=\"container\" data-settings=\"{&quot;background_background&quot;:&quot;classic&quot;}\" href=\"\/cultura\/licenca-para-tratar-de-interesses-particulares\">\n\t\t\t\t<div class=\"elementor-element elementor-element-8d8c9be elementor-widget elementor-widget-heading\" data-id=\"8d8c9be\" data-element_type=\"widget\" data-e-type=\"widget\" data-widget_type=\"heading.default\">\n\t\t\t\t<div class=\"elementor-widget-container\">\n\t\t\t\t\t<h5 class=\"elementor-heading-title elementor-size-default\">Licen\u00e7a para Tratar de Interesses Particulares<\/h5>\t\t\t\t<\/div>\n\t\t\t\t<\/div>\n\t\t\t\t<\/a>\n\t\t<a class=\"elementor-element elementor-element-b227a20 e-con-full e-flex e-con e-child\" data-id=\"b227a20\" data-element_type=\"container\" data-e-type=\"container\" data-settings=\"{&quot;background_background&quot;:&quot;classic&quot;}\" href=\"\/cultura\/licenca-por-motivo-de-doenca-em-pessoa-da-familia-do-servidor\">\n\t\t\t\t<div class=\"elementor-element elementor-element-fd0daf8 elementor-widget elementor-widget-heading\" data-id=\"fd0daf8\" data-element_type=\"widget\" data-e-type=\"widget\" data-widget_type=\"heading.default\">\n\t\t\t\t<div class=\"elementor-widget-container\">\n\t\t\t\t\t<h5 class=\"elementor-heading-title elementor-size-default\">Licen\u00e7a por Motivo de Doen\u00e7a de Pessoa da Fam\u00edlia do Servidor<\/h5>\t\t\t\t<\/div>\n\t\t\t\t<\/div>\n\t\t\t\t<\/a>\n\t\t<a class=\"elementor-element elementor-element-66ce8a5 e-con-full e-flex e-con e-child\" data-id=\"66ce8a5\" data-element_type=\"container\" data-e-type=\"container\" data-settings=\"{&quot;background_background&quot;:&quot;classic&quot;}\" href=\"\/cultura\/processo-de-frequencia\">\n\t\t\t\t<div class=\"elementor-element elementor-element-0b869b2 elementor-widget elementor-widget-heading\" data-id=\"0b869b2\" data-element_type=\"widget\" data-e-type=\"widget\" data-widget_type=\"heading.default\">\n\t\t\t\t<div class=\"elementor-widget-container\">\n\t\t\t\t\t<h5 class=\"elementor-heading-title elementor-size-default\">Processo de Frequ\u00eancia<\/h5>\t\t\t\t<\/div>\n\t\t\t\t<\/div>\n\t\t\t\t<\/a>\n\t\t<a class=\"elementor-element elementor-element-39fb52a e-con-full e-flex e-con e-child\" data-id=\"39fb52a\" data-element_type=\"container\" data-e-type=\"container\" data-settings=\"{&quot;background_background&quot;:&quot;classic&quot;}\" href=\"\/cultura\/reducao-de-carga-horaria\">\n\t\t\t\t<div class=\"elementor-element elementor-element-5249d2c elementor-widget elementor-widget-heading\" data-id=\"5249d2c\" data-element_type=\"widget\" data-e-type=\"widget\" data-widget_type=\"heading.default\">\n\t\t\t\t<div class=\"elementor-widget-container\">\n\t\t\t\t\t<h5 class=\"elementor-heading-title elementor-size-default\">Redu\u00e7\u00e3o de Carga Hor\u00e1ria<\/h5>\t\t\t\t<\/div>\n\t\t\t\t<\/div>\n\t\t\t\t<\/a>\n\t\t<a class=\"elementor-element elementor-element-8ffcd1c e-con-full e-flex e-con e-child\" data-id=\"8ffcd1c\" data-element_type=\"container\" data-e-type=\"container\" data-settings=\"{&quot;background_background&quot;:&quot;classic&quot;}\" href=\"\/cultura\/reducao-de-carga-horaria-servidor-portador-de-deficiencia\">\n\t\t\t\t<div class=\"elementor-element elementor-element-04e6adb elementor-widget elementor-widget-heading\" data-id=\"04e6adb\" data-element_type=\"widget\" data-e-type=\"widget\" data-widget_type=\"heading.default\">\n\t\t\t\t<div class=\"elementor-widget-container\">\n\t\t\t\t\t<h5 class=\"elementor-heading-title elementor-size-default\">Redu\u00e7\u00e3o de Carga Hor\u00e1ria - Servidor Portador Defici\u00eancia<\/h5>\t\t\t\t<\/div>\n\t\t\t\t<\/div>\n\t\t\t\t<\/a>\n\t\t<a class=\"elementor-element elementor-element-7f5c75e e-con-full e-flex e-con e-child\" data-id=\"7f5c75e\" data-element_type=\"container\" data-e-type=\"container\" data-settings=\"{&quot;background_background&quot;:&quot;classic&quot;}\" href=\"\/cultura\/escola-de-governo\">\n\t\t\t\t<div class=\"elementor-element elementor-element-d668415 elementor-widget elementor-widget-heading\" data-id=\"d668415\" data-element_type=\"widget\" data-e-type=\"widget\" data-widget_type=\"heading.default\">\n\t\t\t\t<div class=\"elementor-widget-container\">\n\t\t\t\t\t<h5 class=\"elementor-heading-title elementor-size-default\">Escola de Governo<\/h5>\t\t\t\t<\/div>\n\t\t\t\t<\/div>\n\t\t\t\t<\/a>\n\t\t<a class=\"elementor-element elementor-element-4c6a87c e-con-full e-flex e-con e-child\" data-id=\"4c6a87c\" data-element_type=\"container\" data-e-type=\"container\" data-settings=\"{&quot;background_background&quot;:&quot;classic&quot;}\" href=\"\/cultura\/estagiarios\">\n\t\t\t\t<div class=\"elementor-element elementor-element-c57cb8b elementor-widget elementor-widget-heading\" data-id=\"c57cb8b\" data-element_type=\"widget\" data-e-type=\"widget\" data-widget_type=\"heading.default\">\n\t\t\t\t<div class=\"elementor-widget-container\">\n\t\t\t\t\t<h5 class=\"elementor-heading-title elementor-size-default\">Estagi\u00e1rios<\/h5>\t\t\t\t<\/div>\n\t\t\t\t<\/div>\n\t\t\t\t<\/a>\n\t\t<a class=\"elementor-element elementor-element-5446cbb e-con-full e-flex e-con e-child\" data-id=\"5446cbb\" data-element_type=\"container\" data-e-type=\"container\" data-settings=\"{&quot;background_background&quot;:&quot;classic&quot;}\" href=\"\/cultura\/aprendiz-do-futuro\">\n\t\t\t\t<div class=\"elementor-element elementor-element-c20a02a elementor-widget elementor-widget-heading\" data-id=\"c20a02a\" data-element_type=\"widget\" data-e-type=\"widget\" data-widget_type=\"heading.default\">\n\t\t\t\t<div class=\"elementor-widget-container\">\n\t\t\t\t\t<h5 class=\"elementor-heading-title elementor-size-default\">Aprendiz do Futuro<\/h5>\t\t\t\t<\/div>\n\t\t\t\t<\/div>\n\t\t\t\t<\/a>\n\t\t\t\t<\/div>\n\t\t\t\t<\/div>\n\t\t\t\t\t<\/div>\n\t\t\t\t<\/div>\n\t\t\t\t<\/div>\n\t\t","protected":false},"excerpt":{"rendered":"<p>Descri\u00e7\u00e3o Em cada m\u00eas civil o servidor poder\u00e1 apresentar Atestado M\u00e9dico de at\u00e9 03 (tr\u00eas) dias \u00fateis. Se atingido o limite mensal de afastamento, ou seja, acima de 03 (tr\u00eas) dias no m\u00eas, o atestado ou licen\u00e7a dever\u00e1 ser precedido de per\u00edcia m\u00e9dica pela Junta M\u00e9dica Oficial do Estado de Goi\u00e1s, onde o servidor dever\u00e1 [&hellip;]<\/p>\n","protected":false},"author":718,"featured_media":0,"parent":172105,"menu_order":0,"comment_status":"closed","ping_status":"closed","template":"","meta":{"footnotes":""},"class_list":["post-185619","page","type-page","status-publish","hentry"],"rttpg_featured_image_url":null,"rttpg_author":{"display_name":"vicentepaulo","author_link":"https:\/\/goias.gov.br\/cultura\/author\/vicentepaulo\/"},"rttpg_comment":0,"rttpg_category":null,"rttpg_excerpt":"Descri\u00e7\u00e3o Em cada m\u00eas civil o servidor poder\u00e1 apresentar Atestado M\u00e9dico de at\u00e9 03 (tr\u00eas) dias \u00fateis. Se atingido o limite mensal de afastamento, ou seja, acima de 03 (tr\u00eas) dias no m\u00eas, o atestado ou licen\u00e7a dever\u00e1 ser precedido de per\u00edcia m\u00e9dica pela Junta M\u00e9dica Oficial do Estado de Goi\u00e1s, onde o servidor dever\u00e1&hellip;","_links":{"self":[{"href":"https:\/\/goias.gov.br\/cultura\/wp-json\/wp\/v2\/pages\/185619","targetHints":{"allow":["GET"]}}],"collection":[{"href":"https:\/\/goias.gov.br\/cultura\/wp-json\/wp\/v2\/pages"}],"about":[{"href":"https:\/\/goias.gov.br\/cultura\/wp-json\/wp\/v2\/types\/page"}],"author":[{"embeddable":true,"href":"https:\/\/goias.gov.br\/cultura\/wp-json\/wp\/v2\/users\/718"}],"replies":[{"embeddable":true,"href":"https:\/\/goias.gov.br\/cultura\/wp-json\/wp\/v2\/comments?post=185619"}],"version-history":[{"count":2,"href":"https:\/\/goias.gov.br\/cultura\/wp-json\/wp\/v2\/pages\/185619\/revisions"}],"predecessor-version":[{"id":208885,"href":"https:\/\/goias.gov.br\/cultura\/wp-json\/wp\/v2\/pages\/185619\/revisions\/208885"}],"up":[{"embeddable":true,"href":"https:\/\/goias.gov.br\/cultura\/wp-json\/wp\/v2\/pages\/172105"}],"wp:attachment":[{"href":"https:\/\/goias.gov.br\/cultura\/wp-json\/wp\/v2\/media?parent=185619"}],"curies":[{"name":"wp","href":"https:\/\/api.w.org\/{rel}","templated":true}]}}