

{"id":185244,"date":"2025-07-21T09:23:41","date_gmt":"2025-07-21T12:23:41","guid":{"rendered":"https:\/\/goias.gov.br\/cultura\/?page_id=185244"},"modified":"2025-08-01T14:10:13","modified_gmt":"2025-08-01T17:10:13","slug":"requerimento-diversos","status":"publish","type":"page","link":"https:\/\/goias.gov.br\/cultura\/espaco-do-servidor\/requerimento-diversos\/","title":{"rendered":"Requerimento Diversos"},"content":{"rendered":"\t\t<div data-elementor-type=\"wp-page\" data-elementor-id=\"185244\" class=\"elementor elementor-185244\">\n\t\t\t\t<div class=\"elementor-element elementor-element-ebdd486 e-flex e-con-boxed e-con e-parent\" data-id=\"ebdd486\" data-element_type=\"container\" data-e-type=\"container\">\n\t\t\t\t\t<div class=\"e-con-inner\">\n\t\t<div class=\"elementor-element elementor-element-648af6b e-con-full e-flex e-con e-child\" data-id=\"648af6b\" data-element_type=\"container\" data-e-type=\"container\">\n\t\t\t\t<div class=\"elementor-element elementor-element-dad3e0a elementor-widget elementor-widget-n-accordion\" data-id=\"dad3e0a\" data-element_type=\"widget\" data-e-type=\"widget\" data-settings=\"{&quot;default_state&quot;:&quot;all_collapsed&quot;,&quot;max_items_expended&quot;:&quot;one&quot;,&quot;n_accordion_animation_duration&quot;:{&quot;unit&quot;:&quot;ms&quot;,&quot;size&quot;:400,&quot;sizes&quot;:[]}}\" data-widget_type=\"nested-accordion.default\">\n\t\t\t\t<div class=\"elementor-widget-container\">\n\t\t\t\t\t\t\t<div class=\"e-n-accordion\" aria-label=\"Accordion. Open links with Enter or Space, close with Escape, and navigate with Arrow Keys\">\n\t\t\t\t\t\t<details id=\"e-n-accordion-item-2290\" class=\"e-n-accordion-item\" >\n\t\t\t\t<summary class=\"e-n-accordion-item-title\" data-accordion-index=\"1\" tabindex=\"0\" aria-expanded=\"false\" aria-controls=\"e-n-accordion-item-2290\" >\n\t\t\t\t\t<span class='e-n-accordion-item-title-header'><div class=\"e-n-accordion-item-title-text\"> Descri\u00e7\u00e3o <\/div><\/span>\n\t\t\t\t\t\t\t<span class='e-n-accordion-item-title-icon'>\n\t\t\t<span class='e-opened' ><svg aria-hidden=\"true\" class=\"e-font-icon-svg e-fas-minus\" viewBox=\"0 0 448 512\" xmlns=\"http:\/\/www.w3.org\/2000\/svg\"><path d=\"M416 208H32c-17.67 0-32 14.33-32 32v32c0 17.67 14.33 32 32 32h384c17.67 0 32-14.33 32-32v-32c0-17.67-14.33-32-32-32z\"><\/path><\/svg><\/span>\n\t\t\t<span class='e-closed'><svg aria-hidden=\"true\" class=\"e-font-icon-svg e-fas-plus\" viewBox=\"0 0 448 512\" xmlns=\"http:\/\/www.w3.org\/2000\/svg\"><path d=\"M416 208H272V64c0-17.67-14.33-32-32-32h-32c-17.67 0-32 14.33-32 32v144H32c-17.67 0-32 14.33-32 32v32c0 17.67 14.33 32 32 32h144v144c0 17.67 14.33 32 32 32h32c17.67 0 32-14.33 32-32V304h144c17.67 0 32-14.33 32-32v-32c0-17.67-14.33-32-32-32z\"><\/path><\/svg><\/span>\n\t\t<\/span>\n\n\t\t\t\t\t\t<\/summary>\n\t\t\t\t<div role=\"region\" aria-labelledby=\"e-n-accordion-item-2290\" class=\"elementor-element elementor-element-0b25696 e-con-full e-flex e-con e-child\" data-id=\"0b25696\" data-element_type=\"container\" data-e-type=\"container\">\n\t\t\t\t<div class=\"elementor-element elementor-element-04befba elementor-widget elementor-widget-text-editor\" data-id=\"04befba\" data-element_type=\"widget\" data-e-type=\"widget\" data-widget_type=\"text-editor.default\">\n\t\t\t\t<div class=\"elementor-widget-container\">\n\t\t\t\t\t\t\t\t\t<p><a href=\"https:\/\/goias.gov.br\/cultura\/wp-content\/uploads\/sites\/25\/2025\/08\/Requerimento-Diversos-71216380.pdf\" target=\"_blank\" rel=\"noopener\">Requerimentos Diversos (71216380)<\/a><\/p>\t\t\t\t\t\t\t\t<\/div>\n\t\t\t\t<\/div>\n\t\t\t\t<\/div>\n\t\t\t\t\t<\/details>\n\t\t\t\t\t<\/div>\n\t\t\t\t\t\t<\/div>\n\t\t\t\t<\/div>\n\t\t\t\t<\/div>\n\t\t<div class=\"elementor-element elementor-element-0db2190 e-con-full e-flex e-con e-child\" data-id=\"0db2190\" data-element_type=\"container\" data-e-type=\"container\">\n\t\t<div class=\"elementor-element elementor-element-47fcf44 e-con-full e-flex e-con e-child\" data-id=\"47fcf44\" data-element_type=\"container\" data-e-type=\"container\" data-settings=\"{&quot;background_background&quot;:&quot;classic&quot;}\">\n\t\t<a class=\"elementor-element elementor-element-0e8aec8 e-con-full e-flex e-con e-child\" data-id=\"0e8aec8\" data-element_type=\"container\" data-e-type=\"container\" data-settings=\"{&quot;background_background&quot;:&quot;classic&quot;}\" href=\"\/cultura\/posse-e-provimento\/\">\n\t\t\t\t<div class=\"elementor-element elementor-element-c6207b1 elementor-widget elementor-widget-heading\" data-id=\"c6207b1\" data-element_type=\"widget\" data-e-type=\"widget\" data-widget_type=\"heading.default\">\n\t\t\t\t<div class=\"elementor-widget-container\">\n\t\t\t\t\t<h5 class=\"elementor-heading-title elementor-size-default\">Posse e Provimento<\/h5>\t\t\t\t<\/div>\n\t\t\t\t<\/div>\n\t\t\t\t<\/a>\n\t\t<a class=\"elementor-element elementor-element-37db63f e-con-full e-flex e-con e-child\" data-id=\"37db63f\" data-element_type=\"container\" data-e-type=\"container\" data-settings=\"{&quot;background_background&quot;:&quot;classic&quot;}\" href=\"\/cultura\/ferias\">\n\t\t\t\t<div class=\"elementor-element elementor-element-70001f0 elementor-widget elementor-widget-heading\" data-id=\"70001f0\" data-element_type=\"widget\" data-e-type=\"widget\" data-widget_type=\"heading.default\">\n\t\t\t\t<div class=\"elementor-widget-container\">\n\t\t\t\t\t<h5 class=\"elementor-heading-title elementor-size-default\">F\u00e9rias<\/h5>\t\t\t\t<\/div>\n\t\t\t\t<\/div>\n\t\t\t\t<\/a>\n\t\t<a class=\"elementor-element elementor-element-299630d e-con-full e-flex e-con e-child\" data-id=\"299630d\" data-element_type=\"container\" data-e-type=\"container\" data-settings=\"{&quot;background_background&quot;:&quot;classic&quot;}\" href=\"\/cultura\/aposentadoria\">\n\t\t\t\t<div class=\"elementor-element elementor-element-7bb0524 elementor-widget elementor-widget-heading\" data-id=\"7bb0524\" data-element_type=\"widget\" data-e-type=\"widget\" data-widget_type=\"heading.default\">\n\t\t\t\t<div class=\"elementor-widget-container\">\n\t\t\t\t\t<h5 class=\"elementor-heading-title elementor-size-default\">Aposentadoria<\/h5>\t\t\t\t<\/div>\n\t\t\t\t<\/div>\n\t\t\t\t<\/a>\n\t\t<a class=\"elementor-element elementor-element-5a2b1a1 e-con-full e-flex e-con e-child\" data-id=\"5a2b1a1\" data-element_type=\"container\" data-e-type=\"container\" data-settings=\"{&quot;background_background&quot;:&quot;classic&quot;}\" href=\"\/cultura\/auxilio-funeral\">\n\t\t\t\t<div class=\"elementor-element elementor-element-469258c elementor-widget elementor-widget-heading\" data-id=\"469258c\" data-element_type=\"widget\" data-e-type=\"widget\" data-widget_type=\"heading.default\">\n\t\t\t\t<div class=\"elementor-widget-container\">\n\t\t\t\t\t<h5 class=\"elementor-heading-title elementor-size-default\">Aux\u00edlio Funeral<\/h5>\t\t\t\t<\/div>\n\t\t\t\t<\/div>\n\t\t\t\t<\/a>\n\t\t<a class=\"elementor-element elementor-element-5aa1328 e-con-full e-flex e-con e-child\" data-id=\"5aa1328\" data-element_type=\"container\" data-e-type=\"container\" data-settings=\"{&quot;background_background&quot;:&quot;classic&quot;}\" href=\"\/cultura\/crachas\">\n\t\t\t\t<div class=\"elementor-element elementor-element-9a52ef0 elementor-widget elementor-widget-heading\" data-id=\"9a52ef0\" data-element_type=\"widget\" data-e-type=\"widget\" data-widget_type=\"heading.default\">\n\t\t\t\t<div class=\"elementor-widget-container\">\n\t\t\t\t\t<h5 class=\"elementor-heading-title elementor-size-default\">Crach\u00e1s<\/h5>\t\t\t\t<\/div>\n\t\t\t\t<\/div>\n\t\t\t\t<\/a>\n\t\t<a class=\"elementor-element elementor-element-87b4228 e-con-full e-flex e-con e-child\" data-id=\"87b4228\" data-element_type=\"container\" data-e-type=\"container\" data-settings=\"{&quot;background_background&quot;:&quot;classic&quot;}\" href=\"\/cultura\/requerimento-diversos\">\n\t\t\t\t<div class=\"elementor-element elementor-element-8d19c72 elementor-widget elementor-widget-heading\" data-id=\"8d19c72\" data-element_type=\"widget\" data-e-type=\"widget\" data-widget_type=\"heading.default\">\n\t\t\t\t<div class=\"elementor-widget-container\">\n\t\t\t\t\t<h5 class=\"elementor-heading-title elementor-size-default\">Requerimento Diversos<\/h5>\t\t\t\t<\/div>\n\t\t\t\t<\/div>\n\t\t\t\t<\/a>\n\t\t<a class=\"elementor-element elementor-element-dd30f5a e-con-full e-flex e-con e-child\" data-id=\"dd30f5a\" data-element_type=\"container\" data-e-type=\"container\" data-settings=\"{&quot;background_background&quot;:&quot;classic&quot;}\" href=\"\/cultura\/assistencia-escolar\">\n\t\t\t\t<div class=\"elementor-element elementor-element-7e90fe5 elementor-widget elementor-widget-heading\" data-id=\"7e90fe5\" data-element_type=\"widget\" data-e-type=\"widget\" data-widget_type=\"heading.default\">\n\t\t\t\t<div class=\"elementor-widget-container\">\n\t\t\t\t\t<h5 class=\"elementor-heading-title elementor-size-default\">Assist\u00eancia Pr\u00e9-Escolar<\/h5>\t\t\t\t<\/div>\n\t\t\t\t<\/div>\n\t\t\t\t<\/a>\n\t\t<a class=\"elementor-element elementor-element-224abb0 e-con-full e-flex e-con e-child\" data-id=\"224abb0\" data-element_type=\"container\" data-e-type=\"container\" data-settings=\"{&quot;background_background&quot;:&quot;classic&quot;}\" href=\"\/cultura\/certificado-de-tempo-de-contribuicao-ou-averbacao-de-tempo-de-servico\/\">\n\t\t\t\t<div class=\"elementor-element elementor-element-f671775 elementor-widget elementor-widget-heading\" data-id=\"f671775\" data-element_type=\"widget\" data-e-type=\"widget\" data-widget_type=\"heading.default\">\n\t\t\t\t<div class=\"elementor-widget-container\">\n\t\t\t\t\t<h5 class=\"elementor-heading-title elementor-size-default\">Certificado Tempo Contribui\u00e7\u00e3o ou Averba\u00e7\u00e3o Tempo Servi\u00e7o<\/h5>\t\t\t\t<\/div>\n\t\t\t\t<\/div>\n\t\t\t\t<\/a>\n\t\t<a class=\"elementor-element elementor-element-ebba287 e-con-full e-flex e-con e-child\" data-id=\"ebba287\" data-element_type=\"container\" data-e-type=\"container\" data-settings=\"{&quot;background_background&quot;:&quot;classic&quot;}\" href=\"\/cultura\/declaracao-de-tempo-de-contribuicao-anexo-iv-inss\">\n\t\t\t\t<div class=\"elementor-element elementor-element-f1143bd elementor-widget elementor-widget-heading\" data-id=\"f1143bd\" data-element_type=\"widget\" data-e-type=\"widget\" data-widget_type=\"heading.default\">\n\t\t\t\t<div class=\"elementor-widget-container\">\n\t\t\t\t\t<h5 class=\"elementor-heading-title elementor-size-default\">Declara\u00e7\u00e3o Tempo Contribui\u00e7\u00e3o - Anexo IV - INSS<\/h5>\t\t\t\t<\/div>\n\t\t\t\t<\/div>\n\t\t\t\t<\/a>\n\t\t<a class=\"elementor-element elementor-element-6d8b0ee e-con-full e-flex e-con e-child\" data-id=\"6d8b0ee\" data-element_type=\"container\" data-e-type=\"container\" data-settings=\"{&quot;background_background&quot;:&quot;classic&quot;}\" href=\"\/cultura\/banco-de-horas-e-compensacao\">\n\t\t\t\t<div class=\"elementor-element elementor-element-a116f87 elementor-widget elementor-widget-heading\" data-id=\"a116f87\" data-element_type=\"widget\" data-e-type=\"widget\" data-widget_type=\"heading.default\">\n\t\t\t\t<div class=\"elementor-widget-container\">\n\t\t\t\t\t<h5 class=\"elementor-heading-title elementor-size-default\">Banco de Horas e Compensa\u00e7\u00e3o<\/h5>\t\t\t\t<\/div>\n\t\t\t\t<\/div>\n\t\t\t\t<\/a>\n\t\t<a class=\"elementor-element elementor-element-d598603 e-con-full e-flex e-con e-child\" data-id=\"d598603\" data-element_type=\"container\" data-e-type=\"container\" data-settings=\"{&quot;background_background&quot;:&quot;classic&quot;}\" href=\"\/cultura\/atestado-e-licenca-medica\">\n\t\t\t\t<div class=\"elementor-element elementor-element-6fb2a73 elementor-widget elementor-widget-heading\" data-id=\"6fb2a73\" data-element_type=\"widget\" data-e-type=\"widget\" data-widget_type=\"heading.default\">\n\t\t\t\t<div class=\"elementor-widget-container\">\n\t\t\t\t\t<h5 class=\"elementor-heading-title elementor-size-default\">Atestado e Licen\u00e7a M\u00e9dica<\/h5>\t\t\t\t<\/div>\n\t\t\t\t<\/div>\n\t\t\t\t<\/a>\n\t\t<a class=\"elementor-element elementor-element-c313b6e e-con-full e-flex e-con e-child\" data-id=\"c313b6e\" data-element_type=\"container\" data-e-type=\"container\" data-settings=\"{&quot;background_background&quot;:&quot;classic&quot;}\" href=\"\/cultura\/atestado-medico\">\n\t\t\t\t<div class=\"elementor-element elementor-element-ce075ec elementor-widget elementor-widget-heading\" data-id=\"ce075ec\" data-element_type=\"widget\" data-e-type=\"widget\" data-widget_type=\"heading.default\">\n\t\t\t\t<div class=\"elementor-widget-container\">\n\t\t\t\t\t<h5 class=\"elementor-heading-title elementor-size-default\">Atestado M\u00e9dico<\/h5>\t\t\t\t<\/div>\n\t\t\t\t<\/div>\n\t\t\t\t<\/a>\n\t\t<a class=\"elementor-element elementor-element-1d7bf62 e-con-full e-flex e-con e-child\" data-id=\"1d7bf62\" data-element_type=\"container\" data-e-type=\"container\" data-settings=\"{&quot;background_background&quot;:&quot;classic&quot;}\" href=\"\/cultura\/licenca-maternidade\">\n\t\t\t\t<div class=\"elementor-element elementor-element-6c9a697 elementor-widget elementor-widget-heading\" data-id=\"6c9a697\" data-element_type=\"widget\" data-e-type=\"widget\" data-widget_type=\"heading.default\">\n\t\t\t\t<div class=\"elementor-widget-container\">\n\t\t\t\t\t<h5 class=\"elementor-heading-title elementor-size-default\">Licen\u00e7a Maternidade<\/h5>\t\t\t\t<\/div>\n\t\t\t\t<\/div>\n\t\t\t\t<\/a>\n\t\t<a class=\"elementor-element elementor-element-e83bf73 e-con-full e-flex e-con e-child\" data-id=\"e83bf73\" data-element_type=\"container\" data-e-type=\"container\" data-settings=\"{&quot;background_background&quot;:&quot;classic&quot;}\" href=\"\/cultura\/licenca-paternidade\">\n\t\t\t\t<div class=\"elementor-element elementor-element-65ec13c elementor-widget elementor-widget-heading\" data-id=\"65ec13c\" data-element_type=\"widget\" data-e-type=\"widget\" data-widget_type=\"heading.default\">\n\t\t\t\t<div class=\"elementor-widget-container\">\n\t\t\t\t\t<h5 class=\"elementor-heading-title elementor-size-default\">Licen\u00e7a Paternidade<\/h5>\t\t\t\t<\/div>\n\t\t\t\t<\/div>\n\t\t\t\t<\/a>\n\t\t<a class=\"elementor-element elementor-element-7133fff e-con-full e-flex e-con e-child\" data-id=\"7133fff\" data-element_type=\"container\" data-e-type=\"container\" data-settings=\"{&quot;background_background&quot;:&quot;classic&quot;}\" href=\"\/cultura\/licenca-premio\">\n\t\t\t\t<div class=\"elementor-element elementor-element-dd8d599 elementor-widget elementor-widget-heading\" data-id=\"dd8d599\" data-element_type=\"widget\" data-e-type=\"widget\" data-widget_type=\"heading.default\">\n\t\t\t\t<div class=\"elementor-widget-container\">\n\t\t\t\t\t<h5 class=\"elementor-heading-title elementor-size-default\">Licen\u00e7a Pr\u00eamio<\/h5>\t\t\t\t<\/div>\n\t\t\t\t<\/div>\n\t\t\t\t<\/a>\n\t\t<a class=\"elementor-element elementor-element-4affb9c e-con-full e-flex e-con e-child\" data-id=\"4affb9c\" data-element_type=\"container\" data-e-type=\"container\" data-settings=\"{&quot;background_background&quot;:&quot;classic&quot;}\" href=\"\/cultura\/licenca-para-capacitacao\">\n\t\t\t\t<div class=\"elementor-element elementor-element-423d97a elementor-widget elementor-widget-heading\" data-id=\"423d97a\" data-element_type=\"widget\" data-e-type=\"widget\" data-widget_type=\"heading.default\">\n\t\t\t\t<div class=\"elementor-widget-container\">\n\t\t\t\t\t<h5 class=\"elementor-heading-title elementor-size-default\">Licen\u00e7a para Capacita\u00e7\u00e3o<\/h5>\t\t\t\t<\/div>\n\t\t\t\t<\/div>\n\t\t\t\t<\/a>\n\t\t<a class=\"elementor-element elementor-element-412be89 e-con-full e-flex e-con e-child\" data-id=\"412be89\" data-element_type=\"container\" data-e-type=\"container\" data-settings=\"{&quot;background_background&quot;:&quot;classic&quot;}\" href=\"\/cultura\/licenca-para-tratar-de-interesses-particulares\">\n\t\t\t\t<div class=\"elementor-element elementor-element-f1bed5e elementor-widget elementor-widget-heading\" data-id=\"f1bed5e\" data-element_type=\"widget\" data-e-type=\"widget\" data-widget_type=\"heading.default\">\n\t\t\t\t<div class=\"elementor-widget-container\">\n\t\t\t\t\t<h5 class=\"elementor-heading-title elementor-size-default\">Licen\u00e7a para Tratar de Interesses Particulares<\/h5>\t\t\t\t<\/div>\n\t\t\t\t<\/div>\n\t\t\t\t<\/a>\n\t\t<a class=\"elementor-element elementor-element-848d566 e-con-full e-flex e-con e-child\" data-id=\"848d566\" data-element_type=\"container\" data-e-type=\"container\" data-settings=\"{&quot;background_background&quot;:&quot;classic&quot;}\" href=\"\/cultura\/licenca-por-motivo-de-doenca-em-pessoa-da-familia-do-servidor\">\n\t\t\t\t<div class=\"elementor-element elementor-element-2d2346b elementor-widget elementor-widget-heading\" data-id=\"2d2346b\" data-element_type=\"widget\" data-e-type=\"widget\" data-widget_type=\"heading.default\">\n\t\t\t\t<div class=\"elementor-widget-container\">\n\t\t\t\t\t<h5 class=\"elementor-heading-title elementor-size-default\">Licen\u00e7a por Motivo de Doen\u00e7a de Pessoa da Fam\u00edlia do Servidor<\/h5>\t\t\t\t<\/div>\n\t\t\t\t<\/div>\n\t\t\t\t<\/a>\n\t\t<a class=\"elementor-element elementor-element-3910e12 e-con-full e-flex e-con e-child\" data-id=\"3910e12\" data-element_type=\"container\" data-e-type=\"container\" data-settings=\"{&quot;background_background&quot;:&quot;classic&quot;}\" href=\"\/cultura\/processo-de-frequencia\">\n\t\t\t\t<div class=\"elementor-element elementor-element-4cd60ab elementor-widget elementor-widget-heading\" data-id=\"4cd60ab\" data-element_type=\"widget\" data-e-type=\"widget\" data-widget_type=\"heading.default\">\n\t\t\t\t<div class=\"elementor-widget-container\">\n\t\t\t\t\t<h5 class=\"elementor-heading-title elementor-size-default\">Processo de Frequ\u00eancia<\/h5>\t\t\t\t<\/div>\n\t\t\t\t<\/div>\n\t\t\t\t<\/a>\n\t\t<a class=\"elementor-element elementor-element-7ac88a1 e-con-full e-flex e-con e-child\" data-id=\"7ac88a1\" data-element_type=\"container\" data-e-type=\"container\" data-settings=\"{&quot;background_background&quot;:&quot;classic&quot;}\" href=\"\/cultura\/reducao-de-carga-horaria\">\n\t\t\t\t<div class=\"elementor-element elementor-element-a912993 elementor-widget elementor-widget-heading\" data-id=\"a912993\" data-element_type=\"widget\" data-e-type=\"widget\" data-widget_type=\"heading.default\">\n\t\t\t\t<div class=\"elementor-widget-container\">\n\t\t\t\t\t<h5 class=\"elementor-heading-title elementor-size-default\">Redu\u00e7\u00e3o de Carga Hor\u00e1ria<\/h5>\t\t\t\t<\/div>\n\t\t\t\t<\/div>\n\t\t\t\t<\/a>\n\t\t<a class=\"elementor-element elementor-element-234a49e e-con-full e-flex e-con e-child\" data-id=\"234a49e\" data-element_type=\"container\" data-e-type=\"container\" data-settings=\"{&quot;background_background&quot;:&quot;classic&quot;}\" href=\"\/cultura\/reducao-de-carga-horaria-servidor-portador-de-deficiencia\">\n\t\t\t\t<div class=\"elementor-element elementor-element-5ead93a elementor-widget elementor-widget-heading\" data-id=\"5ead93a\" data-element_type=\"widget\" data-e-type=\"widget\" data-widget_type=\"heading.default\">\n\t\t\t\t<div class=\"elementor-widget-container\">\n\t\t\t\t\t<h5 class=\"elementor-heading-title elementor-size-default\">Redu\u00e7\u00e3o de Carga Hor\u00e1ria - Servidor Portador Defici\u00eancia<\/h5>\t\t\t\t<\/div>\n\t\t\t\t<\/div>\n\t\t\t\t<\/a>\n\t\t<a class=\"elementor-element elementor-element-295048a e-con-full e-flex e-con e-child\" data-id=\"295048a\" data-element_type=\"container\" data-e-type=\"container\" data-settings=\"{&quot;background_background&quot;:&quot;classic&quot;}\" href=\"\/cultura\/escola-de-governo\">\n\t\t\t\t<div class=\"elementor-element elementor-element-28873eb elementor-widget elementor-widget-heading\" data-id=\"28873eb\" data-element_type=\"widget\" data-e-type=\"widget\" data-widget_type=\"heading.default\">\n\t\t\t\t<div class=\"elementor-widget-container\">\n\t\t\t\t\t<h5 class=\"elementor-heading-title elementor-size-default\">Escola de Governo<\/h5>\t\t\t\t<\/div>\n\t\t\t\t<\/div>\n\t\t\t\t<\/a>\n\t\t<a class=\"elementor-element elementor-element-76a65ee e-con-full e-flex e-con e-child\" data-id=\"76a65ee\" data-element_type=\"container\" data-e-type=\"container\" data-settings=\"{&quot;background_background&quot;:&quot;classic&quot;}\" href=\"\/cultura\/estagiarios\">\n\t\t\t\t<div class=\"elementor-element elementor-element-9462659 elementor-widget elementor-widget-heading\" data-id=\"9462659\" data-element_type=\"widget\" data-e-type=\"widget\" data-widget_type=\"heading.default\">\n\t\t\t\t<div class=\"elementor-widget-container\">\n\t\t\t\t\t<h5 class=\"elementor-heading-title elementor-size-default\">Estagi\u00e1rios<\/h5>\t\t\t\t<\/div>\n\t\t\t\t<\/div>\n\t\t\t\t<\/a>\n\t\t<a class=\"elementor-element elementor-element-66ae4b0 e-con-full e-flex e-con e-child\" data-id=\"66ae4b0\" data-element_type=\"container\" data-e-type=\"container\" data-settings=\"{&quot;background_background&quot;:&quot;classic&quot;}\" href=\"\/cultura\/aprendiz-do-futuro\">\n\t\t\t\t<div class=\"elementor-element elementor-element-37e78d8 elementor-widget elementor-widget-heading\" data-id=\"37e78d8\" data-element_type=\"widget\" data-e-type=\"widget\" data-widget_type=\"heading.default\">\n\t\t\t\t<div class=\"elementor-widget-container\">\n\t\t\t\t\t<h5 class=\"elementor-heading-title elementor-size-default\">Aprendiz do Futuro<\/h5>\t\t\t\t<\/div>\n\t\t\t\t<\/div>\n\t\t\t\t<\/a>\n\t\t\t\t<\/div>\n\t\t\t\t<\/div>\n\t\t\t\t\t<\/div>\n\t\t\t\t<\/div>\n\t\t\t\t<\/div>\n\t\t","protected":false},"excerpt":{"rendered":"<p>Descri\u00e7\u00e3o Requerimentos Diversos (71216380) Requerimentos Diversos (71216380) Posse e Provimento F\u00e9rias Aposentadoria Aux\u00edlio Funeral Crach\u00e1s Requerimento Diversos Assist\u00eancia Pr\u00e9-Escolar Certificado Tempo Contribui\u00e7\u00e3o ou Averba\u00e7\u00e3o Tempo Servi\u00e7o Declara\u00e7\u00e3o Tempo Contribui\u00e7\u00e3o &#8211; Anexo IV &#8211; INSS Banco de Horas e Compensa\u00e7\u00e3o Atestado e Licen\u00e7a M\u00e9dica Atestado M\u00e9dico Licen\u00e7a Maternidade Licen\u00e7a Paternidade Licen\u00e7a Pr\u00eamio Licen\u00e7a para Capacita\u00e7\u00e3o Licen\u00e7a [&hellip;]<\/p>\n","protected":false},"author":718,"featured_media":0,"parent":172105,"menu_order":0,"comment_status":"closed","ping_status":"closed","template":"","meta":{"footnotes":""},"class_list":["post-185244","page","type-page","status-publish","hentry"],"rttpg_featured_image_url":null,"rttpg_author":{"display_name":"vicentepaulo","author_link":"https:\/\/goias.gov.br\/cultura\/author\/vicentepaulo\/"},"rttpg_comment":0,"rttpg_category":null,"rttpg_excerpt":"Descri\u00e7\u00e3o Requerimentos Diversos (71216380) Requerimentos Diversos (71216380) Posse e Provimento F\u00e9rias Aposentadoria Aux\u00edlio Funeral Crach\u00e1s Requerimento Diversos Assist\u00eancia Pr\u00e9-Escolar Certificado Tempo Contribui\u00e7\u00e3o ou Averba\u00e7\u00e3o Tempo Servi\u00e7o Declara\u00e7\u00e3o Tempo Contribui\u00e7\u00e3o &#8211; Anexo IV &#8211; INSS Banco de Horas e Compensa\u00e7\u00e3o Atestado e Licen\u00e7a M\u00e9dica Atestado M\u00e9dico Licen\u00e7a Maternidade Licen\u00e7a Paternidade Licen\u00e7a Pr\u00eamio Licen\u00e7a para Capacita\u00e7\u00e3o Licen\u00e7a&hellip;","_links":{"self":[{"href":"https:\/\/goias.gov.br\/cultura\/wp-json\/wp\/v2\/pages\/185244","targetHints":{"allow":["GET"]}}],"collection":[{"href":"https:\/\/goias.gov.br\/cultura\/wp-json\/wp\/v2\/pages"}],"about":[{"href":"https:\/\/goias.gov.br\/cultura\/wp-json\/wp\/v2\/types\/page"}],"author":[{"embeddable":true,"href":"https:\/\/goias.gov.br\/cultura\/wp-json\/wp\/v2\/users\/718"}],"replies":[{"embeddable":true,"href":"https:\/\/goias.gov.br\/cultura\/wp-json\/wp\/v2\/comments?post=185244"}],"version-history":[{"count":2,"href":"https:\/\/goias.gov.br\/cultura\/wp-json\/wp\/v2\/pages\/185244\/revisions"}],"predecessor-version":[{"id":208607,"href":"https:\/\/goias.gov.br\/cultura\/wp-json\/wp\/v2\/pages\/185244\/revisions\/208607"}],"up":[{"embeddable":true,"href":"https:\/\/goias.gov.br\/cultura\/wp-json\/wp\/v2\/pages\/172105"}],"wp:attachment":[{"href":"https:\/\/goias.gov.br\/cultura\/wp-json\/wp\/v2\/media?parent=185244"}],"curies":[{"name":"wp","href":"https:\/\/api.w.org\/{rel}","templated":true}]}}