

{"id":106016,"date":"2025-02-05T14:40:00","date_gmt":"2025-02-05T17:40:00","guid":{"rendered":"https:\/\/goias.gov.br\/cultura\/?page_id=106016"},"modified":"2025-12-01T08:44:01","modified_gmt":"2025-12-01T11:44:01","slug":"noticias","status":"publish","type":"page","link":"https:\/\/goias.gov.br\/cultura\/cinemas\/cine-cultura\/noticias\/","title":{"rendered":"Not\u00edcias"},"content":{"rendered":"\t\t<div data-elementor-type=\"wp-page\" data-elementor-id=\"106016\" class=\"elementor elementor-106016\">\n\t\t\t\t<div class=\"elementor-element elementor-element-d865775 e-flex e-con-boxed e-con e-parent\" data-id=\"d865775\" data-element_type=\"container\" data-e-type=\"container\">\n\t\t\t\t\t<div class=\"e-con-inner\">\n\t\t\t\t<div class=\"elementor-element elementor-element-0aa76a4 elementor-widget elementor-widget-shortcode\" data-id=\"0aa76a4\" data-element_type=\"widget\" data-e-type=\"widget\" data-widget_type=\"shortcode.default\">\n\t\t\t\t<div class=\"elementor-widget-container\">\n\t\t\t\t\t\t\t<div class=\"elementor-shortcode\"><style type='text\/css' media='all'>#rt-tpg-container-4186444350 .rt-holder .rt-woo-info .price{color:#0367bf;}body .rt-tpg-container .rt-tpg-isotope-buttons .selected,\n\t\t\t\t\t#rt-tpg-container-4186444350 .layout12 .rt-holder:hover .rt-detail,\n\t\t\t\t\t#rt-tpg-container-4186444350 .isotope8 .rt-holder:hover .rt-detail,\n\t\t\t\t\t#rt-tpg-container-4186444350 .carousel8 .rt-holder:hover .rt-detail,\n\t\t\t\t\t#rt-tpg-container-4186444350 .layout13 .rt-holder .overlay .post-info,\n\t\t\t\t\t#rt-tpg-container-4186444350 .isotope9 .rt-holder .overlay .post-info,\n\t\t\t\t\t#rt-tpg-container-4186444350.rt-tpg-container .layout4 .rt-holder .rt-detail,\n\t\t\t\t\t.rt-modal-4186444350 .md-content,\n\t\t\t\t\t.rt-modal-4186444350 .md-content > .rt-md-content-holder .rt-md-content,\n\t\t\t\t\t.rt-popup-wrap-4186444350.rt-popup-wrap .rt-popup-navigation-wrap,\n\t\t\t\t\t#rt-tpg-container-4186444350 .carousel9 .rt-holder .overlay .post-info{background-color:#0367bf;}#rt-tpg-container-4186444350 .layout5 .rt-holder .overlay, #rt-tpg-container-4186444350 .isotope2 .rt-holder .overlay, #rt-tpg-container-4186444350 .carousel2 .rt-holder .overlay,#rt-tpg-container-4186444350 .layout15 .rt-holder h3, #rt-tpg-container-4186444350 .isotope11 .rt-holder h3, #rt-tpg-container-4186444350 .carousel11 .rt-holder h3, #rt-tpg-container-4186444350 .layout16 .rt-holder h3,\n\t\t\t\t\t#rt-tpg-container-4186444350 .isotope12 .rt-holder h3, #rt-tpg-container-4186444350 .carousel12 .rt-holder h3 {background-color:rgba(3,103,191,0.8);}#rt-tpg-container-4186444350 .read-more a{border-radius:px;}#rt-tpg-container-4186444350 .rt-img-holder img.rt-img-responsive,#rt-tpg-container-4186444350 .rt-img-holder,\n\t\t\t\t\t#rt-tpg-container-4186444350 .rt-post-overlay .post-img,\n\t\t\t\t\t#rt-tpg-container-4186444350 .post-sm .post-img,\n\t\t\t\t\t#rt-tpg-container-4186444350 .rt-post-grid .post-img,\n\t\t\t\t\t#rt-tpg-container-4186444350 .post-img img {border-radius:px;}<\/style><div class='rt-container-fluid rt-tpg-container tpg-shortcode-main-wrapper ' id='rt-tpg-container-4186444350'   data-layout='layout1' data-grid-style='even' data-desktop-col='3'  data-tab-col='2'  data-mobile-col='1' data-sc-id='253117'><div data-title='Loading ...' class='rt-row rt-content-loader   layout1 tpg-even '><div class=\"rt-col-md-4 rt-col-sm-6 rt-col-xs-12 even-grid-item rt-grid-item\" data-id=\"353935\"><div class=\"rt-holder\"><div class=\"rt-img-holder\"><a data-id=\"353935\" class=\"\" href=\"https:\/\/goias.gov.br\/cultura\/cine-cultura-estreia-o-drama-aguardado-filme-de-zendaya-e-robert-pattinson\/\"><img fetchpriority=\"high\" decoding=\"async\" width=\"1920\" height=\"1080\" src=\"https:\/\/goias.gov.br\/cultura\/wp-content\/uploads\/sites\/25\/2026\/04\/O-Drama.jpg\" class=\"rt-img-responsive \" alt=\"\" \/><\/a><\/div><div class='rt-detail'><h3 class=\"entry-title\"><a data-id=\"353935\" class=\"\" href=\"https:\/\/goias.gov.br\/cultura\/cine-cultura-estreia-o-drama-aguardado-filme-de-zendaya-e-robert-pattinson\/\">Cine Cultura estreia &#8220;O Drama&#8221;, aguardado filme de Zendaya e Robert Pattinson<\/a><\/h3><div class='post-meta-user  '><span class='date'><i class='far fa-calendar-alt '><\/i>14 de abril de 2026<\/span><\/div><div class='tpg-excerpt'>Produ\u00e7\u00e3o da A24 tamb\u00e9m integra a programa\u00e7\u00e3o, que chega com mais op\u00e7\u00f5es e sess\u00e3o surpresa gratuita A nova programa\u00e7\u00e3o do Cine Cultura chegou trazendo novidades a partir desta quinta-feira (16\/4)...<\/div><\/div><\/div><\/div><div class=\"rt-col-md-4 rt-col-sm-6 rt-col-xs-12 even-grid-item rt-grid-item\" data-id=\"349840\"><div class=\"rt-holder\"><div class=\"rt-img-holder\"><a data-id=\"349840\" class=\"\" href=\"https:\/\/goias.gov.br\/cultura\/estreias-internacionais-e-classico-cult-marcam-a-nova-semana-do-cine-cultura\/\"><img decoding=\"async\" width=\"2400\" height=\"1599\" src=\"https:\/\/goias.gov.br\/cultura\/wp-content\/uploads\/sites\/25\/2026\/04\/a-pior-pessoa-do-mundo-especial.jpg\" class=\"rt-img-responsive \" alt=\"\" \/><\/a><\/div><div class='rt-detail'><h3 class=\"entry-title\"><a data-id=\"349840\" class=\"\" href=\"https:\/\/goias.gov.br\/cultura\/estreias-internacionais-e-classico-cult-marcam-a-nova-semana-do-cine-cultura\/\">Estreias internacionais e cl\u00e1ssico cult marcam a nova semana do Cine Cultura<\/a><\/h3><div class='post-meta-user  '><span class='date'><i class='far fa-calendar-alt '><\/i>8 de abril de 2026<\/span><\/div><div class='tpg-excerpt'>Destaque para novo filme de Jim Jarmusch, sess\u00f5es especiais e homenagem a Joachim Trier O Cine Cultura traz, nesta quinta-feira (9\/4), o lan\u00e7amento de dois longas-metragens que dialogam com diferentes...<\/div><\/div><\/div><\/div><div class=\"rt-col-md-4 rt-col-sm-6 rt-col-xs-12 even-grid-item rt-grid-item\" data-id=\"347401\"><div class=\"rt-holder\"><div class=\"rt-img-holder\"><a data-id=\"347401\" class=\"\" href=\"https:\/\/goias.gov.br\/cultura\/cine-cultura-renova-programacao-com-estreias-e-classico-da-paixao-de-cristo\/\"><img decoding=\"async\" width=\"1086\" height=\"652\" src=\"https:\/\/goias.gov.br\/cultura\/wp-content\/uploads\/sites\/25\/2026\/03\/pasolini.jpg\" class=\"rt-img-responsive \" alt=\"\" \/><\/a><\/div><div class='rt-detail'><h3 class=\"entry-title\"><a data-id=\"347401\" class=\"\" href=\"https:\/\/goias.gov.br\/cultura\/cine-cultura-renova-programacao-com-estreias-e-classico-da-paixao-de-cristo\/\">Cine Cultura renova programa\u00e7\u00e3o com estreias e cl\u00e1ssico da Paix\u00e3o de Cristo<\/a><\/h3><div class='post-meta-user  '><span class='date'><i class='far fa-calendar-alt '><\/i>31 de mar\u00e7o de 2026<\/span><\/div><div class='tpg-excerpt'>Curadoria re\u00fane produ\u00e7\u00f5es nacionais e internacionais e despedidas que marcam a semana na sala mais cult de Goi\u00e2nia A nova programa\u00e7\u00e3o do Cine Cultura chega com uma curadoria diversificada, reunindo...<\/div><\/div><\/div><\/div><div class=\"rt-col-md-4 rt-col-sm-6 rt-col-xs-12 even-grid-item rt-grid-item\" data-id=\"344523\"><div class=\"rt-holder\"><div class=\"rt-img-holder\"><a data-id=\"344523\" class=\"\" href=\"https:\/\/goias.gov.br\/cultura\/programacao-do-cine-cultura-traz-estreia-de-animacao-francesa-indicada-ao-oscar\/\"><img loading=\"lazy\" decoding=\"async\" width=\"1170\" height=\"780\" src=\"https:\/\/goias.gov.br\/cultura\/wp-content\/uploads\/sites\/25\/2026\/03\/a-pequena-amelie-animacao-franca-1.jpg\" class=\"rt-img-responsive \" alt=\"\" \/><\/a><\/div><div class='rt-detail'><h3 class=\"entry-title\"><a data-id=\"344523\" class=\"\" href=\"https:\/\/goias.gov.br\/cultura\/programacao-do-cine-cultura-traz-estreia-de-animacao-francesa-indicada-ao-oscar\/\">Programa\u00e7\u00e3o do Cine Cultura traz estreia de anima\u00e7\u00e3o francesa indicada ao Oscar<\/a><\/h3><div class='post-meta-user  '><span class='date'><i class='far fa-calendar-alt '><\/i>25 de mar\u00e7o de 2026<\/span><\/div><div class='tpg-excerpt'>Grade da semana inclui ainda mostra de cl\u00e1ssicos, homenagem ao diretor Joachim Trier e exibi\u00e7\u00e3o gratuita de \u201cLimite\u201d A estreia da anima\u00e7\u00e3o francesa \u201cA Pequena Am\u00e9lie\u201d, indicada ao Oscar de...<\/div><\/div><\/div><\/div><div class=\"rt-col-md-4 rt-col-sm-6 rt-col-xs-12 even-grid-item rt-grid-item\" data-id=\"341932\"><div class=\"rt-holder\"><div class=\"rt-img-holder\"><a data-id=\"341932\" class=\"\" href=\"https:\/\/goias.gov.br\/cultura\/cine-cultura-estreia-dois-filmes-e-exibe-vencedor-do-oscar\/\"><img loading=\"lazy\" decoding=\"async\" width=\"1920\" height=\"1080\" src=\"https:\/\/goias.gov.br\/cultura\/wp-content\/uploads\/sites\/25\/2026\/03\/Uma-Batalha-Apos-a-Outra-expoe-a-furia-e-a-paranoia-de-uma-America-em-crise.jpg\" class=\"rt-img-responsive \" alt=\"\" \/><\/a><\/div><div class='rt-detail'><h3 class=\"entry-title\"><a data-id=\"341932\" class=\"\" href=\"https:\/\/goias.gov.br\/cultura\/cine-cultura-estreia-dois-filmes-e-exibe-vencedor-do-oscar\/\">Cine Cultura estreia dois filmes e exibe vencedor do Oscar<\/a><\/h3><div class='post-meta-user  '><span class='date'><i class='far fa-calendar-alt '><\/i>18 de mar\u00e7o de 2026<\/span><\/div><div class='tpg-excerpt'>Sala ter\u00e1 pausa para manuten\u00e7\u00e3o entre os dias 20 e 22 de mar\u00e7o O Cine Cultura traz nova programa\u00e7\u00e3o nesta quinta-feira (19\/3), com duas estreias e uma sess\u00e3o especial do...<\/div><\/div><\/div><\/div><div class=\"rt-col-md-4 rt-col-sm-6 rt-col-xs-12 even-grid-item rt-grid-item\" data-id=\"338144\"><div class=\"rt-holder\"><div class=\"rt-img-holder\"><a data-id=\"338144\" class=\"\" href=\"https:\/\/goias.gov.br\/cultura\/nova-programacao-do-cine-cultura-traz-estreias-relancamento-de-classico-e-sessao-terror\/\"><img loading=\"lazy\" decoding=\"async\" width=\"600\" height=\"450\" src=\"https:\/\/goias.gov.br\/cultura\/wp-content\/uploads\/sites\/25\/2026\/03\/foto_filme_o_agente_secreto_credito_victor_juca-600x450.webp\" class=\"rt-img-responsive \" alt=\"\" \/><\/a><\/div><div class='rt-detail'><h3 class=\"entry-title\"><a data-id=\"338144\" class=\"\" href=\"https:\/\/goias.gov.br\/cultura\/nova-programacao-do-cine-cultura-traz-estreias-relancamento-de-classico-e-sessao-terror\/\">Nova programa\u00e7\u00e3o do Cine Cultura traz estreias, relan\u00e7amento de cl\u00e1ssico e sess\u00e3o terror<\/a><\/h3><div class='post-meta-user  '><span class='date'><i class='far fa-calendar-alt '><\/i>11 de mar\u00e7o de 2026<\/span><\/div><div class='tpg-excerpt'>Al\u00e9m de dois filmes rec\u00e9m-chegados, a novidade na sala de cinema \u00e9 um ciclo mensal de exibi\u00e7\u00f5es gratuitas O Cine Cultura estreia, nesta quinta-feira (12\/3), sua nova grade semanal com...<\/div><\/div><\/div><\/div><div class=\"rt-col-md-4 rt-col-sm-6 rt-col-xs-12 even-grid-item rt-grid-item\" data-id=\"334276\"><div class=\"rt-holder\"><div class=\"rt-img-holder\"><a data-id=\"334276\" class=\"\" href=\"https:\/\/goias.gov.br\/cultura\/cine-cultura-estreia-nova-programacao-com-filmes-indicados-ao-oscar-e-classico-restaurado\/\"><img loading=\"lazy\" decoding=\"async\" width=\"600\" height=\"450\" src=\"https:\/\/goias.gov.br\/cultura\/wp-content\/uploads\/sites\/25\/2026\/03\/kokuho-filme-japones-1-600x450.jpg\" class=\"rt-img-responsive \" alt=\"\" \/><\/a><\/div><div class='rt-detail'><h3 class=\"entry-title\"><a data-id=\"334276\" class=\"\" href=\"https:\/\/goias.gov.br\/cultura\/cine-cultura-estreia-nova-programacao-com-filmes-indicados-ao-oscar-e-classico-restaurado\/\">Cine Cultura estreia nova programa\u00e7\u00e3o com filmes indicados ao Oscar e cl\u00e1ssico restaurado<\/a><\/h3><div class='post-meta-user  '><span class='date'><i class='far fa-calendar-alt '><\/i>4 de mar\u00e7o de 2026<\/span><\/div><div class='tpg-excerpt'>\u201cKokuho \u2013 O Pre\u00e7o da Perfei\u00e7\u00e3o\u201d e \u201cArco\u201d disputam a principal premia\u00e7\u00e3o do cinema mundial, e o cl\u00e1ssico \u201cS\u00e3o Paulo, Sociedade An\u00f4nima\u201d chega em vers\u00e3o restaurada como destaque da programa\u00e7\u00e3o...<\/div><\/div><\/div><\/div><div class=\"rt-col-md-4 rt-col-sm-6 rt-col-xs-12 even-grid-item rt-grid-item\" data-id=\"325332\"><div class=\"rt-holder\"><div class=\"rt-img-holder\"><a data-id=\"325332\" class=\"\" href=\"https:\/\/goias.gov.br\/cultura\/cine-cultura-recebe-2a-parte-do-ghibli-festa-a-partir-desta-quinta-feira-19-2\/\"><img loading=\"lazy\" decoding=\"async\" width=\"600\" height=\"450\" src=\"https:\/\/goias.gov.br\/cultura\/wp-content\/uploads\/sites\/25\/2026\/02\/OContodaPrincesaKaguya-600x450.jpg\" class=\"rt-img-responsive \" alt=\"\" \/><\/a><\/div><div class='rt-detail'><h3 class=\"entry-title\"><a data-id=\"325332\" class=\"\" href=\"https:\/\/goias.gov.br\/cultura\/cine-cultura-recebe-2a-parte-do-ghibli-festa-a-partir-desta-quinta-feira-19-2\/\">Cine Cultura recebe 2\u00aa parte do Ghibli Festa a partir desta quinta-feira (19\/2)<\/a><\/h3><div class='post-meta-user  '><span class='date'><i class='far fa-calendar-alt '><\/i>18 de fevereiro de 2026<\/span><\/div><div class='tpg-excerpt'>Etapa dois do festival contar\u00e1 com estreias como \u201cPrincesa Mononoke\u201d e \u201cO Conto da Princesa Kaguya\u201d. Filmes que j\u00e1 estavam na programa\u00e7\u00e3o tamb\u00e9m seguir\u00e3o em cartaz O Cine Cultura ser\u00e1...<\/div><\/div><\/div><\/div><div class=\"rt-col-md-4 rt-col-sm-6 rt-col-xs-12 even-grid-item rt-grid-item\" data-id=\"322796\"><div class=\"rt-holder\"><div class=\"rt-img-holder\"><a data-id=\"322796\" class=\"\" href=\"https:\/\/goias.gov.br\/cultura\/sonhos-de-trem-indicado-a-quatro-oscars-e-a-estreia-da-semana-no-cine-cultura\/\"><img loading=\"lazy\" decoding=\"async\" width=\"600\" height=\"450\" src=\"https:\/\/goias.gov.br\/cultura\/wp-content\/uploads\/sites\/25\/2026\/02\/sonhos-de-trem-filme-600x450.jpg\" class=\"rt-img-responsive \" alt=\"\" \/><\/a><\/div><div class='rt-detail'><h3 class=\"entry-title\"><a data-id=\"322796\" class=\"\" href=\"https:\/\/goias.gov.br\/cultura\/sonhos-de-trem-indicado-a-quatro-oscars-e-a-estreia-da-semana-no-cine-cultura\/\">\u201cSonhos de Trem\u201d, indicado a quatro Oscars, \u00e9 a estreia da semana no Cine Cultura<\/a><\/h3><div class='post-meta-user  '><span class='date'><i class='far fa-calendar-alt '><\/i>10 de fevereiro de 2026<\/span><\/div><div class='tpg-excerpt'>Estrelada por Joel Edgerton e Felicity Jones, a produ\u00e7\u00e3o integra a programa\u00e7\u00e3o, que re\u00fane filmes premiados. A sala far\u00e1 uma pausa nas exibi\u00e7\u00f5es durante o per\u00edodo de Carnaval O Cine...<\/div><\/div><\/div><\/div><div class=\"rt-col-md-4 rt-col-sm-6 rt-col-xs-12 even-grid-item rt-grid-item\" data-id=\"319161\"><div class=\"rt-holder\"><div class=\"rt-img-holder\"><a data-id=\"319161\" class=\"\" href=\"https:\/\/goias.gov.br\/cultura\/cine-cultura-oferece-ingressos-a-meia-entrada-em-comemoracao-a-semana-do-cinema\/\"><img loading=\"lazy\" decoding=\"async\" width=\"600\" height=\"450\" src=\"https:\/\/goias.gov.br\/cultura\/wp-content\/uploads\/sites\/25\/2026\/02\/BUGONIA-600x450.jpg\" class=\"rt-img-responsive \" alt=\"\" \/><\/a><\/div><div class='rt-detail'><h3 class=\"entry-title\"><a data-id=\"319161\" class=\"\" href=\"https:\/\/goias.gov.br\/cultura\/cine-cultura-oferece-ingressos-a-meia-entrada-em-comemoracao-a-semana-do-cinema\/\">Cine Cultura oferece ingressos \u00e0 meia-entrada em comemora\u00e7\u00e3o \u00e0 Semana do Cinema<\/a><\/h3><div class='post-meta-user  '><span class='date'><i class='far fa-calendar-alt '><\/i>3 de fevereiro de 2026<\/span><\/div><div class='tpg-excerpt'>Entre os dias 5 e 11 de fevereiro, o p\u00fablico em geral poder\u00e1 conferir uma programa\u00e7\u00e3o especial de filmes indicados ao Oscar por R$ 10,00 A Semana do Cinema no...<\/div><\/div><\/div><\/div><div class=\"rt-col-md-4 rt-col-sm-6 rt-col-xs-12 even-grid-item rt-grid-item\" data-id=\"315585\"><div class=\"rt-holder\"><div class=\"rt-img-holder\"><a data-id=\"315585\" class=\"\" href=\"https:\/\/goias.gov.br\/cultura\/filmes-indicados-ao-oscar-2026-e-producoes-premiadas-entram-em-cartaz-no-cine-cultura\/\"><img loading=\"lazy\" decoding=\"async\" width=\"600\" height=\"450\" src=\"https:\/\/goias.gov.br\/cultura\/wp-content\/uploads\/sites\/25\/2026\/01\/Hamnet-A-Vida-Antes-de-Hamlet-filme-600x450.jpg\" class=\"rt-img-responsive \" alt=\"\" \/><\/a><\/div><div class='rt-detail'><h3 class=\"entry-title\"><a data-id=\"315585\" class=\"\" href=\"https:\/\/goias.gov.br\/cultura\/filmes-indicados-ao-oscar-2026-e-producoes-premiadas-entram-em-cartaz-no-cine-cultura\/\">Filmes indicados ao Oscar 2026 e produ\u00e7\u00f5es premiadas entram em cartaz no Cine Cultura<\/a><\/h3><div class='post-meta-user  '><span class='date'><i class='far fa-calendar-alt '><\/i>28 de janeiro de 2026<\/span><\/div><div class='tpg-excerpt'>Retornos de t\u00edtulos aclamados e obras apontadas como favoritas na temporada de premia\u00e7\u00f5es movimentam a sala a partir desta quinta-feira (29\/1) A nova programa\u00e7\u00e3o do Cine Cultura re\u00fane duas estreias...<\/div><\/div><\/div><\/div><div class=\"rt-col-md-4 rt-col-sm-6 rt-col-xs-12 even-grid-item rt-grid-item\" data-id=\"310468\"><div class=\"rt-holder\"><div class=\"rt-img-holder\"><a data-id=\"310468\" class=\"\" href=\"https:\/\/goias.gov.br\/cultura\/cine-cultura-exibe-versoes-estendidas-da-trilogia-o-senhor-dos-aneis\/\"><img loading=\"lazy\" decoding=\"async\" width=\"600\" height=\"450\" src=\"https:\/\/goias.gov.br\/cultura\/wp-content\/uploads\/sites\/25\/2026\/01\/SenhorDosAneis.jpg-1-600x450.jpeg\" class=\"rt-img-responsive \" alt=\"\" \/><\/a><\/div><div class='rt-detail'><h3 class=\"entry-title\"><a data-id=\"310468\" class=\"\" href=\"https:\/\/goias.gov.br\/cultura\/cine-cultura-exibe-versoes-estendidas-da-trilogia-o-senhor-dos-aneis\/\">Cine Cultura exibe vers\u00f5es estendidas da trilogia O Senhor dos An\u00e9is<\/a><\/h3><div class='post-meta-user  '><span class='date'><i class='far fa-calendar-alt '><\/i>20 de janeiro de 2026<\/span><\/div><div class='tpg-excerpt'>Franquia cl\u00e1ssica receber\u00e1 sess\u00f5es exclusivas na programa\u00e7\u00e3o da sala que traz ainda estreias premiadas e mais cinco longas que seguem em cartaz Entre os dias 22 e 28 de janeiro...<\/div><\/div><\/div><\/div><div class=\"rt-col-md-4 rt-col-sm-6 rt-col-xs-12 even-grid-item rt-grid-item\" data-id=\"307178\"><div class=\"rt-holder\"><div class=\"rt-img-holder\"><a data-id=\"307178\" class=\"\" href=\"https:\/\/goias.gov.br\/cultura\/cine-cultura-estreia-programacao-com-filmes-premiados-e-apostas-ao-oscar-2026\/\"><img loading=\"lazy\" decoding=\"async\" width=\"600\" height=\"450\" src=\"https:\/\/goias.gov.br\/cultura\/wp-content\/uploads\/sites\/25\/2026\/01\/Valor-sentimental-plano-critico-1-600x450.jpg\" class=\"rt-img-responsive \" alt=\"\" \/><\/a><\/div><div class='rt-detail'><h3 class=\"entry-title\"><a data-id=\"307178\" class=\"\" href=\"https:\/\/goias.gov.br\/cultura\/cine-cultura-estreia-programacao-com-filmes-premiados-e-apostas-ao-oscar-2026\/\">Cine Cultura estreia programa\u00e7\u00e3o com filmes premiados e apostas ao Oscar 2026<\/a><\/h3><div class='post-meta-user  '><span class='date'><i class='far fa-calendar-alt '><\/i>14 de janeiro de 2026<\/span><\/div><div class='tpg-excerpt'>Produ\u00e7\u00f5es internacionais, retornos de t\u00edtulos aclamados e obras exibidas nos principais festivais de cinema do mundo est\u00e3o na programa\u00e7\u00e3o O Cine Cultura estreia nova programa\u00e7\u00e3o entre os dias 15 e...<\/div><\/div><\/div><\/div><div class=\"rt-col-md-4 rt-col-sm-6 rt-col-xs-12 even-grid-item rt-grid-item\" data-id=\"304657\"><div class=\"rt-holder\"><div class=\"rt-img-holder\"><a data-id=\"304657\" class=\"\" href=\"https:\/\/goias.gov.br\/cultura\/cine-cultura-realiza-sessoes-extraordinarias-de-valor-sentimental-neste-fim-de-semana\/\"><img loading=\"lazy\" decoding=\"async\" width=\"600\" height=\"450\" src=\"https:\/\/goias.gov.br\/cultura\/wp-content\/uploads\/sites\/25\/2026\/01\/SentimentalValue_08_Inga-Ibsdotter-Lilleaas_Elle-Fanning_Photo_Kasper-Tuxen-Andersen-600x450.jpg\" class=\"rt-img-responsive \" alt=\"\" \/><\/a><\/div><div class='rt-detail'><h3 class=\"entry-title\"><a data-id=\"304657\" class=\"\" href=\"https:\/\/goias.gov.br\/cultura\/cine-cultura-realiza-sessoes-extraordinarias-de-valor-sentimental-neste-fim-de-semana\/\">Cine Cultura realiza sess\u00f5es extraordin\u00e1rias de Valor Sentimental neste fim de semana<\/a><\/h3><div class='post-meta-user  '><span class='date'><i class='far fa-calendar-alt '><\/i>9 de janeiro de 2026<\/span><\/div><div class='tpg-excerpt'>Vencedor do Grand Prix em Cannes e indicado ao Globo de Ouro, o filme ser\u00e1 exibido em hor\u00e1rios especiais no s\u00e1bado e domingo, atendendo a pedidos do p\u00fablico O Cine...<\/div><\/div><\/div><\/div><div class=\"rt-col-md-4 rt-col-sm-6 rt-col-xs-12 even-grid-item rt-grid-item\" data-id=\"301155\"><div class=\"rt-holder\"><div class=\"rt-img-holder\"><a data-id=\"301155\" class=\"\" href=\"https:\/\/goias.gov.br\/cultura\/cine-cultura-exibe-mostra-truffaut-com-23-filmes-do-icone-da-nouvelle-vague\/\"><img loading=\"lazy\" decoding=\"async\" width=\"600\" height=\"450\" src=\"https:\/\/goias.gov.br\/cultura\/wp-content\/uploads\/sites\/25\/2025\/12\/a-mulher-do-lado-filme-1-600x450.jpg\" class=\"rt-img-responsive \" alt=\"\" \/><\/a><\/div><div class='rt-detail'><h3 class=\"entry-title\"><a data-id=\"301155\" class=\"\" href=\"https:\/\/goias.gov.br\/cultura\/cine-cultura-exibe-mostra-truffaut-com-23-filmes-do-icone-da-nouvelle-vague\/\">Cine Cultura exibe Mostra Truffaut com 23 filmes do \u00edcone da Nouvelle Vague<\/a><\/h3><div class='post-meta-user  '><span class='date'><i class='far fa-calendar-alt '><\/i>30 de dezembro de 2025<\/span><\/div><div class='tpg-excerpt'>Programa\u00e7\u00e3o inclui obras em c\u00f3pias restauradas e cl\u00e1ssicos da Nouvelle Vague que marcaram gera\u00e7\u00f5es de cin\u00e9filos O Cine Cultura estreia, entre os dias 5 e 15 de janeiro de 2026...<\/div><\/div><\/div><\/div><div class=\"rt-col-md-4 rt-col-sm-6 rt-col-xs-12 even-grid-item rt-grid-item\" data-id=\"301075\"><div class=\"rt-holder\"><div class=\"rt-img-holder\"><a data-id=\"301075\" class=\"\" href=\"https:\/\/goias.gov.br\/cultura\/com-pre-estreias-dos-longas-valor-sentimental-e-jovens-maes-cine-cultura-se-despede-de-2025\/\"><img loading=\"lazy\" decoding=\"async\" width=\"600\" height=\"450\" src=\"https:\/\/goias.gov.br\/cultura\/wp-content\/uploads\/sites\/25\/2025\/12\/valor-sentimental-filme-1-600x450.jpeg\" class=\"rt-img-responsive \" alt=\"\" \/><\/a><\/div><div class='rt-detail'><h3 class=\"entry-title\"><a data-id=\"301075\" class=\"\" href=\"https:\/\/goias.gov.br\/cultura\/com-pre-estreias-dos-longas-valor-sentimental-e-jovens-maes-cine-cultura-se-despede-de-2025\/\">Com pr\u00e9-estreias dos longas \u201cValor Sentimental\u201d e \u201cJovens M\u00e3es\u201d, Cine Cultura se despede de 2025<\/a><\/h3><div class='post-meta-user  '><span class='date'><i class='far fa-calendar-alt '><\/i>23 de dezembro de 2025<\/span><\/div><div class='tpg-excerpt'>Sala encerra o ano com cl\u00e1ssicos do cinema mundial e sess\u00f5es surpresa que celebram a trajet\u00f3ria do cinema mais cult de Goi\u00e2nia O Cine Cultura finaliza 2025 com uma programa\u00e7\u00e3o...<\/div><\/div><\/div><\/div><div class=\"rt-col-md-4 rt-col-sm-6 rt-col-xs-12 even-grid-item rt-grid-item\" data-id=\"297715\"><div class=\"rt-holder\"><div class=\"rt-img-holder\"><a data-id=\"297715\" class=\"\" href=\"https:\/\/goias.gov.br\/cultura\/chega-ao-cine-cultura-o-premiado-nouvelle-vague-de-richard-linklater\/\"><img loading=\"lazy\" decoding=\"async\" width=\"600\" height=\"450\" src=\"https:\/\/goias.gov.br\/cultura\/wp-content\/uploads\/sites\/25\/2025\/12\/nouvelle-vague-filme-2025-600x450.jpg\" class=\"rt-img-responsive \" alt=\"\" \/><\/a><\/div><div class='rt-detail'><h3 class=\"entry-title\"><a data-id=\"297715\" class=\"\" href=\"https:\/\/goias.gov.br\/cultura\/chega-ao-cine-cultura-o-premiado-nouvelle-vague-de-richard-linklater\/\">Chega ao Cine Cultura o premiado \u201cNouvelle Vague\u201d, de Richard Linklater<\/a><\/h3><div class='post-meta-user  '><span class='date'><i class='far fa-calendar-alt '><\/i>16 de dezembro de 2025<\/span><\/div><div class='tpg-excerpt'>Programa\u00e7\u00e3o tamb\u00e9m re\u00fane cinema autoral, suspense e cl\u00e1ssicos em cartaz at\u00e9 23 de dezembro O Cine Cultura traz como destaque da semana o longa \u201cNouvelle Vague\u201d, do diretor Richard Linklater...<\/div><\/div><\/div><\/div><div class=\"rt-col-md-4 rt-col-sm-6 rt-col-xs-12 even-grid-item rt-grid-item\" data-id=\"294180\"><div class=\"rt-holder\"><div class=\"rt-img-holder\"><a data-id=\"294180\" class=\"\" href=\"https:\/\/goias.gov.br\/cultura\/cine-cultura-exibe-o-iluminado-classico-de-stanley-kubrick-em-versao-4k\/\"><img loading=\"lazy\" decoding=\"async\" width=\"600\" height=\"450\" src=\"https:\/\/goias.gov.br\/cultura\/wp-content\/uploads\/sites\/25\/2025\/12\/o-iluminado-filme-1-600x450.jpg\" class=\"rt-img-responsive \" alt=\"\" \/><\/a><\/div><div class='rt-detail'><h3 class=\"entry-title\"><a data-id=\"294180\" class=\"\" href=\"https:\/\/goias.gov.br\/cultura\/cine-cultura-exibe-o-iluminado-classico-de-stanley-kubrick-em-versao-4k\/\">Cine Cultura exibe \u201cO Iluminado\u201d, cl\u00e1ssico de Stanley Kubrick, em vers\u00e3o 4k<\/a><\/h3><div class='post-meta-user  '><span class='date'><i class='far fa-calendar-alt '><\/i>9 de dezembro de 2025<\/span><\/div><div class='tpg-excerpt'>Programa\u00e7\u00e3o da semana tamb\u00e9m inclui o longa \u201cSorry, Baby\u201d e o suspense iraniano \u201cFoi Apenas um Acidente\u201d, al\u00e9m das \u00faltimas sess\u00f5es de t\u00edtulos premiados O Cine Cultura inicia, nesta quinta-feira...<\/div><\/div><\/div><\/div><\/div><\/div><\/div>\n\t\t\t\t\t\t<\/div>\n\t\t\t\t<\/div>\n\t\t\t\t\t<\/div>\n\t\t\t\t<\/div>\n\t\t\t\t<\/div>\n\t\t","protected":false},"excerpt":{"rendered":"","protected":false},"author":322,"featured_media":0,"parent":101964,"menu_order":0,"comment_status":"closed","ping_status":"closed","template":"","meta":{"footnotes":""},"class_list":["post-106016","page","type-page","status-publish","hentry"],"rttpg_featured_image_url":null,"rttpg_author":{"display_name":"alessandraferreira","author_link":"https:\/\/goias.gov.br\/cultura\/author\/alessandraferreira\/"},"rttpg_comment":0,"rttpg_category":"","rttpg_excerpt":null,"_links":{"self":[{"href":"https:\/\/goias.gov.br\/cultura\/wp-json\/wp\/v2\/pages\/106016","targetHints":{"allow":["GET"]}}],"collection":[{"href":"https:\/\/goias.gov.br\/cultura\/wp-json\/wp\/v2\/pages"}],"about":[{"href":"https:\/\/goias.gov.br\/cultura\/wp-json\/wp\/v2\/types\/page"}],"author":[{"embeddable":true,"href":"https:\/\/goias.gov.br\/cultura\/wp-json\/wp\/v2\/users\/322"}],"replies":[{"embeddable":true,"href":"https:\/\/goias.gov.br\/cultura\/wp-json\/wp\/v2\/comments?post=106016"}],"version-history":[{"count":3,"href":"https:\/\/goias.gov.br\/cultura\/wp-json\/wp\/v2\/pages\/106016\/revisions"}],"predecessor-version":[{"id":287400,"href":"https:\/\/goias.gov.br\/cultura\/wp-json\/wp\/v2\/pages\/106016\/revisions\/287400"}],"up":[{"embeddable":true,"href":"https:\/\/goias.gov.br\/cultura\/wp-json\/wp\/v2\/pages\/101964"}],"wp:attachment":[{"href":"https:\/\/goias.gov.br\/cultura\/wp-json\/wp\/v2\/media?parent=106016"}],"curies":[{"name":"wp","href":"https:\/\/api.w.org\/{rel}","templated":true}]}}