

{"id":102816,"date":"2025-02-03T11:26:10","date_gmt":"2025-02-03T14:26:10","guid":{"rendered":"https:\/\/goias.gov.br\/cultura\/?page_id=102816"},"modified":"2025-12-01T08:34:32","modified_gmt":"2025-12-01T11:34:32","slug":"ingressos","status":"publish","type":"page","link":"https:\/\/goias.gov.br\/cultura\/cinemas\/cine-cultura\/ingressos\/","title":{"rendered":"Ingressos"},"content":{"rendered":"\t\t<div data-elementor-type=\"wp-page\" data-elementor-id=\"102816\" class=\"elementor elementor-102816\">\n\t\t\t\t<div class=\"elementor-element elementor-element-6539d2b e-flex e-con-boxed e-con e-parent\" data-id=\"6539d2b\" data-element_type=\"container\" data-e-type=\"container\">\n\t\t\t\t\t<div class=\"e-con-inner\">\n\t\t<div class=\"elementor-element elementor-element-27c49fc e-con-full e-flex e-con e-child\" data-id=\"27c49fc\" data-element_type=\"container\" data-e-type=\"container\">\n\t\t\t\t<div class=\"elementor-element elementor-element-719e5e6 elementor-widget elementor-widget-heading\" data-id=\"719e5e6\" data-element_type=\"widget\" data-e-type=\"widget\" data-widget_type=\"heading.default\">\n\t\t\t\t<div class=\"elementor-widget-container\">\n\t\t\t\t\t<h2 class=\"elementor-heading-title elementor-size-default\">Inteira: R$ 20,00<\/h2>\t\t\t\t<\/div>\n\t\t\t\t<\/div>\n\t\t\t\t<\/div>\n\t\t<div class=\"elementor-element elementor-element-72dcae4 e-con-full e-flex e-con e-child\" data-id=\"72dcae4\" data-element_type=\"container\" data-e-type=\"container\">\n\t\t\t\t<div class=\"elementor-element elementor-element-3171f66 elementor-widget elementor-widget-heading\" data-id=\"3171f66\" data-element_type=\"widget\" data-e-type=\"widget\" data-widget_type=\"heading.default\">\n\t\t\t\t<div class=\"elementor-widget-container\">\n\t\t\t\t\t<h2 class=\"elementor-heading-title elementor-size-default\">Meia: R$ 10,00<\/h2>\t\t\t\t<\/div>\n\t\t\t\t<\/div>\n\t\t\t\t<\/div>\n\t\t<div class=\"elementor-element elementor-element-ba5279f e-con-full e-flex e-con e-child\" data-id=\"ba5279f\" data-element_type=\"container\" data-e-type=\"container\">\n\t\t\t\t<div class=\"elementor-element elementor-element-e453c8d elementor-widget elementor-widget-heading\" data-id=\"e453c8d\" data-element_type=\"widget\" data-e-type=\"widget\" data-widget_type=\"heading.default\">\n\t\t\t\t<div class=\"elementor-widget-container\">\n\t\t\t\t\t<h2 class=\"elementor-heading-title elementor-size-default\">\u00c0s segundas-feiras, todos pagam meia.<\/h2>\t\t\t\t<\/div>\n\t\t\t\t<\/div>\n\t\t\t\t<\/div>\n\t\t\t\t\t<\/div>\n\t\t\t\t<\/div>\n\t\t<div class=\"elementor-element elementor-element-b90532c e-flex e-con-boxed e-con e-parent\" data-id=\"b90532c\" data-element_type=\"container\" data-e-type=\"container\">\n\t\t\t\t\t<div class=\"e-con-inner\">\n\t\t\t\t<div class=\"elementor-element elementor-element-63e895c elementor-widget elementor-widget-image\" data-id=\"63e895c\" data-element_type=\"widget\" data-e-type=\"widget\" data-widget_type=\"image.default\">\n\t\t\t\t<div class=\"elementor-widget-container\">\n\t\t\t\t\t\t\t\t\t\t\t\t\t\t\t<img decoding=\"async\" src=\"https:\/\/goias.gov.br\/cultura\/wp-content\/uploads\/sites\/25\/2025\/02\/WhatsApp-Image-2025-01-27-at-20.49.47-scaled.jpeg\" title=\"\" alt=\"\" loading=\"lazy\" \/>\t\t\t\t\t\t\t\t\t\t\t\t\t\t\t<\/div>\n\t\t\t\t<\/div>\n\t\t\t\t<div class=\"elementor-element elementor-element-533eb31 elementor-widget elementor-widget-text-editor\" data-id=\"533eb31\" data-element_type=\"widget\" data-e-type=\"widget\" data-widget_type=\"text-editor.default\">\n\t\t\t\t<div class=\"elementor-widget-container\">\n\t\t\t\t\t\t\t\t\t<div class=\"wppb-builder-addon wppb-addon-1738593269363\" data-addon-id=\"1738593269363\"><div class=\"wppb-addon\"><div class=\"wppb-headline-addon\"><div class=\"wppb-headline-content\"><h3 class=\"wppb-addon-title\">Quem tem direito \u00e0 meia-entrada:<\/h3><\/div><\/div><\/div><\/div><div class=\"wppb-builder-addon wppb-addon-1738593354748\" data-addon-id=\"1738593354748\"><div class=\"wppb-addon\"><div class=\"wppb-text-block-addon\"><div class=\"wppb-text-block-content 0\"><ul><li>Estudantes<\/li><li>Professores e profissionais da rede p\u00fablica municipal e estadual<\/li><li>Pessoas com defici\u00eancia e seu acompanhante<\/li><li>Doadores regulares de sangue registrados na Secretaria Municipal de Sa\u00fade ou no Banco de Sangue Estadual<\/li><li>Eleitores nomeados para atuar como mes\u00e1rios e colaboradores nas elei\u00e7\u00f5es a partir de 2024<\/li><li>Jovens entre 15 e 29 anos, com renda familiar mensal de at\u00e9 2 sal\u00e1rios m\u00ednimos, inscritos no Cadastro \u00danico para Programas Sociais do Governo Federal<\/li><\/ul><p><strong>O que diz a lei:<\/strong><\/p><p>A Lei 20.281\/2018 do Estado de Goi\u00e1s diz, em seu Artigo 1\u00ba:\u00a0&#8220;Art. 1\u00b0 \u00c9 assegurado o pagamento de 50% (cinquenta por cento) do valor cobrado para o ingresso em casas de divers\u00f5es, pra\u00e7as desportivas e similares, aos professores e auxiliares de administra\u00e7\u00e3o escolar da rede p\u00fablica e privada de ensino do Estado.&#8221;<\/p><p>Todos devem apresentar um documento com foto e comprovante de v\u00ednculo com a institui\u00e7\u00e3o, v\u00e1lido e vigente, ou cart\u00e3o de benef\u00edcio social.<\/p><\/div><\/div><\/div><\/div><div class=\"wppb-builder-addon wppb-addon-1738593678685\" data-addon-id=\"1738593678685\"><div class=\"wppb-addon\"><div class=\"wppb-headline-addon\"><div class=\"wppb-headline-content\"><h3 class=\"wppb-addon-title\">A venda dos ingressos \u00e9 realizada exclusivamente na bilheteira do Cine Cultura, e o pagamento pode ser feito em dinheiro ou via PIX.<\/h3><\/div><\/div><\/div><\/div>\t\t\t\t\t\t\t\t<\/div>\n\t\t\t\t<\/div>\n\t\t\t\t<div class=\"elementor-element elementor-element-6e237cb elementor-widget elementor-widget-button\" data-id=\"6e237cb\" data-element_type=\"widget\" data-e-type=\"widget\" data-widget_type=\"button.default\">\n\t\t\t\t<div class=\"elementor-widget-container\">\n\t\t\t\t\t\t\t\t\t<div class=\"elementor-button-wrapper\">\n\t\t\t\t\t<a class=\"elementor-button elementor-button-link elementor-size-sm\" href=\"https:\/\/goias.gov.br\/cultura\/cinemas\/cine-cultura\/\">\n\t\t\t\t\t\t<span class=\"elementor-button-content-wrapper\">\n\t\t\t\t\t\t\t\t\t<span class=\"elementor-button-text\">Voltar para p\u00e1gina Inicial do Cine Cultura<\/span>\n\t\t\t\t\t<\/span>\n\t\t\t\t\t<\/a>\n\t\t\t\t<\/div>\n\t\t\t\t\t\t\t\t<\/div>\n\t\t\t\t<\/div>\n\t\t\t\t\t<\/div>\n\t\t\t\t<\/div>\n\t\t\t\t<\/div>\n\t\t","protected":false},"excerpt":{"rendered":"<p>Inteira: R$ 20,00 Meia: R$ 10,00 \u00c0s segundas-feiras, todos pagam meia. Quem tem direito \u00e0 meia-entrada: Estudantes Professores e profissionais da rede p\u00fablica municipal e estadual Pessoas com defici\u00eancia e seu acompanhante Doadores regulares de sangue registrados na Secretaria Municipal de Sa\u00fade ou no Banco de Sangue Estadual Eleitores nomeados para atuar como mes\u00e1rios e [&hellip;]<\/p>\n","protected":false},"author":322,"featured_media":0,"parent":101964,"menu_order":0,"comment_status":"closed","ping_status":"closed","template":"","meta":{"footnotes":""},"class_list":["post-102816","page","type-page","status-publish","hentry"],"rttpg_featured_image_url":null,"rttpg_author":{"display_name":"alessandraferreira","author_link":"https:\/\/goias.gov.br\/cultura\/author\/alessandraferreira\/"},"rttpg_comment":0,"rttpg_category":null,"rttpg_excerpt":"Inteira: R$ 20,00 Meia: R$ 10,00 \u00c0s segundas-feiras, todos pagam meia. Quem tem direito \u00e0 meia-entrada: Estudantes Professores e profissionais da rede p\u00fablica municipal e estadual Pessoas com defici\u00eancia e seu acompanhante Doadores regulares de sangue registrados na Secretaria Municipal de Sa\u00fade ou no Banco de Sangue Estadual Eleitores nomeados para atuar como mes\u00e1rios e&hellip;","_links":{"self":[{"href":"https:\/\/goias.gov.br\/cultura\/wp-json\/wp\/v2\/pages\/102816","targetHints":{"allow":["GET"]}}],"collection":[{"href":"https:\/\/goias.gov.br\/cultura\/wp-json\/wp\/v2\/pages"}],"about":[{"href":"https:\/\/goias.gov.br\/cultura\/wp-json\/wp\/v2\/types\/page"}],"author":[{"embeddable":true,"href":"https:\/\/goias.gov.br\/cultura\/wp-json\/wp\/v2\/users\/322"}],"replies":[{"embeddable":true,"href":"https:\/\/goias.gov.br\/cultura\/wp-json\/wp\/v2\/comments?post=102816"}],"version-history":[{"count":2,"href":"https:\/\/goias.gov.br\/cultura\/wp-json\/wp\/v2\/pages\/102816\/revisions"}],"predecessor-version":[{"id":287339,"href":"https:\/\/goias.gov.br\/cultura\/wp-json\/wp\/v2\/pages\/102816\/revisions\/287339"}],"up":[{"embeddable":true,"href":"https:\/\/goias.gov.br\/cultura\/wp-json\/wp\/v2\/pages\/101964"}],"wp:attachment":[{"href":"https:\/\/goias.gov.br\/cultura\/wp-json\/wp\/v2\/media?parent=102816"}],"curies":[{"name":"wp","href":"https:\/\/api.w.org\/{rel}","templated":true}]}}