

{"id":102718,"date":"2025-02-03T11:16:37","date_gmt":"2025-02-03T14:16:37","guid":{"rendered":"https:\/\/goias.gov.br\/cultura\/?page_id=102718"},"modified":"2025-11-28T16:05:30","modified_gmt":"2025-11-28T19:05:30","slug":"cafe","status":"publish","type":"page","link":"https:\/\/goias.gov.br\/cultura\/cinemas\/cine-cultura\/cafe\/","title":{"rendered":"Caf\u00e9"},"content":{"rendered":"\t\t<div data-elementor-type=\"wp-page\" data-elementor-id=\"102718\" class=\"elementor elementor-102718\">\n\t\t\t\t<div class=\"elementor-element elementor-element-0eedc8f e-flex e-con-boxed e-con e-parent\" data-id=\"0eedc8f\" data-element_type=\"container\" data-e-type=\"container\">\n\t\t\t\t\t<div class=\"e-con-inner\">\n\t\t\t\t<div class=\"elementor-element elementor-element-a7110ec elementor-widget elementor-widget-text-editor\" data-id=\"a7110ec\" data-element_type=\"widget\" data-e-type=\"widget\" data-widget_type=\"text-editor.default\">\n\t\t\t\t<div class=\"elementor-widget-container\">\n\t\t\t\t\t\t\t\t\t<p>Uma das novidades do Cine Cultura \u00e9 a instala\u00e7\u00e3o de um caf\u00e9, que oferecer\u00e1 aos visitantes uma variedade de lanches para aproveitar durante as sess\u00f5es de cinema. Para viabilizar a inova\u00e7\u00e3o, a Secretaria de Estado de Cultura est\u00e1 preparando um chamamento p\u00fablico para selecionar a empresa que atuar\u00e1 neste espa\u00e7o.<\/p>\t\t\t\t\t\t\t\t<\/div>\n\t\t\t\t<\/div>\n\t\t\t\t<div class=\"elementor-element elementor-element-7bbf0fa elementor-widget elementor-widget-button\" data-id=\"7bbf0fa\" data-element_type=\"widget\" data-e-type=\"widget\" data-widget_type=\"button.default\">\n\t\t\t\t<div class=\"elementor-widget-container\">\n\t\t\t\t\t\t\t\t\t<div class=\"elementor-button-wrapper\">\n\t\t\t\t\t<a class=\"elementor-button elementor-button-link elementor-size-sm\" href=\"https:\/\/goias.gov.br\/cultura\/cinemas\/cine-cultura\/\">\n\t\t\t\t\t\t<span class=\"elementor-button-content-wrapper\">\n\t\t\t\t\t\t\t\t\t<span class=\"elementor-button-text\">Voltar para a p\u00e1gina do Cine Cultura<\/span>\n\t\t\t\t\t<\/span>\n\t\t\t\t\t<\/a>\n\t\t\t\t<\/div>\n\t\t\t\t\t\t\t\t<\/div>\n\t\t\t\t<\/div>\n\t\t\t\t\t<\/div>\n\t\t\t\t<\/div>\n\t\t\t\t<\/div>\n\t\t","protected":false},"excerpt":{"rendered":"<p>Uma das novidades do Cine Cultura \u00e9 a instala\u00e7\u00e3o de um caf\u00e9, que oferecer\u00e1 aos visitantes uma variedade de lanches para aproveitar durante as sess\u00f5es de cinema. Para viabilizar a inova\u00e7\u00e3o, a Secretaria de Estado de Cultura est\u00e1 preparando um chamamento p\u00fablico para selecionar a empresa que atuar\u00e1 neste espa\u00e7o. Voltar para a p\u00e1gina do [&hellip;]<\/p>\n","protected":false},"author":322,"featured_media":0,"parent":101964,"menu_order":0,"comment_status":"closed","ping_status":"closed","template":"","meta":{"footnotes":""},"class_list":["post-102718","page","type-page","status-publish","hentry"],"rttpg_featured_image_url":null,"rttpg_author":{"display_name":"alessandraferreira","author_link":"https:\/\/goias.gov.br\/cultura\/author\/alessandraferreira\/"},"rttpg_comment":0,"rttpg_category":null,"rttpg_excerpt":"Uma das novidades do Cine Cultura \u00e9 a instala\u00e7\u00e3o de um caf\u00e9, que oferecer\u00e1 aos visitantes uma variedade de lanches para aproveitar durante as sess\u00f5es de cinema. Para viabilizar a inova\u00e7\u00e3o, a Secretaria de Estado de Cultura est\u00e1 preparando um chamamento p\u00fablico para selecionar a empresa que atuar\u00e1 neste espa\u00e7o. Voltar para a p\u00e1gina do&hellip;","_links":{"self":[{"href":"https:\/\/goias.gov.br\/cultura\/wp-json\/wp\/v2\/pages\/102718","targetHints":{"allow":["GET"]}}],"collection":[{"href":"https:\/\/goias.gov.br\/cultura\/wp-json\/wp\/v2\/pages"}],"about":[{"href":"https:\/\/goias.gov.br\/cultura\/wp-json\/wp\/v2\/types\/page"}],"author":[{"embeddable":true,"href":"https:\/\/goias.gov.br\/cultura\/wp-json\/wp\/v2\/users\/322"}],"replies":[{"embeddable":true,"href":"https:\/\/goias.gov.br\/cultura\/wp-json\/wp\/v2\/comments?post=102718"}],"version-history":[{"count":3,"href":"https:\/\/goias.gov.br\/cultura\/wp-json\/wp\/v2\/pages\/102718\/revisions"}],"predecessor-version":[{"id":286895,"href":"https:\/\/goias.gov.br\/cultura\/wp-json\/wp\/v2\/pages\/102718\/revisions\/286895"}],"up":[{"embeddable":true,"href":"https:\/\/goias.gov.br\/cultura\/wp-json\/wp\/v2\/pages\/101964"}],"wp:attachment":[{"href":"https:\/\/goias.gov.br\/cultura\/wp-json\/wp\/v2\/media?parent=102718"}],"curies":[{"name":"wp","href":"https:\/\/api.w.org\/{rel}","templated":true}]}}