

{"id":60542,"date":"2024-09-27T09:50:40","date_gmt":"2024-09-27T12:50:40","guid":{"rendered":"https:\/\/goias.gov.br\/controladoria\/?page_id=60542"},"modified":"2025-11-19T11:49:28","modified_gmt":"2025-11-19T14:49:28","slug":"consulta-publica-governo-aberto","status":"publish","type":"page","link":"https:\/\/goias.gov.br\/controladoria\/governo-aberto\/consulta-publica-governo-aberto\/","title":{"rendered":"Consultas P\u00fablicas"},"content":{"rendered":"\t\t<div data-elementor-type=\"wp-page\" data-elementor-id=\"60542\" class=\"elementor elementor-60542\">\n\t\t\t\t<div class=\"elementor-element elementor-element-dec6f10 e-flex e-con-boxed e-con e-parent\" data-id=\"dec6f10\" data-element_type=\"container\" data-e-type=\"container\">\n\t\t\t\t\t<div class=\"e-con-inner\">\n\t\t\t\t<div class=\"elementor-element elementor-element-d7baf3a elementor-widget elementor-widget-text-editor\" data-id=\"d7baf3a\" data-element_type=\"widget\" data-e-type=\"widget\" data-widget_type=\"text-editor.default\">\n\t\t\t\t\t\t\t\t\t<p><span style=\"font-size: 10pt;\">Atualizado em: 11 de junho de 2025<\/span><\/p>\t\t\t\t\t\t\t\t<\/div>\n\t\t\t\t\t<\/div>\n\t\t\t\t<\/div>\n\t\t<div class=\"elementor-element elementor-element-50e920d e-flex e-con-boxed e-con e-parent\" data-id=\"50e920d\" data-element_type=\"container\" data-e-type=\"container\" data-settings=\"{&quot;background_background&quot;:&quot;classic&quot;}\">\n\t\t\t\t\t<div class=\"e-con-inner\">\n\t\t\t\t<div class=\"elementor-element elementor-element-6b4ba9a elementor-widget__width-initial elementor-widget elementor-widget-text-editor\" data-id=\"6b4ba9a\" data-element_type=\"widget\" data-e-type=\"widget\" data-widget_type=\"text-editor.default\">\n\t\t\t\t\t\t\t\t\t<p style=\"text-align: justify;\">Ap\u00f3s uma jornada colaborativa iniciada em 2019 com a cria\u00e7\u00e3o da Subcontroladoria de Governo Aberto, e que incluiu a an\u00e1lise de mais de <strong>55.607 contribui\u00e7\u00f5es dos cidad\u00e3os<\/strong> em etapas anteriores, temos grandes marcos a celebrar.<\/p><p style=\"text-align: justify;\">O <strong>1\u00ba Plano de Governo Aberto do Estado de Goi\u00e1s<\/strong>, fundamentado nos eixos tem\u00e1ticos de <strong>participa\u00e7\u00e3o social<\/strong>, <strong>ouvidoria<\/strong>, <strong>transpar\u00eancia<\/strong> e <em><strong>accountability<\/strong><\/em>, foi oficialmente entregue \u00e0 <strong>Open Government Partnership (OGP)<\/strong> em novembro de 2024. Este feito representa o culminar de esfor\u00e7os cont\u00ednuos, incluindo o lan\u00e7amento do F\u00f3rum de Governo Aberto de Goi\u00e1s e duas etapas de consulta p\u00fablica e co-cria\u00e7\u00e3o realizadas ao longo de 2023 e 2024.<\/p><p style=\"text-align: justify;\">Mais recentemente, em maio de 2025, recebemos o Relat\u00f3rio Inicial da Entidade de Monitoramento Externo, um passo crucial para a avalia\u00e7\u00e3o e aprimoramento cont\u00ednuo de nossas a\u00e7\u00f5es.<\/p><p style=\"text-align: justify;\">Sua participa\u00e7\u00e3o foi e continua sendo essencial para construirmos um governo mais aberto e participativo. Convidamos voc\u00ea a acompanhar os pr\u00f3ximos passos e se engajar nas nossas futuras a\u00e7\u00f5es.<\/p><p style=\"text-align: justify;\">Para mais detalhes, acesse a <a href=\"https:\/\/goias.gov.br\/controladoria\/governo-aberto\/linha-do-tempo-ogp\/\">Linha do Tempo: Ades\u00e3o de Goi\u00e1s \u00e0 OGP<\/a><\/p>\t\t\t\t\t\t\t\t<\/div>\n\t\t\t\t\t<\/div>\n\t\t\t\t<\/div>\n\t\t<div class=\"elementor-element elementor-element-f08db5d e-flex e-con-boxed e-con e-parent\" data-id=\"f08db5d\" data-element_type=\"container\" data-e-type=\"container\" data-settings=\"{&quot;background_background&quot;:&quot;classic&quot;}\">\n\t\t\t\t\t<div class=\"e-con-inner\">\n\t\t\t\t<div class=\"elementor-element elementor-element-31e7e36 elementor-widget elementor-widget-heading\" data-id=\"31e7e36\" data-element_type=\"widget\" data-e-type=\"widget\" data-widget_type=\"heading.default\">\n\t\t\t\t\t<h2 class=\"elementor-heading-title elementor-size-default\">Resultados das Consultas P\u00fablicas<\/h2>\t\t\t\t<\/div>\n\t\t<div class=\"elementor-element elementor-element-f76b8e6 e-con-full e-flex e-con e-child\" data-id=\"f76b8e6\" data-element_type=\"container\" data-e-type=\"container\">\n\t\t<div class=\"elementor-element elementor-element-a7e7d8c e-con-full e-flex e-con e-child\" data-id=\"a7e7d8c\" data-element_type=\"container\" data-e-type=\"container\">\n\t\t\t\t<\/div>\n\t\t<div class=\"elementor-element elementor-element-f06b9b4 e-con-full e-flex e-con e-child\" data-id=\"f06b9b4\" data-element_type=\"container\" data-e-type=\"container\" data-settings=\"{&quot;background_background&quot;:&quot;classic&quot;}\">\n\t\t\t\t<div class=\"elementor-element elementor-element-67a4b66 elementor-widget elementor-widget-text-editor\" data-id=\"67a4b66\" data-element_type=\"widget\" data-e-type=\"widget\" data-widget_type=\"text-editor.default\">\n\t\t\t\t\t\t\t\t\t<p style=\"text-align: center;\"><span style=\"font-size: 14pt;\">Resultados I Consulta P\u00fablica<\/span><\/p>\t\t\t\t\t\t\t\t<\/div>\n\t\t\t\t<div class=\"elementor-element elementor-element-aa73bc7 elementor-align-center elementor-widget elementor-widget-button\" data-id=\"aa73bc7\" data-element_type=\"widget\" data-e-type=\"widget\" data-widget_type=\"button.default\">\n\t\t\t\t\t\t\t\t\t\t<a class=\"elementor-button elementor-button-link elementor-size-sm\" href=\"https:\/\/goias.gov.br\/controladoria\/wp-content\/uploads\/sites\/31\/2025\/05\/Apresentacao-Consulta-1.pdf\" target=\"_blank\">\n\t\t\t\t\t\t<span class=\"elementor-button-content-wrapper\">\n\t\t\t\t\t\t\t\t\t<span class=\"elementor-button-text\">Acessar<\/span>\n\t\t\t\t\t<\/span>\n\t\t\t\t\t<\/a>\n\t\t\t\t\t\t\t\t<\/div>\n\t\t\t\t<\/div>\n\t\t<div class=\"elementor-element elementor-element-79dda96 e-con-full e-flex e-con e-child\" data-id=\"79dda96\" data-element_type=\"container\" data-e-type=\"container\" data-settings=\"{&quot;background_background&quot;:&quot;classic&quot;}\">\n\t\t\t\t<div class=\"elementor-element elementor-element-e7cfe06 elementor-widget elementor-widget-text-editor\" data-id=\"e7cfe06\" data-element_type=\"widget\" data-e-type=\"widget\" data-widget_type=\"text-editor.default\">\n\t\t\t\t\t\t\t\t\t<p style=\"text-align: center;\"><span style=\"font-size: 14pt;\">Resultados II Consulta P\u00fablica<\/span><\/p>\t\t\t\t\t\t\t\t<\/div>\n\t\t\t\t<div class=\"elementor-element elementor-element-043fef3 elementor-align-center elementor-widget elementor-widget-button\" data-id=\"043fef3\" data-element_type=\"widget\" data-e-type=\"widget\" data-widget_type=\"button.default\">\n\t\t\t\t\t\t\t\t\t\t<a class=\"elementor-button elementor-button-link elementor-size-sm\" href=\"https:\/\/goias.gov.br\/controladoria\/wp-content\/uploads\/sites\/31\/2025\/05\/Segunda-Consulta-Publica.pdf\" target=\"_blank\">\n\t\t\t\t\t\t<span class=\"elementor-button-content-wrapper\">\n\t\t\t\t\t\t\t\t\t<span class=\"elementor-button-text\">Acessar<\/span>\n\t\t\t\t\t<\/span>\n\t\t\t\t\t<\/a>\n\t\t\t\t\t\t\t\t<\/div>\n\t\t\t\t<\/div>\n\t\t<div class=\"elementor-element elementor-element-2c245f9 e-con-full e-flex e-con e-child\" data-id=\"2c245f9\" data-element_type=\"container\" data-e-type=\"container\">\n\t\t\t\t<\/div>\n\t\t\t\t<\/div>\n\t\t\t\t\t<\/div>\n\t\t\t\t<\/div>\n\t\t<div class=\"elementor-element elementor-element-9dfe231 e-con-full e-flex e-con e-parent\" data-id=\"9dfe231\" data-element_type=\"container\" data-e-type=\"container\" data-settings=\"{&quot;background_background&quot;:&quot;classic&quot;}\">\n\t\t<div class=\"elementor-element elementor-element-1fd93b7 e-flex e-con-boxed e-con e-child\" data-id=\"1fd93b7\" data-element_type=\"container\" data-e-type=\"container\">\n\t\t\t\t\t<div class=\"e-con-inner\">\n\t\t\t\t\t<\/div>\n\t\t\t\t<\/div>\n\t\t<div class=\"elementor-element elementor-element-ea361ed e-flex e-con-boxed e-con e-child\" data-id=\"ea361ed\" data-element_type=\"container\" data-e-type=\"container\">\n\t\t\t\t\t<div class=\"e-con-inner\">\n\t\t\t\t<div class=\"elementor-element elementor-element-1b8bc7d elementor-widget elementor-widget-image\" data-id=\"1b8bc7d\" data-element_type=\"widget\" data-e-type=\"widget\" data-widget_type=\"image.default\">\n\t\t\t\t\t\t\t\t\t\t\t\t\t\t\t<img decoding=\"async\" src=\"https:\/\/goias.gov.br\/controladoria\/wp-content\/uploads\/sites\/31\/2024\/09\/Goias-OGP-Local-white-01-2-1.png\" title=\"\" alt=\"\" loading=\"lazy\" \/>\t\t\t\t\t\t\t\t\t\t\t\t\t\t\t<\/div>\n\t\t\t\t\t<\/div>\n\t\t\t\t<\/div>\n\t\t<div class=\"elementor-element elementor-element-737a730 e-flex e-con-boxed e-con e-child\" data-id=\"737a730\" data-element_type=\"container\" data-e-type=\"container\">\n\t\t\t\t\t<div class=\"e-con-inner\">\n\t\t\t\t<div class=\"elementor-element elementor-element-9a36abe elementor-widget elementor-widget-image\" data-id=\"9a36abe\" data-element_type=\"widget\" data-e-type=\"widget\" data-widget_type=\"image.default\">\n\t\t\t\t\t\t\t\t\t\t\t\t\t\t\t<img decoding=\"async\" src=\"https:\/\/goias.gov.br\/controladoria\/wp-content\/uploads\/sites\/31\/2024\/09\/CGE_Abreviada_negativo.png\" title=\"\" alt=\"\" loading=\"lazy\" \/>\t\t\t\t\t\t\t\t\t\t\t\t\t\t\t<\/div>\n\t\t\t\t\t<\/div>\n\t\t\t\t<\/div>\n\t\t<div class=\"elementor-element elementor-element-b8f458a e-flex e-con-boxed e-con e-child\" data-id=\"b8f458a\" data-element_type=\"container\" data-e-type=\"container\">\n\t\t\t\t\t<div class=\"e-con-inner\">\n\t\t\t\t\t<\/div>\n\t\t\t\t<\/div>\n\t\t\t\t<\/div>\n\t\t\t\t<\/div>\n\t\t","protected":false},"excerpt":{"rendered":"<p>Atualizado em: 11 de junho de 2025 Ap\u00f3s uma jornada colaborativa iniciada em 2019 com a cria\u00e7\u00e3o da Subcontroladoria de Governo Aberto, e que incluiu a an\u00e1lise de mais de 55.607 contribui\u00e7\u00f5es dos cidad\u00e3os em etapas anteriores, temos grandes marcos a celebrar. O 1\u00ba Plano de Governo Aberto do Estado de Goi\u00e1s, fundamentado nos eixos [&hellip;]<\/p>\n","protected":false},"author":18,"featured_media":0,"parent":34248,"menu_order":0,"comment_status":"closed","ping_status":"closed","template":"","meta":{"footnotes":""},"class_list":["post-60542","page","type-page","status-publish","hentry"],"rttpg_featured_image_url":null,"rttpg_author":{"display_name":"joaomsouza","author_link":"https:\/\/goias.gov.br\/controladoria\/author\/joaomsouza\/"},"rttpg_comment":0,"rttpg_category":null,"rttpg_excerpt":"Atualizado em: 11 de junho de 2025 Ap\u00f3s uma jornada colaborativa iniciada em 2019 com a cria\u00e7\u00e3o da Subcontroladoria de Governo Aberto, e que incluiu a an\u00e1lise de mais de 55.607 contribui\u00e7\u00f5es dos cidad\u00e3os em etapas anteriores, temos grandes marcos a celebrar. O 1\u00ba Plano de Governo Aberto do Estado de Goi\u00e1s, fundamentado nos eixos&hellip;","_links":{"self":[{"href":"https:\/\/goias.gov.br\/controladoria\/wp-json\/wp\/v2\/pages\/60542","targetHints":{"allow":["GET"]}}],"collection":[{"href":"https:\/\/goias.gov.br\/controladoria\/wp-json\/wp\/v2\/pages"}],"about":[{"href":"https:\/\/goias.gov.br\/controladoria\/wp-json\/wp\/v2\/types\/page"}],"author":[{"embeddable":true,"href":"https:\/\/goias.gov.br\/controladoria\/wp-json\/wp\/v2\/users\/18"}],"replies":[{"embeddable":true,"href":"https:\/\/goias.gov.br\/controladoria\/wp-json\/wp\/v2\/comments?post=60542"}],"version-history":[{"count":2,"href":"https:\/\/goias.gov.br\/controladoria\/wp-json\/wp\/v2\/pages\/60542\/revisions"}],"predecessor-version":[{"id":218754,"href":"https:\/\/goias.gov.br\/controladoria\/wp-json\/wp\/v2\/pages\/60542\/revisions\/218754"}],"up":[{"embeddable":true,"href":"https:\/\/goias.gov.br\/controladoria\/wp-json\/wp\/v2\/pages\/34248"}],"wp:attachment":[{"href":"https:\/\/goias.gov.br\/controladoria\/wp-json\/wp\/v2\/media?parent=60542"}],"curies":[{"name":"wp","href":"https:\/\/api.w.org\/{rel}","templated":true}]}}