

{"id":32651,"date":"2024-07-25T16:11:08","date_gmt":"2024-07-25T19:11:08","guid":{"rendered":"https:\/\/goias.gov.br\/controladoria\/?page_id=32651"},"modified":"2025-11-24T11:49:00","modified_gmt":"2025-11-24T14:49:00","slug":"especializacao-em-controle-interno","status":"publish","type":"page","link":"https:\/\/goias.gov.br\/controladoria\/especializacao-em-controle-interno\/","title":{"rendered":"UEG e CGE lan\u00e7am Especializa\u00e7\u00e3o em Controle Interno P\u00fablico"},"content":{"rendered":"\t\t<div data-elementor-type=\"wp-page\" data-elementor-id=\"32651\" class=\"elementor elementor-32651\">\n\t\t\t\t<div class=\"elementor-element elementor-element-493b1fa e-flex e-con-boxed e-con e-parent\" data-id=\"493b1fa\" data-element_type=\"container\" data-e-type=\"container\">\n\t\t\t\t\t<div class=\"e-con-inner\">\n\t\t\t\t<div class=\"elementor-element elementor-element-d63e88d elementor-widget elementor-widget-image\" data-id=\"d63e88d\" data-element_type=\"widget\" data-e-type=\"widget\" data-widget_type=\"image.default\">\n\t\t\t\t\t\t\t\t\t\t\t\t\t\t\t<img decoding=\"async\" src=\"https:\/\/goias.gov.br\/controladoria\/wp-content\/uploads\/sites\/31\/2024\/07\/Especializacao-em-Controle-Interno-Publico_Banner.jpg\" title=\"\" alt=\"\" loading=\"lazy\" \/>\t\t\t\t\t\t\t\t\t\t\t\t\t\t\t<\/div>\n\t\t\t\t\t<\/div>\n\t\t\t\t<\/div>\n\t\t<div class=\"elementor-element elementor-element-db639ed e-flex e-con-boxed e-con e-parent\" data-id=\"db639ed\" data-element_type=\"container\" data-e-type=\"container\">\n\t\t\t\t\t<div class=\"e-con-inner\">\n\t\t\t\t<div class=\"elementor-element elementor-element-877ea67 elementor-widget elementor-widget-text-editor\" data-id=\"877ea67\" data-element_type=\"widget\" data-e-type=\"widget\" data-widget_type=\"text-editor.default\">\n\t\t\t\t\t\t\t\t\t<p><span class=\"ui-provider a b c d e f g h i j k l m n o p q r s t u v w x y z ab ac ae af ag ah ai aj ak\" dir=\"ltr\">Foi aberta a Sele\u00e7\u00e3o Simplificada para recrutamento de 40 (quarenta) servidores e\/ou empregados p\u00fablicos para vagas no curso de Especializa\u00e7\u00e3o em Controle Interno P\u00fablico, ministrado pela Universidade Estadual de Goi\u00e1s em parceria com a Controladoria-Geral do Estado, com o objetivo de capacitar profissionais para atuar de forma eficiente e eficaz na gest\u00e3o e controle de recursos p\u00fablicos, utilizando t\u00e9cnicas de auditoria interna e boas pr\u00e1ticas de governan\u00e7a, visando a promo\u00e7\u00e3o da transpar\u00eancia, da \u00e9tica e da efetividade na gest\u00e3o p\u00fablica.<\/span><\/p>\t\t\t\t\t\t\t\t<\/div>\n\t\t\t\t\t<\/div>\n\t\t\t\t<\/div>\n\t\t<div class=\"elementor-element elementor-element-31372cc e-flex e-con-boxed e-con e-parent\" data-id=\"31372cc\" data-element_type=\"container\" data-e-type=\"container\">\n\t\t\t\t\t<div class=\"e-con-inner\">\n\t\t\t\t<div class=\"elementor-element elementor-element-74a2c12 elementor-widget elementor-widget-text-editor\" data-id=\"74a2c12\" data-element_type=\"widget\" data-e-type=\"widget\" data-widget_type=\"text-editor.default\">\n\t\t\t\t\t\t\t\t\t<p><strong><img decoding=\"async\" class=\"\" src=\"https:\/\/goias.gov.br\/controladoria\/wp-content\/uploads\/sites\/31\/2024\/07\/Documentos_Prancheta-1_Prancheta-1.png\" alt=\"Documentos\" width=\"36\" height=\"36\" \/> Documentos<\/strong><\/p>\t\t\t\t\t\t\t\t<\/div>\n\t\t\t\t\t<\/div>\n\t\t\t\t<\/div>\n\t\t<div class=\"elementor-element elementor-element-64bde1e e-flex e-con-boxed e-con e-parent\" data-id=\"64bde1e\" data-element_type=\"container\" data-e-type=\"container\">\n\t\t\t\t\t<div class=\"e-con-inner\">\n\t\t\t\t<div class=\"elementor-element elementor-element-2a51315 elementor-widget elementor-widget-text-editor\" data-id=\"2a51315\" data-element_type=\"widget\" data-e-type=\"widget\" data-widget_type=\"text-editor.default\">\n\t\t\t\t\t\t\t\t\t<ul><li><span class=\"ui-provider a b c d e f g h i j k l m n o p q r s t u v w x y z ab ac ae af ag ah ai aj ak\" dir=\"ltr\">Edital (<a href=\"https:\/\/goias.gov.br\/controladoria\/wp-content\/uploads\/sites\/31\/2024\/07\/Edital-de-Abertura-de-Processo-Seletivo.pdf\">Acesse aqui<\/a>)<\/span><\/li><li>Aviso Importante &#8211; Recursos, Impugna\u00e7\u00f5es e Orienta\u00e7\u00f5es (<a href=\"https:\/\/goias.gov.br\/controladoria\/wp-content\/uploads\/sites\/31\/2024\/07\/SEI_62919205_Aviso.pdf\">Acesse aqui<\/a>)<\/li><li>Resultado das solicita\u00e7\u00f5es de impugna\u00e7\u00e3o do edital (<a href=\"https:\/\/goias.gov.br\/controladoria\/wp-content\/uploads\/sites\/31\/2024\/07\/Resultado-Impugnacao-de-Edital.pdf\">Acesse aqui<\/a>)<\/li><li>Aviso de prorroga\u00e7\u00e3o do per\u00edodo de inscri\u00e7\u00e3o (<a href=\"https:\/\/goias.gov.br\/controladoria\/wp-content\/uploads\/sites\/31\/2024\/08\/SEI_63439209_Aviso.pdf\">Acesse aqui<\/a>)<\/li><li>Retifica\u00e7\u00e3o do Edital n\u00b0 003\/2024 &#8211; Especializa\u00e7\u00e3o em Controle Interno (<a href=\"https:\/\/goias.gov.br\/controladoria\/wp-content\/uploads\/sites\/31\/2024\/08\/Retificacao-do-Edital-no-003.2024-\u2013-Especializacao-em-Controle-Interno.pdf\">Acesse aqui<\/a>)<\/li><li>Resultado preliminar das inscri\u00e7\u00f5es deferidas (<a href=\"https:\/\/goias.gov.br\/controladoria\/wp-content\/uploads\/sites\/31\/2024\/09\/SEI_64386290_Resultado_Preliminar.pdf\">Acesse aqui<\/a>)<\/li><li>Retifica\u00e7\u00e3o de Cronograma (<a href=\"https:\/\/goias.gov.br\/controladoria\/wp-content\/uploads\/sites\/31\/2024\/09\/Retificacao-de-Cronograma.pdf\">Acesse aqui<\/a>)<\/li><li>Ata de Decis\u00e3o dos Recursos contra o Resultado Preliminar (<a href=\"https:\/\/goias.gov.br\/controladoria\/wp-content\/uploads\/sites\/31\/2024\/09\/Ata-de-Decisao-dos-Recursos-contra-o-Resultado-Preliminar.pdf\">Acesse aqui<\/a>)<\/li><li>Resultado definitivo das inscri\u00e7\u00f5es (<a href=\"https:\/\/goias.gov.br\/controladoria\/wp-content\/uploads\/sites\/31\/2024\/09\/Resultado-definitivo-das-inscricoes.pdf\">Acesse aqui<\/a>)<\/li><li>Resultado Preliminar da An\u00e1lise Curricular e do Memorial (<a href=\"https:\/\/goias.gov.br\/controladoria\/wp-content\/uploads\/sites\/31\/2024\/09\/Resultado-Preliminar-da-Analise-Curricular-e-do-Memorial-1.pdf\">Acesso aqui<\/a>)<\/li><li>Ata de decis\u00e3o dos recursos contra o resultado preliminar da an\u00e1lise curricular e do memorial (<a href=\"https:\/\/goias.gov.br\/controladoria\/wp-content\/uploads\/sites\/31\/2024\/09\/Ata-de-decisao-dos-recursos.pdf\">Acesse aqui<\/a>)<\/li><li>Resultado final (<a href=\"https:\/\/goias.gov.br\/controladoria\/wp-content\/uploads\/sites\/31\/2024\/09\/Resultado_Final.pdf\">Acesse aqui<\/a>)<\/li><\/ul>\t\t\t\t\t\t\t\t<\/div>\n\t\t\t\t\t<\/div>\n\t\t\t\t<\/div>\n\t\t\t\t<\/div>\n\t\t","protected":false},"excerpt":{"rendered":"<p>Foi aberta a Sele\u00e7\u00e3o Simplificada para recrutamento de 40 (quarenta) servidores e\/ou empregados p\u00fablicos para vagas no curso de Especializa\u00e7\u00e3o em Controle Interno P\u00fablico, ministrado pela Universidade Estadual de Goi\u00e1s em parceria com a Controladoria-Geral do Estado, com o objetivo de capacitar profissionais para atuar de forma eficiente e eficaz na gest\u00e3o e controle de [&hellip;]<\/p>\n","protected":false},"author":18,"featured_media":0,"parent":0,"menu_order":0,"comment_status":"closed","ping_status":"closed","template":"","meta":{"footnotes":""},"class_list":["post-32651","page","type-page","status-publish","hentry"],"rttpg_featured_image_url":null,"rttpg_author":{"display_name":"joaomsouza","author_link":"https:\/\/goias.gov.br\/controladoria\/author\/joaomsouza\/"},"rttpg_comment":0,"rttpg_category":null,"rttpg_excerpt":"Foi aberta a Sele\u00e7\u00e3o Simplificada para recrutamento de 40 (quarenta) servidores e\/ou empregados p\u00fablicos para vagas no curso de Especializa\u00e7\u00e3o em Controle Interno P\u00fablico, ministrado pela Universidade Estadual de Goi\u00e1s em parceria com a Controladoria-Geral do Estado, com o objetivo de capacitar profissionais para atuar de forma eficiente e eficaz na gest\u00e3o e controle de&hellip;","_links":{"self":[{"href":"https:\/\/goias.gov.br\/controladoria\/wp-json\/wp\/v2\/pages\/32651","targetHints":{"allow":["GET"]}}],"collection":[{"href":"https:\/\/goias.gov.br\/controladoria\/wp-json\/wp\/v2\/pages"}],"about":[{"href":"https:\/\/goias.gov.br\/controladoria\/wp-json\/wp\/v2\/types\/page"}],"author":[{"embeddable":true,"href":"https:\/\/goias.gov.br\/controladoria\/wp-json\/wp\/v2\/users\/18"}],"replies":[{"embeddable":true,"href":"https:\/\/goias.gov.br\/controladoria\/wp-json\/wp\/v2\/comments?post=32651"}],"version-history":[{"count":2,"href":"https:\/\/goias.gov.br\/controladoria\/wp-json\/wp\/v2\/pages\/32651\/revisions"}],"predecessor-version":[{"id":221549,"href":"https:\/\/goias.gov.br\/controladoria\/wp-json\/wp\/v2\/pages\/32651\/revisions\/221549"}],"wp:attachment":[{"href":"https:\/\/goias.gov.br\/controladoria\/wp-json\/wp\/v2\/media?parent=32651"}],"curies":[{"name":"wp","href":"https:\/\/api.w.org\/{rel}","templated":true}]}}