

{"id":254665,"date":"2026-04-01T11:42:10","date_gmt":"2026-04-01T14:42:10","guid":{"rendered":"https:\/\/goias.gov.br\/controladoria\/?page_id=254665"},"modified":"2026-04-06T09:55:51","modified_gmt":"2026-04-06T12:55:51","slug":"quem-participa","status":"publish","type":"page","link":"https:\/\/goias.gov.br\/controladoria\/pcm\/quem-participa\/","title":{"rendered":"Quem Participa"},"content":{"rendered":"\t\t<div data-elementor-type=\"wp-page\" data-elementor-id=\"254665\" class=\"elementor elementor-254665\">\n\t\t\t\t<div class=\"elementor-element elementor-element-208cf3a0 e-flex e-con-boxed e-con e-parent\" data-id=\"208cf3a0\" data-element_type=\"container\" data-e-type=\"container\" data-settings=\"{&quot;background_background&quot;:&quot;classic&quot;}\">\n\t\t\t\t\t<div class=\"e-con-inner\">\n\t\t<div class=\"elementor-element elementor-element-26ae55b6 e-con-full e-flex e-con e-child\" data-id=\"26ae55b6\" data-element_type=\"container\" data-e-type=\"container\" data-settings=\"{&quot;background_background&quot;:&quot;gradient&quot;}\">\n\t\t\t\t<div class=\"elementor-element elementor-element-225a0ecd elementor-widget elementor-widget-image\" data-id=\"225a0ecd\" data-element_type=\"widget\" data-e-type=\"widget\" data-widget_type=\"image.default\">\n\t\t\t\t\t\t\t\t\t\t\t\t\t\t\t\t<a href=\"https:\/\/goias.gov.br\/controladoria\/pcm\">\n\t\t\t\t\t\t\t<img fetchpriority=\"high\" decoding=\"async\" width=\"1024\" height=\"601\" src=\"https:\/\/goias.gov.br\/controladoria\/wp-content\/uploads\/sites\/31\/2026\/03\/Identidade-Visual-Final-com-fundo-verde-e-5-pontas-1024x601.png\" class=\"attachment-large size-large wp-image-253784\" alt=\"\" srcset=\"https:\/\/goias.gov.br\/controladoria\/wp-content\/uploads\/sites\/31\/2026\/03\/Identidade-Visual-Final-com-fundo-verde-e-5-pontas-1024x601.png 1024w, https:\/\/goias.gov.br\/controladoria\/wp-content\/uploads\/sites\/31\/2026\/03\/Identidade-Visual-Final-com-fundo-verde-e-5-pontas-300x176.png 300w, https:\/\/goias.gov.br\/controladoria\/wp-content\/uploads\/sites\/31\/2026\/03\/Identidade-Visual-Final-com-fundo-verde-e-5-pontas-768x451.png 768w, https:\/\/goias.gov.br\/controladoria\/wp-content\/uploads\/sites\/31\/2026\/03\/Identidade-Visual-Final-com-fundo-verde-e-5-pontas-1536x901.png 1536w, https:\/\/goias.gov.br\/controladoria\/wp-content\/uploads\/sites\/31\/2026\/03\/Identidade-Visual-Final-com-fundo-verde-e-5-pontas-2048x1202.png 2048w\" sizes=\"(max-width: 1024px) 100vw, 1024px\" \/>\t\t\t\t\t\t\t\t<\/a>\n\t\t\t\t\t\t\t\t\t\t\t\t\t\t\t<\/div>\n\t\t\t\t<\/div>\n\t\t<div class=\"elementor-element elementor-element-3c37e5ce e-con-full e-flex e-con e-child\" data-id=\"3c37e5ce\" data-element_type=\"container\" data-e-type=\"container\">\n\t\t\t\t<div class=\"elementor-element elementor-element-5da69a6 elementor-widget elementor-widget-button\" data-id=\"5da69a6\" data-element_type=\"widget\" data-e-type=\"widget\" data-widget_type=\"button.default\">\n\t\t\t\t\t\t\t\t\t\t<a class=\"elementor-button elementor-button-link elementor-size-sm\" href=\"https:\/\/goias.gov.br\/controladoria\/pcm\/edital-e-documentos\/\">\n\t\t\t\t\t\t<span class=\"elementor-button-content-wrapper\">\n\t\t\t\t\t\t\t\t\t<span class=\"elementor-button-text\">EDITAL E DOCUMENTOS<\/span>\n\t\t\t\t\t<\/span>\n\t\t\t\t\t<\/a>\n\t\t\t\t\t\t\t\t<\/div>\n\t\t\t\t<div class=\"elementor-element elementor-element-180e4ea8 elementor-widget elementor-widget-button\" data-id=\"180e4ea8\" data-element_type=\"widget\" data-e-type=\"widget\" data-widget_type=\"button.default\">\n\t\t\t\t\t\t\t\t\t\t<a class=\"elementor-button elementor-button-link elementor-size-sm\" href=\"https:\/\/goias.gov.br\/controladoria\/pcm\/cronograma-2026\/\">\n\t\t\t\t\t\t<span class=\"elementor-button-content-wrapper\">\n\t\t\t\t\t\t\t\t\t<span class=\"elementor-button-text\">CRONOGRAMA<\/span>\n\t\t\t\t\t<\/span>\n\t\t\t\t\t<\/a>\n\t\t\t\t\t\t\t\t<\/div>\n\t\t\t\t<div class=\"elementor-element elementor-element-4f015955 elementor-widget elementor-widget-button\" data-id=\"4f015955\" data-element_type=\"widget\" data-e-type=\"widget\" data-widget_type=\"button.default\">\n\t\t\t\t\t\t\t\t\t\t<a class=\"elementor-button elementor-button-link elementor-size-sm\" href=\"https:\/\/goias.gov.br\/controladoria\/pcm\/plataformas\/\">\n\t\t\t\t\t\t<span class=\"elementor-button-content-wrapper\">\n\t\t\t\t\t\t\t\t\t<span class=\"elementor-button-text\">PLATAFORMAS<\/span>\n\t\t\t\t\t<\/span>\n\t\t\t\t\t<\/a>\n\t\t\t\t\t\t\t\t<\/div>\n\t\t\t\t<div class=\"elementor-element elementor-element-4d9ad789 elementor-widget elementor-widget-button\" data-id=\"4d9ad789\" data-element_type=\"widget\" data-e-type=\"widget\" data-widget_type=\"button.default\">\n\t\t\t\t\t\t\t\t\t\t<a class=\"elementor-button elementor-button-link elementor-size-sm\" href=\"https:\/\/goias.gov.br\/controladoria\/pcm\/a-equipe\/\">\n\t\t\t\t\t\t<span class=\"elementor-button-content-wrapper\">\n\t\t\t\t\t\t\t\t\t<span class=\"elementor-button-text\">A EQUIPE<\/span>\n\t\t\t\t\t<\/span>\n\t\t\t\t\t<\/a>\n\t\t\t\t\t\t\t\t<\/div>\n\t\t\t\t<div class=\"elementor-element elementor-element-560a4797 elementor-widget elementor-widget-button\" data-id=\"560a4797\" data-element_type=\"widget\" data-e-type=\"widget\" data-widget_type=\"button.default\">\n\t\t\t\t\t\t\t\t\t\t<a class=\"elementor-button elementor-button-link elementor-size-sm\" href=\"https:\/\/goias.gov.br\/controladoria\/pcm\/fale-conosco\/\">\n\t\t\t\t\t\t<span class=\"elementor-button-content-wrapper\">\n\t\t\t\t\t\t\t\t\t<span class=\"elementor-button-text\">FALE CONOSCO<\/span>\n\t\t\t\t\t<\/span>\n\t\t\t\t\t<\/a>\n\t\t\t\t\t\t\t\t<\/div>\n\t\t\t\t<\/div>\n\t\t\t\t\t<\/div>\n\t\t\t\t<\/div>\n\t\t<div class=\"elementor-element elementor-element-7f5ff976 e-flex e-con-boxed e-con e-parent\" data-id=\"7f5ff976\" data-element_type=\"container\" data-e-type=\"container\">\n\t\t\t\t\t<div class=\"e-con-inner\">\n\t\t<div class=\"elementor-element elementor-element-50cfeebb e-con-full e-flex e-con e-child\" data-id=\"50cfeebb\" data-element_type=\"container\" data-e-type=\"container\">\n\t\t\t\t<div class=\"elementor-element elementor-element-326f88c8 elementor-align-center elementor-widget elementor-widget-button\" data-id=\"326f88c8\" data-element_type=\"widget\" data-e-type=\"widget\" data-widget_type=\"button.default\">\n\t\t\t\t\t\t\t\t\t\t<a class=\"elementor-button elementor-button-link elementor-size-sm\" href=\"https:\/\/goias.gov.br\/controladoria\/pcm\/\">\n\t\t\t\t\t\t<span class=\"elementor-button-content-wrapper\">\n\t\t\t\t\t\t\t\t\t<span class=\"elementor-button-text\">O QUE \u00c9 <\/span>\n\t\t\t\t\t<\/span>\n\t\t\t\t\t<\/a>\n\t\t\t\t\t\t\t\t<\/div>\n\t\t\t\t<div class=\"elementor-element elementor-element-4090f1b0 elementor-align-center elementor-widget elementor-widget-button\" data-id=\"4090f1b0\" data-element_type=\"widget\" data-e-type=\"widget\" data-widget_type=\"button.default\">\n\t\t\t\t\t\t\t\t\t\t<a class=\"elementor-button elementor-button-link elementor-size-sm\" href=\"https:\/\/goias.gov.br\/controladoria\/pcm\/quem-participa\/\">\n\t\t\t\t\t\t<span class=\"elementor-button-content-wrapper\">\n\t\t\t\t\t\t\t\t\t<span class=\"elementor-button-text\">QUEM PARTICIPA<\/span>\n\t\t\t\t\t<\/span>\n\t\t\t\t\t<\/a>\n\t\t\t\t\t\t\t\t<\/div>\n\t\t\t\t<div class=\"elementor-element elementor-element-2f986c35 elementor-align-center elementor-widget elementor-widget-button\" data-id=\"2f986c35\" data-element_type=\"widget\" data-e-type=\"widget\" data-widget_type=\"button.default\">\n\t\t\t\t\t\t\t\t\t\t<a class=\"elementor-button elementor-button-link elementor-size-sm\" href=\"https:\/\/goias.gov.br\/controladoria\/pcm\/edicoes-anteriores\/\">\n\t\t\t\t\t\t<span class=\"elementor-button-content-wrapper\">\n\t\t\t\t\t\t\t\t\t<span class=\"elementor-button-text\">EDI\u00c7\u00d5ES ANTERIORES<\/span>\n\t\t\t\t\t<\/span>\n\t\t\t\t\t<\/a>\n\t\t\t\t\t\t\t\t<\/div>\n\t\t\t\t<div class=\"elementor-element elementor-element-6fbeed1 elementor-align-center elementor-widget elementor-widget-button\" data-id=\"6fbeed1\" data-element_type=\"widget\" data-e-type=\"widget\" data-widget_type=\"button.default\">\n\t\t\t\t\t\t\t\t\t\t<a class=\"elementor-button elementor-button-link elementor-size-sm\" href=\"https:\/\/goias.gov.br\/controladoria\/pcm\/e-books\/\">\n\t\t\t\t\t\t<span class=\"elementor-button-content-wrapper\">\n\t\t\t\t\t\t\t\t\t<span class=\"elementor-button-text\">E-BOOKS<\/span>\n\t\t\t\t\t<\/span>\n\t\t\t\t\t<\/a>\n\t\t\t\t\t\t\t\t<\/div>\n\t\t\t\t<\/div>\n\t\t\t\t\t<\/div>\n\t\t\t\t<\/div>\n\t\t<div class=\"elementor-element elementor-element-45544d9 e-flex e-con-boxed e-con e-parent\" data-id=\"45544d9\" data-element_type=\"container\" data-e-type=\"container\">\n\t\t\t\t\t<div class=\"e-con-inner\">\n\t\t\t\t<div class=\"elementor-element elementor-element-5a32bf4 elementor-widget elementor-widget-text-editor\" data-id=\"5a32bf4\" data-element_type=\"widget\" data-e-type=\"widget\" data-widget_type=\"text-editor.default\">\n\t\t\t\t\t\t\t\t\t<p><span style=\"font-size: 18pt;\"><strong>QUEM PARTICIPA<\/strong><\/span><\/p>\t\t\t\t\t\t\t\t<\/div>\n\t\t\t\t\t<\/div>\n\t\t\t\t<\/div>\n\t\t<div class=\"elementor-element elementor-element-6553fbc e-flex e-con-boxed e-con e-parent\" data-id=\"6553fbc\" data-element_type=\"container\" data-e-type=\"container\">\n\t\t\t\t\t<div class=\"e-con-inner\">\n\t\t\t\t<div class=\"elementor-element elementor-element-241a5029 elementor-widget elementor-widget-text-editor\" data-id=\"241a5029\" data-element_type=\"widget\" data-e-type=\"widget\" data-widget_type=\"text-editor.default\">\n\t\t\t\t\t\t\t\t\t<p class=\"cvGsUA direction-ltr align-justify para-style-body\"><span class=\"a_GcMg font-feature-liga-off font-feature-clig-off font-feature-calt-off text-decoration-none text-strikethrough-none\">Os munic\u00edpios s\u00e3o protagonistas no Programa de Compliance Municipal (PCM) e desempenham um papel essencial no <strong>fortalecimento da gest\u00e3o p\u00fablica em Goi\u00e1s<\/strong>. \u00c9 no \u00e2mbito municipal que as pol\u00edticas de integridade, transpar\u00eancia e governan\u00e7a ganham forma e impactam diretamente a vida do cidad\u00e3o.<\/span><\/p><p class=\"cvGsUA direction-ltr align-justify para-style-body\"><span class=\"a_GcMg font-feature-liga-off font-feature-clig-off font-feature-calt-off text-decoration-none text-strikethrough-none\">Ao integrar o PCM, os munic\u00edpios reafirmam seu compromisso com boas pr\u00e1ticas administrativas, com a \u00e9tica na gest\u00e3o e com a melhoria cont\u00ednua dos servi\u00e7os p\u00fablicos. <strong>Cada a\u00e7\u00e3o implementada contribui para o fortalecimento institucional do Estado de Goi\u00e1s, promovendo uma administra\u00e7\u00e3o p\u00fablica mais eficiente, respons\u00e1vel e confi\u00e1vel<\/strong>.<\/span><\/p><p class=\"cvGsUA direction-ltr align-justify para-style-body\"><span class=\"a_GcMg font-feature-liga-off font-feature-clig-off font-feature-calt-off text-decoration-none text-strikethrough-none\"><strong>A participa\u00e7\u00e3o municipal no PCM fortalece a coopera\u00e7\u00e3o entre Estado e munic\u00edpios, estimula a troca de experi\u00eancias e valoriza o trabalho das equipes locais.<\/strong> Esse engajamento conjunto consolida Goi\u00e1s como refer\u00eancia nacional em compliance p\u00fablico, evidenciando que o desenvolvimento do Estado passa, necessariamente, pelo fortalecimento integral de todos os maios pulicos em seu guarda-chuva.<\/span><\/p>\t\t\t\t\t\t\t\t<\/div>\n\t\t\t\t\t<\/div>\n\t\t\t\t<\/div>\n\t\t<div class=\"elementor-element elementor-element-da2fca9 e-flex e-con-boxed e-con e-parent\" data-id=\"da2fca9\" data-element_type=\"container\" data-e-type=\"container\">\n\t\t\t\t\t<div class=\"e-con-inner\">\n\t\t\t\t<div class=\"elementor-element elementor-element-3374b49 animated-slow elementor-invisible elementor-widget elementor-widget-image\" data-id=\"3374b49\" data-element_type=\"widget\" data-e-type=\"widget\" data-settings=\"{&quot;_animation&quot;:&quot;fadeIn&quot;}\" data-widget_type=\"image.default\">\n\t\t\t\t\t\t\t\t\t\t\t\t\t\t\t<img decoding=\"async\" width=\"744\" height=\"604\" src=\"https:\/\/goias.gov.br\/controladoria\/wp-content\/uploads\/sites\/31\/2026\/03\/Mapa-PCM-2025.png\" class=\"attachment-large size-large wp-image-254820\" alt=\"\" srcset=\"https:\/\/goias.gov.br\/controladoria\/wp-content\/uploads\/sites\/31\/2026\/03\/Mapa-PCM-2025.png 744w, https:\/\/goias.gov.br\/controladoria\/wp-content\/uploads\/sites\/31\/2026\/03\/Mapa-PCM-2025-300x244.png 300w\" sizes=\"(max-width: 744px) 100vw, 744px\" \/>\t\t\t\t\t\t\t\t\t\t\t\t\t\t\t<\/div>\n\t\t\t\t\t<\/div>\n\t\t\t\t<\/div>\n\t\t<div class=\"elementor-element elementor-element-dcb4afd e-flex e-con-boxed e-con e-parent\" data-id=\"dcb4afd\" data-element_type=\"container\" data-e-type=\"container\">\n\t\t\t\t\t<div class=\"e-con-inner\">\n\t\t\t\t<div class=\"elementor-element elementor-element-2716ab8 elementor-widget__width-initial elementor-widget elementor-widget-shortcode\" data-id=\"2716ab8\" data-element_type=\"widget\" data-e-type=\"widget\" data-widget_type=\"shortcode.default\">\n\t\t\t\t\t\t\t<div class=\"elementor-shortcode\"><div class=\"contador-wrapper\" id=\"contador-90-corrigido\">\n  <div class=\"contador-texto gradient-final\">\n    <span class=\"prefixo\">+<\/span><span id=\"numero-90\">0<\/span><span id=\"sufixo-90\" class=\"escondido\">%<\/span>\n  <\/div>\n<\/div>\n\n<style>\n  .contador-wrapper {\n    display: flex;\n    justify-content: center;\n    align-items: center;\n    padding: 40px; \/* Aumentado para garantir espa\u00e7o *\/\n    opacity: 0; \n    transition: opacity 0.8s ease-out;\n  }\n\n  .contador-wrapper.ativo {\n    opacity: 1;\n  }\n\n  .contador-texto {\n    font-size: 150px;\n    font-family: 'Arial Black', sans-serif;\n    font-weight: 900;\n    display: flex; \/* Flex ajuda a alinhar os elementos sem cortar *\/\n    align-items: center;\n    line-height: 1.2; \/* Aumentado para n\u00e3o cortar o topo\/fundo *\/\n    letter-spacing: -2px;\n    padding: 10px; \/* Margem de seguran\u00e7a interna *\/\n  }\n\n  .gradient-final {\n    background: linear-gradient(135deg, #f5bc47 0%, #f3c216 100%);\n    -webkit-background-clip: text;\n    background-clip: text;\n    color: transparent;\n    -webkit-text-fill-color: transparent;\n    \/* Adicionado para evitar cortes em alguns navegadores *\/\n    display: inline-block; \n  }\n\n  .escondido {\n    display: none;\n  }\n\n  .prefixo {\n    margin-right: 5px;\n  }\n\n  \/* O pulo do gato: o s\u00edmbolo de % precisa de um leve espa\u00e7o \u00e0 esquerda *\/\n  #sufixo-90 {\n    margin-left: 5px;\n    padding-right: 10px; \/* Espa\u00e7o extra \u00e0 direita para o arco do % *\/\n  }\n\n  @media (max-width: 768px) {\n    .contador-texto {\n      font-size: 80px;\n    }\n  }\n<\/style>\n\n<script>\n  (function() {\n    const wrapper = document.getElementById('contador-90-corrigido');\n    const display = document.getElementById('numero-90');\n    const sufixo = document.getElementById('sufixo-90');\n    let animado = false;\n\n    const iniciar = () => {\n      let atual = 0;\n      const alvo = 90;\n      const tempo = 2000;\n      const inicio = performance.now();\n\n      const animar = (agora) => {\n        const decorrido = agora - inicio;\n        const progresso = Math.min(decorrido \/ tempo, 1);\n        const suave = 1 - Math.pow(1 - progresso, 3);\n        \n        atual = Math.floor(suave * alvo);\n        display.textContent = atual;\n\n        if (progresso < 1) {\n          requestAnimationFrame(animar);\n        } else {\n          display.textContent = alvo;\n          sufixo.classList.remove('escondido');\n          animado = true;\n        }\n      };\n      requestAnimationFrame(animar);\n    };\n\n    const checar = () => {\n      if (animado) return;\n      const r = wrapper.getBoundingClientRect();\n      if (r.top < window.innerHeight * 0.85) {\n        wrapper.classList.add('ativo');\n        iniciar();\n      }\n    };\n\n    window.addEventListener('scroll', checar);\n    window.addEventListener('load', checar);\n    checar();\n  })();\n<\/script><\/div>\n\t\t\t\t\t\t<\/div>\n\t\t\t\t<div class=\"elementor-element elementor-element-24b76cf elementor-widget elementor-widget-text-editor\" data-id=\"24b76cf\" data-element_type=\"widget\" data-e-type=\"widget\" data-widget_type=\"text-editor.default\">\n\t\t\t\t\t\t\t\t\t<p style=\"text-align: left;\"><span style=\"font-size: 36pt;\"><strong><span class=\"a_GcMg font-feature-liga-off font-feature-clig-off font-feature-calt-off text-decoration-none text-strikethrough-none\">DA POPULA\u00c7\u00c3O DE GOI\u00c1S FOI IMPACTADA PELO PCM<\/span><\/strong><\/span><\/p>\t\t\t\t\t\t\t\t<\/div>\n\t\t\t\t\t<\/div>\n\t\t\t\t<\/div>\n\t\t<div class=\"elementor-element elementor-element-924895a e-flex e-con-boxed e-con e-parent\" data-id=\"924895a\" data-element_type=\"container\" data-e-type=\"container\">\n\t\t\t\t\t<div class=\"e-con-inner\">\n\t\t\t\t<div class=\"elementor-element elementor-element-d8f3b2e elementor-widget elementor-widget-text-editor\" data-id=\"d8f3b2e\" data-element_type=\"widget\" data-e-type=\"widget\" data-widget_type=\"text-editor.default\">\n\t\t\t\t\t\t\t\t\t<p class=\"cvGsUA direction-ltr align-justify para-style-body\"><span class=\"a_GcMg font-feature-liga-off font-feature-clig-off font-feature-calt-off text-decoration-none text-strikethrough-none\" style=\"caret-color: #ffffff; --ys-xuq: none; font-kerning: none;\">Com base na participa\u00e7\u00e3o dos munic\u00edpios goianos no Programa de Compliance P\u00fablico Municipal (PCM), estima-se que cerca de 90% da popula\u00e7\u00e3o do estado j\u00e1 tenha sido impactada por seus resultados. A implementa\u00e7\u00e3o de boas pr\u00e1ticas de governan\u00e7a, \u00e9tica e governo aberto reflete-se diretamente no fortalecimento institucional e no crescimento que o Estado de Goi\u00e1s vem apresentando nos \u00faltimos anos.<\/span><\/p>\t\t\t\t\t\t\t\t<\/div>\n\t\t\t\t\t<\/div>\n\t\t\t\t<\/div>\n\t\t<div class=\"elementor-element elementor-element-1611cf3 e-flex e-con-boxed e-con e-parent\" data-id=\"1611cf3\" data-element_type=\"container\" data-e-type=\"container\">\n\t\t\t\t\t<div class=\"e-con-inner\">\n\t\t<div class=\"elementor-element elementor-element-d95d324 e-con-full e-flex e-con e-child\" data-id=\"d95d324\" data-element_type=\"container\" data-e-type=\"container\">\n\t\t\t\t<div class=\"elementor-element elementor-element-8ca7591 elementor-widget__width-initial elementor-widget elementor-widget-shortcode\" data-id=\"8ca7591\" data-element_type=\"widget\" data-e-type=\"widget\" data-widget_type=\"shortcode.default\">\n\t\t\t\t\t\t\t<div class=\"elementor-shortcode\"><div class=\"contador-wrapper\" id=\"contador-seis-mil\">\n  <div class=\"contador-texto gradient-6k\">\n    <span class=\"prefixo\">+<\/span><span id=\"numero-6k\">0<\/span>\n  <\/div>\n<\/div>\n\n<style>\n  @import url('https:\/\/fonts.googleapis.com\/css2?family=Montserrat:wght@900&display=swap');\n\n  .contador-wrapper {\n    display: flex;\n    justify-content: center;\n    align-items: center;\n    padding: 60px 0;\n    opacity: 0; \n    transition: opacity 0.8s ease-in-out;\n  }\n\n  .contador-wrapper.ativo {\n    opacity: 1;\n  }\n\n  .contador-texto {\n    font-size: 150px; \/* Tamanho imponente *\/\n    font-family: 'Montserrat', 'Arial Black', sans-serif;\n    font-weight: 900;\n    display: inline-flex;\n    align-items: center;\n    line-height: 0.8;\n    letter-spacing: -5px; \/* Est\u00e9tica de design moderno *\/\n  }\n\n  \/* Gradiente solicitado entre #f5bc47 e #f3c216 *\/\n  .gradient-6k {\n    background: linear-gradient(135deg, #f5bc47 10%, #f3c216 90%);\n    -webkit-background-clip: text;\n    background-clip: text;\n    color: transparent;\n    -webkit-text-fill-color: transparent;\n    \/* Sombra leve para destacar o dourado *\/\n    filter: drop-shadow(0px 10px 20px rgba(0,0,0,0.12));\n  }\n\n  .prefixo {\n    margin-right: 5px;\n  }\n\n  \/* Ajuste para dispositivos m\u00f3veis *\/\n  @media (max-width: 768px) {\n    .contador-texto {\n      font-size: 85px;\n      letter-spacing: -2px;\n    }\n  }\n<\/style>\n\n<script>\n  (function() {\n    const wrapper = document.getElementById('contador-seis-mil');\n    const display = document.getElementById('numero-6k');\n    let animado = false;\n\n    \/\/ Fun\u00e7\u00e3o para formatar n\u00famero com ponto (Padr\u00e3o BR: 6.000)\n    const formatarBR = (num) => {\n      return num.toString().replace(\/\\B(?=(\\d{3})+(?!\\d))\/g, \".\");\n    };\n\n    const iniciarAnimacao = () => {\n      let valorInicial = 0;\n      const valorFinal = 6000;\n      const duracao = 2500; \/\/ 2.5 segundos para ver os n\u00fameros subindo\n      const tempoInicio = performance.now();\n\n      const animar = (tempoAtual) => {\n        const tempoDecorrido = tempoAtual - tempoInicio;\n        const progresso = Math.min(tempoDecorrido \/ duracao, 1);\n\n        \/\/ Ease-out cubic: come\u00e7a r\u00e1pido e desacelera suavemente no final\n        const progressoSuave = 1 - Math.pow(1 - progresso, 3);\n        const valorAtual = Math.floor(progressoSuave * valorFinal);\n        \n        display.textContent = formatarBR(valorAtual);\n\n        if (progresso < 1) {\n          requestAnimationFrame(animar);\n        } else {\n          display.textContent = formatarBR(valorFinal);\n          animado = true;\n        }\n      };\n\n      requestAnimationFrame(animar);\n    };\n\n    const verificarScroll = () => {\n      if (animado) return;\n      const rect = wrapper.getBoundingClientRect();\n      if (rect.top < window.innerHeight * 0.85) {\n        wrapper.classList.add('ativo');\n        iniciarAnimacao();\n      }\n    };\n\n    window.addEventListener('scroll', verificarScroll);\n    window.addEventListener('load', verificarScroll);\n    verificarScroll();\n  })();\n<\/script><\/div>\n\t\t\t\t\t\t<\/div>\n\t\t\t\t<div class=\"elementor-element elementor-element-8007023 elementor-widget elementor-widget-text-editor\" data-id=\"8007023\" data-element_type=\"widget\" data-e-type=\"widget\" data-widget_type=\"text-editor.default\">\n\t\t\t\t\t\t\t\t\t<p style=\"text-align: left;\"><span style=\"font-size: 36pt;\"><strong><span class=\"a_GcMg font-feature-liga-off font-feature-clig-off font-feature-calt-off text-decoration-none text-strikethrough-none\">SERVIDORES<br \/>CAPACITADOS <br \/>PELO PCM<\/span><\/strong><\/span><\/p>\t\t\t\t\t\t\t\t<\/div>\n\t\t\t\t<\/div>\n\t\t\t\t\t<\/div>\n\t\t\t\t<\/div>\n\t\t<div class=\"elementor-element elementor-element-e05a3ba e-flex e-con-boxed e-con e-parent\" data-id=\"e05a3ba\" data-element_type=\"container\" data-e-type=\"container\">\n\t\t\t\t\t<div class=\"e-con-inner\">\n\t\t\t\t<div class=\"elementor-element elementor-element-6ac5588 elementor-widget elementor-widget-text-editor\" data-id=\"6ac5588\" data-element_type=\"widget\" data-e-type=\"widget\" data-widget_type=\"text-editor.default\">\n\t\t\t\t\t\t\t\t\t<p class=\"cvGsUA direction-ltr align-justify para-style-body\"><span class=\"a_GcMg font-feature-liga-off font-feature-clig-off font-feature-calt-off text-decoration-none text-strikethrough-none\">Ao longo das edi\u00e7\u00f5es do Programa de Compliance P\u00fablico Municipal (PCM), mais de 6 mil servidores p\u00fablicos foram capacitados para a atua\u00e7\u00e3o em \u00e9tica, governo aberto (transpar\u00eancia e ouvidoria) e governan\u00e7a (gest\u00e3o de riscos). A capacita\u00e7\u00e3o fortalece as compet\u00eancias institucionais das administra\u00e7\u00f5es municipais, contribuindo diretamente para a melhoria da execu\u00e7\u00e3o das pol\u00edticas p\u00fablicas, para o aprimoramento dos processos administrativos e para a oferta de servi\u00e7os mais eficientes, \u00edntegros e alinhados \u00e0s boas pr\u00e1ticas da gest\u00e3o p\u00fablica.<\/span><\/p>\t\t\t\t\t\t\t\t<\/div>\n\t\t\t\t\t<\/div>\n\t\t\t\t<\/div>\n\t\t<div class=\"elementor-element elementor-element-77fdc1b7 e-flex e-con-boxed e-con e-parent\" data-id=\"77fdc1b7\" data-element_type=\"container\" data-e-type=\"container\" data-settings=\"{&quot;background_background&quot;:&quot;classic&quot;}\">\n\t\t\t\t\t<div class=\"e-con-inner\">\n\t\t\t\t<div class=\"elementor-element elementor-element-431cbbae elementor-widget elementor-widget-image\" data-id=\"431cbbae\" data-element_type=\"widget\" data-e-type=\"widget\" data-widget_type=\"image.default\">\n\t\t\t\t\t\t\t\t\t\t\t\t\t\t\t<img decoding=\"async\" width=\"1024\" height=\"145\" src=\"https:\/\/goias.gov.br\/controladoria\/wp-content\/uploads\/sites\/31\/2026\/03\/Site-CGE-PCM-2026-1024x145.png\" class=\"attachment-large size-large wp-image-254436\" alt=\"\" srcset=\"https:\/\/goias.gov.br\/controladoria\/wp-content\/uploads\/sites\/31\/2026\/03\/Site-CGE-PCM-2026-1024x145.png 1024w, https:\/\/goias.gov.br\/controladoria\/wp-content\/uploads\/sites\/31\/2026\/03\/Site-CGE-PCM-2026-300x43.png 300w, https:\/\/goias.gov.br\/controladoria\/wp-content\/uploads\/sites\/31\/2026\/03\/Site-CGE-PCM-2026-768x109.png 768w, https:\/\/goias.gov.br\/controladoria\/wp-content\/uploads\/sites\/31\/2026\/03\/Site-CGE-PCM-2026.png 1100w\" sizes=\"(max-width: 1024px) 100vw, 1024px\" \/>\t\t\t\t\t\t\t\t\t\t\t\t\t\t\t<\/div>\n\t\t\t\t\t<\/div>\n\t\t\t\t<\/div>\n\t\t\t\t<\/div>\n\t\t","protected":false},"excerpt":{"rendered":"<p>EDITAL E DOCUMENTOS CRONOGRAMA PLATAFORMAS A EQUIPE FALE CONOSCO O QUE \u00c9 QUEM PARTICIPA EDI\u00c7\u00d5ES ANTERIORES E-BOOKS QUEM PARTICIPA Os munic\u00edpios s\u00e3o protagonistas no Programa de Compliance Municipal (PCM) e desempenham um papel essencial no fortalecimento da gest\u00e3o p\u00fablica em Goi\u00e1s. \u00c9 no \u00e2mbito municipal que as pol\u00edticas de integridade, transpar\u00eancia e governan\u00e7a ganham forma [&hellip;]<\/p>\n","protected":false},"author":657,"featured_media":0,"parent":19157,"menu_order":0,"comment_status":"closed","ping_status":"closed","template":"elementor_header_footer","meta":{"footnotes":""},"class_list":["post-254665","page","type-page","status-publish","hentry"],"rttpg_featured_image_url":null,"rttpg_author":{"display_name":"anamorais","author_link":"https:\/\/goias.gov.br\/controladoria\/author\/anamorais\/"},"rttpg_comment":0,"rttpg_category":null,"rttpg_excerpt":"EDITAL E DOCUMENTOS CRONOGRAMA PLATAFORMAS A EQUIPE FALE CONOSCO O QUE \u00c9 QUEM PARTICIPA EDI\u00c7\u00d5ES ANTERIORES E-BOOKS QUEM PARTICIPA Os munic\u00edpios s\u00e3o protagonistas no Programa de Compliance Municipal (PCM) e desempenham um papel essencial no fortalecimento da gest\u00e3o p\u00fablica em Goi\u00e1s. \u00c9 no \u00e2mbito municipal que as pol\u00edticas de integridade, transpar\u00eancia e governan\u00e7a ganham forma&hellip;","_links":{"self":[{"href":"https:\/\/goias.gov.br\/controladoria\/wp-json\/wp\/v2\/pages\/254665","targetHints":{"allow":["GET"]}}],"collection":[{"href":"https:\/\/goias.gov.br\/controladoria\/wp-json\/wp\/v2\/pages"}],"about":[{"href":"https:\/\/goias.gov.br\/controladoria\/wp-json\/wp\/v2\/types\/page"}],"author":[{"embeddable":true,"href":"https:\/\/goias.gov.br\/controladoria\/wp-json\/wp\/v2\/users\/657"}],"replies":[{"embeddable":true,"href":"https:\/\/goias.gov.br\/controladoria\/wp-json\/wp\/v2\/comments?post=254665"}],"version-history":[{"count":2,"href":"https:\/\/goias.gov.br\/controladoria\/wp-json\/wp\/v2\/pages\/254665\/revisions"}],"predecessor-version":[{"id":270072,"href":"https:\/\/goias.gov.br\/controladoria\/wp-json\/wp\/v2\/pages\/254665\/revisions\/270072"}],"up":[{"embeddable":true,"href":"https:\/\/goias.gov.br\/controladoria\/wp-json\/wp\/v2\/pages\/19157"}],"wp:attachment":[{"href":"https:\/\/goias.gov.br\/controladoria\/wp-json\/wp\/v2\/media?parent=254665"}],"curies":[{"name":"wp","href":"https:\/\/api.w.org\/{rel}","templated":true}]}}