

{"id":214464,"date":"2025-11-11T14:37:19","date_gmt":"2025-11-11T17:37:19","guid":{"rendered":"https:\/\/goias.gov.br\/controladoria\/?page_id=214464"},"modified":"2025-12-05T09:07:41","modified_gmt":"2025-12-05T12:07:41","slug":"a-agenda-de-governo-aberto-em-goias","status":"publish","type":"page","link":"https:\/\/goias.gov.br\/controladoria\/a-agenda-de-governo-aberto-em-goias\/","title":{"rendered":"A Agenda de Governo Aberto em Goi\u00e1s: Avan\u00e7os, Desafios e Perspectivas"},"content":{"rendered":"\t\t<div data-elementor-type=\"wp-page\" data-elementor-id=\"214464\" class=\"elementor elementor-214464\">\n\t\t\t\t<div class=\"elementor-element elementor-element-3dae7a1f e-flex e-con-boxed e-con e-parent\" data-id=\"3dae7a1f\" data-element_type=\"container\" data-e-type=\"container\" data-settings=\"{&quot;background_background&quot;:&quot;classic&quot;}\">\n\t\t\t\t\t<div class=\"e-con-inner\">\n\t\t\t\t<div class=\"elementor-element elementor-element-2a70867 elementor-widget elementor-widget-button\" data-id=\"2a70867\" data-element_type=\"widget\" data-e-type=\"widget\" data-widget_type=\"button.default\">\n\t\t\t\t\t\t\t\t\t\t<a class=\"elementor-button elementor-button-link elementor-size-sm\" href=\"\/controladoria\/a-agenda-de-governo-aberto-em-goias\/#sobre-section\">\n\t\t\t\t\t\t<span class=\"elementor-button-content-wrapper\">\n\t\t\t\t\t\t\t\t\t<span class=\"elementor-button-text\">SOBRE<\/span>\n\t\t\t\t\t<\/span>\n\t\t\t\t\t<\/a>\n\t\t\t\t\t\t\t\t<\/div>\n\t\t\t\t<div class=\"elementor-element elementor-element-7bf448f6 elementor-widget elementor-widget-button\" data-id=\"7bf448f6\" data-element_type=\"widget\" data-e-type=\"widget\" data-widget_type=\"button.default\">\n\t\t\t\t\t\t\t\t\t\t<a class=\"elementor-button elementor-button-link elementor-size-sm\" href=\"\/controladoria\/a-agenda-de-governo-aberto-em-goias\/#programacao-section\">\n\t\t\t\t\t\t<span class=\"elementor-button-content-wrapper\">\n\t\t\t\t\t\t\t\t\t<span class=\"elementor-button-text\">PROGRAMA\u00c7\u00c3O<\/span>\n\t\t\t\t\t<\/span>\n\t\t\t\t\t<\/a>\n\t\t\t\t\t\t\t\t<\/div>\n\t\t\t\t<div class=\"elementor-element elementor-element-1edc9d32 elementor-widget elementor-widget-button\" data-id=\"1edc9d32\" data-element_type=\"widget\" data-e-type=\"widget\" data-widget_type=\"button.default\">\n\t\t\t\t\t\t\t\t\t\t<a class=\"elementor-button elementor-button-link elementor-size-sm\" href=\"https:\/\/app.controladoria.go.gov.br\/ouvidoria\/AgendaDeOuvidoria\/index.php\" target=\"_blank\">\n\t\t\t\t\t\t<span class=\"elementor-button-content-wrapper\">\n\t\t\t\t\t\t\t\t\t<span class=\"elementor-button-text\">INSCRI\u00c7\u00d5ES<\/span>\n\t\t\t\t\t<\/span>\n\t\t\t\t\t<\/a>\n\t\t\t\t\t\t\t\t<\/div>\n\t\t\t\t\t<\/div>\n\t\t\t\t<\/div>\n\t\t<div class=\"elementor-element elementor-element-4bb73c4c e-flex e-con-boxed e-con e-parent\" data-id=\"4bb73c4c\" data-element_type=\"container\" data-e-type=\"container\" data-settings=\"{&quot;background_background&quot;:&quot;classic&quot;}\">\n\t\t\t\t\t<div class=\"e-con-inner\">\n\t\t\t\t<div class=\"elementor-element elementor-element-5290f73 elementor-widget elementor-widget-text-editor\" data-id=\"5290f73\" data-element_type=\"widget\" data-e-type=\"widget\" data-widget_type=\"text-editor.default\">\n\t\t\t\t\t\t\t\t\t<p style=\"text-align: center;\"><span style=\"font-size: 14pt;\"><span class=\"TextRun SCXW11968316 BCX0\" lang=\"PT-BR\" xml:lang=\"PT-BR\" data-contrast=\"auto\"><span class=\"NormalTextRun SCXW11968316 BCX0\">19 DE NOVEMBRO DE 2025<\/span><\/span><span class=\"EOP SCXW11968316 BCX0\" data-ccp-props=\"{&quot;335551550&quot;:2,&quot;335551620&quot;:2}\">\u00a0<\/span><\/span><\/p><p style=\"text-align: center;\"><span style=\"font-size: 10pt;\"><span class=\"TextRun SCXW82107553 BCX0\" lang=\"PT-BR\" xml:lang=\"PT-BR\" data-contrast=\"auto\"><span class=\"NormalTextRun SCXW82107553 BCX0\">AUDIT\u00d3RIO MAURO BORGES \u2013 PAL\u00c1CIO PEDRO LUDOVICO TEIXEIRA<\/span><\/span><span class=\"EOP SCXW82107553 BCX0\" data-ccp-props=\"{&quot;335551550&quot;:2,&quot;335551620&quot;:2}\">\u00a0<\/span><\/span><\/p>\t\t\t\t\t\t\t\t<\/div>\n\t\t\t\t<div class=\"elementor-element elementor-element-4a8ad75e elementor-widget elementor-widget-image\" data-id=\"4a8ad75e\" data-element_type=\"widget\" data-e-type=\"widget\" data-widget_type=\"image.default\">\n\t\t\t\t\t\t\t\t\t\t\t\t\t\t\t<img fetchpriority=\"high\" decoding=\"async\" width=\"1024\" height=\"337\" src=\"https:\/\/goias.gov.br\/controladoria\/wp-content\/uploads\/sites\/31\/2025\/11\/Prancheta-1-copia-8-1024x337.png\" class=\"attachment-large size-large wp-image-215335\" alt=\"\" srcset=\"https:\/\/goias.gov.br\/controladoria\/wp-content\/uploads\/sites\/31\/2025\/11\/Prancheta-1-copia-8-1024x337.png 1024w, https:\/\/goias.gov.br\/controladoria\/wp-content\/uploads\/sites\/31\/2025\/11\/Prancheta-1-copia-8-300x99.png 300w, https:\/\/goias.gov.br\/controladoria\/wp-content\/uploads\/sites\/31\/2025\/11\/Prancheta-1-copia-8-768x253.png 768w, https:\/\/goias.gov.br\/controladoria\/wp-content\/uploads\/sites\/31\/2025\/11\/Prancheta-1-copia-8-1536x506.png 1536w, https:\/\/goias.gov.br\/controladoria\/wp-content\/uploads\/sites\/31\/2025\/11\/Prancheta-1-copia-8.png 1920w\" sizes=\"(max-width: 1024px) 100vw, 1024px\" \/>\t\t\t\t\t\t\t\t\t\t\t\t\t\t\t<\/div>\n\t\t\t\t<div class=\"elementor-element elementor-element-1f317289 elementor-align-center elementor-widget elementor-widget-button\" data-id=\"1f317289\" data-element_type=\"widget\" data-e-type=\"widget\" data-widget_type=\"button.default\">\n\t\t\t\t\t\t\t\t\t\t<a class=\"elementor-button elementor-button-link elementor-size-sm\" href=\"https:\/\/app.controladoria.go.gov.br\/ouvidoria\/AgendaDeOuvidoria\/certificado\/certificados\/index.php\" target=\"_blank\">\n\t\t\t\t\t\t<span class=\"elementor-button-content-wrapper\">\n\t\t\t\t\t\t<span class=\"elementor-button-icon\">\n\t\t\t\t<svg aria-hidden=\"true\" class=\"e-font-icon-svg e-fas-id-card\" viewBox=\"0 0 576 512\" xmlns=\"http:\/\/www.w3.org\/2000\/svg\"><path d=\"M528 32H48C21.5 32 0 53.5 0 80v16h576V80c0-26.5-21.5-48-48-48zM0 432c0 26.5 21.5 48 48 48h480c26.5 0 48-21.5 48-48V128H0v304zm352-232c0-4.4 3.6-8 8-8h144c4.4 0 8 3.6 8 8v16c0 4.4-3.6 8-8 8H360c-4.4 0-8-3.6-8-8v-16zm0 64c0-4.4 3.6-8 8-8h144c4.4 0 8 3.6 8 8v16c0 4.4-3.6 8-8 8H360c-4.4 0-8-3.6-8-8v-16zm0 64c0-4.4 3.6-8 8-8h144c4.4 0 8 3.6 8 8v16c0 4.4-3.6 8-8 8H360c-4.4 0-8-3.6-8-8v-16zM176 192c35.3 0 64 28.7 64 64s-28.7 64-64 64-64-28.7-64-64 28.7-64 64-64zM67.1 396.2C75.5 370.5 99.6 352 128 352h8.2c12.3 5.1 25.7 8 39.8 8s27.6-2.9 39.8-8h8.2c28.4 0 52.5 18.5 60.9 44.2 3.2 9.9-5.2 19.8-15.6 19.8H82.7c-10.4 0-18.8-10-15.6-19.8z\"><\/path><\/svg>\t\t\t<\/span>\n\t\t\t\t\t\t\t\t\t<span class=\"elementor-button-text\">EMITA SEU CERTIFICADO<\/span>\n\t\t\t\t\t<\/span>\n\t\t\t\t\t<\/a>\n\t\t\t\t\t\t\t\t<\/div>\n\t\t\t\t<div class=\"elementor-element elementor-element-9c2e46e elementor-align-center elementor-widget elementor-widget-button\" data-id=\"9c2e46e\" data-element_type=\"widget\" data-e-type=\"widget\" data-widget_type=\"button.default\">\n\t\t\t\t\t\t\t\t\t\t<a class=\"elementor-button elementor-button-link elementor-size-sm\" href=\"https:\/\/postimg.cc\/gallery\/SX2nSk7\" target=\"_blank\">\n\t\t\t\t\t\t<span class=\"elementor-button-content-wrapper\">\n\t\t\t\t\t\t<span class=\"elementor-button-icon\">\n\t\t\t\t<svg aria-hidden=\"true\" class=\"e-font-icon-svg e-fas-camera\" viewBox=\"0 0 512 512\" xmlns=\"http:\/\/www.w3.org\/2000\/svg\"><path d=\"M512 144v288c0 26.5-21.5 48-48 48H48c-26.5 0-48-21.5-48-48V144c0-26.5 21.5-48 48-48h88l12.3-32.9c7-18.7 24.9-31.1 44.9-31.1h125.5c20 0 37.9 12.4 44.9 31.1L376 96h88c26.5 0 48 21.5 48 48zM376 288c0-66.2-53.8-120-120-120s-120 53.8-120 120 53.8 120 120 120 120-53.8 120-120zm-32 0c0 48.5-39.5 88-88 88s-88-39.5-88-88 39.5-88 88-88 88 39.5 88 88z\"><\/path><\/svg>\t\t\t<\/span>\n\t\t\t\t\t\t\t\t\t<span class=\"elementor-button-text\">ACESSE AS FOTOS<\/span>\n\t\t\t\t\t<\/span>\n\t\t\t\t\t<\/a>\n\t\t\t\t\t\t\t\t<\/div>\n\t\t\t\t\t<\/div>\n\t\t\t\t<\/div>\n\t\t<div class=\"elementor-element elementor-element-736c38b8 e-flex e-con-boxed e-con e-parent\" data-id=\"736c38b8\" data-element_type=\"container\" data-e-type=\"container\" data-settings=\"{&quot;background_background&quot;:&quot;classic&quot;}\">\n\t\t\t\t\t<div class=\"e-con-inner\">\n\t\t\t\t<div class=\"elementor-element elementor-element-b4485ec elementor-view-default elementor-widget elementor-widget-icon\" data-id=\"b4485ec\" data-element_type=\"widget\" data-e-type=\"widget\" data-widget_type=\"icon.default\">\n\t\t\t\t\t\t\t<div class=\"elementor-icon-wrapper\">\n\t\t\t<div class=\"elementor-icon\">\n\t\t\t<svg aria-hidden=\"true\" class=\"e-font-icon-svg e-fas-search\" viewBox=\"0 0 512 512\" xmlns=\"http:\/\/www.w3.org\/2000\/svg\"><path d=\"M505 442.7L405.3 343c-4.5-4.5-10.6-7-17-7H372c27.6-35.3 44-79.7 44-128C416 93.1 322.9 0 208 0S0 93.1 0 208s93.1 208 208 208c48.3 0 92.7-16.4 128-44v16.3c0 6.4 2.5 12.5 7 17l99.7 99.7c9.4 9.4 24.6 9.4 33.9 0l28.3-28.3c9.4-9.4 9.4-24.6.1-34zM208 336c-70.7 0-128-57.2-128-128 0-70.7 57.2-128 128-128 70.7 0 128 57.2 128 128 0 70.7-57.2 128-128 128z\"><\/path><\/svg>\t\t\t<\/div>\n\t\t<\/div>\n\t\t\t\t\t\t<\/div>\n\t\t\t\t<div class=\"elementor-element elementor-element-1b524b1 elementor-widget elementor-widget-text-editor\" data-id=\"1b524b1\" data-element_type=\"widget\" data-e-type=\"widget\" data-widget_type=\"text-editor.default\">\n\t\t\t\t\t\t\t\t\t<p style=\"text-align: center;\"><span style=\"color: #0148ae;\">SOBRE O EVENTO <\/span><\/p>\t\t\t\t\t\t\t\t<\/div>\n\t\t\t\t<div class=\"elementor-element elementor-element-3dfcc15 elementor-widget elementor-widget-text-editor\" data-id=\"3dfcc15\" data-element_type=\"widget\" data-e-type=\"widget\" data-widget_type=\"text-editor.default\">\n\t\t\t\t\t\t\t\t\t<p><span style=\"color: #0148ae;\">Governos mais transparentes e participativos s\u00e3o mais responsivos \u00e0 popula\u00e7\u00e3o e criam um ciclo virtuoso de confian\u00e7a e colabora\u00e7\u00e3o entre cidad\u00e3os e Estado. Goi\u00e1s tem se destacado, no cen\u00e1rio nacional e internacional, com a\u00e7\u00f5es voltadas ao governo aberto, sendo um dos primeiros estados do pa\u00eds a integrar a Open Government Partnership (OGP).\u00a0<\/span><\/p><p><span style=\"color: #0148ae;\">O evento \u201cA Agenda de Governo Aberto em Goi\u00e1s: Avan\u00e7os, Desafios e Perspectivas\u201d tem como <span style=\"color: #0000ff;\"><strong>p\u00fablico-alvo os servidores da Controladoria-Geral do Estado e os atores e institui\u00e7\u00f5es integrantes do F\u00f3rum de Governo Aberto do Estado de Goi\u00e1s<\/strong><\/span>, com certificado de participa\u00e7\u00e3o de 3h\/aula. Na ocasi\u00e3o, ser\u00e3o apresentadas as principais conquistas do governo estadual ligadas ao governo aberto e discutidas as a\u00e7\u00f5es previstas para o pr\u00f3ximo ciclo.\u00a0<\/span><\/p>\t\t\t\t\t\t\t\t<\/div>\n\t\t\t\t\t<\/div>\n\t\t\t\t<\/div>\n\t\t<div class=\"elementor-element elementor-element-307b36ec e-flex e-con-boxed e-con e-parent\" data-id=\"307b36ec\" data-element_type=\"container\" data-e-type=\"container\" id=\"programacao-section\" data-settings=\"{&quot;background_background&quot;:&quot;gradient&quot;}\">\n\t\t\t\t\t<div class=\"e-con-inner\">\n\t\t\t\t<div class=\"elementor-element elementor-element-1503c06 elementor-view-default elementor-widget elementor-widget-icon\" data-id=\"1503c06\" data-element_type=\"widget\" data-e-type=\"widget\" data-widget_type=\"icon.default\">\n\t\t\t\t\t\t\t<div class=\"elementor-icon-wrapper\">\n\t\t\t<div class=\"elementor-icon\">\n\t\t\t<svg aria-hidden=\"true\" class=\"e-font-icon-svg e-far-calendar-alt\" viewBox=\"0 0 448 512\" xmlns=\"http:\/\/www.w3.org\/2000\/svg\"><path d=\"M148 288h-40c-6.6 0-12-5.4-12-12v-40c0-6.6 5.4-12 12-12h40c6.6 0 12 5.4 12 12v40c0 6.6-5.4 12-12 12zm108-12v-40c0-6.6-5.4-12-12-12h-40c-6.6 0-12 5.4-12 12v40c0 6.6 5.4 12 12 12h40c6.6 0 12-5.4 12-12zm96 0v-40c0-6.6-5.4-12-12-12h-40c-6.6 0-12 5.4-12 12v40c0 6.6 5.4 12 12 12h40c6.6 0 12-5.4 12-12zm-96 96v-40c0-6.6-5.4-12-12-12h-40c-6.6 0-12 5.4-12 12v40c0 6.6 5.4 12 12 12h40c6.6 0 12-5.4 12-12zm-96 0v-40c0-6.6-5.4-12-12-12h-40c-6.6 0-12 5.4-12 12v40c0 6.6 5.4 12 12 12h40c6.6 0 12-5.4 12-12zm192 0v-40c0-6.6-5.4-12-12-12h-40c-6.6 0-12 5.4-12 12v40c0 6.6 5.4 12 12 12h40c6.6 0 12-5.4 12-12zm96-260v352c0 26.5-21.5 48-48 48H48c-26.5 0-48-21.5-48-48V112c0-26.5 21.5-48 48-48h48V12c0-6.6 5.4-12 12-12h40c6.6 0 12 5.4 12 12v52h128V12c0-6.6 5.4-12 12-12h40c6.6 0 12 5.4 12 12v52h48c26.5 0 48 21.5 48 48zm-48 346V160H48v298c0 3.3 2.7 6 6 6h340c3.3 0 6-2.7 6-6z\"><\/path><\/svg>\t\t\t<\/div>\n\t\t<\/div>\n\t\t\t\t\t\t<\/div>\n\t\t\t\t<div class=\"elementor-element elementor-element-d266e2f elementor-widget elementor-widget-text-editor\" data-id=\"d266e2f\" data-element_type=\"widget\" data-e-type=\"widget\" data-widget_type=\"text-editor.default\">\n\t\t\t\t\t\t\t\t\t<p style=\"text-align: center;\"><span style=\"color: #feed00;\">PROGRAMA\u00c7\u00c3O<\/span><\/p>\t\t\t\t\t\t\t\t<\/div>\n\t\t\t\t<div class=\"elementor-element elementor-element-381d4d79 elementor-widget elementor-widget-text-editor\" data-id=\"381d4d79\" data-element_type=\"widget\" data-e-type=\"widget\" data-widget_type=\"text-editor.default\">\n\t\t\t\t\t\t\t\t\t<p><span style=\"color: #ffffff;\">8h30\u00a0\u2013\u00a0Recep\u00e7\u00e3o e credenciamento\u00a0<\/span><\/p><p><span style=\"color: #ffffff;\">9h \u2013\u00a0<b>Solenidade de abertura<\/b>\u00a0<\/span><\/p><p><span style=\"color: #ffffff;\">\u00a0 \u00a0 \u00a0\u2022 Marcos Tadeu de Andrade \u2013 Secret\u00e1rio-Chefe da CGE-GO\u00a0<\/span><\/p><p><span style=\"color: #ffffff;\">\u00a0 \u00a0 \u00a0\u2022 Edmilson Moura de Oliveira &#8211; Presidente do SindGESTOR\/Membro do F\u00f3rum de Governo Aberto de Goi\u00e1s<\/span><\/p><p><span style=\"color: #ffffff;\">9h30 \u2013\u00a0<b>Palestra 1<\/b>\u00a0<\/span><\/p><p><span style=\"color: #ffffff;\">\u00a0 \u00a0 \u00a0A OGP como marco para a consolida\u00e7\u00e3o do governo aberto em Goi\u00e1s \u2013\u00a0Thiago Barros Fernandes de Farias\u00a0\u2013 Assessor da CGE-GO\u00a0<\/span><\/p><p><span style=\"color: #ffffff;\">9h45 \u2013\u00a0<b>Palestra 2<\/b>\u00a0<\/span><\/p><p><span style=\"color: #ffffff;\">\u00a0 \u00a0 \u00a0A import\u00e2ncia do Monitoramento externo do 1\u00ba Plano de Governo Aberto do Estado de Goi\u00e1s \u2013 Daniela Rosim \u2013 Professora Adjunta da Faculdade de Administra\u00e7\u00e3o, Ci\u00eancias Cont\u00e1beis e Ci\u00eancias Econ\u00f4micas &#8211; UFG<\/span><\/p><p><span style=\"color: #ffffff;\">10h \u2013\u00a0<b>Coffee-break<\/b>\u00a0<\/span><\/p><p><span style=\"color: #ffffff;\">10h15\u00a0\u2013\u00a0<b>Palestra 3<\/b>\u00a0<\/span><\/p><p><span style=\"color: #ffffff;\">\u00a0 \u00a0 \u00a0Compromisso\u00a01 do 1\u00ba Plano de Governo Aberto do Estado de Goi\u00e1s\u00a0&#8211;\u00a0 Promover\u00a0a educa\u00e7\u00e3o cidad\u00e3 e aumentar a participa\u00e7\u00e3o social: o papel do Estudantes de Atitude na amplia\u00e7\u00e3o da participa\u00e7\u00e3o social &#8211;\u00a0Elisa Casc\u00e3o Ferreira\u00a0\u2013 Gerente de Participa\u00e7\u00e3o Social da CGE-GO\u00a0<\/span><\/p><p><span style=\"color: #ffffff;\">10h30 \u2013\u00a0<b>Palestra 4<\/b>\u00a0<\/span><\/p><p><span style=\"color: #ffffff;\">\u00a0 \u00a0 \u00a0Compromisso 4 do 1\u00ba Plano de Governo Aberto do Estado de Goi\u00e1s \u2013 Fortalecer a governan\u00e7a aberta com tecnologias inovadoras: o caso do Programa de Compliance P\u00fablico Municipal \u2013\u00a0Marcella Chaves Borges Sarto\u00a0\u2013 Gerente de Educa\u00e7\u00e3o Cidad\u00e3 da CGE-GO\u00a0<\/span><\/p><p><span style=\"color: #ffffff;\">10h45 \u2013\u00a0<b>Palestra Master<\/b>\u00a0<\/span><\/p><p><span style=\"color: #ffffff;\">\u00a0 \u00a0 \u00a0Buenos Aires na OGP Local: avan\u00e7os e desafios da agenda de governo aberto \u2014 Val\u00e9ria Lisciani\u00a0 \u2014 Coordenadora de Governo Aberto da Cidade Aut\u00f4noma de Buenos Aires<\/span><\/p><p><span style=\"color: #ffffff;\">11h40\u00a0\u2013\u00a0<b>Encerramento<\/b>\u00a0<\/span><\/p><p><span style=\"color: #ffffff;\" data-contrast=\"auto\">\u00a0 \u00a0 \u00a0\u2022 Weyk Barbosa Gomes \u2013 Subcontrolador de Governo Aberto e Ouvidor-Geral da CGE-GO<\/span><\/p>\t\t\t\t\t\t\t\t<\/div>\n\t\t\t\t\t<\/div>\n\t\t\t\t<\/div>\n\t\t<div class=\"elementor-element elementor-element-10d1444 e-flex e-con-boxed e-con e-parent\" data-id=\"10d1444\" data-element_type=\"container\" data-e-type=\"container\">\n\t\t\t\t\t<div class=\"e-con-inner\">\n\t\t<div class=\"elementor-element elementor-element-51ff3d8e e-con-full e-flex e-con e-child\" data-id=\"51ff3d8e\" data-element_type=\"container\" data-e-type=\"container\">\n\t\t\t\t<div class=\"elementor-element elementor-element-7baeba7 elementor-widget elementor-widget-text-editor\" data-id=\"7baeba7\" data-element_type=\"widget\" data-e-type=\"widget\" data-widget_type=\"text-editor.default\">\n\t\t\t\t\t\t\t\t\t<p><span class=\"TextRun SCXW249573546 BCX0\" lang=\"PT-BR\" style=\"color: #0148ae;\" xml:lang=\"PT-BR\" data-contrast=\"auto\"><span class=\"NormalTextRun SCXW249573546 BCX0\">Local: Audit\u00f3rio Mauro Borges \u2013 Pal\u00e1cio Pedro Ludovico Teixeira<\/span><\/span><\/p>\t\t\t\t\t\t\t\t<\/div>\n\t\t\t\t<div class=\"elementor-element elementor-element-5a0e8c15 elementor-widget elementor-widget-html\" data-id=\"5a0e8c15\" data-element_type=\"widget\" data-e-type=\"widget\" data-widget_type=\"html.default\">\n\t\t\t\t\t<iframe src=\"https:\/\/www.google.com\/maps\/embed?pb=!1m18!1m12!1m3!1d3821.8996437749306!2d-49.25848842409299!3d-16.68190464543616!2m3!1f0!2f0!3f0!3m2!1i1024!2i768!4f13.1!3m3!1m2!1s0x935ef1528d37877b%3A0x30cbbc2bc56043b4!2sAudit%C3%B3rio%20Mauro%20Borges!5e0!3m2!1spt-BR!2sbr!4v1762871946008!5m2!1spt-BR!2sbr\" width=\"600\" height=\"450\" style=\"border:0;\" allowfullscreen=\"\" loading=\"lazy\" referrerpolicy=\"no-referrer-when-downgrade\"><\/iframe>\t\t\t\t<\/div>\n\t\t\t\t<\/div>\n\t\t<div class=\"elementor-element elementor-element-55e40c65 e-con-full e-flex e-con e-child\" data-id=\"55e40c65\" data-element_type=\"container\" data-e-type=\"container\">\n\t\t\t\t<\/div>\n\t\t\t\t\t<\/div>\n\t\t\t\t<\/div>\n\t\t<div class=\"elementor-element elementor-element-6caa304b e-flex e-con-boxed e-con e-parent\" data-id=\"6caa304b\" data-element_type=\"container\" data-e-type=\"container\">\n\t\t\t\t\t<div class=\"e-con-inner\">\n\t\t\t\t<div class=\"elementor-element elementor-element-661a7a41 elementor-widget elementor-widget-image\" data-id=\"661a7a41\" data-element_type=\"widget\" data-e-type=\"widget\" data-widget_type=\"image.default\">\n\t\t\t\t\t\t\t\t\t\t\t\t\t\t\t<img decoding=\"async\" width=\"1920\" height=\"225\" src=\"https:\/\/goias.gov.br\/controladoria\/wp-content\/uploads\/sites\/31\/2025\/11\/Logos-1.png\" class=\"attachment-full size-full wp-image-215032\" alt=\"\" srcset=\"https:\/\/goias.gov.br\/controladoria\/wp-content\/uploads\/sites\/31\/2025\/11\/Logos-1.png 1920w, https:\/\/goias.gov.br\/controladoria\/wp-content\/uploads\/sites\/31\/2025\/11\/Logos-1-300x35.png 300w, https:\/\/goias.gov.br\/controladoria\/wp-content\/uploads\/sites\/31\/2025\/11\/Logos-1-1024x120.png 1024w, https:\/\/goias.gov.br\/controladoria\/wp-content\/uploads\/sites\/31\/2025\/11\/Logos-1-768x90.png 768w, https:\/\/goias.gov.br\/controladoria\/wp-content\/uploads\/sites\/31\/2025\/11\/Logos-1-1536x180.png 1536w\" sizes=\"(max-width: 1920px) 100vw, 1920px\" \/>\t\t\t\t\t\t\t\t\t\t\t\t\t\t\t<\/div>\n\t\t\t\t\t<\/div>\n\t\t\t\t<\/div>\n\t\t\t\t<\/div>\n\t\t","protected":false},"excerpt":{"rendered":"<p>SOBRE PROGRAMA\u00c7\u00c3O INSCRI\u00c7\u00d5ES 19 DE NOVEMBRO DE 2025\u00a0 AUDIT\u00d3RIO MAURO BORGES \u2013 PAL\u00c1CIO PEDRO LUDOVICO TEIXEIRA\u00a0 EMITA SEU CERTIFICADO ACESSE AS FOTOS SOBRE O EVENTO Governos mais transparentes e participativos s\u00e3o mais responsivos \u00e0 popula\u00e7\u00e3o e criam um ciclo virtuoso de confian\u00e7a e colabora\u00e7\u00e3o entre cidad\u00e3os e Estado. Goi\u00e1s tem se destacado, no cen\u00e1rio nacional [&hellip;]<\/p>\n","protected":false},"author":657,"featured_media":0,"parent":0,"menu_order":0,"comment_status":"closed","ping_status":"closed","template":"elementor_header_footer","meta":{"footnotes":""},"class_list":["post-214464","page","type-page","status-publish","hentry"],"rttpg_featured_image_url":null,"rttpg_author":{"display_name":"anamorais","author_link":"https:\/\/goias.gov.br\/controladoria\/author\/anamorais\/"},"rttpg_comment":0,"rttpg_category":null,"rttpg_excerpt":"SOBRE PROGRAMA\u00c7\u00c3O INSCRI\u00c7\u00d5ES 19 DE NOVEMBRO DE 2025\u00a0 AUDIT\u00d3RIO MAURO BORGES \u2013 PAL\u00c1CIO PEDRO LUDOVICO TEIXEIRA\u00a0 EMITA SEU CERTIFICADO ACESSE AS FOTOS SOBRE O EVENTO Governos mais transparentes e participativos s\u00e3o mais responsivos \u00e0 popula\u00e7\u00e3o e criam um ciclo virtuoso de confian\u00e7a e colabora\u00e7\u00e3o entre cidad\u00e3os e Estado. Goi\u00e1s tem se destacado, no cen\u00e1rio nacional&hellip;","_links":{"self":[{"href":"https:\/\/goias.gov.br\/controladoria\/wp-json\/wp\/v2\/pages\/214464","targetHints":{"allow":["GET"]}}],"collection":[{"href":"https:\/\/goias.gov.br\/controladoria\/wp-json\/wp\/v2\/pages"}],"about":[{"href":"https:\/\/goias.gov.br\/controladoria\/wp-json\/wp\/v2\/types\/page"}],"author":[{"embeddable":true,"href":"https:\/\/goias.gov.br\/controladoria\/wp-json\/wp\/v2\/users\/657"}],"replies":[{"embeddable":true,"href":"https:\/\/goias.gov.br\/controladoria\/wp-json\/wp\/v2\/comments?post=214464"}],"version-history":[{"count":2,"href":"https:\/\/goias.gov.br\/controladoria\/wp-json\/wp\/v2\/pages\/214464\/revisions"}],"predecessor-version":[{"id":226554,"href":"https:\/\/goias.gov.br\/controladoria\/wp-json\/wp\/v2\/pages\/214464\/revisions\/226554"}],"wp:attachment":[{"href":"https:\/\/goias.gov.br\/controladoria\/wp-json\/wp\/v2\/media?parent=214464"}],"curies":[{"name":"wp","href":"https:\/\/api.w.org\/{rel}","templated":true}]}}