

{"id":20233,"date":"2024-07-08T15:58:15","date_gmt":"2024-07-08T18:58:15","guid":{"rendered":"https:\/\/goias.gov.br\/controladoria\/?page_id=20233"},"modified":"2025-11-28T10:17:59","modified_gmt":"2025-11-28T13:17:59","slug":"fases","status":"publish","type":"page","link":"https:\/\/goias.gov.br\/controladoria\/embaixadoresdacidadania\/fases\/","title":{"rendered":"Embaixadores da Cidadania &#8211; Fases"},"content":{"rendered":"\t\t<div data-elementor-type=\"wp-page\" data-elementor-id=\"20233\" class=\"elementor elementor-20233\">\n\t\t\t\t<div class=\"elementor-element elementor-element-08833ac e-con-full e-flex e-con e-parent\" data-id=\"08833ac\" data-element_type=\"container\" data-e-type=\"container\" data-settings=\"{&quot;background_background&quot;:&quot;classic&quot;}\">\n\t\t<div class=\"elementor-element elementor-element-186ec4a e-con-full e-flex e-con e-child\" data-id=\"186ec4a\" data-element_type=\"container\" data-e-type=\"container\">\n\t\t\t\t<div class=\"elementor-element elementor-element-32704e4 elementor-widget elementor-widget-image\" data-id=\"32704e4\" data-element_type=\"widget\" data-e-type=\"widget\" data-widget_type=\"image.default\">\n\t\t\t\t\t\t\t\t\t\t\t\t\t\t\t<img decoding=\"async\" src=\"https:\/\/goias.gov.br\/controladoria\/wp-content\/uploads\/sites\/31\/2024\/07\/EC_Caixa_Negativo-1.png\" title=\"\" alt=\"\" loading=\"lazy\" \/>\t\t\t\t\t\t\t\t\t\t\t\t\t\t\t<\/div>\n\t\t<div class=\"elementor-element elementor-element-917fd37 e-con-full e-flex e-con e-child\" data-id=\"917fd37\" data-element_type=\"container\" data-e-type=\"container\">\n\t\t\t\t<div class=\"elementor-element elementor-element-b33c262 elementor-widget elementor-widget-button\" data-id=\"b33c262\" data-element_type=\"widget\" data-e-type=\"widget\" data-widget_type=\"button.default\">\n\t\t\t\t\t\t\t\t\t\t<a class=\"elementor-button elementor-button-link elementor-size-sm\" href=\"https:\/\/goias.gov.br\/controladoria\/embaixadoresdacidadania\/documentos\/\">\n\t\t\t\t\t\t<span class=\"elementor-button-content-wrapper\">\n\t\t\t\t\t\t\t\t\t<span class=\"elementor-button-text\">EDITAL E DOCUMENTOS<\/span>\n\t\t\t\t\t<\/span>\n\t\t\t\t\t<\/a>\n\t\t\t\t\t\t\t\t<\/div>\n\t\t\t\t<div class=\"elementor-element elementor-element-08e5105 elementor-widget elementor-widget-button\" data-id=\"08e5105\" data-element_type=\"widget\" data-e-type=\"widget\" data-widget_type=\"button.default\">\n\t\t\t\t\t\t\t\t\t\t<a class=\"elementor-button elementor-button-link elementor-size-sm\" href=\"https:\/\/goias.gov.br\/controladoria\/embaixadoresdacidadania\/cronograma\/\">\n\t\t\t\t\t\t<span class=\"elementor-button-content-wrapper\">\n\t\t\t\t\t\t\t\t\t<span class=\"elementor-button-text\">CRONOGRAMA<\/span>\n\t\t\t\t\t<\/span>\n\t\t\t\t\t<\/a>\n\t\t\t\t\t\t\t\t<\/div>\n\t\t\t\t<div class=\"elementor-element elementor-element-58f171c elementor-widget elementor-widget-button\" data-id=\"58f171c\" data-element_type=\"widget\" data-e-type=\"widget\" data-widget_type=\"button.default\">\n\t\t\t\t\t\t\t\t\t\t<a class=\"elementor-button elementor-button-link elementor-size-sm\" href=\"https:\/\/ava.cgegoias.go.gov.br\/\">\n\t\t\t\t\t\t<span class=\"elementor-button-content-wrapper\">\n\t\t\t\t\t\t\t\t\t<span class=\"elementor-button-text\">PLATAFORMA DE APRENDIZAGEM<\/span>\n\t\t\t\t\t<\/span>\n\t\t\t\t\t<\/a>\n\t\t\t\t\t\t\t\t<\/div>\n\t\t\t\t<div class=\"elementor-element elementor-element-42caaa2 elementor-widget elementor-widget-button\" data-id=\"42caaa2\" data-element_type=\"widget\" data-e-type=\"widget\" data-widget_type=\"button.default\">\n\t\t\t\t\t\t\t\t\t\t<a class=\"elementor-button elementor-button-link elementor-size-sm\" href=\"https:\/\/goias.gov.br\/controladoria\/embaixadoresdacidadania\/edicoes-anteriores\/\">\n\t\t\t\t\t\t<span class=\"elementor-button-content-wrapper\">\n\t\t\t\t\t\t\t\t\t<span class=\"elementor-button-text\">EDI\u00c7\u00d5ES PASSADAS<\/span>\n\t\t\t\t\t<\/span>\n\t\t\t\t\t<\/a>\n\t\t\t\t\t\t\t\t<\/div>\n\t\t\t\t<div class=\"elementor-element elementor-element-e218c1f elementor-widget elementor-widget-button\" data-id=\"e218c1f\" data-element_type=\"widget\" data-e-type=\"widget\" data-widget_type=\"button.default\">\n\t\t\t\t\t\t\t\t\t\t<a class=\"elementor-button elementor-button-link elementor-size-sm\" href=\"https:\/\/goias.gov.br\/controladoria\/embaixadoresdacidadania\/quem-faz-acontecer\/\">\n\t\t\t\t\t\t<span class=\"elementor-button-content-wrapper\">\n\t\t\t\t\t\t\t\t\t<span class=\"elementor-button-text\">QUEM FAZ ACONTECER<\/span>\n\t\t\t\t\t<\/span>\n\t\t\t\t\t<\/a>\n\t\t\t\t\t\t\t\t<\/div>\n\t\t\t\t<div class=\"elementor-element elementor-element-abc0761 elementor-widget elementor-widget-button\" data-id=\"abc0761\" data-element_type=\"widget\" data-e-type=\"widget\" data-widget_type=\"button.default\">\n\t\t\t\t\t\t\t\t\t\t<a class=\"elementor-button elementor-button-link elementor-size-sm\" href=\"https:\/\/goias.gov.br\/controladoria\/embaixadoresdacidadania\/contato\/\">\n\t\t\t\t\t\t<span class=\"elementor-button-content-wrapper\">\n\t\t\t\t\t\t\t\t\t<span class=\"elementor-button-text\">CONTATOS<\/span>\n\t\t\t\t\t<\/span>\n\t\t\t\t\t<\/a>\n\t\t\t\t\t\t\t\t<\/div>\n\t\t\t\t<\/div>\n\t\t\t\t<\/div>\n\t\t\t\t<\/div>\n\t\t<div class=\"elementor-element elementor-element-2d5076c e-flex e-con-boxed e-con e-parent\" data-id=\"2d5076c\" data-element_type=\"container\" data-e-type=\"container\">\n\t\t\t\t\t<div class=\"e-con-inner\">\n\t\t\t\t<div class=\"elementor-element elementor-element-27ed95d elementor-align-center elementor-widget elementor-widget-button\" data-id=\"27ed95d\" data-element_type=\"widget\" data-e-type=\"widget\" data-widget_type=\"button.default\">\n\t\t\t\t\t\t\t\t\t\t<a class=\"elementor-button elementor-button-link elementor-size-sm\" href=\"https:\/\/goias.gov.br\/controladoria\/embaixadoresdacidadania\/\">\n\t\t\t\t\t\t<span class=\"elementor-button-content-wrapper\">\n\t\t\t\t\t\t\t\t\t<span class=\"elementor-button-text\">O QUE \u00c9<\/span>\n\t\t\t\t\t<\/span>\n\t\t\t\t\t<\/a>\n\t\t\t\t\t\t\t\t<\/div>\n\t\t\t\t<div class=\"elementor-element elementor-element-c3dda79 elementor-align-center elementor-widget elementor-widget-button\" data-id=\"c3dda79\" data-element_type=\"widget\" data-e-type=\"widget\" data-widget_type=\"button.default\">\n\t\t\t\t\t\t\t\t\t\t<a class=\"elementor-button elementor-button-link elementor-size-sm\" href=\"https:\/\/goias.gov.br\/controladoria\/embaixadoresdacidadania\/fases\/\">\n\t\t\t\t\t\t<span class=\"elementor-button-content-wrapper\">\n\t\t\t\t\t\t\t\t\t<span class=\"elementor-button-text\">FASES<\/span>\n\t\t\t\t\t<\/span>\n\t\t\t\t\t<\/a>\n\t\t\t\t\t\t\t\t<\/div>\n\t\t\t\t<div class=\"elementor-element elementor-element-dda2a47 elementor-align-center elementor-widget elementor-widget-button\" data-id=\"dda2a47\" data-element_type=\"widget\" data-e-type=\"widget\" data-widget_type=\"button.default\">\n\t\t\t\t\t\t\t\t\t\t<a class=\"elementor-button elementor-button-link elementor-size-sm\" href=\"https:\/\/goias.gov.br\/controladoria\/embaixadoresdacidadania\/premiacao\/\">\n\t\t\t\t\t\t<span class=\"elementor-button-content-wrapper\">\n\t\t\t\t\t\t\t\t\t<span class=\"elementor-button-text\">PREMIA\u00c7\u00c3O<\/span>\n\t\t\t\t\t<\/span>\n\t\t\t\t\t<\/a>\n\t\t\t\t\t\t\t\t<\/div>\n\t\t\t\t\t<\/div>\n\t\t\t\t<\/div>\n\t\t<div class=\"elementor-element elementor-element-24a6fc2 e-flex e-con-boxed e-con e-parent\" data-id=\"24a6fc2\" data-element_type=\"container\" data-e-type=\"container\">\n\t\t\t\t\t<div class=\"e-con-inner\">\n\t\t<div class=\"elementor-element elementor-element-bf431ee e-con-full e-flex e-con e-child\" data-id=\"bf431ee\" data-element_type=\"container\" data-e-type=\"container\">\n\t\t\t\t<div class=\"elementor-element elementor-element-f2350cd elementor-widget elementor-widget-text-editor\" data-id=\"f2350cd\" data-element_type=\"widget\" data-e-type=\"widget\" data-widget_type=\"text-editor.default\">\n\t\t\t\t\t\t\t\t\t<p><span style=\"font-size: 24pt; color: #00ccff;\"><b>Fases<\/b><\/span><\/p><p class=\"cvGsUA direction-ltr align-start para-style-body\"><strong><span style=\"color: #00549a;\"><span style=\"font-size: 18pt;\"><span class=\"OYPEnA text-decoration-none text-strikethrough-none\"><span style=\"font-size: 12pt;\">FASE 1 &#8211; ETAPA<\/span>\u00a0<span style=\"font-size: 12pt;\">TE\u00d3RICA<\/span><\/span><\/span><\/span><\/strong><\/p><p class=\"cvGsUA direction-ltr align-start para-style-body\"><span class=\"OYPEnA text-decoration-none text-strikethrough-none\" style=\"color: #00a1c9;\">A primeira fase do EC consiste na realiza\u00e7\u00e3o de um curso EAD sobre as tem\u00e1ticas: Governo Aberto, Democracia e Cidadania, Pol\u00edticas P\u00fablicas, Transpar\u00eancia, Obras P\u00fablicas e Sa\u00fade P\u00fablica.<\/span><\/p><p class=\"cvGsUA direction-ltr align-start para-style-body\"><span class=\"OYPEnA text-decoration-none text-strikethrough-none\" style=\"color: #00a1c9;\">Ao fim desta etapa, o participante recebe um certificado de 50 h emitido pela Universidade Federal de Goi\u00e1s (UFG).<\/span><\/p><p class=\"cvGsUA direction-ltr align-start para-style-body\"><strong><span style=\"font-size: 12pt; color: #00549a;\"><span class=\"OYPEnA text-decoration-none text-strikethrough-none\">FASE 2 &#8211; ETAPA PR\u00c1TICA<\/span><\/span><\/strong><\/p><p class=\"cvGsUA direction-ltr align-start para-style-body\"><span class=\"OYPEnA text-decoration-none text-strikethrough-none\" style=\"color: #00a1c9;\">Os participantes certificados na Etapa Te\u00f3rica podem participar da segunda fase do EC, na qual devem planejar e executar uma A\u00e7\u00e3o de Impacto Social a partir dos conhecimentos obtidos na etapa te\u00f3rica e das experi\u00eancias vivenciadas e adquiridas na vida em sociedade.<\/span><\/p><p class=\"cvGsUA direction-ltr align-start para-style-body\"><span class=\"OYPEnA text-decoration-none text-strikethrough-none\" style=\"color: #00a1c9;\">As a\u00e7\u00f5es podem ser realizadas de forma individual ou em grupo e devem estar relacionadas a tem\u00e1ticas nas \u00e1reas de Governo Aberto e Cidadania ou Sa\u00fade P\u00fablica.<\/span><\/p><p class=\"cvGsUA direction-ltr align-start para-style-body\"><span class=\"OYPEnA text-decoration-none text-strikethrough-none\" style=\"color: #00a1c9;\">Para que consigam desenvolver suas iniciativas da melhor forma, nesta fase, os participantes t\u00eam acesso a Workshops e mentorias com um time altamente capacitado.<\/span><\/p><p class=\"cvGsUA direction-ltr align-start para-style-body\"><span class=\"OYPEnA text-decoration-none text-strikethrough-none\" style=\"color: #00a1c9;\">Todos os concluintes da fase pr\u00e1tica recebem certificado de 100 horas e se tornam Embaixadores da Cidadania.<\/span><\/p><p class=\"cvGsUA direction-ltr align-start para-style-body\"><span class=\"OYPEnA text-decoration-none text-strikethrough-none\" style=\"color: #00a1c9;\">As 10 melhores A\u00e7\u00f5es de Impacto Social nas \u00e1reas de Governo Aberto e Cidadania e, tamb\u00e9m, Sa\u00fade P\u00fablica s\u00e3o reconhecidas e premiadas em at\u00e9 16 mil reais.<\/span><\/p>\t\t\t\t\t\t\t\t<\/div>\n\t\t\t\t<\/div>\n\t\t<div class=\"elementor-element elementor-element-fa06596 e-con-full e-flex e-con e-child\" data-id=\"fa06596\" data-element_type=\"container\" data-e-type=\"container\">\n\t\t\t\t<div class=\"elementor-element elementor-element-1471f23 elementor-widget elementor-widget-image\" data-id=\"1471f23\" data-element_type=\"widget\" data-e-type=\"widget\" data-widget_type=\"image.default\">\n\t\t\t\t\t\t\t\t\t\t\t\t\t\t\t<img decoding=\"async\" src=\"https:\/\/goias.gov.br\/controladoria\/wp-content\/uploads\/sites\/31\/2024\/07\/Etapas-1.png\" title=\"\" alt=\"\" loading=\"lazy\" \/>\t\t\t\t\t\t\t\t\t\t\t\t\t\t\t<\/div>\n\t\t\t\t<\/div>\n\t\t\t\t\t<\/div>\n\t\t\t\t<\/div>\n\t\t\t\t<\/div>\n\t\t","protected":false},"excerpt":{"rendered":"<p>EDITAL E DOCUMENTOS CRONOGRAMA PLATAFORMA DE APRENDIZAGEM EDI\u00c7\u00d5ES PASSADAS QUEM FAZ ACONTECER CONTATOS O QUE \u00c9 FASES PREMIA\u00c7\u00c3O Fases FASE 1 &#8211; ETAPA\u00a0TE\u00d3RICA A primeira fase do EC consiste na realiza\u00e7\u00e3o de um curso EAD sobre as tem\u00e1ticas: Governo Aberto, Democracia e Cidadania, Pol\u00edticas P\u00fablicas, Transpar\u00eancia, Obras P\u00fablicas e Sa\u00fade P\u00fablica. Ao fim desta etapa, [&hellip;]<\/p>\n","protected":false},"author":18,"featured_media":0,"parent":20132,"menu_order":1,"comment_status":"closed","ping_status":"closed","template":"elementor_header_footer","meta":{"footnotes":""},"class_list":["post-20233","page","type-page","status-publish","hentry"],"rttpg_featured_image_url":null,"rttpg_author":{"display_name":"joaomsouza","author_link":"https:\/\/goias.gov.br\/controladoria\/author\/joaomsouza\/"},"rttpg_comment":0,"rttpg_category":null,"rttpg_excerpt":"EDITAL E DOCUMENTOS CRONOGRAMA PLATAFORMA DE APRENDIZAGEM EDI\u00c7\u00d5ES PASSADAS QUEM FAZ ACONTECER CONTATOS O QUE \u00c9 FASES PREMIA\u00c7\u00c3O Fases FASE 1 &#8211; ETAPA\u00a0TE\u00d3RICA A primeira fase do EC consiste na realiza\u00e7\u00e3o de um curso EAD sobre as tem\u00e1ticas: Governo Aberto, Democracia e Cidadania, Pol\u00edticas P\u00fablicas, Transpar\u00eancia, Obras P\u00fablicas e Sa\u00fade P\u00fablica. Ao fim desta etapa,&hellip;","_links":{"self":[{"href":"https:\/\/goias.gov.br\/controladoria\/wp-json\/wp\/v2\/pages\/20233","targetHints":{"allow":["GET"]}}],"collection":[{"href":"https:\/\/goias.gov.br\/controladoria\/wp-json\/wp\/v2\/pages"}],"about":[{"href":"https:\/\/goias.gov.br\/controladoria\/wp-json\/wp\/v2\/types\/page"}],"author":[{"embeddable":true,"href":"https:\/\/goias.gov.br\/controladoria\/wp-json\/wp\/v2\/users\/18"}],"replies":[{"embeddable":true,"href":"https:\/\/goias.gov.br\/controladoria\/wp-json\/wp\/v2\/comments?post=20233"}],"version-history":[{"count":2,"href":"https:\/\/goias.gov.br\/controladoria\/wp-json\/wp\/v2\/pages\/20233\/revisions"}],"predecessor-version":[{"id":222774,"href":"https:\/\/goias.gov.br\/controladoria\/wp-json\/wp\/v2\/pages\/20233\/revisions\/222774"}],"up":[{"embeddable":true,"href":"https:\/\/goias.gov.br\/controladoria\/wp-json\/wp\/v2\/pages\/20132"}],"wp:attachment":[{"href":"https:\/\/goias.gov.br\/controladoria\/wp-json\/wp\/v2\/media?parent=20233"}],"curies":[{"name":"wp","href":"https:\/\/api.w.org\/{rel}","templated":true}]}}