

{"id":20132,"date":"2024-07-05T14:07:14","date_gmt":"2024-07-05T17:07:14","guid":{"rendered":"https:\/\/goias.gov.br\/controladoria\/?page_id=20132"},"modified":"2026-03-05T13:55:17","modified_gmt":"2026-03-05T16:55:17","slug":"embaixadoresdacidadania","status":"publish","type":"page","link":"https:\/\/goias.gov.br\/controladoria\/embaixadoresdacidadania\/","title":{"rendered":"Embaixadores da Cidadania"},"content":{"rendered":"\t\t<div data-elementor-type=\"wp-page\" data-elementor-id=\"20132\" class=\"elementor elementor-20132\">\n\t\t\t\t<div class=\"elementor-element elementor-element-c5debdd e-con-full e-flex e-con e-parent\" data-id=\"c5debdd\" data-element_type=\"container\" data-e-type=\"container\" data-settings=\"{&quot;background_background&quot;:&quot;classic&quot;}\">\n\t\t<div class=\"elementor-element elementor-element-2b94395 e-con-full e-flex e-con e-child\" data-id=\"2b94395\" data-element_type=\"container\" data-e-type=\"container\">\n\t\t\t\t<div class=\"elementor-element elementor-element-01b66fd elementor-widget elementor-widget-image\" data-id=\"01b66fd\" data-element_type=\"widget\" data-e-type=\"widget\" data-widget_type=\"image.default\">\n\t\t\t\t\t\t\t\t\t\t\t\t\t\t\t<img decoding=\"async\" src=\"https:\/\/goias.gov.br\/controladoria\/wp-content\/uploads\/sites\/31\/2024\/07\/EC_Caixa_Negativo-1.png\" title=\"\" alt=\"\" loading=\"lazy\" \/>\t\t\t\t\t\t\t\t\t\t\t\t\t\t\t<\/div>\n\t\t<div class=\"elementor-element elementor-element-1d79bc6 e-con-full e-flex e-con e-child\" data-id=\"1d79bc6\" data-element_type=\"container\" data-e-type=\"container\">\n\t\t\t\t<div class=\"elementor-element elementor-element-c8687da elementor-widget elementor-widget-button\" data-id=\"c8687da\" data-element_type=\"widget\" data-e-type=\"widget\" data-widget_type=\"button.default\">\n\t\t\t\t\t\t\t\t\t\t<a class=\"elementor-button elementor-button-link elementor-size-sm\" href=\"https:\/\/goias.gov.br\/controladoria\/embaixadoresdacidadania\/documentos\/\">\n\t\t\t\t\t\t<span class=\"elementor-button-content-wrapper\">\n\t\t\t\t\t\t\t\t\t<span class=\"elementor-button-text\">EDITAL E DOCUMENTOS<\/span>\n\t\t\t\t\t<\/span>\n\t\t\t\t\t<\/a>\n\t\t\t\t\t\t\t\t<\/div>\n\t\t\t\t<div class=\"elementor-element elementor-element-d0cce40 elementor-widget elementor-widget-button\" data-id=\"d0cce40\" data-element_type=\"widget\" data-e-type=\"widget\" data-widget_type=\"button.default\">\n\t\t\t\t\t\t\t\t\t\t<a class=\"elementor-button elementor-button-link elementor-size-sm\" href=\"https:\/\/goias.gov.br\/controladoria\/embaixadoresdacidadania\/cronograma\/\">\n\t\t\t\t\t\t<span class=\"elementor-button-content-wrapper\">\n\t\t\t\t\t\t\t\t\t<span class=\"elementor-button-text\">CRONOGRAMA<\/span>\n\t\t\t\t\t<\/span>\n\t\t\t\t\t<\/a>\n\t\t\t\t\t\t\t\t<\/div>\n\t\t\t\t<div class=\"elementor-element elementor-element-acc7d76 elementor-widget elementor-widget-button\" data-id=\"acc7d76\" data-element_type=\"widget\" data-e-type=\"widget\" data-widget_type=\"button.default\">\n\t\t\t\t\t\t\t\t\t\t<a class=\"elementor-button elementor-button-link elementor-size-sm\" href=\"https:\/\/ava.cgegoias.go.gov.br\/\">\n\t\t\t\t\t\t<span class=\"elementor-button-content-wrapper\">\n\t\t\t\t\t\t\t\t\t<span class=\"elementor-button-text\">PLATAFORMA DE APRENDIZAGEM<\/span>\n\t\t\t\t\t<\/span>\n\t\t\t\t\t<\/a>\n\t\t\t\t\t\t\t\t<\/div>\n\t\t\t\t<div class=\"elementor-element elementor-element-f868690 elementor-widget elementor-widget-button\" data-id=\"f868690\" data-element_type=\"widget\" data-e-type=\"widget\" data-widget_type=\"button.default\">\n\t\t\t\t\t\t\t\t\t\t<a class=\"elementor-button elementor-button-link elementor-size-sm\" href=\"https:\/\/goias.gov.br\/controladoria\/embaixadoresdacidadania\/edicoes-anteriores\/\">\n\t\t\t\t\t\t<span class=\"elementor-button-content-wrapper\">\n\t\t\t\t\t\t\t\t\t<span class=\"elementor-button-text\">EDI\u00c7\u00d5ES PASSADAS<\/span>\n\t\t\t\t\t<\/span>\n\t\t\t\t\t<\/a>\n\t\t\t\t\t\t\t\t<\/div>\n\t\t\t\t<div class=\"elementor-element elementor-element-8e623db elementor-widget elementor-widget-button\" data-id=\"8e623db\" data-element_type=\"widget\" data-e-type=\"widget\" data-widget_type=\"button.default\">\n\t\t\t\t\t\t\t\t\t\t<a class=\"elementor-button elementor-button-link elementor-size-sm\" href=\"https:\/\/goias.gov.br\/controladoria\/embaixadoresdacidadania\/quem-faz-acontecer\/\">\n\t\t\t\t\t\t<span class=\"elementor-button-content-wrapper\">\n\t\t\t\t\t\t\t\t\t<span class=\"elementor-button-text\">QUEM FAZ ACONTECER<\/span>\n\t\t\t\t\t<\/span>\n\t\t\t\t\t<\/a>\n\t\t\t\t\t\t\t\t<\/div>\n\t\t\t\t<div class=\"elementor-element elementor-element-e252c32 elementor-widget elementor-widget-button\" data-id=\"e252c32\" data-element_type=\"widget\" data-e-type=\"widget\" data-widget_type=\"button.default\">\n\t\t\t\t\t\t\t\t\t\t<a class=\"elementor-button elementor-button-link elementor-size-sm\" href=\"https:\/\/goias.gov.br\/controladoria\/embaixadoresdacidadania\/contato\/\">\n\t\t\t\t\t\t<span class=\"elementor-button-content-wrapper\">\n\t\t\t\t\t\t\t\t\t<span class=\"elementor-button-text\">CONTATOS<\/span>\n\t\t\t\t\t<\/span>\n\t\t\t\t\t<\/a>\n\t\t\t\t\t\t\t\t<\/div>\n\t\t\t\t<\/div>\n\t\t\t\t<\/div>\n\t\t<div class=\"elementor-element elementor-element-3c8e7aa e-flex e-con-boxed e-con e-child\" data-id=\"3c8e7aa\" data-element_type=\"container\" data-e-type=\"container\">\n\t\t\t\t\t<div class=\"e-con-inner\">\n\t\t\t\t<div class=\"elementor-element elementor-element-47e1bd3 elementor-align-center elementor-widget elementor-widget-button\" data-id=\"47e1bd3\" data-element_type=\"widget\" data-e-type=\"widget\" data-widget_type=\"button.default\">\n\t\t\t\t\t\t\t\t\t\t<a class=\"elementor-button elementor-button-link elementor-size-sm\" href=\"https:\/\/goias.gov.br\/controladoria\/embaixadoresdacidadania\/\">\n\t\t\t\t\t\t<span class=\"elementor-button-content-wrapper\">\n\t\t\t\t\t\t\t\t\t<span class=\"elementor-button-text\">O QUE \u00c9<\/span>\n\t\t\t\t\t<\/span>\n\t\t\t\t\t<\/a>\n\t\t\t\t\t\t\t\t<\/div>\n\t\t\t\t<div class=\"elementor-element elementor-element-f1bd191 elementor-align-center elementor-widget elementor-widget-button\" data-id=\"f1bd191\" data-element_type=\"widget\" data-e-type=\"widget\" data-widget_type=\"button.default\">\n\t\t\t\t\t\t\t\t\t\t<a class=\"elementor-button elementor-button-link elementor-size-sm\" href=\"https:\/\/goias.gov.br\/controladoria\/embaixadoresdacidadania\/fases\/\">\n\t\t\t\t\t\t<span class=\"elementor-button-content-wrapper\">\n\t\t\t\t\t\t\t\t\t<span class=\"elementor-button-text\">FASES<\/span>\n\t\t\t\t\t<\/span>\n\t\t\t\t\t<\/a>\n\t\t\t\t\t\t\t\t<\/div>\n\t\t\t\t<div class=\"elementor-element elementor-element-7934599 elementor-align-center elementor-widget elementor-widget-button\" data-id=\"7934599\" data-element_type=\"widget\" data-e-type=\"widget\" data-widget_type=\"button.default\">\n\t\t\t\t\t\t\t\t\t\t<a class=\"elementor-button elementor-button-link elementor-size-sm\" href=\"https:\/\/goias.gov.br\/controladoria\/embaixadoresdacidadania\/premiacao\/\">\n\t\t\t\t\t\t<span class=\"elementor-button-content-wrapper\">\n\t\t\t\t\t\t\t\t\t<span class=\"elementor-button-text\">PREMIA\u00c7\u00c3O<\/span>\n\t\t\t\t\t<\/span>\n\t\t\t\t\t<\/a>\n\t\t\t\t\t\t\t\t<\/div>\n\t\t\t\t\t<\/div>\n\t\t\t\t<\/div>\n\t\t<div class=\"elementor-element elementor-element-8b1bbe0 e-flex e-con-boxed e-con e-child\" data-id=\"8b1bbe0\" data-element_type=\"container\" data-e-type=\"container\">\n\t\t\t\t\t<div class=\"e-con-inner\">\n\t\t<div class=\"elementor-element elementor-element-e5531e2 e-con-full e-flex e-con e-child\" data-id=\"e5531e2\" data-element_type=\"container\" data-e-type=\"container\">\n\t\t\t\t<div class=\"elementor-element elementor-element-a4ee839 elementor-widget elementor-widget-video\" data-id=\"a4ee839\" data-element_type=\"widget\" data-e-type=\"widget\" data-settings=\"{&quot;youtube_url&quot;:&quot;https:\\\/\\\/www.youtube.com\\\/watch?v=cF39Ix8OUCI&quot;,&quot;video_type&quot;:&quot;youtube&quot;,&quot;controls&quot;:&quot;yes&quot;}\" data-widget_type=\"video.default\">\n\t\t\t\t\t\t\t<div class=\"elementor-wrapper elementor-open-inline\">\n\t\t\t<div class=\"elementor-video\"><\/div>\t\t<\/div>\n\t\t\t\t\t\t<\/div>\n\t\t\t\t<\/div>\n\t\t<div class=\"elementor-element elementor-element-45016a0 e-con-full e-flex e-con e-child\" data-id=\"45016a0\" data-element_type=\"container\" data-e-type=\"container\">\n\t\t\t\t<div class=\"elementor-element elementor-element-595be97 elementor-widget elementor-widget-text-editor\" data-id=\"595be97\" data-element_type=\"widget\" data-e-type=\"widget\" data-widget_type=\"text-editor.default\">\n\t\t\t\t\t\t\t\t\t<p><span style=\"color: #ffffff;\">Embaixadores da Cidadania (EC) \u00e9 <\/span><strong><span style=\"color: #ffffff;\">um programa de Educa\u00e7\u00e3o Cidad\u00e3 que se baseia nos princ\u00edpios de governo aberto: transpar\u00eancia, presta\u00e7\u00e3o de contas, participa\u00e7\u00e3o c\u00edvica, tecnologia e inova\u00e7\u00e3o<\/span><\/strong><span style=\"color: #ffffff;\">. O objetivo do programa \u00e9 promover a educa\u00e7\u00e3o c\u00edvica e estimular a sociedade civil a participar ativamente nas pol\u00edticas do Estado, reconhecendo-se como agente de transforma\u00e7\u00e3o em sua realidade local.<\/span><\/p><p><span style=\"font-weight: 400; color: #ffffff;\">Desde sua primeira edi\u00e7\u00e3o, em 2020, o EC j\u00e1 formou mais de 4.000 embaixadores da cidadania\u00a0 e possibilitou a realiza\u00e7\u00e3o de mais de 400 a\u00e7\u00f5es de impacto social. O projeto tamb\u00e9m alcan\u00e7ou 19 estados e 13 pa\u00edses (Angola, Brasil, Cabo Verde, Cuba, Estados Unidos, Guin\u00e9-Bissau, Haiti, It\u00e1lia,\u00a0 Mo\u00e7ambique, Timor-Leste, Togo, Uruguai, Venezuela). Este sucesso demonstra o poder do programa em estimular o governo aberto e a participa\u00e7\u00e3o social.<\/span><\/p><p><span style=\"color: #ffffff;\">O programa \u00e9 coordenado pela Controladoria-Geral do Estado de Goi\u00e1s (CGE-GO), em parceria com a Universidade Federal de Goi\u00e1s (UFG), a Secretaria de Estado de Sa\u00fade (SES), a Secretaria de Infraestrutura de Goi\u00e1s (SEINFRA) e a Organiza\u00e7\u00e3o das Volunt\u00e1rias de Goi\u00e1s (OVG).<\/span><\/p>\t\t\t\t\t\t\t\t<\/div>\n\t\t\t\t<\/div>\n\t\t\t\t\t<\/div>\n\t\t\t\t<\/div>\n\t\t<div class=\"elementor-element elementor-element-ed9207e e-con-full e-flex e-con e-child\" data-id=\"ed9207e\" data-element_type=\"container\" data-e-type=\"container\">\n\t\t\t\t<div class=\"elementor-element elementor-element-5111bdc elementor-widget elementor-widget-button\" data-id=\"5111bdc\" data-element_type=\"widget\" data-e-type=\"widget\" data-widget_type=\"button.default\">\n\t\t\t\t\t\t\t\t\t\t<a class=\"elementor-button elementor-button-link elementor-size-sm\" href=\"https:\/\/goias.gov.br\/controladoria\/wp-content\/uploads\/sites\/31\/2025\/12\/Resultado-Final-Fase-2-Acoes-de-Impacto-Social.pdf\" target=\"_blank\">\n\t\t\t\t\t\t<span class=\"elementor-button-content-wrapper\">\n\t\t\t\t\t\t\t\t\t<span class=\"elementor-button-text\">RESULTADO FINAL DA FASE 2: A\u00c7\u00d5ES DE IMPACTO SOCIAL<\/span>\n\t\t\t\t\t<\/span>\n\t\t\t\t\t<\/a>\n\t\t\t\t\t\t\t\t<\/div>\n\t\t\t\t<div class=\"elementor-element elementor-element-9133dc7 elementor-widget elementor-widget-button\" data-id=\"9133dc7\" data-element_type=\"widget\" data-e-type=\"widget\" data-widget_type=\"button.default\">\n\t\t\t\t\t\t\t\t\t\t<a class=\"elementor-button elementor-button-link elementor-size-sm\" href=\"https:\/\/goias.gov.br\/controladoria\/wp-content\/uploads\/sites\/31\/2025\/08\/Anexo-do-Termo-Aditivo-Edital-de-Chamamento-Publico-CONSOLIDADO.pdf\" target=\"_blank\">\n\t\t\t\t\t\t<span class=\"elementor-button-content-wrapper\">\n\t\t\t\t\t\t\t\t\t<span class=\"elementor-button-text\">CONFIRA O EDITAL<\/span>\n\t\t\t\t\t<\/span>\n\t\t\t\t\t<\/a>\n\t\t\t\t\t\t\t\t<\/div>\n\t\t\t\t<\/div>\n\t\t\t\t<\/div>\n\t\t<div class=\"elementor-element elementor-element-67e633c e-flex e-con-boxed e-con e-parent\" data-id=\"67e633c\" data-element_type=\"container\" data-e-type=\"container\" data-settings=\"{&quot;background_background&quot;:&quot;classic&quot;}\">\n\t\t\t\t\t<div class=\"e-con-inner\">\n\t\t\t\t<div class=\"elementor-element elementor-element-7168062 elementor-widget elementor-widget-image\" data-id=\"7168062\" data-element_type=\"widget\" data-e-type=\"widget\" data-widget_type=\"image.default\">\n\t\t\t\t\t\t\t\t\t\t\t\t\t\t\t<img decoding=\"async\" width=\"611\" height=\"58\" src=\"https:\/\/goias.gov.br\/controladoria\/wp-content\/uploads\/sites\/31\/2026\/03\/regua-EC.png\" class=\"attachment-full size-full wp-image-254592\" alt=\"\" srcset=\"https:\/\/goias.gov.br\/controladoria\/wp-content\/uploads\/sites\/31\/2026\/03\/regua-EC.png 611w, https:\/\/goias.gov.br\/controladoria\/wp-content\/uploads\/sites\/31\/2026\/03\/regua-EC-300x28.png 300w, https:\/\/goias.gov.br\/controladoria\/wp-content\/uploads\/sites\/31\/2026\/03\/regua-EC-600x58.png 600w\" sizes=\"(max-width: 611px) 100vw, 611px\" \/>\t\t\t\t\t\t\t\t\t\t\t\t\t\t\t<\/div>\n\t\t\t\t\t<\/div>\n\t\t\t\t<\/div>\n\t\t<div class=\"elementor-element elementor-element-a4cfeb4 e-flex e-con-boxed e-con e-parent\" data-id=\"a4cfeb4\" data-element_type=\"container\" data-e-type=\"container\" data-settings=\"{&quot;background_background&quot;:&quot;classic&quot;}\">\n\t\t\t\t\t<div class=\"e-con-inner\">\n\t\t<div class=\"elementor-element elementor-element-51dc29d e-con-full e-flex e-con e-child\" data-id=\"51dc29d\" data-element_type=\"container\" data-e-type=\"container\">\n\t\t\t\t<div class=\"elementor-element elementor-element-0a1b67f elementor-widget elementor-widget-text-editor\" data-id=\"0a1b67f\" data-element_type=\"widget\" data-e-type=\"widget\" data-widget_type=\"text-editor.default\">\n\t\t\t\t\t\t\t\t\t<p style=\"text-align: center;\"><span style=\"color: #ffffff;\"><b>CONTATO:<\/b><\/span><\/p><p style=\"text-align: center;\"><span style=\"color: #ffffff;\"><a class=\"text-light text-decoration-underline\" style=\"color: #ffffff;\" href=\"https:\/\/wa.me\/62982127400\" rel=\"noreferrer\"><i class=\"me-3 fa fa-phone\"><\/i>\u00a0+55 (62) <span style=\"font-weight: 400;\">3201 5377<\/span><\/a><\/span><\/p>\t\t\t\t\t\t\t\t<\/div>\n\t\t\t\t<\/div>\n\t\t<div class=\"elementor-element elementor-element-9393939 e-con-full e-flex e-con e-child\" data-id=\"9393939\" data-element_type=\"container\" data-e-type=\"container\">\n\t\t\t\t<div class=\"elementor-element elementor-element-f7d446d elementor-widget elementor-widget-text-editor\" data-id=\"f7d446d\" data-element_type=\"widget\" data-e-type=\"widget\" data-widget_type=\"text-editor.default\">\n\t\t\t\t\t\t\t\t\t<p><span style=\"color: #ffffff;\"><i class=\"me-3 fa fa-clock-o\"><\/i>\u00a0 08:00 &#8211; 18:00<\/span><\/p>\t\t\t\t\t\t\t\t<\/div>\n\t\t\t\t<\/div>\n\t\t<div class=\"elementor-element elementor-element-e70a350 e-con-full e-flex e-con e-child\" data-id=\"e70a350\" data-element_type=\"container\" data-e-type=\"container\">\n\t\t\t\t<div class=\"elementor-element elementor-element-1e61321 elementor-widget elementor-widget-text-editor\" data-id=\"1e61321\" data-element_type=\"widget\" data-e-type=\"widget\" data-widget_type=\"text-editor.default\">\n\t\t\t\t\t\t\t\t\t<p><span style=\"color: #ffffff;\"><i class=\"me-3 fa fa-envelope-square\"><\/i>\u00a0 \u00a0embaixadoresdacidadania.cge@goias.gov.br<\/span><\/p>\t\t\t\t\t\t\t\t<\/div>\n\t\t\t\t<\/div>\n\t\t<div class=\"elementor-element elementor-element-d6de6c5 e-con-full e-flex e-con e-child\" data-id=\"d6de6c5\" data-element_type=\"container\" data-e-type=\"container\" data-settings=\"{&quot;background_background&quot;:&quot;classic&quot;}\">\n\t\t\t\t<div class=\"elementor-element elementor-element-2d1463c elementor-view-framed elementor-shape-circle elementor-widget elementor-widget-icon\" data-id=\"2d1463c\" data-element_type=\"widget\" data-e-type=\"widget\" data-widget_type=\"icon.default\">\n\t\t\t\t\t\t\t<div class=\"elementor-icon-wrapper\">\n\t\t\t<a class=\"elementor-icon\" href=\"https:\/\/www.instagram.com\/cgegoias?utm_source=ig_web_button_share_sheet&#038;igsh=ZDNlZDc0MzIxNw==\" target=\"_blank\">\n\t\t\t<svg aria-hidden=\"true\" class=\"e-font-icon-svg e-fab-instagram\" viewBox=\"0 0 448 512\" xmlns=\"http:\/\/www.w3.org\/2000\/svg\"><path d=\"M224.1 141c-63.6 0-114.9 51.3-114.9 114.9s51.3 114.9 114.9 114.9S339 319.5 339 255.9 287.7 141 224.1 141zm0 189.6c-41.1 0-74.7-33.5-74.7-74.7s33.5-74.7 74.7-74.7 74.7 33.5 74.7 74.7-33.6 74.7-74.7 74.7zm146.4-194.3c0 14.9-12 26.8-26.8 26.8-14.9 0-26.8-12-26.8-26.8s12-26.8 26.8-26.8 26.8 12 26.8 26.8zm76.1 27.2c-1.7-35.9-9.9-67.7-36.2-93.9-26.2-26.2-58-34.4-93.9-36.2-37-2.1-147.9-2.1-184.9 0-35.8 1.7-67.6 9.9-93.9 36.1s-34.4 58-36.2 93.9c-2.1 37-2.1 147.9 0 184.9 1.7 35.9 9.9 67.7 36.2 93.9s58 34.4 93.9 36.2c37 2.1 147.9 2.1 184.9 0 35.9-1.7 67.7-9.9 93.9-36.2 26.2-26.2 34.4-58 36.2-93.9 2.1-37 2.1-147.8 0-184.8zM398.8 388c-7.8 19.6-22.9 34.7-42.6 42.6-29.5 11.7-99.5 9-132.1 9s-102.7 2.6-132.1-9c-19.6-7.8-34.7-22.9-42.6-42.6-11.7-29.5-9-99.5-9-132.1s-2.6-102.7 9-132.1c7.8-19.6 22.9-34.7 42.6-42.6 29.5-11.7 99.5-9 132.1-9s102.7-2.6 132.1 9c19.6 7.8 34.7 22.9 42.6 42.6 11.7 29.5 9 99.5 9 132.1s2.7 102.7-9 132.1z\"><\/path><\/svg>\t\t\t<\/a>\n\t\t<\/div>\n\t\t\t\t\t\t<\/div>\n\t\t\t\t<div class=\"elementor-element elementor-element-b8a96e8 elementor-view-framed elementor-shape-circle elementor-widget elementor-widget-icon\" data-id=\"b8a96e8\" data-element_type=\"widget\" data-e-type=\"widget\" data-widget_type=\"icon.default\">\n\t\t\t\t\t\t\t<div class=\"elementor-icon-wrapper\">\n\t\t\t<a class=\"elementor-icon\" href=\"https:\/\/www.youtube.com\/@cgegoiasoficial\" target=\"_blank\">\n\t\t\t<svg aria-hidden=\"true\" class=\"e-font-icon-svg e-fab-youtube\" viewBox=\"0 0 576 512\" xmlns=\"http:\/\/www.w3.org\/2000\/svg\"><path d=\"M549.655 124.083c-6.281-23.65-24.787-42.276-48.284-48.597C458.781 64 288 64 288 64S117.22 64 74.629 75.486c-23.497 6.322-42.003 24.947-48.284 48.597-11.412 42.867-11.412 132.305-11.412 132.305s0 89.438 11.412 132.305c6.281 23.65 24.787 41.5 48.284 47.821C117.22 448 288 448 288 448s170.78 0 213.371-11.486c23.497-6.321 42.003-24.171 48.284-47.821 11.412-42.867 11.412-132.305 11.412-132.305s0-89.438-11.412-132.305zm-317.51 213.508V175.185l142.739 81.205-142.739 81.201z\"><\/path><\/svg>\t\t\t<\/a>\n\t\t<\/div>\n\t\t\t\t\t\t<\/div>\n\t\t\t\t<\/div>\n\t\t\t\t\t<\/div>\n\t\t\t\t<\/div>\n\t\t\t\t<\/div>\n\t\t","protected":false},"excerpt":{"rendered":"<p>EDITAL E DOCUMENTOS CRONOGRAMA PLATAFORMA DE APRENDIZAGEM EDI\u00c7\u00d5ES PASSADAS QUEM FAZ ACONTECER CONTATOS O QUE \u00c9 FASES PREMIA\u00c7\u00c3O https:\/\/www.youtube.com\/watch?v=cF39Ix8OUCI Embaixadores da Cidadania (EC) \u00e9 um programa de Educa\u00e7\u00e3o Cidad\u00e3 que se baseia nos princ\u00edpios de governo aberto: transpar\u00eancia, presta\u00e7\u00e3o de contas, participa\u00e7\u00e3o c\u00edvica, tecnologia e inova\u00e7\u00e3o. O objetivo do programa \u00e9 promover a educa\u00e7\u00e3o c\u00edvica [&hellip;]<\/p>\n","protected":false},"author":727,"featured_media":0,"parent":0,"menu_order":1,"comment_status":"closed","ping_status":"closed","template":"elementor_header_footer","meta":{"footnotes":""},"class_list":["post-20132","page","type-page","status-publish","hentry"],"rttpg_featured_image_url":null,"rttpg_author":{"display_name":"moisesmendonca","author_link":"https:\/\/goias.gov.br\/controladoria\/author\/moisesmendonca\/"},"rttpg_comment":0,"rttpg_category":null,"rttpg_excerpt":"EDITAL E DOCUMENTOS CRONOGRAMA PLATAFORMA DE APRENDIZAGEM EDI\u00c7\u00d5ES PASSADAS QUEM FAZ ACONTECER CONTATOS O QUE \u00c9 FASES PREMIA\u00c7\u00c3O https:\/\/www.youtube.com\/watch?v=cF39Ix8OUCI Embaixadores da Cidadania (EC) \u00e9 um programa de Educa\u00e7\u00e3o Cidad\u00e3 que se baseia nos princ\u00edpios de governo aberto: transpar\u00eancia, presta\u00e7\u00e3o de contas, participa\u00e7\u00e3o c\u00edvica, tecnologia e inova\u00e7\u00e3o. O objetivo do programa \u00e9 promover a educa\u00e7\u00e3o c\u00edvica&hellip;","_links":{"self":[{"href":"https:\/\/goias.gov.br\/controladoria\/wp-json\/wp\/v2\/pages\/20132","targetHints":{"allow":["GET"]}}],"collection":[{"href":"https:\/\/goias.gov.br\/controladoria\/wp-json\/wp\/v2\/pages"}],"about":[{"href":"https:\/\/goias.gov.br\/controladoria\/wp-json\/wp\/v2\/types\/page"}],"author":[{"embeddable":true,"href":"https:\/\/goias.gov.br\/controladoria\/wp-json\/wp\/v2\/users\/727"}],"replies":[{"embeddable":true,"href":"https:\/\/goias.gov.br\/controladoria\/wp-json\/wp\/v2\/comments?post=20132"}],"version-history":[{"count":2,"href":"https:\/\/goias.gov.br\/controladoria\/wp-json\/wp\/v2\/pages\/20132\/revisions"}],"predecessor-version":[{"id":254613,"href":"https:\/\/goias.gov.br\/controladoria\/wp-json\/wp\/v2\/pages\/20132\/revisions\/254613"}],"wp:attachment":[{"href":"https:\/\/goias.gov.br\/controladoria\/wp-json\/wp\/v2\/media?parent=20132"}],"curies":[{"name":"wp","href":"https:\/\/api.w.org\/{rel}","templated":true}]}}