

{"id":19801,"date":"2024-06-17T11:33:17","date_gmt":"2024-06-17T14:33:17","guid":{"rendered":"https:\/\/goias.gov.br\/controladoria\/?page_id=19801"},"modified":"2025-11-24T10:36:09","modified_gmt":"2025-11-24T13:36:09","slug":"premio-ouvidoria","status":"publish","type":"page","link":"https:\/\/goias.gov.br\/controladoria\/premio-ouvidoria\/","title":{"rendered":"Pr\u00eamio Ouvidoria"},"content":{"rendered":"\t\t<div data-elementor-type=\"wp-page\" data-elementor-id=\"19801\" class=\"elementor elementor-19801\">\n\t\t\t\t<div class=\"elementor-element elementor-element-2e067b7 e-flex e-con-boxed e-con e-parent\" data-id=\"2e067b7\" data-element_type=\"container\" data-e-type=\"container\">\n\t\t\t\t\t<div class=\"e-con-inner\">\n\t\t\t\t<div class=\"elementor-element elementor-element-4065897 elementor-widget elementor-widget-image\" data-id=\"4065897\" data-element_type=\"widget\" data-e-type=\"widget\" data-widget_type=\"image.default\">\n\t\t\t\t\t\t\t\t\t\t\t\t\t\t\t<img decoding=\"async\" src=\"https:\/\/goias.gov.br\/controladoria\/wp-content\/uploads\/sites\/31\/2024\/06\/bg_SITE_ouvidoria.png\" title=\"\" alt=\"\" loading=\"lazy\" \/>\t\t\t\t\t\t\t\t\t\t\t\t\t\t\t<\/div>\n\t\t\t\t\t<\/div>\n\t\t\t\t<\/div>\n\t\t<div class=\"elementor-element elementor-element-78259b1 e-flex e-con-boxed e-con e-parent\" data-id=\"78259b1\" data-element_type=\"container\" data-e-type=\"container\" data-settings=\"{&quot;background_background&quot;:&quot;classic&quot;}\">\n\t\t\t\t\t<div class=\"e-con-inner\">\n\t\t\t\t<div class=\"elementor-element elementor-element-a6290ed elementor-widget elementor-widget-text-editor\" data-id=\"a6290ed\" data-element_type=\"widget\" data-e-type=\"widget\" data-widget_type=\"text-editor.default\">\n\t\t\t\t\t\t\t\t\t<div class=\"wppb-row-parent wppb-row-1718634413072\"><div class=\"wppb-container \"><div class=\"wppb-row\"><div class=\"wppb-column-parent wppb-column-parent-view wppb-col-1718634413071 \"><div class=\"wppb-column\"><div class=\"wppb-builder-addons\"><div class=\"wppb-builder-addon wppb-addon-1718634662917\" data-addon-id=\"1718634662917\"><div class=\"wppb-addon\"><div class=\"wppb-text-block-addon\"><div class=\"wppb-text-block-content 0\"><p style=\"text-align: center;\"><strong><span style=\"color: #ffffff;\"><span class=\"\">INFORMA\u00c7\u00d5ES COMPLEMENTARES\u00a0<\/span><\/span><\/strong><\/p><\/div><\/div><\/div><\/div><\/div><\/div><\/div><\/div><\/div><\/div>\t\t\t\t\t\t\t\t<\/div>\n\t\t\t\t\t<\/div>\n\t\t\t\t<\/div>\n\t\t<div class=\"elementor-element elementor-element-dbbd071 e-flex e-con-boxed e-con e-parent\" data-id=\"dbbd071\" data-element_type=\"container\" data-e-type=\"container\">\n\t\t\t\t\t<div class=\"e-con-inner\">\n\t\t\t\t<div class=\"elementor-element elementor-element-528e14f elementor-widget elementor-widget-text-editor\" data-id=\"528e14f\" data-element_type=\"widget\" data-e-type=\"widget\" data-widget_type=\"text-editor.default\">\n\t\t\t\t\t\t\t\t\t<ul><li><span style=\"font-size: 12pt;\"><a href=\"https:\/\/goias.gov.br\/controladoria\/wp-content\/uploads\/sites\/31\/2024\/08\/Regulamento-Ouvidorias_29-08.pdf\">Regulamento 2024 (29\/8\/24)<\/a><\/span><\/li><li><span style=\"font-size: 12pt;\"><a href=\"https:\/\/goias.gov.br\/controladoria\/wp-content\/uploads\/sites\/31\/2024\/07\/Portaria-No-66-2024_Premios-PCP-DOE-24264.pdf\">Portaria n\u00ba 66, de 2024, que estabelece as regras dos pr\u00eamios do Programa de Compliance P\u00fablico<\/a><\/span><\/li><li><span style=\"font-size: 12pt;\"><a href=\"https:\/\/goias.gov.br\/escoladegoverno\/wp-content\/uploads\/sites\/28\/2024\/06\/Publicacao_Portaria_Compliance.pdf\"><span class=\"ui-provider a b c d e f g h i j k l m n o p q r s t u v w x y z ab ac ae af ag ah ai aj ak\" dir=\"ltr\">Programa de Certifica\u00e7\u00e3o em Compliance P\u00fablico (Portaria 1.369\/2024)<\/span><\/a><\/span><\/li><li><span style=\"font-size: 12pt;\"><a href=\"https:\/\/www.gov.br\/ouvidorias\/pt-br\/ouvidorias\/certificacao\"><span class=\"ui-provider a b c d e f g h i j k l m n o p q r s t u v w x y z ab ac ae af ag ah ai aj ak\" dir=\"ltr\">Certifica\u00e7\u00e3o em Ouvidoria<\/span><\/a><\/span><\/li><li><span style=\"font-size: 12pt;\"><a href=\"https:\/\/goias.gov.br\/controladoria\/wp-content\/uploads\/sites\/31\/2024\/10\/MatrizPremioAnualOuvidoria2.xlsx\">Matriz de Avalia\u00e7\u00e3o das Ouvidorias\u00a0 (atualizada em 15\/10\/2024)<\/a><\/span><\/li><li><span style=\"font-size: 12pt;\"><a href=\"https:\/\/goias.gov.br\/controladoria\/wp-content\/uploads\/sites\/31\/2024\/10\/Manual-da-Maturidade-Nivel-2-2024.pdf\">Manual de Maturidade &#8211; N\u00edvel 2 (atualizada em 30\/09\/2024)<\/a><br \/><\/span><\/li><li><span style=\"font-size: 12pt;\"><a href=\"https:\/\/drive.google.com\/drive\/folders\/1CSQMga3l7NC1-31SP9a09s7PIgSOmWaG?usp=sharing\"><span class=\"ui-provider a b c d e f g h i j k l m n o p q r s t u v w x y z ab ac ae af ag ah ai aj ak\" dir=\"ltr\">Modelos de Evid\u00eancias &#8211; Pr\u00eamio de Ouvidoria N\u00edvel 2<\/span><\/a><\/span><\/li><li><span style=\"font-size: 12pt;\"><a href=\"https:\/\/goias.gov.br\/controladoria\/wp-content\/uploads\/sites\/31\/2024\/10\/Maturidade-3.pdf\">Manual de Maturidade &#8211; N\u00edvel 3 (atualizada em 30\/09\/2024)<\/a><\/span><\/li><li><span style=\"font-size: 12pt;\"><a href=\"https:\/\/drive.google.com\/drive\/folders\/1pcTasNreXuIX05b3RHq0VJv4zWBt_f7f?usp=sharing\"><span class=\"ui-provider a b c d e f g h i j k l m n o p q r s t u v w x y z ab ac ae af ag ah ai aj ak\" dir=\"ltr\">Modelos de Evid\u00eancias &#8211; Pr\u00eamio de Ouvidoria N\u00edvel 3\u00a0<\/span><\/a><\/span><\/li><li><span style=\"font-size: 12pt;\"><a href=\"https:\/\/goias.gov.br\/escoladegoverno\/wp-content\/uploads\/sites\/28\/2024\/08\/EGOV-Cronograma-Semestral-2o-semestre_01-08.pdf\"><span class=\"ui-provider a b c d e f g h i j k l m n o p q r s t u v w x y z ab ac ae af ag ah ai aj ak\" dir=\"ltr\">Cronograma da Escola de Governo &#8211; EGOV<\/span><\/a><\/span><\/li><li><span style=\"font-size: 12pt;\"><a href=\"https:\/\/goias.gov.br\/controladoria\/wp-content\/uploads\/sites\/31\/2024\/09\/Cronograma-Premio-de-Ouvidorias-Publicas-5.pdf\">Cronograma do Pr\u00eamio de Ouvidoria<\/a><\/span><\/li><\/ul>\t\t\t\t\t\t\t\t<\/div>\n\t\t\t\t\t<\/div>\n\t\t\t\t<\/div>\n\t\t\t\t<\/div>\n\t\t","protected":false},"excerpt":{"rendered":"<p>INFORMA\u00c7\u00d5ES COMPLEMENTARES\u00a0 Regulamento 2024 (29\/8\/24) Portaria n\u00ba 66, de 2024, que estabelece as regras dos pr\u00eamios do Programa de Compliance P\u00fablico Programa de Certifica\u00e7\u00e3o em Compliance P\u00fablico (Portaria 1.369\/2024) Certifica\u00e7\u00e3o em Ouvidoria Matriz de Avalia\u00e7\u00e3o das Ouvidorias\u00a0 (atualizada em 15\/10\/2024) Manual de Maturidade &#8211; N\u00edvel 2 (atualizada em 30\/09\/2024) Modelos de Evid\u00eancias &#8211; Pr\u00eamio de [&hellip;]<\/p>\n","protected":false},"author":18,"featured_media":0,"parent":0,"menu_order":0,"comment_status":"closed","ping_status":"closed","template":"","meta":{"footnotes":""},"class_list":["post-19801","page","type-page","status-publish","hentry"],"rttpg_featured_image_url":null,"rttpg_author":{"display_name":"joaomsouza","author_link":"https:\/\/goias.gov.br\/controladoria\/author\/joaomsouza\/"},"rttpg_comment":0,"rttpg_category":null,"rttpg_excerpt":"INFORMA\u00c7\u00d5ES COMPLEMENTARES\u00a0 Regulamento 2024 (29\/8\/24) Portaria n\u00ba 66, de 2024, que estabelece as regras dos pr\u00eamios do Programa de Compliance P\u00fablico Programa de Certifica\u00e7\u00e3o em Compliance P\u00fablico (Portaria 1.369\/2024) Certifica\u00e7\u00e3o em Ouvidoria Matriz de Avalia\u00e7\u00e3o das Ouvidorias\u00a0 (atualizada em 15\/10\/2024) Manual de Maturidade &#8211; N\u00edvel 2 (atualizada em 30\/09\/2024) Modelos de Evid\u00eancias &#8211; Pr\u00eamio de&hellip;","_links":{"self":[{"href":"https:\/\/goias.gov.br\/controladoria\/wp-json\/wp\/v2\/pages\/19801","targetHints":{"allow":["GET"]}}],"collection":[{"href":"https:\/\/goias.gov.br\/controladoria\/wp-json\/wp\/v2\/pages"}],"about":[{"href":"https:\/\/goias.gov.br\/controladoria\/wp-json\/wp\/v2\/types\/page"}],"author":[{"embeddable":true,"href":"https:\/\/goias.gov.br\/controladoria\/wp-json\/wp\/v2\/users\/18"}],"replies":[{"embeddable":true,"href":"https:\/\/goias.gov.br\/controladoria\/wp-json\/wp\/v2\/comments?post=19801"}],"version-history":[{"count":2,"href":"https:\/\/goias.gov.br\/controladoria\/wp-json\/wp\/v2\/pages\/19801\/revisions"}],"predecessor-version":[{"id":220886,"href":"https:\/\/goias.gov.br\/controladoria\/wp-json\/wp\/v2\/pages\/19801\/revisions\/220886"}],"wp:attachment":[{"href":"https:\/\/goias.gov.br\/controladoria\/wp-json\/wp\/v2\/media?parent=19801"}],"curies":[{"name":"wp","href":"https:\/\/api.w.org\/{rel}","templated":true}]}}