

{"id":19183,"date":"2024-04-18T15:59:37","date_gmt":"2024-04-18T18:59:37","guid":{"rendered":"https:\/\/goias.gov.br\/controladoria\/?page_id=19183"},"modified":"2026-04-06T09:12:17","modified_gmt":"2026-04-06T12:12:17","slug":"e-books","status":"publish","type":"page","link":"https:\/\/goias.gov.br\/controladoria\/pcm\/e-books\/","title":{"rendered":"E-Books"},"content":{"rendered":"\t\t<div data-elementor-type=\"wp-page\" data-elementor-id=\"19183\" class=\"elementor elementor-19183\">\n\t\t\t\t<div class=\"elementor-element elementor-element-1fa8da06 e-flex e-con-boxed e-con e-parent\" data-id=\"1fa8da06\" data-element_type=\"container\" data-e-type=\"container\" data-settings=\"{&quot;background_background&quot;:&quot;classic&quot;}\">\n\t\t\t\t\t<div class=\"e-con-inner\">\n\t\t<div class=\"elementor-element elementor-element-5d953852 e-con-full e-flex e-con e-child\" data-id=\"5d953852\" data-element_type=\"container\" data-e-type=\"container\" data-settings=\"{&quot;background_background&quot;:&quot;gradient&quot;}\">\n\t\t\t\t<div class=\"elementor-element elementor-element-10b3bbda elementor-widget elementor-widget-image\" data-id=\"10b3bbda\" data-element_type=\"widget\" data-e-type=\"widget\" data-widget_type=\"image.default\">\n\t\t\t\t\t\t\t\t\t\t\t\t\t\t\t\t<a href=\"https:\/\/goias.gov.br\/controladoria\/pcm\">\n\t\t\t\t\t\t\t<img fetchpriority=\"high\" decoding=\"async\" width=\"1024\" height=\"601\" src=\"https:\/\/goias.gov.br\/controladoria\/wp-content\/uploads\/sites\/31\/2026\/03\/Identidade-Visual-Final-com-fundo-verde-e-5-pontas-1024x601.png\" class=\"attachment-large size-large wp-image-253784\" alt=\"\" srcset=\"https:\/\/goias.gov.br\/controladoria\/wp-content\/uploads\/sites\/31\/2026\/03\/Identidade-Visual-Final-com-fundo-verde-e-5-pontas-1024x601.png 1024w, https:\/\/goias.gov.br\/controladoria\/wp-content\/uploads\/sites\/31\/2026\/03\/Identidade-Visual-Final-com-fundo-verde-e-5-pontas-300x176.png 300w, https:\/\/goias.gov.br\/controladoria\/wp-content\/uploads\/sites\/31\/2026\/03\/Identidade-Visual-Final-com-fundo-verde-e-5-pontas-768x451.png 768w, https:\/\/goias.gov.br\/controladoria\/wp-content\/uploads\/sites\/31\/2026\/03\/Identidade-Visual-Final-com-fundo-verde-e-5-pontas-1536x901.png 1536w, https:\/\/goias.gov.br\/controladoria\/wp-content\/uploads\/sites\/31\/2026\/03\/Identidade-Visual-Final-com-fundo-verde-e-5-pontas-2048x1202.png 2048w\" sizes=\"(max-width: 1024px) 100vw, 1024px\" \/>\t\t\t\t\t\t\t\t<\/a>\n\t\t\t\t\t\t\t\t\t\t\t\t\t\t\t<\/div>\n\t\t\t\t<\/div>\n\t\t<div class=\"elementor-element elementor-element-38f24e0b e-con-full e-flex e-con e-child\" data-id=\"38f24e0b\" data-element_type=\"container\" data-e-type=\"container\">\n\t\t\t\t<div class=\"elementor-element elementor-element-6541a736 elementor-widget elementor-widget-button\" data-id=\"6541a736\" data-element_type=\"widget\" data-e-type=\"widget\" data-widget_type=\"button.default\">\n\t\t\t\t\t\t\t\t\t\t<a class=\"elementor-button elementor-button-link elementor-size-sm\" href=\"https:\/\/goias.gov.br\/controladoria\/pcm\/edital-e-documentos\/\">\n\t\t\t\t\t\t<span class=\"elementor-button-content-wrapper\">\n\t\t\t\t\t\t\t\t\t<span class=\"elementor-button-text\">EDITAL E DOCUMENTOS<\/span>\n\t\t\t\t\t<\/span>\n\t\t\t\t\t<\/a>\n\t\t\t\t\t\t\t\t<\/div>\n\t\t\t\t<div class=\"elementor-element elementor-element-37ebd5bf elementor-widget elementor-widget-button\" data-id=\"37ebd5bf\" data-element_type=\"widget\" data-e-type=\"widget\" data-widget_type=\"button.default\">\n\t\t\t\t\t\t\t\t\t\t<a class=\"elementor-button elementor-button-link elementor-size-sm\" href=\"https:\/\/goias.gov.br\/controladoria\/pcm\/cronograma-2026\/\">\n\t\t\t\t\t\t<span class=\"elementor-button-content-wrapper\">\n\t\t\t\t\t\t\t\t\t<span class=\"elementor-button-text\">CRONOGRAMA<\/span>\n\t\t\t\t\t<\/span>\n\t\t\t\t\t<\/a>\n\t\t\t\t\t\t\t\t<\/div>\n\t\t\t\t<div class=\"elementor-element elementor-element-19e2d8e7 elementor-widget elementor-widget-button\" data-id=\"19e2d8e7\" data-element_type=\"widget\" data-e-type=\"widget\" data-widget_type=\"button.default\">\n\t\t\t\t\t\t\t\t\t\t<a class=\"elementor-button elementor-button-link elementor-size-sm\" href=\"https:\/\/goias.gov.br\/controladoria\/pcm\/plataformas\/\">\n\t\t\t\t\t\t<span class=\"elementor-button-content-wrapper\">\n\t\t\t\t\t\t\t\t\t<span class=\"elementor-button-text\">PLATAFORMAS<\/span>\n\t\t\t\t\t<\/span>\n\t\t\t\t\t<\/a>\n\t\t\t\t\t\t\t\t<\/div>\n\t\t\t\t<div class=\"elementor-element elementor-element-24531036 elementor-widget elementor-widget-button\" data-id=\"24531036\" data-element_type=\"widget\" data-e-type=\"widget\" data-widget_type=\"button.default\">\n\t\t\t\t\t\t\t\t\t\t<a class=\"elementor-button elementor-button-link elementor-size-sm\" href=\"https:\/\/goias.gov.br\/controladoria\/pcm\/a-equipe\/\">\n\t\t\t\t\t\t<span class=\"elementor-button-content-wrapper\">\n\t\t\t\t\t\t\t\t\t<span class=\"elementor-button-text\">A EQUIPE<\/span>\n\t\t\t\t\t<\/span>\n\t\t\t\t\t<\/a>\n\t\t\t\t\t\t\t\t<\/div>\n\t\t\t\t<div class=\"elementor-element elementor-element-4a51a427 elementor-widget elementor-widget-button\" data-id=\"4a51a427\" data-element_type=\"widget\" data-e-type=\"widget\" data-widget_type=\"button.default\">\n\t\t\t\t\t\t\t\t\t\t<a class=\"elementor-button elementor-button-link elementor-size-sm\" href=\"https:\/\/goias.gov.br\/controladoria\/pcm\/fale-conosco\/\">\n\t\t\t\t\t\t<span class=\"elementor-button-content-wrapper\">\n\t\t\t\t\t\t\t\t\t<span class=\"elementor-button-text\">FALE CONOSCO<\/span>\n\t\t\t\t\t<\/span>\n\t\t\t\t\t<\/a>\n\t\t\t\t\t\t\t\t<\/div>\n\t\t\t\t<\/div>\n\t\t\t\t\t<\/div>\n\t\t\t\t<\/div>\n\t\t<div class=\"elementor-element elementor-element-165511d9 e-flex e-con-boxed e-con e-parent\" data-id=\"165511d9\" data-element_type=\"container\" data-e-type=\"container\">\n\t\t\t\t\t<div class=\"e-con-inner\">\n\t\t<div class=\"elementor-element elementor-element-950f265 e-con-full e-flex e-con e-child\" data-id=\"950f265\" data-element_type=\"container\" data-e-type=\"container\">\n\t\t\t\t<div class=\"elementor-element elementor-element-2801cbe elementor-align-center elementor-widget elementor-widget-button\" data-id=\"2801cbe\" data-element_type=\"widget\" data-e-type=\"widget\" data-widget_type=\"button.default\">\n\t\t\t\t\t\t\t\t\t\t<a class=\"elementor-button elementor-button-link elementor-size-sm\" href=\"https:\/\/goias.gov.br\/controladoria\/pcm\/\">\n\t\t\t\t\t\t<span class=\"elementor-button-content-wrapper\">\n\t\t\t\t\t\t\t\t\t<span class=\"elementor-button-text\">O QUE \u00c9<\/span>\n\t\t\t\t\t<\/span>\n\t\t\t\t\t<\/a>\n\t\t\t\t\t\t\t\t<\/div>\n\t\t\t\t<div class=\"elementor-element elementor-element-68f3e9b elementor-align-center elementor-widget elementor-widget-button\" data-id=\"68f3e9b\" data-element_type=\"widget\" data-e-type=\"widget\" data-widget_type=\"button.default\">\n\t\t\t\t\t\t\t\t\t\t<a class=\"elementor-button elementor-button-link elementor-size-sm\" href=\"https:\/\/goias.gov.br\/controladoria\/pcm\/quem-participa\">\n\t\t\t\t\t\t<span class=\"elementor-button-content-wrapper\">\n\t\t\t\t\t\t\t\t\t<span class=\"elementor-button-text\">QUEM PARTICIPA<\/span>\n\t\t\t\t\t<\/span>\n\t\t\t\t\t<\/a>\n\t\t\t\t\t\t\t\t<\/div>\n\t\t\t\t<div class=\"elementor-element elementor-element-c026b0d elementor-align-center elementor-widget elementor-widget-button\" data-id=\"c026b0d\" data-element_type=\"widget\" data-e-type=\"widget\" data-widget_type=\"button.default\">\n\t\t\t\t\t\t\t\t\t\t<a class=\"elementor-button elementor-button-link elementor-size-sm\" href=\"https:\/\/goias.gov.br\/controladoria\/pcm\/edicoes-anteriores\/\">\n\t\t\t\t\t\t<span class=\"elementor-button-content-wrapper\">\n\t\t\t\t\t\t\t\t\t<span class=\"elementor-button-text\">EDI\u00c7\u00d5ES ANTERIORES<\/span>\n\t\t\t\t\t<\/span>\n\t\t\t\t\t<\/a>\n\t\t\t\t\t\t\t\t<\/div>\n\t\t\t\t<div class=\"elementor-element elementor-element-9a59b87 elementor-align-center elementor-widget elementor-widget-button\" data-id=\"9a59b87\" data-element_type=\"widget\" data-e-type=\"widget\" data-widget_type=\"button.default\">\n\t\t\t\t\t\t\t\t\t\t<a class=\"elementor-button elementor-button-link elementor-size-sm\" href=\"https:\/\/goias.gov.br\/controladoria\/pcm\/e-books\/\">\n\t\t\t\t\t\t<span class=\"elementor-button-content-wrapper\">\n\t\t\t\t\t\t\t\t\t<span class=\"elementor-button-text\">E-BOOKS<\/span>\n\t\t\t\t\t<\/span>\n\t\t\t\t\t<\/a>\n\t\t\t\t\t\t\t\t<\/div>\n\t\t\t\t<\/div>\n\t\t\t\t\t<\/div>\n\t\t\t\t<\/div>\n\t\t<div class=\"elementor-element elementor-element-eceb6db e-flex e-con-boxed e-con e-parent\" data-id=\"eceb6db\" data-element_type=\"container\" data-e-type=\"container\">\n\t\t\t\t\t<div class=\"e-con-inner\">\n\t\t\t\t<div class=\"elementor-element elementor-element-15eec13 elementor-widget elementor-widget-text-editor\" data-id=\"15eec13\" data-element_type=\"widget\" data-e-type=\"widget\" data-widget_type=\"text-editor.default\">\n\t\t\t\t\t\t\t\t\t<p style=\"text-align: center;\"><span style=\"font-size: 18pt;\"><strong>E-BOOKS<\/strong><\/span><\/p>\t\t\t\t\t\t\t\t<\/div>\n\t\t\t\t\t<\/div>\n\t\t\t\t<\/div>\n\t\t<div class=\"elementor-element elementor-element-340358b e-flex e-con-boxed e-con e-parent\" data-id=\"340358b\" data-element_type=\"container\" data-e-type=\"container\">\n\t\t\t\t\t<div class=\"e-con-inner\">\n\t\t<div class=\"elementor-element elementor-element-e2b718a e-con-full e-flex e-con e-child\" data-id=\"e2b718a\" data-element_type=\"container\" data-e-type=\"container\">\n\t\t\t\t<div class=\"elementor-element elementor-element-5169ed0 elementor-widget elementor-widget-image\" data-id=\"5169ed0\" data-element_type=\"widget\" data-e-type=\"widget\" data-widget_type=\"image.default\">\n\t\t\t\t\t\t\t\t\t\t\t\t\t\t\t<img decoding=\"async\" src=\"https:\/\/goias.gov.br\/controladoria\/wp-content\/uploads\/sites\/31\/2025\/04\/Mockup-Capa.png\" title=\"\" alt=\"\" loading=\"lazy\" \/>\t\t\t\t\t\t\t\t\t\t\t\t\t\t\t<\/div>\n\t\t\t\t<\/div>\n\t\t<div class=\"elementor-element elementor-element-df1cc6d e-con-full e-flex e-con e-child\" data-id=\"df1cc6d\" data-element_type=\"container\" data-e-type=\"container\">\n\t\t\t\t<div class=\"elementor-element elementor-element-9dacae2 elementor-widget elementor-widget-text-editor\" data-id=\"9dacae2\" data-element_type=\"widget\" data-e-type=\"widget\" data-widget_type=\"text-editor.default\">\n\t\t\t\t\t\t\t\t\t<p><span style=\"font-size: 14pt;\"><strong>E-Book &#8211; 2025<\/strong><\/span><\/p>\t\t\t\t\t\t\t\t<\/div>\n\t\t\t\t<div class=\"elementor-element elementor-element-72f5946 elementor-widget elementor-widget-button\" data-id=\"72f5946\" data-element_type=\"widget\" data-e-type=\"widget\" data-widget_type=\"button.default\">\n\t\t\t\t\t\t\t\t\t\t<a class=\"elementor-button elementor-button-link elementor-size-sm\" href=\"https:\/\/goias.gov.br\/controladoria\/wp-content\/uploads\/sites\/31\/2026\/03\/E-book-PCM-1.pdf\">\n\t\t\t\t\t\t<span class=\"elementor-button-content-wrapper\">\n\t\t\t\t\t\t\t\t\t<span class=\"elementor-button-text\">Download<\/span>\n\t\t\t\t\t<\/span>\n\t\t\t\t\t<\/a>\n\t\t\t\t\t\t\t\t<\/div>\n\t\t\t\t<\/div>\n\t\t<div class=\"elementor-element elementor-element-38335da e-con-full e-flex e-con e-child\" data-id=\"38335da\" data-element_type=\"container\" data-e-type=\"container\">\n\t\t\t\t<div class=\"elementor-element elementor-element-7918e26 elementor-widget elementor-widget-text-editor\" data-id=\"7918e26\" data-element_type=\"widget\" data-e-type=\"widget\" data-widget_type=\"text-editor.default\">\n\t\t\t\t\t\t\t\t\t<p><span style=\"font-size: 14pt;\"><strong>E-Book &#8211; 2024<\/strong><\/span><\/p>\t\t\t\t\t\t\t\t<\/div>\n\t\t\t\t<div class=\"elementor-element elementor-element-d4a34d2 elementor-widget elementor-widget-button\" data-id=\"d4a34d2\" data-element_type=\"widget\" data-e-type=\"widget\" data-widget_type=\"button.default\">\n\t\t\t\t\t\t\t\t\t\t<a class=\"elementor-button elementor-button-link elementor-size-sm\" href=\"https:\/\/goias.gov.br\/controladoria\/wp-content\/uploads\/sites\/31\/2024\/05\/EBOOK-PCM.pdf\">\n\t\t\t\t\t\t<span class=\"elementor-button-content-wrapper\">\n\t\t\t\t\t\t\t\t\t<span class=\"elementor-button-text\">Download<\/span>\n\t\t\t\t\t<\/span>\n\t\t\t\t\t<\/a>\n\t\t\t\t\t\t\t\t<\/div>\n\t\t\t\t<\/div>\n\t\t\t\t\t<\/div>\n\t\t\t\t<\/div>\n\t\t<div class=\"elementor-element elementor-element-1eca2d7d e-flex e-con-boxed e-con e-parent\" data-id=\"1eca2d7d\" data-element_type=\"container\" data-e-type=\"container\">\n\t\t\t\t\t<div class=\"e-con-inner\">\n\t\t\t\t<div class=\"elementor-element elementor-element-9f8b34f elementor-widget elementor-widget-spacer\" data-id=\"9f8b34f\" data-element_type=\"widget\" data-e-type=\"widget\" data-widget_type=\"spacer.default\">\n\t\t\t\t\t\t\t<div class=\"elementor-spacer\">\n\t\t\t<div class=\"elementor-spacer-inner\"><\/div>\n\t\t<\/div>\n\t\t\t\t\t\t<\/div>\n\t\t\t\t\t<\/div>\n\t\t\t\t<\/div>\n\t\t<div class=\"elementor-element elementor-element-527f02d1 e-flex e-con-boxed e-con e-parent\" data-id=\"527f02d1\" data-element_type=\"container\" data-e-type=\"container\" data-settings=\"{&quot;background_background&quot;:&quot;classic&quot;}\">\n\t\t\t\t\t<div class=\"e-con-inner\">\n\t\t\t\t<div class=\"elementor-element elementor-element-679d9f50 elementor-widget elementor-widget-image\" data-id=\"679d9f50\" data-element_type=\"widget\" data-e-type=\"widget\" data-widget_type=\"image.default\">\n\t\t\t\t\t\t\t\t\t\t\t\t\t\t\t<img decoding=\"async\" width=\"1024\" height=\"145\" src=\"https:\/\/goias.gov.br\/controladoria\/wp-content\/uploads\/sites\/31\/2026\/03\/Site-CGE-PCM-2026-1024x145.png\" class=\"attachment-large size-large wp-image-254436\" alt=\"\" srcset=\"https:\/\/goias.gov.br\/controladoria\/wp-content\/uploads\/sites\/31\/2026\/03\/Site-CGE-PCM-2026-1024x145.png 1024w, https:\/\/goias.gov.br\/controladoria\/wp-content\/uploads\/sites\/31\/2026\/03\/Site-CGE-PCM-2026-300x43.png 300w, https:\/\/goias.gov.br\/controladoria\/wp-content\/uploads\/sites\/31\/2026\/03\/Site-CGE-PCM-2026-768x109.png 768w, https:\/\/goias.gov.br\/controladoria\/wp-content\/uploads\/sites\/31\/2026\/03\/Site-CGE-PCM-2026.png 1100w\" sizes=\"(max-width: 1024px) 100vw, 1024px\" \/>\t\t\t\t\t\t\t\t\t\t\t\t\t\t\t<\/div>\n\t\t\t\t\t<\/div>\n\t\t\t\t<\/div>\n\t\t\t\t<\/div>\n\t\t","protected":false},"excerpt":{"rendered":"<p>EDITAL E DOCUMENTOS CRONOGRAMA PLATAFORMAS A EQUIPE FALE CONOSCO O QUE \u00c9 QUEM PARTICIPA EDI\u00c7\u00d5ES ANTERIORES E-BOOKS E-BOOKS E-Book &#8211; 2025 Download E-Book &#8211; 2024 Download<\/p>\n","protected":false},"author":18,"featured_media":0,"parent":19157,"menu_order":0,"comment_status":"closed","ping_status":"closed","template":"elementor_header_footer","meta":{"footnotes":""},"class_list":["post-19183","page","type-page","status-publish","hentry"],"rttpg_featured_image_url":null,"rttpg_author":{"display_name":"joaomsouza","author_link":"https:\/\/goias.gov.br\/controladoria\/author\/joaomsouza\/"},"rttpg_comment":0,"rttpg_category":null,"rttpg_excerpt":"EDITAL E DOCUMENTOS CRONOGRAMA PLATAFORMAS A EQUIPE FALE CONOSCO O QUE \u00c9 QUEM PARTICIPA EDI\u00c7\u00d5ES ANTERIORES E-BOOKS E-BOOKS E-Book &#8211; 2025 Download E-Book &#8211; 2024 Download","_links":{"self":[{"href":"https:\/\/goias.gov.br\/controladoria\/wp-json\/wp\/v2\/pages\/19183","targetHints":{"allow":["GET"]}}],"collection":[{"href":"https:\/\/goias.gov.br\/controladoria\/wp-json\/wp\/v2\/pages"}],"about":[{"href":"https:\/\/goias.gov.br\/controladoria\/wp-json\/wp\/v2\/types\/page"}],"author":[{"embeddable":true,"href":"https:\/\/goias.gov.br\/controladoria\/wp-json\/wp\/v2\/users\/18"}],"replies":[{"embeddable":true,"href":"https:\/\/goias.gov.br\/controladoria\/wp-json\/wp\/v2\/comments?post=19183"}],"version-history":[{"count":2,"href":"https:\/\/goias.gov.br\/controladoria\/wp-json\/wp\/v2\/pages\/19183\/revisions"}],"predecessor-version":[{"id":269824,"href":"https:\/\/goias.gov.br\/controladoria\/wp-json\/wp\/v2\/pages\/19183\/revisions\/269824"}],"up":[{"embeddable":true,"href":"https:\/\/goias.gov.br\/controladoria\/wp-json\/wp\/v2\/pages\/19157"}],"wp:attachment":[{"href":"https:\/\/goias.gov.br\/controladoria\/wp-json\/wp\/v2\/media?parent=19183"}],"curies":[{"name":"wp","href":"https:\/\/api.w.org\/{rel}","templated":true}]}}