

{"id":19133,"date":"2024-04-16T13:23:25","date_gmt":"2024-04-16T16:23:25","guid":{"rendered":"https:\/\/goias.gov.br\/controladoria\/?page_id=19133"},"modified":"2025-11-24T10:16:19","modified_gmt":"2025-11-24T13:16:19","slug":"premio-etica-e-responsabilidade","status":"publish","type":"page","link":"https:\/\/goias.gov.br\/controladoria\/premio-etica-e-responsabilidade\/","title":{"rendered":"Pr\u00eamio \u00c9tica e responsabilidade"},"content":{"rendered":"\t\t<div data-elementor-type=\"wp-page\" data-elementor-id=\"19133\" class=\"elementor elementor-19133\">\n\t\t\t\t<div class=\"elementor-element elementor-element-9a6c23a e-flex e-con-boxed e-con e-parent\" data-id=\"9a6c23a\" data-element_type=\"container\" data-e-type=\"container\">\n\t\t\t\t\t<div class=\"e-con-inner\">\n\t\t\t\t<div class=\"elementor-element elementor-element-1821a47 elementor-widget elementor-widget-image\" data-id=\"1821a47\" data-element_type=\"widget\" data-e-type=\"widget\" data-widget_type=\"image.default\">\n\t\t\t\t\t\t\t\t\t\t\t\t\t\t\t<img decoding=\"async\" src=\"https:\/\/goias.gov.br\/controladoria\/wp-content\/uploads\/sites\/31\/2024\/04\/ETICA-E-RESPONSABILIDADE-PROJETO-2.png\" title=\"\" alt=\"\" loading=\"lazy\" \/>\t\t\t\t\t\t\t\t\t\t\t\t\t\t\t<\/div>\n\t\t\t\t\t<\/div>\n\t\t\t\t<\/div>\n\t\t<div class=\"elementor-element elementor-element-8df3f03 e-flex e-con-boxed e-con e-parent\" data-id=\"8df3f03\" data-element_type=\"container\" data-e-type=\"container\">\n\t\t\t\t\t<div class=\"e-con-inner\">\n\t\t\t\t<div class=\"elementor-element elementor-element-f5e48fe elementor-widget elementor-widget-image\" data-id=\"f5e48fe\" data-element_type=\"widget\" data-e-type=\"widget\" data-widget_type=\"image.default\">\n\t\t\t\t\t\t\t\t\t\t\t\t\t\t\t<img decoding=\"async\" src=\"https:\/\/goias.gov.br\/controladoria\/wp-content\/uploads\/sites\/31\/2024\/04\/Group-10.png\" title=\"\" alt=\"\" loading=\"lazy\" \/>\t\t\t\t\t\t\t\t\t\t\t\t\t\t\t<\/div>\n\t\t\t\t\t<\/div>\n\t\t\t\t<\/div>\n\t\t<div class=\"elementor-element elementor-element-8114f42 e-flex e-con-boxed e-con e-parent\" data-id=\"8114f42\" data-element_type=\"container\" data-e-type=\"container\">\n\t\t\t\t\t<div class=\"e-con-inner\">\n\t\t\t\t<div class=\"elementor-element elementor-element-ccb9725 elementor-widget elementor-widget-text-editor\" data-id=\"ccb9725\" data-element_type=\"widget\" data-e-type=\"widget\" data-widget_type=\"text-editor.default\">\n\t\t\t\t\t\t\t\t\t<ul><li><span style=\"font-size: 12pt;\"><a href=\"https:\/\/goias.gov.br\/controladoria\/wp-content\/uploads\/sites\/31\/2024\/09\/Regulamento-do-Premio-Etica-e-Responsabilidade-Versao-04-1.pdf\"><span class=\"ui-provider a b c d e f g h i j k l m n o p q r s t u v w x y z ab ac ae af ag ah ai aj ak\" dir=\"ltr\">Regulamento (vers\u00e3o 04 &#8211; 08\/08\/2024)<\/span><\/a><\/span><\/li><li><span style=\"font-size: 12pt;\"><a href=\"https:\/\/goias.gov.br\/controladoria\/wp-content\/uploads\/sites\/31\/2024\/04\/Portaria-No-66-2024_Premios-PCP-DOE-24264.pdf\">Portaria 66\/2024 &#8211; Pr\u00eamios PCP<\/a><\/span><\/li><li><span style=\"font-size: 12pt;\"><a href=\"https:\/\/app.smartsheet.com\/b\/form\/f39a706d7f4b484eb7b271eae2e3947b\">Formul\u00e1rio de Trabalho Online<\/a><\/span><\/li><li><span style=\"font-size: 12pt;\">Whatsapp tira-d\u00favidas: 62 3201-5370<\/span><\/li><li><span style=\"font-size: 12pt;\"><a href=\"https:\/\/chat.whatsapp.com\/CG6gsLLKfI5KbQ7kt23mY2\">Comunidade no Whatsapp\u00a0<\/a><\/span><\/li><li><span style=\"font-size: 12pt;\"><a href=\"https:\/\/youtu.be\/m1ND74Hjd2c\" target=\"_blank\" rel=\"noopener\">1\u00aa Oficina sobre o regulamento do pr\u00eamio \u00c9tica &#8211; PCP 2024 (realizada em 23\/4)<\/a><\/span><\/li><li><span style=\"font-size: 12pt;\"><a href=\"https:\/\/goias.gov.br\/controladoria\/cge-prestigia-entidades-e-orgaos-de-governo-com-1o-premio-etica-e-responsabilidade\/\">Entrega do 1\u00ba Pr\u00eamio \u00c9tica e Responsabilidade (realizado em 17\/10\/2024)\u00a0<\/a><\/span><\/li><\/ul>\t\t\t\t\t\t\t\t<\/div>\n\t\t\t\t\t<\/div>\n\t\t\t\t<\/div>\n\t\t<div class=\"elementor-element elementor-element-4f4b9f6 e-flex e-con-boxed e-con e-parent\" data-id=\"4f4b9f6\" data-element_type=\"container\" data-e-type=\"container\">\n\t\t\t\t\t<div class=\"e-con-inner\">\n\t\t\t\t<div class=\"elementor-element elementor-element-796e2a0 elementor-widget elementor-widget-image\" data-id=\"796e2a0\" data-element_type=\"widget\" data-e-type=\"widget\" data-widget_type=\"image.default\">\n\t\t\t\t\t\t\t\t\t\t\t\t\t\t\t\t<a href=\"https:\/\/app.controladoria.go.gov.br\/corregedoria\/premioeticaeresponsabilidade\/\" target=\"_blank\">\n\t\t\t\t\t\t\t<img decoding=\"async\" src=\"https:\/\/goias.gov.br\/controladoria\/wp-content\/uploads\/sites\/31\/2024\/09\/Banner-site_6encontro.jpg\" title=\"\" alt=\"\" loading=\"lazy\" \/>\t\t\t\t\t\t\t\t<\/a>\n\t\t\t\t\t\t\t\t\t\t\t\t\t\t\t<\/div>\n\t\t\t\t\t<\/div>\n\t\t\t\t<\/div>\n\t\t\t\t<\/div>\n\t\t","protected":false},"excerpt":{"rendered":"<p>Regulamento (vers\u00e3o 04 &#8211; 08\/08\/2024) Portaria 66\/2024 &#8211; Pr\u00eamios PCP Formul\u00e1rio de Trabalho Online Whatsapp tira-d\u00favidas: 62 3201-5370 Comunidade no Whatsapp\u00a0 1\u00aa Oficina sobre o regulamento do pr\u00eamio \u00c9tica &#8211; PCP 2024 (realizada em 23\/4) Entrega do 1\u00ba Pr\u00eamio \u00c9tica e Responsabilidade (realizado em 17\/10\/2024)\u00a0<\/p>\n","protected":false},"author":463,"featured_media":0,"parent":0,"menu_order":0,"comment_status":"closed","ping_status":"closed","template":"","meta":{"footnotes":""},"class_list":["post-19133","page","type-page","status-publish","hentry"],"rttpg_featured_image_url":null,"rttpg_author":{"display_name":"veronicasilva","author_link":"https:\/\/goias.gov.br\/controladoria\/author\/veronicasilva\/"},"rttpg_comment":0,"rttpg_category":null,"rttpg_excerpt":"Regulamento (vers\u00e3o 04 &#8211; 08\/08\/2024) Portaria 66\/2024 &#8211; Pr\u00eamios PCP Formul\u00e1rio de Trabalho Online Whatsapp tira-d\u00favidas: 62 3201-5370 Comunidade no Whatsapp\u00a0 1\u00aa Oficina sobre o regulamento do pr\u00eamio \u00c9tica &#8211; PCP 2024 (realizada em 23\/4) Entrega do 1\u00ba Pr\u00eamio \u00c9tica e Responsabilidade (realizado em 17\/10\/2024)\u00a0","_links":{"self":[{"href":"https:\/\/goias.gov.br\/controladoria\/wp-json\/wp\/v2\/pages\/19133","targetHints":{"allow":["GET"]}}],"collection":[{"href":"https:\/\/goias.gov.br\/controladoria\/wp-json\/wp\/v2\/pages"}],"about":[{"href":"https:\/\/goias.gov.br\/controladoria\/wp-json\/wp\/v2\/types\/page"}],"author":[{"embeddable":true,"href":"https:\/\/goias.gov.br\/controladoria\/wp-json\/wp\/v2\/users\/463"}],"replies":[{"embeddable":true,"href":"https:\/\/goias.gov.br\/controladoria\/wp-json\/wp\/v2\/comments?post=19133"}],"version-history":[{"count":2,"href":"https:\/\/goias.gov.br\/controladoria\/wp-json\/wp\/v2\/pages\/19133\/revisions"}],"predecessor-version":[{"id":220732,"href":"https:\/\/goias.gov.br\/controladoria\/wp-json\/wp\/v2\/pages\/19133\/revisions\/220732"}],"wp:attachment":[{"href":"https:\/\/goias.gov.br\/controladoria\/wp-json\/wp\/v2\/media?parent=19133"}],"curies":[{"name":"wp","href":"https:\/\/api.w.org\/{rel}","templated":true}]}}