

{"id":19123,"date":"2024-04-16T13:24:13","date_gmt":"2024-04-16T16:24:13","guid":{"rendered":"https:\/\/goias.gov.br\/controladoria\/?page_id=19123"},"modified":"2025-11-24T08:33:19","modified_gmt":"2025-11-24T11:33:19","slug":"premio-governanca","status":"publish","type":"page","link":"https:\/\/goias.gov.br\/controladoria\/premio-governanca\/","title":{"rendered":"Pr\u00eamio Governan\u00e7a"},"content":{"rendered":"\t\t<div data-elementor-type=\"wp-page\" data-elementor-id=\"19123\" class=\"elementor elementor-19123\">\n\t\t\t\t<div class=\"elementor-element elementor-element-61b676c e-flex e-con-boxed e-con e-parent\" data-id=\"61b676c\" data-element_type=\"container\" data-e-type=\"container\">\n\t\t\t\t\t<div class=\"e-con-inner\">\n\t\t\t\t<div class=\"elementor-element elementor-element-16b0e0f elementor-widget elementor-widget-image\" data-id=\"16b0e0f\" data-element_type=\"widget\" data-e-type=\"widget\" data-widget_type=\"image.default\">\n\t\t\t\t\t\t\t\t\t\t\t\t\t\t\t<img decoding=\"async\" src=\"https:\/\/goias.gov.br\/controladoria\/wp-content\/uploads\/sites\/31\/2024\/04\/PREMIO-GOVERNANCA-PROJETO-2.png\" title=\"\" alt=\"\" loading=\"lazy\" \/>\t\t\t\t\t\t\t\t\t\t\t\t\t\t\t<\/div>\n\t\t\t\t\t<\/div>\n\t\t\t\t<\/div>\n\t\t<div class=\"elementor-element elementor-element-094b899 e-flex e-con-boxed e-con e-parent\" data-id=\"094b899\" data-element_type=\"container\" data-e-type=\"container\">\n\t\t\t\t\t<div class=\"e-con-inner\">\n\t\t\t\t<div class=\"elementor-element elementor-element-3236bdd elementor-widget elementor-widget-image\" data-id=\"3236bdd\" data-element_type=\"widget\" data-e-type=\"widget\" data-widget_type=\"image.default\">\n\t\t\t\t\t\t\t\t\t\t\t\t\t\t\t<img decoding=\"async\" src=\"https:\/\/goias.gov.br\/controladoria\/wp-content\/uploads\/sites\/31\/2024\/04\/Group-9-3.png\" title=\"\" alt=\"\" loading=\"lazy\" \/>\t\t\t\t\t\t\t\t\t\t\t\t\t\t\t<\/div>\n\t\t\t\t\t<\/div>\n\t\t\t\t<\/div>\n\t\t<div class=\"elementor-element elementor-element-96198b5 e-flex e-con-boxed e-con e-parent\" data-id=\"96198b5\" data-element_type=\"container\" data-e-type=\"container\">\n\t\t\t\t\t<div class=\"e-con-inner\">\n\t\t\t\t<div class=\"elementor-element elementor-element-1ae8530 elementor-widget elementor-widget-text-editor\" data-id=\"1ae8530\" data-element_type=\"widget\" data-e-type=\"widget\" data-widget_type=\"text-editor.default\">\n\t\t\t\t\t\t\t\t\t<ul><li><span style=\"font-size: 12pt;\"><a href=\"https:\/\/goias.gov.br\/controladoria\/wp-content\/uploads\/sites\/31\/2024\/04\/REGULAMENTO-PRE\u0302MIO-GOVERNANC\u0327A-2024-1.pdf\">Regulamento 2024<\/a><\/span><\/li><li><span style=\"font-size: 12pt;\"><a href=\"https:\/\/goias.gov.br\/controladoria\/wp-content\/uploads\/sites\/31\/2024\/06\/Anexo-II-Cronograma-atualizado.pdf\">Anexo II &#8211; <span style=\"color: #3366ff;\"><strong>Cronograma atualizado<\/strong><\/span> (5\/6\/24)<\/a><\/span><\/li><li><span style=\"font-size: 12pt;\"><a href=\"https:\/\/goias.gov.br\/controladoria\/wp-content\/uploads\/sites\/31\/2024\/04\/Portaria-No-66-2024_Premios-PCP-DOE-24264.pdf\">Portaria 66\/2024 &#8211; Pr\u00eamios PCP<\/a><\/span><\/li><li><span style=\"font-size: 12pt;\">Contato: 62 3201-5385<\/span><\/li><li><span style=\"font-size: 12pt;\"><a href=\"https:\/\/chat.whatsapp.com\/HmN7gIS2kSt1w721vhbFnJ\">Comunidade do Whatsapp<\/a><\/span><\/li><li><span style=\"font-size: 12pt;\"><a href=\"https:\/\/youtu.be\/XZluk3okno0\">1\u00aa Oficina sobre o regulamento do pr\u00eamio Governan\u00e7a &#8211; PCP 2024 (realizada em 19\/4)<\/a><\/span><\/li><li><span style=\"font-size: 12pt;\"><a href=\"https:\/\/www.youtube.com\/watch?v=d7k0qDeML_o\">Workshop sobre divulga\u00e7\u00f5es estrat\u00e9gicas do pr\u00eamio de Governan\u00e7a PCP 2024 (realizado em 11\/6)<\/a><\/span><\/li><li><span style=\"font-size: 12pt;\"><a href=\"https:\/\/youtu.be\/sR0HV_KYM-U\">Oficina sobre Pr\u00e1ticas de ESG do pr\u00eamio Governan\u00e7a &#8211; PCP 2024 (realizado em 25\/6)<\/a><\/span><\/li><li><span style=\"font-size: 12pt;\"><a href=\"https:\/\/youtu.be\/erzsSt9R9DM\">Oficina sobre Planejamento Estrat\u00e9gico do pr\u00eamio Governan\u00e7a PCP (realizado em 27\/6)\u00a0<\/a><\/span><\/li><\/ul>\t\t\t\t\t\t\t\t<\/div>\n\t\t\t\t\t<\/div>\n\t\t\t\t<\/div>\n\t\t\t\t<\/div>\n\t\t","protected":false},"excerpt":{"rendered":"<p>Regulamento 2024 Anexo II &#8211; Cronograma atualizado (5\/6\/24) Portaria 66\/2024 &#8211; Pr\u00eamios PCP Contato: 62 3201-5385 Comunidade do Whatsapp 1\u00aa Oficina sobre o regulamento do pr\u00eamio Governan\u00e7a &#8211; PCP 2024 (realizada em 19\/4) Workshop sobre divulga\u00e7\u00f5es estrat\u00e9gicas do pr\u00eamio de Governan\u00e7a PCP 2024 (realizado em 11\/6) Oficina sobre Pr\u00e1ticas de ESG do pr\u00eamio Governan\u00e7a &#8211; [&hellip;]<\/p>\n","protected":false},"author":463,"featured_media":0,"parent":0,"menu_order":0,"comment_status":"closed","ping_status":"closed","template":"","meta":{"footnotes":""},"class_list":["post-19123","page","type-page","status-publish","hentry"],"rttpg_featured_image_url":null,"rttpg_author":{"display_name":"veronicasilva","author_link":"https:\/\/goias.gov.br\/controladoria\/author\/veronicasilva\/"},"rttpg_comment":0,"rttpg_category":null,"rttpg_excerpt":"Regulamento 2024 Anexo II &#8211; Cronograma atualizado (5\/6\/24) Portaria 66\/2024 &#8211; Pr\u00eamios PCP Contato: 62 3201-5385 Comunidade do Whatsapp 1\u00aa Oficina sobre o regulamento do pr\u00eamio Governan\u00e7a &#8211; PCP 2024 (realizada em 19\/4) Workshop sobre divulga\u00e7\u00f5es estrat\u00e9gicas do pr\u00eamio de Governan\u00e7a PCP 2024 (realizado em 11\/6) Oficina sobre Pr\u00e1ticas de ESG do pr\u00eamio Governan\u00e7a &#8211;&hellip;","_links":{"self":[{"href":"https:\/\/goias.gov.br\/controladoria\/wp-json\/wp\/v2\/pages\/19123","targetHints":{"allow":["GET"]}}],"collection":[{"href":"https:\/\/goias.gov.br\/controladoria\/wp-json\/wp\/v2\/pages"}],"about":[{"href":"https:\/\/goias.gov.br\/controladoria\/wp-json\/wp\/v2\/types\/page"}],"author":[{"embeddable":true,"href":"https:\/\/goias.gov.br\/controladoria\/wp-json\/wp\/v2\/users\/463"}],"replies":[{"embeddable":true,"href":"https:\/\/goias.gov.br\/controladoria\/wp-json\/wp\/v2\/comments?post=19123"}],"version-history":[{"count":2,"href":"https:\/\/goias.gov.br\/controladoria\/wp-json\/wp\/v2\/pages\/19123\/revisions"}],"predecessor-version":[{"id":220600,"href":"https:\/\/goias.gov.br\/controladoria\/wp-json\/wp\/v2\/pages\/19123\/revisions\/220600"}],"wp:attachment":[{"href":"https:\/\/goias.gov.br\/controladoria\/wp-json\/wp\/v2\/media?parent=19123"}],"curies":[{"name":"wp","href":"https:\/\/api.w.org\/{rel}","templated":true}]}}