

{"id":183507,"date":"2025-09-30T14:45:40","date_gmt":"2025-09-30T17:45:40","guid":{"rendered":"https:\/\/goias.gov.br\/controladoria\/?page_id=183507"},"modified":"2025-11-24T07:43:13","modified_gmt":"2025-11-24T10:43:13","slug":"seminarioouvidoria9","status":"publish","type":"page","link":"https:\/\/goias.gov.br\/controladoria\/seminarioouvidoria9\/","title":{"rendered":"IX Semin\u00e1rio Goiano de Ouvidorias"},"content":{"rendered":"\t\t<div data-elementor-type=\"wp-page\" data-elementor-id=\"183507\" class=\"elementor elementor-183507\">\n\t\t\t\t<div class=\"elementor-element elementor-element-5970273 e-flex e-con-boxed e-con e-parent\" data-id=\"5970273\" data-element_type=\"container\" data-e-type=\"container\" data-settings=\"{&quot;background_background&quot;:&quot;classic&quot;}\">\n\t\t\t\t\t<div class=\"e-con-inner\">\n\t\t\t\t<div class=\"elementor-element elementor-element-856d382 elementor-widget elementor-widget-button\" data-id=\"856d382\" data-element_type=\"widget\" data-e-type=\"widget\" data-widget_type=\"button.default\">\n\t\t\t\t\t\t\t\t\t\t<a class=\"elementor-button elementor-button-link elementor-size-sm\" href=\"#\">\n\t\t\t\t\t\t<span class=\"elementor-button-content-wrapper\">\n\t\t\t\t\t\t<span class=\"elementor-button-icon\">\n\t\t\t\t<svg aria-hidden=\"true\" class=\"e-font-icon-svg e-fas-calendar-alt\" viewBox=\"0 0 448 512\" xmlns=\"http:\/\/www.w3.org\/2000\/svg\"><path d=\"M0 464c0 26.5 21.5 48 48 48h352c26.5 0 48-21.5 48-48V192H0v272zm320-196c0-6.6 5.4-12 12-12h40c6.6 0 12 5.4 12 12v40c0 6.6-5.4 12-12 12h-40c-6.6 0-12-5.4-12-12v-40zm0 128c0-6.6 5.4-12 12-12h40c6.6 0 12 5.4 12 12v40c0 6.6-5.4 12-12 12h-40c-6.6 0-12-5.4-12-12v-40zM192 268c0-6.6 5.4-12 12-12h40c6.6 0 12 5.4 12 12v40c0 6.6-5.4 12-12 12h-40c-6.6 0-12-5.4-12-12v-40zm0 128c0-6.6 5.4-12 12-12h40c6.6 0 12 5.4 12 12v40c0 6.6-5.4 12-12 12h-40c-6.6 0-12-5.4-12-12v-40zM64 268c0-6.6 5.4-12 12-12h40c6.6 0 12 5.4 12 12v40c0 6.6-5.4 12-12 12H76c-6.6 0-12-5.4-12-12v-40zm0 128c0-6.6 5.4-12 12-12h40c6.6 0 12 5.4 12 12v40c0 6.6-5.4 12-12 12H76c-6.6 0-12-5.4-12-12v-40zM400 64h-48V16c0-8.8-7.2-16-16-16h-32c-8.8 0-16 7.2-16 16v48H160V16c0-8.8-7.2-16-16-16h-32c-8.8 0-16 7.2-16 16v48H48C21.5 64 0 85.5 0 112v48h448v-48c0-26.5-21.5-48-48-48z\"><\/path><\/svg>\t\t\t<\/span>\n\t\t\t\t\t\t\t\t\t<span class=\"elementor-button-text\">22 DE OUTUBRO DE 2025<\/span>\n\t\t\t\t\t<\/span>\n\t\t\t\t\t<\/a>\n\t\t\t\t\t\t\t\t<\/div>\n\t\t\t\t<div class=\"elementor-element elementor-element-fb324e4 elementor-widget elementor-widget-button\" data-id=\"fb324e4\" data-element_type=\"widget\" data-e-type=\"widget\" data-widget_type=\"button.default\">\n\t\t\t\t\t\t\t\t\t\t<a class=\"elementor-button elementor-button-link elementor-size-sm\" href=\"#\">\n\t\t\t\t\t\t<span class=\"elementor-button-content-wrapper\">\n\t\t\t\t\t\t<span class=\"elementor-button-icon\">\n\t\t\t\t<svg aria-hidden=\"true\" class=\"e-font-icon-svg e-fas-map-marker-alt\" viewBox=\"0 0 384 512\" xmlns=\"http:\/\/www.w3.org\/2000\/svg\"><path d=\"M172.268 501.67C26.97 291.031 0 269.413 0 192 0 85.961 85.961 0 192 0s192 85.961 192 192c0 77.413-26.97 99.031-172.268 309.67-9.535 13.774-29.93 13.773-39.464 0zM192 272c44.183 0 80-35.817 80-80s-35.817-80-80-80-80 35.817-80 80 35.817 80 80 80z\"><\/path><\/svg>\t\t\t<\/span>\n\t\t\t\t\t\t\t\t\t<span class=\"elementor-button-text\">AUDIT\u00d3RIO DO CONSELHO REGIONAL DE CONTABILIDADE DO ESTADO DE GOI\u00c1S<\/span>\n\t\t\t\t\t<\/span>\n\t\t\t\t\t<\/a>\n\t\t\t\t\t\t\t\t<\/div>\n\t\t\t\t<div class=\"elementor-element elementor-element-a7709fb elementor-widget elementor-widget-image\" data-id=\"a7709fb\" data-element_type=\"widget\" data-e-type=\"widget\" data-widget_type=\"image.default\">\n\t\t\t\t\t\t\t\t\t\t\t\t\t\t\t<img decoding=\"async\" src=\"https:\/\/goias.gov.br\/controladoria\/wp-content\/uploads\/sites\/31\/2025\/09\/Logo-Clara-2.png\" title=\"\" alt=\"\" loading=\"lazy\" \/>\t\t\t\t\t\t\t\t\t\t\t\t\t\t\t<\/div>\n\t\t\t\t<div class=\"elementor-element elementor-element-1159389 elementor-align-center elementor-widget elementor-widget-button\" data-id=\"1159389\" data-element_type=\"widget\" data-e-type=\"widget\" data-widget_type=\"button.default\">\n\t\t\t\t\t\t\t\t\t\t<a class=\"elementor-button elementor-button-link elementor-size-sm\" href=\"https:\/\/app.controladoria.go.gov.br\/ouvidoria\/seminario\/certificado\/certificados\/index.php\" target=\"_blank\">\n\t\t\t\t\t\t<span class=\"elementor-button-content-wrapper\">\n\t\t\t\t\t\t\t\t\t<span class=\"elementor-button-text\">&gt;&gt; CERTIFICADO DE PARTICIPA\u00c7\u00c3O &lt;&lt;<\/span>\n\t\t\t\t\t<\/span>\n\t\t\t\t\t<\/a>\n\t\t\t\t\t\t\t\t<\/div>\n\t\t\t\t<div class=\"elementor-element elementor-element-e9fc04b elementor-widget elementor-widget-image\" data-id=\"e9fc04b\" data-element_type=\"widget\" data-e-type=\"widget\" data-widget_type=\"image.default\">\n\t\t\t\t\t\t\t\t\t\t\t\t\t\t\t<img decoding=\"async\" src=\"https:\/\/goias.gov.br\/controladoria\/wp-content\/uploads\/sites\/31\/2025\/09\/Icon-Seta.png\" title=\"\" alt=\"\" loading=\"lazy\" \/>\t\t\t\t\t\t\t\t\t\t\t\t\t\t\t<\/div>\n\t\t\t\t\t<\/div>\n\t\t\t\t<\/div>\n\t\t<div class=\"elementor-element elementor-element-278f6be e-flex e-con-boxed e-con e-parent\" data-id=\"278f6be\" data-element_type=\"container\" data-e-type=\"container\">\n\t\t\t\t\t<div class=\"e-con-inner\">\n\t\t\t\t<div class=\"elementor-element elementor-element-eab068a elementor-widget elementor-widget-text-editor\" data-id=\"eab068a\" data-element_type=\"widget\" data-e-type=\"widget\" data-widget_type=\"text-editor.default\">\n\t\t\t\t\t\t\t\t\t<h3 style=\"text-align: center;\">Sobre o Semin\u00e1rio<\/h3><p style=\"text-align: center;\">A Ouvidorias em Rede \u2013 Goi\u00e1s, mantendo a tradi\u00e7\u00e3o de semin\u00e1rios anuais, promove o 9\u00ba Semin\u00e1rio Goiano de Ouvidorias P\u00fablicas, com a finalidade de expor metodologias utilizadas pelos poderes Executivo, Legislativo e Judici\u00e1rio, bem como por seus \u00f3rg\u00e3os e inst\u00e2ncias de assessoramento, para a avalia\u00e7\u00e3o e implanta\u00e7\u00e3o de a\u00e7\u00f5es de aprimoramento da gest\u00e3o das unidades de ouvidoria. Al\u00e9m de compartilhar boas pr\u00e1ticas das ouvidorias p\u00fablicas, a Rede goiana busca novos part\u00edcipes no \u00e2mbito do Estado, demonstrando os benef\u00edcios da participa\u00e7\u00e3o dos usu\u00e1rios de servi\u00e7os p\u00fablicos na gest\u00e3o e na forma\u00e7\u00e3o de pol\u00edticas p\u00fablicas efetivas, de forma a incentivar as prefeituras goianas \u00e0 cria\u00e7\u00e3o e estrutura\u00e7\u00e3o de suas ouvidorias.<\/p>\t\t\t\t\t\t\t\t<\/div>\n\t\t\t\t\t<\/div>\n\t\t\t\t<\/div>\n\t\t<div class=\"elementor-element elementor-element-22782f7 e-flex e-con-boxed e-con e-parent\" data-id=\"22782f7\" data-element_type=\"container\" data-e-type=\"container\" data-settings=\"{&quot;background_background&quot;:&quot;classic&quot;}\">\n\t\t\t\t\t<div class=\"e-con-inner\">\n\t\t\t\t<div class=\"elementor-element elementor-element-5549400 elementor-widget elementor-widget-image\" data-id=\"5549400\" data-element_type=\"widget\" data-e-type=\"widget\" data-widget_type=\"image.default\">\n\t\t\t\t\t\t\t\t\t\t\t\t\t\t\t<img decoding=\"async\" src=\"https:\/\/goias.gov.br\/controladoria\/wp-content\/uploads\/sites\/31\/2024\/07\/CC-1.png\" title=\"\" alt=\"\" loading=\"lazy\" \/>\t\t\t\t\t\t\t\t\t\t\t\t\t\t\t<\/div>\n\t\t\t\t<div class=\"elementor-element elementor-element-242f4ca elementor-widget elementor-widget-text-editor\" data-id=\"242f4ca\" data-element_type=\"widget\" data-e-type=\"widget\" data-widget_type=\"text-editor.default\">\n\t\t\t\t\t\t\t\t\t<p style=\"text-align: center;\"><strong><span style=\"font-size: 14pt; color: #ffffff;\">PAINELISTAS<\/span><\/strong><\/p>\t\t\t\t\t\t\t\t<\/div>\n\t\t<div class=\"elementor-element elementor-element-495dc07 e-con-full e-flex e-con e-child\" data-id=\"495dc07\" data-element_type=\"container\" data-e-type=\"container\">\n\t\t<div class=\"elementor-element elementor-element-e2c3711 e-con-full e-flex e-con e-child\" data-id=\"e2c3711\" data-element_type=\"container\" data-e-type=\"container\">\n\t\t\t\t<div class=\"elementor-element elementor-element-69f0938 elementor-position-top elementor-widget elementor-widget-image-box\" data-id=\"69f0938\" data-element_type=\"widget\" data-e-type=\"widget\" data-widget_type=\"image-box.default\">\n\t\t\t\t\t<div class=\"elementor-image-box-wrapper\"><figure class=\"elementor-image-box-img\"><img decoding=\"async\" src=\"https:\/\/goias.gov.br\/controladoria\/wp-content\/uploads\/sites\/31\/2025\/09\/Icon-Valdirene-Ouvidoria.png\" title=\"\" alt=\"\" loading=\"lazy\" \/><\/figure><div class=\"elementor-image-box-content\"><h3 class=\"elementor-image-box-title\">Valdirene Paes de Medeiros<\/h3><p class=\"elementor-image-box-description\">Ouvidora-Geral da Uni\u00e3o\/Controladoria-Geral da Uni\u00e3o <\/p><\/div><\/div>\t\t\t\t<\/div>\n\t\t\t\t<\/div>\n\t\t<div class=\"elementor-element elementor-element-02780f1 e-con-full e-flex e-con e-child\" data-id=\"02780f1\" data-element_type=\"container\" data-e-type=\"container\">\n\t\t\t\t<div class=\"elementor-element elementor-element-e885230 elementor-position-top elementor-widget elementor-widget-image-box\" data-id=\"e885230\" data-element_type=\"widget\" data-e-type=\"widget\" data-widget_type=\"image-box.default\">\n\t\t\t\t\t<div class=\"elementor-image-box-wrapper\"><figure class=\"elementor-image-box-img\"><img decoding=\"async\" src=\"https:\/\/goias.gov.br\/controladoria\/wp-content\/uploads\/sites\/31\/2025\/09\/Icon-Kamyla-Ouvidoria.png\" title=\"\" alt=\"\" loading=\"lazy\" \/><\/figure><div class=\"elementor-image-box-content\"><h3 class=\"elementor-image-box-title\">Kamyla Aparecida Gomes Machado<\/h3><p class=\"elementor-image-box-description\">Psic\u00f3loga Cl\u00ednica\/Mestra em Psicologia pela UFG <\/p><\/div><\/div>\t\t\t\t<\/div>\n\t\t\t\t<\/div>\n\t\t<div class=\"elementor-element elementor-element-5da64b6 e-con-full e-flex e-con e-child\" data-id=\"5da64b6\" data-element_type=\"container\" data-e-type=\"container\">\n\t\t\t\t<div class=\"elementor-element elementor-element-8a4ad87 elementor-position-top elementor-widget elementor-widget-image-box\" data-id=\"8a4ad87\" data-element_type=\"widget\" data-e-type=\"widget\" data-widget_type=\"image-box.default\">\n\t\t\t\t\t<div class=\"elementor-image-box-wrapper\"><figure class=\"elementor-image-box-img\"><img decoding=\"async\" src=\"https:\/\/goias.gov.br\/controladoria\/wp-content\/uploads\/sites\/31\/2025\/09\/Icon-Sergio-Ouvidoria.png\" title=\"\" alt=\"\" loading=\"lazy\" \/><\/figure><div class=\"elementor-image-box-content\"><h3 class=\"elementor-image-box-title\">Dr. S\u00e9rgio Alberto Cunha Vencio<\/h3><p class=\"elementor-image-box-description\">Secret\u00e1rio-Adjunto da Secretaria de Sa\u00fade de Goi\u00e1s<\/p><\/div><\/div>\t\t\t\t<\/div>\n\t\t\t\t<\/div>\n\t\t\t\t<\/div>\n\t\t\t\t\t<\/div>\n\t\t\t\t<\/div>\n\t\t<div class=\"elementor-element elementor-element-af2fffa e-flex e-con-boxed e-con e-parent\" data-id=\"af2fffa\" data-element_type=\"container\" data-e-type=\"container\">\n\t\t\t\t\t<div class=\"e-con-inner\">\n\t\t\t\t<div class=\"elementor-element elementor-element-6968f66 elementor-widget elementor-widget-image\" data-id=\"6968f66\" data-element_type=\"widget\" data-e-type=\"widget\" data-widget_type=\"image.default\">\n\t\t\t\t\t\t\t\t\t\t\t\t\t\t\t<img decoding=\"async\" src=\"https:\/\/goias.gov.br\/controladoria\/wp-content\/uploads\/sites\/31\/2025\/09\/Icon-Clock.png\" title=\"\" alt=\"\" loading=\"lazy\" \/>\t\t\t\t\t\t\t\t\t\t\t\t\t\t\t<\/div>\n\t\t\t\t<div class=\"elementor-element elementor-element-7587376 elementor-widget elementor-widget-heading\" data-id=\"7587376\" data-element_type=\"widget\" data-e-type=\"widget\" data-widget_type=\"heading.default\">\n\t\t\t\t\t<h3 class=\"elementor-heading-title elementor-size-default\">PROGRAMA\u00c7\u00c3O<\/h3>\t\t\t\t<\/div>\n\t\t\t\t<div class=\"elementor-element elementor-element-3d88a04 elementor-widget__width-initial elementor-widget elementor-widget-text-editor\" data-id=\"3d88a04\" data-element_type=\"widget\" data-e-type=\"widget\" data-widget_type=\"text-editor.default\">\n\t\t\t\t\t\t\t\t\t<p><strong><span style=\"color: #02c7b8;\">7h30<\/span> | <\/strong><span style=\"color: #333333;\"><strong>Recep\u00e7\u00e3o e credenciamento<\/strong><\/span><\/p><p><strong><span style=\"color: #02c7b8;\">8h<\/span> | Apresenta\u00e7\u00e3o cultural<\/strong><\/p><p><strong><span style=\"color: #02c7b8;\">8h30<\/span> | <span style=\"color: #333333;\">Solenidade de abertura<\/span><\/strong><\/p><ul><li><span data-contrast=\"auto\">Danilo\u00a0Carvalho \u2013 Secret\u00e1rio-Executivo da Rede Goiana de Ouvidorias<\/span><span data-ccp-props=\"{}\">\u00a0<\/span><\/li><li><span class=\"TextRun SCXW59282073 BCX0\" lang=\"PT-BR\" xml:lang=\"PT-BR\" data-contrast=\"auto\"><span class=\"NormalTextRun SCXW59282073 BCX0\">Marcos T<\/span><span class=\"NormalTextRun SCXW59282073 BCX0\">adeu de Andrade \u2013 Secret\u00e1rio-Chefe da Controladoria-Geral do Estado de Goi\u00e1s<\/span><\/span><span class=\"EOP SCXW59282073 BCX0\" data-ccp-props=\"{}\">\u00a0<\/span><\/li><\/ul><p><strong><span style=\"color: #02c7b8;\">9h<\/span> | <span class=\"TextRun SCXW19013776 BCX0\" lang=\"PT-BR\" xml:lang=\"PT-BR\" data-contrast=\"auto\"><span class=\"NormalTextRun SCXW19013776 BCX0\">Homenagem\u00a0<\/span><span class=\"NormalTextRun SCXW19013776 BCX0\">\u00e0<\/span><span class=\"NormalTextRun SCXW19013776 BCX0\">\u00a0Dra.\u00a0<\/span><span class=\"NormalTextRun SpellingErrorV2Themed SCXW19013776 BCX0\">Orlandina<\/span><span class=\"NormalTextRun SCXW19013776 BCX0\">\u00a0<\/span><span class=\"NormalTextRun SCXW19013776 BCX0\">Brito Pereira, ex-coordenadora da Rede Goiana de Ouvidorias<\/span><\/span><span class=\"EOP SCXW19013776 BCX0\" data-ccp-props=\"{}\">\u00a0<\/span><\/strong><\/p><p><strong><span style=\"color: #02c7b8;\">9h15<\/span> | <span class=\"TextRun SCXW116562314 BCX0\" lang=\"PT-BR\" xml:lang=\"PT-BR\" data-contrast=\"auto\"><span class=\"NormalTextRun SCXW116562314 BCX0\">Din\u00e2mica\/enquete<\/span><\/span><\/strong><\/p><ul><li><span class=\"TextRun SCXW244579422 BCX0\" lang=\"PT-BR\" xml:lang=\"PT-BR\" data-contrast=\"auto\"><span class=\"NormalTextRun SpellingErrorV2Themed SCXW244579422 BCX0\">Hale\u00e1ria<\/span><span class=\"NormalTextRun SCXW244579422 BCX0\">\u00a0Alencar \u2013 Gerente de Ouvidoria da Controladoria-Geral do Estado<\/span><\/span><span class=\"EOP SCXW244579422 BCX0\" data-ccp-props=\"{}\">\u00a0<\/span><\/li><\/ul><p><strong><span style=\"color: #02c7b8;\">9h40<\/span> | <span class=\"TextRun SCXW116562314 BCX0\" lang=\"PT-BR\" xml:lang=\"PT-BR\" data-contrast=\"auto\"><span class=\"NormalTextRun SCXW116562314 BCX0\">Coffee Break<\/span><\/span><\/strong><\/p><p><strong><span style=\"color: #02c7b8;\">10h<\/span> | <span class=\"TextRun SCXW51453198 BCX0\" lang=\"PT-BR\" xml:lang=\"PT-BR\" data-contrast=\"auto\"><span class=\"NormalTextRun SCXW51453198 BCX0\">Resultado da enquete<\/span><\/span><\/strong><\/p><ul><li><span class=\"TextRun SCXW245949277 BCX0\" lang=\"PT-BR\" xml:lang=\"PT-BR\" data-contrast=\"auto\"><span class=\"NormalTextRun SCXW245949277 BCX0\">Ednilson<\/span><span class=\"NormalTextRun SCXW245949277 BCX0\">\u00a0Rodrigues \u2013 Controladoria Especializada em Participa\u00e7\u00e3o Cidad\u00e3<\/span><\/span><\/li><\/ul><p><span class=\"EOP SCXW245949277 BCX0\" data-ccp-props=\"{}\"><strong><span style=\"color: #02c7b8;\">10h20<\/span> | <span class=\"TextRun SCXW51453198 BCX0\" lang=\"PT-BR\" xml:lang=\"PT-BR\" data-contrast=\"auto\"><span class=\"NormalTextRun SCXW51453198 BCX0\">Painel<\/span><\/span><\/strong>\u00a0<\/span><\/p><p><span style=\"color: #333333;\"><b>Resili\u00eancia e prop\u00f3sito: o efeito de ambientes desafiadores na autoestima do ouvidor\u00a0\u00a0<\/b>\u00a0<\/span><\/p><ul><li aria-setsize=\"-1\" data-leveltext=\"\uf0b7\" data-font=\"Symbol\" data-listid=\"2\" data-list-defn-props=\"{&quot;335552541&quot;:1,&quot;335559685&quot;:360,&quot;335559991&quot;:360,&quot;469769226&quot;:&quot;Symbol&quot;,&quot;469769242&quot;:[8226],&quot;469777803&quot;:&quot;left&quot;,&quot;469777804&quot;:&quot;\uf0b7&quot;,&quot;469777815&quot;:&quot;hybridMultilevel&quot;}\" data-aria-posinset=\"1\" data-aria-level=\"1\"><span style=\"color: #333333;\">Valdirene Paes de Medeiros\u00a0&#8211;\u00a0Ouvidora-Geral da Uni\u00e3o\/Controladoria-Geral da Uni\u00e3o\u00a0<\/span><\/li><\/ul><p><span style=\"color: #333333;\"><b>Intelig\u00eancia\u00a0emocional na ouvidoria: cuidar de si para cuidar do outro<\/b>\u00a0<\/span><\/p><ul><li aria-setsize=\"-1\" data-leveltext=\"\uf0b7\" data-font=\"Symbol\" data-listid=\"2\" data-list-defn-props=\"{&quot;335552541&quot;:1,&quot;335559685&quot;:360,&quot;335559991&quot;:360,&quot;469769226&quot;:&quot;Symbol&quot;,&quot;469769242&quot;:[8226],&quot;469777803&quot;:&quot;left&quot;,&quot;469777804&quot;:&quot;\uf0b7&quot;,&quot;469777815&quot;:&quot;hybridMultilevel&quot;}\" data-aria-posinset=\"2\" data-aria-level=\"1\"><span style=\"color: #333333;\">Kamyla\u00a0Aparecida Gomes Machado\u00a0\u2013 Psic\u00f3loga Cl\u00ednica\/Mestra em Psicologia pela UFG\u00a0<\/span><\/li><\/ul><p><span style=\"color: #333333;\"><b>Media\u00e7\u00e3o:<\/b>\u00a0Dr.\u00a0S\u00e9rgio Alberto Cunha\u00a0Vencio\u00a0\u2013 Secret\u00e1rio-Adjunto da\u00a0Secretaria de\u00a0Sa\u00fade de Goi\u00e1s<\/span><\/p><p><span class=\"EOP SCXW245949277 BCX0\" data-ccp-props=\"{}\"><strong><span style=\"color: #02c7b8;\">11h45<\/span> |<span style=\"color: #333333;\"> Encerramento<\/span><\/strong><\/span><\/p><ul><li><span style=\"color: #333333;\"><span class=\"TextRun SCXW159284813 BCX0\" lang=\"PT-BR\" xml:lang=\"PT-BR\" data-contrast=\"auto\"><span class=\"NormalTextRun SpellingErrorV2Themed SCXW159284813 BCX0\">Weyk<\/span><span class=\"NormalTextRun SCXW159284813 BCX0\">\u00a0Barbosa Gomes \u2013\u00a0<\/span><span class=\"NormalTextRun SCXW159284813 BCX0\">C<\/span><span class=\"NormalTextRun SCXW159284813 BCX0\">oordenador da Rede<\/span><span class=\"NormalTextRun SCXW159284813 BCX0\">\u00a0Goiana de Ouvidorias<\/span><\/span><span class=\"EOP SCXW159284813 BCX0\" data-ccp-props=\"{}\">\u00a0<\/span><\/span><\/li><\/ul><p><span style=\"font-size: 10pt;\">Obs.: Programa\u00e7\u00e3o sujeita a altera\u00e7\u00f5es.<\/span><\/p>\t\t\t\t\t\t\t\t<\/div>\n\t\t\t\t\t<\/div>\n\t\t\t\t<\/div>\n\t\t<div class=\"elementor-element elementor-element-17d55a2 e-flex e-con-boxed e-con e-parent\" data-id=\"17d55a2\" data-element_type=\"container\" data-e-type=\"container\">\n\t\t\t\t\t<div class=\"e-con-inner\">\n\t\t<div class=\"elementor-element elementor-element-27a8c41 e-con-full e-flex e-con e-child\" data-id=\"27a8c41\" data-element_type=\"container\" data-e-type=\"container\">\n\t\t\t\t<div class=\"elementor-element elementor-element-a38f2f2 elementor-widget elementor-widget-text-editor\" data-id=\"a38f2f2\" data-element_type=\"widget\" data-e-type=\"widget\" data-widget_type=\"text-editor.default\">\n\t\t\t\t\t\t\t\t\t<p style=\"text-align: center;\"><strong>Local:<\/strong> Audit\u00f3rio do Conselho Regional de Contabilidade do Estado de Goi\u00e1s<\/p>\t\t\t\t\t\t\t\t<\/div>\n\t\t\t\t<div class=\"elementor-element elementor-element-7aac31f elementor-widget elementor-widget-html\" data-id=\"7aac31f\" data-element_type=\"widget\" data-e-type=\"widget\" data-widget_type=\"html.default\">\n\t\t\t\t\t<iframe src=\"https:\/\/www.google.com\/maps\/embed?pb=!1m18!1m12!1m3!1d3821.7653085939055!2d-49.254891124092616!3d-16.688623645611056!2m3!1f0!2f0!3f0!3m2!1i1024!2i768!4f13.1!3m3!1m2!1s0x935ef172419babc9%3A0x7571381894fae0ab!2sConselho%20Regional%20de%20Contabilidade%20de%20Goi%C3%A1s%20-%20CRC%20GO!5e0!3m2!1spt-BR!2sbr!4v1757958938552!5m2!1spt-BR!2sbr\" width=\"600\" height=\"450\" style=\"border:0;\" allowfullscreen=\"\" loading=\"lazy\" referrerpolicy=\"no-referrer-when-downgrade\"><\/iframe>\t\t\t\t<\/div>\n\t\t\t\t<\/div>\n\t\t<div class=\"elementor-element elementor-element-bf3bd0c e-con-full e-flex e-con e-child\" data-id=\"bf3bd0c\" data-element_type=\"container\" data-e-type=\"container\">\n\t\t\t\t<div class=\"elementor-element elementor-element-b772f6e elementor-view-default elementor-widget elementor-widget-icon\" data-id=\"b772f6e\" data-element_type=\"widget\" data-e-type=\"widget\" data-widget_type=\"icon.default\">\n\t\t\t\t\t\t\t<div class=\"elementor-icon-wrapper\">\n\t\t\t<div class=\"elementor-icon\">\n\t\t\t<svg aria-hidden=\"true\" class=\"e-font-icon-svg e-far-address-card\" viewBox=\"0 0 576 512\" xmlns=\"http:\/\/www.w3.org\/2000\/svg\"><path d=\"M528 32H48C21.5 32 0 53.5 0 80v352c0 26.5 21.5 48 48 48h480c26.5 0 48-21.5 48-48V80c0-26.5-21.5-48-48-48zm0 400H48V80h480v352zM208 256c35.3 0 64-28.7 64-64s-28.7-64-64-64-64 28.7-64 64 28.7 64 64 64zm-89.6 128h179.2c12.4 0 22.4-8.6 22.4-19.2v-19.2c0-31.8-30.1-57.6-67.2-57.6-10.8 0-18.7 8-44.8 8-26.9 0-33.4-8-44.8-8-37.1 0-67.2 25.8-67.2 57.6v19.2c0 10.6 10 19.2 22.4 19.2zM360 320h112c4.4 0 8-3.6 8-8v-16c0-4.4-3.6-8-8-8H360c-4.4 0-8 3.6-8 8v16c0 4.4 3.6 8 8 8zm0-64h112c4.4 0 8-3.6 8-8v-16c0-4.4-3.6-8-8-8H360c-4.4 0-8 3.6-8 8v16c0 4.4 3.6 8 8 8zm0-64h112c4.4 0 8-3.6 8-8v-16c0-4.4-3.6-8-8-8H360c-4.4 0-8 3.6-8 8v16c0 4.4 3.6 8 8 8z\"><\/path><\/svg>\t\t\t<\/div>\n\t\t<\/div>\n\t\t\t\t\t\t<\/div>\n\t\t\t\t<div class=\"elementor-element elementor-element-b417a37 elementor-align-center elementor-widget elementor-widget-button\" data-id=\"b417a37\" data-element_type=\"widget\" data-e-type=\"widget\" data-widget_type=\"button.default\">\n\t\t\t\t\t\t\t\t\t\t<a class=\"elementor-button elementor-button-link elementor-size-sm\" href=\"https:\/\/app.controladoria.go.gov.br\/ouvidoria\/seminario\/index.php\" target=\"_blank\">\n\t\t\t\t\t\t<span class=\"elementor-button-content-wrapper\">\n\t\t\t\t\t\t\t\t\t<span class=\"elementor-button-text\">INSCREVA-SE AGORA<\/span>\n\t\t\t\t\t<\/span>\n\t\t\t\t\t<\/a>\n\t\t\t\t\t\t\t\t<\/div>\n\t\t\t\t<\/div>\n\t\t\t\t\t<\/div>\n\t\t\t\t<\/div>\n\t\t<div class=\"elementor-element elementor-element-5ba3816 e-flex e-con-boxed e-con e-parent\" data-id=\"5ba3816\" data-element_type=\"container\" data-e-type=\"container\" data-settings=\"{&quot;background_background&quot;:&quot;classic&quot;}\">\n\t\t\t\t\t<div class=\"e-con-inner\">\n\t\t\t\t<div class=\"elementor-element elementor-element-8044f2d elementor-widget elementor-widget-image\" data-id=\"8044f2d\" data-element_type=\"widget\" data-e-type=\"widget\" data-widget_type=\"image.default\">\n\t\t\t\t\t\t\t\t\t\t\t\t\t\t\t<img decoding=\"async\" src=\"https:\/\/goias.gov.br\/controladoria\/wp-content\/uploads\/sites\/31\/2025\/09\/Rodape-Regua-de-Logo-2.png\" title=\"\" alt=\"\" loading=\"lazy\" \/>\t\t\t\t\t\t\t\t\t\t\t\t\t\t\t<\/div>\n\t\t\t\t<div class=\"elementor-element elementor-element-63fdbf7 elementor-widget elementor-widget-heading\" data-id=\"63fdbf7\" data-element_type=\"widget\" data-e-type=\"widget\" data-widget_type=\"heading.default\">\n\t\t\t\t\t<h4 class=\"elementor-heading-title elementor-size-default\">REALIZA\u00c7\u00c3O<\/h4>\t\t\t\t<\/div>\n\t\t\t\t<div class=\"elementor-element elementor-element-ba88c4b elementor-widget elementor-widget-image\" data-id=\"ba88c4b\" data-element_type=\"widget\" data-e-type=\"widget\" data-widget_type=\"image.default\">\n\t\t\t\t\t\t\t\t\t\t\t\t\t\t\t<img decoding=\"async\" src=\"https:\/\/goias.gov.br\/controladoria\/wp-content\/uploads\/sites\/31\/2024\/07\/Regua-de-logos2.png\" title=\"\" alt=\"\" loading=\"lazy\" \/>\t\t\t\t\t\t\t\t\t\t\t\t\t\t\t<\/div>\n\t\t\t\t\t<\/div>\n\t\t\t\t<\/div>\n\t\t\t\t<\/div>\n\t\t","protected":false},"excerpt":{"rendered":"<p>22 DE OUTUBRO DE 2025 AUDIT\u00d3RIO DO CONSELHO REGIONAL DE CONTABILIDADE DO ESTADO DE GOI\u00c1S &gt;&gt; CERTIFICADO DE PARTICIPA\u00c7\u00c3O &lt;&lt; Sobre o Semin\u00e1rio A Ouvidorias em Rede \u2013 Goi\u00e1s, mantendo a tradi\u00e7\u00e3o de semin\u00e1rios anuais, promove o 9\u00ba Semin\u00e1rio Goiano de Ouvidorias P\u00fablicas, com a finalidade de expor metodologias utilizadas pelos poderes Executivo, Legislativo e [&hellip;]<\/p>\n","protected":false},"author":657,"featured_media":0,"parent":0,"menu_order":0,"comment_status":"closed","ping_status":"closed","template":"elementor_header_footer","meta":{"footnotes":""},"class_list":["post-183507","page","type-page","status-publish","hentry"],"rttpg_featured_image_url":null,"rttpg_author":{"display_name":"anamorais","author_link":"https:\/\/goias.gov.br\/controladoria\/author\/anamorais\/"},"rttpg_comment":0,"rttpg_category":null,"rttpg_excerpt":"22 DE OUTUBRO DE 2025 AUDIT\u00d3RIO DO CONSELHO REGIONAL DE CONTABILIDADE DO ESTADO DE GOI\u00c1S &gt;&gt; CERTIFICADO DE PARTICIPA\u00c7\u00c3O &lt;&lt; Sobre o Semin\u00e1rio A Ouvidorias em Rede \u2013 Goi\u00e1s, mantendo a tradi\u00e7\u00e3o de semin\u00e1rios anuais, promove o 9\u00ba Semin\u00e1rio Goiano de Ouvidorias P\u00fablicas, com a finalidade de expor metodologias utilizadas pelos poderes Executivo, Legislativo e&hellip;","_links":{"self":[{"href":"https:\/\/goias.gov.br\/controladoria\/wp-json\/wp\/v2\/pages\/183507","targetHints":{"allow":["GET"]}}],"collection":[{"href":"https:\/\/goias.gov.br\/controladoria\/wp-json\/wp\/v2\/pages"}],"about":[{"href":"https:\/\/goias.gov.br\/controladoria\/wp-json\/wp\/v2\/types\/page"}],"author":[{"embeddable":true,"href":"https:\/\/goias.gov.br\/controladoria\/wp-json\/wp\/v2\/users\/657"}],"replies":[{"embeddable":true,"href":"https:\/\/goias.gov.br\/controladoria\/wp-json\/wp\/v2\/comments?post=183507"}],"version-history":[{"count":2,"href":"https:\/\/goias.gov.br\/controladoria\/wp-json\/wp\/v2\/pages\/183507\/revisions"}],"predecessor-version":[{"id":220227,"href":"https:\/\/goias.gov.br\/controladoria\/wp-json\/wp\/v2\/pages\/183507\/revisions\/220227"}],"wp:attachment":[{"href":"https:\/\/goias.gov.br\/controladoria\/wp-json\/wp\/v2\/media?parent=183507"}],"curies":[{"name":"wp","href":"https:\/\/api.w.org\/{rel}","templated":true}]}}