

{"id":150560,"date":"2025-08-19T15:26:08","date_gmt":"2025-08-19T18:26:08","guid":{"rendered":"https:\/\/goias.gov.br\/controladoria\/?page_id=150560"},"modified":"2025-11-19T14:22:40","modified_gmt":"2025-11-19T17:22:40","slug":"focco-go","status":"publish","type":"page","link":"https:\/\/goias.gov.br\/controladoria\/focco-go\/","title":{"rendered":"FOCCO-GO"},"content":{"rendered":"\t\t<div data-elementor-type=\"wp-page\" data-elementor-id=\"150560\" class=\"elementor elementor-150560\">\n\t\t\t\t<div class=\"elementor-element elementor-element-e0f9ec4 e-flex e-con-boxed e-con e-parent\" data-id=\"e0f9ec4\" data-element_type=\"container\" data-e-type=\"container\">\n\t\t\t\t\t<div class=\"e-con-inner\">\n\t\t\t\t<div class=\"elementor-element elementor-element-fbeb9c9 elementor-widget elementor-widget-text-editor\" data-id=\"fbeb9c9\" data-element_type=\"widget\" data-e-type=\"widget\" data-widget_type=\"text-editor.default\">\n\t\t\t\t\t\t\t\t\t<p>O <strong>F\u00f3rum Permanente de Combate \u00e0 Corrup\u00e7\u00e3o no Estado de Goi\u00e1s<\/strong> <strong>(Focco-GO)<\/strong> \u00e9 um colegiado interinstitucional criado em 2009, a partir da ades\u00e3o do Estado \u00e0 <strong>Rede de Controle da Gest\u00e3o P\u00fablica<\/strong>. Re\u00fane \u00f3rg\u00e3os de controle, institui\u00e7\u00f5es de justi\u00e7a, entidades representativas da sociedade civil e universidades, com o objetivo de fortalecer a coopera\u00e7\u00e3o entre as institui\u00e7\u00f5es que atuam no combate \u00e0 corrup\u00e7\u00e3o e na promo\u00e7\u00e3o da boa governan\u00e7a p\u00fablica.<\/p><p>Sua atua\u00e7\u00e3o \u00e9 pautada pela articula\u00e7\u00e3o de parcerias, pelo compartilhamento de informa\u00e7\u00f5es, pelo desenvolvimento de a\u00e7\u00f5es conjuntas de fiscaliza\u00e7\u00e3o e pelo incentivo ao controle social. Ao longo de sua trajet\u00f3ria, o <strong>Focco-GO tem direcionado esfor\u00e7os para temas estrat\u00e9gicos, como o acompanhamento da gest\u00e3o da sa\u00fade p\u00fablica em Goi\u00e1s, buscando solu\u00e7\u00f5es inovadoras e consensuais para reduzir riscos de irregularidades e garantir a boa aplica\u00e7\u00e3o dos recursos.<\/strong><\/p><p>Atualmente, o Focco-GO \u00e9 composto por dezenas de institui\u00e7\u00f5es federais, estaduais, municipais e representantes da sociedade civil organizada. A Controladoria-Geral do Estado de Goi\u00e1s (CGE-GO) exerce, em 2025, o seu segundo mandato consecutivo na coordena\u00e7\u00e3o-executiva do F\u00f3rum, refor\u00e7ando o compromisso do Estado em liderar e articular iniciativas voltadas \u00e0 integridade e ao combate \u00e0 corrup\u00e7\u00e3o.<\/p><p>A import\u00e2ncia do Focco-GO est\u00e1 em criar um <strong>espa\u00e7o permanente de di\u00e1logo e coopera\u00e7\u00e3o<\/strong>, voltado \u00e0 constru\u00e7\u00e3o de solu\u00e7\u00f5es pr\u00e1ticas e ao fortalecimento da integridade na gest\u00e3o p\u00fablica, contribuindo para uma administra\u00e7\u00e3o mais transparente, eficiente e orientada ao interesse p\u00fablico.<\/p>\t\t\t\t\t\t\t\t<\/div>\n\t\t\t\t\t<\/div>\n\t\t\t\t<\/div>\n\t\t<div class=\"elementor-element elementor-element-25c96c1 e-flex e-con-boxed e-con e-parent\" data-id=\"25c96c1\" data-element_type=\"container\" data-e-type=\"container\">\n\t\t\t\t\t<div class=\"e-con-inner\">\n\t\t\t\t<div class=\"elementor-element elementor-element-f32c627 elementor-widget elementor-widget-text-editor\" data-id=\"f32c627\" data-element_type=\"widget\" data-e-type=\"widget\" data-widget_type=\"text-editor.default\">\n\t\t\t\t\t\t\t\t\t<p style=\"text-align: left;\"><span style=\"font-size: 18pt;\"><b>Documentos importantes:<\/b><\/span><\/p>\t\t\t\t\t\t\t\t<\/div>\n\t\t\t\t\t<\/div>\n\t\t\t\t<\/div>\n\t\t<div class=\"elementor-element elementor-element-6ca3f20 e-flex e-con-boxed e-con e-parent\" data-id=\"6ca3f20\" data-element_type=\"container\" data-e-type=\"container\">\n\t\t\t\t\t<div class=\"e-con-inner\">\n\t\t<div class=\"elementor-element elementor-element-5b29cd5 e-con-full e-flex e-con e-child\" data-id=\"5b29cd5\" data-element_type=\"container\" data-e-type=\"container\">\n\t\t\t\t<div class=\"elementor-element elementor-element-b707dd0 elementor-align-justify elementor-widget elementor-widget-button\" data-id=\"b707dd0\" data-element_type=\"widget\" data-e-type=\"widget\" data-widget_type=\"button.default\">\n\t\t\t\t\t\t\t\t\t\t<a class=\"elementor-button elementor-button-link elementor-size-sm\" href=\"https:\/\/goias.gov.br\/controladoria\/wp-content\/uploads\/sites\/31\/2025\/08\/Regimento-Interno-\u2014-Focco-GO-2.pdf\" target=\"_blank\">\n\t\t\t\t\t\t<span class=\"elementor-button-content-wrapper\">\n\t\t\t\t\t\t\t\t\t<span class=\"elementor-button-text\">Regimento Interno<\/span>\n\t\t\t\t\t<\/span>\n\t\t\t\t\t<\/a>\n\t\t\t\t\t\t\t\t<\/div>\n\t\t\t\t<\/div>\n\t\t<div class=\"elementor-element elementor-element-93044ef e-con-full e-flex e-con e-child\" data-id=\"93044ef\" data-element_type=\"container\" data-e-type=\"container\">\n\t\t\t\t<div class=\"elementor-element elementor-element-e2e3af8 elementor-align-justify elementor-widget elementor-widget-button\" data-id=\"e2e3af8\" data-element_type=\"widget\" data-e-type=\"widget\" data-widget_type=\"button.default\">\n\t\t\t\t\t\t\t\t\t\t<a class=\"elementor-button elementor-button-link elementor-size-sm\" href=\"https:\/\/goias.gov.br\/controladoria\/wp-content\/uploads\/sites\/31\/2025\/08\/Participantes-do-Focco-GO-2025-Focco_GO.pdf\" target=\"_blank\">\n\t\t\t\t\t\t<span class=\"elementor-button-content-wrapper\">\n\t\t\t\t\t\t\t\t\t<span class=\"elementor-button-text\">Participantes<\/span>\n\t\t\t\t\t<\/span>\n\t\t\t\t\t<\/a>\n\t\t\t\t\t\t\t\t<\/div>\n\t\t\t\t<\/div>\n\t\t<div class=\"elementor-element elementor-element-2a1644b e-con-full e-flex e-con e-child\" data-id=\"2a1644b\" data-element_type=\"container\" data-e-type=\"container\">\n\t\t\t\t<div class=\"elementor-element elementor-element-c6c7e61 elementor-align-justify elementor-widget elementor-widget-button\" data-id=\"c6c7e61\" data-element_type=\"widget\" data-e-type=\"widget\" data-widget_type=\"button.default\">\n\t\t\t\t\t\t\t\t\t\t<a class=\"elementor-button elementor-button-link elementor-size-sm\" href=\"https:\/\/goias.gov.br\/controladoria\/wp-content\/uploads\/sites\/31\/2025\/08\/Termo-de-Adesao-\u2014-Focco-GO-1.pdf\" target=\"_blank\">\n\t\t\t\t\t\t<span class=\"elementor-button-content-wrapper\">\n\t\t\t\t\t\t\t\t\t<span class=\"elementor-button-text\">Termo de Ades\u00e3o<\/span>\n\t\t\t\t\t<\/span>\n\t\t\t\t\t<\/a>\n\t\t\t\t\t\t\t\t<\/div>\n\t\t\t\t<\/div>\n\t\t\t\t\t<\/div>\n\t\t\t\t<\/div>\n\t\t<div class=\"elementor-element elementor-element-9406c9a e-flex e-con-boxed e-con e-parent\" data-id=\"9406c9a\" data-element_type=\"container\" data-e-type=\"container\">\n\t\t\t\t\t<div class=\"e-con-inner\">\n\t\t<div class=\"elementor-element elementor-element-113c980 e-con-full e-flex e-con e-child\" data-id=\"113c980\" data-element_type=\"container\" data-e-type=\"container\">\n\t\t\t\t<div class=\"elementor-element elementor-element-f2699ae elementor-align-justify elementor-widget elementor-widget-button\" data-id=\"f2699ae\" data-element_type=\"widget\" data-e-type=\"widget\" data-widget_type=\"button.default\">\n\t\t\t\t\t\t\t\t\t\t<a class=\"elementor-button elementor-button-link elementor-size-sm\" href=\"https:\/\/goias.gov.br\/controladoria\/wp-content\/uploads\/sites\/31\/2025\/08\/Termo-de-Compromisso-e-Cooperacao-\u2014-Focco-GO-2.pdf\" target=\"_blank\">\n\t\t\t\t\t\t<span class=\"elementor-button-content-wrapper\">\n\t\t\t\t\t\t\t\t\t<span class=\"elementor-button-text\">Termo de Coopera\u00e7\u00e3o<\/span>\n\t\t\t\t\t<\/span>\n\t\t\t\t\t<\/a>\n\t\t\t\t\t\t\t\t<\/div>\n\t\t\t\t<\/div>\n\t\t<div class=\"elementor-element elementor-element-eed92e1 e-con-full e-flex e-con e-child\" data-id=\"eed92e1\" data-element_type=\"container\" data-e-type=\"container\">\n\t\t\t\t<div class=\"elementor-element elementor-element-27266e7 elementor-align-justify elementor-widget elementor-widget-button\" data-id=\"27266e7\" data-element_type=\"widget\" data-e-type=\"widget\" data-widget_type=\"button.default\">\n\t\t\t\t\t\t\t\t\t\t<a class=\"elementor-button elementor-button-link elementor-size-sm\" href=\"https:\/\/goias.gov.br\/controladoria\/wp-content\/uploads\/sites\/31\/2025\/08\/SEI_202311867001778-2.pdf\" target=\"_blank\">\n\t\t\t\t\t\t<span class=\"elementor-button-content-wrapper\">\n\t\t\t\t\t\t\t\t\t<span class=\"elementor-button-text\">Atas das Reuni\u00f5es<\/span>\n\t\t\t\t\t<\/span>\n\t\t\t\t\t<\/a>\n\t\t\t\t\t\t\t\t<\/div>\n\t\t\t\t<\/div>\n\t\t<div class=\"elementor-element elementor-element-e94d064 e-con-full e-flex e-con e-child\" data-id=\"e94d064\" data-element_type=\"container\" data-e-type=\"container\">\n\t\t\t\t<div class=\"elementor-element elementor-element-182c17a elementor-align-justify elementor-widget elementor-widget-button\" data-id=\"182c17a\" data-element_type=\"widget\" data-e-type=\"widget\" data-widget_type=\"button.default\">\n\t\t\t\t\t\t\t\t\t\t<a class=\"elementor-button elementor-button-link elementor-size-sm\" href=\"https:\/\/goias.gov.br\/controladoria\/wp-content\/uploads\/sites\/31\/2025\/08\/Protocolo-de-Intencoes-minuta.pdf\" target=\"_blank\">\n\t\t\t\t\t\t<span class=\"elementor-button-content-wrapper\">\n\t\t\t\t\t\t\t\t\t<span class=\"elementor-button-text\">Protocolo de Inten\u00e7\u00e3o<\/span>\n\t\t\t\t\t<\/span>\n\t\t\t\t\t<\/a>\n\t\t\t\t\t\t\t\t<\/div>\n\t\t\t\t<\/div>\n\t\t\t\t\t<\/div>\n\t\t\t\t<\/div>\n\t\t<div class=\"elementor-element elementor-element-21734ca e-flex e-con-boxed e-con e-parent\" data-id=\"21734ca\" data-element_type=\"container\" data-e-type=\"container\">\n\t\t\t\t\t<div class=\"e-con-inner\">\n\t\t\t\t<div class=\"elementor-element elementor-element-4ddcb20 elementor-widget elementor-widget-text-editor\" data-id=\"4ddcb20\" data-element_type=\"widget\" data-e-type=\"widget\" data-widget_type=\"text-editor.default\">\n\t\t\t\t\t\t\t\t\t<p style=\"text-align: left;\"><span style=\"font-size: 18pt;\"><b>\u00daltimas not\u00edcias:<\/b><\/span><\/p>\t\t\t\t\t\t\t\t<\/div>\n\t\t<div class=\"elementor-element elementor-element-5a655c6 e-con-full e-flex e-con e-child\" data-id=\"5a655c6\" data-element_type=\"container\" data-e-type=\"container\">\n\t\t\t\t<div class=\"elementor-element elementor-element-0705ec2 elementor-widget elementor-widget-shortcode\" data-id=\"0705ec2\" data-element_type=\"widget\" data-e-type=\"widget\" data-widget_type=\"shortcode.default\">\n\t\t\t\t\t\t\t<div class=\"elementor-shortcode\"><style type='text\/css' media='all'>#rt-tpg-container-1568970316 .rt-holder .rt-woo-info .price{color:#0367bf;}body .rt-tpg-container .rt-tpg-isotope-buttons .selected,\n\t\t\t\t\t#rt-tpg-container-1568970316 .layout12 .rt-holder:hover .rt-detail,\n\t\t\t\t\t#rt-tpg-container-1568970316 .isotope8 .rt-holder:hover .rt-detail,\n\t\t\t\t\t#rt-tpg-container-1568970316 .carousel8 .rt-holder:hover .rt-detail,\n\t\t\t\t\t#rt-tpg-container-1568970316 .layout13 .rt-holder .overlay .post-info,\n\t\t\t\t\t#rt-tpg-container-1568970316 .isotope9 .rt-holder .overlay .post-info,\n\t\t\t\t\t#rt-tpg-container-1568970316.rt-tpg-container .layout4 .rt-holder .rt-detail,\n\t\t\t\t\t.rt-modal-1568970316 .md-content,\n\t\t\t\t\t.rt-modal-1568970316 .md-content > .rt-md-content-holder .rt-md-content,\n\t\t\t\t\t.rt-popup-wrap-1568970316.rt-popup-wrap .rt-popup-navigation-wrap,\n\t\t\t\t\t#rt-tpg-container-1568970316 .carousel9 .rt-holder .overlay .post-info{background-color:#0367bf;}#rt-tpg-container-1568970316 .layout5 .rt-holder .overlay, #rt-tpg-container-1568970316 .isotope2 .rt-holder .overlay, #rt-tpg-container-1568970316 .carousel2 .rt-holder .overlay,#rt-tpg-container-1568970316 .layout15 .rt-holder h3, #rt-tpg-container-1568970316 .isotope11 .rt-holder h3, #rt-tpg-container-1568970316 .carousel11 .rt-holder h3, #rt-tpg-container-1568970316 .layout16 .rt-holder h3,\n\t\t\t\t\t#rt-tpg-container-1568970316 .isotope12 .rt-holder h3, #rt-tpg-container-1568970316 .carousel12 .rt-holder h3 {background-color:rgba(3,103,191,0.8);}#rt-tpg-container-1568970316 .read-more a{border-radius:px;}#rt-tpg-container-1568970316.rt-tpg-container {margin:20px;}#rt-tpg-container-1568970316.rt-tpg-container {padding:20px;}#rt-tpg-container-1568970316 .tpg-widget-heading-wrapper {margin:20px;}#rt-tpg-container-1568970316 .tpg-widget-heading-wrapper .tpg-widget-heading {padding:20px;}#rt-tpg-container-1568970316 .rt-img-holder img.rt-img-responsive,#rt-tpg-container-1568970316 .rt-img-holder,\n\t\t\t\t\t#rt-tpg-container-1568970316 .rt-post-overlay .post-img,\n\t\t\t\t\t#rt-tpg-container-1568970316 .post-sm .post-img,\n\t\t\t\t\t#rt-tpg-container-1568970316 .rt-post-grid .post-img,\n\t\t\t\t\t#rt-tpg-container-1568970316 .post-img img {border-radius:px;}#rt-tpg-container-1568970316 .layout1 .rt-holder h2.entry-title,\n\t\t\t\t\t#rt-tpg-container-1568970316 .layout1 .rt-holder h3.entry-title,\n\t\t\t\t\t#rt-tpg-container-1568970316 .layout1 .rt-holder h4.entry-title,\n\t\t\t\t\t#rt-tpg-container-1568970316 .layout1 .rt-holder h2.entry-title a,\n\t\t\t\t\t#rt-tpg-container-1568970316 .layout1 .rt-holder h3.entry-title a,\n\t\t\t\t\t#rt-tpg-container-1568970316 .layout1 .rt-holder h4.entry-title a,\n\t\t\t\t\t#rt-tpg-container-1568970316 .rt-holder .rt-woo-info h2 a,\n\t\t\t\t\t#rt-tpg-container-1568970316 .rt-holder .rt-woo-info h3 a,\n\t\t\t\t\t#rt-tpg-container-1568970316 .rt-holder .rt-woo-info h4 a,\n\t\t\t\t\t#rt-tpg-container-1568970316 .post-content .post-title,\n\t\t\t\t\t#rt-tpg-container-1568970316 .rt-post-grid .post-title,\n\t\t\t\t\t#rt-tpg-container-1568970316 .rt-post-grid .post-title a,\n\t\t\t\t\t#rt-tpg-container-1568970316 .post-content .post-title a,\n\t\t\t\t\t#rt-tpg-container-1568970316 .rt-holder .rt-woo-info h2,\n\t\t\t\t\t#rt-tpg-container-1568970316 .rt-holder .rt-woo-info h3,\n\t\t\t\t\t#rt-tpg-container-1568970316 .rt-holder .rt-woo-info h4{font-size:18px;line-height:28px;font-weight:bold;text-align:left;}#rt-tpg-container-1568970316 .post-grid-lg-style-1 .post-title,\n\t\t\t\t\t\t#rt-tpg-container-1568970316 .post-grid-lg-style-1 .post-title a,\n\t\t\t\t\t\t#rt-tpg-container-1568970316 .big-layout .post-title,\n\t\t\t\t\t\t#rt-tpg-container-1568970316 .big-layout .post-title a,\n\t\t\t\t\t\t#rt-tpg-container-1568970316 .post-grid-lg-style-1 .post-title,\n\t\t\t\t\t\t#rt-tpg-container-1568970316 .post-grid-lg-style-1 .post-title a {font-size:26px;line-height:36px;}<\/style><div class='rt-container-fluid rt-tpg-container tpg-shortcode-main-wrapper ' id='rt-tpg-container-1568970316'   data-layout='layout1' data-grid-style='even' data-desktop-col='3'  data-tab-col='2'  data-mobile-col='1' data-sc-id='158770'><div data-title='Loading ...' class='rt-row rt-content-loader   layout1 tpg-even '><div class=\"rt-col-md-4 rt-col-sm-6 rt-col-xs-12 even-grid-item rt-grid-item\" data-id=\"234913\"><div class=\"rt-holder\"><div class=\"rt-img-holder\"><a data-id=\"234913\" class=\"\" href=\"https:\/\/goias.gov.br\/controladoria\/focco-go-inicia-2026-com-definicao-de-metas-e-integracao-de-projetos-estrategicos\/\"><img fetchpriority=\"high\" decoding=\"async\" width=\"600\" height=\"450\" src=\"https:\/\/goias.gov.br\/controladoria\/wp-content\/uploads\/sites\/31\/2026\/01\/WhatsApp-Image-2026-01-26-at-09.45.43-600x450.jpeg\" class=\"rt-img-responsive \" alt=\"\" \/><\/a><\/div><div class='rt-detail'><h4 class=\"entry-title\"><a data-id=\"234913\" class=\"\" href=\"https:\/\/goias.gov.br\/controladoria\/focco-go-inicia-2026-com-definicao-de-metas-e-integracao-de-projetos-estrategicos\/\">FOCCO-GO\u00a0inicia 2026 com defini\u00e7\u00e3o de metas e integra\u00e7\u00e3o de projetos estrat\u00e9gicos\u00a0<\/a><\/h4><div class='post-meta-user  '><span class='date'><i class='far fa-calendar-alt '><\/i>26 de janeiro de 2026<\/span><\/div><div class='post-meta left'><span class='read-more'><a data-id='234913' class='' href='https:\/\/goias.gov.br\/controladoria\/focco-go-inicia-2026-com-definicao-de-metas-e-integracao-de-projetos-estrategicos\/'>Saiba mais<\/a><\/span><\/div><\/div><\/div><\/div><div class=\"rt-col-md-4 rt-col-sm-6 rt-col-xs-12 even-grid-item rt-grid-item\" data-id=\"204197\"><div class=\"rt-holder\"><div class=\"rt-img-holder\"><a data-id=\"204197\" class=\"\" href=\"https:\/\/goias.gov.br\/controladoria\/forum-goiano-de-combate-a-corrupcao-debate-maneiras-de-se-aproximar-da-sociedade\/\"><img decoding=\"async\" width=\"600\" height=\"450\" src=\"https:\/\/goias.gov.br\/controladoria\/wp-content\/uploads\/sites\/31\/2025\/10\/WhatsApp-Image-2025-10-17-at-15.30.24-600x450.jpeg\" class=\"rt-img-responsive \" alt=\"\" \/><\/a><\/div><div class='rt-detail'><h4 class=\"entry-title\"><a data-id=\"204197\" class=\"\" href=\"https:\/\/goias.gov.br\/controladoria\/forum-goiano-de-combate-a-corrupcao-debate-maneiras-de-se-aproximar-da-sociedade\/\">F\u00f3rum Goiano de Combate \u00e0 Corrup\u00e7\u00e3o debate maneiras de se aproximar da sociedade\u00a0<\/a><\/h4><div class='post-meta-user  '><span class='date'><i class='far fa-calendar-alt '><\/i>20 de outubro de 2025<\/span><\/div><div class='post-meta left'><span class='read-more'><a data-id='204197' class='' href='https:\/\/goias.gov.br\/controladoria\/forum-goiano-de-combate-a-corrupcao-debate-maneiras-de-se-aproximar-da-sociedade\/'>Saiba mais<\/a><\/span><\/div><\/div><\/div><\/div><div class=\"rt-col-md-4 rt-col-sm-6 rt-col-xs-12 even-grid-item rt-grid-item\" data-id=\"146892\"><div class=\"rt-holder\"><div class=\"rt-img-holder\"><a data-id=\"146892\" class=\"\" href=\"https:\/\/goias.gov.br\/controladoria\/focco-alinha-estrategias-e-define-metas-para-novo-mandato-da-cge\/\"><img decoding=\"async\" width=\"600\" height=\"450\" src=\"https:\/\/goias.gov.br\/controladoria\/wp-content\/uploads\/sites\/31\/2025\/08\/WhatsApp-Image-2025-08-08-at-14.24.54-1-1-600x450.jpeg\" class=\"rt-img-responsive \" alt=\"\" \/><\/a><\/div><div class='rt-detail'><h4 class=\"entry-title\"><a data-id=\"146892\" class=\"\" href=\"https:\/\/goias.gov.br\/controladoria\/focco-alinha-estrategias-e-define-metas-para-novo-mandato-da-cge\/\">FOCCO alinha estrat\u00e9gias e define metas para novo mandato da CGE\u00a0<\/a><\/h4><div class='post-meta-user  '><span class='date'><i class='far fa-calendar-alt '><\/i>11 de agosto de 2025<\/span><\/div><div class='post-meta left'><span class='read-more'><a data-id='146892' class='' href='https:\/\/goias.gov.br\/controladoria\/focco-alinha-estrategias-e-define-metas-para-novo-mandato-da-cge\/'>Saiba mais<\/a><\/span><\/div><\/div><\/div><\/div><\/div><\/div><\/div>\n\t\t\t\t\t\t<\/div>\n\t\t\t\t<\/div>\n\t\t\t\t\t<\/div>\n\t\t\t\t<\/div>\n\t\t\t\t<\/div>\n\t\t","protected":false},"excerpt":{"rendered":"<p>O F\u00f3rum Permanente de Combate \u00e0 Corrup\u00e7\u00e3o no Estado de Goi\u00e1s (Focco-GO) \u00e9 um colegiado interinstitucional criado em 2009, a partir da ades\u00e3o do Estado \u00e0 Rede de Controle da Gest\u00e3o P\u00fablica. Re\u00fane \u00f3rg\u00e3os de controle, institui\u00e7\u00f5es de justi\u00e7a, entidades representativas da sociedade civil e universidades, com o objetivo de fortalecer a coopera\u00e7\u00e3o entre as [&hellip;]<\/p>\n","protected":false},"author":657,"featured_media":0,"parent":0,"menu_order":0,"comment_status":"closed","ping_status":"closed","template":"","meta":{"footnotes":""},"class_list":["post-150560","page","type-page","status-publish","hentry"],"rttpg_featured_image_url":null,"rttpg_author":{"display_name":"anamorais","author_link":"https:\/\/goias.gov.br\/controladoria\/author\/anamorais\/"},"rttpg_comment":0,"rttpg_category":"","rttpg_excerpt":"O F\u00f3rum Permanente de Combate \u00e0 Corrup\u00e7\u00e3o no Estado de Goi\u00e1s (Focco-GO) \u00e9 um colegiado interinstitucional criado em 2009, a partir da ades\u00e3o do Estado \u00e0 Rede de Controle da Gest\u00e3o P\u00fablica. Re\u00fane \u00f3rg\u00e3os de controle, institui\u00e7\u00f5es de justi\u00e7a, entidades representativas da sociedade civil e universidades, com o objetivo de fortalecer a coopera\u00e7\u00e3o entre as&hellip;","_links":{"self":[{"href":"https:\/\/goias.gov.br\/controladoria\/wp-json\/wp\/v2\/pages\/150560","targetHints":{"allow":["GET"]}}],"collection":[{"href":"https:\/\/goias.gov.br\/controladoria\/wp-json\/wp\/v2\/pages"}],"about":[{"href":"https:\/\/goias.gov.br\/controladoria\/wp-json\/wp\/v2\/types\/page"}],"author":[{"embeddable":true,"href":"https:\/\/goias.gov.br\/controladoria\/wp-json\/wp\/v2\/users\/657"}],"replies":[{"embeddable":true,"href":"https:\/\/goias.gov.br\/controladoria\/wp-json\/wp\/v2\/comments?post=150560"}],"version-history":[{"count":3,"href":"https:\/\/goias.gov.br\/controladoria\/wp-json\/wp\/v2\/pages\/150560\/revisions"}],"predecessor-version":[{"id":219665,"href":"https:\/\/goias.gov.br\/controladoria\/wp-json\/wp\/v2\/pages\/150560\/revisions\/219665"}],"wp:attachment":[{"href":"https:\/\/goias.gov.br\/controladoria\/wp-json\/wp\/v2\/media?parent=150560"}],"curies":[{"name":"wp","href":"https:\/\/api.w.org\/{rel}","templated":true}]}}